{"id":19744,"date":"2023-11-01T14:37:57","date_gmt":"2023-11-01T11:37:57","guid":{"rendered":"https:\/\/mountainguides.pro\/?post_type=product&#038;p=19744"},"modified":"2026-04-06T17:33:35","modified_gmt":"2026-04-06T14:33:35","slug":"safari-tanzania","status":"publish","type":"product","link":"https:\/\/mountainguides.pro\/ar\/tours\/safari\/safari-tanzania\/","title":{"rendered":"\u062c\u0648\u0644\u0629 \u062a\u0646\u0632\u0627\u0646\u064a\u0627: \u0631\u062d\u0644\u0627\u062a \u0627\u0644\u0633\u0641\u0627\u0631\u064a \u0633\u064a\u0631\u064a\u0646\u062c\u064a\u062a\u064a \u0648\u0646\u062c\u0648\u0631\u0648\u0646\u062c\u0648\u0631\u0648 \u0648\u062a\u0627\u0631\u0627\u0646\u062c\u064a\u0631\u064a"},"content":{"rendered":"","protected":false},"excerpt":{"rendered":"<ul>\n<li class=\"p1\" dir=\"rtl\">\u0645\u063a\u0627\u0645\u0631\u0629 \u0633\u0641\u0627\u0631\u064a \u0628\u0633\u064a\u0627\u0631\u0627\u062a \u0627\u0644\u062c\u064a\u0628 \u0645\u0639 \u0633\u0627\u0626\u0642\u064a\u0646 \u0645\u062d\u062a\u0631\u0641\u064a\u0646 \u0630\u0648\u064a \u062e\u0628\u0631\u0629<\/li>\n<li class=\"p1\" dir=\"rtl\">\u0633\u0646\u0633\u062a\u0643\u0634\u0641 \u0645\u0646\u062a\u0632\u0647 \u0633\u064a\u0631\u064a\u0646\u063a\u064a\u062a\u064a \u0627\u0644\u0648\u0637\u0646\u064a \u0627\u0644\u063a\u0646\u064a \u0628\u0627\u0644\u062d\u064a\u0627\u0629 \u0627\u0644\u0628\u0631\u064a\u0629<\/li>\n<li class=\"p1\" dir=\"rtl\">\u0633\u0646\u0642\u064a\u0645 \u0641\u064a \u0645\u062e\u064a\u0645\u0627\u062a \u0633\u0641\u0627\u0631\u064a \u0641\u0627\u062e\u0631\u0629 \u062a\u0642\u0644\u064a\u062f\u064a\u0629<\/li>\n<li class=\"p1\" dir=\"rtl\">\u0633\u0646\u062d\u0627\u0648\u0644 \u0645\u0634\u0627\u0647\u062f\u0629 \u062c\u0645\u064a\u0639 \u0623\u0641\u0631\u0627\u062f \u00ab\u0627\u0644\u062e\u0645\u0633\u0629 \u0627\u0644\u0643\u0628\u0627\u0631\u00bb \u0641\u064a \u0641\u0648\u0647\u0629 \u0646\u063a\u0648\u0631\u0648\u0646\u063a\u0648\u0631\u0648<\/li>\n<li class=\"p1\" dir=\"rtl\">\u0633\u0646\u0644\u0645\u0633 \u0639\u0646 \u0642\u0631\u0628 \u0627\u0644\u0631\u0648\u062d \u0627\u0644\u0625\u0641\u0631\u064a\u0642\u064a\u0629 \u0627\u0644\u0623\u0635\u064a\u0644\u0629<\/li>\n<li class=\"p1\" dir=\"rtl\">\u0633\u0646\u0631\u0627\u0642\u0628 \u0642\u0637\u0639\u0627\u0646 \u0627\u0644\u0641\u064a\u0644\u0629 \u0641\u064a \u0645\u0646\u062a\u0632\u0647 \u062a\u0627\u0631\u0646\u062c\u064a\u0631\u064a<\/li>\n<\/ul>\n<p class=\"p1\" dir=\"rtl\"><strong>\u0646\u0644\u0641\u062a \u0639\u0646\u0627\u064a\u062a\u0643\u0645 \u0625\u0644\u0649 \u0623\u0646 \u0634\u0631\u0643\u062a\u0646\u0627 \u0644\u0627 \u062a\u0639\u0645\u0644 \u0641\u064a \u0645\u062c\u0627\u0644 \u0634\u0631\u0627\u0621 \u0623\u0648 \u0628\u064a\u0639 \u062a\u0630\u0627\u0643\u0631 \u0627\u0644\u0637\u064a\u0631\u0627\u0646 \u0623\u0648 \u0627\u0633\u062a\u062e\u0631\u0627\u062c \u0627\u0644\u062a\u0623\u0634\u064a\u0631\u0627\u062a\u060c \u0648\u0628\u0627\u0644\u062a\u0627\u0644\u064a \u0644\u0627 \u062a\u062a\u062d\u0645\u0644 \u0623\u064a \u0645\u0633\u0624\u0648\u0644\u064a\u0629 \u0639\u0646 \u062d\u0627\u0644\u0627\u062a \u0627\u0644\u0642\u0648\u0629 \u0627\u0644\u0642\u0627\u0647\u0631\u0629 \u0627\u0644\u0645\u0631\u062a\u0628\u0637\u0629 \u0628\u0627\u0644\u0631\u062d\u0644\u0627\u062a \u0627\u0644\u062c\u0648\u064a\u0629 \u0623\u0648 \u0639\u0628\u0648\u0631 \u0627\u0644\u062d\u062f\u0648\u062f.<\/strong><\/p>\n<p class=\"p1\" dir=\"rtl\"><strong>\u0641\u064a \u0625\u0641\u0631\u064a\u0642\u064a\u0627 \u062a\u0648\u062c\u062f \u0635\u0639\u0648\u0628\u0627\u062a \u0641\u064a \u062a\u0628\u062f\u064a\u0644 \u0627\u0644\u0641\u0626\u0627\u062a \u0627\u0644\u0635\u063a\u064a\u0631\u0629\u060c \u0627\u0644\u0645\u062a\u0622\u0643\u0644\u0629 \u0623\u0648 \u0627\u0644\u0642\u062f\u064a\u0645\u0629 \u0645\u0646 \u0623\u0648\u0631\u0627\u0642 \u0627\u0644\u062f\u0648\u0644\u0627\u0631 (\u0627\u0644\u0635\u0627\u062f\u0631\u0629 \u0642\u0628\u0644 \u0639\u0627\u0645 2009)\u060c \u064a\u0631\u062c\u0649 \u0623\u062e\u0630 \u0630\u0644\u0643 \u0628\u0639\u064a\u0646 \u0627\u0644\u0627\u0639\u062a\u0628\u0627\u0631. \u0641\u064a \u0628\u0639\u0636 \u0627\u0644\u0623\u0645\u0627\u0643\u0646 \u064a\u062a\u0645 \u0641\u0631\u0636 \u0639\u0645\u0648\u0644\u0629 \u0625\u0636\u0627\u0641\u064a\u0629\u060c \u0648\u0641\u064a \u0623\u0645\u0627\u0643\u0646 \u0623\u062e\u0631\u0649 \u0642\u062f \u064a\u062a\u0645 \u0631\u0641\u0636 \u0627\u0644\u0635\u0631\u0641.<\/strong><\/p>\n","protected":false},"featured_media":19746,"comment_status":"closed","ping_status":"closed","template":"","meta":{"_acf_changed":false,"footnotes":""},"product_cat":[339,318,343],"product_tag":[],"class_list":{"0":"post-19744","1":"product","2":"type-product","3":"status-publish","4":"has-post-thumbnail","6":"product_cat-adventure-africa","7":"product_cat-safari","8":"product_cat-safari-africa","10":"first","11":"instock","12":"shipping-taxable","13":"purchasable","14":"product-type-simple"},"acf":[],"yoast_head":"<!-- This site is optimized with the Yoast SEO Premium plugin v26.5 (Yoast SEO v27.3) - https:\/\/yoast.com\/product\/yoast-seo-premium-wordpress\/ -->\n<title>Safari Tanzania<\/title>\n<meta name=\"robots\" content=\"index, follow, max-snippet:-1, max-image-preview:large, max-video-preview:-1\" \/>\n<link rel=\"canonical\" href=\"https:\/\/mountainguides.pro\/ar\/tours\/safari\/safari-tanzania\/\" \/>\n<meta property=\"og:locale\" content=\"ar_AR\" \/>\n<meta property=\"og:locale:alternate\" content=\"en_US\" \/>\n<meta property=\"og:locale:alternate\" content=\"ru_RU\" \/>\n<meta property=\"og:locale:alternate\" content=\"de\" \/>\n<meta property=\"og:locale:alternate\" content=\"es\" \/>\n<meta property=\"og:locale:alternate\" content=\"pt\" \/>\n<meta property=\"og:locale:alternate\" content=\"zh\" \/>\n<meta property=\"og:locale:alternate\" content=\"ko\" \/>\n<meta property=\"og:locale:alternate\" content=\"ja\" \/>\n<meta property=\"og:locale:alternate\" content=\"hi\" \/>\n<meta property=\"og:type\" content=\"article\" \/>\n<meta property=\"og:title\" content=\"\u062c\u0648\u0644\u0629 \u062a\u0646\u0632\u0627\u0646\u064a\u0627: \u0631\u062d\u0644\u0627\u062a \u0627\u0644\u0633\u0641\u0627\u0631\u064a \u0633\u064a\u0631\u064a\u0646\u062c\u064a\u062a\u064a \u0648\u0646\u062c\u0648\u0631\u0648\u0646\u062c\u0648\u0631\u0648 \u0648\u062a\u0627\u0631\u0627\u0646\u062c\u064a\u0631\u064a\" \/>\n<meta property=\"og:description\" content=\"\u0645\u063a\u0627\u0645\u0631\u0629 \u0633\u0641\u0627\u0631\u064a \u0628\u0633\u064a\u0627\u0631\u0627\u062a \u0627\u0644\u062c\u064a\u0628 \u0645\u0639 \u0633\u0627\u0626\u0642\u064a\u0646 \u0645\u062d\u062a\u0631\u0641\u064a\u0646 \u0630\u0648\u064a \u062e\u0628\u0631\u0629  \u0633\u0646\u0633\u062a\u0643\u0634\u0641 \u0645\u0646\u062a\u0632\u0647 \u0633\u064a\u0631\u064a\u0646\u063a\u064a\u062a\u064a \u0627\u0644\u0648\u0637\u0646\u064a \u0627\u0644\u063a\u0646\u064a \u0628\u0627\u0644\u062d\u064a\u0627\u0629 \u0627\u0644\u0628\u0631\u064a\u0629  \u0633\u0646\u0642\u064a\u0645 \u0641\u064a \u0645\u062e\u064a\u0645\u0627\u062a \u0633\u0641\u0627\u0631\u064a \u0641\u0627\u062e\u0631\u0629 \u062a\u0642\u0644\u064a\u062f\u064a\u0629  \u0633\u0646\u062d\u0627\u0648\u0644 \u0645\u0634\u0627\u0647\u062f\u0629 \u062c\u0645\u064a\u0639 \u0623\u0641\u0631\u0627\u062f \u00ab\u0627\u0644\u062e\u0645\u0633\u0629 \u0627\u0644\u0643\u0628\u0627\u0631\u00bb \u0641\u064a \u0641\u0648\u0647\u0629 \u0646\u063a\u0648\u0631\u0648\u0646\u063a\u0648\u0631\u0648  \u0633\u0646\u0644\u0645\u0633 \u0639\u0646 \u0642\u0631\u0628 \u0627\u0644\u0631\u0648\u062d \u0627\u0644\u0625\u0641\u0631\u064a\u0642\u064a\u0629 \u0627\u0644\u0623\u0635\u064a\u0644\u0629  \u0633\u0646\u0631\u0627\u0642\u0628 \u0642\u0637\u0639\u0627\u0646 \u0627\u0644\u0641\u064a\u0644\u0629 \u0641\u064a \u0645\u0646\u062a\u0632\u0647 \u062a\u0627\u0631\u0646\u062c\u064a\u0631\u064a  \u0646\u0644\u0641\u062a \u0639\u0646\u0627\u064a\u062a\u0643\u0645 \u0625\u0644\u0649 \u0623\u0646 \u0634\u0631\u0643\u062a\u0646\u0627 \u0644\u0627 \u062a\u0639\u0645\u0644 \u0641\u064a \u0645\u062c\u0627\u0644 \u0634\u0631\u0627\u0621 \u0623\u0648 \u0628\u064a\u0639 \u062a\u0630\u0627\u0643\u0631 \u0627\u0644\u0637\u064a\u0631\u0627\u0646 \u0623\u0648 \u0627\u0633\u062a\u062e\u0631\u0627\u062c \u0627\u0644\u062a\u0623\u0634\u064a\u0631\u0627\u062a\u060c \u0648\u0628\u0627\u0644\u062a\u0627\u0644\u064a \u0644\u0627 \u062a\u062a\u062d\u0645\u0644 \u0623\u064a \u0645\u0633\u0624\u0648\u0644\u064a\u0629 \u0639\u0646 \u062d\u0627\u0644\u0627\u062a \u0627\u0644\u0642\u0648\u0629 \u0627\u0644\u0642\u0627\u0647\u0631\u0629 \u0627\u0644\u0645\u0631\u062a\u0628\u0637\u0629 \u0628\u0627\u0644\u0631\u062d\u0644\u0627\u062a \u0627\u0644\u062c\u0648\u064a\u0629 \u0623\u0648 \u0639\u0628\u0648\u0631 \u0627\u0644\u062d\u062f\u0648\u062f. \u0641\u064a \u0625\u0641\u0631\u064a\u0642\u064a\u0627 \u062a\u0648\u062c\u062f \u0635\u0639\u0648\u0628\u0627\u062a \u0641\u064a \u062a\u0628\u062f\u064a\u0644 \u0627\u0644\u0641\u0626\u0627\u062a \u0627\u0644\u0635\u063a\u064a\u0631\u0629\u060c \u0627\u0644\u0645\u062a\u0622\u0643\u0644\u0629 \u0623\u0648 \u0627\u0644\u0642\u062f\u064a\u0645\u0629 \u0645\u0646 \u0623\u0648\u0631\u0627\u0642 \u0627\u0644\u062f\u0648\u0644\u0627\u0631 (\u0627\u0644\u0635\u0627\u062f\u0631\u0629 \u0642\u0628\u0644 \u0639\u0627\u0645 2009)\u060c \u064a\u0631\u062c\u0649 \u0623\u062e\u0630 \u0630\u0644\u0643 \u0628\u0639\u064a\u0646 \u0627\u0644\u0627\u0639\u062a\u0628\u0627\u0631. \u0641\u064a \u0628\u0639\u0636 \u0627\u0644\u0623\u0645\u0627\u0643\u0646 \u064a\u062a\u0645 \u0641\u0631\u0636 \u0639\u0645\u0648\u0644\u0629 \u0625\u0636\u0627\u0641\u064a\u0629\u060c \u0648\u0641\u064a \u0623\u0645\u0627\u0643\u0646 \u0623\u062e\u0631\u0649 \u0642\u062f \u064a\u062a\u0645 \u0631\u0641\u0636 \u0627\u0644\u0635\u0631\u0641.\" \/>\n<meta property=\"og:url\" content=\"https:\/\/mountainguides.pro\/ar\/tours\/safari\/safari-tanzania\/\" \/>\n<meta property=\"og:site_name\" content=\"Mountain Guide\" \/>\n<meta property=\"article:publisher\" content=\"https:\/\/www.facebook.com\/Mountainguide-232956566756831\/\" \/>\n<meta property=\"article:modified_time\" content=\"2026-04-06T14:33:35+00:00\" \/>\n<meta property=\"og:image\" content=\"https:\/\/mountainguides.pro\/wp-content\/uploads\/2023\/11\/Safari-Tanzaniya.jpg\" \/>\n\t<meta property=\"og:image:width\" content=\"1599\" \/>\n\t<meta property=\"og:image:height\" content=\"1197\" \/>\n\t<meta property=\"og:image:type\" content=\"image\/jpeg\" \/>\n<meta name=\"twitter:card\" content=\"summary_large_image\" \/>\n<meta name=\"twitter:site\" content=\"@Wintercyclone\" \/>\n<meta name=\"twitter:label1\" content=\"\u0648\u0642\u062a \u0627\u0644\u0642\u0631\u0627\u0621\u0629 \u0627\u0644\u0645\u064f\u0642\u062f\u0651\u0631\" \/>\n\t<meta name=\"twitter:data1\" content=\"\u062f\u0642\u064a\u0642\u0629 \u0648\u0627\u062d\u062f\u0629\" \/>\n<script type=\"application\/ld+json\" class=\"yoast-schema-graph\">{\"@context\":\"https:\\\/\\\/schema.org\",\"@graph\":[{\"@type\":\"WebPage\",\"@id\":\"https:\\\/\\\/mountainguides.pro\\\/tours\\\/safari\\\/safari-tanzania\\\/\",\"url\":\"https:\\\/\\\/mountainguides.pro\\\/tours\\\/safari\\\/safari-tanzania\\\/\",\"name\":\"Safari Tanzania\",\"isPartOf\":{\"@id\":\"https:\\\/\\\/mountainguides.pro\\\/#website\"},\"primaryImageOfPage\":{\"@id\":\"https:\\\/\\\/mountainguides.pro\\\/tours\\\/safari\\\/safari-tanzania\\\/#primaryimage\"},\"image\":{\"@id\":\"https:\\\/\\\/mountainguides.pro\\\/tours\\\/safari\\\/safari-tanzania\\\/#primaryimage\"},\"thumbnailUrl\":\"https:\\\/\\\/mountainguides.pro\\\/wp-content\\\/uploads\\\/2023\\\/11\\\/Safari-Tanzaniya.jpg\",\"datePublished\":\"2023-11-01T11:37:57+00:00\",\"dateModified\":\"2026-04-06T14:33:35+00:00\",\"breadcrumb\":{\"@id\":\"https:\\\/\\\/mountainguides.pro\\\/tours\\\/safari\\\/safari-tanzania\\\/#breadcrumb\"},\"inLanguage\":\"ar\",\"potentialAction\":[{\"@type\":\"ReadAction\",\"target\":[\"https:\\\/\\\/mountainguides.pro\\\/tours\\\/safari\\\/safari-tanzania\\\/\"]}]},{\"@type\":\"ImageObject\",\"inLanguage\":\"ar\",\"@id\":\"https:\\\/\\\/mountainguides.pro\\\/tours\\\/safari\\\/safari-tanzania\\\/#primaryimage\",\"url\":\"https:\\\/\\\/mountainguides.pro\\\/wp-content\\\/uploads\\\/2023\\\/11\\\/Safari-Tanzaniya.jpg\",\"contentUrl\":\"https:\\\/\\\/mountainguides.pro\\\/wp-content\\\/uploads\\\/2023\\\/11\\\/Safari-Tanzaniya.jpg\",\"width\":1599,\"height\":1197},{\"@type\":\"BreadcrumbList\",\"@id\":\"https:\\\/\\\/mountainguides.pro\\\/tours\\\/safari\\\/safari-tanzania\\\/#breadcrumb\",\"itemListElement\":[{\"@type\":\"ListItem\",\"position\":1,\"name\":\"Home\",\"item\":\"https:\\\/\\\/mountainguides.pro\\\/de\\\/\"},{\"@type\":\"ListItem\",\"position\":2,\"name\":\"Safari Tanzania\"}]},{\"@type\":\"WebSite\",\"@id\":\"https:\\\/\\\/mountainguides.pro\\\/#website\",\"url\":\"https:\\\/\\\/mountainguides.pro\\\/\",\"name\":\"Mountain Guide\",\"description\":\"We aspire to be the first in everything!\",\"publisher\":{\"@id\":\"https:\\\/\\\/mountainguides.pro\\\/#organization\"},\"potentialAction\":[{\"@type\":\"SearchAction\",\"target\":{\"@type\":\"EntryPoint\",\"urlTemplate\":\"https:\\\/\\\/mountainguides.pro\\\/?s={search_term_string}\"},\"query-input\":{\"@type\":\"PropertyValueSpecification\",\"valueRequired\":true,\"valueName\":\"search_term_string\"}}],\"inLanguage\":\"ar\"},{\"@type\":\"Organization\",\"@id\":\"https:\\\/\\\/mountainguides.pro\\\/#organization\",\"name\":\"Mountain Guide\",\"url\":\"https:\\\/\\\/mountainguides.pro\\\/\",\"logo\":{\"@type\":\"ImageObject\",\"inLanguage\":\"ar\",\"@id\":\"https:\\\/\\\/mountainguides.pro\\\/#\\\/schema\\\/logo\\\/image\\\/\",\"url\":\"https:\\\/\\\/mountainguides.pro\\\/wp-content\\\/uploads\\\/2018\\\/01\\\/mglogo.jpg\",\"contentUrl\":\"https:\\\/\\\/mountainguides.pro\\\/wp-content\\\/uploads\\\/2018\\\/01\\\/mglogo.jpg\",\"width\":1200,\"height\":630,\"caption\":\"Mountain Guide\"},\"image\":{\"@id\":\"https:\\\/\\\/mountainguides.pro\\\/#\\\/schema\\\/logo\\\/image\\\/\"},\"sameAs\":[\"https:\\\/\\\/www.facebook.com\\\/Mountainguide-232956566756831\\\/\",\"https:\\\/\\\/x.com\\\/Wintercyclone\",\"http:\\\/\\\/instagram.com\\\/mountainguide\",\"http:\\\/\\\/www.youtube.com\\\/mountainguide\"]}]}<\/script>\n<!-- \/ Yoast SEO Premium plugin. -->","yoast_head_json":{"title":"Safari Tanzania","robots":{"index":"index","follow":"follow","max-snippet":"max-snippet:-1","max-image-preview":"max-image-preview:large","max-video-preview":"max-video-preview:-1"},"canonical":"https:\/\/mountainguides.pro\/ar\/tours\/safari\/safari-tanzania\/","og_locale":"ar_AR","og_type":"article","og_title":"[:en]Safari Tanzania[:de]Tour nach Tansania: Safaris in der Serengeti, in Ngorongoro und in Tarangira[:es]Tour a Tanzania: Safari en el Serengeti, Ngorongoro y Tarangira[:pt]Excurs\u00e3o \u00e0 Tanz\u00e2nia: safaris em Serengeti, Ngorongoro e Tarangira[:zh]\u5766\u6851\u5c3c\u4e9a\u4e4b\u65c5\uff1a\u585e\u4f26\u76d6\u8482\u3001\u6069\u6208\u7f57\u6069\u6208\u7f57\u548c\u5854\u5170\u5409\u96f7\u91ce\u751f\u52a8\u7269\u56ed[:ko]\ud0c4\uc790\ub2c8\uc544 \ud22c\uc5b4:\uc138\ub81d\uac8c\ud2f0,\uc751\uace0\ub871\uace0\ub85c,\ud0c0\ub791\uae30\ub808 \uc0ac\ud30c\ub9ac[:ja]\u30bf\u30f3\u30b6\u30cb\u30a2\u30c4\u30a2\u30fc\uff1a\u30bb\u30ec\u30f3\u30b2\u30c6\u30a3\u3001\u30f3\u30b4\u30ed\u30f3\u30b4\u30ed\u3001\u30bf\u30e9\u30f3\u30ae\u30ec\u30b5\u30d5\u30a1\u30ea[:hi]\u0924\u0902\u091c\u093e\u0928\u093f\u092f\u093e \u091f\u0942\u0930: \u0938\u0947\u0930\u0947\u0928\u094d\u0917\u0947\u091f\u0940, \u0928\u093e\u0917\u094b\u0930\u094b\u0902\u0917\u094b\u0930\u094b \u0914\u0930 \u0924\u0930\u0902\u0917\u0940\u0930 \u0938\u092b\u093e\u0930\u0940[:ar]\u062c\u0648\u0644\u0629 \u062a\u0646\u0632\u0627\u0646\u064a\u0627: \u0631\u062d\u0644\u0627\u062a \u0627\u0644\u0633\u0641\u0627\u0631\u064a \u0633\u064a\u0631\u064a\u0646\u062c\u064a\u062a\u064a \u0648\u0646\u062c\u0648\u0631\u0648\u0646\u062c\u0648\u0631\u0648 \u0648\u062a\u0627\u0631\u0627\u0646\u062c\u064a\u0631\u064a[:]","og_description":"\u0645\u063a\u0627\u0645\u0631\u0629 \u0633\u0641\u0627\u0631\u064a \u0628\u0633\u064a\u0627\u0631\u0627\u062a \u0627\u0644\u062c\u064a\u0628 \u0645\u0639 \u0633\u0627\u0626\u0642\u064a\u0646 \u0645\u062d\u062a\u0631\u0641\u064a\u0646 \u0630\u0648\u064a \u062e\u0628\u0631\u0629  \u0633\u0646\u0633\u062a\u0643\u0634\u0641 \u0645\u0646\u062a\u0632\u0647 \u0633\u064a\u0631\u064a\u0646\u063a\u064a\u062a\u064a \u0627\u0644\u0648\u0637\u0646\u064a \u0627\u0644\u063a\u0646\u064a \u0628\u0627\u0644\u062d\u064a\u0627\u0629 \u0627\u0644\u0628\u0631\u064a\u0629  \u0633\u0646\u0642\u064a\u0645 \u0641\u064a \u0645\u062e\u064a\u0645\u0627\u062a \u0633\u0641\u0627\u0631\u064a \u0641\u0627\u062e\u0631\u0629 \u062a\u0642\u0644\u064a\u062f\u064a\u0629  \u0633\u0646\u062d\u0627\u0648\u0644 \u0645\u0634\u0627\u0647\u062f\u0629 \u062c\u0645\u064a\u0639 \u0623\u0641\u0631\u0627\u062f \u00ab\u0627\u0644\u062e\u0645\u0633\u0629 \u0627\u0644\u0643\u0628\u0627\u0631\u00bb \u0641\u064a \u0641\u0648\u0647\u0629 \u0646\u063a\u0648\u0631\u0648\u0646\u063a\u0648\u0631\u0648  \u0633\u0646\u0644\u0645\u0633 \u0639\u0646 \u0642\u0631\u0628 \u0627\u0644\u0631\u0648\u062d \u0627\u0644\u0625\u0641\u0631\u064a\u0642\u064a\u0629 \u0627\u0644\u0623\u0635\u064a\u0644\u0629  \u0633\u0646\u0631\u0627\u0642\u0628 \u0642\u0637\u0639\u0627\u0646 \u0627\u0644\u0641\u064a\u0644\u0629 \u0641\u064a \u0645\u0646\u062a\u0632\u0647 \u062a\u0627\u0631\u0646\u062c\u064a\u0631\u064a  \u0646\u0644\u0641\u062a \u0639\u0646\u0627\u064a\u062a\u0643\u0645 \u0625\u0644\u0649 \u0623\u0646 \u0634\u0631\u0643\u062a\u0646\u0627 \u0644\u0627 \u062a\u0639\u0645\u0644 \u0641\u064a \u0645\u062c\u0627\u0644 \u0634\u0631\u0627\u0621 \u0623\u0648 \u0628\u064a\u0639 \u062a\u0630\u0627\u0643\u0631 \u0627\u0644\u0637\u064a\u0631\u0627\u0646 \u0623\u0648 \u0627\u0633\u062a\u062e\u0631\u0627\u062c \u0627\u0644\u062a\u0623\u0634\u064a\u0631\u0627\u062a\u060c \u0648\u0628\u0627\u0644\u062a\u0627\u0644\u064a \u0644\u0627 \u062a\u062a\u062d\u0645\u0644 \u0623\u064a \u0645\u0633\u0624\u0648\u0644\u064a\u0629 \u0639\u0646 \u062d\u0627\u0644\u0627\u062a \u0627\u0644\u0642\u0648\u0629 \u0627\u0644\u0642\u0627\u0647\u0631\u0629 \u0627\u0644\u0645\u0631\u062a\u0628\u0637\u0629 \u0628\u0627\u0644\u0631\u062d\u0644\u0627\u062a \u0627\u0644\u062c\u0648\u064a\u0629 \u0623\u0648 \u0639\u0628\u0648\u0631 \u0627\u0644\u062d\u062f\u0648\u062f. \u0641\u064a \u0625\u0641\u0631\u064a\u0642\u064a\u0627 \u062a\u0648\u062c\u062f \u0635\u0639\u0648\u0628\u0627\u062a \u0641\u064a \u062a\u0628\u062f\u064a\u0644 \u0627\u0644\u0641\u0626\u0627\u062a \u0627\u0644\u0635\u063a\u064a\u0631\u0629\u060c \u0627\u0644\u0645\u062a\u0622\u0643\u0644\u0629 \u0623\u0648 \u0627\u0644\u0642\u062f\u064a\u0645\u0629 \u0645\u0646 \u0623\u0648\u0631\u0627\u0642 \u0627\u0644\u062f\u0648\u0644\u0627\u0631 (\u0627\u0644\u0635\u0627\u062f\u0631\u0629 \u0642\u0628\u0644 \u0639\u0627\u0645 2009)\u060c \u064a\u0631\u062c\u0649 \u0623\u062e\u0630 \u0630\u0644\u0643 \u0628\u0639\u064a\u0646 \u0627\u0644\u0627\u0639\u062a\u0628\u0627\u0631. \u0641\u064a \u0628\u0639\u0636 \u0627\u0644\u0623\u0645\u0627\u0643\u0646 \u064a\u062a\u0645 \u0641\u0631\u0636 \u0639\u0645\u0648\u0644\u0629 \u0625\u0636\u0627\u0641\u064a\u0629\u060c \u0648\u0641\u064a \u0623\u0645\u0627\u0643\u0646 \u0623\u062e\u0631\u0649 \u0642\u062f \u064a\u062a\u0645 \u0631\u0641\u0636 \u0627\u0644\u0635\u0631\u0641.","og_url":"https:\/\/mountainguides.pro\/ar\/tours\/safari\/safari-tanzania\/","og_site_name":"Mountain Guide","article_publisher":"https:\/\/www.facebook.com\/Mountainguide-232956566756831\/","article_modified_time":"2026-04-06T14:33:35+00:00","og_image":[{"width":1599,"height":1197,"url":"https:\/\/mountainguides.pro\/wp-content\/uploads\/2023\/11\/Safari-Tanzaniya.jpg","type":"image\/jpeg"}],"twitter_card":"summary_large_image","twitter_site":"@Wintercyclone","twitter_misc":{"\u0648\u0642\u062a \u0627\u0644\u0642\u0631\u0627\u0621\u0629 \u0627\u0644\u0645\u064f\u0642\u062f\u0651\u0631":"\u062f\u0642\u064a\u0642\u0629 \u0648\u0627\u062d\u062f\u0629"},"schema":{"@context":"https:\/\/schema.org","@graph":[{"@type":"WebPage","@id":"https:\/\/mountainguides.pro\/tours\/safari\/safari-tanzania\/","url":"https:\/\/mountainguides.pro\/tours\/safari\/safari-tanzania\/","name":"Safari Tanzania","isPartOf":{"@id":"https:\/\/mountainguides.pro\/#website"},"primaryImageOfPage":{"@id":"https:\/\/mountainguides.pro\/tours\/safari\/safari-tanzania\/#primaryimage"},"image":{"@id":"https:\/\/mountainguides.pro\/tours\/safari\/safari-tanzania\/#primaryimage"},"thumbnailUrl":"https:\/\/mountainguides.pro\/wp-content\/uploads\/2023\/11\/Safari-Tanzaniya.jpg","datePublished":"2023-11-01T11:37:57+00:00","dateModified":"2026-04-06T14:33:35+00:00","breadcrumb":{"@id":"https:\/\/mountainguides.pro\/tours\/safari\/safari-tanzania\/#breadcrumb"},"inLanguage":"ar","potentialAction":[{"@type":"ReadAction","target":["https:\/\/mountainguides.pro\/tours\/safari\/safari-tanzania\/"]}]},{"@type":"ImageObject","inLanguage":"ar","@id":"https:\/\/mountainguides.pro\/tours\/safari\/safari-tanzania\/#primaryimage","url":"https:\/\/mountainguides.pro\/wp-content\/uploads\/2023\/11\/Safari-Tanzaniya.jpg","contentUrl":"https:\/\/mountainguides.pro\/wp-content\/uploads\/2023\/11\/Safari-Tanzaniya.jpg","width":1599,"height":1197},{"@type":"BreadcrumbList","@id":"https:\/\/mountainguides.pro\/tours\/safari\/safari-tanzania\/#breadcrumb","itemListElement":[{"@type":"ListItem","position":1,"name":"Home","item":"https:\/\/mountainguides.pro\/de\/"},{"@type":"ListItem","position":2,"name":"Safari Tanzania"}]},{"@type":"WebSite","@id":"https:\/\/mountainguides.pro\/#website","url":"https:\/\/mountainguides.pro\/","name":"Mountain Guide","description":"We aspire to be the first in everything!","publisher":{"@id":"https:\/\/mountainguides.pro\/#organization"},"potentialAction":[{"@type":"SearchAction","target":{"@type":"EntryPoint","urlTemplate":"https:\/\/mountainguides.pro\/?s={search_term_string}"},"query-input":{"@type":"PropertyValueSpecification","valueRequired":true,"valueName":"search_term_string"}}],"inLanguage":"ar"},{"@type":"Organization","@id":"https:\/\/mountainguides.pro\/#organization","name":"Mountain Guide","url":"https:\/\/mountainguides.pro\/","logo":{"@type":"ImageObject","inLanguage":"ar","@id":"https:\/\/mountainguides.pro\/#\/schema\/logo\/image\/","url":"https:\/\/mountainguides.pro\/wp-content\/uploads\/2018\/01\/mglogo.jpg","contentUrl":"https:\/\/mountainguides.pro\/wp-content\/uploads\/2018\/01\/mglogo.jpg","width":1200,"height":630,"caption":"Mountain Guide"},"image":{"@id":"https:\/\/mountainguides.pro\/#\/schema\/logo\/image\/"},"sameAs":["https:\/\/www.facebook.com\/Mountainguide-232956566756831\/","https:\/\/x.com\/Wintercyclone","http:\/\/instagram.com\/mountainguide","http:\/\/www.youtube.com\/mountainguide"]}]}},"_links":{"self":[{"href":"https:\/\/mountainguides.pro\/ar\/wp-json\/wp\/v2\/product\/19744","targetHints":{"allow":["GET"]}}],"collection":[{"href":"https:\/\/mountainguides.pro\/ar\/wp-json\/wp\/v2\/product"}],"about":[{"href":"https:\/\/mountainguides.pro\/ar\/wp-json\/wp\/v2\/types\/product"}],"replies":[{"embeddable":true,"href":"https:\/\/mountainguides.pro\/ar\/wp-json\/wp\/v2\/comments?post=19744"}],"version-history":[{"count":15,"href":"https:\/\/mountainguides.pro\/ar\/wp-json\/wp\/v2\/product\/19744\/revisions"}],"predecessor-version":[{"id":33381,"href":"https:\/\/mountainguides.pro\/ar\/wp-json\/wp\/v2\/product\/19744\/revisions\/33381"}],"wp:featuredmedia":[{"embeddable":true,"href":"https:\/\/mountainguides.pro\/ar\/wp-json\/wp\/v2\/media\/19746"}],"wp:attachment":[{"href":"https:\/\/mountainguides.pro\/ar\/wp-json\/wp\/v2\/media?parent=19744"}],"wp:term":[{"taxonomy":"product_cat","embeddable":true,"href":"https:\/\/mountainguides.pro\/ar\/wp-json\/wp\/v2\/product_cat?post=19744"},{"taxonomy":"product_tag","embeddable":true,"href":"https:\/\/mountainguides.pro\/ar\/wp-json\/wp\/v2\/product_tag?post=19744"}],"curies":[{"name":"wp","href":"https:\/\/api.w.org\/{rel}","templated":true}]}}