{"id":13822,"date":"2016-05-15T10:47:05","date_gmt":"2016-05-15T07:47:05","guid":{"rendered":"http:\/\/mountainguide.ru\/ru\/climbing\/%d0%b3%d0%b0%d1%88%d0%b5%d1%80%d0%b1%d1%80%d1%83%d0%bc-i-%d0%b8-ii\/"},"modified":"2026-02-09T14:04:36","modified_gmt":"2026-02-09T11:04:36","slug":"gasherbrum-i-and-ii","status":"publish","type":"product","link":"https:\/\/mountainguides.pro\/de\/tours\/climbing\/gasherbrum-i-and-ii\/","title":{"rendered":"Aufstieg zum Gascherbrum I und II"},"content":{"rendered":"<h2>About the tour<\/h2>\n<p>About the tour<\/p>\n<h2>Itinerary of Gasherbrum-1 or Gasherbrum-2 climb.<\/h2>\n<p><strong>Day 1.\u00a0<\/strong>Arrive at Islamabad and transfer and accomodation in hotel. In the afternoon, city tour of Rawalpindi and Islamabad Rawalpindi \u2013 dynamic, animated city with vibrant bazaars and swarming streets, which somewhat compensates for the lack of noteworthy monuments. However, the bazaar gives vivid impressions of the real Pakistan.<br \/>\n<strong>Day 2.\u00a0<\/strong>12\u201313 hours ride from\u00a0Islamabad to Chilas by\u00a0 Karakorum highway, one of the world\u2019s wonders, which links Pakistan and China. Overnight stay and meals at hotel.<br \/>\n<strong>Day 3.\u00a0<\/strong>8\u20139 hours ride by Karakorum highway from\u00a0Chilas to the town on Skardu along the Indus River. Overnight stay and meals at hotel.<br \/>\n<strong>Day 4.\u00a0<\/strong>Rest and final preparations, and will be spent in Skardu.<br \/>\n<strong>Day 5.\u00a0<\/strong>6\u20137 hours ride across Shigar Valley from\u00a0Skardu to Askoli village (at 3,000 m), with the trail crossing\u00a0 Braldu River for three times and passing by the villages of Dassu, Apligon, Pakora, Hoto, Chongo and Thongal. At a 20 minutes ride from Thongal, there are hot Sulphur springs, surrounded by copper colored stones known as Limpi Kiser (Kiser Fort). Overnight stay and meals in camp.<br \/>\n<strong>Day 6.\u00a0<\/strong>5\u20136 hours trek from Askoli to Johla at 3,200 m, from where we can admire panoramic views of Bakhor Das peak (5,809 m high) and also of the impressive Biafo Glacier. Following the riverside trail to the confluence of rivers Biafo and Dumordo, we will take a cable to cross the Domordo River to camp at Johla (at 3,300 m).<br \/>\n<strong>Day 7.\u00a0<\/strong>6\u20137 hours trek to Paiyu (at 3,600 m). Trek to Paiyu (6-7 hrs) (3650Mrs) Meals &#038; O\/n in camp. This is an undulating walk, difficult at times, with the first views of dramatic mountains ahead. There is a rest stop by some tamarisk trees beside the stream flowing down from Paiyu Peak, where we saw ibex tracks and fox spore. The trail climbs to a vantage point from which you see the snout of Baltoro Glacier and, in the far distance, a magnificent panorama of the Cathedral Towers and, left of them, the unmistakable triangle of K2.<br \/>\n<strong>Day 8.\u00a0<\/strong>This day of the expedition to climb Gasherbrum is a rest day at Paiyu.\u00a0 Free day for local exploration and Porter will prepare their food for further trek also kill the goat. Overnight stay and meals in camp.<br \/>\n<strong>Day 9:<\/strong>\u00a0Paiyu-Urdukas. Trek to Urdukas (6-7-hrs) 4210 Mt. Beautiful views of Great Trango &#038; Uli Biaho Towers. The tail traverses the glacier angling gently towards its southeast margin. Exit the glacier in to the ablation valley at Liligo. The route alternates between the lateral moraine and the glacier, heading out on the glacier to avoid the outflow from the advancing Liligo glacier. Continue trek to Urdukas, named for the obvious split boulder. Camp with its extraordinary views of Paiyu Peak (6610-m, Uli Biaho (6417-m) Great Trango Tower (6286-m), Lobsang Spire (5707-m) and the Cathedral Towers. Overnight stay and meals in camp.<br \/>\n<strong>Day 10.<\/strong>\u00a0Urdukas-Goro-II. Trek to Goro-II (5-6 hrs) 4525 Mts, a spectacular view of Masherbrum (7821m). &#038; Muztagh Tower (7284m). Overnight stay and meals in camp.<br \/>\n<strong>Day 11.\u00a0<\/strong>Goro-II-Saqring. Trek to Saqring (7-8-hrs). Today it is golden opportunity to see 7000mt to above 8000mt peaks including mighty K-2 (8611m) Broad Peak 8047mt G-I 8068mt. G-II 8035mt Sia Kangri 7422m Muztagh Tower 7284mt G-IV 7925m Miter Peak 6025m Golden Throne (7240m).<br \/>\n<strong>Day 12.<\/strong>\u00a0Saqring to Base Camp Trek to base camp Gasherbrum II.<br \/>\n<strong>Days 13-52.<\/strong>\u00a040 days to climb Gasherbrum (with overnight stay and meals in Gasherbrum I and II base camp)<br \/>\n<strong>Day 53.<\/strong>\u00a0Full day trek from Gasherbrum II to Ali Camp at 4,800 m, a combination of small rocky platforms. The trail requires fairly easy and gradual walk over ice and snow, with Mighty Chogolisa towering in the south. We turn in early for overnight in camp, as at about 1 AM we will have to set out for Gondogoro La.<br \/>\n<strong>Day 54.\u00a0<\/strong>Trekking from Ali Camp to Hispung, which includes crossing the Gondogoro La Pass (at 5,680 m). After leaving the camp at about 1 AM we will climb the Gondogoro La \u2013 on the lateral moraine for the first two hours, in order to avoid crevasses. Getting closer to the Pass, we will step on the snowy trail and keep to it until we reach the base of the Pass. The final part of the trail requires a steep walk on the snow and most likely, use of fixed ropes, crampons and ice axes. Descent on the steeper Hushe requires god balance on the rocks. Overnight and meals in camp.<br \/>\n<strong>Day 55.<\/strong>\u00a05\u20136 hours trek to Shaitcho via wild roses, 3600M, Cedar and Tamarish Bushes to Shaitcho. Meals and overnight stay in camp. We gradually leave the icy landscapes and descend to the meadow and pastureland at Shaitcho.<br \/>\n<strong>Day 56.<\/strong>\u00a0trek from Shaitcho to Hushe along the east bank of river, followed by a jeep ride to Skardu. Hotel meals and overnight stay.<br \/>\n<strong>Day 57.<\/strong>\u00a08\u20139 hours ride from Skardu to Chilas by Karakorum highway. Meals and overnight at hotel.<br \/>\n<strong>Day 58.<\/strong>\u00a011\u201312 hours ride from Chilas to Islamabad. Overnight stay at hotel.<br \/>\n<strong>Day 59.\u00a0<\/strong>Of the expedition to climb Gasherbrum will be spent in\u00a0Islamabad. Morning welfare meeting with Alpine Club and an afternoon free for shopping. Overnight stay and meals at hotel.<br \/>\n<strong>Day 60.<\/strong>\u00a0Another rest day in Islamabad.<br \/>\n<strong>Day 61.<\/strong>\u00a0Flight back home.<\/p>\n<h2>Included in the price of expedition to climb Gasherbrum:<\/h2>\n<ul>\n<li>English-speaking mountain guide<\/li>\n<li>Transfers: airport to hotel on arrive, and hotel to airport on departure.<\/li>\n<li>Hotel accommodation for four nights with bed and breakfast in an air-conditioned room in Rawalpindi \/ Islamabad<\/li>\n<li>Islamabad- Skardu-Islamabad transportation with expedition luggage.<\/li>\n<li>Payment for low altitude porters<\/li>\n<li>Personal baggage, 50 kg (when ascending) and 35 kgs (when descending)<\/li>\n<li>Full board camp food during trek and at base camp<\/li>\n<li>Three nights in Skardu on full board (breakfast, lunch, dinner)<\/li>\n<li>Two nights in Chilas\/ Besham hotel on full board \u00a0(Break Fast, \u00a0lunch, and Dinner)<\/li>\n<li>Jeep rides Skardu-Askoli-Hushe-Skardu<\/li>\n<li>Wages, insurance, food and equipment for the cook and assistant cook<\/li>\n<li>Wages, insurance, food for the Porter Sirdar<\/li>\n<li>Mess tent, Kitchen tent, table, and chairs and kitchen equipment necessary to climb Gasherbrum<\/li>\n<li>Reconfirmation of international flight tickets<\/li>\n<li>Camping fees, road taxes and bridge crossing for expedition members and Porters<\/li>\n<li>Porters\u2019 equipment, including fuel, tarpaulin, and stove<\/li>\n<li>Assistance in obtaining permit and other documents<\/li>\n<li>US $ 400 donation for environment protection fund<\/li>\n<li>Briefing and debriefing in the Ministry of tourism<\/li>\n<li>1000 US$ guarantee pollution fee<\/li>\n<li>Kerosene oil for porter and members<\/li>\n<li>Toilet tent<\/li>\n<li>Members\u2019 foods during trek and at base camp<\/li>\n<li>Rescue charges for the Gondogoro La Pass<\/li>\n<li><\/li>\n<\/ul>\n<h2>Not included in the price of expedition to climb Gasherbrum:<\/h2>\n<ul>\n<li>Climbing food, equipment and services of high altitude porters<\/li>\n<li>Sleeping bags, personal clothing, rucksacks and climbing equipment<\/li>\n<li>Medication, ground evacuation and helicopter rescue Deposit US$6000\/ and other charges of any kind<\/li>\n<li>Islamabad Hotel Lunch and Dinner<\/li>\n<li>L.O equipment and TA DA.<\/li>\n<li>Room services, laundry charges, beverages and items of personal nature<\/li>\n<li>Phone bills<\/li>\n<li>Insurance or liability of any members<\/li>\n<li>Custom clearing and forwarding agent\u2019s charge<\/li>\n<li>Other expenses and service not mentioned in this condition sheet for this expedition to climb Gasherbrum<\/li>\n<li>Royalty fee and additional member fee G-1, G-2<\/li>\n<li>Any costs associated with program changes<\/li>\n<\/ul>\n<h2>Equipment.<\/h2>\n<p><a role=\"button\" href=\"#\"><br \/>\nDownload PDF<br \/>\n<\/a><\/p>\n","protected":false},"excerpt":{"rendered":"<p class=\"p1\">*Bitte beachten Sie, dass unser Unternehmen nicht im Bereich des Kaufs oder Verkaufs von Flugtickets und der Beantragung von Visa t\u00e4tig ist und daher keine Verantwortung f\u00fcr h\u00f6here Gewalt im Zusammenhang mit Fl\u00fcgen und Grenz\u00fcbertritten \u00fcbernimmt.<\/p>\n<p class=\"p1\">Als Thomas George Montgomerie im Jahr 1856 aus einer Entfernung von etwa 200 Kilometern eine Gruppe von Berggipfeln im Karakorum erblickte, bezeichnete er sie als K1, K2, K3, K4 und K5, wobei \u201eK\u201c f\u00fcr \u201eKarakorum\u201c steht. Heute tragen diese Gipfel neue Namen: K1 wurde in Masherbrum umbenannt, K3 in Broad Peak, K4 in Gasherbrum II und K5 in Gasherbrum I. Und nur der Gipfel Chogori, der zweith\u00f6chste Berg der Welt, tr\u00e4gt noch immer den Namen, der ihm 1856 gegeben wurde \u2013 K2.<\/p>\n","protected":false},"featured_media":13881,"comment_status":"closed","ping_status":"closed","template":"","meta":{"_acf_changed":false,"footnotes":""},"product_cat":[320],"product_tag":[],"class_list":{"0":"post-13822","1":"product","2":"type-product","3":"status-publish","4":"has-post-thumbnail","6":"product_cat-climbing","8":"first","9":"instock","10":"virtual","11":"purchasable","12":"product-type-simple"},"acf":[],"yoast_head":"<!-- This site is optimized with the Yoast SEO Premium plugin v26.5 (Yoast SEO v27.3) - https:\/\/yoast.com\/product\/yoast-seo-premium-wordpress\/ -->\n<title>Climb Gasherbrum<\/title>\n<meta name=\"robots\" content=\"index, follow, max-snippet:-1, max-image-preview:large, max-video-preview:-1\" \/>\n<link rel=\"canonical\" href=\"https:\/\/mountainguides.pro\/de\/tours\/climbing\/gasherbrum-i-and-ii\/\" \/>\n<meta property=\"og:locale\" content=\"de_DE\" \/>\n<meta property=\"og:locale:alternate\" content=\"en_US\" \/>\n<meta property=\"og:locale:alternate\" content=\"ru_RU\" \/>\n<meta property=\"og:locale:alternate\" content=\"es\" \/>\n<meta property=\"og:locale:alternate\" content=\"pt\" \/>\n<meta property=\"og:locale:alternate\" content=\"zh\" \/>\n<meta property=\"og:locale:alternate\" content=\"ko\" \/>\n<meta property=\"og:locale:alternate\" content=\"ja\" \/>\n<meta property=\"og:locale:alternate\" content=\"hi\" \/>\n<meta property=\"og:locale:alternate\" content=\"ar\" \/>\n<meta property=\"og:type\" content=\"article\" \/>\n<meta property=\"og:title\" content=\"Aufstieg zum Gascherbrum I und II\" \/>\n<meta property=\"og:description\" content=\"*Bitte beachten Sie, dass unser Unternehmen nicht im Bereich des Kaufs oder Verkaufs von Flugtickets und der Beantragung von Visa t\u00e4tig ist und daher keine Verantwortung f\u00fcr h\u00f6here Gewalt im Zusammenhang mit Fl\u00fcgen und Grenz\u00fcbertritten \u00fcbernimmt. Als Thomas George Montgomerie im Jahr 1856 aus einer Entfernung von etwa 200 Kilometern eine Gruppe von Berggipfeln im Karakorum erblickte, bezeichnete er sie als K1, K2, K3, K4 und K5, wobei \u201eK\u201c f\u00fcr \u201eKarakorum\u201c steht. Heute tragen diese Gipfel neue Namen: K1 wurde in Masherbrum umbenannt, K3 in Broad Peak, K4 in Gasherbrum II und K5 in Gasherbrum I. Und nur der Gipfel Chogori, der zweith\u00f6chste Berg der Welt, tr\u00e4gt noch immer den Namen, der ihm 1856 gegeben wurde \u2013 K2.\" \/>\n<meta property=\"og:url\" content=\"https:\/\/mountainguides.pro\/de\/tours\/climbing\/gasherbrum-i-and-ii\/\" \/>\n<meta property=\"og:site_name\" content=\"Mountain Guide\" \/>\n<meta property=\"article:publisher\" content=\"https:\/\/www.facebook.com\/Mountainguide-232956566756831\/\" \/>\n<meta property=\"article:modified_time\" content=\"2026-02-09T11:04:36+00:00\" \/>\n<meta property=\"og:image\" content=\"https:\/\/mountainguides.pro\/wp-content\/uploads\/2016\/05\/g1-g2-g4-from-bp.jpg\" \/>\n\t<meta property=\"og:image:width\" content=\"800\" \/>\n\t<meta property=\"og:image:height\" content=\"600\" \/>\n\t<meta property=\"og:image:type\" content=\"image\/jpeg\" \/>\n<meta name=\"twitter:card\" content=\"summary_large_image\" \/>\n<meta name=\"twitter:site\" content=\"@Wintercyclone\" \/>\n<meta name=\"twitter:label1\" content=\"Gesch\u00e4tzte Lesezeit\" \/>\n\t<meta name=\"twitter:data1\" content=\"6\u00a0Minuten\" \/>\n<script type=\"application\/ld+json\" class=\"yoast-schema-graph\">{\"@context\":\"https:\\\/\\\/schema.org\",\"@graph\":[{\"@type\":\"WebPage\",\"@id\":\"https:\\\/\\\/mountainguides.pro\\\/ar\\\/tours\\\/climbing\\\/gasherbrum-i-and-ii\\\/\",\"url\":\"https:\\\/\\\/mountainguides.pro\\\/ar\\\/tours\\\/climbing\\\/gasherbrum-i-and-ii\\\/\",\"name\":\"Climb Gasherbrum\",\"isPartOf\":{\"@id\":\"https:\\\/\\\/mountainguides.pro\\\/#website\"},\"primaryImageOfPage\":{\"@id\":\"https:\\\/\\\/mountainguides.pro\\\/ar\\\/tours\\\/climbing\\\/gasherbrum-i-and-ii\\\/#primaryimage\"},\"image\":{\"@id\":\"https:\\\/\\\/mountainguides.pro\\\/ar\\\/tours\\\/climbing\\\/gasherbrum-i-and-ii\\\/#primaryimage\"},\"thumbnailUrl\":\"https:\\\/\\\/mountainguides.pro\\\/wp-content\\\/uploads\\\/2016\\\/05\\\/g1-g2-g4-from-bp.jpg\",\"datePublished\":\"2016-05-15T07:47:05+00:00\",\"dateModified\":\"2026-02-09T11:04:36+00:00\",\"breadcrumb\":{\"@id\":\"https:\\\/\\\/mountainguides.pro\\\/ar\\\/tours\\\/climbing\\\/gasherbrum-i-and-ii\\\/#breadcrumb\"},\"inLanguage\":\"de\",\"potentialAction\":[{\"@type\":\"ReadAction\",\"target\":[\"https:\\\/\\\/mountainguides.pro\\\/ar\\\/tours\\\/climbing\\\/gasherbrum-i-and-ii\\\/\"]}]},{\"@type\":\"ImageObject\",\"inLanguage\":\"de\",\"@id\":\"https:\\\/\\\/mountainguides.pro\\\/ar\\\/tours\\\/climbing\\\/gasherbrum-i-and-ii\\\/#primaryimage\",\"url\":\"https:\\\/\\\/mountainguides.pro\\\/wp-content\\\/uploads\\\/2016\\\/05\\\/g1-g2-g4-from-bp.jpg\",\"contentUrl\":\"https:\\\/\\\/mountainguides.pro\\\/wp-content\\\/uploads\\\/2016\\\/05\\\/g1-g2-g4-from-bp.jpg\",\"width\":800,\"height\":600,\"caption\":\"climb Gasherbrum I and II\"},{\"@type\":\"BreadcrumbList\",\"@id\":\"https:\\\/\\\/mountainguides.pro\\\/ar\\\/tours\\\/climbing\\\/gasherbrum-i-and-ii\\\/#breadcrumb\",\"itemListElement\":[{\"@type\":\"ListItem\",\"position\":1,\"name\":\"Home\",\"item\":\"https:\\\/\\\/mountainguides.pro\\\/de\\\/\"},{\"@type\":\"ListItem\",\"position\":2,\"name\":\"\u062a\u0633\u0644\u0642 \u063a\u0627\u0634\u064a\u0631\u0628\u0631\u0648\u0645 \u0627\u0644\u0623\u0648\u0644 \u0648\u0627\u0644\u062b\u0627\u0646\u064a\"}]},{\"@type\":\"WebSite\",\"@id\":\"https:\\\/\\\/mountainguides.pro\\\/#website\",\"url\":\"https:\\\/\\\/mountainguides.pro\\\/\",\"name\":\"Mountain Guide\",\"description\":\"We aspire to be the first in everything!\",\"publisher\":{\"@id\":\"https:\\\/\\\/mountainguides.pro\\\/#organization\"},\"potentialAction\":[{\"@type\":\"SearchAction\",\"target\":{\"@type\":\"EntryPoint\",\"urlTemplate\":\"https:\\\/\\\/mountainguides.pro\\\/?s={search_term_string}\"},\"query-input\":{\"@type\":\"PropertyValueSpecification\",\"valueRequired\":true,\"valueName\":\"search_term_string\"}}],\"inLanguage\":\"de\"},{\"@type\":\"Organization\",\"@id\":\"https:\\\/\\\/mountainguides.pro\\\/#organization\",\"name\":\"Mountain Guide\",\"url\":\"https:\\\/\\\/mountainguides.pro\\\/\",\"logo\":{\"@type\":\"ImageObject\",\"inLanguage\":\"de\",\"@id\":\"https:\\\/\\\/mountainguides.pro\\\/#\\\/schema\\\/logo\\\/image\\\/\",\"url\":\"https:\\\/\\\/mountainguides.pro\\\/wp-content\\\/uploads\\\/2018\\\/01\\\/mglogo.jpg\",\"contentUrl\":\"https:\\\/\\\/mountainguides.pro\\\/wp-content\\\/uploads\\\/2018\\\/01\\\/mglogo.jpg\",\"width\":1200,\"height\":630,\"caption\":\"Mountain Guide\"},\"image\":{\"@id\":\"https:\\\/\\\/mountainguides.pro\\\/#\\\/schema\\\/logo\\\/image\\\/\"},\"sameAs\":[\"https:\\\/\\\/www.facebook.com\\\/Mountainguide-232956566756831\\\/\",\"https:\\\/\\\/x.com\\\/Wintercyclone\",\"http:\\\/\\\/instagram.com\\\/mountainguide\",\"http:\\\/\\\/www.youtube.com\\\/mountainguide\"]}]}<\/script>\n<!-- \/ Yoast SEO Premium plugin. -->","yoast_head_json":{"title":"Climb Gasherbrum","robots":{"index":"index","follow":"follow","max-snippet":"max-snippet:-1","max-image-preview":"max-image-preview:large","max-video-preview":"max-video-preview:-1"},"canonical":"https:\/\/mountainguides.pro\/de\/tours\/climbing\/gasherbrum-i-and-ii\/","og_locale":"de_DE","og_type":"article","og_title":"[:en]Climb Gasherbrum I and II[:de]Aufstieg zum Gascherbrum I und II[:es]Ascensi\u00f3n a Gasherbrum I y II[:pt]Escalando Gasherbrum I e II[:zh]\u6500\u767b\u52a0\u8212\u5c14\u5e03\u9c81\u59c6 I \u4e0e II[:ko]\uac00\uc154\ube0c\ub7fc 1 \uacfc 2 \ub4f1\ubc18[:ja]\u30ac\u30c3\u30b7\u30e3\u30fc\u30d6\u30eb\u30e0 I \u5cf0\u304a\u3088\u3073 II \u5cf0\u3078\u306e\u767b\u9802[:hi]\u091a\u0922\u093c\u093e\u0908 \u0917\u0936\u0947\u0930\u092c\u094d\u0930\u092e \u092e\u0948\u0902 \u0914\u0930 \u0926\u094d\u0935\u093f\u0924\u0940\u092f[:ar]\u062a\u0633\u0644\u0642 \u063a\u0627\u0634\u064a\u0631\u0628\u0631\u0648\u0645 \u0627\u0644\u0623\u0648\u0644 \u0648\u0627\u0644\u062b\u0627\u0646\u064a[:]","og_description":"*Bitte beachten Sie, dass unser Unternehmen nicht im Bereich des Kaufs oder Verkaufs von Flugtickets und der Beantragung von Visa t\u00e4tig ist und daher keine Verantwortung f\u00fcr h\u00f6here Gewalt im Zusammenhang mit Fl\u00fcgen und Grenz\u00fcbertritten \u00fcbernimmt. Als Thomas George Montgomerie im Jahr 1856 aus einer Entfernung von etwa 200 Kilometern eine Gruppe von Berggipfeln im Karakorum erblickte, bezeichnete er sie als K1, K2, K3, K4 und K5, wobei \u201eK\u201c f\u00fcr \u201eKarakorum\u201c steht. Heute tragen diese Gipfel neue Namen: K1 wurde in Masherbrum umbenannt, K3 in Broad Peak, K4 in Gasherbrum II und K5 in Gasherbrum I. Und nur der Gipfel Chogori, der zweith\u00f6chste Berg der Welt, tr\u00e4gt noch immer den Namen, der ihm 1856 gegeben wurde \u2013 K2.","og_url":"https:\/\/mountainguides.pro\/de\/tours\/climbing\/gasherbrum-i-and-ii\/","og_site_name":"Mountain Guide","article_publisher":"https:\/\/www.facebook.com\/Mountainguide-232956566756831\/","article_modified_time":"2026-02-09T11:04:36+00:00","og_image":[{"width":800,"height":600,"url":"https:\/\/mountainguides.pro\/wp-content\/uploads\/2016\/05\/g1-g2-g4-from-bp.jpg","type":"image\/jpeg"}],"twitter_card":"summary_large_image","twitter_site":"@Wintercyclone","twitter_misc":{"Gesch\u00e4tzte Lesezeit":"6\u00a0Minuten"},"schema":{"@context":"https:\/\/schema.org","@graph":[{"@type":"WebPage","@id":"https:\/\/mountainguides.pro\/ar\/tours\/climbing\/gasherbrum-i-and-ii\/","url":"https:\/\/mountainguides.pro\/ar\/tours\/climbing\/gasherbrum-i-and-ii\/","name":"Climb Gasherbrum","isPartOf":{"@id":"https:\/\/mountainguides.pro\/#website"},"primaryImageOfPage":{"@id":"https:\/\/mountainguides.pro\/ar\/tours\/climbing\/gasherbrum-i-and-ii\/#primaryimage"},"image":{"@id":"https:\/\/mountainguides.pro\/ar\/tours\/climbing\/gasherbrum-i-and-ii\/#primaryimage"},"thumbnailUrl":"https:\/\/mountainguides.pro\/wp-content\/uploads\/2016\/05\/g1-g2-g4-from-bp.jpg","datePublished":"2016-05-15T07:47:05+00:00","dateModified":"2026-02-09T11:04:36+00:00","breadcrumb":{"@id":"https:\/\/mountainguides.pro\/ar\/tours\/climbing\/gasherbrum-i-and-ii\/#breadcrumb"},"inLanguage":"de","potentialAction":[{"@type":"ReadAction","target":["https:\/\/mountainguides.pro\/ar\/tours\/climbing\/gasherbrum-i-and-ii\/"]}]},{"@type":"ImageObject","inLanguage":"de","@id":"https:\/\/mountainguides.pro\/ar\/tours\/climbing\/gasherbrum-i-and-ii\/#primaryimage","url":"https:\/\/mountainguides.pro\/wp-content\/uploads\/2016\/05\/g1-g2-g4-from-bp.jpg","contentUrl":"https:\/\/mountainguides.pro\/wp-content\/uploads\/2016\/05\/g1-g2-g4-from-bp.jpg","width":800,"height":600,"caption":"climb Gasherbrum I and II"},{"@type":"BreadcrumbList","@id":"https:\/\/mountainguides.pro\/ar\/tours\/climbing\/gasherbrum-i-and-ii\/#breadcrumb","itemListElement":[{"@type":"ListItem","position":1,"name":"Home","item":"https:\/\/mountainguides.pro\/de\/"},{"@type":"ListItem","position":2,"name":"\u062a\u0633\u0644\u0642 \u063a\u0627\u0634\u064a\u0631\u0628\u0631\u0648\u0645 \u0627\u0644\u0623\u0648\u0644 \u0648\u0627\u0644\u062b\u0627\u0646\u064a"}]},{"@type":"WebSite","@id":"https:\/\/mountainguides.pro\/#website","url":"https:\/\/mountainguides.pro\/","name":"Mountain Guide","description":"We aspire to be the first in everything!","publisher":{"@id":"https:\/\/mountainguides.pro\/#organization"},"potentialAction":[{"@type":"SearchAction","target":{"@type":"EntryPoint","urlTemplate":"https:\/\/mountainguides.pro\/?s={search_term_string}"},"query-input":{"@type":"PropertyValueSpecification","valueRequired":true,"valueName":"search_term_string"}}],"inLanguage":"de"},{"@type":"Organization","@id":"https:\/\/mountainguides.pro\/#organization","name":"Mountain Guide","url":"https:\/\/mountainguides.pro\/","logo":{"@type":"ImageObject","inLanguage":"de","@id":"https:\/\/mountainguides.pro\/#\/schema\/logo\/image\/","url":"https:\/\/mountainguides.pro\/wp-content\/uploads\/2018\/01\/mglogo.jpg","contentUrl":"https:\/\/mountainguides.pro\/wp-content\/uploads\/2018\/01\/mglogo.jpg","width":1200,"height":630,"caption":"Mountain Guide"},"image":{"@id":"https:\/\/mountainguides.pro\/#\/schema\/logo\/image\/"},"sameAs":["https:\/\/www.facebook.com\/Mountainguide-232956566756831\/","https:\/\/x.com\/Wintercyclone","http:\/\/instagram.com\/mountainguide","http:\/\/www.youtube.com\/mountainguide"]}]}},"_links":{"self":[{"href":"https:\/\/mountainguides.pro\/de\/wp-json\/wp\/v2\/product\/13822","targetHints":{"allow":["GET"]}}],"collection":[{"href":"https:\/\/mountainguides.pro\/de\/wp-json\/wp\/v2\/product"}],"about":[{"href":"https:\/\/mountainguides.pro\/de\/wp-json\/wp\/v2\/types\/product"}],"replies":[{"embeddable":true,"href":"https:\/\/mountainguides.pro\/de\/wp-json\/wp\/v2\/comments?post=13822"}],"version-history":[{"count":16,"href":"https:\/\/mountainguides.pro\/de\/wp-json\/wp\/v2\/product\/13822\/revisions"}],"predecessor-version":[{"id":32756,"href":"https:\/\/mountainguides.pro\/de\/wp-json\/wp\/v2\/product\/13822\/revisions\/32756"}],"wp:featuredmedia":[{"embeddable":true,"href":"https:\/\/mountainguides.pro\/de\/wp-json\/wp\/v2\/media\/13881"}],"wp:attachment":[{"href":"https:\/\/mountainguides.pro\/de\/wp-json\/wp\/v2\/media?parent=13822"}],"wp:term":[{"taxonomy":"product_cat","embeddable":true,"href":"https:\/\/mountainguides.pro\/de\/wp-json\/wp\/v2\/product_cat?post=13822"},{"taxonomy":"product_tag","embeddable":true,"href":"https:\/\/mountainguides.pro\/de\/wp-json\/wp\/v2\/product_tag?post=13822"}],"curies":[{"name":"wp","href":"https:\/\/api.w.org\/{rel}","templated":true}]}}