{"id":13829,"date":"2016-05-15T10:47:05","date_gmt":"2016-05-15T07:47:05","guid":{"rendered":"http:\/\/mountainguide.ru\/ru\/climbing\/%d0%b4%d0%b5%d0%bc%d0%b0%d0%b2%d0%b5%d0%bd%d0%b4\/"},"modified":"2026-02-09T14:45:25","modified_gmt":"2026-02-09T11:45:25","slug":"damavand","status":"publish","type":"product","link":"https:\/\/mountainguides.pro\/de\/tours\/climbing\/damavand\/","title":{"rendered":"Aufstieg zum Demavend"},"content":{"rendered":"<h2>About the tour<\/h2>\n<p>Located only half an hour\u2019s drive from Iran\u2019s capital, Tehran, Mt. Damavand is among the world\u2019s most accessible 5000m altitudes, located in a rich and unique cultural milieu.<\/p>\n<p>This majestic dormant stratovolcano \u2013 that looks like a bigger replication of Mt. Fujiyama in Japan \u2013 is the second highest in Asia and the highest in the Middle East. Covered by clouds most of the time, the snowy white summit of this mountain is one of the most spectacular views in Iran.<\/p>\n<p>On Mt. Damavand\u2019s lower slopes there are hot springs (with some of them located in the village of Larijan).<\/p>\n<p>The volcano\u2019s summit is featured with a crater of about 150\u2013200 m across, covered by pumice stones and sulfurous rocks. The upper slopes and the crater itself are covered with snow in autumn, winter and spring. Climbers may encounter some difficulties (such as cough, throat irritation, running nose, and allergic reactions) due to the sulfuric gas at the altitude of about 5400m.<\/p>\n<p>Damavand\u2019s height allows for amazing views opening from its top to the valleys and mountains stretching hundreds of kilometers around. Particularly it provides great views of the Alborz Mountain Range, the Caspian Sea plain, as well as the deserts of central Iran.<\/p>\n<h2>Damavand climbing.<\/h2>\n<p><strong>Day 1.<\/strong>\u00a0 Meeting at the airport. Transfer to the hotel.<br \/>\n<strong>Day 2. <\/strong>This climb to Damavand begins with a day transfer from the hotel in Tehran to Camp 1, to the &#8222;Polur hut&#8220;, at an altitude of 2270 m. The rest of the day we will acclimatize (without strong physical exertion or climbing), prepare for the next day and check equipment. &#8222;Hut Polur&#8220; is part of a large mountain sports resort and is a comfortable hostel with bunk beds, a kitchen, hot water and shower.<br \/>\n<strong>Day 3. <\/strong>The day begins by moving by car to Camp 2 \u201cBasic hut\u201d (at an altitude of 3040 m), followed by a 4-6 hour ascent at a slow step to a height of 4250 m, to Camp 3 \u201cNew Hut\u201d (\u201cBargakh Sev\u201d). Overnight in a cozy hostel Camp 3.<br \/>\n<strong>Day 4. <\/strong>This day of our tour to climb Damavand is devoted to acclimatization ascents to neighboring heights and preparations for the conquest of the summit the next day. Overnight in the &#8222;New hut&#8220; Camp 3.<br \/>\n<strong>Day 5. <\/strong>An early start &#8211; at 5 am &#8211; and reaching the peak after about 5-7 hours. Return to Camp 3 late in the evening. Overnight at the New Hut Camp 3.<br \/>\n<strong>Day 6. <\/strong>Reserve, descent to Camp 2 after an early breakfast and arrive by car back to Camp 1 in the region of 13 or 14 hours. Return transfer to a hotel in Tehran. The end of our climb to Damavand.<br \/>\n<strong>Day 7. <\/strong>Departure.<\/p>\n<h2>Price of Damavand climbing expedition includes:<\/h2>\n<ul>\n<li>Services of professional mountain guides (additional guides\u00a0on the summit day).<\/li>\n<li>All transfers mentioned in the itinerary.<\/li>\n<li>All accommodation mentioned in the itinerary \u2013 hotels and lodges<\/li>\n<li>Permits for climbing and National Park fees.<\/li>\n<li>Meals all through the climbing (prepared by a cook), but only breakfasts when in cities.<\/li>\n<li>Sightseeing tours mentioned in the itinerary.<\/li>\n<li>All group equipment.<\/li>\n<\/ul>\n<h2>Price of Damavand climbing expedition does not include:<\/h2>\n<ul>\n<li>International and local flights.<\/li>\n<li>Personal gear.<\/li>\n<li>Medical insurance for mountain climbing.<\/li>\n<li>Lunches and dinners in cities.<\/li>\n<li>Expenses incurred by any changes to the mentioned itinerary.<\/li>\n<li>Services of rescuing and evacuation.<\/li>\n<li>Tips.<\/li>\n<li>Drinks.<\/li>\n<li>Any costs associated with program changes<\/li>\n<\/ul>\n<h2>Equipment.<\/h2>\n<p><a role=\"button\" href=\"#\"><br \/>\nDownload PDF<br \/>\n<\/a><\/p>\n<p>Documents:<\/p>\n<ul>\n<li>Passport<\/li>\n<li>Airplane tickets<\/li>\n<li>Medical insurance<\/li>\n<\/ul>\n<p>Personal equipment:<\/p>\n<ul>\n<li>Backpack. 30-50l.<\/li>\n<li>Sleeping bag, comfort temperature from -10C and below.<\/li>\n<li>Sleeping mattress.<\/li>\n<li>Trekking poles.<\/li>\n<li>Crampons.<\/li>\n<li>Ice ax.<\/li>\n<\/ul>\n<p>Clothes and shoes:<\/p>\n<ul>\n<li>Trekking boots with the ability to attach crampons.<\/li>\n<li>Sneakers.<\/li>\n<li>Waterproof layer &#8211; Jacket + pants. The industry offers a range of products from simple membranes 5000\/5000 to products from Gore-Tex.<\/li>\n<li>Fleece pants and jacket.<\/li>\n<li>Thermo underwear top + bottom.<\/li>\n<li>Down jacket.<\/li>\n<li>Thick gloves.<\/li>\n<li>Thin gloves.<\/li>\n<li>Bandana (in addition to sun protection in the valley, it can be used to warm your throat or face in the cold)<\/li>\n<li>Warm hat.<\/li>\n<li>Warm trekking socks for climbing day<\/li>\n<\/ul>\n<p>Flashlight diode on the head:<\/p>\n<ul>\n<li>Sunglasses<\/li>\n<li>Ski goggles<\/li>\n<li>Thermos &#8211; 1l. Better without a button in the lid.<\/li>\n<li>Windproof mask on the lower part of the face (with some degree of success, you can replace it with a scarf)<\/li>\n<li>Gators<\/li>\n<li>Sunblock and lip balm<\/li>\n<li>Chemical heating pads (not necessary, but can be very useful)<\/li>\n<li>Personal fmedical kit<\/li>\n<li>Knee supports<\/li>\n<\/ul>\n","protected":false},"excerpt":{"rendered":"<p class=\"p1\">\u2022 Wir besteigen den h\u00f6chsten Gipfel des Nahen Ostens unter der Leitung eines erfahrenen Bergf\u00fchrers mit Expeditionserfahrung \u00fcber 8000 Metern<\/p>\n<p class=\"p1\">\u2022 Wir genie\u00dfen die unglaubliche landschaftliche Sch\u00f6nheit dieser Region<\/p>\n<p class=\"p1\">\u2022 Wir akklimatisieren uns schrittweise, was einen Aufstieg ohne Kopfschmerzen und Unwohlsein erm\u00f6glicht<\/p>\n<p class=\"p1\">\u2022 Sie werden Ihre tats\u00e4chlichen k\u00f6rperlichen Grenzen vor anspruchsvolleren Gipfeln kennenlernen<\/p>\n<p class=\"p1\">\u2022 Wir besuchen D\u00f6rfer und treffen Einheimische, um ihre Kultur und Traditionen kennenzulernen<\/p>\n<p class=\"p1\">\u2022 Wir probieren die lokale K\u00fcche, die niemanden gleichg\u00fcltig l\u00e4sst<\/p>\n<p class=\"p1\">\u2022 Wir r\u00e4umen mit Mythen \u00fcber den Iran als ein f\u00fcr Touristen geschlossenes Land auf<\/p>\n<p class=\"p3\">F\u00fcr die Einreise in den Iran ist ein VISUM erforderlich.<\/p>\n<p class=\"p3\">Bitte beachten Sie, dass unser Unternehmen nicht im Bereich des Ticketverkaufs oder der Visabeschaffung t\u00e4tig ist und daher keine Verantwortung f\u00fcr h\u00f6here Gewalt im Zusammenhang mit Fl\u00fcgen oder Grenz\u00fcbertritten \u00fcbernimm<\/p>\n","protected":false},"featured_media":13897,"comment_status":"closed","ping_status":"closed","template":"","meta":{"_acf_changed":false,"footnotes":""},"product_cat":[320],"product_tag":[],"class_list":{"0":"post-13829","1":"product","2":"type-product","3":"status-publish","4":"has-post-thumbnail","6":"product_cat-climbing","8":"first","9":"instock","10":"virtual","11":"purchasable","12":"product-type-simple"},"acf":[],"yoast_head":"<!-- This site is optimized with the Yoast SEO Premium plugin v26.5 (Yoast SEO v27.3) - https:\/\/yoast.com\/product\/yoast-seo-premium-wordpress\/ -->\n<title>Climb Damavand<\/title>\n<meta name=\"robots\" content=\"index, follow, max-snippet:-1, max-image-preview:large, max-video-preview:-1\" \/>\n<link rel=\"canonical\" href=\"https:\/\/mountainguides.pro\/de\/tours\/climbing\/damavand\/\" \/>\n<meta property=\"og:locale\" content=\"de_DE\" \/>\n<meta property=\"og:locale:alternate\" content=\"en_US\" \/>\n<meta property=\"og:locale:alternate\" content=\"ru_RU\" \/>\n<meta property=\"og:locale:alternate\" content=\"es\" \/>\n<meta property=\"og:locale:alternate\" content=\"pt\" \/>\n<meta property=\"og:locale:alternate\" content=\"zh\" \/>\n<meta property=\"og:locale:alternate\" content=\"ko\" \/>\n<meta property=\"og:locale:alternate\" content=\"ja\" \/>\n<meta property=\"og:locale:alternate\" content=\"hi\" \/>\n<meta property=\"og:locale:alternate\" content=\"ar\" \/>\n<meta property=\"og:type\" content=\"article\" \/>\n<meta property=\"og:title\" content=\"Aufstieg zum Demavend\" \/>\n<meta property=\"og:description\" content=\"\u2022 Wir besteigen den h\u00f6chsten Gipfel des Nahen Ostens unter der Leitung eines erfahrenen Bergf\u00fchrers mit Expeditionserfahrung \u00fcber 8000 Metern \u2022 Wir genie\u00dfen die unglaubliche landschaftliche Sch\u00f6nheit dieser Region \u2022 Wir akklimatisieren uns schrittweise, was einen Aufstieg ohne Kopfschmerzen und Unwohlsein erm\u00f6glicht \u2022 Sie werden Ihre tats\u00e4chlichen k\u00f6rperlichen Grenzen vor anspruchsvolleren Gipfeln kennenlernen \u2022 Wir besuchen D\u00f6rfer und treffen Einheimische, um ihre Kultur und Traditionen kennenzulernen \u2022 Wir probieren die lokale K\u00fcche, die niemanden gleichg\u00fcltig l\u00e4sst \u2022 Wir r\u00e4umen mit Mythen \u00fcber den Iran als ein f\u00fcr Touristen geschlossenes Land auf F\u00fcr die Einreise in den Iran ist ein VISUM erforderlich. Bitte beachten Sie, dass unser Unternehmen nicht im Bereich des Ticketverkaufs oder der Visabeschaffung t\u00e4tig ist und daher keine Verantwortung f\u00fcr h\u00f6here Gewalt im Zusammenhang mit Fl\u00fcgen oder Grenz\u00fcbertritten \u00fcbernimm\" \/>\n<meta property=\"og:url\" content=\"https:\/\/mountainguides.pro\/de\/tours\/climbing\/damavand\/\" \/>\n<meta property=\"og:site_name\" content=\"Mountain Guide\" \/>\n<meta property=\"article:publisher\" content=\"https:\/\/www.facebook.com\/Mountainguide-232956566756831\/\" \/>\n<meta property=\"article:modified_time\" content=\"2026-02-09T11:45:25+00:00\" \/>\n<meta property=\"og:image\" content=\"https:\/\/mountainguides.pro\/wp-content\/uploads\/2016\/05\/demavend.jpg\" \/>\n\t<meta property=\"og:image:width\" content=\"1000\" \/>\n\t<meta property=\"og:image:height\" content=\"750\" \/>\n\t<meta property=\"og:image:type\" content=\"image\/jpeg\" \/>\n<meta name=\"twitter:card\" content=\"summary_large_image\" \/>\n<meta name=\"twitter:site\" content=\"@Wintercyclone\" \/>\n<meta name=\"twitter:label1\" content=\"Gesch\u00e4tzte Lesezeit\" \/>\n\t<meta name=\"twitter:data1\" content=\"4\u00a0Minuten\" \/>\n<script type=\"application\/ld+json\" class=\"yoast-schema-graph\">{\"@context\":\"https:\\\/\\\/schema.org\",\"@graph\":[{\"@type\":\"WebPage\",\"@id\":\"https:\\\/\\\/mountainguides.pro\\\/ar\\\/tours\\\/climbing\\\/damavand\\\/\",\"url\":\"https:\\\/\\\/mountainguides.pro\\\/ar\\\/tours\\\/climbing\\\/damavand\\\/\",\"name\":\"Climb Damavand\",\"isPartOf\":{\"@id\":\"https:\\\/\\\/mountainguides.pro\\\/#website\"},\"primaryImageOfPage\":{\"@id\":\"https:\\\/\\\/mountainguides.pro\\\/ar\\\/tours\\\/climbing\\\/damavand\\\/#primaryimage\"},\"image\":{\"@id\":\"https:\\\/\\\/mountainguides.pro\\\/ar\\\/tours\\\/climbing\\\/damavand\\\/#primaryimage\"},\"thumbnailUrl\":\"https:\\\/\\\/mountainguides.pro\\\/wp-content\\\/uploads\\\/2016\\\/05\\\/demavend.jpg\",\"datePublished\":\"2016-05-15T07:47:05+00:00\",\"dateModified\":\"2026-02-09T11:45:25+00:00\",\"breadcrumb\":{\"@id\":\"https:\\\/\\\/mountainguides.pro\\\/ar\\\/tours\\\/climbing\\\/damavand\\\/#breadcrumb\"},\"inLanguage\":\"de\",\"potentialAction\":[{\"@type\":\"ReadAction\",\"target\":[\"https:\\\/\\\/mountainguides.pro\\\/ar\\\/tours\\\/climbing\\\/damavand\\\/\"]}]},{\"@type\":\"ImageObject\",\"inLanguage\":\"de\",\"@id\":\"https:\\\/\\\/mountainguides.pro\\\/ar\\\/tours\\\/climbing\\\/damavand\\\/#primaryimage\",\"url\":\"https:\\\/\\\/mountainguides.pro\\\/wp-content\\\/uploads\\\/2016\\\/05\\\/demavend.jpg\",\"contentUrl\":\"https:\\\/\\\/mountainguides.pro\\\/wp-content\\\/uploads\\\/2016\\\/05\\\/demavend.jpg\",\"width\":1000,\"height\":750,\"caption\":\"climb Damavand\"},{\"@type\":\"BreadcrumbList\",\"@id\":\"https:\\\/\\\/mountainguides.pro\\\/ar\\\/tours\\\/climbing\\\/damavand\\\/#breadcrumb\",\"itemListElement\":[{\"@type\":\"ListItem\",\"position\":1,\"name\":\"Home\",\"item\":\"https:\\\/\\\/mountainguides.pro\\\/de\\\/\"},{\"@type\":\"ListItem\",\"position\":2,\"name\":\"\u062a\u0633\u0644\u0642 \u062f\u064a\u0645\u0627\u0641\u064a\u0646\u062f\"}]},{\"@type\":\"WebSite\",\"@id\":\"https:\\\/\\\/mountainguides.pro\\\/#website\",\"url\":\"https:\\\/\\\/mountainguides.pro\\\/\",\"name\":\"Mountain Guide\",\"description\":\"We aspire to be the first in everything!\",\"publisher\":{\"@id\":\"https:\\\/\\\/mountainguides.pro\\\/#organization\"},\"potentialAction\":[{\"@type\":\"SearchAction\",\"target\":{\"@type\":\"EntryPoint\",\"urlTemplate\":\"https:\\\/\\\/mountainguides.pro\\\/?s={search_term_string}\"},\"query-input\":{\"@type\":\"PropertyValueSpecification\",\"valueRequired\":true,\"valueName\":\"search_term_string\"}}],\"inLanguage\":\"de\"},{\"@type\":\"Organization\",\"@id\":\"https:\\\/\\\/mountainguides.pro\\\/#organization\",\"name\":\"Mountain Guide\",\"url\":\"https:\\\/\\\/mountainguides.pro\\\/\",\"logo\":{\"@type\":\"ImageObject\",\"inLanguage\":\"de\",\"@id\":\"https:\\\/\\\/mountainguides.pro\\\/#\\\/schema\\\/logo\\\/image\\\/\",\"url\":\"https:\\\/\\\/mountainguides.pro\\\/wp-content\\\/uploads\\\/2018\\\/01\\\/mglogo.jpg\",\"contentUrl\":\"https:\\\/\\\/mountainguides.pro\\\/wp-content\\\/uploads\\\/2018\\\/01\\\/mglogo.jpg\",\"width\":1200,\"height\":630,\"caption\":\"Mountain Guide\"},\"image\":{\"@id\":\"https:\\\/\\\/mountainguides.pro\\\/#\\\/schema\\\/logo\\\/image\\\/\"},\"sameAs\":[\"https:\\\/\\\/www.facebook.com\\\/Mountainguide-232956566756831\\\/\",\"https:\\\/\\\/x.com\\\/Wintercyclone\",\"http:\\\/\\\/instagram.com\\\/mountainguide\",\"http:\\\/\\\/www.youtube.com\\\/mountainguide\"]}]}<\/script>\n<!-- \/ Yoast SEO Premium plugin. -->","yoast_head_json":{"title":"Climb Damavand","robots":{"index":"index","follow":"follow","max-snippet":"max-snippet:-1","max-image-preview":"max-image-preview:large","max-video-preview":"max-video-preview:-1"},"canonical":"https:\/\/mountainguides.pro\/de\/tours\/climbing\/damavand\/","og_locale":"de_DE","og_type":"article","og_title":"[:en]Climb Damavand[:de]Aufstieg zum Demavend[:es]Escalada en Demavend[:pt]Escalada em Demavend[:zh]\u767b\u9876\u8fbe\u9a6c\u4e07\u5fb7[:ko]\ub370\ub9c8\ubca4\ub4dc \ub4f1\ubc18[:ja]\u30c7\u30de\u30d9\u30f3\u30c9\u30af\u30e9\u30a4\u30df\u30f3\u30b0[:hi]\u0921\u0947\u092e\u093e\u0935\u0947\u0902\u0921 \u091a\u0922\u093c\u093e\u0908[:ar]\u062a\u0633\u0644\u0642 \u062f\u064a\u0645\u0627\u0641\u064a\u0646\u062f[:]","og_description":"\u2022 Wir besteigen den h\u00f6chsten Gipfel des Nahen Ostens unter der Leitung eines erfahrenen Bergf\u00fchrers mit Expeditionserfahrung \u00fcber 8000 Metern \u2022 Wir genie\u00dfen die unglaubliche landschaftliche Sch\u00f6nheit dieser Region \u2022 Wir akklimatisieren uns schrittweise, was einen Aufstieg ohne Kopfschmerzen und Unwohlsein erm\u00f6glicht \u2022 Sie werden Ihre tats\u00e4chlichen k\u00f6rperlichen Grenzen vor anspruchsvolleren Gipfeln kennenlernen \u2022 Wir besuchen D\u00f6rfer und treffen Einheimische, um ihre Kultur und Traditionen kennenzulernen \u2022 Wir probieren die lokale K\u00fcche, die niemanden gleichg\u00fcltig l\u00e4sst \u2022 Wir r\u00e4umen mit Mythen \u00fcber den Iran als ein f\u00fcr Touristen geschlossenes Land auf F\u00fcr die Einreise in den Iran ist ein VISUM erforderlich. Bitte beachten Sie, dass unser Unternehmen nicht im Bereich des Ticketverkaufs oder der Visabeschaffung t\u00e4tig ist und daher keine Verantwortung f\u00fcr h\u00f6here Gewalt im Zusammenhang mit Fl\u00fcgen oder Grenz\u00fcbertritten \u00fcbernimm","og_url":"https:\/\/mountainguides.pro\/de\/tours\/climbing\/damavand\/","og_site_name":"Mountain Guide","article_publisher":"https:\/\/www.facebook.com\/Mountainguide-232956566756831\/","article_modified_time":"2026-02-09T11:45:25+00:00","og_image":[{"width":1000,"height":750,"url":"https:\/\/mountainguides.pro\/wp-content\/uploads\/2016\/05\/demavend.jpg","type":"image\/jpeg"}],"twitter_card":"summary_large_image","twitter_site":"@Wintercyclone","twitter_misc":{"Gesch\u00e4tzte Lesezeit":"4\u00a0Minuten"},"schema":{"@context":"https:\/\/schema.org","@graph":[{"@type":"WebPage","@id":"https:\/\/mountainguides.pro\/ar\/tours\/climbing\/damavand\/","url":"https:\/\/mountainguides.pro\/ar\/tours\/climbing\/damavand\/","name":"Climb Damavand","isPartOf":{"@id":"https:\/\/mountainguides.pro\/#website"},"primaryImageOfPage":{"@id":"https:\/\/mountainguides.pro\/ar\/tours\/climbing\/damavand\/#primaryimage"},"image":{"@id":"https:\/\/mountainguides.pro\/ar\/tours\/climbing\/damavand\/#primaryimage"},"thumbnailUrl":"https:\/\/mountainguides.pro\/wp-content\/uploads\/2016\/05\/demavend.jpg","datePublished":"2016-05-15T07:47:05+00:00","dateModified":"2026-02-09T11:45:25+00:00","breadcrumb":{"@id":"https:\/\/mountainguides.pro\/ar\/tours\/climbing\/damavand\/#breadcrumb"},"inLanguage":"de","potentialAction":[{"@type":"ReadAction","target":["https:\/\/mountainguides.pro\/ar\/tours\/climbing\/damavand\/"]}]},{"@type":"ImageObject","inLanguage":"de","@id":"https:\/\/mountainguides.pro\/ar\/tours\/climbing\/damavand\/#primaryimage","url":"https:\/\/mountainguides.pro\/wp-content\/uploads\/2016\/05\/demavend.jpg","contentUrl":"https:\/\/mountainguides.pro\/wp-content\/uploads\/2016\/05\/demavend.jpg","width":1000,"height":750,"caption":"climb Damavand"},{"@type":"BreadcrumbList","@id":"https:\/\/mountainguides.pro\/ar\/tours\/climbing\/damavand\/#breadcrumb","itemListElement":[{"@type":"ListItem","position":1,"name":"Home","item":"https:\/\/mountainguides.pro\/de\/"},{"@type":"ListItem","position":2,"name":"\u062a\u0633\u0644\u0642 \u062f\u064a\u0645\u0627\u0641\u064a\u0646\u062f"}]},{"@type":"WebSite","@id":"https:\/\/mountainguides.pro\/#website","url":"https:\/\/mountainguides.pro\/","name":"Mountain Guide","description":"We aspire to be the first in everything!","publisher":{"@id":"https:\/\/mountainguides.pro\/#organization"},"potentialAction":[{"@type":"SearchAction","target":{"@type":"EntryPoint","urlTemplate":"https:\/\/mountainguides.pro\/?s={search_term_string}"},"query-input":{"@type":"PropertyValueSpecification","valueRequired":true,"valueName":"search_term_string"}}],"inLanguage":"de"},{"@type":"Organization","@id":"https:\/\/mountainguides.pro\/#organization","name":"Mountain Guide","url":"https:\/\/mountainguides.pro\/","logo":{"@type":"ImageObject","inLanguage":"de","@id":"https:\/\/mountainguides.pro\/#\/schema\/logo\/image\/","url":"https:\/\/mountainguides.pro\/wp-content\/uploads\/2018\/01\/mglogo.jpg","contentUrl":"https:\/\/mountainguides.pro\/wp-content\/uploads\/2018\/01\/mglogo.jpg","width":1200,"height":630,"caption":"Mountain Guide"},"image":{"@id":"https:\/\/mountainguides.pro\/#\/schema\/logo\/image\/"},"sameAs":["https:\/\/www.facebook.com\/Mountainguide-232956566756831\/","https:\/\/x.com\/Wintercyclone","http:\/\/instagram.com\/mountainguide","http:\/\/www.youtube.com\/mountainguide"]}]}},"_links":{"self":[{"href":"https:\/\/mountainguides.pro\/de\/wp-json\/wp\/v2\/product\/13829","targetHints":{"allow":["GET"]}}],"collection":[{"href":"https:\/\/mountainguides.pro\/de\/wp-json\/wp\/v2\/product"}],"about":[{"href":"https:\/\/mountainguides.pro\/de\/wp-json\/wp\/v2\/types\/product"}],"replies":[{"embeddable":true,"href":"https:\/\/mountainguides.pro\/de\/wp-json\/wp\/v2\/comments?post=13829"}],"version-history":[{"count":16,"href":"https:\/\/mountainguides.pro\/de\/wp-json\/wp\/v2\/product\/13829\/revisions"}],"predecessor-version":[{"id":32761,"href":"https:\/\/mountainguides.pro\/de\/wp-json\/wp\/v2\/product\/13829\/revisions\/32761"}],"wp:featuredmedia":[{"embeddable":true,"href":"https:\/\/mountainguides.pro\/de\/wp-json\/wp\/v2\/media\/13897"}],"wp:attachment":[{"href":"https:\/\/mountainguides.pro\/de\/wp-json\/wp\/v2\/media?parent=13829"}],"wp:term":[{"taxonomy":"product_cat","embeddable":true,"href":"https:\/\/mountainguides.pro\/de\/wp-json\/wp\/v2\/product_cat?post=13829"},{"taxonomy":"product_tag","embeddable":true,"href":"https:\/\/mountainguides.pro\/de\/wp-json\/wp\/v2\/product_tag?post=13829"}],"curies":[{"name":"wp","href":"https:\/\/api.w.org\/{rel}","templated":true}]}}