{"id":13836,"date":"2016-05-15T10:47:05","date_gmt":"2016-05-15T07:47:05","guid":{"rendered":"http:\/\/mountainguide.ru\/ru\/climbing\/%d0%ba%d0%be%d1%81%d1%86%d1%8e%d1%88%d0%ba%d0%be\/"},"modified":"2026-02-09T15:37:24","modified_gmt":"2026-02-09T12:37:24","slug":"kosciuszko","status":"publish","type":"product","link":"https:\/\/mountainguides.pro\/de\/tours\/climbing\/kosciuszko\/","title":{"rendered":"Aufstieg nach Kosciuszko"},"content":{"rendered":"<h2>About the tour<\/h2>\n<p>About the tour<\/p>\n<h2>Kosciuszko climbing.<\/h2>\n<p>Schedule and Services<\/p>\n<h2>The cost of Kosciuszko climb includes:<\/h2>\n<h2>Not included in the cost of Kosciuszko climb:<\/h2>\n<h2>Equipment.<\/h2>\n<p><a role=\"button\" href=\"#\"><br \/>\nDownload PDF<br \/>\n<\/a><\/p>\n","protected":false},"excerpt":{"rendered":"<p class=\"p1\">Aufstieg zum h\u00f6chsten Punkt Australiens: Wir besteigen den Mount Kosciuszko (2.228\u202fm), einen der \u201eSeven Summits\u201c<\/p>\n<p class=\"p1\">Malerische Spazierg\u00e4nge entlang des Lake Jindabyne \u2013 eines sch\u00f6nen Sees, der die Berggipfel widerspiegelt<\/p>\n<p class=\"p1\">Exkursionen in Canberra: Wir lernen die Kultur und Geschichte Australiens kennen und besuchen die National Gallery und das Parlament<\/p>\n<p class=\"p1\">Nationalpark Kosciuszko: Vollst\u00e4ndiges Eintauchen in die reiche Natur der Region mit der M\u00f6glichkeit, K\u00e4ngurus, Wombats und seltene Vogelarten in ihrer nat\u00fcrlichen Umgebung zu beobachten<\/p>\n<p class=\"p1\">Malerische Weing\u00fcter: Wir beenden die Reise mit unvergesslichen Momenten der Weinverkostung, genie\u00dfen die Atmosph\u00e4re sonniger Weinberge und exquisite Gerichte der australischen K\u00fcche<\/p>\n<p class=\"p1\">*Bitte beachten Sie, dass unser Unternehmen nicht im Bereich des Kaufs oder Verkaufs von Flugtickets sowie der Beantragung von Visa t\u00e4tig ist und daher nicht f\u00fcr unvorhergesehene Ereignisse im Zusammenhang mit Fl\u00fcgen oder Grenz\u00fcbertritten haftet.<\/p>\n<p class=\"p1\"><strong>Wichtige Informationen:<\/strong><\/p>\n<p class=\"p1\">Check-in- und Check-out-Zeiten sind vom Hotel festgelegt: Check-in ab 15 Uhr, Check-out bis 11\u201312 Uhr. Gep\u00e4ck kann an der Hotelrezeption gelassen werden, um die Stadt zu erkunden, oder bei technischer M\u00f6glichkeit gegen Aufpreis f\u00fcr fr\u00fchen Check-in\/sp\u00e4ten Check-out.<\/p>\n<p class=\"p1\">In Australien gibt es einige Schwierigkeiten beim Umtausch kleiner, abgenutzter oder alter (bis Baujahr 2009) Dollarbanknoten. Beachten Sie dies: An manchen Orten fallen zus\u00e4tzliche Geb\u00fchren an, an anderen kann der Umtausch verweigert werden.<\/p>\n","protected":false},"featured_media":13888,"comment_status":"closed","ping_status":"closed","template":"","meta":{"_acf_changed":false,"footnotes":""},"product_cat":[320],"product_tag":[],"class_list":{"0":"post-13836","1":"product","2":"type-product","3":"status-publish","4":"has-post-thumbnail","6":"product_cat-climbing","8":"first","9":"instock","10":"virtual","11":"purchasable","12":"product-type-simple"},"acf":[],"yoast_head":"<!-- This site is optimized with the Yoast SEO Premium plugin v26.5 (Yoast SEO v27.3) - https:\/\/yoast.com\/product\/yoast-seo-premium-wordpress\/ -->\n<title>Climb Kosciuszko<\/title>\n<meta name=\"robots\" content=\"index, follow, max-snippet:-1, max-image-preview:large, max-video-preview:-1\" \/>\n<link rel=\"canonical\" href=\"https:\/\/mountainguides.pro\/de\/tours\/climbing\/kosciuszko\/\" \/>\n<meta property=\"og:locale\" content=\"de_DE\" \/>\n<meta property=\"og:locale:alternate\" content=\"en_US\" \/>\n<meta property=\"og:locale:alternate\" content=\"ru_RU\" \/>\n<meta property=\"og:locale:alternate\" content=\"es\" \/>\n<meta property=\"og:locale:alternate\" content=\"pt\" \/>\n<meta property=\"og:locale:alternate\" content=\"zh\" \/>\n<meta property=\"og:locale:alternate\" content=\"ko\" \/>\n<meta property=\"og:locale:alternate\" content=\"ja\" \/>\n<meta property=\"og:locale:alternate\" content=\"hi\" \/>\n<meta property=\"og:locale:alternate\" content=\"ar\" \/>\n<meta property=\"og:type\" content=\"article\" \/>\n<meta property=\"og:title\" content=\"Aufstieg nach Kosciuszko\" \/>\n<meta property=\"og:description\" content=\"Aufstieg zum h\u00f6chsten Punkt Australiens: Wir besteigen den Mount Kosciuszko (2.228\u202fm), einen der \u201eSeven Summits\u201c Malerische Spazierg\u00e4nge entlang des Lake Jindabyne \u2013 eines sch\u00f6nen Sees, der die Berggipfel widerspiegelt Exkursionen in Canberra: Wir lernen die Kultur und Geschichte Australiens kennen und besuchen die National Gallery und das Parlament Nationalpark Kosciuszko: Vollst\u00e4ndiges Eintauchen in die reiche Natur der Region mit der M\u00f6glichkeit, K\u00e4ngurus, Wombats und seltene Vogelarten in ihrer nat\u00fcrlichen Umgebung zu beobachten Malerische Weing\u00fcter: Wir beenden die Reise mit unvergesslichen Momenten der Weinverkostung, genie\u00dfen die Atmosph\u00e4re sonniger Weinberge und exquisite Gerichte der australischen K\u00fcche *Bitte beachten Sie, dass unser Unternehmen nicht im Bereich des Kaufs oder Verkaufs von Flugtickets sowie der Beantragung von Visa t\u00e4tig ist und daher nicht f\u00fcr unvorhergesehene Ereignisse im Zusammenhang mit Fl\u00fcgen oder Grenz\u00fcbertritten haftet. Wichtige Informationen: Check-in- und Check-out-Zeiten sind vom Hotel festgelegt: Check-in ab 15 Uhr, Check-out bis 11\u201312 Uhr. Gep\u00e4ck kann an der Hotelrezeption gelassen werden, um die Stadt zu erkunden, oder bei technischer M\u00f6glichkeit gegen Aufpreis f\u00fcr fr\u00fchen Check-in\/sp\u00e4ten Check-out. In Australien gibt es einige Schwierigkeiten beim Umtausch kleiner, abgenutzter oder alter (bis Baujahr 2009) Dollarbanknoten. Beachten Sie dies: An manchen Orten fallen zus\u00e4tzliche Geb\u00fchren an, an anderen kann der Umtausch verweigert werden.\" \/>\n<meta property=\"og:url\" content=\"https:\/\/mountainguides.pro\/de\/tours\/climbing\/kosciuszko\/\" \/>\n<meta property=\"og:site_name\" content=\"Mountain Guide\" \/>\n<meta property=\"article:publisher\" content=\"https:\/\/www.facebook.com\/Mountainguide-232956566756831\/\" \/>\n<meta property=\"article:modified_time\" content=\"2026-02-09T12:37:24+00:00\" \/>\n<meta property=\"og:image\" content=\"https:\/\/mountainguides.pro\/wp-content\/uploads\/2016\/05\/kosciuszko.jpg\" \/>\n\t<meta property=\"og:image:width\" content=\"800\" \/>\n\t<meta property=\"og:image:height\" content=\"600\" \/>\n\t<meta property=\"og:image:type\" content=\"image\/jpeg\" \/>\n<meta name=\"twitter:card\" content=\"summary_large_image\" \/>\n<meta name=\"twitter:site\" content=\"@Wintercyclone\" \/>\n<meta name=\"twitter:label1\" content=\"Gesch\u00e4tzte Lesezeit\" \/>\n\t<meta name=\"twitter:data1\" content=\"1\u00a0Minute\" \/>\n<script type=\"application\/ld+json\" class=\"yoast-schema-graph\">{\"@context\":\"https:\\\/\\\/schema.org\",\"@graph\":[{\"@type\":\"WebPage\",\"@id\":\"https:\\\/\\\/mountainguides.pro\\\/ar\\\/tours\\\/climbing\\\/kosciuszko\\\/\",\"url\":\"https:\\\/\\\/mountainguides.pro\\\/ar\\\/tours\\\/climbing\\\/kosciuszko\\\/\",\"name\":\"Climb Kosciuszko\",\"isPartOf\":{\"@id\":\"https:\\\/\\\/mountainguides.pro\\\/#website\"},\"primaryImageOfPage\":{\"@id\":\"https:\\\/\\\/mountainguides.pro\\\/ar\\\/tours\\\/climbing\\\/kosciuszko\\\/#primaryimage\"},\"image\":{\"@id\":\"https:\\\/\\\/mountainguides.pro\\\/ar\\\/tours\\\/climbing\\\/kosciuszko\\\/#primaryimage\"},\"thumbnailUrl\":\"https:\\\/\\\/mountainguides.pro\\\/wp-content\\\/uploads\\\/2016\\\/05\\\/kosciuszko.jpg\",\"datePublished\":\"2016-05-15T07:47:05+00:00\",\"dateModified\":\"2026-02-09T12:37:24+00:00\",\"breadcrumb\":{\"@id\":\"https:\\\/\\\/mountainguides.pro\\\/ar\\\/tours\\\/climbing\\\/kosciuszko\\\/#breadcrumb\"},\"inLanguage\":\"de\",\"potentialAction\":[{\"@type\":\"ReadAction\",\"target\":[\"https:\\\/\\\/mountainguides.pro\\\/ar\\\/tours\\\/climbing\\\/kosciuszko\\\/\"]}]},{\"@type\":\"ImageObject\",\"inLanguage\":\"de\",\"@id\":\"https:\\\/\\\/mountainguides.pro\\\/ar\\\/tours\\\/climbing\\\/kosciuszko\\\/#primaryimage\",\"url\":\"https:\\\/\\\/mountainguides.pro\\\/wp-content\\\/uploads\\\/2016\\\/05\\\/kosciuszko.jpg\",\"contentUrl\":\"https:\\\/\\\/mountainguides.pro\\\/wp-content\\\/uploads\\\/2016\\\/05\\\/kosciuszko.jpg\",\"width\":800,\"height\":600,\"caption\":\"climb Kosciuszko\"},{\"@type\":\"BreadcrumbList\",\"@id\":\"https:\\\/\\\/mountainguides.pro\\\/ar\\\/tours\\\/climbing\\\/kosciuszko\\\/#breadcrumb\",\"itemListElement\":[{\"@type\":\"ListItem\",\"position\":1,\"name\":\"Home\",\"item\":\"https:\\\/\\\/mountainguides.pro\\\/de\\\/\"},{\"@type\":\"ListItem\",\"position\":2,\"name\":\"\u0635\u0639\u0648\u062f \u0643\u0648\u0633\u064a\u0648\u0633\u0643\u0648\"}]},{\"@type\":\"WebSite\",\"@id\":\"https:\\\/\\\/mountainguides.pro\\\/#website\",\"url\":\"https:\\\/\\\/mountainguides.pro\\\/\",\"name\":\"Mountain Guide\",\"description\":\"We aspire to be the first in everything!\",\"publisher\":{\"@id\":\"https:\\\/\\\/mountainguides.pro\\\/#organization\"},\"potentialAction\":[{\"@type\":\"SearchAction\",\"target\":{\"@type\":\"EntryPoint\",\"urlTemplate\":\"https:\\\/\\\/mountainguides.pro\\\/?s={search_term_string}\"},\"query-input\":{\"@type\":\"PropertyValueSpecification\",\"valueRequired\":true,\"valueName\":\"search_term_string\"}}],\"inLanguage\":\"de\"},{\"@type\":\"Organization\",\"@id\":\"https:\\\/\\\/mountainguides.pro\\\/#organization\",\"name\":\"Mountain Guide\",\"url\":\"https:\\\/\\\/mountainguides.pro\\\/\",\"logo\":{\"@type\":\"ImageObject\",\"inLanguage\":\"de\",\"@id\":\"https:\\\/\\\/mountainguides.pro\\\/#\\\/schema\\\/logo\\\/image\\\/\",\"url\":\"https:\\\/\\\/mountainguides.pro\\\/wp-content\\\/uploads\\\/2018\\\/01\\\/mglogo.jpg\",\"contentUrl\":\"https:\\\/\\\/mountainguides.pro\\\/wp-content\\\/uploads\\\/2018\\\/01\\\/mglogo.jpg\",\"width\":1200,\"height\":630,\"caption\":\"Mountain Guide\"},\"image\":{\"@id\":\"https:\\\/\\\/mountainguides.pro\\\/#\\\/schema\\\/logo\\\/image\\\/\"},\"sameAs\":[\"https:\\\/\\\/www.facebook.com\\\/Mountainguide-232956566756831\\\/\",\"https:\\\/\\\/x.com\\\/Wintercyclone\",\"http:\\\/\\\/instagram.com\\\/mountainguide\",\"http:\\\/\\\/www.youtube.com\\\/mountainguide\"]}]}<\/script>\n<!-- \/ Yoast SEO Premium plugin. -->","yoast_head_json":{"title":"Climb Kosciuszko","robots":{"index":"index","follow":"follow","max-snippet":"max-snippet:-1","max-image-preview":"max-image-preview:large","max-video-preview":"max-video-preview:-1"},"canonical":"https:\/\/mountainguides.pro\/de\/tours\/climbing\/kosciuszko\/","og_locale":"de_DE","og_type":"article","og_title":"[:en]Climb Kosciuszko[:de]Aufstieg nach Kosciuszko[:es]Escalada en Kosciuszko[:pt]Escalada Kosciusko[:zh]\u79d1\u897f\u4e4c\u65af\u79d1\u7684\u4e0a\u5347[:ko]\ucf54\uc2dc\uc6b0\uce20\ucf54 \ub4f1\ubc18[:ja]\u30b3\u30b8\u30a6\u30b9\u30b3\u306e\u4e0a\u6607[:hi]\u0915\u094b\u0938\u093f\u092f\u0938\u091c\u093c\u0915\u094b \u0915\u0940 \u091a\u0922\u093c\u093e\u0908[:ar]\u0635\u0639\u0648\u062f \u0643\u0648\u0633\u064a\u0648\u0633\u0643\u0648[:]","og_description":"Aufstieg zum h\u00f6chsten Punkt Australiens: Wir besteigen den Mount Kosciuszko (2.228\u202fm), einen der \u201eSeven Summits\u201c Malerische Spazierg\u00e4nge entlang des Lake Jindabyne \u2013 eines sch\u00f6nen Sees, der die Berggipfel widerspiegelt Exkursionen in Canberra: Wir lernen die Kultur und Geschichte Australiens kennen und besuchen die National Gallery und das Parlament Nationalpark Kosciuszko: Vollst\u00e4ndiges Eintauchen in die reiche Natur der Region mit der M\u00f6glichkeit, K\u00e4ngurus, Wombats und seltene Vogelarten in ihrer nat\u00fcrlichen Umgebung zu beobachten Malerische Weing\u00fcter: Wir beenden die Reise mit unvergesslichen Momenten der Weinverkostung, genie\u00dfen die Atmosph\u00e4re sonniger Weinberge und exquisite Gerichte der australischen K\u00fcche *Bitte beachten Sie, dass unser Unternehmen nicht im Bereich des Kaufs oder Verkaufs von Flugtickets sowie der Beantragung von Visa t\u00e4tig ist und daher nicht f\u00fcr unvorhergesehene Ereignisse im Zusammenhang mit Fl\u00fcgen oder Grenz\u00fcbertritten haftet. Wichtige Informationen: Check-in- und Check-out-Zeiten sind vom Hotel festgelegt: Check-in ab 15 Uhr, Check-out bis 11\u201312 Uhr. Gep\u00e4ck kann an der Hotelrezeption gelassen werden, um die Stadt zu erkunden, oder bei technischer M\u00f6glichkeit gegen Aufpreis f\u00fcr fr\u00fchen Check-in\/sp\u00e4ten Check-out. In Australien gibt es einige Schwierigkeiten beim Umtausch kleiner, abgenutzter oder alter (bis Baujahr 2009) Dollarbanknoten. Beachten Sie dies: An manchen Orten fallen zus\u00e4tzliche Geb\u00fchren an, an anderen kann der Umtausch verweigert werden.","og_url":"https:\/\/mountainguides.pro\/de\/tours\/climbing\/kosciuszko\/","og_site_name":"Mountain Guide","article_publisher":"https:\/\/www.facebook.com\/Mountainguide-232956566756831\/","article_modified_time":"2026-02-09T12:37:24+00:00","og_image":[{"width":800,"height":600,"url":"https:\/\/mountainguides.pro\/wp-content\/uploads\/2016\/05\/kosciuszko.jpg","type":"image\/jpeg"}],"twitter_card":"summary_large_image","twitter_site":"@Wintercyclone","twitter_misc":{"Gesch\u00e4tzte Lesezeit":"1\u00a0Minute"},"schema":{"@context":"https:\/\/schema.org","@graph":[{"@type":"WebPage","@id":"https:\/\/mountainguides.pro\/ar\/tours\/climbing\/kosciuszko\/","url":"https:\/\/mountainguides.pro\/ar\/tours\/climbing\/kosciuszko\/","name":"Climb Kosciuszko","isPartOf":{"@id":"https:\/\/mountainguides.pro\/#website"},"primaryImageOfPage":{"@id":"https:\/\/mountainguides.pro\/ar\/tours\/climbing\/kosciuszko\/#primaryimage"},"image":{"@id":"https:\/\/mountainguides.pro\/ar\/tours\/climbing\/kosciuszko\/#primaryimage"},"thumbnailUrl":"https:\/\/mountainguides.pro\/wp-content\/uploads\/2016\/05\/kosciuszko.jpg","datePublished":"2016-05-15T07:47:05+00:00","dateModified":"2026-02-09T12:37:24+00:00","breadcrumb":{"@id":"https:\/\/mountainguides.pro\/ar\/tours\/climbing\/kosciuszko\/#breadcrumb"},"inLanguage":"de","potentialAction":[{"@type":"ReadAction","target":["https:\/\/mountainguides.pro\/ar\/tours\/climbing\/kosciuszko\/"]}]},{"@type":"ImageObject","inLanguage":"de","@id":"https:\/\/mountainguides.pro\/ar\/tours\/climbing\/kosciuszko\/#primaryimage","url":"https:\/\/mountainguides.pro\/wp-content\/uploads\/2016\/05\/kosciuszko.jpg","contentUrl":"https:\/\/mountainguides.pro\/wp-content\/uploads\/2016\/05\/kosciuszko.jpg","width":800,"height":600,"caption":"climb Kosciuszko"},{"@type":"BreadcrumbList","@id":"https:\/\/mountainguides.pro\/ar\/tours\/climbing\/kosciuszko\/#breadcrumb","itemListElement":[{"@type":"ListItem","position":1,"name":"Home","item":"https:\/\/mountainguides.pro\/de\/"},{"@type":"ListItem","position":2,"name":"\u0635\u0639\u0648\u062f \u0643\u0648\u0633\u064a\u0648\u0633\u0643\u0648"}]},{"@type":"WebSite","@id":"https:\/\/mountainguides.pro\/#website","url":"https:\/\/mountainguides.pro\/","name":"Mountain Guide","description":"We aspire to be the first in everything!","publisher":{"@id":"https:\/\/mountainguides.pro\/#organization"},"potentialAction":[{"@type":"SearchAction","target":{"@type":"EntryPoint","urlTemplate":"https:\/\/mountainguides.pro\/?s={search_term_string}"},"query-input":{"@type":"PropertyValueSpecification","valueRequired":true,"valueName":"search_term_string"}}],"inLanguage":"de"},{"@type":"Organization","@id":"https:\/\/mountainguides.pro\/#organization","name":"Mountain Guide","url":"https:\/\/mountainguides.pro\/","logo":{"@type":"ImageObject","inLanguage":"de","@id":"https:\/\/mountainguides.pro\/#\/schema\/logo\/image\/","url":"https:\/\/mountainguides.pro\/wp-content\/uploads\/2018\/01\/mglogo.jpg","contentUrl":"https:\/\/mountainguides.pro\/wp-content\/uploads\/2018\/01\/mglogo.jpg","width":1200,"height":630,"caption":"Mountain Guide"},"image":{"@id":"https:\/\/mountainguides.pro\/#\/schema\/logo\/image\/"},"sameAs":["https:\/\/www.facebook.com\/Mountainguide-232956566756831\/","https:\/\/x.com\/Wintercyclone","http:\/\/instagram.com\/mountainguide","http:\/\/www.youtube.com\/mountainguide"]}]}},"_links":{"self":[{"href":"https:\/\/mountainguides.pro\/de\/wp-json\/wp\/v2\/product\/13836","targetHints":{"allow":["GET"]}}],"collection":[{"href":"https:\/\/mountainguides.pro\/de\/wp-json\/wp\/v2\/product"}],"about":[{"href":"https:\/\/mountainguides.pro\/de\/wp-json\/wp\/v2\/types\/product"}],"replies":[{"embeddable":true,"href":"https:\/\/mountainguides.pro\/de\/wp-json\/wp\/v2\/comments?post=13836"}],"version-history":[{"count":13,"href":"https:\/\/mountainguides.pro\/de\/wp-json\/wp\/v2\/product\/13836\/revisions"}],"predecessor-version":[{"id":32766,"href":"https:\/\/mountainguides.pro\/de\/wp-json\/wp\/v2\/product\/13836\/revisions\/32766"}],"wp:featuredmedia":[{"embeddable":true,"href":"https:\/\/mountainguides.pro\/de\/wp-json\/wp\/v2\/media\/13888"}],"wp:attachment":[{"href":"https:\/\/mountainguides.pro\/de\/wp-json\/wp\/v2\/media?parent=13836"}],"wp:term":[{"taxonomy":"product_cat","embeddable":true,"href":"https:\/\/mountainguides.pro\/de\/wp-json\/wp\/v2\/product_cat?post=13836"},{"taxonomy":"product_tag","embeddable":true,"href":"https:\/\/mountainguides.pro\/de\/wp-json\/wp\/v2\/product_tag?post=13836"}],"curies":[{"name":"wp","href":"https:\/\/api.w.org\/{rel}","templated":true}]}}