{"id":13850,"date":"2016-06-28T18:46:44","date_gmt":"2016-06-28T15:46:44","guid":{"rendered":"http:\/\/mountainguides.pro\/?post_type=product&#038;p=13850"},"modified":"2026-02-06T14:52:59","modified_gmt":"2026-02-06T11:52:59","slug":"elbrus-traverse-from-north-to-south","status":"publish","type":"product","link":"https:\/\/mountainguides.pro\/de\/tours\/climb-elbrus\/elbrus-traverse-from-north-to-south\/","title":{"rendered":"Aufstieg zum Elbrus, Traverse von Norden nach S\u00fcden"},"content":{"rendered":"<h2>About the tour<\/h2>\n<p><strong>Please note that unlike other guiding companies, we always climb Elbrus\u2019s higher West summit (5642m) and not the lower East one (5621m) \u2013 in order to avoid possible disaccord between our group members.<\/strong><\/p>\n<p>Elbrus North to South traverse is little different from an\u00a0Elbrus climb\u00a0from the North. And the little difference is in a bit heavier backpack and more comfortable accommodation during descent. This climbing route allows to see both sides of Mt. Elbrus along with ridges and snowy summits of the Greater Caucasus Mountain Range, in addition to the fields and meadows on Elbrus\u2019s northern slopes.<\/p>\n<p>When climbing Elbrus from the North, you wouldn\u2019t see any hotels, highways or restaurants. Instead, you will be able to enjoy night views of some Caucasian towns and ancient moraines decorated with amazing lava sculptures. And towering over this incredible beauty is huge Mt. Elbrus.<\/p>\n<p>Located in this area, at an elevation of 3000 m, is a vast plateau \u2013 a natural landing field. During WWII the Nazi were using it for landing of troops. Those climbers who choose to climb Elbrus from the South cannot see all this.<\/p>\n<p>We offer you a true mountaineering experience when climbing Elbrus from the North, with sleeping in tents, with mountain brooks \u2013 all of that full of romantic appeal.<\/p>\n<p>You will hear or see no sign of civilization on this route \u2013 only mountains and nature.<\/p>\n<h2>9-day Schedule for a Guided Elbrus North to South Traverse.<\/h2>\n<p><strong>Day 1.<\/strong> Meeting at Mineralnye Vody airport or railway station, (plan arrive no later than 12:00 noon), taking a ride to Emanuel glade.<br \/>\n<strong>Day 2.<\/strong>\u00a0Acclimatization hike with equipment to the refuge at 3700m, followed by descent. Sleeping in tents or huts on Emanuel glade.<br \/>\n<strong>Day 3.<\/strong>\u00a0Hike to the refuge.<br \/>\n<strong>Day 4.<\/strong>\u00a0Acclimatization hike to Lents Rocks (4700m). Staying overnight at refuge (3700m).<br \/>\n<strong>Day 5.<\/strong>\u00a0Rest day. Preparations for summiting. Staying overnight at refuge (3700m).<br \/>\n<strong>Day 6.<\/strong> Summiting Mt. Elbrus, with start at 2 or 4 AM as the guide decides. Climbing Elbrus takes 6 to 10 hours. The extra equipment will not have to be carried &#8211; the porter will take him from the camp to 3700 meters and deliver to the sources of J\u00f5lysu, from where your luggage will be delivered to your hotel in Mineralnye Vody.<br \/>\n<strong>Day 7.<\/strong>\u00a0Reserved in case of having bad weather.<br \/>\n<strong>Day 8.\u00a0<\/strong>\u00a0Descent and transfer to Mineralnye Vody. Hotel checking in, taking a walk.<br \/>\n<strong>Day 9.\u00a0<\/strong>Transfer to Mineralnye Vody airport.<\/p>\n<p><strong>To give you peace of mind, the package tours we offer, as a rule, include all expenses you may face.<\/strong><\/p>\n<h2>Included in the cost of Elbrus North to South Traverse:<\/h2>\n<ul>\n<li>\n<ul>\n<li>Hotel with accommodation in double and triple rooms. Duration of stay depends<\/li>\n<\/ul>\n<ul>\n<li>Accommodation in huts. Duration of stay according to the climb schedule.<\/li>\n<li>All transfers mentioned in the itinerary.<\/li>\n<li>Meals three times a day throughout the trip. Dinner on the first day, breakfast \u2013 on the last.<\/li>\n<li>All required permits and registrations.<\/li>\n<li>Mountain guides: one leading guide for the program of Elbrus South to North traverse and several assistants for the day of summiting, with a strict proportion of 1 guide per three climbers. This means that if there are four clients in a group, there will be two guides for them.\u00a0<strong>We have no limitation of attempts for the group to summit.<\/strong><\/li>\n<li>Equipment for the group (ropes, ice screws, radios, first aid set, satellite navigators\/GPS).<\/li>\n<\/ul>\n<\/li>\n<\/ul>\n<h2>Not included in the cost of Elbrus North to South Traverse:<\/h2>\n<ul>\n<li>Single accommodation<\/li>\n<li>Personal equipment<\/li>\n<li>Services of guides and cooks in case of any deviations to the original schedule.<\/li>\n<li>Any costs associated with program changes<\/li>\n<\/ul>\n<h2>List of equipment for Elbrus traverse from the North to South.<\/h2>\n<p><a role=\"button\" href=\"#\"><br \/>\nDownload PDF<br \/>\n<\/a><\/p>\n<p>Documents<\/p>\n<ul>\n<li>Valid passport<\/li>\n<li>Airline tickets<\/li>\n<li>Voucher (a form, which was sent to you for obtaining visa)<\/li>\n<li>Insurance<\/li>\n<\/ul>\n<p>Personal equipment<\/p>\n<ul>\n<li>Backpack<\/li>\n<li>Sleeping bag<\/li>\n<li>Ski\/trekking poles<\/li>\n<li>Crampons<\/li>\n<li>Ice axe<\/li>\n<li>Mountaineering Lanyard<\/li>\n<li>Helmet<\/li>\n<li>Harness<\/li>\n<li>5 Carabines<\/li>\n<li>7 meters of 5 or 6 mm rope<\/li>\n<\/ul>\n<p>Clothing and shoes.<\/p>\n<ul>\n<li>Wind and waterproof layer \u2013 Pants and Jacket. Gore-Tex, for example.<\/li>\n<li>Fleece pants and jacket<\/li>\n<li>Thermo underwear layer \u2013 top and bottom<\/li>\n<li>Dawn jacket.<\/li>\n<li>Mittens<\/li>\n<li>Thick gloves<\/li>\n<li>Thin gloves<\/li>\n<li>Bandana<\/li>\n<li>Warm hat<\/li>\n<li>Underwear, socks and so on<\/li>\n<li>Some warm socks for a summit day<\/li>\n<li>Balaclava<\/li>\n<li>Windproof face mask<\/li>\n<li>Gators<\/li>\n<li>Trekking shoes\/trekking boots<\/li>\n<li>Double or triple boots<\/li>\n<\/ul>\n<p>Travel Accessories<\/p>\n<ul>\n<li>Headlamp<\/li>\n<li>Shower accessories, toothpaste, toothbrush<\/li>\n<li>Sunglasses<\/li>\n<li>Ski goggles<\/li>\n<li>Vitamins<\/li>\n<li>Thermos (1 liter, better without button)<\/li>\n<li>Sunblock and lip balm<\/li>\n<li>Personal medical kit<\/li>\n<li>Spare contact lenses or glasses<\/li>\n<li>Knee supports<\/li>\n<\/ul>\n","protected":false},"excerpt":{"rendered":"<p class=\"p1\">Warum sollte man mit uns auf den Elbrus gehen?<\/p>\n<p class=\"p2\">In erster Linie wegen <span class=\"s1\">unserer und nur unserer Guides<\/span> \u2013 Menschen, die f\u00fcr Ihr Leben und Ihre Gesundheit verantwortlich sein werden. Leider passieren auch heute noch Unf\u00e4lle, sogar in einigen kommerziellen Gruppen. Zweitens ist dies unsere <span class=\"s1\">vierundzwanzigste Saison<\/span> am Elbrus, und jeder Schritt unseres Programms ist bis zur Perfektion ausgearbeitet. Drittens werden Sie h\u00f6chstwahrscheinlich sp\u00e4ter mit uns auf anspruchsvollere Berge fahren \u2013 also warum nicht gleich zu Beginn unsere St\u00e4rke und Qualit\u00e4t pr\u00fcfen?<\/p>\n<p class=\"p2\">Alle Expeditionen, die im Abschnitt \u201eDaten und Preise\u201c aufgef\u00fchrt sind, werden <span class=\"s1\">ab 2 Teilnehmern<\/span> in einer Gruppe durchgef\u00fchrt. Wir sind au\u00dferdem bereit, einen <span class=\"s1\">Familienurlaub<\/span> f\u00fcr Ihre Angeh\u00f6rigen zu organisieren, damit sich niemand langweilt, w\u00e4hrend Sie mit dem Aufstieg besch\u00e4ftigt sind.<\/p>\n<p class=\"p1\"><strong>Wichtige Informationen:<\/strong><\/p>\n<p class=\"p2\">Die Check-in- und Check-out-Zeiten werden vom Hotel geregelt: Check-in ab 15:00 Uhr, Check-out bis 11:00\u201312:00 Uhr. Das Gep\u00e4ck kann an der Rezeption des Hotels aufbewahrt werden, um anschlie\u00dfend die Umgebung zu erkunden, oder \u2013 falls technisch m\u00f6glich \u2013 ein fr\u00fcher Check-in\/sp\u00e4ter Check-out gegen Aufpreis organisiert werden.<\/p>\n<p class=\"p2\">Als <span class=\"s1\">Versuch<\/span> gilt jeder Aufbruch aus der Bergh\u00fctte am Tag des Gipfelaufstiegs.<\/p>\n<p class=\"p2\">F\u00fcr ausl\u00e4ndische Staatsb\u00fcrger stellen wir bei Bedarf <span class=\"s1\">Einladungsschreiben<\/span> f\u00fcr die Teilnahme an unseren Touren aus.<\/p>\n","protected":false},"featured_media":14936,"comment_status":"open","ping_status":"closed","template":"","meta":{"_acf_changed":false,"footnotes":""},"product_cat":[330,320,355],"product_tag":[],"class_list":{"0":"post-13850","1":"product","2":"type-product","3":"status-publish","4":"has-post-thumbnail","6":"product_cat-climb-elbrus","7":"product_cat-climbing","8":"product_cat-only-mount","10":"first","11":"instock","12":"downloadable","13":"shipping-taxable","14":"purchasable","15":"product-type-simple"},"acf":[],"yoast_head":"<!-- This site is optimized with the Yoast SEO Premium plugin v26.5 (Yoast SEO v27.3) - https:\/\/yoast.com\/product\/yoast-seo-premium-wordpress\/ -->\n<title>Climb Elbrus Traverse North to South<\/title>\n<meta name=\"robots\" content=\"index, follow, max-snippet:-1, max-image-preview:large, max-video-preview:-1\" \/>\n<link rel=\"canonical\" href=\"https:\/\/mountainguides.pro\/de\/tours\/climb-elbrus\/elbrus-traverse-from-north-to-south\/\" \/>\n<meta property=\"og:locale\" content=\"de_DE\" \/>\n<meta property=\"og:locale:alternate\" content=\"en_US\" \/>\n<meta property=\"og:locale:alternate\" content=\"ru_RU\" \/>\n<meta property=\"og:locale:alternate\" content=\"es\" \/>\n<meta property=\"og:locale:alternate\" content=\"pt\" \/>\n<meta property=\"og:locale:alternate\" content=\"zh\" \/>\n<meta property=\"og:locale:alternate\" content=\"ko\" \/>\n<meta property=\"og:locale:alternate\" content=\"ja\" \/>\n<meta property=\"og:locale:alternate\" content=\"hi\" \/>\n<meta property=\"og:locale:alternate\" content=\"ar\" \/>\n<meta property=\"og:type\" content=\"article\" \/>\n<meta property=\"og:title\" content=\"Aufstieg zum Elbrus, Traverse von Norden nach S\u00fcden\" \/>\n<meta property=\"og:description\" content=\"Warum sollte man mit uns auf den Elbrus gehen? In erster Linie wegen unserer und nur unserer Guides \u2013 Menschen, die f\u00fcr Ihr Leben und Ihre Gesundheit verantwortlich sein werden. Leider passieren auch heute noch Unf\u00e4lle, sogar in einigen kommerziellen Gruppen. Zweitens ist dies unsere vierundzwanzigste Saison am Elbrus, und jeder Schritt unseres Programms ist bis zur Perfektion ausgearbeitet. Drittens werden Sie h\u00f6chstwahrscheinlich sp\u00e4ter mit uns auf anspruchsvollere Berge fahren \u2013 also warum nicht gleich zu Beginn unsere St\u00e4rke und Qualit\u00e4t pr\u00fcfen? Alle Expeditionen, die im Abschnitt \u201eDaten und Preise\u201c aufgef\u00fchrt sind, werden ab 2 Teilnehmern in einer Gruppe durchgef\u00fchrt. Wir sind au\u00dferdem bereit, einen Familienurlaub f\u00fcr Ihre Angeh\u00f6rigen zu organisieren, damit sich niemand langweilt, w\u00e4hrend Sie mit dem Aufstieg besch\u00e4ftigt sind. Wichtige Informationen: Die Check-in- und Check-out-Zeiten werden vom Hotel geregelt: Check-in ab 15:00 Uhr, Check-out bis 11:00\u201312:00 Uhr. Das Gep\u00e4ck kann an der Rezeption des Hotels aufbewahrt werden, um anschlie\u00dfend die Umgebung zu erkunden, oder \u2013 falls technisch m\u00f6glich \u2013 ein fr\u00fcher Check-in\/sp\u00e4ter Check-out gegen Aufpreis organisiert werden. Als Versuch gilt jeder Aufbruch aus der Bergh\u00fctte am Tag des Gipfelaufstiegs. F\u00fcr ausl\u00e4ndische Staatsb\u00fcrger stellen wir bei Bedarf Einladungsschreiben f\u00fcr die Teilnahme an unseren Touren aus.\" \/>\n<meta property=\"og:url\" content=\"https:\/\/mountainguides.pro\/de\/tours\/climb-elbrus\/elbrus-traverse-from-north-to-south\/\" \/>\n<meta property=\"og:site_name\" content=\"Mountain Guide\" \/>\n<meta property=\"article:publisher\" content=\"https:\/\/www.facebook.com\/Mountainguide-232956566756831\/\" \/>\n<meta property=\"article:modified_time\" content=\"2026-02-06T11:52:59+00:00\" \/>\n<meta property=\"og:image\" content=\"https:\/\/mountainguides.pro\/wp-content\/uploads\/2016\/06\/Elbrus-with-Indonesia-064.jpg\" \/>\n\t<meta property=\"og:image:width\" content=\"1200\" \/>\n\t<meta property=\"og:image:height\" content=\"900\" \/>\n\t<meta property=\"og:image:type\" content=\"image\/jpeg\" \/>\n<meta name=\"twitter:card\" content=\"summary_large_image\" \/>\n<meta name=\"twitter:site\" content=\"@Wintercyclone\" \/>\n<meta name=\"twitter:label1\" content=\"Gesch\u00e4tzte Lesezeit\" \/>\n\t<meta name=\"twitter:data1\" content=\"4\u00a0Minuten\" \/>\n<script type=\"application\/ld+json\" class=\"yoast-schema-graph\">{\"@context\":\"https:\\\/\\\/schema.org\",\"@graph\":[{\"@type\":\"WebPage\",\"@id\":\"https:\\\/\\\/mountainguides.pro\\\/ar\\\/tours\\\/climb-elbrus\\\/elbrus-traverse-from-north-to-south\\\/\",\"url\":\"https:\\\/\\\/mountainguides.pro\\\/ar\\\/tours\\\/climb-elbrus\\\/elbrus-traverse-from-north-to-south\\\/\",\"name\":\"Climb Elbrus Traverse North to South\",\"isPartOf\":{\"@id\":\"https:\\\/\\\/mountainguides.pro\\\/#website\"},\"primaryImageOfPage\":{\"@id\":\"https:\\\/\\\/mountainguides.pro\\\/ar\\\/tours\\\/climb-elbrus\\\/elbrus-traverse-from-north-to-south\\\/#primaryimage\"},\"image\":{\"@id\":\"https:\\\/\\\/mountainguides.pro\\\/ar\\\/tours\\\/climb-elbrus\\\/elbrus-traverse-from-north-to-south\\\/#primaryimage\"},\"thumbnailUrl\":\"https:\\\/\\\/mountainguides.pro\\\/wp-content\\\/uploads\\\/2016\\\/06\\\/Elbrus-with-Indonesia-064.jpg\",\"datePublished\":\"2016-06-28T15:46:44+00:00\",\"dateModified\":\"2026-02-06T11:52:59+00:00\",\"breadcrumb\":{\"@id\":\"https:\\\/\\\/mountainguides.pro\\\/ar\\\/tours\\\/climb-elbrus\\\/elbrus-traverse-from-north-to-south\\\/#breadcrumb\"},\"inLanguage\":\"de\",\"potentialAction\":[{\"@type\":\"ReadAction\",\"target\":[\"https:\\\/\\\/mountainguides.pro\\\/ar\\\/tours\\\/climb-elbrus\\\/elbrus-traverse-from-north-to-south\\\/\"]}]},{\"@type\":\"ImageObject\",\"inLanguage\":\"de\",\"@id\":\"https:\\\/\\\/mountainguides.pro\\\/ar\\\/tours\\\/climb-elbrus\\\/elbrus-traverse-from-north-to-south\\\/#primaryimage\",\"url\":\"https:\\\/\\\/mountainguides.pro\\\/wp-content\\\/uploads\\\/2016\\\/06\\\/Elbrus-with-Indonesia-064.jpg\",\"contentUrl\":\"https:\\\/\\\/mountainguides.pro\\\/wp-content\\\/uploads\\\/2016\\\/06\\\/Elbrus-with-Indonesia-064.jpg\",\"width\":1200,\"height\":900,\"caption\":\"Elbrus climb\"},{\"@type\":\"BreadcrumbList\",\"@id\":\"https:\\\/\\\/mountainguides.pro\\\/ar\\\/tours\\\/climb-elbrus\\\/elbrus-traverse-from-north-to-south\\\/#breadcrumb\",\"itemListElement\":[{\"@type\":\"ListItem\",\"position\":1,\"name\":\"Home\",\"item\":\"https:\\\/\\\/mountainguides.pro\\\/de\\\/\"},{\"@type\":\"ListItem\",\"position\":2,\"name\":\"\u062a\u0633\u0644\u0642 \u062c\u0628\u0644 \u0627\u0644\u0628\u0631\u0648\u0633 \u060c \u0627\u062c\u062a\u064a\u0627\u0632 \u0645\u0646 \u0627\u0644\u0634\u0645\u0627\u0644 \u0625\u0644\u0649 \u0627\u0644\u062c\u0646\u0648\u0628\"}]},{\"@type\":\"WebSite\",\"@id\":\"https:\\\/\\\/mountainguides.pro\\\/#website\",\"url\":\"https:\\\/\\\/mountainguides.pro\\\/\",\"name\":\"Mountain Guide\",\"description\":\"We aspire to be the first in everything!\",\"publisher\":{\"@id\":\"https:\\\/\\\/mountainguides.pro\\\/#organization\"},\"potentialAction\":[{\"@type\":\"SearchAction\",\"target\":{\"@type\":\"EntryPoint\",\"urlTemplate\":\"https:\\\/\\\/mountainguides.pro\\\/?s={search_term_string}\"},\"query-input\":{\"@type\":\"PropertyValueSpecification\",\"valueRequired\":true,\"valueName\":\"search_term_string\"}}],\"inLanguage\":\"de\"},{\"@type\":\"Organization\",\"@id\":\"https:\\\/\\\/mountainguides.pro\\\/#organization\",\"name\":\"Mountain Guide\",\"url\":\"https:\\\/\\\/mountainguides.pro\\\/\",\"logo\":{\"@type\":\"ImageObject\",\"inLanguage\":\"de\",\"@id\":\"https:\\\/\\\/mountainguides.pro\\\/#\\\/schema\\\/logo\\\/image\\\/\",\"url\":\"https:\\\/\\\/mountainguides.pro\\\/wp-content\\\/uploads\\\/2018\\\/01\\\/mglogo.jpg\",\"contentUrl\":\"https:\\\/\\\/mountainguides.pro\\\/wp-content\\\/uploads\\\/2018\\\/01\\\/mglogo.jpg\",\"width\":1200,\"height\":630,\"caption\":\"Mountain Guide\"},\"image\":{\"@id\":\"https:\\\/\\\/mountainguides.pro\\\/#\\\/schema\\\/logo\\\/image\\\/\"},\"sameAs\":[\"https:\\\/\\\/www.facebook.com\\\/Mountainguide-232956566756831\\\/\",\"https:\\\/\\\/x.com\\\/Wintercyclone\",\"http:\\\/\\\/instagram.com\\\/mountainguide\",\"http:\\\/\\\/www.youtube.com\\\/mountainguide\"]}]}<\/script>\n<!-- \/ Yoast SEO Premium plugin. -->","yoast_head_json":{"title":"Climb Elbrus Traverse North to South","robots":{"index":"index","follow":"follow","max-snippet":"max-snippet:-1","max-image-preview":"max-image-preview:large","max-video-preview":"max-video-preview:-1"},"canonical":"https:\/\/mountainguides.pro\/de\/tours\/climb-elbrus\/elbrus-traverse-from-north-to-south\/","og_locale":"de_DE","og_type":"article","og_title":"[:en]Elbrus Traverse North to South[:de]Aufstieg zum Elbrus, Traverse von Norden nach S\u00fcden[:es]Escalada en Elbrus, traves\u00eda de Norte a sur[:pt]Escalando o Elbrus, cruzando de norte a sul[:zh]\u6500\u767b\u5384\u5c14\u5e03\u9c81\u58eb\u5c71\uff0c\u4ece\u5317\u5411\u5357\u7a7f\u8d8a[:ko]\uc5d8\ube0c\ub8e8\uc2a4 \uc0b0 \ub4f1\ubc18,\ubd81\ucabd\uc5d0\uc11c \ub0a8\ucabd\uc73c\ub85c \uac00\ub85c\uc9c8\ub7ec[:ja]\u30a8\u30eb\u30d6\u30eb\u30b9\u3092\u767b\u308a\u3001\u5317\u304b\u3089\u5357\u306b\u6a2a\u65ad\u3057\u307e\u3059[:hi]\u092e\u093e\u0909\u0902\u091f \u090f\u0932\u094d\u092c\u094d\u0930\u0938 \u092a\u0930 \u091a\u0922\u093c\u0928\u093e, \u0909\u0924\u094d\u0924\u0930 \u0938\u0947 \u0926\u0915\u094d\u0937\u093f\u0923 \u0915\u0940 \u0913\u0930[:ar]\u062a\u0633\u0644\u0642 \u062c\u0628\u0644 \u0627\u0644\u0628\u0631\u0648\u0633 \u060c \u0627\u062c\u062a\u064a\u0627\u0632 \u0645\u0646 \u0627\u0644\u0634\u0645\u0627\u0644 \u0625\u0644\u0649 \u0627\u0644\u062c\u0646\u0648\u0628[:]","og_description":"Warum sollte man mit uns auf den Elbrus gehen? In erster Linie wegen unserer und nur unserer Guides \u2013 Menschen, die f\u00fcr Ihr Leben und Ihre Gesundheit verantwortlich sein werden. Leider passieren auch heute noch Unf\u00e4lle, sogar in einigen kommerziellen Gruppen. Zweitens ist dies unsere vierundzwanzigste Saison am Elbrus, und jeder Schritt unseres Programms ist bis zur Perfektion ausgearbeitet. Drittens werden Sie h\u00f6chstwahrscheinlich sp\u00e4ter mit uns auf anspruchsvollere Berge fahren \u2013 also warum nicht gleich zu Beginn unsere St\u00e4rke und Qualit\u00e4t pr\u00fcfen? Alle Expeditionen, die im Abschnitt \u201eDaten und Preise\u201c aufgef\u00fchrt sind, werden ab 2 Teilnehmern in einer Gruppe durchgef\u00fchrt. Wir sind au\u00dferdem bereit, einen Familienurlaub f\u00fcr Ihre Angeh\u00f6rigen zu organisieren, damit sich niemand langweilt, w\u00e4hrend Sie mit dem Aufstieg besch\u00e4ftigt sind. Wichtige Informationen: Die Check-in- und Check-out-Zeiten werden vom Hotel geregelt: Check-in ab 15:00 Uhr, Check-out bis 11:00\u201312:00 Uhr. Das Gep\u00e4ck kann an der Rezeption des Hotels aufbewahrt werden, um anschlie\u00dfend die Umgebung zu erkunden, oder \u2013 falls technisch m\u00f6glich \u2013 ein fr\u00fcher Check-in\/sp\u00e4ter Check-out gegen Aufpreis organisiert werden. Als Versuch gilt jeder Aufbruch aus der Bergh\u00fctte am Tag des Gipfelaufstiegs. F\u00fcr ausl\u00e4ndische Staatsb\u00fcrger stellen wir bei Bedarf Einladungsschreiben f\u00fcr die Teilnahme an unseren Touren aus.","og_url":"https:\/\/mountainguides.pro\/de\/tours\/climb-elbrus\/elbrus-traverse-from-north-to-south\/","og_site_name":"Mountain Guide","article_publisher":"https:\/\/www.facebook.com\/Mountainguide-232956566756831\/","article_modified_time":"2026-02-06T11:52:59+00:00","og_image":[{"width":1200,"height":900,"url":"https:\/\/mountainguides.pro\/wp-content\/uploads\/2016\/06\/Elbrus-with-Indonesia-064.jpg","type":"image\/jpeg"}],"twitter_card":"summary_large_image","twitter_site":"@Wintercyclone","twitter_misc":{"Gesch\u00e4tzte Lesezeit":"4\u00a0Minuten"},"schema":{"@context":"https:\/\/schema.org","@graph":[{"@type":"WebPage","@id":"https:\/\/mountainguides.pro\/ar\/tours\/climb-elbrus\/elbrus-traverse-from-north-to-south\/","url":"https:\/\/mountainguides.pro\/ar\/tours\/climb-elbrus\/elbrus-traverse-from-north-to-south\/","name":"Climb Elbrus Traverse North to South","isPartOf":{"@id":"https:\/\/mountainguides.pro\/#website"},"primaryImageOfPage":{"@id":"https:\/\/mountainguides.pro\/ar\/tours\/climb-elbrus\/elbrus-traverse-from-north-to-south\/#primaryimage"},"image":{"@id":"https:\/\/mountainguides.pro\/ar\/tours\/climb-elbrus\/elbrus-traverse-from-north-to-south\/#primaryimage"},"thumbnailUrl":"https:\/\/mountainguides.pro\/wp-content\/uploads\/2016\/06\/Elbrus-with-Indonesia-064.jpg","datePublished":"2016-06-28T15:46:44+00:00","dateModified":"2026-02-06T11:52:59+00:00","breadcrumb":{"@id":"https:\/\/mountainguides.pro\/ar\/tours\/climb-elbrus\/elbrus-traverse-from-north-to-south\/#breadcrumb"},"inLanguage":"de","potentialAction":[{"@type":"ReadAction","target":["https:\/\/mountainguides.pro\/ar\/tours\/climb-elbrus\/elbrus-traverse-from-north-to-south\/"]}]},{"@type":"ImageObject","inLanguage":"de","@id":"https:\/\/mountainguides.pro\/ar\/tours\/climb-elbrus\/elbrus-traverse-from-north-to-south\/#primaryimage","url":"https:\/\/mountainguides.pro\/wp-content\/uploads\/2016\/06\/Elbrus-with-Indonesia-064.jpg","contentUrl":"https:\/\/mountainguides.pro\/wp-content\/uploads\/2016\/06\/Elbrus-with-Indonesia-064.jpg","width":1200,"height":900,"caption":"Elbrus climb"},{"@type":"BreadcrumbList","@id":"https:\/\/mountainguides.pro\/ar\/tours\/climb-elbrus\/elbrus-traverse-from-north-to-south\/#breadcrumb","itemListElement":[{"@type":"ListItem","position":1,"name":"Home","item":"https:\/\/mountainguides.pro\/de\/"},{"@type":"ListItem","position":2,"name":"\u062a\u0633\u0644\u0642 \u062c\u0628\u0644 \u0627\u0644\u0628\u0631\u0648\u0633 \u060c \u0627\u062c\u062a\u064a\u0627\u0632 \u0645\u0646 \u0627\u0644\u0634\u0645\u0627\u0644 \u0625\u0644\u0649 \u0627\u0644\u062c\u0646\u0648\u0628"}]},{"@type":"WebSite","@id":"https:\/\/mountainguides.pro\/#website","url":"https:\/\/mountainguides.pro\/","name":"Mountain Guide","description":"We aspire to be the first in everything!","publisher":{"@id":"https:\/\/mountainguides.pro\/#organization"},"potentialAction":[{"@type":"SearchAction","target":{"@type":"EntryPoint","urlTemplate":"https:\/\/mountainguides.pro\/?s={search_term_string}"},"query-input":{"@type":"PropertyValueSpecification","valueRequired":true,"valueName":"search_term_string"}}],"inLanguage":"de"},{"@type":"Organization","@id":"https:\/\/mountainguides.pro\/#organization","name":"Mountain Guide","url":"https:\/\/mountainguides.pro\/","logo":{"@type":"ImageObject","inLanguage":"de","@id":"https:\/\/mountainguides.pro\/#\/schema\/logo\/image\/","url":"https:\/\/mountainguides.pro\/wp-content\/uploads\/2018\/01\/mglogo.jpg","contentUrl":"https:\/\/mountainguides.pro\/wp-content\/uploads\/2018\/01\/mglogo.jpg","width":1200,"height":630,"caption":"Mountain Guide"},"image":{"@id":"https:\/\/mountainguides.pro\/#\/schema\/logo\/image\/"},"sameAs":["https:\/\/www.facebook.com\/Mountainguide-232956566756831\/","https:\/\/x.com\/Wintercyclone","http:\/\/instagram.com\/mountainguide","http:\/\/www.youtube.com\/mountainguide"]}]}},"_links":{"self":[{"href":"https:\/\/mountainguides.pro\/de\/wp-json\/wp\/v2\/product\/13850","targetHints":{"allow":["GET"]}}],"collection":[{"href":"https:\/\/mountainguides.pro\/de\/wp-json\/wp\/v2\/product"}],"about":[{"href":"https:\/\/mountainguides.pro\/de\/wp-json\/wp\/v2\/types\/product"}],"replies":[{"embeddable":true,"href":"https:\/\/mountainguides.pro\/de\/wp-json\/wp\/v2\/comments?post=13850"}],"version-history":[{"count":26,"href":"https:\/\/mountainguides.pro\/de\/wp-json\/wp\/v2\/product\/13850\/revisions"}],"predecessor-version":[{"id":32744,"href":"https:\/\/mountainguides.pro\/de\/wp-json\/wp\/v2\/product\/13850\/revisions\/32744"}],"wp:featuredmedia":[{"embeddable":true,"href":"https:\/\/mountainguides.pro\/de\/wp-json\/wp\/v2\/media\/14936"}],"wp:attachment":[{"href":"https:\/\/mountainguides.pro\/de\/wp-json\/wp\/v2\/media?parent=13850"}],"wp:term":[{"taxonomy":"product_cat","embeddable":true,"href":"https:\/\/mountainguides.pro\/de\/wp-json\/wp\/v2\/product_cat?post=13850"},{"taxonomy":"product_tag","embeddable":true,"href":"https:\/\/mountainguides.pro\/de\/wp-json\/wp\/v2\/product_tag?post=13850"}],"curies":[{"name":"wp","href":"https:\/\/api.w.org\/{rel}","templated":true}]}}