{"id":14894,"date":"2016-09-30T00:07:39","date_gmt":"2016-09-29T21:07:39","guid":{"rendered":"http:\/\/mountainguides.pro\/?post_type=product&#038;p=14894"},"modified":"2026-02-05T14:27:48","modified_gmt":"2026-02-05T11:27:48","slug":"ojos-del-salado-aconcagua","status":"publish","type":"product","link":"https:\/\/mountainguides.pro\/de\/tours\/climbing\/ojos-del-salado-aconcagua\/","title":{"rendered":"Aufstieg zum Aconcagua+Ohos del Salado"},"content":{"rendered":"<h2>About the tour<\/h2>\n<p>The combined ascent of Aconcagua and the Ojos del Salado will prepare you gently for the real seven thousand metre climb. There&#8217;s no cracked ice and 30 degree temperatures, but the conditions are far from hot. South America is famous for its winds and temperatures can be quite low. However, the ease and speed of the ascent, together with the much simpler equipment, allows almost anyone with previous mountaineering experience to reach the summit, unlike, for example, the Snow Leopard program, where physical fitness alone is not enough.<\/p>\n<p>In general, we prefer to acclimatise on Aconcagua, although it is slightly higher than Ojos del Salado. This is due to the logistical peculiarities of both peaks. In terms of time, it is much easier to get to the Ojos than to Aconcagua, there is no long trek, there is no need to adapt to the schedule of the mules, there is no need to be examined by a doctor at the base camp, taking into account the percentage of oxygen, and many other problems. The views from the Ojos del Salado are breathtaking, but the wind is stronger and it&#8217;s completely deserted, which affects the psychological state of the participants during a long stay.<\/p>\n<h2>Program for the combined ascent of Aconcagua and Ojos del Salado.<\/h2>\n<p><strong>Day 1.<\/strong> Arrival in Mendoza. Obtaining the permit to climb Aconcagua. Important! On Saturdays the permit office is only open until noon! Transfer to Penitentes (2700m). Sending of the main mules to the base camp. Check into the hotel.<br \/>\n<strong>Day 2.<\/strong> Transfer to the entrance of the National Park (Laguna Horcones) and continue to the confluence (3300m, 2-3 hours). Setting up the camp. Light acclimatisation after lunch.<br \/>\n<strong>Day 3.<\/strong> Early acclimatisation radial access to the Plaza de Francia (4200m), with views of the South Wall (2700m). 4-5 hours. Return to camp.<br \/>\n<strong>Day 4.<\/strong> Long jump (8-9 hours) to the main base camp Plaza de Mulas (4350m). The path follows the wide valley of Playa Ancha. Setting up the camp.<br \/>\n<strong>Day 5.<\/strong> The transition from Plaza de Mulas Camp-1 (Plaza Canada, 5000m) or higher (5300m camp). Descent to the base camp.<br \/>\n<strong>Day 6<\/strong>. Rest day at Plaza de Mulas (4350m).<br \/>\n<strong>Day 7.<\/strong> Climb from Plaza de Mulas (4350m) to Camp 1 (Plaza Canada, 5000m).<br \/>\n<strong>Day 8.<\/strong> Climb from Plaza Canada to Nido de Condores (5600m).<br \/>\n<strong>Day 9.<\/strong> Climb from Nido de Condores (5600m) to Camp 3 (Cholera, 6000m).<br \/>\n<strong>Day 10.<\/strong> Ascent to the summit of Aconcagua (6957m), descent to Camp 3 (6000m).<br \/>\n<strong>Day 11.<\/strong> Reserve day in case of bad weather.<br \/>\n<strong>Day 12.<\/strong> Reserve day in case of bad weather.<br \/>\n<strong>Day 13.<\/strong> Reserve day in case of bad weather.<br \/>\n<strong>Day 14.<\/strong> Descent to the Plaza de Mulas base camp. Crossing from the base camp to the Laguna de Horcones. Transfer to Santiago. Relaxation and farewell dinner.<br \/>\n<strong>Day 15.<\/strong> Transfer to the airport. Arrival in Copiapo. Meeting at the airport and transfer to the hotel. Purchase of products for the ascent and preparation of the necessary documents. Walk around the city for those who wish. Night at the hotel.<br \/>\n<strong>Day 16.<\/strong> Final preparations for the ascent. Transfer by jeep to the Atacama camp (5260m).<br \/>\n<strong>Day 17.<\/strong> Transfer to the Tehos camp at 5800m. Early dinner and overnight in shelter or tents.<br \/>\n<strong>Day 18.<\/strong> Early wake up at 4am, breakfast. Start of ascent. Typically, it takes 10-11 hours to reach the summit. Climb to Ojos del Salado (6893m). Descent to the Atacama refuge at 5260m. Possible relocation to a refuge at 4500m. Dinner and rest in a comfortable refuge.<br \/>\n<strong>Day 19.<\/strong> Reserve a day.<br \/>\n<strong>Day 20<\/strong>. Reserve a day.<br \/>\n<strong>Day 21<\/strong>. Transfer to Copiapo (6-7 hours). Overnight at the hotel.<br \/>\n<strong>Day 22.<\/strong> Transfer to the airport. Flight to Santiago.<\/p>\n<h2>The price to climb Aconcagua and Ojos del Salado includes:<\/h2>\n<ul>\n<li>English speaking guide throughout the program.<\/li>\n<li>Mountain guides. One for every 3 people on the summit day.<\/li>\n<li>Transfer airport-hotel-airport.<\/li>\n<li>Hotel in Mendoza, 1 night. Double room + breakfast.<\/li>\n<li>Assistance in obtaining the necessary permits.<\/li>\n<li>Transfer Mendoza-Puento del Inca.<\/li>\n<li>Transfer Puente del Inca-Santiago.<\/li>\n<li>Hotel in Puente del Inca + breakfast.<\/li>\n<li>Mules for equipment and food from Puente del Inca (Los Puquios) to Plaza de Mulas and back. Personal luggage up to 20 kg.<\/li>\n<li>Two nights full board in Confluence.<\/li>\n<li>The base camp in Plaza de Mulas (3 nights).<\/li>\n<li>Food and fuel for the upper camps.<\/li>\n<li>Flight Santiago &#8211; Copiapo &#8211; Santiago.<\/li>\n<li>All transfers in Chile.<\/li>\n<li>All accommodation in Chile, according to the program.<\/li>\n<li>Meals in Chile according to the program, breakfast only in the cities.<\/li>\n<li>First aid kit.<\/li>\n<\/ul>\n<h2>The cost of Aconcagua ascent doesn\u2019t include:<\/h2>\n<ul>\n<li>International flights.<\/li>\n<li>Climbing permit.<\/li>\n<li>Porters.<\/li>\n<li>Personal equipment.<\/li>\n<li>Additional costs due to deviations from the program.<\/li>\n<li>Medical insurance and accident evacuation costs.<\/li>\n<li>Personal expenses (drinks, internet, phone calls, etc.)<\/li>\n<li>Any costs related to program changes.<\/li>\n<\/ul>\n<h2>Equipment for climbing Aconcagua and Ojos del Salado.<\/h2>\n<p><a href=\"#\"><br \/>\nDownload PDF<br \/>\n<\/a><\/p>\n<p>Documents:<\/p>\n<ul>\n<li>Valid passport.<\/li>\n<li>Air tickets.<\/li>\n<li>Medical insurance.<\/li>\n<\/ul>\n<p>Personal equipment:<\/p>\n<ul>\n<li>Backpack. 50-60l.<\/li>\n<li>Sleeping bag, comfort temperature from -25C to -15C.<\/li>\n<li>Sleeping mattress.<\/li>\n<li>Trekking poles.<\/li>\n<li>Crampons, can be aluminium.<\/li>\n<li>Ice axe. Classic, on self-insurance. Can be lightweight or combined with a ski pole.<\/li>\n<li>Helmet.<\/li>\n<li>Harness.<\/li>\n<li>Carabiners, 3 pieces.<\/li>\n<li>Cup-Spoon-Bowl.<\/li>\n<\/ul>\n<p>Clothes and footwear:<\/p>\n<ul>\n<li>Mountaineering Double or triple boots. Double: plastic or leather. For plastics, we recommend Scarpa Vega &#8211; they seem to be the warmest of the double boots.<\/li>\n<li>Trainers or trekking boots. Ideally both. Sneakers for the base camp trail, light boots for the acclimatisation exit and base camp. You can also just have trainers.<\/li>\n<li>Waterproof layer &#8211; jacket + trousers. The industry offers a wide range of products, from simple 5000\/5000 membranes to Gore-Tex products.<\/li>\n<li>Fleece suit.<\/li>\n<li>Thermal underwear layer &#8211; top and bottom.<\/li>\n<li>Thick and warm down coat.<\/li>\n<li>Thick gloves.<\/li>\n<li>Thin gloves.<\/li>\n<li>Bandana (in addition to protecting you from the sun in the valley, can be used to warm your neck or face in the cold).<\/li>\n<li>A cap.<\/li>\n<li>Warm trekking socks for the day of the climb.<\/li>\n<\/ul>\n<p>Miscellaneous:<\/p>\n<ul>\n<li>LED Headlamp.<\/li>\n<li>Sunglasses.<\/li>\n<li>Ski Goggles.<\/li>\n<li>Thermos &#8211; 1L. Preferably without a button on the lid.<\/li>\n<li>Windproof mask for the lower part of the face (can be partially replaced by a scarf).<\/li>\n<li>Gaiters.<\/li>\n<li>Sun block and lip balm.<\/li>\n<li>Chemical heaters (not essential, but can be very useful).<\/li>\n<li>Personal first aid kit.<\/li>\n<li>Elastic bandage and\/or support bandage.<\/li>\n<\/ul>\n","protected":false},"excerpt":{"rendered":"<p>Aufstieg zum Aconcagua: Alle Touren<br data-start=\"61\" data-end=\"64\" \/>In dieser Saison haben wir die Expeditionen so koordiniert, dass Sie sich durch den Aufstieg zum Aconcagua (17 Tage Programm) akklimatisieren k\u00f6nnen, um dann den Ojos del Salado zu besteigen oder das vollst\u00e4ndige Programm f\u00fcr den Aufstieg zum Ojos del Salado (15 Tage) zu absolvieren, erg\u00e4nzt durch einen Blitzaufstieg zum Aconcagua (7 Tage).<br data-start=\"406\" data-end=\"409\" \/>Der Aufstieg zu den beiden h\u00f6chsten Gipfeln S\u00fcdamerikas \u2013 Aconcagua und Ojos del Salado. Eine erfolgreiche logistische Kombination erm\u00f6glicht es, keine separate Zeit f\u00fcr die Akklimatisierung f\u00fcr den zweiten Berg aufzuwenden und innerhalb von drei Wochen zwei \u201efast sieben Tausender\u201c zu besteigen, statt nur einen. Dies ist besonders gut geeignet f\u00fcr die Akklimatisierung auf einen Fr\u00fchjahrseinstieg zu einem 8000er.<\/p>\n","protected":false},"featured_media":14943,"comment_status":"closed","ping_status":"closed","template":"","meta":{"_acf_changed":false,"footnotes":""},"product_cat":[320],"product_tag":[],"class_list":{"0":"post-14894","1":"product","2":"type-product","3":"status-publish","4":"has-post-thumbnail","6":"product_cat-climbing","8":"first","9":"instock","10":"shipping-taxable","11":"purchasable","12":"product-type-simple"},"acf":[],"yoast_head":"<!-- This site is optimized with the Yoast SEO Premium plugin v26.5 (Yoast SEO v27.3) - https:\/\/yoast.com\/product\/yoast-seo-premium-wordpress\/ -->\n<title>Climb Aconcagua + Ojos Del Salado<\/title>\n<meta name=\"robots\" content=\"index, follow, max-snippet:-1, max-image-preview:large, max-video-preview:-1\" \/>\n<link rel=\"canonical\" href=\"https:\/\/mountainguides.pro\/de\/tours\/climbing\/ojos-del-salado-aconcagua\/\" \/>\n<meta property=\"og:locale\" content=\"de_DE\" \/>\n<meta property=\"og:locale:alternate\" content=\"en_US\" \/>\n<meta property=\"og:locale:alternate\" content=\"ru_RU\" \/>\n<meta property=\"og:locale:alternate\" content=\"es\" \/>\n<meta property=\"og:locale:alternate\" content=\"pt\" \/>\n<meta property=\"og:locale:alternate\" content=\"zh\" \/>\n<meta property=\"og:locale:alternate\" content=\"ko\" \/>\n<meta property=\"og:locale:alternate\" content=\"ja\" \/>\n<meta property=\"og:locale:alternate\" content=\"hi\" \/>\n<meta property=\"og:locale:alternate\" content=\"ar\" \/>\n<meta property=\"og:type\" content=\"article\" \/>\n<meta property=\"og:title\" content=\"Aufstieg zum Aconcagua+Ohos del Salado\" \/>\n<meta property=\"og:description\" content=\"Aufstieg zum Aconcagua: Alle TourenIn dieser Saison haben wir die Expeditionen so koordiniert, dass Sie sich durch den Aufstieg zum Aconcagua (17 Tage Programm) akklimatisieren k\u00f6nnen, um dann den Ojos del Salado zu besteigen oder das vollst\u00e4ndige Programm f\u00fcr den Aufstieg zum Ojos del Salado (15 Tage) zu absolvieren, erg\u00e4nzt durch einen Blitzaufstieg zum Aconcagua (7 Tage).Der Aufstieg zu den beiden h\u00f6chsten Gipfeln S\u00fcdamerikas \u2013 Aconcagua und Ojos del Salado. Eine erfolgreiche logistische Kombination erm\u00f6glicht es, keine separate Zeit f\u00fcr die Akklimatisierung f\u00fcr den zweiten Berg aufzuwenden und innerhalb von drei Wochen zwei \u201efast sieben Tausender\u201c zu besteigen, statt nur einen. Dies ist besonders gut geeignet f\u00fcr die Akklimatisierung auf einen Fr\u00fchjahrseinstieg zu einem 8000er.\" \/>\n<meta property=\"og:url\" content=\"https:\/\/mountainguides.pro\/de\/tours\/climbing\/ojos-del-salado-aconcagua\/\" \/>\n<meta property=\"og:site_name\" content=\"Mountain Guide\" \/>\n<meta property=\"article:publisher\" content=\"https:\/\/www.facebook.com\/Mountainguide-232956566756831\/\" \/>\n<meta property=\"article:modified_time\" content=\"2026-02-05T11:27:48+00:00\" \/>\n<meta property=\"og:image\" content=\"https:\/\/mountainguides.pro\/wp-content\/uploads\/2016\/09\/Ojos_del_Salado_2004a.jpg\" \/>\n\t<meta property=\"og:image:width\" content=\"1200\" \/>\n\t<meta property=\"og:image:height\" content=\"900\" \/>\n\t<meta property=\"og:image:type\" content=\"image\/jpeg\" \/>\n<meta name=\"twitter:card\" content=\"summary_large_image\" \/>\n<meta name=\"twitter:site\" content=\"@Wintercyclone\" \/>\n<meta name=\"twitter:label1\" content=\"Gesch\u00e4tzte Lesezeit\" \/>\n\t<meta name=\"twitter:data1\" content=\"5\u00a0Minuten\" \/>\n<script type=\"application\/ld+json\" class=\"yoast-schema-graph\">{\"@context\":\"https:\\\/\\\/schema.org\",\"@graph\":[{\"@type\":\"WebPage\",\"@id\":\"https:\\\/\\\/mountainguides.pro\\\/ar\\\/tours\\\/climbing\\\/ojos-del-salado-aconcagua\\\/\",\"url\":\"https:\\\/\\\/mountainguides.pro\\\/ar\\\/tours\\\/climbing\\\/ojos-del-salado-aconcagua\\\/\",\"name\":\"Climb Aconcagua + Ojos Del Salado\",\"isPartOf\":{\"@id\":\"https:\\\/\\\/mountainguides.pro\\\/#website\"},\"primaryImageOfPage\":{\"@id\":\"https:\\\/\\\/mountainguides.pro\\\/ar\\\/tours\\\/climbing\\\/ojos-del-salado-aconcagua\\\/#primaryimage\"},\"image\":{\"@id\":\"https:\\\/\\\/mountainguides.pro\\\/ar\\\/tours\\\/climbing\\\/ojos-del-salado-aconcagua\\\/#primaryimage\"},\"thumbnailUrl\":\"https:\\\/\\\/mountainguides.pro\\\/wp-content\\\/uploads\\\/2016\\\/09\\\/Ojos_del_Salado_2004a.jpg\",\"datePublished\":\"2016-09-29T21:07:39+00:00\",\"dateModified\":\"2026-02-05T11:27:48+00:00\",\"breadcrumb\":{\"@id\":\"https:\\\/\\\/mountainguides.pro\\\/ar\\\/tours\\\/climbing\\\/ojos-del-salado-aconcagua\\\/#breadcrumb\"},\"inLanguage\":\"de\",\"potentialAction\":[{\"@type\":\"ReadAction\",\"target\":[\"https:\\\/\\\/mountainguides.pro\\\/ar\\\/tours\\\/climbing\\\/ojos-del-salado-aconcagua\\\/\"]}]},{\"@type\":\"ImageObject\",\"inLanguage\":\"de\",\"@id\":\"https:\\\/\\\/mountainguides.pro\\\/ar\\\/tours\\\/climbing\\\/ojos-del-salado-aconcagua\\\/#primaryimage\",\"url\":\"https:\\\/\\\/mountainguides.pro\\\/wp-content\\\/uploads\\\/2016\\\/09\\\/Ojos_del_Salado_2004a.jpg\",\"contentUrl\":\"https:\\\/\\\/mountainguides.pro\\\/wp-content\\\/uploads\\\/2016\\\/09\\\/Ojos_del_Salado_2004a.jpg\",\"width\":1200,\"height\":900,\"caption\":\"climb Aconcagua and Ojos Del Salado\"},{\"@type\":\"BreadcrumbList\",\"@id\":\"https:\\\/\\\/mountainguides.pro\\\/ar\\\/tours\\\/climbing\\\/ojos-del-salado-aconcagua\\\/#breadcrumb\",\"itemListElement\":[{\"@type\":\"ListItem\",\"position\":1,\"name\":\"Home\",\"item\":\"https:\\\/\\\/mountainguides.pro\\\/de\\\/\"},{\"@type\":\"ListItem\",\"position\":2,\"name\":\"\u0635\u0639\u0648\u062f \u0623\u0643\u0648\u0646\u0643\u0627\u062c\u0648\u0627 + \u0623\u0648\u062c\u0648\u0633 \u062f\u064a\u0644 \u0633\u0627\u0644\u0627\u062f\u0648\"}]},{\"@type\":\"WebSite\",\"@id\":\"https:\\\/\\\/mountainguides.pro\\\/#website\",\"url\":\"https:\\\/\\\/mountainguides.pro\\\/\",\"name\":\"Mountain Guide\",\"description\":\"We aspire to be the first in everything!\",\"publisher\":{\"@id\":\"https:\\\/\\\/mountainguides.pro\\\/#organization\"},\"potentialAction\":[{\"@type\":\"SearchAction\",\"target\":{\"@type\":\"EntryPoint\",\"urlTemplate\":\"https:\\\/\\\/mountainguides.pro\\\/?s={search_term_string}\"},\"query-input\":{\"@type\":\"PropertyValueSpecification\",\"valueRequired\":true,\"valueName\":\"search_term_string\"}}],\"inLanguage\":\"de\"},{\"@type\":\"Organization\",\"@id\":\"https:\\\/\\\/mountainguides.pro\\\/#organization\",\"name\":\"Mountain Guide\",\"url\":\"https:\\\/\\\/mountainguides.pro\\\/\",\"logo\":{\"@type\":\"ImageObject\",\"inLanguage\":\"de\",\"@id\":\"https:\\\/\\\/mountainguides.pro\\\/#\\\/schema\\\/logo\\\/image\\\/\",\"url\":\"https:\\\/\\\/mountainguides.pro\\\/wp-content\\\/uploads\\\/2018\\\/01\\\/mglogo.jpg\",\"contentUrl\":\"https:\\\/\\\/mountainguides.pro\\\/wp-content\\\/uploads\\\/2018\\\/01\\\/mglogo.jpg\",\"width\":1200,\"height\":630,\"caption\":\"Mountain Guide\"},\"image\":{\"@id\":\"https:\\\/\\\/mountainguides.pro\\\/#\\\/schema\\\/logo\\\/image\\\/\"},\"sameAs\":[\"https:\\\/\\\/www.facebook.com\\\/Mountainguide-232956566756831\\\/\",\"https:\\\/\\\/x.com\\\/Wintercyclone\",\"http:\\\/\\\/instagram.com\\\/mountainguide\",\"http:\\\/\\\/www.youtube.com\\\/mountainguide\"]}]}<\/script>\n<!-- \/ Yoast SEO Premium plugin. -->","yoast_head_json":{"title":"Climb Aconcagua + Ojos Del Salado","robots":{"index":"index","follow":"follow","max-snippet":"max-snippet:-1","max-image-preview":"max-image-preview:large","max-video-preview":"max-video-preview:-1"},"canonical":"https:\/\/mountainguides.pro\/de\/tours\/climbing\/ojos-del-salado-aconcagua\/","og_locale":"de_DE","og_type":"article","og_title":"[:en]Climb Aconcagua + Ojos Del Salado[:de]Aufstieg zum Aconcagua+Ohos del Salado[:es]Escalada Aconcagua + ojos del salado[:pt]Aconc\u00e1gua + Ojos del Salado[:zh]\u6500\u767b\u963f\u7a7a\u52a0\u74dc\u5cf0 + \u5965\u970d\u65af-\u5fb7\u5c14\u8428\u62c9\u591a\u5cf0[:ko]\uc544\ucf58\uce74\uacfc+\uc624\uc694\uc2a4 \ub378 \uc0b4\ub77c\ub3c4 \ub4f1\ubc18[:ja]\u30a2\u30b3\u30f3\u30ab\u30b0\u30a2\u306e\u4e0a\u6607+\u30aa\u30db\u30b9\u30fb\u30c7\u30eb\u30fb\u30b5\u30e9\u30c9[:hi]\u090f\u0915\u0949\u0928\u0915\u093e\u0917\u0941\u0906+\u0913\u091c\u094b\u0938 \u0921\u0947\u0932 \u0938\u0932\u093e\u0921\u094b \u0915\u0940 \u091a\u0922\u093c\u093e\u0908[:ar]\u0635\u0639\u0648\u062f \u0623\u0643\u0648\u0646\u0643\u0627\u062c\u0648\u0627 + \u0623\u0648\u062c\u0648\u0633 \u062f\u064a\u0644 \u0633\u0627\u0644\u0627\u062f\u0648[:]","og_description":"Aufstieg zum Aconcagua: Alle TourenIn dieser Saison haben wir die Expeditionen so koordiniert, dass Sie sich durch den Aufstieg zum Aconcagua (17 Tage Programm) akklimatisieren k\u00f6nnen, um dann den Ojos del Salado zu besteigen oder das vollst\u00e4ndige Programm f\u00fcr den Aufstieg zum Ojos del Salado (15 Tage) zu absolvieren, erg\u00e4nzt durch einen Blitzaufstieg zum Aconcagua (7 Tage).Der Aufstieg zu den beiden h\u00f6chsten Gipfeln S\u00fcdamerikas \u2013 Aconcagua und Ojos del Salado. Eine erfolgreiche logistische Kombination erm\u00f6glicht es, keine separate Zeit f\u00fcr die Akklimatisierung f\u00fcr den zweiten Berg aufzuwenden und innerhalb von drei Wochen zwei \u201efast sieben Tausender\u201c zu besteigen, statt nur einen. Dies ist besonders gut geeignet f\u00fcr die Akklimatisierung auf einen Fr\u00fchjahrseinstieg zu einem 8000er.","og_url":"https:\/\/mountainguides.pro\/de\/tours\/climbing\/ojos-del-salado-aconcagua\/","og_site_name":"Mountain Guide","article_publisher":"https:\/\/www.facebook.com\/Mountainguide-232956566756831\/","article_modified_time":"2026-02-05T11:27:48+00:00","og_image":[{"width":1200,"height":900,"url":"https:\/\/mountainguides.pro\/wp-content\/uploads\/2016\/09\/Ojos_del_Salado_2004a.jpg","type":"image\/jpeg"}],"twitter_card":"summary_large_image","twitter_site":"@Wintercyclone","twitter_misc":{"Gesch\u00e4tzte Lesezeit":"5\u00a0Minuten"},"schema":{"@context":"https:\/\/schema.org","@graph":[{"@type":"WebPage","@id":"https:\/\/mountainguides.pro\/ar\/tours\/climbing\/ojos-del-salado-aconcagua\/","url":"https:\/\/mountainguides.pro\/ar\/tours\/climbing\/ojos-del-salado-aconcagua\/","name":"Climb Aconcagua + Ojos Del Salado","isPartOf":{"@id":"https:\/\/mountainguides.pro\/#website"},"primaryImageOfPage":{"@id":"https:\/\/mountainguides.pro\/ar\/tours\/climbing\/ojos-del-salado-aconcagua\/#primaryimage"},"image":{"@id":"https:\/\/mountainguides.pro\/ar\/tours\/climbing\/ojos-del-salado-aconcagua\/#primaryimage"},"thumbnailUrl":"https:\/\/mountainguides.pro\/wp-content\/uploads\/2016\/09\/Ojos_del_Salado_2004a.jpg","datePublished":"2016-09-29T21:07:39+00:00","dateModified":"2026-02-05T11:27:48+00:00","breadcrumb":{"@id":"https:\/\/mountainguides.pro\/ar\/tours\/climbing\/ojos-del-salado-aconcagua\/#breadcrumb"},"inLanguage":"de","potentialAction":[{"@type":"ReadAction","target":["https:\/\/mountainguides.pro\/ar\/tours\/climbing\/ojos-del-salado-aconcagua\/"]}]},{"@type":"ImageObject","inLanguage":"de","@id":"https:\/\/mountainguides.pro\/ar\/tours\/climbing\/ojos-del-salado-aconcagua\/#primaryimage","url":"https:\/\/mountainguides.pro\/wp-content\/uploads\/2016\/09\/Ojos_del_Salado_2004a.jpg","contentUrl":"https:\/\/mountainguides.pro\/wp-content\/uploads\/2016\/09\/Ojos_del_Salado_2004a.jpg","width":1200,"height":900,"caption":"climb Aconcagua and Ojos Del Salado"},{"@type":"BreadcrumbList","@id":"https:\/\/mountainguides.pro\/ar\/tours\/climbing\/ojos-del-salado-aconcagua\/#breadcrumb","itemListElement":[{"@type":"ListItem","position":1,"name":"Home","item":"https:\/\/mountainguides.pro\/de\/"},{"@type":"ListItem","position":2,"name":"\u0635\u0639\u0648\u062f \u0623\u0643\u0648\u0646\u0643\u0627\u062c\u0648\u0627 + \u0623\u0648\u062c\u0648\u0633 \u062f\u064a\u0644 \u0633\u0627\u0644\u0627\u062f\u0648"}]},{"@type":"WebSite","@id":"https:\/\/mountainguides.pro\/#website","url":"https:\/\/mountainguides.pro\/","name":"Mountain Guide","description":"We aspire to be the first in everything!","publisher":{"@id":"https:\/\/mountainguides.pro\/#organization"},"potentialAction":[{"@type":"SearchAction","target":{"@type":"EntryPoint","urlTemplate":"https:\/\/mountainguides.pro\/?s={search_term_string}"},"query-input":{"@type":"PropertyValueSpecification","valueRequired":true,"valueName":"search_term_string"}}],"inLanguage":"de"},{"@type":"Organization","@id":"https:\/\/mountainguides.pro\/#organization","name":"Mountain Guide","url":"https:\/\/mountainguides.pro\/","logo":{"@type":"ImageObject","inLanguage":"de","@id":"https:\/\/mountainguides.pro\/#\/schema\/logo\/image\/","url":"https:\/\/mountainguides.pro\/wp-content\/uploads\/2018\/01\/mglogo.jpg","contentUrl":"https:\/\/mountainguides.pro\/wp-content\/uploads\/2018\/01\/mglogo.jpg","width":1200,"height":630,"caption":"Mountain Guide"},"image":{"@id":"https:\/\/mountainguides.pro\/#\/schema\/logo\/image\/"},"sameAs":["https:\/\/www.facebook.com\/Mountainguide-232956566756831\/","https:\/\/x.com\/Wintercyclone","http:\/\/instagram.com\/mountainguide","http:\/\/www.youtube.com\/mountainguide"]}]}},"_links":{"self":[{"href":"https:\/\/mountainguides.pro\/de\/wp-json\/wp\/v2\/product\/14894","targetHints":{"allow":["GET"]}}],"collection":[{"href":"https:\/\/mountainguides.pro\/de\/wp-json\/wp\/v2\/product"}],"about":[{"href":"https:\/\/mountainguides.pro\/de\/wp-json\/wp\/v2\/types\/product"}],"replies":[{"embeddable":true,"href":"https:\/\/mountainguides.pro\/de\/wp-json\/wp\/v2\/comments?post=14894"}],"version-history":[{"count":32,"href":"https:\/\/mountainguides.pro\/de\/wp-json\/wp\/v2\/product\/14894\/revisions"}],"predecessor-version":[{"id":32736,"href":"https:\/\/mountainguides.pro\/de\/wp-json\/wp\/v2\/product\/14894\/revisions\/32736"}],"wp:featuredmedia":[{"embeddable":true,"href":"https:\/\/mountainguides.pro\/de\/wp-json\/wp\/v2\/media\/14943"}],"wp:attachment":[{"href":"https:\/\/mountainguides.pro\/de\/wp-json\/wp\/v2\/media?parent=14894"}],"wp:term":[{"taxonomy":"product_cat","embeddable":true,"href":"https:\/\/mountainguides.pro\/de\/wp-json\/wp\/v2\/product_cat?post=14894"},{"taxonomy":"product_tag","embeddable":true,"href":"https:\/\/mountainguides.pro\/de\/wp-json\/wp\/v2\/product_tag?post=14894"}],"curies":[{"name":"wp","href":"https:\/\/api.w.org\/{rel}","templated":true}]}}