{"id":14945,"date":"2016-11-09T03:45:44","date_gmt":"2016-11-09T00:45:44","guid":{"rendered":"http:\/\/mountainguides.pro\/?post_type=product&#038;p=14945"},"modified":"2026-03-16T10:23:56","modified_gmt":"2026-03-16T07:23:56","slug":"matterhorn","status":"publish","type":"product","link":"https:\/\/mountainguides.pro\/de\/tours\/climbing\/matterhorn\/","title":{"rendered":"Aufstieg zum Matterhorn"},"content":{"rendered":"<h2>About the tour<\/h2>\n<p>Climbing one of the most beautiful and, perhaps, the most famous peaks of Europe along the classical path from Switzerland. Steep and long rocky ridge, snow and icy rocks require maximum concentration and good preparation from climbers. Therefore, we recommend this ascent only to experienced climbers who have at least been to peaks above 4000 meters and already have experience of rock climbing.<\/p>\n<p>Regardless of the level of participants, training and acclimatization ascents to the peaks of Egvi d are conducted immediately before the ascent.&#8217;Entre (Aiguille D&#8217;entreves, 3600m) and Breithorn (Breithorn, 4146 m).<\/p>\n<h2>The program of guided ascent to Matterhorn.<\/h2>\n<p><strong>Day 1<\/strong>. Arrival of participants. The most convenient airport for arrival is located in Geneva. Alternatively, you can consider the airports of Milan and Turin. Then transfer to Courmayeur. Accommodation in a hotel\/hotel\/apartment<br \/>\n<strong>Day 2.<\/strong> Preparation for the upcoming ascents, acclimatization and fitting of equipment.Meeting with the guide in the morning. Checking equipment, solving formalities. Transfer to the Skyway cable car.<br \/>\nWe go up to the hut of Turino (3375m). Then exit to the glacier and climb to the small rocky peak of Eigvi d\u2019Entre (Aiguille d&#8217;entreves, 3600m). From the top, in good weather, there is a wonderful view of Mont Blanc. Descent to Courmayeur<br \/>\n<strong>Day 3.<\/strong> Acclimatization exit and classes near the hut &#8222;Guides Cervino&#8220; (Guide del Cervino, 3489m).Transfer to the Valtournenche Valley to the foot. Matterhorn town of Breuil-Cervinia. From here, take the cable car to the upper station &#8222;Plateau Rosa&#8220;. The hut is a 5-minute walk from the cable car. After accommodation in the hut, the acclimatization exit is up to 3900m. Preparing for the next day. Overnight in a mountain hut.<br \/>\n<strong>Day 4.<\/strong> Climbing the Breithorn (Breithorn, 4146m). Descent and return to Courmayeur. Training day before the main ascent of the Matterhorn. Early exit and ascent of the Brighthorn along the eastern ridge (semi-traverse of the massif). A technically interesting ascent as close as possible to the conditions of climbing the Matterhorn will allow you to test your capabilities and prepare as effectively as possible for the main goal of the program. Descent to the hut and then by cable car down to Cervinia. Transfer to Courmayeur.<br \/>\n<strong>Day 5.<\/strong> Rest day. It can also be used as a backup day in case of bad weather and unforeseen circumstances.<br \/>\n<strong>Day 6.<\/strong> Transfer to Zermatt and transfer to Hernley Hut.<br \/>\nAfter breakfast, transfer to Zermatt (Zermatt, Switzerland), from where we will climb the cantata road to the station &#8222;Schwarzsee&#8220; (Schwarzsee, 2552m). Here we will start our walking part of the way to the Hernli hut (H\u00f6rnlih\u00fctte, 3260m). Overnight in a mountain hut.<br \/>\n<strong>Day 7.<\/strong> Climbing the Matterhorn (Matterhorn, 4478m). Descent to Zermatt.<br \/>\nThe most responsible and difficult day of the program. We go out at five cheers, in fact in the dark, and immediately up the difficult rocks. A difficult and complex ridge, snow may lie on the rocks in places. However, the most problematic part of the ascent is the summit tower. It is very important to calculate the forces correctly, because after the top there will be at least a long descent down.<br \/>\nUpon returning to the hut. Hernley has a short rest and then down to Zermatt. Transfer to Courmayeur.<br \/>\n<strong>Day 8.<\/strong> Transfer to Geneva. Plane back home.<\/p>\n<h2>Included in the cost of Matterhorn climb:<\/h2>\n<ul>\n<li>Services of a certified mountain or mountaineering guide;<\/li>\n<li>All his expenses related to the program;<\/li>\n<li>Meeting in Courmayeur;<\/li>\n<li>All ground crossings according to the program;<\/li>\n<li>Accommodation in mountain huts;<\/li>\n<li>Meals (breakfast+dinner) in mountain huts;<\/li>\n<li>Cable cars<\/li>\n<\/ul>\n<h2>Not included in the cost of Matterhorn climb:<\/h2>\n<ul>\n<li>The road to Courmayeur and back;<\/li>\n<li>Accommodation in Courmayeur;<\/li>\n<li>Meals in Courmayeur;<\/li>\n<li>Insurance covering the cost of rescue work in the mountains;<\/li>\n<li>Equipment rental;<\/li>\n<li>Tips by a mountain guide<\/li>\n<\/ul>\n<h2>Equipment<\/h2>\n<p><a href=\"#\"><br \/>\nDownload PDF<br \/>\n<\/a><\/p>\n<p>Special clothing<\/p>\n<ul>\n<li>1st layer (top and bottom): thermal underwear<\/li>\n<li>2nd layer (top): fleece, windstopper or anthological jackets<\/li>\n<li>2nd layer (bottom): softshell pants for mountaineering<\/li>\n<li>3rd layer (top and bottom): wind- \/moisture-proof clothing (jacket and pants) suitable for mountaineering<\/li>\n<li>4th layer (upper): lightweight down or similar synthetic jacket for temperatures up to -5\u00b0C<\/li>\n<li>Thick (warm) and medium-thick socks<\/li>\n<li>Thin gloves windproof gloves<\/li>\n<li>Warm gloves for temperatures up to -5\u00b0C<\/li>\n<li>Hat<\/li>\n<li>Buff, bandana, cap or light cap<\/li>\n<\/ul>\n<p>Personal item<\/p>\n<ul>\n<li>Flask and\/or thermos with a volume of 1L<\/li>\n<li>Headlamp<\/li>\n<li>Personal mini first aid kit (for example: a patch for corns, cold remedies on the lips)<\/li>\n<li>Sunglasses with UV protection factor 3 or 4<\/li>\n<li>Sunscreen and hygienic lipstick with UV protection factor 50<\/li>\n<li>Insurance against accidents in the mountains<\/li>\n<\/ul>\n<p>For the hut<\/p>\n<ul>\n<li>Personal hygiene products<\/li>\n<li>Hygienic liner in a sleeping bag made of silk or cotton<\/li>\n<\/ul>\n<p>Climbing equipment<\/p>\n<ul>\n<li>Backpack with a volume of 35-40L<\/li>\n<li>Alpine boots for climbing 3500-4500m with the possibility of fixing semi-automatic<\/li>\n<li>crampons<\/li>\n<li>Safety system<\/li>\n<li>Helmet<\/li>\n<li>crampons with an anti-clip<\/li>\n<li>Ice axe<\/li>\n<\/ul>\n<p>The guide will have with him public climbing equipment (rope, loops, braces, ice drills, stoppers, etc.), as well as a first aid pharmacy and means of communication<\/p>\n","protected":false},"excerpt":{"rendered":"<p>Gem\u00e4\u00df den Sicherheitsanforderungen der Internationalen F\u00f6deration der Bergf\u00fchrerverb\u00e4nde (IFMGA) kann ein Bergf\u00fchrer w\u00e4hrend einer Besteigung des Matterhorns nur mit einem Teilnehmer arbeiten. Dies entspricht perfekt unserem Sicherheitskonzept f\u00fcr Routen dieser Schwierigkeitsgrade. Prinzipiell k\u00f6nnen wir die Besteigung des Matterhorns von jeder Seite aus anbieten, jedoch haben wir uns f\u00fcr unsere regelm\u00e4\u00dfigen Touren entschieden, diese von der italienischen Seite aus zu organisieren. Die Besteigung des Matterhorns ist normalerweise eine logische Fortsetzung der Besteigung des Mont Blanc. Es gibt viele Gemeinsamkeiten \u2013 keine Zelte im Rahmen der Tour, komfortable Unterk\u00fcnfte und ein minimales Gep\u00e4ckvolumen zusammen mit interessanten Gipfeln und nicht ganz einfachen Routen. Die Besteigung des Matterhorns ist technisch recht anspruchsvoll, es handelt sich keineswegs um eine Wanderroute, daher ist das Verh\u00e4ltnis Bergf\u00fchrer-Klienten in unseren Programmen f\u00fcr das Matterhorn immer strikt 1:1, da wir alle anderen Varianten nicht als sicher genug erachten. Trotz der nicht allzu gro\u00dfen H\u00f6he ist eine Akklimatisierung dringend erforderlich, da jede Verz\u00f6gerung oder langsames Vorankommen auf der Route \u00e4u\u00dferst unerw\u00fcnscht ist, und das Gel\u00e4nde ist schlecht geeignet, um bei der k\u00f6rperlichen Unterst\u00fctzung eines anderen Menschen zu helfen.<\/p>\n","protected":false},"featured_media":15019,"comment_status":"closed","ping_status":"closed","template":"","meta":{"_acf_changed":false,"footnotes":""},"product_cat":[320],"product_tag":[],"class_list":{"0":"post-14945","1":"product","2":"type-product","3":"status-publish","4":"has-post-thumbnail","6":"product_cat-climbing","8":"first","9":"instock","10":"shipping-taxable","11":"purchasable","12":"product-type-simple"},"acf":[],"yoast_head":"<!-- This site is optimized with the Yoast SEO Premium plugin v26.5 (Yoast SEO v27.3) - https:\/\/yoast.com\/product\/yoast-seo-premium-wordpress\/ -->\n<title>Climb Matterhorn<\/title>\n<meta name=\"robots\" content=\"index, follow, max-snippet:-1, max-image-preview:large, max-video-preview:-1\" \/>\n<link rel=\"canonical\" href=\"https:\/\/mountainguides.pro\/de\/tours\/climbing\/matterhorn\/\" \/>\n<meta property=\"og:locale\" content=\"de_DE\" \/>\n<meta property=\"og:locale:alternate\" content=\"en_US\" \/>\n<meta property=\"og:locale:alternate\" content=\"ru_RU\" \/>\n<meta property=\"og:locale:alternate\" content=\"es\" \/>\n<meta property=\"og:locale:alternate\" content=\"pt\" \/>\n<meta property=\"og:locale:alternate\" content=\"zh\" \/>\n<meta property=\"og:locale:alternate\" content=\"ko\" \/>\n<meta property=\"og:locale:alternate\" content=\"ja\" \/>\n<meta property=\"og:locale:alternate\" content=\"hi\" \/>\n<meta property=\"og:locale:alternate\" content=\"ar\" \/>\n<meta property=\"og:type\" content=\"article\" \/>\n<meta property=\"og:title\" content=\"Aufstieg zum Matterhorn\" \/>\n<meta property=\"og:description\" content=\"Gem\u00e4\u00df den Sicherheitsanforderungen der Internationalen F\u00f6deration der Bergf\u00fchrerverb\u00e4nde (IFMGA) kann ein Bergf\u00fchrer w\u00e4hrend einer Besteigung des Matterhorns nur mit einem Teilnehmer arbeiten. Dies entspricht perfekt unserem Sicherheitskonzept f\u00fcr Routen dieser Schwierigkeitsgrade. Prinzipiell k\u00f6nnen wir die Besteigung des Matterhorns von jeder Seite aus anbieten, jedoch haben wir uns f\u00fcr unsere regelm\u00e4\u00dfigen Touren entschieden, diese von der italienischen Seite aus zu organisieren. Die Besteigung des Matterhorns ist normalerweise eine logische Fortsetzung der Besteigung des Mont Blanc. Es gibt viele Gemeinsamkeiten \u2013 keine Zelte im Rahmen der Tour, komfortable Unterk\u00fcnfte und ein minimales Gep\u00e4ckvolumen zusammen mit interessanten Gipfeln und nicht ganz einfachen Routen. Die Besteigung des Matterhorns ist technisch recht anspruchsvoll, es handelt sich keineswegs um eine Wanderroute, daher ist das Verh\u00e4ltnis Bergf\u00fchrer-Klienten in unseren Programmen f\u00fcr das Matterhorn immer strikt 1:1, da wir alle anderen Varianten nicht als sicher genug erachten. Trotz der nicht allzu gro\u00dfen H\u00f6he ist eine Akklimatisierung dringend erforderlich, da jede Verz\u00f6gerung oder langsames Vorankommen auf der Route \u00e4u\u00dferst unerw\u00fcnscht ist, und das Gel\u00e4nde ist schlecht geeignet, um bei der k\u00f6rperlichen Unterst\u00fctzung eines anderen Menschen zu helfen.\" \/>\n<meta property=\"og:url\" content=\"https:\/\/mountainguides.pro\/de\/tours\/climbing\/matterhorn\/\" \/>\n<meta property=\"og:site_name\" content=\"Mountain Guide\" \/>\n<meta property=\"article:publisher\" content=\"https:\/\/www.facebook.com\/Mountainguide-232956566756831\/\" \/>\n<meta property=\"article:modified_time\" content=\"2026-03-16T07:23:56+00:00\" \/>\n<meta property=\"og:image\" content=\"https:\/\/mountainguides.pro\/wp-content\/uploads\/2016\/11\/Matterhorn-with-Mountainguide.ru_.jpg\" \/>\n\t<meta property=\"og:image:width\" content=\"1200\" \/>\n\t<meta property=\"og:image:height\" content=\"676\" \/>\n\t<meta property=\"og:image:type\" content=\"image\/jpeg\" \/>\n<meta name=\"twitter:card\" content=\"summary_large_image\" \/>\n<meta name=\"twitter:site\" content=\"@Wintercyclone\" \/>\n<meta name=\"twitter:label1\" content=\"Gesch\u00e4tzte Lesezeit\" \/>\n\t<meta name=\"twitter:data1\" content=\"4\u00a0Minuten\" \/>\n<script type=\"application\/ld+json\" class=\"yoast-schema-graph\">{\"@context\":\"https:\\\/\\\/schema.org\",\"@graph\":[{\"@type\":\"WebPage\",\"@id\":\"https:\\\/\\\/mountainguides.pro\\\/tours\\\/climbing\\\/matterhorn\\\/\",\"url\":\"https:\\\/\\\/mountainguides.pro\\\/tours\\\/climbing\\\/matterhorn\\\/\",\"name\":\"Climb Matterhorn\",\"isPartOf\":{\"@id\":\"https:\\\/\\\/mountainguides.pro\\\/#website\"},\"primaryImageOfPage\":{\"@id\":\"https:\\\/\\\/mountainguides.pro\\\/tours\\\/climbing\\\/matterhorn\\\/#primaryimage\"},\"image\":{\"@id\":\"https:\\\/\\\/mountainguides.pro\\\/tours\\\/climbing\\\/matterhorn\\\/#primaryimage\"},\"thumbnailUrl\":\"https:\\\/\\\/mountainguides.pro\\\/wp-content\\\/uploads\\\/2016\\\/11\\\/Matterhorn-with-Mountainguide.ru_.jpg\",\"datePublished\":\"2016-11-09T00:45:44+00:00\",\"dateModified\":\"2026-03-16T07:23:56+00:00\",\"breadcrumb\":{\"@id\":\"https:\\\/\\\/mountainguides.pro\\\/tours\\\/climbing\\\/matterhorn\\\/#breadcrumb\"},\"inLanguage\":\"de\",\"potentialAction\":[{\"@type\":\"ReadAction\",\"target\":[\"https:\\\/\\\/mountainguides.pro\\\/tours\\\/climbing\\\/matterhorn\\\/\"]}]},{\"@type\":\"ImageObject\",\"inLanguage\":\"de\",\"@id\":\"https:\\\/\\\/mountainguides.pro\\\/tours\\\/climbing\\\/matterhorn\\\/#primaryimage\",\"url\":\"https:\\\/\\\/mountainguides.pro\\\/wp-content\\\/uploads\\\/2016\\\/11\\\/Matterhorn-with-Mountainguide.ru_.jpg\",\"contentUrl\":\"https:\\\/\\\/mountainguides.pro\\\/wp-content\\\/uploads\\\/2016\\\/11\\\/Matterhorn-with-Mountainguide.ru_.jpg\",\"width\":1200,\"height\":676,\"caption\":\"climb Matterhorn\"},{\"@type\":\"BreadcrumbList\",\"@id\":\"https:\\\/\\\/mountainguides.pro\\\/tours\\\/climbing\\\/matterhorn\\\/#breadcrumb\",\"itemListElement\":[{\"@type\":\"ListItem\",\"position\":1,\"name\":\"Home\",\"item\":\"https:\\\/\\\/mountainguides.pro\\\/de\\\/\"},{\"@type\":\"ListItem\",\"position\":2,\"name\":\"Climb Matterhorn\"}]},{\"@type\":\"WebSite\",\"@id\":\"https:\\\/\\\/mountainguides.pro\\\/#website\",\"url\":\"https:\\\/\\\/mountainguides.pro\\\/\",\"name\":\"Mountain Guide\",\"description\":\"We aspire to be the first in everything!\",\"publisher\":{\"@id\":\"https:\\\/\\\/mountainguides.pro\\\/#organization\"},\"potentialAction\":[{\"@type\":\"SearchAction\",\"target\":{\"@type\":\"EntryPoint\",\"urlTemplate\":\"https:\\\/\\\/mountainguides.pro\\\/?s={search_term_string}\"},\"query-input\":{\"@type\":\"PropertyValueSpecification\",\"valueRequired\":true,\"valueName\":\"search_term_string\"}}],\"inLanguage\":\"de\"},{\"@type\":\"Organization\",\"@id\":\"https:\\\/\\\/mountainguides.pro\\\/#organization\",\"name\":\"Mountain Guide\",\"url\":\"https:\\\/\\\/mountainguides.pro\\\/\",\"logo\":{\"@type\":\"ImageObject\",\"inLanguage\":\"de\",\"@id\":\"https:\\\/\\\/mountainguides.pro\\\/#\\\/schema\\\/logo\\\/image\\\/\",\"url\":\"https:\\\/\\\/mountainguides.pro\\\/wp-content\\\/uploads\\\/2018\\\/01\\\/mglogo.jpg\",\"contentUrl\":\"https:\\\/\\\/mountainguides.pro\\\/wp-content\\\/uploads\\\/2018\\\/01\\\/mglogo.jpg\",\"width\":1200,\"height\":630,\"caption\":\"Mountain Guide\"},\"image\":{\"@id\":\"https:\\\/\\\/mountainguides.pro\\\/#\\\/schema\\\/logo\\\/image\\\/\"},\"sameAs\":[\"https:\\\/\\\/www.facebook.com\\\/Mountainguide-232956566756831\\\/\",\"https:\\\/\\\/x.com\\\/Wintercyclone\",\"http:\\\/\\\/instagram.com\\\/mountainguide\",\"http:\\\/\\\/www.youtube.com\\\/mountainguide\"]}]}<\/script>\n<!-- \/ Yoast SEO Premium plugin. -->","yoast_head_json":{"title":"Climb Matterhorn","robots":{"index":"index","follow":"follow","max-snippet":"max-snippet:-1","max-image-preview":"max-image-preview:large","max-video-preview":"max-video-preview:-1"},"canonical":"https:\/\/mountainguides.pro\/de\/tours\/climbing\/matterhorn\/","og_locale":"de_DE","og_type":"article","og_title":"[:en]Climb Matterhorn[:de]Aufstieg zum Matterhorn[:es]Escalada del Matterhorn[:pt]Escalando o Matterhorn[:zh]\u9a6c\u7279\u5b8f\u5cf0\u6500\u5ca9[:ko]\ub9e4\ud130\ud638\ub978 \ub4f1\ubc18[:ja]\u30de\u30c3\u30bf\u30fc\u30db\u30eb\u30f3\u30af\u30e9\u30a4\u30df\u30f3\u30b0[:hi]\u092e\u0948\u091f\u0930\u0939\u0949\u0930\u094d\u0928 \u091a\u0922\u093c\u093e\u0908[:ar]\u062a\u0633\u0644\u0642 \u0645\u0627\u062a\u0631\u0647\u0648\u0631\u0646[:]","og_description":"Gem\u00e4\u00df den Sicherheitsanforderungen der Internationalen F\u00f6deration der Bergf\u00fchrerverb\u00e4nde (IFMGA) kann ein Bergf\u00fchrer w\u00e4hrend einer Besteigung des Matterhorns nur mit einem Teilnehmer arbeiten. Dies entspricht perfekt unserem Sicherheitskonzept f\u00fcr Routen dieser Schwierigkeitsgrade. Prinzipiell k\u00f6nnen wir die Besteigung des Matterhorns von jeder Seite aus anbieten, jedoch haben wir uns f\u00fcr unsere regelm\u00e4\u00dfigen Touren entschieden, diese von der italienischen Seite aus zu organisieren. Die Besteigung des Matterhorns ist normalerweise eine logische Fortsetzung der Besteigung des Mont Blanc. Es gibt viele Gemeinsamkeiten \u2013 keine Zelte im Rahmen der Tour, komfortable Unterk\u00fcnfte und ein minimales Gep\u00e4ckvolumen zusammen mit interessanten Gipfeln und nicht ganz einfachen Routen. Die Besteigung des Matterhorns ist technisch recht anspruchsvoll, es handelt sich keineswegs um eine Wanderroute, daher ist das Verh\u00e4ltnis Bergf\u00fchrer-Klienten in unseren Programmen f\u00fcr das Matterhorn immer strikt 1:1, da wir alle anderen Varianten nicht als sicher genug erachten. Trotz der nicht allzu gro\u00dfen H\u00f6he ist eine Akklimatisierung dringend erforderlich, da jede Verz\u00f6gerung oder langsames Vorankommen auf der Route \u00e4u\u00dferst unerw\u00fcnscht ist, und das Gel\u00e4nde ist schlecht geeignet, um bei der k\u00f6rperlichen Unterst\u00fctzung eines anderen Menschen zu helfen.","og_url":"https:\/\/mountainguides.pro\/de\/tours\/climbing\/matterhorn\/","og_site_name":"Mountain Guide","article_publisher":"https:\/\/www.facebook.com\/Mountainguide-232956566756831\/","article_modified_time":"2026-03-16T07:23:56+00:00","og_image":[{"width":1200,"height":676,"url":"https:\/\/mountainguides.pro\/wp-content\/uploads\/2016\/11\/Matterhorn-with-Mountainguide.ru_.jpg","type":"image\/jpeg"}],"twitter_card":"summary_large_image","twitter_site":"@Wintercyclone","twitter_misc":{"Gesch\u00e4tzte Lesezeit":"4\u00a0Minuten"},"schema":{"@context":"https:\/\/schema.org","@graph":[{"@type":"WebPage","@id":"https:\/\/mountainguides.pro\/tours\/climbing\/matterhorn\/","url":"https:\/\/mountainguides.pro\/tours\/climbing\/matterhorn\/","name":"Climb Matterhorn","isPartOf":{"@id":"https:\/\/mountainguides.pro\/#website"},"primaryImageOfPage":{"@id":"https:\/\/mountainguides.pro\/tours\/climbing\/matterhorn\/#primaryimage"},"image":{"@id":"https:\/\/mountainguides.pro\/tours\/climbing\/matterhorn\/#primaryimage"},"thumbnailUrl":"https:\/\/mountainguides.pro\/wp-content\/uploads\/2016\/11\/Matterhorn-with-Mountainguide.ru_.jpg","datePublished":"2016-11-09T00:45:44+00:00","dateModified":"2026-03-16T07:23:56+00:00","breadcrumb":{"@id":"https:\/\/mountainguides.pro\/tours\/climbing\/matterhorn\/#breadcrumb"},"inLanguage":"de","potentialAction":[{"@type":"ReadAction","target":["https:\/\/mountainguides.pro\/tours\/climbing\/matterhorn\/"]}]},{"@type":"ImageObject","inLanguage":"de","@id":"https:\/\/mountainguides.pro\/tours\/climbing\/matterhorn\/#primaryimage","url":"https:\/\/mountainguides.pro\/wp-content\/uploads\/2016\/11\/Matterhorn-with-Mountainguide.ru_.jpg","contentUrl":"https:\/\/mountainguides.pro\/wp-content\/uploads\/2016\/11\/Matterhorn-with-Mountainguide.ru_.jpg","width":1200,"height":676,"caption":"climb Matterhorn"},{"@type":"BreadcrumbList","@id":"https:\/\/mountainguides.pro\/tours\/climbing\/matterhorn\/#breadcrumb","itemListElement":[{"@type":"ListItem","position":1,"name":"Home","item":"https:\/\/mountainguides.pro\/de\/"},{"@type":"ListItem","position":2,"name":"Climb Matterhorn"}]},{"@type":"WebSite","@id":"https:\/\/mountainguides.pro\/#website","url":"https:\/\/mountainguides.pro\/","name":"Mountain Guide","description":"We aspire to be the first in everything!","publisher":{"@id":"https:\/\/mountainguides.pro\/#organization"},"potentialAction":[{"@type":"SearchAction","target":{"@type":"EntryPoint","urlTemplate":"https:\/\/mountainguides.pro\/?s={search_term_string}"},"query-input":{"@type":"PropertyValueSpecification","valueRequired":true,"valueName":"search_term_string"}}],"inLanguage":"de"},{"@type":"Organization","@id":"https:\/\/mountainguides.pro\/#organization","name":"Mountain Guide","url":"https:\/\/mountainguides.pro\/","logo":{"@type":"ImageObject","inLanguage":"de","@id":"https:\/\/mountainguides.pro\/#\/schema\/logo\/image\/","url":"https:\/\/mountainguides.pro\/wp-content\/uploads\/2018\/01\/mglogo.jpg","contentUrl":"https:\/\/mountainguides.pro\/wp-content\/uploads\/2018\/01\/mglogo.jpg","width":1200,"height":630,"caption":"Mountain Guide"},"image":{"@id":"https:\/\/mountainguides.pro\/#\/schema\/logo\/image\/"},"sameAs":["https:\/\/www.facebook.com\/Mountainguide-232956566756831\/","https:\/\/x.com\/Wintercyclone","http:\/\/instagram.com\/mountainguide","http:\/\/www.youtube.com\/mountainguide"]}]}},"_links":{"self":[{"href":"https:\/\/mountainguides.pro\/de\/wp-json\/wp\/v2\/product\/14945","targetHints":{"allow":["GET"]}}],"collection":[{"href":"https:\/\/mountainguides.pro\/de\/wp-json\/wp\/v2\/product"}],"about":[{"href":"https:\/\/mountainguides.pro\/de\/wp-json\/wp\/v2\/types\/product"}],"replies":[{"embeddable":true,"href":"https:\/\/mountainguides.pro\/de\/wp-json\/wp\/v2\/comments?post=14945"}],"version-history":[{"count":35,"href":"https:\/\/mountainguides.pro\/de\/wp-json\/wp\/v2\/product\/14945\/revisions"}],"predecessor-version":[{"id":32733,"href":"https:\/\/mountainguides.pro\/de\/wp-json\/wp\/v2\/product\/14945\/revisions\/32733"}],"wp:featuredmedia":[{"embeddable":true,"href":"https:\/\/mountainguides.pro\/de\/wp-json\/wp\/v2\/media\/15019"}],"wp:attachment":[{"href":"https:\/\/mountainguides.pro\/de\/wp-json\/wp\/v2\/media?parent=14945"}],"wp:term":[{"taxonomy":"product_cat","embeddable":true,"href":"https:\/\/mountainguides.pro\/de\/wp-json\/wp\/v2\/product_cat?post=14945"},{"taxonomy":"product_tag","embeddable":true,"href":"https:\/\/mountainguides.pro\/de\/wp-json\/wp\/v2\/product_tag?post=14945"}],"curies":[{"name":"wp","href":"https:\/\/api.w.org\/{rel}","templated":true}]}}