{"id":17708,"date":"2021-11-01T14:09:14","date_gmt":"2021-11-01T11:09:14","guid":{"rendered":"https:\/\/mountainguides.pro\/?post_type=product&#038;p=17708"},"modified":"2026-02-04T15:04:00","modified_gmt":"2026-02-04T12:04:00","slug":"elbrus-climb-from-the-south-9-days-with-sergey-baranov","status":"publish","type":"product","link":"https:\/\/mountainguides.pro\/de\/tours\/climb-elbrus\/elbrus-climb-from-the-south-9-days-with-sergey-baranov\/","title":{"rendered":"Elbrus aus dem S\u00fcden 9 Tage mit Sergei Baranov"},"content":{"rendered":"<h2>About the tour<\/h2>\n<p>Our longest 9-day schedule for Elbrus climb from the south greatly repeats the\u00a07-day schedule of Elbrus climb from the south<u>,<\/u>\u00a0being designed for those who climb mountains for sheer pleasure and not for overcoming oneself and challenges.<\/p>\n<p>This schedule offers longer acclimatization on the valley and on the mountain (one extra day for each). You will summit the mountain on the seventh day of the schedule which guarantees a pretty good and unhasty acclimatization, making your chances of successful Elbrus summiting even stronger.<\/p>\n<p>This schedule of a\u00a0Mount Elbrus climb\u00a0is the least challenging and a most rewarding for your body. It is a perfect option for those who are more after enjoying the nature and landscape than challenging oneself. This is arguably the most moderate schedule for climbing Elbrus. The comfort of hotel and refuge will make your trip twice as agreeable.<\/p>\n<h2>9-day Schedule for an Elbrus Climb from the South<\/h2>\n<p><strong>Day 1.<\/strong>Arrival at MRV airport. Departure from the airport at 12: 00-12: 15 pm for all arrivals on flights before 11:30 pm. Departure from the airport at 15: 15-15: 30 pm for all arrivals before 14:45 pm. Moving 200 km (3 hours) transfer to the hotel. The hotel of the system is at the beginning of the hundred-kilometer valley of the Baksan River, almost on the very slope of Elbrus. Gathering for dinner.<br \/>\n<strong>Day 2.<\/strong>\u00a0Acclimatization hike to Cheget. Descent on foot to the hotel.<br \/>\n<strong>Day 3.<\/strong>\u00a0Acclimatization hike to Maid\u2019s Braids waterfall (at 2700m) and further on, to the observatory (at 3100m).<br \/>\n<strong>Day 4.<\/strong>\u00a0Taking a lift to the refuge and setting up there. After a snack, making an acclimatization hike to an elevation of 4400m, till the end of the ridge. Overnight stay in the huts.<br \/>\n<strong>Day 5.<\/strong>\u00a0An acclimatization hike to Pastukhov\u2019s Rocks (at 4700m).<br \/>\n<strong>Day 6.<\/strong>\u00a0Rest day. Final preparations for summiting Elbrus.<br \/>\n<strong>Day 7.<\/strong>\u00a0Summiting Mt. Elbrus (5642m), with an early start (at 2\u20134 AM) and possible use of a Snowcat. The proportion of guides and clients is strictly 1:3.<br \/>\n<strong>Day 8.<\/strong>\u00a0Reserve day. Descent to the hotel.<br \/>\n<strong>Day 9.<\/strong>\u00a0Transfer to the airport at 7 AM (plan your flight with this in mind!). Probably there will be some time for a walk in Pyatigorsk after you reach the airport and leave your luggage there. On your own, you can visit also the well-known Russian poet Lermontov\u2019s duel site.<\/p>\n<p><strong>To give you peace of mind, the package tours we offer, as a rule, include all expenses you may need<\/strong><\/p>\n<h2>Included in the cost of Elbrus climb:<\/h2>\n<ul>\n<li>Mountain guides: one leading guide for the program of Elbrus climb and several assistants for the day of summiting, with a strict proportion of 1 guide per three climbers. This means that if there are four clients in a group, there will be two guides for them.\u00a0<strong>We have no limitation of attempts for the group to summit.<\/strong>\u00a0However, if part of the group made it to the summit while some members failed to, summiting is considered successful, and any additional attempts are made for additional payment.<\/li>\n<li>Services of a cook.<\/li>\n<li>Hotel with accommodation in double and triple rooms. Duration of stay depends on the schedule.<\/li>\n<li>Accommodation in huts. Duration of stay depends on the schedule of Elbrus climb.<\/li>\n<li>All transfers mentioned in the itinerary (including lifts) \u2013 from and to airport \/ station.<\/li>\n<li>Meals three times a day throughout the trip. Dinner on the first day, breakfast \u2013 on the last.<\/li>\n<li>All required permits and registrations.<\/li>\n<li>Equipment for the group (ropes, ice screws, radios, first aid set, satellite navigators\/GPS).<\/li>\n<\/ul>\n<h2>Not included in the cost of Elbrus climb:<\/h2>\n<ul>\n<li>Snowcat on summiting day<\/li>\n<li>Single accommodation<\/li>\n<li>Personal equipment<\/li>\n<li>Any deviations to the original schedule.<\/li>\n<li>Any costs associated with program changes<\/li>\n<\/ul>\n<h2>List of equipment for climbing mount Elbrus from the South.<\/h2>\n<p><a role=\"button\" href=\"#\"><br \/>\nDownload PDF<br \/>\n<\/a><\/p>\n<p>Documents<\/p>\n<ul>\n<li>Valid passport<\/li>\n<li>Airline tickets<\/li>\n<li>Voucher (a form, which was sent to you for obtaining visa)<\/li>\n<li>Insurance<\/li>\n<\/ul>\n<p>Personal equipment<\/p>\n<ul>\n<li>Backpack<\/li>\n<li>Sleeping bag<\/li>\n<li>Ski\/trekking poles<\/li>\n<li>Crampons<\/li>\n<li>Ice axe<\/li>\n<li>Mountaineering Lanyard<\/li>\n<li>Helmet<\/li>\n<li>Harness<\/li>\n<li>2 Carabines<\/li>\n<li>2 meters of 5 or 6-10mm rope<\/li>\n<\/ul>\n<p>Clothing and shoes.<\/p>\n<ul>\n<li>Wind and waterproof layer \u2013 Pants and Jacket. Gore-Tex, for example.<\/li>\n<li>Fleece pants and jacket<\/li>\n<li>Thermo underwear layer \u2013 top and bottom<\/li>\n<li>Dawn jacket.<\/li>\n<li>Mittens<\/li>\n<li>Thick gloves<\/li>\n<li>Thin gloves<\/li>\n<li>Bandana<\/li>\n<li>Warm hat<\/li>\n<li>Underwear, socks and so on<\/li>\n<li>Some warm socks for a summit day<\/li>\n<li>Balaclava<\/li>\n<li>Windproof face mask<\/li>\n<li>Gators<\/li>\n<li>Trekking shoes\/trekking boots<\/li>\n<li>Double or triple boots<\/li>\n<\/ul>\n<p>Travel Accessories<\/p>\n<ul>\n<li>Headlamp<\/li>\n<li>Shower accessories, toothpaste, toothbrush<\/li>\n<li>Sunglasses<\/li>\n<li>Ski goggles<\/li>\n<li>Vitamins<\/li>\n<li>Thermos (1 liter, better without button)<\/li>\n<li>Sunblock and lip balm<\/li>\n<li>Personal medical kit<\/li>\n<li>Spare contact lenses or glasses<\/li>\n<li>Knee supports<\/li>\n<\/ul>\n","protected":false},"excerpt":{"rendered":"<p data-start=\"61\" data-end=\"112\"><strong data-start=\"61\" data-end=\"112\">Warum sollten Sie mit uns auf den Elbrus gehen?<\/strong><\/p>\n<p data-start=\"114\" data-end=\"426\">Vor allem deshalb, weil unsere Guides erfahrene Profis sind, die wir nicht nur erw\u00e4hnen, sondern Ihnen stolz vorstellen. Im Gegensatz zu vielen anderen Unternehmen begrenzen wir die Anzahl der Gipfelversuche nicht \u2013 Sie k\u00f6nnen alle Reservetage der Programms ohne zus\u00e4tzliche Geb\u00fchren f\u00fcr erneute Versuche nutzen!<\/p>\n<p data-start=\"428\" data-end=\"821\">Wir bieten vollwertige Verpflegung sowohl im Hotel als auch im Bergh\u00fcttenlager \u2013 frisches Fleisch, Obst und Gem\u00fcse f\u00fcr Ihren Komfort und Ihre Energie. Unser Hotelkomplex verf\u00fcgt \u00fcber gro\u00dfz\u00fcgige Zimmer und einen gem\u00fctlichen Speisesaal. Auch der Aufenthalt in der Bergh\u00fctte ist komfortabel: eine gro\u00dfe K\u00fcche, bequeme Betten in Wohncontainern, Bettw\u00e4sche (auf Anfrage) und saubere Sanit\u00e4ranlagen.<\/p>\n<p data-start=\"823\" data-end=\"971\">Unser Ausr\u00fcstungsverleih ist der modernste und gr\u00f6\u00dfte im gesamten Elbrus-Gebiet, was Ihnen Sicherheit und Vertrauen auf dem gesamten Weg garantiert.<\/p>\n<p data-start=\"973\" data-end=\"1242\">Alle Expeditionen, die im Abschnitt \u201eTermine und Preise\u201c aufgef\u00fchrt sind, finden bereits ab zwei Teilnehmern statt. Gerne organisieren wir auch Erholung f\u00fcr Ihre Angeh\u00f6rigen, damit sich niemand langweilt, w\u00e4hrend Sie zu einem unvergesslichen Gipfelabenteuer aufbrechen.<\/p>\n","protected":false},"featured_media":17709,"comment_status":"open","ping_status":"closed","template":"","meta":{"_acf_changed":false,"footnotes":""},"product_cat":[330,320,355],"product_tag":[],"class_list":{"0":"post-17708","1":"product","2":"type-product","3":"status-publish","4":"has-post-thumbnail","6":"product_cat-climb-elbrus","7":"product_cat-climbing","8":"product_cat-only-mount","10":"first","11":"instock","12":"shipping-taxable","13":"purchasable","14":"product-type-simple"},"acf":[],"yoast_head":"<!-- This site is optimized with the Yoast SEO Premium plugin v26.5 (Yoast SEO v27.3) - https:\/\/yoast.com\/product\/yoast-seo-premium-wordpress\/ -->\n<title>Climb Elbrus with Sergey Baranov<\/title>\n<meta name=\"robots\" content=\"index, follow, max-snippet:-1, max-image-preview:large, max-video-preview:-1\" \/>\n<link rel=\"canonical\" href=\"https:\/\/mountainguides.pro\/de\/tours\/climb-elbrus\/elbrus-climb-from-the-south-9-days-with-sergey-baranov\/\" \/>\n<meta property=\"og:locale\" content=\"de_DE\" \/>\n<meta property=\"og:locale:alternate\" content=\"en_US\" \/>\n<meta property=\"og:locale:alternate\" content=\"ru_RU\" \/>\n<meta property=\"og:locale:alternate\" content=\"es\" \/>\n<meta property=\"og:locale:alternate\" content=\"pt\" \/>\n<meta property=\"og:locale:alternate\" content=\"zh\" \/>\n<meta property=\"og:locale:alternate\" content=\"ko\" \/>\n<meta property=\"og:locale:alternate\" content=\"ja\" \/>\n<meta property=\"og:locale:alternate\" content=\"hi\" \/>\n<meta property=\"og:locale:alternate\" content=\"ar\" \/>\n<meta property=\"og:type\" content=\"article\" \/>\n<meta property=\"og:title\" content=\"Elbrus aus dem S\u00fcden 9 Tage mit Sergei Baranov\" \/>\n<meta property=\"og:description\" content=\"Warum sollten Sie mit uns auf den Elbrus gehen? Vor allem deshalb, weil unsere Guides erfahrene Profis sind, die wir nicht nur erw\u00e4hnen, sondern Ihnen stolz vorstellen. Im Gegensatz zu vielen anderen Unternehmen begrenzen wir die Anzahl der Gipfelversuche nicht \u2013 Sie k\u00f6nnen alle Reservetage der Programms ohne zus\u00e4tzliche Geb\u00fchren f\u00fcr erneute Versuche nutzen! Wir bieten vollwertige Verpflegung sowohl im Hotel als auch im Bergh\u00fcttenlager \u2013 frisches Fleisch, Obst und Gem\u00fcse f\u00fcr Ihren Komfort und Ihre Energie. Unser Hotelkomplex verf\u00fcgt \u00fcber gro\u00dfz\u00fcgige Zimmer und einen gem\u00fctlichen Speisesaal. Auch der Aufenthalt in der Bergh\u00fctte ist komfortabel: eine gro\u00dfe K\u00fcche, bequeme Betten in Wohncontainern, Bettw\u00e4sche (auf Anfrage) und saubere Sanit\u00e4ranlagen. Unser Ausr\u00fcstungsverleih ist der modernste und gr\u00f6\u00dfte im gesamten Elbrus-Gebiet, was Ihnen Sicherheit und Vertrauen auf dem gesamten Weg garantiert. Alle Expeditionen, die im Abschnitt \u201eTermine und Preise\u201c aufgef\u00fchrt sind, finden bereits ab zwei Teilnehmern statt. Gerne organisieren wir auch Erholung f\u00fcr Ihre Angeh\u00f6rigen, damit sich niemand langweilt, w\u00e4hrend Sie zu einem unvergesslichen Gipfelabenteuer aufbrechen.\" \/>\n<meta property=\"og:url\" content=\"https:\/\/mountainguides.pro\/de\/tours\/climb-elbrus\/elbrus-climb-from-the-south-9-days-with-sergey-baranov\/\" \/>\n<meta property=\"og:site_name\" content=\"Mountain Guide\" \/>\n<meta property=\"article:publisher\" content=\"https:\/\/www.facebook.com\/Mountainguide-232956566756831\/\" \/>\n<meta property=\"article:modified_time\" content=\"2026-02-04T12:04:00+00:00\" \/>\n<meta property=\"og:image\" content=\"https:\/\/mountainguides.pro\/wp-content\/uploads\/2021\/11\/IMG_2625-e1635764938977.jpg\" \/>\n\t<meta property=\"og:image:width\" content=\"734\" \/>\n\t<meta property=\"og:image:height\" content=\"645\" \/>\n\t<meta property=\"og:image:type\" content=\"image\/jpeg\" \/>\n<meta name=\"twitter:card\" content=\"summary_large_image\" \/>\n<meta name=\"twitter:site\" content=\"@Wintercyclone\" \/>\n<meta name=\"twitter:label1\" content=\"Gesch\u00e4tzte Lesezeit\" \/>\n\t<meta name=\"twitter:data1\" content=\"4\u00a0Minuten\" \/>\n<script type=\"application\/ld+json\" class=\"yoast-schema-graph\">{\"@context\":\"https:\\\/\\\/schema.org\",\"@graph\":[{\"@type\":\"WebPage\",\"@id\":\"https:\\\/\\\/mountainguides.pro\\\/ar\\\/tours\\\/climb-elbrus\\\/elbrus-climb-from-the-south-9-days-with-sergey-baranov\\\/\",\"url\":\"https:\\\/\\\/mountainguides.pro\\\/ar\\\/tours\\\/climb-elbrus\\\/elbrus-climb-from-the-south-9-days-with-sergey-baranov\\\/\",\"name\":\"Climb Elbrus with Sergey Baranov\",\"isPartOf\":{\"@id\":\"https:\\\/\\\/mountainguides.pro\\\/#website\"},\"primaryImageOfPage\":{\"@id\":\"https:\\\/\\\/mountainguides.pro\\\/ar\\\/tours\\\/climb-elbrus\\\/elbrus-climb-from-the-south-9-days-with-sergey-baranov\\\/#primaryimage\"},\"image\":{\"@id\":\"https:\\\/\\\/mountainguides.pro\\\/ar\\\/tours\\\/climb-elbrus\\\/elbrus-climb-from-the-south-9-days-with-sergey-baranov\\\/#primaryimage\"},\"thumbnailUrl\":\"https:\\\/\\\/mountainguides.pro\\\/wp-content\\\/uploads\\\/2021\\\/11\\\/IMG_2625-e1635764938977.jpg\",\"datePublished\":\"2021-11-01T11:09:14+00:00\",\"dateModified\":\"2026-02-04T12:04:00+00:00\",\"breadcrumb\":{\"@id\":\"https:\\\/\\\/mountainguides.pro\\\/ar\\\/tours\\\/climb-elbrus\\\/elbrus-climb-from-the-south-9-days-with-sergey-baranov\\\/#breadcrumb\"},\"inLanguage\":\"de\",\"potentialAction\":[{\"@type\":\"ReadAction\",\"target\":[\"https:\\\/\\\/mountainguides.pro\\\/ar\\\/tours\\\/climb-elbrus\\\/elbrus-climb-from-the-south-9-days-with-sergey-baranov\\\/\"]}]},{\"@type\":\"ImageObject\",\"inLanguage\":\"de\",\"@id\":\"https:\\\/\\\/mountainguides.pro\\\/ar\\\/tours\\\/climb-elbrus\\\/elbrus-climb-from-the-south-9-days-with-sergey-baranov\\\/#primaryimage\",\"url\":\"https:\\\/\\\/mountainguides.pro\\\/wp-content\\\/uploads\\\/2021\\\/11\\\/IMG_2625-e1635764938977.jpg\",\"contentUrl\":\"https:\\\/\\\/mountainguides.pro\\\/wp-content\\\/uploads\\\/2021\\\/11\\\/IMG_2625-e1635764938977.jpg\",\"width\":734,\"height\":645},{\"@type\":\"BreadcrumbList\",\"@id\":\"https:\\\/\\\/mountainguides.pro\\\/ar\\\/tours\\\/climb-elbrus\\\/elbrus-climb-from-the-south-9-days-with-sergey-baranov\\\/#breadcrumb\",\"itemListElement\":[{\"@type\":\"ListItem\",\"position\":1,\"name\":\"Home\",\"item\":\"https:\\\/\\\/mountainguides.pro\\\/de\\\/\"},{\"@type\":\"ListItem\",\"position\":2,\"name\":\"\u0625\u0644\u0628\u0631\u0648\u0633 \u0645\u0646 \u0627\u0644\u062c\u0646\u0648\u0628 9 \u0623\u064a\u0627\u0645 \u0645\u0639 \u0633\u064a\u0631\u062c\u064a \u0628\u0627\u0631\u0627\u0646\u0648\u0641\"}]},{\"@type\":\"WebSite\",\"@id\":\"https:\\\/\\\/mountainguides.pro\\\/#website\",\"url\":\"https:\\\/\\\/mountainguides.pro\\\/\",\"name\":\"Mountain Guide\",\"description\":\"We aspire to be the first in everything!\",\"publisher\":{\"@id\":\"https:\\\/\\\/mountainguides.pro\\\/#organization\"},\"potentialAction\":[{\"@type\":\"SearchAction\",\"target\":{\"@type\":\"EntryPoint\",\"urlTemplate\":\"https:\\\/\\\/mountainguides.pro\\\/?s={search_term_string}\"},\"query-input\":{\"@type\":\"PropertyValueSpecification\",\"valueRequired\":true,\"valueName\":\"search_term_string\"}}],\"inLanguage\":\"de\"},{\"@type\":\"Organization\",\"@id\":\"https:\\\/\\\/mountainguides.pro\\\/#organization\",\"name\":\"Mountain Guide\",\"url\":\"https:\\\/\\\/mountainguides.pro\\\/\",\"logo\":{\"@type\":\"ImageObject\",\"inLanguage\":\"de\",\"@id\":\"https:\\\/\\\/mountainguides.pro\\\/#\\\/schema\\\/logo\\\/image\\\/\",\"url\":\"https:\\\/\\\/mountainguides.pro\\\/wp-content\\\/uploads\\\/2018\\\/01\\\/mglogo.jpg\",\"contentUrl\":\"https:\\\/\\\/mountainguides.pro\\\/wp-content\\\/uploads\\\/2018\\\/01\\\/mglogo.jpg\",\"width\":1200,\"height\":630,\"caption\":\"Mountain Guide\"},\"image\":{\"@id\":\"https:\\\/\\\/mountainguides.pro\\\/#\\\/schema\\\/logo\\\/image\\\/\"},\"sameAs\":[\"https:\\\/\\\/www.facebook.com\\\/Mountainguide-232956566756831\\\/\",\"https:\\\/\\\/x.com\\\/Wintercyclone\",\"http:\\\/\\\/instagram.com\\\/mountainguide\",\"http:\\\/\\\/www.youtube.com\\\/mountainguide\"]}]}<\/script>\n<!-- \/ Yoast SEO Premium plugin. -->","yoast_head_json":{"title":"Climb Elbrus with Sergey Baranov","robots":{"index":"index","follow":"follow","max-snippet":"max-snippet:-1","max-image-preview":"max-image-preview:large","max-video-preview":"max-video-preview:-1"},"canonical":"https:\/\/mountainguides.pro\/de\/tours\/climb-elbrus\/elbrus-climb-from-the-south-9-days-with-sergey-baranov\/","og_locale":"de_DE","og_type":"article","og_title":"[:en]Climb Elbrus from the South, 9 days with Sergey Baranov[:de]Elbrus aus dem S\u00fcden 9 Tage mit Sergei Baranov[:es]Elbrus desde el sur 9 d\u00edas con Sergei Baranov[:pt]Elbrus do Sul 9 dias com Sergey Baranov[:zh]\u5384\u5c14\u5e03\u9c81\u58eb\u6765\u81ea\u5357\u65b99\u5929\u4e0e\u8c22\u5c14\u76d6\u5df4\u62c9\u8bfa\u592b[:ko]\uc138\ub974\uac8c\uc774 \ubc14\ub77c \ub178\ud504\uc640 \ud568\uaed8 \ub0a8\ucabd\uc5d0\uc11c \uc5d8 \ube0c\ub8e8\uc2a4 9 \uc77c[:ja]\u30bb\u30eb\u30b2\u30a4\u30d0\u30e9\u30ce\u30d5\u3068\u53579\u65e5\u304b\u3089\u306e\u30a8\u30eb\u30d6\u30eb\u30b9[:hi]\u0938\u0930\u094d\u0917\u0947\u0908 \u092c\u0930\u093e\u0928\u094b\u0935 \u0915\u0947 \u0938\u093e\u0925 \u0926\u0915\u094d\u0937\u093f\u0923 9 \u0926\u093f\u0928\u094b\u0902 \u0938\u0947 \u090f\u0932\u094d\u092c\u094d\u0930\u0938[:ar]\u0625\u0644\u0628\u0631\u0648\u0633 \u0645\u0646 \u0627\u0644\u062c\u0646\u0648\u0628 9 \u0623\u064a\u0627\u0645 \u0645\u0639 \u0633\u064a\u0631\u062c\u064a \u0628\u0627\u0631\u0627\u0646\u0648\u0641[:]","og_description":"Warum sollten Sie mit uns auf den Elbrus gehen? Vor allem deshalb, weil unsere Guides erfahrene Profis sind, die wir nicht nur erw\u00e4hnen, sondern Ihnen stolz vorstellen. Im Gegensatz zu vielen anderen Unternehmen begrenzen wir die Anzahl der Gipfelversuche nicht \u2013 Sie k\u00f6nnen alle Reservetage der Programms ohne zus\u00e4tzliche Geb\u00fchren f\u00fcr erneute Versuche nutzen! Wir bieten vollwertige Verpflegung sowohl im Hotel als auch im Bergh\u00fcttenlager \u2013 frisches Fleisch, Obst und Gem\u00fcse f\u00fcr Ihren Komfort und Ihre Energie. Unser Hotelkomplex verf\u00fcgt \u00fcber gro\u00dfz\u00fcgige Zimmer und einen gem\u00fctlichen Speisesaal. Auch der Aufenthalt in der Bergh\u00fctte ist komfortabel: eine gro\u00dfe K\u00fcche, bequeme Betten in Wohncontainern, Bettw\u00e4sche (auf Anfrage) und saubere Sanit\u00e4ranlagen. Unser Ausr\u00fcstungsverleih ist der modernste und gr\u00f6\u00dfte im gesamten Elbrus-Gebiet, was Ihnen Sicherheit und Vertrauen auf dem gesamten Weg garantiert. Alle Expeditionen, die im Abschnitt \u201eTermine und Preise\u201c aufgef\u00fchrt sind, finden bereits ab zwei Teilnehmern statt. Gerne organisieren wir auch Erholung f\u00fcr Ihre Angeh\u00f6rigen, damit sich niemand langweilt, w\u00e4hrend Sie zu einem unvergesslichen Gipfelabenteuer aufbrechen.","og_url":"https:\/\/mountainguides.pro\/de\/tours\/climb-elbrus\/elbrus-climb-from-the-south-9-days-with-sergey-baranov\/","og_site_name":"Mountain Guide","article_publisher":"https:\/\/www.facebook.com\/Mountainguide-232956566756831\/","article_modified_time":"2026-02-04T12:04:00+00:00","og_image":[{"width":734,"height":645,"url":"https:\/\/mountainguides.pro\/wp-content\/uploads\/2021\/11\/IMG_2625-e1635764938977.jpg","type":"image\/jpeg"}],"twitter_card":"summary_large_image","twitter_site":"@Wintercyclone","twitter_misc":{"Gesch\u00e4tzte Lesezeit":"4\u00a0Minuten"},"schema":{"@context":"https:\/\/schema.org","@graph":[{"@type":"WebPage","@id":"https:\/\/mountainguides.pro\/ar\/tours\/climb-elbrus\/elbrus-climb-from-the-south-9-days-with-sergey-baranov\/","url":"https:\/\/mountainguides.pro\/ar\/tours\/climb-elbrus\/elbrus-climb-from-the-south-9-days-with-sergey-baranov\/","name":"Climb Elbrus with Sergey Baranov","isPartOf":{"@id":"https:\/\/mountainguides.pro\/#website"},"primaryImageOfPage":{"@id":"https:\/\/mountainguides.pro\/ar\/tours\/climb-elbrus\/elbrus-climb-from-the-south-9-days-with-sergey-baranov\/#primaryimage"},"image":{"@id":"https:\/\/mountainguides.pro\/ar\/tours\/climb-elbrus\/elbrus-climb-from-the-south-9-days-with-sergey-baranov\/#primaryimage"},"thumbnailUrl":"https:\/\/mountainguides.pro\/wp-content\/uploads\/2021\/11\/IMG_2625-e1635764938977.jpg","datePublished":"2021-11-01T11:09:14+00:00","dateModified":"2026-02-04T12:04:00+00:00","breadcrumb":{"@id":"https:\/\/mountainguides.pro\/ar\/tours\/climb-elbrus\/elbrus-climb-from-the-south-9-days-with-sergey-baranov\/#breadcrumb"},"inLanguage":"de","potentialAction":[{"@type":"ReadAction","target":["https:\/\/mountainguides.pro\/ar\/tours\/climb-elbrus\/elbrus-climb-from-the-south-9-days-with-sergey-baranov\/"]}]},{"@type":"ImageObject","inLanguage":"de","@id":"https:\/\/mountainguides.pro\/ar\/tours\/climb-elbrus\/elbrus-climb-from-the-south-9-days-with-sergey-baranov\/#primaryimage","url":"https:\/\/mountainguides.pro\/wp-content\/uploads\/2021\/11\/IMG_2625-e1635764938977.jpg","contentUrl":"https:\/\/mountainguides.pro\/wp-content\/uploads\/2021\/11\/IMG_2625-e1635764938977.jpg","width":734,"height":645},{"@type":"BreadcrumbList","@id":"https:\/\/mountainguides.pro\/ar\/tours\/climb-elbrus\/elbrus-climb-from-the-south-9-days-with-sergey-baranov\/#breadcrumb","itemListElement":[{"@type":"ListItem","position":1,"name":"Home","item":"https:\/\/mountainguides.pro\/de\/"},{"@type":"ListItem","position":2,"name":"\u0625\u0644\u0628\u0631\u0648\u0633 \u0645\u0646 \u0627\u0644\u062c\u0646\u0648\u0628 9 \u0623\u064a\u0627\u0645 \u0645\u0639 \u0633\u064a\u0631\u062c\u064a \u0628\u0627\u0631\u0627\u0646\u0648\u0641"}]},{"@type":"WebSite","@id":"https:\/\/mountainguides.pro\/#website","url":"https:\/\/mountainguides.pro\/","name":"Mountain Guide","description":"We aspire to be the first in everything!","publisher":{"@id":"https:\/\/mountainguides.pro\/#organization"},"potentialAction":[{"@type":"SearchAction","target":{"@type":"EntryPoint","urlTemplate":"https:\/\/mountainguides.pro\/?s={search_term_string}"},"query-input":{"@type":"PropertyValueSpecification","valueRequired":true,"valueName":"search_term_string"}}],"inLanguage":"de"},{"@type":"Organization","@id":"https:\/\/mountainguides.pro\/#organization","name":"Mountain Guide","url":"https:\/\/mountainguides.pro\/","logo":{"@type":"ImageObject","inLanguage":"de","@id":"https:\/\/mountainguides.pro\/#\/schema\/logo\/image\/","url":"https:\/\/mountainguides.pro\/wp-content\/uploads\/2018\/01\/mglogo.jpg","contentUrl":"https:\/\/mountainguides.pro\/wp-content\/uploads\/2018\/01\/mglogo.jpg","width":1200,"height":630,"caption":"Mountain Guide"},"image":{"@id":"https:\/\/mountainguides.pro\/#\/schema\/logo\/image\/"},"sameAs":["https:\/\/www.facebook.com\/Mountainguide-232956566756831\/","https:\/\/x.com\/Wintercyclone","http:\/\/instagram.com\/mountainguide","http:\/\/www.youtube.com\/mountainguide"]}]}},"_links":{"self":[{"href":"https:\/\/mountainguides.pro\/de\/wp-json\/wp\/v2\/product\/17708","targetHints":{"allow":["GET"]}}],"collection":[{"href":"https:\/\/mountainguides.pro\/de\/wp-json\/wp\/v2\/product"}],"about":[{"href":"https:\/\/mountainguides.pro\/de\/wp-json\/wp\/v2\/types\/product"}],"replies":[{"embeddable":true,"href":"https:\/\/mountainguides.pro\/de\/wp-json\/wp\/v2\/comments?post=17708"}],"version-history":[{"count":22,"href":"https:\/\/mountainguides.pro\/de\/wp-json\/wp\/v2\/product\/17708\/revisions"}],"predecessor-version":[{"id":32724,"href":"https:\/\/mountainguides.pro\/de\/wp-json\/wp\/v2\/product\/17708\/revisions\/32724"}],"wp:featuredmedia":[{"embeddable":true,"href":"https:\/\/mountainguides.pro\/de\/wp-json\/wp\/v2\/media\/17709"}],"wp:attachment":[{"href":"https:\/\/mountainguides.pro\/de\/wp-json\/wp\/v2\/media?parent=17708"}],"wp:term":[{"taxonomy":"product_cat","embeddable":true,"href":"https:\/\/mountainguides.pro\/de\/wp-json\/wp\/v2\/product_cat?post=17708"},{"taxonomy":"product_tag","embeddable":true,"href":"https:\/\/mountainguides.pro\/de\/wp-json\/wp\/v2\/product_tag?post=17708"}],"curies":[{"name":"wp","href":"https:\/\/api.w.org\/{rel}","templated":true}]}}