{"id":17809,"date":"2022-01-12T12:21:02","date_gmt":"2022-01-12T09:21:02","guid":{"rendered":"https:\/\/mountainguides.pro\/?post_type=product&#038;p=17809"},"modified":"2026-02-04T14:28:49","modified_gmt":"2026-02-04T11:28:49","slug":"elbrus-individually","status":"publish","type":"product","link":"https:\/\/mountainguides.pro\/de\/tours\/climb-elbrus\/elbrus-individually\/","title":{"rendered":"Individuell den Elbrus besteigen"},"content":{"rendered":"<figure class=\"gallery-item\"><a href=\"https:\/\/mountainguides.pro\/wp-content\/uploads\/2022\/01\/Elbrus-with-mountainguide.ru-01.jpg\" data-elementor-open-lightbox=\"yes\" data-elementor-lightbox-slideshow=\"1c8dab06\" data-elementor-lightbox-title=\"Elbrus with mountainguide.ru-01\"><img loading=\"lazy\" decoding=\"async\" src=\"https:\/\/mountainguides.pro\/wp-content\/uploads\/2022\/01\/Elbrus-with-mountainguide.ru-01-324x243.jpg\" alt=\"\" width=\"324\" height=\"243\" \/><\/a><\/figure>\n<figure class=\"gallery-item\"><a href=\"https:\/\/mountainguides.pro\/wp-content\/uploads\/2022\/01\/Elbrus-with-mountainguide.ru-02.jpg\" data-elementor-open-lightbox=\"yes\" data-elementor-lightbox-slideshow=\"1c8dab06\" data-elementor-lightbox-title=\"Elbrus with mountainguide.ru-02\"><img loading=\"lazy\" decoding=\"async\" src=\"https:\/\/mountainguides.pro\/wp-content\/uploads\/2022\/01\/Elbrus-with-mountainguide.ru-02-324x243.jpg\" alt=\"\" width=\"324\" height=\"243\" \/><\/a><\/figure>\n<figure class=\"gallery-item\"><a href=\"https:\/\/mountainguides.pro\/wp-content\/uploads\/2022\/01\/Elbrus-with-mountainguide.ru-03.jpg\" data-elementor-open-lightbox=\"yes\" data-elementor-lightbox-slideshow=\"1c8dab06\" data-elementor-lightbox-title=\"Elbrus with mountainguide.ru-03\"><img loading=\"lazy\" decoding=\"async\" src=\"https:\/\/mountainguides.pro\/wp-content\/uploads\/2022\/01\/Elbrus-with-mountainguide.ru-03-324x243.jpg\" alt=\"\" width=\"324\" height=\"243\" \/><\/a><\/figure>\n<figure class=\"gallery-item\"><a href=\"https:\/\/mountainguides.pro\/wp-content\/uploads\/2022\/01\/Elbrus-with-mountainguide.ru-04.jpg\" data-elementor-open-lightbox=\"yes\" data-elementor-lightbox-slideshow=\"1c8dab06\" data-elementor-lightbox-title=\"Elbrus with mountainguide.ru-04\"><img loading=\"lazy\" decoding=\"async\" src=\"https:\/\/mountainguides.pro\/wp-content\/uploads\/2022\/01\/Elbrus-with-mountainguide.ru-04-324x243.jpg\" alt=\"\" width=\"324\" height=\"243\" \/><\/a><\/figure>\n<figure class=\"gallery-item\"><a href=\"https:\/\/mountainguides.pro\/wp-content\/uploads\/2022\/01\/Elbrus-with-mountainguide.ru-05.jpg\" data-elementor-open-lightbox=\"yes\" data-elementor-lightbox-slideshow=\"1c8dab06\" data-elementor-lightbox-title=\"Elbrus with mountainguide.ru-05\"><img loading=\"lazy\" decoding=\"async\" src=\"https:\/\/mountainguides.pro\/wp-content\/uploads\/2022\/01\/Elbrus-with-mountainguide.ru-05-324x243.jpg\" alt=\"\" width=\"324\" height=\"243\" \/><\/a><\/figure>\n<figure class=\"gallery-item\"><a href=\"https:\/\/mountainguides.pro\/wp-content\/uploads\/2022\/01\/Elbrus-with-mountainguide.ru-06.jpg\" data-elementor-open-lightbox=\"yes\" data-elementor-lightbox-slideshow=\"1c8dab06\" data-elementor-lightbox-title=\"Elbrus with mountainguide.ru-06\"><img loading=\"lazy\" decoding=\"async\" src=\"https:\/\/mountainguides.pro\/wp-content\/uploads\/2022\/01\/Elbrus-with-mountainguide.ru-06-324x243.jpg\" alt=\"\" width=\"324\" height=\"243\" \/><\/a><\/figure>\n<figure class=\"gallery-item\"><a href=\"https:\/\/mountainguides.pro\/wp-content\/uploads\/2022\/01\/Elbrus-with-mountainguide.ru-07.jpg\" data-elementor-open-lightbox=\"yes\" data-elementor-lightbox-slideshow=\"1c8dab06\" data-elementor-lightbox-title=\"Elbrus with mountainguide.ru-07\"><img loading=\"lazy\" decoding=\"async\" src=\"https:\/\/mountainguides.pro\/wp-content\/uploads\/2022\/01\/Elbrus-with-mountainguide.ru-07-324x243.jpg\" alt=\"\" width=\"324\" height=\"243\" \/><\/a><\/figure>\n<figure class=\"gallery-item\"><a href=\"https:\/\/mountainguides.pro\/wp-content\/uploads\/2022\/01\/Elbrus-with-mountainguide.ru-08.jpg\" data-elementor-open-lightbox=\"yes\" data-elementor-lightbox-slideshow=\"1c8dab06\" data-elementor-lightbox-title=\"Elbrus with mountainguide.ru-08\"><img loading=\"lazy\" decoding=\"async\" src=\"https:\/\/mountainguides.pro\/wp-content\/uploads\/2022\/01\/Elbrus-with-mountainguide.ru-08-324x243.jpg\" alt=\"\" width=\"324\" height=\"243\" \/><\/a><\/figure>\n<figure class=\"gallery-item\"><a href=\"https:\/\/mountainguides.pro\/wp-content\/uploads\/2022\/01\/Elbrus-with-mountainguide.ru-09.jpg\" data-elementor-open-lightbox=\"yes\" data-elementor-lightbox-slideshow=\"1c8dab06\" data-elementor-lightbox-title=\"Elbrus with mountainguide.ru-09\"><img loading=\"lazy\" decoding=\"async\" src=\"https:\/\/mountainguides.pro\/wp-content\/uploads\/2022\/01\/Elbrus-with-mountainguide.ru-09-324x243.jpg\" alt=\"\" width=\"324\" height=\"243\" \/><\/a><\/figure>\n<figure class=\"gallery-item\"><a href=\"https:\/\/mountainguides.pro\/wp-content\/uploads\/2022\/01\/Elbrus-with-mountainguide.ru-10.jpg\" data-elementor-open-lightbox=\"yes\" data-elementor-lightbox-slideshow=\"1c8dab06\" data-elementor-lightbox-title=\"Elbrus with mountainguide.ru-10\"><img loading=\"lazy\" decoding=\"async\" src=\"https:\/\/mountainguides.pro\/wp-content\/uploads\/2022\/01\/Elbrus-with-mountainguide.ru-10-324x243.jpg\" alt=\"\" width=\"324\" height=\"243\" \/><\/a><\/figure>\n<figure class=\"gallery-item\"><a href=\"https:\/\/mountainguides.pro\/wp-content\/uploads\/2022\/01\/Elbrus-with-mountainguide.ru-11.jpg\" data-elementor-open-lightbox=\"yes\" data-elementor-lightbox-slideshow=\"1c8dab06\" data-elementor-lightbox-title=\"Elbrus with mountainguide.ru-11\"><img loading=\"lazy\" decoding=\"async\" src=\"https:\/\/mountainguides.pro\/wp-content\/uploads\/2022\/01\/Elbrus-with-mountainguide.ru-11-324x243.jpg\" alt=\"\" width=\"324\" height=\"243\" \/><\/a><\/figure>\n<figure class=\"gallery-item\"><a href=\"https:\/\/mountainguides.pro\/wp-content\/uploads\/2022\/01\/Elbrus-with-mountainguide.ru-12.jpg\" data-elementor-open-lightbox=\"yes\" data-elementor-lightbox-slideshow=\"1c8dab06\" data-elementor-lightbox-title=\"Elbrus with mountainguide.ru-12\"><img loading=\"lazy\" decoding=\"async\" src=\"https:\/\/mountainguides.pro\/wp-content\/uploads\/2022\/01\/Elbrus-with-mountainguide.ru-12-324x243.jpg\" alt=\"\" width=\"324\" height=\"243\" \/><\/a><\/figure>\n<figure class=\"gallery-item\"><a href=\"https:\/\/mountainguides.pro\/wp-content\/uploads\/2022\/01\/Elbrus-with-mountainguide.ru-13.jpg\" data-elementor-open-lightbox=\"yes\" data-elementor-lightbox-slideshow=\"1c8dab06\" data-elementor-lightbox-title=\"Elbrus with mountainguide.ru-13\"><img loading=\"lazy\" decoding=\"async\" src=\"https:\/\/mountainguides.pro\/wp-content\/uploads\/2022\/01\/Elbrus-with-mountainguide.ru-13-324x243.jpg\" alt=\"\" width=\"324\" height=\"243\" \/><\/a><\/figure>\n<figure class=\"gallery-item\"><a href=\"https:\/\/mountainguides.pro\/wp-content\/uploads\/2022\/01\/Elbrus-with-mountainguide.ru-14.jpg\" data-elementor-open-lightbox=\"yes\" data-elementor-lightbox-slideshow=\"1c8dab06\" data-elementor-lightbox-title=\"Elbrus with mountainguide.ru-14\"><img loading=\"lazy\" decoding=\"async\" src=\"https:\/\/mountainguides.pro\/wp-content\/uploads\/2022\/01\/Elbrus-with-mountainguide.ru-14-324x243.jpg\" alt=\"\" width=\"324\" height=\"243\" \/><\/a><\/figure>\n<figure class=\"gallery-item\"><a href=\"https:\/\/mountainguides.pro\/wp-content\/uploads\/2022\/01\/Elbrus-with-mountainguide.ru-15.jpg\" data-elementor-open-lightbox=\"yes\" data-elementor-lightbox-slideshow=\"1c8dab06\" data-elementor-lightbox-title=\"Elbrus with mountainguide.ru-15\"><img loading=\"lazy\" decoding=\"async\" src=\"https:\/\/mountainguides.pro\/wp-content\/uploads\/2022\/01\/Elbrus-with-mountainguide.ru-15-324x243.jpg\" alt=\"\" width=\"324\" height=\"243\" \/><\/a><\/figure>\n<figure class=\"gallery-item\"><a href=\"https:\/\/mountainguides.pro\/wp-content\/uploads\/2022\/01\/Elbrus-with-mountainguide.ru-16.jpg\" data-elementor-open-lightbox=\"yes\" data-elementor-lightbox-slideshow=\"1c8dab06\" data-elementor-lightbox-title=\"Elbrus with mountainguide.ru-16\"><img loading=\"lazy\" decoding=\"async\" src=\"https:\/\/mountainguides.pro\/wp-content\/uploads\/2022\/01\/Elbrus-with-mountainguide.ru-16-324x243.jpg\" alt=\"\" width=\"324\" height=\"243\" \/><\/a><\/figure>\n<figure class=\"gallery-item\"><a href=\"https:\/\/mountainguides.pro\/wp-content\/uploads\/2022\/01\/Elbrus-with-mountainguide.ru-17.jpg\" data-elementor-open-lightbox=\"yes\" data-elementor-lightbox-slideshow=\"1c8dab06\" data-elementor-lightbox-title=\"Elbrus with mountainguide.ru-17\"><img loading=\"lazy\" decoding=\"async\" src=\"https:\/\/mountainguides.pro\/wp-content\/uploads\/2022\/01\/Elbrus-with-mountainguide.ru-17-324x243.jpg\" alt=\"\" width=\"324\" height=\"243\" \/><\/a><\/figure>\n<figure class=\"gallery-item\"><a href=\"https:\/\/mountainguides.pro\/wp-content\/uploads\/2022\/01\/Elbrus-with-mountainguide.ru-18.jpg\" data-elementor-open-lightbox=\"yes\" data-elementor-lightbox-slideshow=\"1c8dab06\" data-elementor-lightbox-title=\"Elbrus with mountainguide.ru-18\"><img loading=\"lazy\" decoding=\"async\" src=\"https:\/\/mountainguides.pro\/wp-content\/uploads\/2022\/01\/Elbrus-with-mountainguide.ru-18-324x243.jpg\" alt=\"\" width=\"324\" height=\"243\" \/><\/a><\/figure>\n<figure class=\"gallery-item\"><a href=\"https:\/\/mountainguides.pro\/wp-content\/uploads\/2022\/01\/Elbrus-with-mountainguide.ru-19.jpg\" data-elementor-open-lightbox=\"yes\" data-elementor-lightbox-slideshow=\"1c8dab06\" data-elementor-lightbox-title=\"Elbrus with mountainguide.ru-19\"><img loading=\"lazy\" decoding=\"async\" src=\"https:\/\/mountainguides.pro\/wp-content\/uploads\/2022\/01\/Elbrus-with-mountainguide.ru-19-324x243.jpg\" alt=\"\" width=\"324\" height=\"243\" \/><\/a><\/figure>\n<figure class=\"gallery-item\"><a href=\"https:\/\/mountainguides.pro\/wp-content\/uploads\/2022\/01\/Elbrus-with-mountainguide.ru-20.jpg\" data-elementor-open-lightbox=\"yes\" data-elementor-lightbox-slideshow=\"1c8dab06\" data-elementor-lightbox-title=\"Elbrus with mountainguide.ru-20\"><img loading=\"lazy\" decoding=\"async\" src=\"https:\/\/mountainguides.pro\/wp-content\/uploads\/2022\/01\/Elbrus-with-mountainguide.ru-20-324x243.jpg\" alt=\"\" width=\"324\" height=\"243\" \/><\/a><\/figure>\n<figure class=\"gallery-item\"><a href=\"https:\/\/mountainguides.pro\/wp-content\/uploads\/2022\/01\/Elbrus-with-mountainguide.ru-21.jpg\" data-elementor-open-lightbox=\"yes\" data-elementor-lightbox-slideshow=\"1c8dab06\" data-elementor-lightbox-title=\"Elbrus with mountainguide.ru-21\"><img loading=\"lazy\" decoding=\"async\" src=\"https:\/\/mountainguides.pro\/wp-content\/uploads\/2022\/01\/Elbrus-with-mountainguide.ru-21-324x243.jpg\" alt=\"\" width=\"324\" height=\"243\" \/><\/a><\/figure>\n<figure class=\"gallery-item\"><a href=\"https:\/\/mountainguides.pro\/wp-content\/uploads\/2022\/01\/Elbrus-with-mountainguide.ru-22.jpg\" data-elementor-open-lightbox=\"yes\" data-elementor-lightbox-slideshow=\"1c8dab06\" data-elementor-lightbox-title=\"Elbrus with mountainguide.ru-22\"><img loading=\"lazy\" decoding=\"async\" src=\"https:\/\/mountainguides.pro\/wp-content\/uploads\/2022\/01\/Elbrus-with-mountainguide.ru-22-324x243.jpg\" alt=\"\" width=\"324\" height=\"243\" \/><\/a><\/figure>\n<figure class=\"gallery-item\"><a href=\"https:\/\/mountainguides.pro\/wp-content\/uploads\/2022\/01\/Elbrus-with-mountainguide.ru-23-1.jpg\" data-elementor-open-lightbox=\"yes\" data-elementor-lightbox-slideshow=\"1c8dab06\" data-elementor-lightbox-title=\"Elbrus with mountainguide.ru-23\"><img loading=\"lazy\" decoding=\"async\" src=\"https:\/\/mountainguides.pro\/wp-content\/uploads\/2022\/01\/Elbrus-with-mountainguide.ru-23-1-324x243.jpg\" alt=\"\" width=\"324\" height=\"243\" \/><\/a><\/figure>\n<figure class=\"gallery-item\"><a href=\"https:\/\/mountainguides.pro\/wp-content\/uploads\/2022\/01\/Elbrus-with-mountainguide.ru-24.jpg\" data-elementor-open-lightbox=\"yes\" data-elementor-lightbox-slideshow=\"1c8dab06\" data-elementor-lightbox-title=\"Elbrus with mountainguide.ru-24\"><img loading=\"lazy\" decoding=\"async\" src=\"https:\/\/mountainguides.pro\/wp-content\/uploads\/2022\/01\/Elbrus-with-mountainguide.ru-24-324x243.jpg\" alt=\"\" width=\"324\" height=\"243\" \/><\/a><\/figure>\n","protected":false},"excerpt":{"rendered":"<p data-start=\"0\" data-end=\"47\">Warum sollte man den Elbrus individuell w\u00e4hlen?<\/p>\n<ul data-start=\"49\" data-end=\"475\" data-is-last-node=\"\" data-is-only-node=\"\">\n<li data-start=\"49\" data-end=\"123\">\n<p data-start=\"51\" data-end=\"123\">Individuelles Freizeitprogramm und ma\u00dfgeschneiderte Tour insgesamt<\/p>\n<\/li>\n<li data-start=\"124\" data-end=\"158\">\n<p data-start=\"126\" data-end=\"158\">Flexibilit\u00e4t bei den Daten<\/p>\n<\/li>\n<li data-start=\"159\" data-end=\"199\">\n<p data-start=\"161\" data-end=\"199\">Beliebige Anzahl von Teilnehmern<\/p>\n<\/li>\n<li data-start=\"200\" data-end=\"281\">\n<p data-start=\"202\" data-end=\"281\">Zusatzzimmer, Hotels, Bergh\u00fctten, Verh\u00e4ltnis Guide:Teilnehmer nach Wunsch<\/p>\n<\/li>\n<li data-start=\"282\" data-end=\"327\">\n<p data-start=\"284\" data-end=\"327\">Anpassbare Akklimatisierungsprogramme<\/p>\n<\/li>\n<li data-start=\"328\" data-end=\"372\">\n<p data-start=\"330\" data-end=\"372\">Wahl des Aufstiegswegs nach Belieben<\/p>\n<\/li>\n<li data-start=\"373\" data-end=\"442\">\n<p data-start=\"375\" data-end=\"442\">Individueller Tempo auf der Akklimatisierung und dem Aufstieg<\/p>\n<\/li>\n<li data-start=\"443\" data-end=\"475\" data-is-last-node=\"\">\n<p data-start=\"445\" data-end=\"475\" data-is-last-node=\"\">Fast alles ist m\u00f6glich! \ud83d\ude09<\/p>\n<\/li>\n<\/ul>\n","protected":false},"featured_media":17831,"comment_status":"closed","ping_status":"closed","template":"","meta":{"_acf_changed":false,"footnotes":""},"product_cat":[330,320,355],"product_tag":[],"class_list":{"0":"post-17809","1":"product","2":"type-product","3":"status-publish","4":"has-post-thumbnail","6":"product_cat-climb-elbrus","7":"product_cat-climbing","8":"product_cat-only-mount","10":"first","11":"instock","12":"shipping-taxable","13":"purchasable","14":"product-type-simple"},"acf":[],"yoast_head":"<!-- This site is optimized with the Yoast SEO Premium plugin v26.5 (Yoast SEO v27.3) - https:\/\/yoast.com\/product\/yoast-seo-premium-wordpress\/ -->\n<title>Climb Elbrus individually<\/title>\n<meta name=\"robots\" content=\"index, follow, max-snippet:-1, max-image-preview:large, max-video-preview:-1\" \/>\n<link rel=\"canonical\" href=\"https:\/\/mountainguides.pro\/de\/tours\/climb-elbrus\/elbrus-individually\/\" \/>\n<meta property=\"og:locale\" content=\"de_DE\" \/>\n<meta property=\"og:locale:alternate\" content=\"en_US\" \/>\n<meta property=\"og:locale:alternate\" content=\"ru_RU\" \/>\n<meta property=\"og:locale:alternate\" content=\"es\" \/>\n<meta property=\"og:locale:alternate\" content=\"pt\" \/>\n<meta property=\"og:locale:alternate\" content=\"zh\" \/>\n<meta property=\"og:locale:alternate\" content=\"ko\" \/>\n<meta property=\"og:locale:alternate\" content=\"ja\" \/>\n<meta property=\"og:locale:alternate\" content=\"hi\" \/>\n<meta property=\"og:locale:alternate\" content=\"ar\" \/>\n<meta property=\"og:type\" content=\"article\" \/>\n<meta property=\"og:title\" content=\"Individuell den Elbrus besteigen\" \/>\n<meta property=\"og:description\" content=\"Warum sollte man den Elbrus individuell w\u00e4hlen?     Individuelles Freizeitprogramm und ma\u00dfgeschneiderte Tour insgesamt    Flexibilit\u00e4t bei den Daten    Beliebige Anzahl von Teilnehmern    Zusatzzimmer, Hotels, Bergh\u00fctten, Verh\u00e4ltnis Guide:Teilnehmer nach Wunsch    Anpassbare Akklimatisierungsprogramme    Wahl des Aufstiegswegs nach Belieben    Individueller Tempo auf der Akklimatisierung und dem Aufstieg    Fast alles ist m\u00f6glich! ;)\" \/>\n<meta property=\"og:url\" content=\"https:\/\/mountainguides.pro\/de\/tours\/climb-elbrus\/elbrus-individually\/\" \/>\n<meta property=\"og:site_name\" content=\"Mountain Guide\" \/>\n<meta property=\"article:publisher\" content=\"https:\/\/www.facebook.com\/Mountainguide-232956566756831\/\" \/>\n<meta property=\"article:modified_time\" content=\"2026-02-04T11:28:49+00:00\" \/>\n<meta property=\"og:image\" content=\"https:\/\/mountainguides.pro\/wp-content\/uploads\/2022\/01\/Elbrus-with-mountainguide.ru-22.jpg\" \/>\n\t<meta property=\"og:image:width\" content=\"800\" \/>\n\t<meta property=\"og:image:height\" content=\"533\" \/>\n\t<meta property=\"og:image:type\" content=\"image\/jpeg\" \/>\n<meta name=\"twitter:card\" content=\"summary_large_image\" \/>\n<meta name=\"twitter:site\" content=\"@Wintercyclone\" \/>\n<meta name=\"twitter:label1\" content=\"Gesch\u00e4tzte Lesezeit\" \/>\n\t<meta name=\"twitter:data1\" content=\"5\u00a0Minuten\" \/>\n<script type=\"application\/ld+json\" class=\"yoast-schema-graph\">{\"@context\":\"https:\\\/\\\/schema.org\",\"@graph\":[{\"@type\":\"WebPage\",\"@id\":\"https:\\\/\\\/mountainguides.pro\\\/ar\\\/tours\\\/climb-elbrus\\\/elbrus-individually\\\/\",\"url\":\"https:\\\/\\\/mountainguides.pro\\\/ar\\\/tours\\\/climb-elbrus\\\/elbrus-individually\\\/\",\"name\":\"Climb Elbrus individually\",\"isPartOf\":{\"@id\":\"https:\\\/\\\/mountainguides.pro\\\/#website\"},\"primaryImageOfPage\":{\"@id\":\"https:\\\/\\\/mountainguides.pro\\\/ar\\\/tours\\\/climb-elbrus\\\/elbrus-individually\\\/#primaryimage\"},\"image\":{\"@id\":\"https:\\\/\\\/mountainguides.pro\\\/ar\\\/tours\\\/climb-elbrus\\\/elbrus-individually\\\/#primaryimage\"},\"thumbnailUrl\":\"https:\\\/\\\/mountainguides.pro\\\/wp-content\\\/uploads\\\/2022\\\/01\\\/Elbrus-with-mountainguide.ru-22.jpg\",\"datePublished\":\"2022-01-12T09:21:02+00:00\",\"dateModified\":\"2026-02-04T11:28:49+00:00\",\"breadcrumb\":{\"@id\":\"https:\\\/\\\/mountainguides.pro\\\/ar\\\/tours\\\/climb-elbrus\\\/elbrus-individually\\\/#breadcrumb\"},\"inLanguage\":\"de\",\"potentialAction\":[{\"@type\":\"ReadAction\",\"target\":[\"https:\\\/\\\/mountainguides.pro\\\/ar\\\/tours\\\/climb-elbrus\\\/elbrus-individually\\\/\"]}]},{\"@type\":\"ImageObject\",\"inLanguage\":\"de\",\"@id\":\"https:\\\/\\\/mountainguides.pro\\\/ar\\\/tours\\\/climb-elbrus\\\/elbrus-individually\\\/#primaryimage\",\"url\":\"https:\\\/\\\/mountainguides.pro\\\/wp-content\\\/uploads\\\/2022\\\/01\\\/Elbrus-with-mountainguide.ru-22.jpg\",\"contentUrl\":\"https:\\\/\\\/mountainguides.pro\\\/wp-content\\\/uploads\\\/2022\\\/01\\\/Elbrus-with-mountainguide.ru-22.jpg\",\"width\":800,\"height\":533},{\"@type\":\"BreadcrumbList\",\"@id\":\"https:\\\/\\\/mountainguides.pro\\\/ar\\\/tours\\\/climb-elbrus\\\/elbrus-individually\\\/#breadcrumb\",\"itemListElement\":[{\"@type\":\"ListItem\",\"position\":1,\"name\":\"Home\",\"item\":\"https:\\\/\\\/mountainguides.pro\\\/de\\\/\"},{\"@type\":\"ListItem\",\"position\":2,\"name\":\"\u062a\u0633\u0644\u0642 \u0627\u0644\u0628\u0631\u0648\u0633 \u0628\u0634\u0643\u0644 \u0641\u0631\u062f\u064a\"}]},{\"@type\":\"WebSite\",\"@id\":\"https:\\\/\\\/mountainguides.pro\\\/#website\",\"url\":\"https:\\\/\\\/mountainguides.pro\\\/\",\"name\":\"Mountain Guide\",\"description\":\"We aspire to be the first in everything!\",\"publisher\":{\"@id\":\"https:\\\/\\\/mountainguides.pro\\\/#organization\"},\"potentialAction\":[{\"@type\":\"SearchAction\",\"target\":{\"@type\":\"EntryPoint\",\"urlTemplate\":\"https:\\\/\\\/mountainguides.pro\\\/?s={search_term_string}\"},\"query-input\":{\"@type\":\"PropertyValueSpecification\",\"valueRequired\":true,\"valueName\":\"search_term_string\"}}],\"inLanguage\":\"de\"},{\"@type\":\"Organization\",\"@id\":\"https:\\\/\\\/mountainguides.pro\\\/#organization\",\"name\":\"Mountain Guide\",\"url\":\"https:\\\/\\\/mountainguides.pro\\\/\",\"logo\":{\"@type\":\"ImageObject\",\"inLanguage\":\"de\",\"@id\":\"https:\\\/\\\/mountainguides.pro\\\/#\\\/schema\\\/logo\\\/image\\\/\",\"url\":\"https:\\\/\\\/mountainguides.pro\\\/wp-content\\\/uploads\\\/2018\\\/01\\\/mglogo.jpg\",\"contentUrl\":\"https:\\\/\\\/mountainguides.pro\\\/wp-content\\\/uploads\\\/2018\\\/01\\\/mglogo.jpg\",\"width\":1200,\"height\":630,\"caption\":\"Mountain Guide\"},\"image\":{\"@id\":\"https:\\\/\\\/mountainguides.pro\\\/#\\\/schema\\\/logo\\\/image\\\/\"},\"sameAs\":[\"https:\\\/\\\/www.facebook.com\\\/Mountainguide-232956566756831\\\/\",\"https:\\\/\\\/x.com\\\/Wintercyclone\",\"http:\\\/\\\/instagram.com\\\/mountainguide\",\"http:\\\/\\\/www.youtube.com\\\/mountainguide\"]}]}<\/script>\n<!-- \/ Yoast SEO Premium plugin. -->","yoast_head_json":{"title":"Climb Elbrus individually","robots":{"index":"index","follow":"follow","max-snippet":"max-snippet:-1","max-image-preview":"max-image-preview:large","max-video-preview":"max-video-preview:-1"},"canonical":"https:\/\/mountainguides.pro\/de\/tours\/climb-elbrus\/elbrus-individually\/","og_locale":"de_DE","og_type":"article","og_title":"[:en]Climb Elbrus individually[:de]Individuell den Elbrus besteigen[:es]Subir al Elbrus individualmente[:pt]Escalando o Elbrus individualmente[:zh]\u5355\u72ec\u6500\u767b\u5384\u5c14\u5e03\u9c81\u58eb[:ko]\uc5d8\ube0c\ub8e8\uc2a4 \uac1c\ubcc4\uc801\uc73c\ub85c \ub4f1\ubc18[:ja]\u30a8\u30eb\u30d6\u30eb\u30b9\u3092\u500b\u5225\u306b\u767b\u308b[:hi]\u0935\u094d\u092f\u0915\u094d\u0924\u093f\u0917\u0924 \u0930\u0942\u092a \u0938\u0947 \u090f\u0932\u094d\u092c\u094d\u0930\u0938 \u092a\u0930 \u091a\u0922\u093c\u0928\u093e[:ar]\u062a\u0633\u0644\u0642 \u0627\u0644\u0628\u0631\u0648\u0633 \u0628\u0634\u0643\u0644 \u0641\u0631\u062f\u064a[:]","og_description":"Warum sollte man den Elbrus individuell w\u00e4hlen?     Individuelles Freizeitprogramm und ma\u00dfgeschneiderte Tour insgesamt    Flexibilit\u00e4t bei den Daten    Beliebige Anzahl von Teilnehmern    Zusatzzimmer, Hotels, Bergh\u00fctten, Verh\u00e4ltnis Guide:Teilnehmer nach Wunsch    Anpassbare Akklimatisierungsprogramme    Wahl des Aufstiegswegs nach Belieben    Individueller Tempo auf der Akklimatisierung und dem Aufstieg    Fast alles ist m\u00f6glich! ;)","og_url":"https:\/\/mountainguides.pro\/de\/tours\/climb-elbrus\/elbrus-individually\/","og_site_name":"Mountain Guide","article_publisher":"https:\/\/www.facebook.com\/Mountainguide-232956566756831\/","article_modified_time":"2026-02-04T11:28:49+00:00","og_image":[{"width":800,"height":533,"url":"https:\/\/mountainguides.pro\/wp-content\/uploads\/2022\/01\/Elbrus-with-mountainguide.ru-22.jpg","type":"image\/jpeg"}],"twitter_card":"summary_large_image","twitter_site":"@Wintercyclone","twitter_misc":{"Gesch\u00e4tzte Lesezeit":"5\u00a0Minuten"},"schema":{"@context":"https:\/\/schema.org","@graph":[{"@type":"WebPage","@id":"https:\/\/mountainguides.pro\/ar\/tours\/climb-elbrus\/elbrus-individually\/","url":"https:\/\/mountainguides.pro\/ar\/tours\/climb-elbrus\/elbrus-individually\/","name":"Climb Elbrus individually","isPartOf":{"@id":"https:\/\/mountainguides.pro\/#website"},"primaryImageOfPage":{"@id":"https:\/\/mountainguides.pro\/ar\/tours\/climb-elbrus\/elbrus-individually\/#primaryimage"},"image":{"@id":"https:\/\/mountainguides.pro\/ar\/tours\/climb-elbrus\/elbrus-individually\/#primaryimage"},"thumbnailUrl":"https:\/\/mountainguides.pro\/wp-content\/uploads\/2022\/01\/Elbrus-with-mountainguide.ru-22.jpg","datePublished":"2022-01-12T09:21:02+00:00","dateModified":"2026-02-04T11:28:49+00:00","breadcrumb":{"@id":"https:\/\/mountainguides.pro\/ar\/tours\/climb-elbrus\/elbrus-individually\/#breadcrumb"},"inLanguage":"de","potentialAction":[{"@type":"ReadAction","target":["https:\/\/mountainguides.pro\/ar\/tours\/climb-elbrus\/elbrus-individually\/"]}]},{"@type":"ImageObject","inLanguage":"de","@id":"https:\/\/mountainguides.pro\/ar\/tours\/climb-elbrus\/elbrus-individually\/#primaryimage","url":"https:\/\/mountainguides.pro\/wp-content\/uploads\/2022\/01\/Elbrus-with-mountainguide.ru-22.jpg","contentUrl":"https:\/\/mountainguides.pro\/wp-content\/uploads\/2022\/01\/Elbrus-with-mountainguide.ru-22.jpg","width":800,"height":533},{"@type":"BreadcrumbList","@id":"https:\/\/mountainguides.pro\/ar\/tours\/climb-elbrus\/elbrus-individually\/#breadcrumb","itemListElement":[{"@type":"ListItem","position":1,"name":"Home","item":"https:\/\/mountainguides.pro\/de\/"},{"@type":"ListItem","position":2,"name":"\u062a\u0633\u0644\u0642 \u0627\u0644\u0628\u0631\u0648\u0633 \u0628\u0634\u0643\u0644 \u0641\u0631\u062f\u064a"}]},{"@type":"WebSite","@id":"https:\/\/mountainguides.pro\/#website","url":"https:\/\/mountainguides.pro\/","name":"Mountain Guide","description":"We aspire to be the first in everything!","publisher":{"@id":"https:\/\/mountainguides.pro\/#organization"},"potentialAction":[{"@type":"SearchAction","target":{"@type":"EntryPoint","urlTemplate":"https:\/\/mountainguides.pro\/?s={search_term_string}"},"query-input":{"@type":"PropertyValueSpecification","valueRequired":true,"valueName":"search_term_string"}}],"inLanguage":"de"},{"@type":"Organization","@id":"https:\/\/mountainguides.pro\/#organization","name":"Mountain Guide","url":"https:\/\/mountainguides.pro\/","logo":{"@type":"ImageObject","inLanguage":"de","@id":"https:\/\/mountainguides.pro\/#\/schema\/logo\/image\/","url":"https:\/\/mountainguides.pro\/wp-content\/uploads\/2018\/01\/mglogo.jpg","contentUrl":"https:\/\/mountainguides.pro\/wp-content\/uploads\/2018\/01\/mglogo.jpg","width":1200,"height":630,"caption":"Mountain Guide"},"image":{"@id":"https:\/\/mountainguides.pro\/#\/schema\/logo\/image\/"},"sameAs":["https:\/\/www.facebook.com\/Mountainguide-232956566756831\/","https:\/\/x.com\/Wintercyclone","http:\/\/instagram.com\/mountainguide","http:\/\/www.youtube.com\/mountainguide"]}]}},"_links":{"self":[{"href":"https:\/\/mountainguides.pro\/de\/wp-json\/wp\/v2\/product\/17809","targetHints":{"allow":["GET"]}}],"collection":[{"href":"https:\/\/mountainguides.pro\/de\/wp-json\/wp\/v2\/product"}],"about":[{"href":"https:\/\/mountainguides.pro\/de\/wp-json\/wp\/v2\/types\/product"}],"replies":[{"embeddable":true,"href":"https:\/\/mountainguides.pro\/de\/wp-json\/wp\/v2\/comments?post=17809"}],"version-history":[{"count":17,"href":"https:\/\/mountainguides.pro\/de\/wp-json\/wp\/v2\/product\/17809\/revisions"}],"predecessor-version":[{"id":32721,"href":"https:\/\/mountainguides.pro\/de\/wp-json\/wp\/v2\/product\/17809\/revisions\/32721"}],"wp:featuredmedia":[{"embeddable":true,"href":"https:\/\/mountainguides.pro\/de\/wp-json\/wp\/v2\/media\/17831"}],"wp:attachment":[{"href":"https:\/\/mountainguides.pro\/de\/wp-json\/wp\/v2\/media?parent=17809"}],"wp:term":[{"taxonomy":"product_cat","embeddable":true,"href":"https:\/\/mountainguides.pro\/de\/wp-json\/wp\/v2\/product_cat?post=17809"},{"taxonomy":"product_tag","embeddable":true,"href":"https:\/\/mountainguides.pro\/de\/wp-json\/wp\/v2\/product_tag?post=17809"}],"curies":[{"name":"wp","href":"https:\/\/api.w.org\/{rel}","templated":true}]}}