{"id":18186,"date":"2022-11-15T17:03:00","date_gmt":"2022-11-15T14:03:00","guid":{"rendered":"https:\/\/mountainguides.pro\/?post_type=product&#038;p=18186"},"modified":"2026-02-04T13:46:36","modified_gmt":"2026-02-04T10:46:36","slug":"lycian-way","status":"publish","type":"product","link":"https:\/\/mountainguides.pro\/de\/tours\/trekking\/lycian-way\/","title":{"rendered":"Altes Lykien"},"content":{"rendered":"<h2>About the tour<\/h2>\n<p>The Lycian Way is a 555\u2014kilometer pedestrian road around the coast of Lycia in southern Turkey, from Fethiye to Antalya. It takes about 30 to 45 days to go all the way, even for trained athletes. We have made a lightweight route without heavy backpacks, with accommodation in the most cozy places, without tents.<\/p>\n<p>Walking no more than 15 km a day, in just a week we will have time to see the main attractions of the Lycian trail: Mount Takhtaly, the Chimera lights, the ancient city of Olympos, the sarcophagi of the ancient Lycians, the famous lighthouse of Helidonia and much more. Every day we will enjoy the stunning coastline, views of steep cliffs suddenly falling into the sea, secluded beaches, away from the crowds of tourists.<\/p>\n<p>Discover Turkey from the other side. We promise it will be unforgettable!<\/p>\n<h2>lycian way<\/h2>\n<p><strong>Day 1<\/strong>. Arrival in Antalya. Our representative will meet you at the airport. Transfer to the hotel. Old town. Dinner at one of the local restaurants with Mediterranean cuisine. A short briefing with a guide. Overnight at the hotel.<\/p>\n<p><strong>Day 2.<\/strong> Transfer to Goyniuk, track to Goyniuk Yala, transfer to Ovachik. Early in the morning, after breakfast, we will take a transfer to the village of Goynyuk, a place that translates as &#8222;a fertile valley at the junction of the sky and the sea&#8220; \u2014 luxuriantly blooming pomegranate and orange trees and a sparkling gentle sea confirm this name. Overnight in an atmospheric camping in Ovachik.<\/p>\n<p><strong>Day 3<\/strong>. Track in Yala Kuzder. A winding mountain path leads us to the village of Gedelme, near which the ruins of the ancient castle of the same name are located, here we have lunch. After lunch, we continue our way along the Lycian trail to Yala Kuzder, a village at the foot of the Toros Mountains. 13 kilometers, 650 meters of climb.<\/p>\n<p><strong>Day 4<\/strong>. Mount Olympus (Takhtaly). Immediately after breakfast, the transfer will take us to the beginning of the route, from where, after a short climb, we will approach the cable car station on Takhtaly Mountain in 2.5-3 hours, we climb up on the lift. By the way, this mountain in ancient times was considered Olympus \u2013 the place of the abode of the gods. There were many legends about the local Olympus in Turkey. According to one of them, a terrible and dangerous monster \u2013 a Chimera &#8211; settled in the area of the mountain. The fearless Bellerophon managed to overcome the monster and throw it off the top. And since then, the Chimera has settled at the foot of its former abode, splashing out islands of fire from under the ground, as if showing its indignation. From the top there is a magnificent view of the sea coast and hilly land. Snack \u2013 picnic in a picturesque place. The descent follows winding goat trails to the village of Basic. Overnight at a campsite with panoramic views of the mountains of the Lycian trail. 6 hours, 300 meters ascent, 1500 meters descent.<\/p>\n<p><strong>Day 5<\/strong>. Chimera lights and Chirala beaches. Having gained strength, we go to the Beidaglary National Park, from where our way lies to the luxurious beaches of Chirala \u2013 one of the most cozy places on the Antalya coast, as well as being a breeding area for sea turtles! Evening walk to the Chimera lights \u2014 a mystical natural phenomenon where a fire has been burning on the mountain for thousands of years. The flame bursts to the surface from underground in several places, the places of ignition periodically change, the fire then almost fades, then flares up with renewed vigor. We meet the sunset. After that, tired and satisfied, we go to a picturesque hotel on the Mediterranean coast. Overnight at the hotel. 5 hours, descent of 900 meters.<\/p>\n<p><strong>Day 6.<\/strong> Chiraly\u2013 Adrasan. In the morning we go to the ruins of the ancient city of Olympos \u2014 take incredible photos, wander through the ruins, see ancient frescoes, and feel the atmosphere of antiquity. It is assumed that Olympos, which originated in the III century BC, was founded by pirates who chose a secluded bay next to the river and the mountain where they founded their city. This city developed rapidly and by the II century BC became an important port city in the state of Lycia, which had its own coins, writing and architecture. Then we will continue the transition to Andrasan by climbing Mount Musa, (650 m above sea level). From here there is a gradual descent into the bay, where the village of Adrasan, or, as the locals call it, Chavushkey, stands. It is one of the most picturesque corners of southern Turkey. In ancient times, the village was one of the important trading bays of the Lycian civilization and the Ottoman Empire. Azure water and sandy beaches at sunset will be a worthy end to the day.<\/p>\n<p><strong>Day 7.<\/strong> Adrasan \u2013 Cape Helidonia. The trail runs parallel to the picturesque seashore. Cape Helidonia is a real &#8222;edge of the world&#8220;, on which there is a snow\u2013white lighthouse. TV program plots are often filmed here, which is not surprising, because the view looks like a bright postcard. A couple of islands are visible in the distance. At the end of the walking route \u2014 transfer to Kalekey (about 2 hours). There in the IV century BC was the port city of Simena, one of the trading centers of Lycia. In the II century, part of the city went under water due to an earthquake. We will go here at sunset, on the way we will visit the fortress of Simena and the very well-preserved ancient tombs-sarcophagi with lids in the form of inverted boats, because the ancient Lycians believed that after death they would be able to go to sea. Whenever possible, we rent kayaks and take beautiful photos at sunset. Overnight at the hotel. 17 km, 6 hours, hotel accommodation<\/p>\n<p><strong>Day 8.<\/strong> Transfer to Antalya. After driving only 20 kilometers from the place of our overnight stay, we get to the Ancient City of the World, one of the best preserved ancient cities of the Lycian trail. After that, we continue our way to the famous Goynuk Canyon, where we will take a short walk (2 hours) among the steep cliffs. Here we are waiting for a boat trip, canyoning \u2013 even the most sophisticated will not remain indifferent!<\/p>\n<p><strong>Day 9.<\/strong> Departure home.<\/p>\n<p>Or you can continue your journey by climbing Ararat, which is located in the very east of Turkey. This is a great option, because easy trekking along the Lycian trail will give you a good &#8222;head start&#8220; on the ascent!<\/p>\n<h2>lycian way trek cost includes:<\/h2>\n<ul>\n<li>Russian-speaking guide for the entire program<\/li>\n<li>All accommodation according to the program with breakfast<\/li>\n<li>All transfers according to the program, comfortable<\/li>\n<li>All necessary permissions and registrations<\/li>\n<li>Entrance fees<\/li>\n<li>Canyoning\/boats in the Goynuk Gorge<\/li>\n<li>Group equipment<\/li>\n<li>First aid kit<\/li>\n<li>Meeting\/seeing off at the airpor<\/li>\n<\/ul>\n<h2>lycian way trek cost does not include:<\/h2>\n<ul>\n<li>\u00a0Lunches and dinners (on the menu, on average, about $ 150 per tour)<\/li>\n<li>Kayaks ($20-40)<\/li>\n<li>Personal expenses, tips and drinks<\/li>\n<li>Travel insurance<\/li>\n<li>Any costs associated with changes to the program<\/li>\n<\/ul>\n<h2>Equipment for ycian way trek:<\/h2>\n<p><a role=\"button\" href=\"#\"><br \/>\nDownload PDF<br \/>\n<\/a><\/p>\n<p>Documents:<\/p>\n<p>International passport<br \/>\nPlane tickets<br \/>\nTravel insurance<br \/>\nPersonal equipment:<\/p>\n<p>Backpack. 40-60l.<br \/>\nTrekking poles<br \/>\nClothing and shoes:<\/p>\n<p>Trekking boots\/sneakers<br \/>\nTrekking pants (optional)<br \/>\nTrekking T-shirt with long sleeves (optional)<br \/>\nRaincoat (the lightest!)<br \/>\nFleece jacket<br \/>\nBandana<br \/>\nShorts<br \/>\nT-shirts\/socks\/underwear<br \/>\nHeaddress from the sun<br \/>\nVarious:<\/p>\n<p>Sleeping bag insert<br \/>\nReusable flask (at least 1 liter!)<br \/>\nDiode flashlight on the head<br \/>\nSunglasses<br \/>\nSun cream, hygienic lipstick<br \/>\nPersonal first aid kit<br \/>\nElastic bandage and\/or supportive bandage<\/p>\n","protected":false},"excerpt":{"rendered":"<p>Bitte beachten Sie, dass unser Unternehmen nicht im Bereich des Kaufs, Verkaufs von Flugtickets und der Beantragung von Visa t\u00e4tig ist. Daher \u00fcbernehmen wir keine Verantwortung f\u00fcr unvorhergesehene Ereignisse im Zusammenhang mit Fl\u00fcgen und Grenz\u00fcbertritten.<\/p>\n","protected":false},"featured_media":19781,"comment_status":"closed","ping_status":"closed","template":"","meta":{"_acf_changed":false,"footnotes":""},"product_cat":[337,321],"product_tag":[],"class_list":{"0":"post-18186","1":"product","2":"type-product","3":"status-publish","4":"has-post-thumbnail","6":"product_cat-adventure","7":"product_cat-trekking","9":"first","10":"instock","11":"shipping-taxable","12":"purchasable","13":"product-type-simple"},"acf":[],"yoast_head":"<!-- This site is optimized with the Yoast SEO Premium plugin v26.5 (Yoast SEO v27.3) - https:\/\/yoast.com\/product\/yoast-seo-premium-wordpress\/ -->\n<title>Trekking Lycian way<\/title>\n<meta name=\"robots\" content=\"index, follow, max-snippet:-1, max-image-preview:large, max-video-preview:-1\" \/>\n<link rel=\"canonical\" href=\"https:\/\/mountainguides.pro\/de\/tours\/trekking\/lycian-way\/\" \/>\n<meta property=\"og:locale\" content=\"de_DE\" \/>\n<meta property=\"og:locale:alternate\" content=\"en_US\" \/>\n<meta property=\"og:locale:alternate\" content=\"ru_RU\" \/>\n<meta property=\"og:locale:alternate\" content=\"es\" \/>\n<meta property=\"og:locale:alternate\" content=\"pt\" \/>\n<meta property=\"og:locale:alternate\" content=\"zh\" \/>\n<meta property=\"og:locale:alternate\" content=\"ko\" \/>\n<meta property=\"og:locale:alternate\" content=\"ja\" \/>\n<meta property=\"og:locale:alternate\" content=\"hi\" \/>\n<meta property=\"og:locale:alternate\" content=\"ar\" \/>\n<meta property=\"og:type\" content=\"article\" \/>\n<meta property=\"og:title\" content=\"Altes Lykien\" \/>\n<meta property=\"og:description\" content=\"Bitte beachten Sie, dass unser Unternehmen nicht im Bereich des Kaufs, Verkaufs von Flugtickets und der Beantragung von Visa t\u00e4tig ist. Daher \u00fcbernehmen wir keine Verantwortung f\u00fcr unvorhergesehene Ereignisse im Zusammenhang mit Fl\u00fcgen und Grenz\u00fcbertritten.\" \/>\n<meta property=\"og:url\" content=\"https:\/\/mountainguides.pro\/de\/tours\/trekking\/lycian-way\/\" \/>\n<meta property=\"og:site_name\" content=\"Mountain Guide\" \/>\n<meta property=\"article:publisher\" content=\"https:\/\/www.facebook.com\/Mountainguide-232956566756831\/\" \/>\n<meta property=\"article:modified_time\" content=\"2026-02-04T10:46:36+00:00\" \/>\n<meta property=\"og:image\" content=\"https:\/\/mountainguides.pro\/wp-content\/uploads\/2022\/11\/Lycian-way.jpg\" \/>\n\t<meta property=\"og:image:width\" content=\"1600\" \/>\n\t<meta property=\"og:image:height\" content=\"1200\" \/>\n\t<meta property=\"og:image:type\" content=\"image\/jpeg\" \/>\n<meta name=\"twitter:card\" content=\"summary_large_image\" \/>\n<meta name=\"twitter:site\" content=\"@Wintercyclone\" \/>\n<meta name=\"twitter:label1\" content=\"Gesch\u00e4tzte Lesezeit\" \/>\n\t<meta name=\"twitter:data1\" content=\"6\u00a0Minuten\" \/>\n<script type=\"application\/ld+json\" class=\"yoast-schema-graph\">{\"@context\":\"https:\\\/\\\/schema.org\",\"@graph\":[{\"@type\":\"WebPage\",\"@id\":\"https:\\\/\\\/mountainguides.pro\\\/ar\\\/tours\\\/trekking\\\/lycian-way\\\/\",\"url\":\"https:\\\/\\\/mountainguides.pro\\\/ar\\\/tours\\\/trekking\\\/lycian-way\\\/\",\"name\":\"Trekking Lycian way\",\"isPartOf\":{\"@id\":\"https:\\\/\\\/mountainguides.pro\\\/#website\"},\"primaryImageOfPage\":{\"@id\":\"https:\\\/\\\/mountainguides.pro\\\/ar\\\/tours\\\/trekking\\\/lycian-way\\\/#primaryimage\"},\"image\":{\"@id\":\"https:\\\/\\\/mountainguides.pro\\\/ar\\\/tours\\\/trekking\\\/lycian-way\\\/#primaryimage\"},\"thumbnailUrl\":\"https:\\\/\\\/mountainguides.pro\\\/wp-content\\\/uploads\\\/2022\\\/11\\\/Lycian-way.jpg\",\"datePublished\":\"2022-11-15T14:03:00+00:00\",\"dateModified\":\"2026-02-04T10:46:36+00:00\",\"breadcrumb\":{\"@id\":\"https:\\\/\\\/mountainguides.pro\\\/ar\\\/tours\\\/trekking\\\/lycian-way\\\/#breadcrumb\"},\"inLanguage\":\"de\",\"potentialAction\":[{\"@type\":\"ReadAction\",\"target\":[\"https:\\\/\\\/mountainguides.pro\\\/ar\\\/tours\\\/trekking\\\/lycian-way\\\/\"]}]},{\"@type\":\"ImageObject\",\"inLanguage\":\"de\",\"@id\":\"https:\\\/\\\/mountainguides.pro\\\/ar\\\/tours\\\/trekking\\\/lycian-way\\\/#primaryimage\",\"url\":\"https:\\\/\\\/mountainguides.pro\\\/wp-content\\\/uploads\\\/2022\\\/11\\\/Lycian-way.jpg\",\"contentUrl\":\"https:\\\/\\\/mountainguides.pro\\\/wp-content\\\/uploads\\\/2022\\\/11\\\/Lycian-way.jpg\",\"width\":1600,\"height\":1200},{\"@type\":\"BreadcrumbList\",\"@id\":\"https:\\\/\\\/mountainguides.pro\\\/ar\\\/tours\\\/trekking\\\/lycian-way\\\/#breadcrumb\",\"itemListElement\":[{\"@type\":\"ListItem\",\"position\":1,\"name\":\"Home\",\"item\":\"https:\\\/\\\/mountainguides.pro\\\/de\\\/\"},{\"@type\":\"ListItem\",\"position\":2,\"name\":\"\u0644\u064a\u0642\u064a\u0627 \u0627\u0644\u0642\u062f\u064a\u0645\u0629\"}]},{\"@type\":\"WebSite\",\"@id\":\"https:\\\/\\\/mountainguides.pro\\\/#website\",\"url\":\"https:\\\/\\\/mountainguides.pro\\\/\",\"name\":\"Mountain Guide\",\"description\":\"We aspire to be the first in everything!\",\"publisher\":{\"@id\":\"https:\\\/\\\/mountainguides.pro\\\/#organization\"},\"potentialAction\":[{\"@type\":\"SearchAction\",\"target\":{\"@type\":\"EntryPoint\",\"urlTemplate\":\"https:\\\/\\\/mountainguides.pro\\\/?s={search_term_string}\"},\"query-input\":{\"@type\":\"PropertyValueSpecification\",\"valueRequired\":true,\"valueName\":\"search_term_string\"}}],\"inLanguage\":\"de\"},{\"@type\":\"Organization\",\"@id\":\"https:\\\/\\\/mountainguides.pro\\\/#organization\",\"name\":\"Mountain Guide\",\"url\":\"https:\\\/\\\/mountainguides.pro\\\/\",\"logo\":{\"@type\":\"ImageObject\",\"inLanguage\":\"de\",\"@id\":\"https:\\\/\\\/mountainguides.pro\\\/#\\\/schema\\\/logo\\\/image\\\/\",\"url\":\"https:\\\/\\\/mountainguides.pro\\\/wp-content\\\/uploads\\\/2018\\\/01\\\/mglogo.jpg\",\"contentUrl\":\"https:\\\/\\\/mountainguides.pro\\\/wp-content\\\/uploads\\\/2018\\\/01\\\/mglogo.jpg\",\"width\":1200,\"height\":630,\"caption\":\"Mountain Guide\"},\"image\":{\"@id\":\"https:\\\/\\\/mountainguides.pro\\\/#\\\/schema\\\/logo\\\/image\\\/\"},\"sameAs\":[\"https:\\\/\\\/www.facebook.com\\\/Mountainguide-232956566756831\\\/\",\"https:\\\/\\\/x.com\\\/Wintercyclone\",\"http:\\\/\\\/instagram.com\\\/mountainguide\",\"http:\\\/\\\/www.youtube.com\\\/mountainguide\"]}]}<\/script>\n<!-- \/ Yoast SEO Premium plugin. -->","yoast_head_json":{"title":"Trekking Lycian way","robots":{"index":"index","follow":"follow","max-snippet":"max-snippet:-1","max-image-preview":"max-image-preview:large","max-video-preview":"max-video-preview:-1"},"canonical":"https:\/\/mountainguides.pro\/de\/tours\/trekking\/lycian-way\/","og_locale":"de_DE","og_type":"article","og_title":"[:en]Lycian way[:de]Altes Lykien[:es]Antigua Licia[:pt]Antiga L\u00edcia[:zh]\u53e4\u5229\u897f\u4e9a[:ko]\uace0\ub300 \ub9ac\ud0a4\uc544[:ja]\u53e4\u4ee3\u30ea\u30e5\u30ad\u30a2[:hi]\u092a\u094d\u0930\u093e\u091a\u0940\u0928 \u0932\u093e\u0907\u0915\u093f\u092f\u093e[:ar]\u0644\u064a\u0642\u064a\u0627 \u0627\u0644\u0642\u062f\u064a\u0645\u0629[:]","og_description":"Bitte beachten Sie, dass unser Unternehmen nicht im Bereich des Kaufs, Verkaufs von Flugtickets und der Beantragung von Visa t\u00e4tig ist. Daher \u00fcbernehmen wir keine Verantwortung f\u00fcr unvorhergesehene Ereignisse im Zusammenhang mit Fl\u00fcgen und Grenz\u00fcbertritten.","og_url":"https:\/\/mountainguides.pro\/de\/tours\/trekking\/lycian-way\/","og_site_name":"Mountain Guide","article_publisher":"https:\/\/www.facebook.com\/Mountainguide-232956566756831\/","article_modified_time":"2026-02-04T10:46:36+00:00","og_image":[{"width":1600,"height":1200,"url":"https:\/\/mountainguides.pro\/wp-content\/uploads\/2022\/11\/Lycian-way.jpg","type":"image\/jpeg"}],"twitter_card":"summary_large_image","twitter_site":"@Wintercyclone","twitter_misc":{"Gesch\u00e4tzte Lesezeit":"6\u00a0Minuten"},"schema":{"@context":"https:\/\/schema.org","@graph":[{"@type":"WebPage","@id":"https:\/\/mountainguides.pro\/ar\/tours\/trekking\/lycian-way\/","url":"https:\/\/mountainguides.pro\/ar\/tours\/trekking\/lycian-way\/","name":"Trekking Lycian way","isPartOf":{"@id":"https:\/\/mountainguides.pro\/#website"},"primaryImageOfPage":{"@id":"https:\/\/mountainguides.pro\/ar\/tours\/trekking\/lycian-way\/#primaryimage"},"image":{"@id":"https:\/\/mountainguides.pro\/ar\/tours\/trekking\/lycian-way\/#primaryimage"},"thumbnailUrl":"https:\/\/mountainguides.pro\/wp-content\/uploads\/2022\/11\/Lycian-way.jpg","datePublished":"2022-11-15T14:03:00+00:00","dateModified":"2026-02-04T10:46:36+00:00","breadcrumb":{"@id":"https:\/\/mountainguides.pro\/ar\/tours\/trekking\/lycian-way\/#breadcrumb"},"inLanguage":"de","potentialAction":[{"@type":"ReadAction","target":["https:\/\/mountainguides.pro\/ar\/tours\/trekking\/lycian-way\/"]}]},{"@type":"ImageObject","inLanguage":"de","@id":"https:\/\/mountainguides.pro\/ar\/tours\/trekking\/lycian-way\/#primaryimage","url":"https:\/\/mountainguides.pro\/wp-content\/uploads\/2022\/11\/Lycian-way.jpg","contentUrl":"https:\/\/mountainguides.pro\/wp-content\/uploads\/2022\/11\/Lycian-way.jpg","width":1600,"height":1200},{"@type":"BreadcrumbList","@id":"https:\/\/mountainguides.pro\/ar\/tours\/trekking\/lycian-way\/#breadcrumb","itemListElement":[{"@type":"ListItem","position":1,"name":"Home","item":"https:\/\/mountainguides.pro\/de\/"},{"@type":"ListItem","position":2,"name":"\u0644\u064a\u0642\u064a\u0627 \u0627\u0644\u0642\u062f\u064a\u0645\u0629"}]},{"@type":"WebSite","@id":"https:\/\/mountainguides.pro\/#website","url":"https:\/\/mountainguides.pro\/","name":"Mountain Guide","description":"We aspire to be the first in everything!","publisher":{"@id":"https:\/\/mountainguides.pro\/#organization"},"potentialAction":[{"@type":"SearchAction","target":{"@type":"EntryPoint","urlTemplate":"https:\/\/mountainguides.pro\/?s={search_term_string}"},"query-input":{"@type":"PropertyValueSpecification","valueRequired":true,"valueName":"search_term_string"}}],"inLanguage":"de"},{"@type":"Organization","@id":"https:\/\/mountainguides.pro\/#organization","name":"Mountain Guide","url":"https:\/\/mountainguides.pro\/","logo":{"@type":"ImageObject","inLanguage":"de","@id":"https:\/\/mountainguides.pro\/#\/schema\/logo\/image\/","url":"https:\/\/mountainguides.pro\/wp-content\/uploads\/2018\/01\/mglogo.jpg","contentUrl":"https:\/\/mountainguides.pro\/wp-content\/uploads\/2018\/01\/mglogo.jpg","width":1200,"height":630,"caption":"Mountain Guide"},"image":{"@id":"https:\/\/mountainguides.pro\/#\/schema\/logo\/image\/"},"sameAs":["https:\/\/www.facebook.com\/Mountainguide-232956566756831\/","https:\/\/x.com\/Wintercyclone","http:\/\/instagram.com\/mountainguide","http:\/\/www.youtube.com\/mountainguide"]}]}},"_links":{"self":[{"href":"https:\/\/mountainguides.pro\/de\/wp-json\/wp\/v2\/product\/18186","targetHints":{"allow":["GET"]}}],"collection":[{"href":"https:\/\/mountainguides.pro\/de\/wp-json\/wp\/v2\/product"}],"about":[{"href":"https:\/\/mountainguides.pro\/de\/wp-json\/wp\/v2\/types\/product"}],"replies":[{"embeddable":true,"href":"https:\/\/mountainguides.pro\/de\/wp-json\/wp\/v2\/comments?post=18186"}],"version-history":[{"count":18,"href":"https:\/\/mountainguides.pro\/de\/wp-json\/wp\/v2\/product\/18186\/revisions"}],"predecessor-version":[{"id":32718,"href":"https:\/\/mountainguides.pro\/de\/wp-json\/wp\/v2\/product\/18186\/revisions\/32718"}],"wp:featuredmedia":[{"embeddable":true,"href":"https:\/\/mountainguides.pro\/de\/wp-json\/wp\/v2\/media\/19781"}],"wp:attachment":[{"href":"https:\/\/mountainguides.pro\/de\/wp-json\/wp\/v2\/media?parent=18186"}],"wp:term":[{"taxonomy":"product_cat","embeddable":true,"href":"https:\/\/mountainguides.pro\/de\/wp-json\/wp\/v2\/product_cat?post=18186"},{"taxonomy":"product_tag","embeddable":true,"href":"https:\/\/mountainguides.pro\/de\/wp-json\/wp\/v2\/product_tag?post=18186"}],"curies":[{"name":"wp","href":"https:\/\/api.w.org\/{rel}","templated":true}]}}