{"id":18191,"date":"2022-11-15T17:21:50","date_gmt":"2022-11-15T14:21:50","guid":{"rendered":"https:\/\/mountainguides.pro\/?post_type=product&#038;p=18191"},"modified":"2026-02-04T13:38:06","modified_gmt":"2026-02-04T10:38:06","slug":"uganda","status":"publish","type":"product","link":"https:\/\/mountainguides.pro\/de\/tours\/trekking\/uganda\/","title":{"rendered":"Trekking in Uganda"},"content":{"rendered":"<h2>About the tour<\/h2>\n<p>Uganda was described by Winston Churchill as the &#8222;Pearl of Africa&#8220;, and with good reason. Rich in volcanic mountains, valleys and lakes, rich in wildlife and a green cosmopolitan capital, all in a very small country. Despite a difficult political past, the spirit of the people and natural wealth have allowed Uganda to rise above, offering you and me a safe and rewarding direction.<br \/>\nWe will go on an adventure through rainforests, alpine valleys and glacial landscapes in the remote Rwenzori Mountains (\u201cMountains of the Moon\u201d). After the track, you can optionally enjoy a safari in the Queen Elizabeth National Park, where elephants, lions, leopards, hippos and many others live; Watch rhinos in the wild while walking through the Ziva Rhino Sanctuary; and view the majestic African wilderness on a cruise to the foot of the Murchison Falls, where the River Nile flows through a narrow gorge and spectacularly flows around the wall of the Rift Valley.<\/p>\n<p>Choose your dates and start planning your unforgettable adventure in Uganda!<\/p>\n<h2>Trekking to Uganda<\/h2>\n<p><strong>Day 1.<\/strong> Arrival at Entebbe International Airport. Moving 110 km. in Kasese 1778m. Overnight at the hotel.<br \/>\n<strong>Day 2<\/strong>. Early rise and start from Kyanjuka (1450m). After an hour of travel, we will go through a couple of formalities at UWA and start the track. On this day we will cross meadows and ferns, see countless varieties of birds and hear their singing. Overnight in the hut BL Sine Camp (2596m).<br \/>\n<strong>Day 3.<\/strong> Trek to Mutinda base camp (3688m). Start of the route from a steep climb and high steps to the Bamboo zone. In bad weather, leggings or rubber boots will come in handy here. We overcome the route along the ridge, descents and ascents through streams, passing by waterfalls covered with moss. We admire the abundance of the forest and come for the night. In your free time, you can relax or climb to the observation deck (1.5 hours up). Overnight in a hut.<br \/>\n<strong>Day 4<\/strong>. Trek to Bugata base camp (4062m). We pass to the Alpine zone, crossing the Mutinda valley. We reach the Namusangi valley (3840m), which ends with fantastic waterfalls and a view of the Mutinda peaks. Camp Bugata is located overlooking Lake Copello and Weismann Peak. Overnight in a hut.<br \/>\n<strong>Day 5<\/strong>. Trek to BC Margaret (4460m). The most difficult day (about 9 hours on the way) is the route past the Kitandara lakes with the ascent through the Scott Elliott Pass (4335m) to the overnight camp. The camp is located on a flat area protected by rocks. Overnight in a hut.<br \/>\n<strong>Day 6.<\/strong> Descent to BC Hanvik (3974m). Overnight in a hut.<br \/>\n<strong>Day 7.<\/strong> Descent to Kiharo base camp (3518m). Our return trip will be different from the ascent route in order to get the most out of the track. Through the vicinity of the Bugata around the lake Bugata and the tributary of the Kopello. Crossing the Nyamwamba valley, you can observe the territory of thick giant ground grass with dense undergrowth and moss, we will pass through areas where glaciers melted millions of years ago and today the remaining large stones remind of this. Overnight in a hut.<br \/>\n<strong>Day 8<\/strong>. Descent to Samalira Camp (3170m). To the chorus of exotic birds, greeting the chameleons we meet on the way, we begin our track day. We cross several valleys and streams to Kyalavula, from here we admire Lake Edward in the Queen Elizabeth National Park. We arrive for the night in a camp in a closed valley at the top of waterfalls. Overnight in a hut.<br \/>\n<strong>Day 9<\/strong><strong>.<\/strong> We descend a long ridge through bamboo forests to the ranger post at Kasese. We&#8217;re going to the hotel. Celebrating the end of the track. Overnight at the hotel.<br \/>\n<strong>Day 10.<\/strong> Souvenir walk in the morning and after lunch departure or early flight to Entebbe International Airport.<\/p>\n<h2>Price of trekking Uganda expedition includes:<\/h2>\n<ul>\n<li>Hotel, accommodation in double rooms. Duration of stay depends on the schedule.<\/li>\n<li>Accommodation in a shelter. Duration of stay depends on the schedule.<\/li>\n<li>All transfers according to the program.<\/li>\n<li>Three meals a day throughout the program. Dinner on the first day, breakfast on the last day.<\/li>\n<li>All necessary permits and registrations<\/li>\n<li>\u00a0leading guide throughout the program and assistant guides on the day of the ascent (based on 1 guide for 3 clients &#8211; this does not mean that the group will be divided into small groups). We have no limit on the number of attempts to climb a group.<\/li>\n<li>Group equipment (ropes, ice screws, walkie-talkies, satellite navigators, etc.)<\/li>\n<\/ul>\n<h2>Price of trekking to Uganda expedition dos not include:<\/h2>\n<ul>\n<li>Single accommodation<\/li>\n<li>Personal equipment<\/li>\n<li>Any deviations to the original schedule<\/li>\n<li>Personal Porters on the trek.<\/li>\n<li>Health insurance and expenses relating to evacuation in case of accident<\/li>\n<li>Visa<\/li>\n<li>International flights<\/li>\n<li>Any costs associated with program changes<\/li>\n<\/ul>\n<h2>Equipment for Uganda trekking:<\/h2>\n<p><a role=\"button\" href=\"#\"><br \/>\nDownload PDF<br \/>\n<\/a><\/p>\n<p>The documents<\/p>\n<ul>\n<li>International passport.<\/li>\n<li>Airplane tickets.<\/li>\n<li>Medical insurance.<\/li>\n<li>Information in English about vaccination against yellow fever.<\/li>\n<\/ul>\n","protected":false},"excerpt":{"rendered":"<p data-start=\"40\" data-end=\"298\">Bitte beachten Sie, dass unser Unternehmen nicht im Bereich des Kaufs, Verkaufs von Flugtickets und der Ausstellung von Visa t\u00e4tig ist und daher keine Verantwortung f\u00fcr unvorhergesehene Ereignisse im Zusammenhang mit Fl\u00fcgen und Grenz\u00fcberg\u00e4ngen \u00fcbernimmt.<\/p>\n<p data-start=\"300\" data-end=\"571\">In Afrika gibt es einige Schwierigkeiten beim Umtausch von kleinen, abgenutzten und alten (vor 2009 herausgegebenen) US-Dollar-Banknoten, beachten Sie dies bitte. In einigen F\u00e4llen kann dies zu zus\u00e4tzlichen Geb\u00fchren f\u00fchren, in anderen F\u00e4llen wird der Umtausch verweigert.<\/p>\n","protected":false},"featured_media":18902,"comment_status":"closed","ping_status":"closed","template":"","meta":{"_acf_changed":false,"footnotes":""},"product_cat":[321],"product_tag":[],"class_list":{"0":"post-18191","1":"product","2":"type-product","3":"status-publish","4":"has-post-thumbnail","6":"product_cat-trekking","8":"first","9":"instock","10":"shipping-taxable","11":"purchasable","12":"product-type-simple"},"acf":[],"yoast_head":"<!-- This site is optimized with the Yoast SEO Premium plugin v26.5 (Yoast SEO v27.3) - https:\/\/yoast.com\/product\/yoast-seo-premium-wordpress\/ -->\n<title>Trekking Uganda<\/title>\n<meta name=\"robots\" content=\"index, follow, max-snippet:-1, max-image-preview:large, max-video-preview:-1\" \/>\n<link rel=\"canonical\" href=\"https:\/\/mountainguides.pro\/de\/tours\/trekking\/uganda\/\" \/>\n<meta property=\"og:locale\" content=\"de_DE\" \/>\n<meta property=\"og:locale:alternate\" content=\"en_US\" \/>\n<meta property=\"og:locale:alternate\" content=\"ru_RU\" \/>\n<meta property=\"og:locale:alternate\" content=\"es\" \/>\n<meta property=\"og:locale:alternate\" content=\"pt\" \/>\n<meta property=\"og:locale:alternate\" content=\"zh\" \/>\n<meta property=\"og:locale:alternate\" content=\"ko\" \/>\n<meta property=\"og:locale:alternate\" content=\"ja\" \/>\n<meta property=\"og:locale:alternate\" content=\"hi\" \/>\n<meta property=\"og:locale:alternate\" content=\"ar\" \/>\n<meta property=\"og:type\" content=\"article\" \/>\n<meta property=\"og:title\" content=\"Trekking in Uganda\" \/>\n<meta property=\"og:description\" content=\"Bitte beachten Sie, dass unser Unternehmen nicht im Bereich des Kaufs, Verkaufs von Flugtickets und der Ausstellung von Visa t\u00e4tig ist und daher keine Verantwortung f\u00fcr unvorhergesehene Ereignisse im Zusammenhang mit Fl\u00fcgen und Grenz\u00fcberg\u00e4ngen \u00fcbernimmt. In Afrika gibt es einige Schwierigkeiten beim Umtausch von kleinen, abgenutzten und alten (vor 2009 herausgegebenen) US-Dollar-Banknoten, beachten Sie dies bitte. In einigen F\u00e4llen kann dies zu zus\u00e4tzlichen Geb\u00fchren f\u00fchren, in anderen F\u00e4llen wird der Umtausch verweigert.\" \/>\n<meta property=\"og:url\" content=\"https:\/\/mountainguides.pro\/de\/tours\/trekking\/uganda\/\" \/>\n<meta property=\"og:site_name\" content=\"Mountain Guide\" \/>\n<meta property=\"article:publisher\" content=\"https:\/\/www.facebook.com\/Mountainguide-232956566756831\/\" \/>\n<meta property=\"article:modified_time\" content=\"2026-02-04T10:38:06+00:00\" \/>\n<meta property=\"og:image\" content=\"https:\/\/mountainguides.pro\/wp-content\/uploads\/2022\/11\/trekking-uganda.jpeg\" \/>\n\t<meta property=\"og:image:width\" content=\"1800\" \/>\n\t<meta property=\"og:image:height\" content=\"1350\" \/>\n\t<meta property=\"og:image:type\" content=\"image\/jpeg\" \/>\n<meta name=\"twitter:card\" content=\"summary_large_image\" \/>\n<meta name=\"twitter:site\" content=\"@Wintercyclone\" \/>\n<meta name=\"twitter:label1\" content=\"Gesch\u00e4tzte Lesezeit\" \/>\n\t<meta name=\"twitter:data1\" content=\"4\u00a0Minuten\" \/>\n<script type=\"application\/ld+json\" class=\"yoast-schema-graph\">{\"@context\":\"https:\\\/\\\/schema.org\",\"@graph\":[{\"@type\":\"WebPage\",\"@id\":\"https:\\\/\\\/mountainguides.pro\\\/ar\\\/tours\\\/trekking\\\/uganda\\\/\",\"url\":\"https:\\\/\\\/mountainguides.pro\\\/ar\\\/tours\\\/trekking\\\/uganda\\\/\",\"name\":\"Trekking Uganda\",\"isPartOf\":{\"@id\":\"https:\\\/\\\/mountainguides.pro\\\/#website\"},\"primaryImageOfPage\":{\"@id\":\"https:\\\/\\\/mountainguides.pro\\\/ar\\\/tours\\\/trekking\\\/uganda\\\/#primaryimage\"},\"image\":{\"@id\":\"https:\\\/\\\/mountainguides.pro\\\/ar\\\/tours\\\/trekking\\\/uganda\\\/#primaryimage\"},\"thumbnailUrl\":\"https:\\\/\\\/mountainguides.pro\\\/wp-content\\\/uploads\\\/2022\\\/11\\\/trekking-uganda.jpeg\",\"datePublished\":\"2022-11-15T14:21:50+00:00\",\"dateModified\":\"2026-02-04T10:38:06+00:00\",\"breadcrumb\":{\"@id\":\"https:\\\/\\\/mountainguides.pro\\\/ar\\\/tours\\\/trekking\\\/uganda\\\/#breadcrumb\"},\"inLanguage\":\"de\",\"potentialAction\":[{\"@type\":\"ReadAction\",\"target\":[\"https:\\\/\\\/mountainguides.pro\\\/ar\\\/tours\\\/trekking\\\/uganda\\\/\"]}]},{\"@type\":\"ImageObject\",\"inLanguage\":\"de\",\"@id\":\"https:\\\/\\\/mountainguides.pro\\\/ar\\\/tours\\\/trekking\\\/uganda\\\/#primaryimage\",\"url\":\"https:\\\/\\\/mountainguides.pro\\\/wp-content\\\/uploads\\\/2022\\\/11\\\/trekking-uganda.jpeg\",\"contentUrl\":\"https:\\\/\\\/mountainguides.pro\\\/wp-content\\\/uploads\\\/2022\\\/11\\\/trekking-uganda.jpeg\",\"width\":1800,\"height\":1350},{\"@type\":\"BreadcrumbList\",\"@id\":\"https:\\\/\\\/mountainguides.pro\\\/ar\\\/tours\\\/trekking\\\/uganda\\\/#breadcrumb\",\"itemListElement\":[{\"@type\":\"ListItem\",\"position\":1,\"name\":\"Home\",\"item\":\"https:\\\/\\\/mountainguides.pro\\\/de\\\/\"},{\"@type\":\"ListItem\",\"position\":2,\"name\":\"\u0627\u0644\u0631\u062d\u0644\u0627\u062a \u0641\u064a \u0623\u0648\u063a\u0646\u062f\u0627\"}]},{\"@type\":\"WebSite\",\"@id\":\"https:\\\/\\\/mountainguides.pro\\\/#website\",\"url\":\"https:\\\/\\\/mountainguides.pro\\\/\",\"name\":\"Mountain Guide\",\"description\":\"We aspire to be the first in everything!\",\"publisher\":{\"@id\":\"https:\\\/\\\/mountainguides.pro\\\/#organization\"},\"potentialAction\":[{\"@type\":\"SearchAction\",\"target\":{\"@type\":\"EntryPoint\",\"urlTemplate\":\"https:\\\/\\\/mountainguides.pro\\\/?s={search_term_string}\"},\"query-input\":{\"@type\":\"PropertyValueSpecification\",\"valueRequired\":true,\"valueName\":\"search_term_string\"}}],\"inLanguage\":\"de\"},{\"@type\":\"Organization\",\"@id\":\"https:\\\/\\\/mountainguides.pro\\\/#organization\",\"name\":\"Mountain Guide\",\"url\":\"https:\\\/\\\/mountainguides.pro\\\/\",\"logo\":{\"@type\":\"ImageObject\",\"inLanguage\":\"de\",\"@id\":\"https:\\\/\\\/mountainguides.pro\\\/#\\\/schema\\\/logo\\\/image\\\/\",\"url\":\"https:\\\/\\\/mountainguides.pro\\\/wp-content\\\/uploads\\\/2018\\\/01\\\/mglogo.jpg\",\"contentUrl\":\"https:\\\/\\\/mountainguides.pro\\\/wp-content\\\/uploads\\\/2018\\\/01\\\/mglogo.jpg\",\"width\":1200,\"height\":630,\"caption\":\"Mountain Guide\"},\"image\":{\"@id\":\"https:\\\/\\\/mountainguides.pro\\\/#\\\/schema\\\/logo\\\/image\\\/\"},\"sameAs\":[\"https:\\\/\\\/www.facebook.com\\\/Mountainguide-232956566756831\\\/\",\"https:\\\/\\\/x.com\\\/Wintercyclone\",\"http:\\\/\\\/instagram.com\\\/mountainguide\",\"http:\\\/\\\/www.youtube.com\\\/mountainguide\"]}]}<\/script>\n<!-- \/ Yoast SEO Premium plugin. -->","yoast_head_json":{"title":"Trekking Uganda","robots":{"index":"index","follow":"follow","max-snippet":"max-snippet:-1","max-image-preview":"max-image-preview:large","max-video-preview":"max-video-preview:-1"},"canonical":"https:\/\/mountainguides.pro\/de\/tours\/trekking\/uganda\/","og_locale":"de_DE","og_type":"article","og_title":"[:en]Trekking Uganda[:de]Trekking in Uganda[:es]Trekking en Uganda[:pt]Trekking em Uganda[:zh]\u5728\u4e4c\u5e72\u8fbe\u5f92\u6b65\u65c5\u884c[:ko]\uc6b0\uac04\ub2e4 \ud2b8\ub808\ud0b9[:ja]\u30a6\u30ac\u30f3\u30c0\u3067\u306e\u30c8\u30ec\u30c3\u30ad\u30f3\u30b0[:hi]\u092f\u0941\u0917\u093e\u0902\u0921\u093e \u092e\u0947\u0902 \u091f\u094d\u0930\u0947\u0915\u093f\u0902\u0917[:ar]\u0627\u0644\u0631\u062d\u0644\u0627\u062a \u0641\u064a \u0623\u0648\u063a\u0646\u062f\u0627[:]","og_description":"Bitte beachten Sie, dass unser Unternehmen nicht im Bereich des Kaufs, Verkaufs von Flugtickets und der Ausstellung von Visa t\u00e4tig ist und daher keine Verantwortung f\u00fcr unvorhergesehene Ereignisse im Zusammenhang mit Fl\u00fcgen und Grenz\u00fcberg\u00e4ngen \u00fcbernimmt. In Afrika gibt es einige Schwierigkeiten beim Umtausch von kleinen, abgenutzten und alten (vor 2009 herausgegebenen) US-Dollar-Banknoten, beachten Sie dies bitte. In einigen F\u00e4llen kann dies zu zus\u00e4tzlichen Geb\u00fchren f\u00fchren, in anderen F\u00e4llen wird der Umtausch verweigert.","og_url":"https:\/\/mountainguides.pro\/de\/tours\/trekking\/uganda\/","og_site_name":"Mountain Guide","article_publisher":"https:\/\/www.facebook.com\/Mountainguide-232956566756831\/","article_modified_time":"2026-02-04T10:38:06+00:00","og_image":[{"width":1800,"height":1350,"url":"https:\/\/mountainguides.pro\/wp-content\/uploads\/2022\/11\/trekking-uganda.jpeg","type":"image\/jpeg"}],"twitter_card":"summary_large_image","twitter_site":"@Wintercyclone","twitter_misc":{"Gesch\u00e4tzte Lesezeit":"4\u00a0Minuten"},"schema":{"@context":"https:\/\/schema.org","@graph":[{"@type":"WebPage","@id":"https:\/\/mountainguides.pro\/ar\/tours\/trekking\/uganda\/","url":"https:\/\/mountainguides.pro\/ar\/tours\/trekking\/uganda\/","name":"Trekking Uganda","isPartOf":{"@id":"https:\/\/mountainguides.pro\/#website"},"primaryImageOfPage":{"@id":"https:\/\/mountainguides.pro\/ar\/tours\/trekking\/uganda\/#primaryimage"},"image":{"@id":"https:\/\/mountainguides.pro\/ar\/tours\/trekking\/uganda\/#primaryimage"},"thumbnailUrl":"https:\/\/mountainguides.pro\/wp-content\/uploads\/2022\/11\/trekking-uganda.jpeg","datePublished":"2022-11-15T14:21:50+00:00","dateModified":"2026-02-04T10:38:06+00:00","breadcrumb":{"@id":"https:\/\/mountainguides.pro\/ar\/tours\/trekking\/uganda\/#breadcrumb"},"inLanguage":"de","potentialAction":[{"@type":"ReadAction","target":["https:\/\/mountainguides.pro\/ar\/tours\/trekking\/uganda\/"]}]},{"@type":"ImageObject","inLanguage":"de","@id":"https:\/\/mountainguides.pro\/ar\/tours\/trekking\/uganda\/#primaryimage","url":"https:\/\/mountainguides.pro\/wp-content\/uploads\/2022\/11\/trekking-uganda.jpeg","contentUrl":"https:\/\/mountainguides.pro\/wp-content\/uploads\/2022\/11\/trekking-uganda.jpeg","width":1800,"height":1350},{"@type":"BreadcrumbList","@id":"https:\/\/mountainguides.pro\/ar\/tours\/trekking\/uganda\/#breadcrumb","itemListElement":[{"@type":"ListItem","position":1,"name":"Home","item":"https:\/\/mountainguides.pro\/de\/"},{"@type":"ListItem","position":2,"name":"\u0627\u0644\u0631\u062d\u0644\u0627\u062a \u0641\u064a \u0623\u0648\u063a\u0646\u062f\u0627"}]},{"@type":"WebSite","@id":"https:\/\/mountainguides.pro\/#website","url":"https:\/\/mountainguides.pro\/","name":"Mountain Guide","description":"We aspire to be the first in everything!","publisher":{"@id":"https:\/\/mountainguides.pro\/#organization"},"potentialAction":[{"@type":"SearchAction","target":{"@type":"EntryPoint","urlTemplate":"https:\/\/mountainguides.pro\/?s={search_term_string}"},"query-input":{"@type":"PropertyValueSpecification","valueRequired":true,"valueName":"search_term_string"}}],"inLanguage":"de"},{"@type":"Organization","@id":"https:\/\/mountainguides.pro\/#organization","name":"Mountain Guide","url":"https:\/\/mountainguides.pro\/","logo":{"@type":"ImageObject","inLanguage":"de","@id":"https:\/\/mountainguides.pro\/#\/schema\/logo\/image\/","url":"https:\/\/mountainguides.pro\/wp-content\/uploads\/2018\/01\/mglogo.jpg","contentUrl":"https:\/\/mountainguides.pro\/wp-content\/uploads\/2018\/01\/mglogo.jpg","width":1200,"height":630,"caption":"Mountain Guide"},"image":{"@id":"https:\/\/mountainguides.pro\/#\/schema\/logo\/image\/"},"sameAs":["https:\/\/www.facebook.com\/Mountainguide-232956566756831\/","https:\/\/x.com\/Wintercyclone","http:\/\/instagram.com\/mountainguide","http:\/\/www.youtube.com\/mountainguide"]}]}},"_links":{"self":[{"href":"https:\/\/mountainguides.pro\/de\/wp-json\/wp\/v2\/product\/18191","targetHints":{"allow":["GET"]}}],"collection":[{"href":"https:\/\/mountainguides.pro\/de\/wp-json\/wp\/v2\/product"}],"about":[{"href":"https:\/\/mountainguides.pro\/de\/wp-json\/wp\/v2\/types\/product"}],"replies":[{"embeddable":true,"href":"https:\/\/mountainguides.pro\/de\/wp-json\/wp\/v2\/comments?post=18191"}],"version-history":[{"count":13,"href":"https:\/\/mountainguides.pro\/de\/wp-json\/wp\/v2\/product\/18191\/revisions"}],"predecessor-version":[{"id":32717,"href":"https:\/\/mountainguides.pro\/de\/wp-json\/wp\/v2\/product\/18191\/revisions\/32717"}],"wp:featuredmedia":[{"embeddable":true,"href":"https:\/\/mountainguides.pro\/de\/wp-json\/wp\/v2\/media\/18902"}],"wp:attachment":[{"href":"https:\/\/mountainguides.pro\/de\/wp-json\/wp\/v2\/media?parent=18191"}],"wp:term":[{"taxonomy":"product_cat","embeddable":true,"href":"https:\/\/mountainguides.pro\/de\/wp-json\/wp\/v2\/product_cat?post=18191"},{"taxonomy":"product_tag","embeddable":true,"href":"https:\/\/mountainguides.pro\/de\/wp-json\/wp\/v2\/product_tag?post=18191"}],"curies":[{"name":"wp","href":"https:\/\/api.w.org\/{rel}","templated":true}]}}