{"id":18788,"date":"2023-05-16T17:41:10","date_gmt":"2023-05-16T14:41:10","guid":{"rendered":"https:\/\/mountainguides.pro\/?post_type=product&#038;p=18788"},"modified":"2026-02-03T17:08:54","modified_gmt":"2026-02-03T14:08:54","slug":"annapurna-ring","status":"publish","type":"product","link":"https:\/\/mountainguides.pro\/de\/tours\/trekking\/annapurna-ring\/","title":{"rendered":"Trekking-Ring von Annapurna + Tilicho-See"},"content":{"rendered":"<h2>About the tour<\/h2>\n<h2>Trek Annapurna Ring<\/h2>\n<p><strong>Day 1.<\/strong> Arrival in Kathmandu. Transfer to the hotel. Overnight <strong>Day 2.<\/strong> Kathmandu &#8211; Dharapani (1995 m). Night at the lodge.<br \/>\n<strong>Day 3.<\/strong> Dharapani &#8211; Cham (2710 m): 5-6 hours. Night at the lodge.<br \/>\n<strong>Day 4.<\/strong> From Cham to Pisang (3300 m): 5-6 hours. Night at the lodge.<br \/>\n<strong>Day 5<\/strong>. Pizang &#8211; Manang: 6-7 hours. Night at the lodge.<br \/>\n<strong>Day 6<\/strong>. Manang &#8211; Rest day for acclimatisation. Night at the lodge.<br \/>\n<strong>Day 7.<\/strong> Manang &#8211; Lake Tilicho (4200 m). Night at the lodge.<br \/>\n<strong>Day 8<\/strong>. Lake Tilicho (4920m), descent to Khangsar (3730m). Night at the lodge.<br \/>\n<strong>Day 9<\/strong>. Hike from Khangsar to Yak Kharka (4150m). Night at the lodge.<br \/>\n<strong>Day 10<\/strong>. Yak Kharka &#8211; Thorong Phedi (4600 m): 3-4 hours. Night at the lodge.<br \/>\n<strong>Day 11<\/strong>. Thorong Phedi to Thorong La (5416 m) &#8211; Muktinat (3800 m). Overnight at the lodge.<br \/>\n<strong>Day 12<\/strong>. Muktinath &#8211; Pokhara. Jeep transfer. Night at the lodge.<br \/>\n<strong>Day 13<\/strong>. Flight Pokhara &#8211; Kathmandu. Overnight at the hotel.<br \/>\n<strong>Day 14<\/strong>. Flight to Moscow.<\/p>\n<h2><b>Annapurna Trek price includes<\/b><\/h2>\n<ul>\n<li>Experienced English speaking guide.<\/li>\n<li>Nepalese guide.<\/li>\n<li>Meeting \/ seeing off at the airport.<\/li>\n<li>Hotel accommodation in Kathmandu, 2 nights.<\/li>\n<li>Accommodation in loggias on the trek.<\/li>\n<li>Group equipment (first aid kit, satellite navigator).<\/li>\n<li>Registration of all necessary permits for trekking (permit for trekking \/ permit \/ entrances to national parks, etc).<\/li>\n<li>Transfer to the beginning of the track.<\/li>\n<li>Transfer Muktinath-Pokhara.<\/li>\n<\/ul>\n<h2>Annapurna trek cost does not include:<\/h2>\n<ul>\n<li>Lunch and dinner during your stay in Kathmandu. Food &#8211; Individual menu.<\/li>\n<li>Food on the trek.<\/li>\n<li>Personal porter &#8211; $20\/day.<\/li>\n<li>Medical insurance and emergency evacuation.<\/li>\n<li>Domestic airfare.<\/li>\n<\/ul>\n<h2>Equipment.<\/h2>\n<p><a role=\"button\" href=\"#\"><br \/>\nDownload PDF<br \/>\n<\/a><\/p>\n<p>Documents:<\/p>\n<ul>\n<li>Valid passport.<\/li>\n<li>Air tickets.<\/li>\n<li>Travel insurance.<\/li>\n<\/ul>\n<p>Personal equipment:<\/p>\n<ul>\n<li>30-50L backpack.<\/li>\n<li>Sleeping bag (comfort 0C).<\/li>\n<li>Ski\/trekking poles.<\/li>\n<\/ul>\n<p>Clothing and shoes:<\/p>\n<ul>\n<li>Wind- and waterproof layer &#8211; trousers and jacket. For example Gore-Tex.<\/li>\n<li>Fleece trousers and jacket.<\/li>\n<li>Thermal underwear layer &#8211; top and bottom.<\/li>\n<li>Dawn jacket.<\/li>\n<li>Thick gloves.<\/li>\n<li>Thin gloves.<\/li>\n<li>Neckerchief.<\/li>\n<li>Warm hat.<\/li>\n<li>Underwear, socks, etc.<\/li>\n<li>A few warm socks.<\/li>\n<li>Balaclava.<\/li>\n<li>Alligators.<\/li>\n<li>Trekking shoes.<\/li>\n<li>Trekking boots WELL impregnated in advance with a special waterproofing agent.<\/li>\n<\/ul>\n<p>Travel Accessories:<\/p>\n<ul>\n<li>Headlamp.<\/li>\n<li>Power bank.<\/li>\n<li>Shower gel, toothpaste, toothbrush.<\/li>\n<li>Raincoat.<\/li>\n<li>Rain cover for backpack.<\/li>\n<li>Protective sunglasses.<\/li>\n<li>Ski goggles.<\/li>\n<li>Vitamin tablets.<\/li>\n<li>Thermos (1 litre, preferably without a lid).<\/li>\n<li>Sun block SPF 50.<\/li>\n<li>Lip balm SPF 10-15.<\/li>\n<li>Personal medical kit.<\/li>\n<li>Extra pair of contact lenses or glasses.<\/li>\n<li>Knee support.<\/li>\n<li>Bath towel.<\/li>\n<li>Toilet paper (sold in loggias along the way).<\/li>\n<\/ul>\n","protected":false},"excerpt":{"rendered":"<p data-start=\"97\" data-end=\"946\">Blicke auf Annapurna II, Annapurna III, Annapurna IV, Gangapurna, Tilicho Peak und Machapuchare \u2013 Aussichten, die den Atem rauben<br data-start=\"226\" data-end=\"229\" \/>Eine Apfelfarm auf 3500 Metern H\u00f6he mit k\u00f6stlichem Calvados, der Sie am Abend nach dem Trekking w\u00e4rmt<br data-start=\"330\" data-end=\"333\" \/>Der tiefblaue Spiegel des Tilicho-Sees mit dem gleichnamigen Gipfel, dessen Basis in die Tiefe des Wassers abf\u00e4llt<br data-start=\"447\" data-end=\"450\" \/>Der Thorong-La-Pass, der nur 200 Meter niedriger ist als der Elbrus<br data-start=\"517\" data-end=\"520\" \/>Dies ist eine der leichtesten Routen in Nepal \u2013 hier besteht die M\u00f6glichkeit, den Weg auf einem Pferd zu verk\u00fcrzen<br data-start=\"634\" data-end=\"637\" \/>Sie werden vom unerwarteten Komfort \u00fcberrascht sein: fantastische Lodges w\u00e4hrend des Treks und ein gro\u00dfartiges Hotel mit beheizten Bettlaken am Ende des Trekkings (glauben Sie uns, Sie werden begeistert sein!)<br data-start=\"846\" data-end=\"849\" \/>Der R\u00fcckflug von Pokhara nach Kathmandu statt einer erm\u00fcdenden Fahrt auf einer holprigen Stra\u00dfe<\/p>\n<p data-start=\"1048\" data-end=\"1124\">**Im Gegensatz zu anderen Unternehmen ist der Inlandsflug bereits inklusive.<\/p>\n<p data-start=\"1126\" data-end=\"1370\">***Bitte beachten Sie, dass unser Unternehmen nicht im Bereich des Kaufs und Verkaufs von Flugtickets oder der Visabeschaffung t\u00e4tig ist und daher keine Verantwortung f\u00fcr h\u00f6here Gewalt im Zusammenhang mit Fl\u00fcgen und Grenzformalit\u00e4ten \u00fcbernimmt.<\/p>\n<p data-start=\"1372\" data-end=\"1395\">Wichtige Informationen:<\/p>\n<p data-start=\"1397\" data-end=\"1943\">Die Check-in- und Check-out-Zeiten sind vom Hotel festgelegt: Check-in ab 15:00 Uhr, Check-out bis 11\u201312 Uhr. Das Gep\u00e4ck kann an der Rezeption hinterlegt werden, um die Stadt zu erkunden, oder \u2013 je nach technischer M\u00f6glichkeit \u2013 kann ein fr\u00fcher Check-in\/ sp\u00e4ter Check-out gegen Aufpreis arrangiert werden.<br data-start=\"1702\" data-end=\"1705\" \/>In Nepal gibt es Schwierigkeiten beim Umtausch kleiner, abgenutzter und alter (vor 2009 ausgegebener) US-Dollar-Scheine. Bitte ber\u00fccksichtigen Sie dies \u2013 manchmal bedeutet es eine zus\u00e4tzliche Geb\u00fchr, manchmal eine Ablehnung des Umtauschs<\/p>\n","protected":false},"featured_media":18799,"comment_status":"closed","ping_status":"closed","template":"","meta":{"_acf_changed":false,"footnotes":""},"product_cat":[321],"product_tag":[],"class_list":{"0":"post-18788","1":"product","2":"type-product","3":"status-publish","4":"has-post-thumbnail","6":"product_cat-trekking","8":"first","9":"instock","10":"shipping-taxable","11":"purchasable","12":"product-type-simple"},"acf":[],"yoast_head":"<!-- This site is optimized with the Yoast SEO Premium plugin v26.5 (Yoast SEO v27.3) - https:\/\/yoast.com\/product\/yoast-seo-premium-wordpress\/ -->\n<title>Trekking Annapurna circuit<\/title>\n<meta name=\"robots\" content=\"index, follow, max-snippet:-1, max-image-preview:large, max-video-preview:-1\" \/>\n<link rel=\"canonical\" href=\"https:\/\/mountainguides.pro\/de\/tours\/trekking\/annapurna-ring\/\" \/>\n<meta property=\"og:locale\" content=\"de_DE\" \/>\n<meta property=\"og:locale:alternate\" content=\"en_US\" \/>\n<meta property=\"og:locale:alternate\" content=\"ru_RU\" \/>\n<meta property=\"og:locale:alternate\" content=\"es\" \/>\n<meta property=\"og:locale:alternate\" content=\"pt\" \/>\n<meta property=\"og:locale:alternate\" content=\"zh\" \/>\n<meta property=\"og:locale:alternate\" content=\"ko\" \/>\n<meta property=\"og:locale:alternate\" content=\"ja\" \/>\n<meta property=\"og:locale:alternate\" content=\"hi\" \/>\n<meta property=\"og:locale:alternate\" content=\"ar\" \/>\n<meta property=\"og:type\" content=\"article\" \/>\n<meta property=\"og:title\" content=\"Trekking-Ring von Annapurna + Tilicho-See\" \/>\n<meta property=\"og:description\" content=\"Blicke auf Annapurna II, Annapurna III, Annapurna IV, Gangapurna, Tilicho Peak und Machapuchare \u2013 Aussichten, die den Atem raubenEine Apfelfarm auf 3500 Metern H\u00f6he mit k\u00f6stlichem Calvados, der Sie am Abend nach dem Trekking w\u00e4rmtDer tiefblaue Spiegel des Tilicho-Sees mit dem gleichnamigen Gipfel, dessen Basis in die Tiefe des Wassers abf\u00e4lltDer Thorong-La-Pass, der nur 200 Meter niedriger ist als der ElbrusDies ist eine der leichtesten Routen in Nepal \u2013 hier besteht die M\u00f6glichkeit, den Weg auf einem Pferd zu verk\u00fcrzenSie werden vom unerwarteten Komfort \u00fcberrascht sein: fantastische Lodges w\u00e4hrend des Treks und ein gro\u00dfartiges Hotel mit beheizten Bettlaken am Ende des Trekkings (glauben Sie uns, Sie werden begeistert sein!)Der R\u00fcckflug von Pokhara nach Kathmandu statt einer erm\u00fcdenden Fahrt auf einer holprigen Stra\u00dfe **Im Gegensatz zu anderen Unternehmen ist der Inlandsflug bereits inklusive. ***Bitte beachten Sie, dass unser Unternehmen nicht im Bereich des Kaufs und Verkaufs von Flugtickets oder der Visabeschaffung t\u00e4tig ist und daher keine Verantwortung f\u00fcr h\u00f6here Gewalt im Zusammenhang mit Fl\u00fcgen und Grenzformalit\u00e4ten \u00fcbernimmt. Wichtige Informationen: Die Check-in- und Check-out-Zeiten sind vom Hotel festgelegt: Check-in ab 15:00 Uhr, Check-out bis 11\u201312 Uhr. Das Gep\u00e4ck kann an der Rezeption hinterlegt werden, um die Stadt zu erkunden, oder \u2013 je nach technischer M\u00f6glichkeit \u2013 kann ein fr\u00fcher Check-in\/ sp\u00e4ter Check-out gegen Aufpreis arrangiert werden.In Nepal gibt es Schwierigkeiten beim Umtausch kleiner, abgenutzter und alter (vor 2009 ausgegebener) US-Dollar-Scheine. Bitte ber\u00fccksichtigen Sie dies \u2013 manchmal bedeutet es eine zus\u00e4tzliche Geb\u00fchr, manchmal eine Ablehnung des Umtauschs\" \/>\n<meta property=\"og:url\" content=\"https:\/\/mountainguides.pro\/de\/tours\/trekking\/annapurna-ring\/\" \/>\n<meta property=\"og:site_name\" content=\"Mountain Guide\" \/>\n<meta property=\"article:publisher\" content=\"https:\/\/www.facebook.com\/Mountainguide-232956566756831\/\" \/>\n<meta property=\"article:modified_time\" content=\"2026-02-03T14:08:54+00:00\" \/>\n<meta property=\"og:image\" content=\"https:\/\/mountainguides.pro\/wp-content\/uploads\/2023\/05\/\u0422\u0440\u0435\u043a-\u041a\u043e\u043b\u044c\u0446\u043e-\u0410\u043d\u043d\u0430\u043f\u0443\u0440\u043d\u044b-2.jpg\" \/>\n\t<meta property=\"og:image:width\" content=\"1800\" \/>\n\t<meta property=\"og:image:height\" content=\"1350\" \/>\n\t<meta property=\"og:image:type\" content=\"image\/jpeg\" \/>\n<meta name=\"twitter:card\" content=\"summary_large_image\" \/>\n<meta name=\"twitter:site\" content=\"@Wintercyclone\" \/>\n<meta name=\"twitter:label1\" content=\"Gesch\u00e4tzte Lesezeit\" \/>\n\t<meta name=\"twitter:data1\" content=\"2\u00a0Minuten\" \/>\n<script type=\"application\/ld+json\" class=\"yoast-schema-graph\">{\"@context\":\"https:\\\/\\\/schema.org\",\"@graph\":[{\"@type\":\"WebPage\",\"@id\":\"https:\\\/\\\/mountainguides.pro\\\/ar\\\/tours\\\/trekking\\\/annapurna-ring\\\/\",\"url\":\"https:\\\/\\\/mountainguides.pro\\\/ar\\\/tours\\\/trekking\\\/annapurna-ring\\\/\",\"name\":\"Trekking Annapurna circuit\",\"isPartOf\":{\"@id\":\"https:\\\/\\\/mountainguides.pro\\\/#website\"},\"primaryImageOfPage\":{\"@id\":\"https:\\\/\\\/mountainguides.pro\\\/ar\\\/tours\\\/trekking\\\/annapurna-ring\\\/#primaryimage\"},\"image\":{\"@id\":\"https:\\\/\\\/mountainguides.pro\\\/ar\\\/tours\\\/trekking\\\/annapurna-ring\\\/#primaryimage\"},\"thumbnailUrl\":\"https:\\\/\\\/mountainguides.pro\\\/wp-content\\\/uploads\\\/2023\\\/05\\\/\u0422\u0440\u0435\u043a-\u041a\u043e\u043b\u044c\u0446\u043e-\u0410\u043d\u043d\u0430\u043f\u0443\u0440\u043d\u044b-2.jpg\",\"datePublished\":\"2023-05-16T14:41:10+00:00\",\"dateModified\":\"2026-02-03T14:08:54+00:00\",\"breadcrumb\":{\"@id\":\"https:\\\/\\\/mountainguides.pro\\\/ar\\\/tours\\\/trekking\\\/annapurna-ring\\\/#breadcrumb\"},\"inLanguage\":\"de\",\"potentialAction\":[{\"@type\":\"ReadAction\",\"target\":[\"https:\\\/\\\/mountainguides.pro\\\/ar\\\/tours\\\/trekking\\\/annapurna-ring\\\/\"]}]},{\"@type\":\"ImageObject\",\"inLanguage\":\"de\",\"@id\":\"https:\\\/\\\/mountainguides.pro\\\/ar\\\/tours\\\/trekking\\\/annapurna-ring\\\/#primaryimage\",\"url\":\"https:\\\/\\\/mountainguides.pro\\\/wp-content\\\/uploads\\\/2023\\\/05\\\/\u0422\u0440\u0435\u043a-\u041a\u043e\u043b\u044c\u0446\u043e-\u0410\u043d\u043d\u0430\u043f\u0443\u0440\u043d\u044b-2.jpg\",\"contentUrl\":\"https:\\\/\\\/mountainguides.pro\\\/wp-content\\\/uploads\\\/2023\\\/05\\\/\u0422\u0440\u0435\u043a-\u041a\u043e\u043b\u044c\u0446\u043e-\u0410\u043d\u043d\u0430\u043f\u0443\u0440\u043d\u044b-2.jpg\",\"width\":1800,\"height\":1350},{\"@type\":\"BreadcrumbList\",\"@id\":\"https:\\\/\\\/mountainguides.pro\\\/ar\\\/tours\\\/trekking\\\/annapurna-ring\\\/#breadcrumb\",\"itemListElement\":[{\"@type\":\"ListItem\",\"position\":1,\"name\":\"Home\",\"item\":\"https:\\\/\\\/mountainguides.pro\\\/de\\\/\"},{\"@type\":\"ListItem\",\"position\":2,\"name\":\"\u0623\u0646\u0627\u0628\u0648\u0631\u0646\u0627 \u062d\u0644\u0642\u0629 \u0627\u0644\u0631\u062d\u0644\u0627\u062a + \u0628\u062d\u064a\u0631\u0629 \u062a\u064a\u0644\u064a\u0634\u0648\"}]},{\"@type\":\"WebSite\",\"@id\":\"https:\\\/\\\/mountainguides.pro\\\/#website\",\"url\":\"https:\\\/\\\/mountainguides.pro\\\/\",\"name\":\"Mountain Guide\",\"description\":\"We aspire to be the first in everything!\",\"publisher\":{\"@id\":\"https:\\\/\\\/mountainguides.pro\\\/#organization\"},\"potentialAction\":[{\"@type\":\"SearchAction\",\"target\":{\"@type\":\"EntryPoint\",\"urlTemplate\":\"https:\\\/\\\/mountainguides.pro\\\/?s={search_term_string}\"},\"query-input\":{\"@type\":\"PropertyValueSpecification\",\"valueRequired\":true,\"valueName\":\"search_term_string\"}}],\"inLanguage\":\"de\"},{\"@type\":\"Organization\",\"@id\":\"https:\\\/\\\/mountainguides.pro\\\/#organization\",\"name\":\"Mountain Guide\",\"url\":\"https:\\\/\\\/mountainguides.pro\\\/\",\"logo\":{\"@type\":\"ImageObject\",\"inLanguage\":\"de\",\"@id\":\"https:\\\/\\\/mountainguides.pro\\\/#\\\/schema\\\/logo\\\/image\\\/\",\"url\":\"https:\\\/\\\/mountainguides.pro\\\/wp-content\\\/uploads\\\/2018\\\/01\\\/mglogo.jpg\",\"contentUrl\":\"https:\\\/\\\/mountainguides.pro\\\/wp-content\\\/uploads\\\/2018\\\/01\\\/mglogo.jpg\",\"width\":1200,\"height\":630,\"caption\":\"Mountain Guide\"},\"image\":{\"@id\":\"https:\\\/\\\/mountainguides.pro\\\/#\\\/schema\\\/logo\\\/image\\\/\"},\"sameAs\":[\"https:\\\/\\\/www.facebook.com\\\/Mountainguide-232956566756831\\\/\",\"https:\\\/\\\/x.com\\\/Wintercyclone\",\"http:\\\/\\\/instagram.com\\\/mountainguide\",\"http:\\\/\\\/www.youtube.com\\\/mountainguide\"]}]}<\/script>\n<!-- \/ Yoast SEO Premium plugin. -->","yoast_head_json":{"title":"Trekking Annapurna circuit","robots":{"index":"index","follow":"follow","max-snippet":"max-snippet:-1","max-image-preview":"max-image-preview:large","max-video-preview":"max-video-preview:-1"},"canonical":"https:\/\/mountainguides.pro\/de\/tours\/trekking\/annapurna-ring\/","og_locale":"de_DE","og_type":"article","og_title":"[:en]Annapurna circuit[:de]Trekking-Ring von Annapurna + Tilicho-See[:es]Anillo de trekking Annapurna + lago Tilicho[:pt]Anel de trekking Annapurna + lago Tilicho[:zh]\u5b89\u7eb3\u666e\u5c14\u7eb3\u73af\u5f92\u6b65\u65c5\u884c+\u8482\u5229\u4e54\u6e56[:ko]\uc548\ub098\ud478\ub974\ub098 \ub9c1 \ud2b8\ub808\ud0b9+\ud2f8\ub9ac\ucd08 \ud638\uc218[:ja]\u30a2\u30f3\u30ca\u30d7\u30eb\u30ca\u30ea\u30f3\u30b0\u30c8\u30ec\u30c3\u30ad\u30f3\u30b0+\u30c6\u30a3\u30ea\u30c1\u30e7\u6e56[:hi]\u0905\u0928\u094d\u0928\u092a\u0942\u0930\u094d\u0923\u093e \u0930\u093f\u0902\u0917 \u091f\u094d\u0930\u0947\u0915\u093f\u0902\u0917 + \u0924\u093f\u0932\u093f\u091a\u094b \u091d\u0940\u0932[:ar]\u0623\u0646\u0627\u0628\u0648\u0631\u0646\u0627 \u062d\u0644\u0642\u0629 \u0627\u0644\u0631\u062d\u0644\u0627\u062a + \u0628\u062d\u064a\u0631\u0629 \u062a\u064a\u0644\u064a\u0634\u0648[:]","og_description":"Blicke auf Annapurna II, Annapurna III, Annapurna IV, Gangapurna, Tilicho Peak und Machapuchare \u2013 Aussichten, die den Atem raubenEine Apfelfarm auf 3500 Metern H\u00f6he mit k\u00f6stlichem Calvados, der Sie am Abend nach dem Trekking w\u00e4rmtDer tiefblaue Spiegel des Tilicho-Sees mit dem gleichnamigen Gipfel, dessen Basis in die Tiefe des Wassers abf\u00e4lltDer Thorong-La-Pass, der nur 200 Meter niedriger ist als der ElbrusDies ist eine der leichtesten Routen in Nepal \u2013 hier besteht die M\u00f6glichkeit, den Weg auf einem Pferd zu verk\u00fcrzenSie werden vom unerwarteten Komfort \u00fcberrascht sein: fantastische Lodges w\u00e4hrend des Treks und ein gro\u00dfartiges Hotel mit beheizten Bettlaken am Ende des Trekkings (glauben Sie uns, Sie werden begeistert sein!)Der R\u00fcckflug von Pokhara nach Kathmandu statt einer erm\u00fcdenden Fahrt auf einer holprigen Stra\u00dfe **Im Gegensatz zu anderen Unternehmen ist der Inlandsflug bereits inklusive. ***Bitte beachten Sie, dass unser Unternehmen nicht im Bereich des Kaufs und Verkaufs von Flugtickets oder der Visabeschaffung t\u00e4tig ist und daher keine Verantwortung f\u00fcr h\u00f6here Gewalt im Zusammenhang mit Fl\u00fcgen und Grenzformalit\u00e4ten \u00fcbernimmt. Wichtige Informationen: Die Check-in- und Check-out-Zeiten sind vom Hotel festgelegt: Check-in ab 15:00 Uhr, Check-out bis 11\u201312 Uhr. Das Gep\u00e4ck kann an der Rezeption hinterlegt werden, um die Stadt zu erkunden, oder \u2013 je nach technischer M\u00f6glichkeit \u2013 kann ein fr\u00fcher Check-in\/ sp\u00e4ter Check-out gegen Aufpreis arrangiert werden.In Nepal gibt es Schwierigkeiten beim Umtausch kleiner, abgenutzter und alter (vor 2009 ausgegebener) US-Dollar-Scheine. Bitte ber\u00fccksichtigen Sie dies \u2013 manchmal bedeutet es eine zus\u00e4tzliche Geb\u00fchr, manchmal eine Ablehnung des Umtauschs","og_url":"https:\/\/mountainguides.pro\/de\/tours\/trekking\/annapurna-ring\/","og_site_name":"Mountain Guide","article_publisher":"https:\/\/www.facebook.com\/Mountainguide-232956566756831\/","article_modified_time":"2026-02-03T14:08:54+00:00","og_image":[{"width":1800,"height":1350,"url":"https:\/\/mountainguides.pro\/wp-content\/uploads\/2023\/05\/\u0422\u0440\u0435\u043a-\u041a\u043e\u043b\u044c\u0446\u043e-\u0410\u043d\u043d\u0430\u043f\u0443\u0440\u043d\u044b-2.jpg","type":"image\/jpeg"}],"twitter_card":"summary_large_image","twitter_site":"@Wintercyclone","twitter_misc":{"Gesch\u00e4tzte Lesezeit":"2\u00a0Minuten"},"schema":{"@context":"https:\/\/schema.org","@graph":[{"@type":"WebPage","@id":"https:\/\/mountainguides.pro\/ar\/tours\/trekking\/annapurna-ring\/","url":"https:\/\/mountainguides.pro\/ar\/tours\/trekking\/annapurna-ring\/","name":"Trekking Annapurna circuit","isPartOf":{"@id":"https:\/\/mountainguides.pro\/#website"},"primaryImageOfPage":{"@id":"https:\/\/mountainguides.pro\/ar\/tours\/trekking\/annapurna-ring\/#primaryimage"},"image":{"@id":"https:\/\/mountainguides.pro\/ar\/tours\/trekking\/annapurna-ring\/#primaryimage"},"thumbnailUrl":"https:\/\/mountainguides.pro\/wp-content\/uploads\/2023\/05\/\u0422\u0440\u0435\u043a-\u041a\u043e\u043b\u044c\u0446\u043e-\u0410\u043d\u043d\u0430\u043f\u0443\u0440\u043d\u044b-2.jpg","datePublished":"2023-05-16T14:41:10+00:00","dateModified":"2026-02-03T14:08:54+00:00","breadcrumb":{"@id":"https:\/\/mountainguides.pro\/ar\/tours\/trekking\/annapurna-ring\/#breadcrumb"},"inLanguage":"de","potentialAction":[{"@type":"ReadAction","target":["https:\/\/mountainguides.pro\/ar\/tours\/trekking\/annapurna-ring\/"]}]},{"@type":"ImageObject","inLanguage":"de","@id":"https:\/\/mountainguides.pro\/ar\/tours\/trekking\/annapurna-ring\/#primaryimage","url":"https:\/\/mountainguides.pro\/wp-content\/uploads\/2023\/05\/\u0422\u0440\u0435\u043a-\u041a\u043e\u043b\u044c\u0446\u043e-\u0410\u043d\u043d\u0430\u043f\u0443\u0440\u043d\u044b-2.jpg","contentUrl":"https:\/\/mountainguides.pro\/wp-content\/uploads\/2023\/05\/\u0422\u0440\u0435\u043a-\u041a\u043e\u043b\u044c\u0446\u043e-\u0410\u043d\u043d\u0430\u043f\u0443\u0440\u043d\u044b-2.jpg","width":1800,"height":1350},{"@type":"BreadcrumbList","@id":"https:\/\/mountainguides.pro\/ar\/tours\/trekking\/annapurna-ring\/#breadcrumb","itemListElement":[{"@type":"ListItem","position":1,"name":"Home","item":"https:\/\/mountainguides.pro\/de\/"},{"@type":"ListItem","position":2,"name":"\u0623\u0646\u0627\u0628\u0648\u0631\u0646\u0627 \u062d\u0644\u0642\u0629 \u0627\u0644\u0631\u062d\u0644\u0627\u062a + \u0628\u062d\u064a\u0631\u0629 \u062a\u064a\u0644\u064a\u0634\u0648"}]},{"@type":"WebSite","@id":"https:\/\/mountainguides.pro\/#website","url":"https:\/\/mountainguides.pro\/","name":"Mountain Guide","description":"We aspire to be the first in everything!","publisher":{"@id":"https:\/\/mountainguides.pro\/#organization"},"potentialAction":[{"@type":"SearchAction","target":{"@type":"EntryPoint","urlTemplate":"https:\/\/mountainguides.pro\/?s={search_term_string}"},"query-input":{"@type":"PropertyValueSpecification","valueRequired":true,"valueName":"search_term_string"}}],"inLanguage":"de"},{"@type":"Organization","@id":"https:\/\/mountainguides.pro\/#organization","name":"Mountain Guide","url":"https:\/\/mountainguides.pro\/","logo":{"@type":"ImageObject","inLanguage":"de","@id":"https:\/\/mountainguides.pro\/#\/schema\/logo\/image\/","url":"https:\/\/mountainguides.pro\/wp-content\/uploads\/2018\/01\/mglogo.jpg","contentUrl":"https:\/\/mountainguides.pro\/wp-content\/uploads\/2018\/01\/mglogo.jpg","width":1200,"height":630,"caption":"Mountain Guide"},"image":{"@id":"https:\/\/mountainguides.pro\/#\/schema\/logo\/image\/"},"sameAs":["https:\/\/www.facebook.com\/Mountainguide-232956566756831\/","https:\/\/x.com\/Wintercyclone","http:\/\/instagram.com\/mountainguide","http:\/\/www.youtube.com\/mountainguide"]}]}},"_links":{"self":[{"href":"https:\/\/mountainguides.pro\/de\/wp-json\/wp\/v2\/product\/18788","targetHints":{"allow":["GET"]}}],"collection":[{"href":"https:\/\/mountainguides.pro\/de\/wp-json\/wp\/v2\/product"}],"about":[{"href":"https:\/\/mountainguides.pro\/de\/wp-json\/wp\/v2\/types\/product"}],"replies":[{"embeddable":true,"href":"https:\/\/mountainguides.pro\/de\/wp-json\/wp\/v2\/comments?post=18788"}],"version-history":[{"count":27,"href":"https:\/\/mountainguides.pro\/de\/wp-json\/wp\/v2\/product\/18788\/revisions"}],"predecessor-version":[{"id":32712,"href":"https:\/\/mountainguides.pro\/de\/wp-json\/wp\/v2\/product\/18788\/revisions\/32712"}],"wp:featuredmedia":[{"embeddable":true,"href":"https:\/\/mountainguides.pro\/de\/wp-json\/wp\/v2\/media\/18799"}],"wp:attachment":[{"href":"https:\/\/mountainguides.pro\/de\/wp-json\/wp\/v2\/media?parent=18788"}],"wp:term":[{"taxonomy":"product_cat","embeddable":true,"href":"https:\/\/mountainguides.pro\/de\/wp-json\/wp\/v2\/product_cat?post=18788"},{"taxonomy":"product_tag","embeddable":true,"href":"https:\/\/mountainguides.pro\/de\/wp-json\/wp\/v2\/product_tag?post=18788"}],"curies":[{"name":"wp","href":"https:\/\/api.w.org\/{rel}","templated":true}]}}