{"id":19397,"date":"2023-07-28T22:19:50","date_gmt":"2023-07-28T19:19:50","guid":{"rendered":"https:\/\/mountainguides.pro\/?post_type=product&#038;p=19397"},"modified":"2026-02-03T16:14:30","modified_gmt":"2026-02-03T13:14:30","slug":"patagonia-the-edge-of-the-world","status":"publish","type":"product","link":"https:\/\/mountainguides.pro\/de\/tours\/trekking\/patagonia-the-edge-of-the-world\/","title":{"rendered":"Tour nach Patagonien: Am Rande der Erde"},"content":{"rendered":"","protected":false},"excerpt":{"rendered":"<p data-start=\"78\" data-end=\"653\">Der bekannteste Nationalpark S\u00fcdamerikas \u2013 <strong data-start=\"121\" data-end=\"141\">Torres del Paine<\/strong><br data-start=\"141\" data-end=\"144\" \/><strong data-start=\"144\" data-end=\"154\">W-Trek<\/strong> \u2013 der ber\u00fchmteste Trek in Patagonien und ganz S\u00fcdamerika<br data-start=\"211\" data-end=\"214\" \/><strong data-start=\"214\" data-end=\"224\">O-Trek<\/strong> \u2013 die vollst\u00e4ndige Umrundung der Region Torres del Paine in Patagonien; den O-Trek bietet in Russland sonst niemand an!<br data-start=\"344\" data-end=\"347\" \/>Kreuzfahrt und Spaziergang auf der Insel <strong data-start=\"388\" data-end=\"400\">Martillo<\/strong>, wo die gr\u00f6\u00dften Kolonien von Magellan- und Papua-Pinguinen leben<br data-start=\"465\" data-end=\"468\" \/>Das wahre Ende der Welt \u2013 die Stadt <strong data-start=\"504\" data-end=\"515\">Ushuaia<\/strong> auf einer der Inseln des Feuerland-Archipels<br data-start=\"560\" data-end=\"563\" \/>Der <strong data-start=\"567\" data-end=\"594\">Perito-Moreno-Gletscher<\/strong>, der den drittgr\u00f6\u00dften Vorrat an S\u00fc\u00dfwasser der Erde enth\u00e4lt<\/p>\n<p data-start=\"655\" data-end=\"738\"><strong data-start=\"655\" data-end=\"738\">Der Reisepreis ist in US-Dollar festgelegt, der Rubel-Gegenwert kann variieren.<\/strong><\/p>\n<p data-start=\"740\" data-end=\"894\"><strong data-start=\"740\" data-end=\"750\">3569 $<\/strong> bei 4 Teilnehmern<br data-start=\"768\" data-end=\"771\" \/><strong data-start=\"771\" data-end=\"781\">3314 $<\/strong> bei 5 Teilnehmern<br data-start=\"799\" data-end=\"802\" \/><strong data-start=\"802\" data-end=\"812\">3144 $<\/strong> bei 6 Teilnehmern<br data-start=\"830\" data-end=\"833\" \/><strong data-start=\"833\" data-end=\"843\">3023 $<\/strong> bei 7 Teilnehmern<br data-start=\"861\" data-end=\"864\" data-is-only-node=\"\" \/><strong data-start=\"864\" data-end=\"874\">2932 $<\/strong> bei 8 Teilnehmern<\/p>\n<p data-start=\"896\" data-end=\"1228\">*Bitte beachten Sie, dass unser Unternehmen nicht im Bereich des Kaufs oder Verkaufs von Flugtickets und der Ausstellung von Visa-Genehmigungen t\u00e4tig ist und daher keine Verantwortung im Falle h\u00f6herer Gewalt im Zusammenhang mit Fl\u00fcgen oder Grenz\u00fcbertritten \u00fcbernimmt. Wir helfen Ihnen jedoch gerne bei der Auswahl geeigneter Fl\u00fcge!<\/p>\n","protected":false},"featured_media":21449,"comment_status":"closed","ping_status":"closed","template":"","meta":{"_acf_changed":false,"footnotes":""},"product_cat":[321],"product_tag":[],"class_list":{"0":"post-19397","1":"product","2":"type-product","3":"status-publish","4":"has-post-thumbnail","6":"product_cat-trekking","8":"first","9":"instock","10":"shipping-taxable","11":"purchasable","12":"product-type-simple"},"acf":[],"yoast_head":"<!-- This site is optimized with the Yoast SEO Premium plugin v26.5 (Yoast SEO v27.3) - https:\/\/yoast.com\/product\/yoast-seo-premium-wordpress\/ -->\n<title>Trekking Patagonia<\/title>\n<meta name=\"robots\" content=\"index, follow, max-snippet:-1, max-image-preview:large, max-video-preview:-1\" \/>\n<link rel=\"canonical\" href=\"https:\/\/mountainguides.pro\/de\/tours\/trekking\/patagonia-the-edge-of-the-world\/\" \/>\n<meta property=\"og:locale\" content=\"de_DE\" \/>\n<meta property=\"og:locale:alternate\" content=\"en_US\" \/>\n<meta property=\"og:locale:alternate\" content=\"ru_RU\" \/>\n<meta property=\"og:locale:alternate\" content=\"es\" \/>\n<meta property=\"og:locale:alternate\" content=\"pt\" \/>\n<meta property=\"og:locale:alternate\" content=\"zh\" \/>\n<meta property=\"og:locale:alternate\" content=\"ko\" \/>\n<meta property=\"og:locale:alternate\" content=\"ja\" \/>\n<meta property=\"og:locale:alternate\" content=\"hi\" \/>\n<meta property=\"og:locale:alternate\" content=\"ar\" \/>\n<meta property=\"og:type\" content=\"article\" \/>\n<meta property=\"og:title\" content=\"Tour nach Patagonien: Am Rande der Erde\" \/>\n<meta property=\"og:description\" content=\"Der bekannteste Nationalpark S\u00fcdamerikas \u2013 Torres del PaineW-Trek \u2013 der ber\u00fchmteste Trek in Patagonien und ganz S\u00fcdamerikaO-Trek \u2013 die vollst\u00e4ndige Umrundung der Region Torres del Paine in Patagonien; den O-Trek bietet in Russland sonst niemand an!Kreuzfahrt und Spaziergang auf der Insel Martillo, wo die gr\u00f6\u00dften Kolonien von Magellan- und Papua-Pinguinen lebenDas wahre Ende der Welt \u2013 die Stadt Ushuaia auf einer der Inseln des Feuerland-ArchipelsDer Perito-Moreno-Gletscher, der den drittgr\u00f6\u00dften Vorrat an S\u00fc\u00dfwasser der Erde enth\u00e4lt Der Reisepreis ist in US-Dollar festgelegt, der Rubel-Gegenwert kann variieren. 3569 $ bei 4 Teilnehmern3314 $ bei 5 Teilnehmern3144 $ bei 6 Teilnehmern3023 $ bei 7 Teilnehmern2932 $ bei 8 Teilnehmern *Bitte beachten Sie, dass unser Unternehmen nicht im Bereich des Kaufs oder Verkaufs von Flugtickets und der Ausstellung von Visa-Genehmigungen t\u00e4tig ist und daher keine Verantwortung im Falle h\u00f6herer Gewalt im Zusammenhang mit Fl\u00fcgen oder Grenz\u00fcbertritten \u00fcbernimmt. Wir helfen Ihnen jedoch gerne bei der Auswahl geeigneter Fl\u00fcge!\" \/>\n<meta property=\"og:url\" content=\"https:\/\/mountainguides.pro\/de\/tours\/trekking\/patagonia-the-edge-of-the-world\/\" \/>\n<meta property=\"og:site_name\" content=\"Mountain Guide\" \/>\n<meta property=\"article:publisher\" content=\"https:\/\/www.facebook.com\/Mountainguide-232956566756831\/\" \/>\n<meta property=\"article:modified_time\" content=\"2026-02-03T13:14:30+00:00\" \/>\n<meta property=\"og:image\" content=\"https:\/\/mountainguides.pro\/wp-content\/uploads\/2023\/07\/patagoniya-tur-31.jpg\" \/>\n\t<meta property=\"og:image:width\" content=\"1600\" \/>\n\t<meta property=\"og:image:height\" content=\"1200\" \/>\n\t<meta property=\"og:image:type\" content=\"image\/jpeg\" \/>\n<meta name=\"twitter:card\" content=\"summary_large_image\" \/>\n<meta name=\"twitter:site\" content=\"@Wintercyclone\" \/>\n<meta name=\"twitter:label1\" content=\"Gesch\u00e4tzte Lesezeit\" \/>\n\t<meta name=\"twitter:data1\" content=\"1\u00a0Minute\" \/>\n<script type=\"application\/ld+json\" class=\"yoast-schema-graph\">{\"@context\":\"https:\\\/\\\/schema.org\",\"@graph\":[{\"@type\":\"WebPage\",\"@id\":\"https:\\\/\\\/mountainguides.pro\\\/ar\\\/tours\\\/trekking\\\/patagonia-the-edge-of-the-world\\\/\",\"url\":\"https:\\\/\\\/mountainguides.pro\\\/ar\\\/tours\\\/trekking\\\/patagonia-the-edge-of-the-world\\\/\",\"name\":\"Trekking Patagonia\",\"isPartOf\":{\"@id\":\"https:\\\/\\\/mountainguides.pro\\\/#website\"},\"primaryImageOfPage\":{\"@id\":\"https:\\\/\\\/mountainguides.pro\\\/ar\\\/tours\\\/trekking\\\/patagonia-the-edge-of-the-world\\\/#primaryimage\"},\"image\":{\"@id\":\"https:\\\/\\\/mountainguides.pro\\\/ar\\\/tours\\\/trekking\\\/patagonia-the-edge-of-the-world\\\/#primaryimage\"},\"thumbnailUrl\":\"https:\\\/\\\/mountainguides.pro\\\/wp-content\\\/uploads\\\/2023\\\/07\\\/patagoniya-tur-31.jpg\",\"datePublished\":\"2023-07-28T19:19:50+00:00\",\"dateModified\":\"2026-02-03T13:14:30+00:00\",\"breadcrumb\":{\"@id\":\"https:\\\/\\\/mountainguides.pro\\\/ar\\\/tours\\\/trekking\\\/patagonia-the-edge-of-the-world\\\/#breadcrumb\"},\"inLanguage\":\"de\",\"potentialAction\":[{\"@type\":\"ReadAction\",\"target\":[\"https:\\\/\\\/mountainguides.pro\\\/ar\\\/tours\\\/trekking\\\/patagonia-the-edge-of-the-world\\\/\"]}]},{\"@type\":\"ImageObject\",\"inLanguage\":\"de\",\"@id\":\"https:\\\/\\\/mountainguides.pro\\\/ar\\\/tours\\\/trekking\\\/patagonia-the-edge-of-the-world\\\/#primaryimage\",\"url\":\"https:\\\/\\\/mountainguides.pro\\\/wp-content\\\/uploads\\\/2023\\\/07\\\/patagoniya-tur-31.jpg\",\"contentUrl\":\"https:\\\/\\\/mountainguides.pro\\\/wp-content\\\/uploads\\\/2023\\\/07\\\/patagoniya-tur-31.jpg\",\"width\":1600,\"height\":1200},{\"@type\":\"BreadcrumbList\",\"@id\":\"https:\\\/\\\/mountainguides.pro\\\/ar\\\/tours\\\/trekking\\\/patagonia-the-edge-of-the-world\\\/#breadcrumb\",\"itemListElement\":[{\"@type\":\"ListItem\",\"position\":1,\"name\":\"Home\",\"item\":\"https:\\\/\\\/mountainguides.pro\\\/de\\\/\"},{\"@type\":\"ListItem\",\"position\":2,\"name\":\"\u062c\u0648\u0644\u0629 \u0628\u0627\u062a\u0627\u063a\u0648\u0646\u064a\u0627: \u0639\u0644\u0649 \u062d\u0627\u0641\u0629 \u0627\u0644\u0623\u0631\u0636\"}]},{\"@type\":\"WebSite\",\"@id\":\"https:\\\/\\\/mountainguides.pro\\\/#website\",\"url\":\"https:\\\/\\\/mountainguides.pro\\\/\",\"name\":\"Mountain Guide\",\"description\":\"We aspire to be the first in everything!\",\"publisher\":{\"@id\":\"https:\\\/\\\/mountainguides.pro\\\/#organization\"},\"potentialAction\":[{\"@type\":\"SearchAction\",\"target\":{\"@type\":\"EntryPoint\",\"urlTemplate\":\"https:\\\/\\\/mountainguides.pro\\\/?s={search_term_string}\"},\"query-input\":{\"@type\":\"PropertyValueSpecification\",\"valueRequired\":true,\"valueName\":\"search_term_string\"}}],\"inLanguage\":\"de\"},{\"@type\":\"Organization\",\"@id\":\"https:\\\/\\\/mountainguides.pro\\\/#organization\",\"name\":\"Mountain Guide\",\"url\":\"https:\\\/\\\/mountainguides.pro\\\/\",\"logo\":{\"@type\":\"ImageObject\",\"inLanguage\":\"de\",\"@id\":\"https:\\\/\\\/mountainguides.pro\\\/#\\\/schema\\\/logo\\\/image\\\/\",\"url\":\"https:\\\/\\\/mountainguides.pro\\\/wp-content\\\/uploads\\\/2018\\\/01\\\/mglogo.jpg\",\"contentUrl\":\"https:\\\/\\\/mountainguides.pro\\\/wp-content\\\/uploads\\\/2018\\\/01\\\/mglogo.jpg\",\"width\":1200,\"height\":630,\"caption\":\"Mountain Guide\"},\"image\":{\"@id\":\"https:\\\/\\\/mountainguides.pro\\\/#\\\/schema\\\/logo\\\/image\\\/\"},\"sameAs\":[\"https:\\\/\\\/www.facebook.com\\\/Mountainguide-232956566756831\\\/\",\"https:\\\/\\\/x.com\\\/Wintercyclone\",\"http:\\\/\\\/instagram.com\\\/mountainguide\",\"http:\\\/\\\/www.youtube.com\\\/mountainguide\"]}]}<\/script>\n<!-- \/ Yoast SEO Premium plugin. -->","yoast_head_json":{"title":"Trekking Patagonia","robots":{"index":"index","follow":"follow","max-snippet":"max-snippet:-1","max-image-preview":"max-image-preview:large","max-video-preview":"max-video-preview:-1"},"canonical":"https:\/\/mountainguides.pro\/de\/tours\/trekking\/patagonia-the-edge-of-the-world\/","og_locale":"de_DE","og_type":"article","og_title":"[:en]Patagonia: the edge of the world[:de]Tour nach Patagonien: Am Rande der Erde[:es]Tour a la Patagonia: al fin de la Tierra[:pt]Excurs\u00e3o \u00e0 Patag\u00f4nia: no fim do mundo[:zh]\u5df4\u5854\u54e5\u5c3c\u4e9a\u4e4b\u65c5\uff1a\u5730\u7403\u7684\u5c3d\u5934[:ko]\ud30c\ud0c0\uace0\ub2c8\uc544 \ud22c\uc5b4:\uc9c0\uad6c \uac00\uc7a5\uc790\ub9ac[:ja]\u30d1\u30bf\u30b4\u30cb\u30a2\u30c4\u30a2\u30fc\uff1a\u5730\u7403\u306e\u7aef\u3067[:hi]\u092a\u0947\u091f\u093e\u0917\u094b\u0928\u093f\u092f\u093e \u091f\u0942\u0930: \u092a\u0943\u0925\u094d\u0935\u0940 \u0915\u0947 \u0915\u093f\u0928\u093e\u0930\u0947 \u092a\u0930[:ar]\u062c\u0648\u0644\u0629 \u0628\u0627\u062a\u0627\u063a\u0648\u0646\u064a\u0627: \u0639\u0644\u0649 \u062d\u0627\u0641\u0629 \u0627\u0644\u0623\u0631\u0636[:]","og_description":"Der bekannteste Nationalpark S\u00fcdamerikas \u2013 Torres del PaineW-Trek \u2013 der ber\u00fchmteste Trek in Patagonien und ganz S\u00fcdamerikaO-Trek \u2013 die vollst\u00e4ndige Umrundung der Region Torres del Paine in Patagonien; den O-Trek bietet in Russland sonst niemand an!Kreuzfahrt und Spaziergang auf der Insel Martillo, wo die gr\u00f6\u00dften Kolonien von Magellan- und Papua-Pinguinen lebenDas wahre Ende der Welt \u2013 die Stadt Ushuaia auf einer der Inseln des Feuerland-ArchipelsDer Perito-Moreno-Gletscher, der den drittgr\u00f6\u00dften Vorrat an S\u00fc\u00dfwasser der Erde enth\u00e4lt Der Reisepreis ist in US-Dollar festgelegt, der Rubel-Gegenwert kann variieren. 3569 $ bei 4 Teilnehmern3314 $ bei 5 Teilnehmern3144 $ bei 6 Teilnehmern3023 $ bei 7 Teilnehmern2932 $ bei 8 Teilnehmern *Bitte beachten Sie, dass unser Unternehmen nicht im Bereich des Kaufs oder Verkaufs von Flugtickets und der Ausstellung von Visa-Genehmigungen t\u00e4tig ist und daher keine Verantwortung im Falle h\u00f6herer Gewalt im Zusammenhang mit Fl\u00fcgen oder Grenz\u00fcbertritten \u00fcbernimmt. Wir helfen Ihnen jedoch gerne bei der Auswahl geeigneter Fl\u00fcge!","og_url":"https:\/\/mountainguides.pro\/de\/tours\/trekking\/patagonia-the-edge-of-the-world\/","og_site_name":"Mountain Guide","article_publisher":"https:\/\/www.facebook.com\/Mountainguide-232956566756831\/","article_modified_time":"2026-02-03T13:14:30+00:00","og_image":[{"width":1600,"height":1200,"url":"https:\/\/mountainguides.pro\/wp-content\/uploads\/2023\/07\/patagoniya-tur-31.jpg","type":"image\/jpeg"}],"twitter_card":"summary_large_image","twitter_site":"@Wintercyclone","twitter_misc":{"Gesch\u00e4tzte Lesezeit":"1\u00a0Minute"},"schema":{"@context":"https:\/\/schema.org","@graph":[{"@type":"WebPage","@id":"https:\/\/mountainguides.pro\/ar\/tours\/trekking\/patagonia-the-edge-of-the-world\/","url":"https:\/\/mountainguides.pro\/ar\/tours\/trekking\/patagonia-the-edge-of-the-world\/","name":"Trekking Patagonia","isPartOf":{"@id":"https:\/\/mountainguides.pro\/#website"},"primaryImageOfPage":{"@id":"https:\/\/mountainguides.pro\/ar\/tours\/trekking\/patagonia-the-edge-of-the-world\/#primaryimage"},"image":{"@id":"https:\/\/mountainguides.pro\/ar\/tours\/trekking\/patagonia-the-edge-of-the-world\/#primaryimage"},"thumbnailUrl":"https:\/\/mountainguides.pro\/wp-content\/uploads\/2023\/07\/patagoniya-tur-31.jpg","datePublished":"2023-07-28T19:19:50+00:00","dateModified":"2026-02-03T13:14:30+00:00","breadcrumb":{"@id":"https:\/\/mountainguides.pro\/ar\/tours\/trekking\/patagonia-the-edge-of-the-world\/#breadcrumb"},"inLanguage":"de","potentialAction":[{"@type":"ReadAction","target":["https:\/\/mountainguides.pro\/ar\/tours\/trekking\/patagonia-the-edge-of-the-world\/"]}]},{"@type":"ImageObject","inLanguage":"de","@id":"https:\/\/mountainguides.pro\/ar\/tours\/trekking\/patagonia-the-edge-of-the-world\/#primaryimage","url":"https:\/\/mountainguides.pro\/wp-content\/uploads\/2023\/07\/patagoniya-tur-31.jpg","contentUrl":"https:\/\/mountainguides.pro\/wp-content\/uploads\/2023\/07\/patagoniya-tur-31.jpg","width":1600,"height":1200},{"@type":"BreadcrumbList","@id":"https:\/\/mountainguides.pro\/ar\/tours\/trekking\/patagonia-the-edge-of-the-world\/#breadcrumb","itemListElement":[{"@type":"ListItem","position":1,"name":"Home","item":"https:\/\/mountainguides.pro\/de\/"},{"@type":"ListItem","position":2,"name":"\u062c\u0648\u0644\u0629 \u0628\u0627\u062a\u0627\u063a\u0648\u0646\u064a\u0627: \u0639\u0644\u0649 \u062d\u0627\u0641\u0629 \u0627\u0644\u0623\u0631\u0636"}]},{"@type":"WebSite","@id":"https:\/\/mountainguides.pro\/#website","url":"https:\/\/mountainguides.pro\/","name":"Mountain Guide","description":"We aspire to be the first in everything!","publisher":{"@id":"https:\/\/mountainguides.pro\/#organization"},"potentialAction":[{"@type":"SearchAction","target":{"@type":"EntryPoint","urlTemplate":"https:\/\/mountainguides.pro\/?s={search_term_string}"},"query-input":{"@type":"PropertyValueSpecification","valueRequired":true,"valueName":"search_term_string"}}],"inLanguage":"de"},{"@type":"Organization","@id":"https:\/\/mountainguides.pro\/#organization","name":"Mountain Guide","url":"https:\/\/mountainguides.pro\/","logo":{"@type":"ImageObject","inLanguage":"de","@id":"https:\/\/mountainguides.pro\/#\/schema\/logo\/image\/","url":"https:\/\/mountainguides.pro\/wp-content\/uploads\/2018\/01\/mglogo.jpg","contentUrl":"https:\/\/mountainguides.pro\/wp-content\/uploads\/2018\/01\/mglogo.jpg","width":1200,"height":630,"caption":"Mountain Guide"},"image":{"@id":"https:\/\/mountainguides.pro\/#\/schema\/logo\/image\/"},"sameAs":["https:\/\/www.facebook.com\/Mountainguide-232956566756831\/","https:\/\/x.com\/Wintercyclone","http:\/\/instagram.com\/mountainguide","http:\/\/www.youtube.com\/mountainguide"]}]}},"_links":{"self":[{"href":"https:\/\/mountainguides.pro\/de\/wp-json\/wp\/v2\/product\/19397","targetHints":{"allow":["GET"]}}],"collection":[{"href":"https:\/\/mountainguides.pro\/de\/wp-json\/wp\/v2\/product"}],"about":[{"href":"https:\/\/mountainguides.pro\/de\/wp-json\/wp\/v2\/types\/product"}],"replies":[{"embeddable":true,"href":"https:\/\/mountainguides.pro\/de\/wp-json\/wp\/v2\/comments?post=19397"}],"version-history":[{"count":12,"href":"https:\/\/mountainguides.pro\/de\/wp-json\/wp\/v2\/product\/19397\/revisions"}],"predecessor-version":[{"id":32709,"href":"https:\/\/mountainguides.pro\/de\/wp-json\/wp\/v2\/product\/19397\/revisions\/32709"}],"wp:featuredmedia":[{"embeddable":true,"href":"https:\/\/mountainguides.pro\/de\/wp-json\/wp\/v2\/media\/21449"}],"wp:attachment":[{"href":"https:\/\/mountainguides.pro\/de\/wp-json\/wp\/v2\/media?parent=19397"}],"wp:term":[{"taxonomy":"product_cat","embeddable":true,"href":"https:\/\/mountainguides.pro\/de\/wp-json\/wp\/v2\/product_cat?post=19397"},{"taxonomy":"product_tag","embeddable":true,"href":"https:\/\/mountainguides.pro\/de\/wp-json\/wp\/v2\/product_tag?post=19397"}],"curies":[{"name":"wp","href":"https:\/\/api.w.org\/{rel}","templated":true}]}}