{"id":19399,"date":"2023-07-28T22:21:27","date_gmt":"2023-07-28T19:21:27","guid":{"rendered":"https:\/\/mountainguides.pro\/?post_type=product&#038;p=19399"},"modified":"2026-02-03T13:35:04","modified_gmt":"2026-02-03T10:35:04","slug":"trekking-to-annapurna-bc","status":"publish","type":"product","link":"https:\/\/mountainguides.pro\/de\/tours\/trekking\/trekking-to-annapurna-bc\/","title":{"rendered":"Trekking zum Basislager von Annapurna"},"content":{"rendered":"","protected":false},"excerpt":{"rendered":"<p data-start=\"136\" data-end=\"972\">Wir bieten einen Flug nach Pokhara an \u2013 keine anstrengenden 9-st\u00fcndigen Busfahrten!<br data-start=\"219\" data-end=\"222\" \/>Wir sehen die Annapurna I (8091 Meter), den Berg mit der h\u00f6chsten Sterblichkeitsrate.<br data-start=\"307\" data-end=\"310\" \/>Wir lernen die Kultur der nepalesischen Teeh\u00e4user kennen.<br data-start=\"367\" data-end=\"370\" \/>Wir genie\u00dfen den Blick auf Machapuchare, den ber\u00fchmten Berg mit einer Spitze in Form einer Fischflosse.<br data-start=\"473\" data-end=\"476\" \/>Wir begr\u00fc\u00dfen den Sonnenaufgang mit Blick auf das gesamte Annapurna-Massiv vom Aussichtspunkt Poon Hill.<br data-start=\"579\" data-end=\"582\" \/>Wir baden in den hei\u00dfen Quellen von Jhinu.<br data-start=\"624\" data-end=\"627\" \/>Wir sehen, wie die Einheimischen wilde Bienen z\u00e4hmen, um halluzinogenen Honig zu sammeln.<br data-start=\"716\" data-end=\"719\" \/>Wir verbringen einen unvergesslichen romantischen Abend in Pokhara am Phewa-See.<br data-start=\"799\" data-end=\"802\" \/><br data-start=\"901\" data-end=\"904\" \/>Im Gegensatz zu anderen Anbietern ist der Inlandsflug inklusive.<\/p>\n<p data-start=\"974\" data-end=\"1001\">Wichtige Informationen:<\/p>\n<p data-start=\"1003\" data-end=\"1789\">Die Check-in- und Check-out-Zeiten sind durch das Hotel geregelt: Check-in ab 15 Uhr, Check-out bis 11\u201312 Uhr. Das Gep\u00e4ck kann an der Rezeption abgegeben werden, um einen Spaziergang durch die Stadt zu machen, oder \u2013 falls technisch m\u00f6glich \u2013 es kann gegen Aufpreis ein fr\u00fcher Check-in\/sp\u00e4ter Check-out organisiert werden.<br data-start=\"1325\" data-end=\"1328\" \/>In Nepal gibt es einige Schwierigkeiten beim Umtausch kleiner, abgenutzter und alter US-Dollar-Scheine (vor 2009). Manchmal f\u00e4llt eine zus\u00e4tzliche Geb\u00fchr an, manchmal wird der Umtausch verweigert.<br data-start=\"1524\" data-end=\"1527\" \/>Bitte beachten Sie, dass unser Unternehmen keine Dienstleistungen zum Kauf\/Verkauf von Flugtickets und zur Beschaffung von Visa anbietet und daher keine Verantwortung f\u00fcr eventuelle h\u00f6here Gewalt im Zusammenhang mit Fl\u00fcgen und Grenz\u00fcbertritten \u00fcbernimmt.<\/p>\n","protected":false},"featured_media":21448,"comment_status":"closed","ping_status":"closed","template":"","meta":{"_acf_changed":false,"footnotes":""},"product_cat":[321],"product_tag":[],"class_list":{"0":"post-19399","1":"product","2":"type-product","3":"status-publish","4":"has-post-thumbnail","6":"product_cat-trekking","8":"first","9":"instock","10":"shipping-taxable","11":"purchasable","12":"product-type-simple"},"acf":[],"yoast_head":"<!-- This site is optimized with the Yoast SEO Premium plugin v26.5 (Yoast SEO v27.3) - https:\/\/yoast.com\/product\/yoast-seo-premium-wordpress\/ -->\n<title>Trekking to Annapurna BC<\/title>\n<meta name=\"robots\" content=\"index, follow, max-snippet:-1, max-image-preview:large, max-video-preview:-1\" \/>\n<link rel=\"canonical\" href=\"https:\/\/mountainguides.pro\/de\/tours\/trekking\/trekking-to-annapurna-bc\/\" \/>\n<meta property=\"og:locale\" content=\"de_DE\" \/>\n<meta property=\"og:locale:alternate\" content=\"en_US\" \/>\n<meta property=\"og:locale:alternate\" content=\"ru_RU\" \/>\n<meta property=\"og:locale:alternate\" content=\"es\" \/>\n<meta property=\"og:locale:alternate\" content=\"pt\" \/>\n<meta property=\"og:locale:alternate\" content=\"zh\" \/>\n<meta property=\"og:locale:alternate\" content=\"ko\" \/>\n<meta property=\"og:locale:alternate\" content=\"ja\" \/>\n<meta property=\"og:locale:alternate\" content=\"hi\" \/>\n<meta property=\"og:locale:alternate\" content=\"ar\" \/>\n<meta property=\"og:type\" content=\"article\" \/>\n<meta property=\"og:title\" content=\"Trekking zum Basislager von Annapurna\" \/>\n<meta property=\"og:description\" content=\"Wir bieten einen Flug nach Pokhara an \u2013 keine anstrengenden 9-st\u00fcndigen Busfahrten!Wir sehen die Annapurna I (8091 Meter), den Berg mit der h\u00f6chsten Sterblichkeitsrate.Wir lernen die Kultur der nepalesischen Teeh\u00e4user kennen.Wir genie\u00dfen den Blick auf Machapuchare, den ber\u00fchmten Berg mit einer Spitze in Form einer Fischflosse.Wir begr\u00fc\u00dfen den Sonnenaufgang mit Blick auf das gesamte Annapurna-Massiv vom Aussichtspunkt Poon Hill.Wir baden in den hei\u00dfen Quellen von Jhinu.Wir sehen, wie die Einheimischen wilde Bienen z\u00e4hmen, um halluzinogenen Honig zu sammeln.Wir verbringen einen unvergesslichen romantischen Abend in Pokhara am Phewa-See.Im Gegensatz zu anderen Anbietern ist der Inlandsflug inklusive. Wichtige Informationen: Die Check-in- und Check-out-Zeiten sind durch das Hotel geregelt: Check-in ab 15 Uhr, Check-out bis 11\u201312 Uhr. Das Gep\u00e4ck kann an der Rezeption abgegeben werden, um einen Spaziergang durch die Stadt zu machen, oder \u2013 falls technisch m\u00f6glich \u2013 es kann gegen Aufpreis ein fr\u00fcher Check-in\/sp\u00e4ter Check-out organisiert werden.In Nepal gibt es einige Schwierigkeiten beim Umtausch kleiner, abgenutzter und alter US-Dollar-Scheine (vor 2009). Manchmal f\u00e4llt eine zus\u00e4tzliche Geb\u00fchr an, manchmal wird der Umtausch verweigert.Bitte beachten Sie, dass unser Unternehmen keine Dienstleistungen zum Kauf\/Verkauf von Flugtickets und zur Beschaffung von Visa anbietet und daher keine Verantwortung f\u00fcr eventuelle h\u00f6here Gewalt im Zusammenhang mit Fl\u00fcgen und Grenz\u00fcbertritten \u00fcbernimmt.\" \/>\n<meta property=\"og:url\" content=\"https:\/\/mountainguides.pro\/de\/tours\/trekking\/trekking-to-annapurna-bc\/\" \/>\n<meta property=\"og:site_name\" content=\"Mountain Guide\" \/>\n<meta property=\"article:publisher\" content=\"https:\/\/www.facebook.com\/Mountainguide-232956566756831\/\" \/>\n<meta property=\"article:modified_time\" content=\"2026-02-03T10:35:04+00:00\" \/>\n<meta property=\"og:image\" content=\"https:\/\/mountainguides.pro\/wp-content\/uploads\/2023\/07\/trekking-k-bazovomu-lageryu-annapurny-31.jpeg\" \/>\n\t<meta property=\"og:image:width\" content=\"1800\" \/>\n\t<meta property=\"og:image:height\" content=\"1350\" \/>\n\t<meta property=\"og:image:type\" content=\"image\/jpeg\" \/>\n<meta name=\"twitter:card\" content=\"summary_large_image\" \/>\n<meta name=\"twitter:site\" content=\"@Wintercyclone\" \/>\n<meta name=\"twitter:label1\" content=\"Gesch\u00e4tzte Lesezeit\" \/>\n\t<meta name=\"twitter:data1\" content=\"1\u00a0Minute\" \/>\n<script type=\"application\/ld+json\" class=\"yoast-schema-graph\">{\"@context\":\"https:\\\/\\\/schema.org\",\"@graph\":[{\"@type\":\"WebPage\",\"@id\":\"https:\\\/\\\/mountainguides.pro\\\/ar\\\/tours\\\/trekking\\\/trekking-to-annapurna-bc\\\/\",\"url\":\"https:\\\/\\\/mountainguides.pro\\\/ar\\\/tours\\\/trekking\\\/trekking-to-annapurna-bc\\\/\",\"name\":\"Trekking to Annapurna BC\",\"isPartOf\":{\"@id\":\"https:\\\/\\\/mountainguides.pro\\\/#website\"},\"primaryImageOfPage\":{\"@id\":\"https:\\\/\\\/mountainguides.pro\\\/ar\\\/tours\\\/trekking\\\/trekking-to-annapurna-bc\\\/#primaryimage\"},\"image\":{\"@id\":\"https:\\\/\\\/mountainguides.pro\\\/ar\\\/tours\\\/trekking\\\/trekking-to-annapurna-bc\\\/#primaryimage\"},\"thumbnailUrl\":\"https:\\\/\\\/mountainguides.pro\\\/wp-content\\\/uploads\\\/2023\\\/07\\\/trekking-k-bazovomu-lageryu-annapurny-31.jpeg\",\"datePublished\":\"2023-07-28T19:21:27+00:00\",\"dateModified\":\"2026-02-03T10:35:04+00:00\",\"breadcrumb\":{\"@id\":\"https:\\\/\\\/mountainguides.pro\\\/ar\\\/tours\\\/trekking\\\/trekking-to-annapurna-bc\\\/#breadcrumb\"},\"inLanguage\":\"de\",\"potentialAction\":[{\"@type\":\"ReadAction\",\"target\":[\"https:\\\/\\\/mountainguides.pro\\\/ar\\\/tours\\\/trekking\\\/trekking-to-annapurna-bc\\\/\"]}]},{\"@type\":\"ImageObject\",\"inLanguage\":\"de\",\"@id\":\"https:\\\/\\\/mountainguides.pro\\\/ar\\\/tours\\\/trekking\\\/trekking-to-annapurna-bc\\\/#primaryimage\",\"url\":\"https:\\\/\\\/mountainguides.pro\\\/wp-content\\\/uploads\\\/2023\\\/07\\\/trekking-k-bazovomu-lageryu-annapurny-31.jpeg\",\"contentUrl\":\"https:\\\/\\\/mountainguides.pro\\\/wp-content\\\/uploads\\\/2023\\\/07\\\/trekking-k-bazovomu-lageryu-annapurny-31.jpeg\",\"width\":1800,\"height\":1350},{\"@type\":\"BreadcrumbList\",\"@id\":\"https:\\\/\\\/mountainguides.pro\\\/ar\\\/tours\\\/trekking\\\/trekking-to-annapurna-bc\\\/#breadcrumb\",\"itemListElement\":[{\"@type\":\"ListItem\",\"position\":1,\"name\":\"Home\",\"item\":\"https:\\\/\\\/mountainguides.pro\\\/de\\\/\"},{\"@type\":\"ListItem\",\"position\":2,\"name\":\"\u0623\u0646\u0627\u0628\u0648\u0631\u0646\u0627 \u0642\u0627\u0639\u062f\u0629 \u0645\u062e\u064a\u0645 \u0627\u0644\u0631\u062d\u0644\u0627\u062a\"}]},{\"@type\":\"WebSite\",\"@id\":\"https:\\\/\\\/mountainguides.pro\\\/#website\",\"url\":\"https:\\\/\\\/mountainguides.pro\\\/\",\"name\":\"Mountain Guide\",\"description\":\"We aspire to be the first in everything!\",\"publisher\":{\"@id\":\"https:\\\/\\\/mountainguides.pro\\\/#organization\"},\"potentialAction\":[{\"@type\":\"SearchAction\",\"target\":{\"@type\":\"EntryPoint\",\"urlTemplate\":\"https:\\\/\\\/mountainguides.pro\\\/?s={search_term_string}\"},\"query-input\":{\"@type\":\"PropertyValueSpecification\",\"valueRequired\":true,\"valueName\":\"search_term_string\"}}],\"inLanguage\":\"de\"},{\"@type\":\"Organization\",\"@id\":\"https:\\\/\\\/mountainguides.pro\\\/#organization\",\"name\":\"Mountain Guide\",\"url\":\"https:\\\/\\\/mountainguides.pro\\\/\",\"logo\":{\"@type\":\"ImageObject\",\"inLanguage\":\"de\",\"@id\":\"https:\\\/\\\/mountainguides.pro\\\/#\\\/schema\\\/logo\\\/image\\\/\",\"url\":\"https:\\\/\\\/mountainguides.pro\\\/wp-content\\\/uploads\\\/2018\\\/01\\\/mglogo.jpg\",\"contentUrl\":\"https:\\\/\\\/mountainguides.pro\\\/wp-content\\\/uploads\\\/2018\\\/01\\\/mglogo.jpg\",\"width\":1200,\"height\":630,\"caption\":\"Mountain Guide\"},\"image\":{\"@id\":\"https:\\\/\\\/mountainguides.pro\\\/#\\\/schema\\\/logo\\\/image\\\/\"},\"sameAs\":[\"https:\\\/\\\/www.facebook.com\\\/Mountainguide-232956566756831\\\/\",\"https:\\\/\\\/x.com\\\/Wintercyclone\",\"http:\\\/\\\/instagram.com\\\/mountainguide\",\"http:\\\/\\\/www.youtube.com\\\/mountainguide\"]}]}<\/script>\n<!-- \/ Yoast SEO Premium plugin. -->","yoast_head_json":{"title":"Trekking to Annapurna BC","robots":{"index":"index","follow":"follow","max-snippet":"max-snippet:-1","max-image-preview":"max-image-preview:large","max-video-preview":"max-video-preview:-1"},"canonical":"https:\/\/mountainguides.pro\/de\/tours\/trekking\/trekking-to-annapurna-bc\/","og_locale":"de_DE","og_type":"article","og_title":"[:en]Trekking to Annapurna BC[:de]Trekking zum Basislager von Annapurna[:es]Trekking al campamento base de Annapurna[:pt]Trekking no acampamento base de Annapurna[:zh]\u5f92\u6b65\u524d\u5f80\u5b89\u7eb3\u5e03\u5c14\u7eb3\u5cf0\u5927\u672c\u8425[:ko]\uc548\ub098\ud478\ub974\ub098 \ubca0\uc774\uc2a4 \ucea0\ud504 \ud2b8\ub808\ud0b9[:ja]\u30a2\u30f3\u30ca\u30d7\u30eb\u30ca\u30d9\u30fc\u30b9\u30ad\u30e3\u30f3\u30d7\u30c8\u30ec\u30c3\u30ad\u30f3\u30b0[:hi]\u0905\u0928\u094d\u0928\u092a\u0942\u0930\u094d\u0923\u093e \u0906\u0927\u093e\u0930 \u0936\u093f\u0935\u093f\u0930 \u091f\u094d\u0930\u0947\u0915\u093f\u0902\u0917[:ar]\u0623\u0646\u0627\u0628\u0648\u0631\u0646\u0627 \u0642\u0627\u0639\u062f\u0629 \u0645\u062e\u064a\u0645 \u0627\u0644\u0631\u062d\u0644\u0627\u062a[:]","og_description":"Wir bieten einen Flug nach Pokhara an \u2013 keine anstrengenden 9-st\u00fcndigen Busfahrten!Wir sehen die Annapurna I (8091 Meter), den Berg mit der h\u00f6chsten Sterblichkeitsrate.Wir lernen die Kultur der nepalesischen Teeh\u00e4user kennen.Wir genie\u00dfen den Blick auf Machapuchare, den ber\u00fchmten Berg mit einer Spitze in Form einer Fischflosse.Wir begr\u00fc\u00dfen den Sonnenaufgang mit Blick auf das gesamte Annapurna-Massiv vom Aussichtspunkt Poon Hill.Wir baden in den hei\u00dfen Quellen von Jhinu.Wir sehen, wie die Einheimischen wilde Bienen z\u00e4hmen, um halluzinogenen Honig zu sammeln.Wir verbringen einen unvergesslichen romantischen Abend in Pokhara am Phewa-See.Im Gegensatz zu anderen Anbietern ist der Inlandsflug inklusive. Wichtige Informationen: Die Check-in- und Check-out-Zeiten sind durch das Hotel geregelt: Check-in ab 15 Uhr, Check-out bis 11\u201312 Uhr. Das Gep\u00e4ck kann an der Rezeption abgegeben werden, um einen Spaziergang durch die Stadt zu machen, oder \u2013 falls technisch m\u00f6glich \u2013 es kann gegen Aufpreis ein fr\u00fcher Check-in\/sp\u00e4ter Check-out organisiert werden.In Nepal gibt es einige Schwierigkeiten beim Umtausch kleiner, abgenutzter und alter US-Dollar-Scheine (vor 2009). Manchmal f\u00e4llt eine zus\u00e4tzliche Geb\u00fchr an, manchmal wird der Umtausch verweigert.Bitte beachten Sie, dass unser Unternehmen keine Dienstleistungen zum Kauf\/Verkauf von Flugtickets und zur Beschaffung von Visa anbietet und daher keine Verantwortung f\u00fcr eventuelle h\u00f6here Gewalt im Zusammenhang mit Fl\u00fcgen und Grenz\u00fcbertritten \u00fcbernimmt.","og_url":"https:\/\/mountainguides.pro\/de\/tours\/trekking\/trekking-to-annapurna-bc\/","og_site_name":"Mountain Guide","article_publisher":"https:\/\/www.facebook.com\/Mountainguide-232956566756831\/","article_modified_time":"2026-02-03T10:35:04+00:00","og_image":[{"width":1800,"height":1350,"url":"https:\/\/mountainguides.pro\/wp-content\/uploads\/2023\/07\/trekking-k-bazovomu-lageryu-annapurny-31.jpeg","type":"image\/jpeg"}],"twitter_card":"summary_large_image","twitter_site":"@Wintercyclone","twitter_misc":{"Gesch\u00e4tzte Lesezeit":"1\u00a0Minute"},"schema":{"@context":"https:\/\/schema.org","@graph":[{"@type":"WebPage","@id":"https:\/\/mountainguides.pro\/ar\/tours\/trekking\/trekking-to-annapurna-bc\/","url":"https:\/\/mountainguides.pro\/ar\/tours\/trekking\/trekking-to-annapurna-bc\/","name":"Trekking to Annapurna BC","isPartOf":{"@id":"https:\/\/mountainguides.pro\/#website"},"primaryImageOfPage":{"@id":"https:\/\/mountainguides.pro\/ar\/tours\/trekking\/trekking-to-annapurna-bc\/#primaryimage"},"image":{"@id":"https:\/\/mountainguides.pro\/ar\/tours\/trekking\/trekking-to-annapurna-bc\/#primaryimage"},"thumbnailUrl":"https:\/\/mountainguides.pro\/wp-content\/uploads\/2023\/07\/trekking-k-bazovomu-lageryu-annapurny-31.jpeg","datePublished":"2023-07-28T19:21:27+00:00","dateModified":"2026-02-03T10:35:04+00:00","breadcrumb":{"@id":"https:\/\/mountainguides.pro\/ar\/tours\/trekking\/trekking-to-annapurna-bc\/#breadcrumb"},"inLanguage":"de","potentialAction":[{"@type":"ReadAction","target":["https:\/\/mountainguides.pro\/ar\/tours\/trekking\/trekking-to-annapurna-bc\/"]}]},{"@type":"ImageObject","inLanguage":"de","@id":"https:\/\/mountainguides.pro\/ar\/tours\/trekking\/trekking-to-annapurna-bc\/#primaryimage","url":"https:\/\/mountainguides.pro\/wp-content\/uploads\/2023\/07\/trekking-k-bazovomu-lageryu-annapurny-31.jpeg","contentUrl":"https:\/\/mountainguides.pro\/wp-content\/uploads\/2023\/07\/trekking-k-bazovomu-lageryu-annapurny-31.jpeg","width":1800,"height":1350},{"@type":"BreadcrumbList","@id":"https:\/\/mountainguides.pro\/ar\/tours\/trekking\/trekking-to-annapurna-bc\/#breadcrumb","itemListElement":[{"@type":"ListItem","position":1,"name":"Home","item":"https:\/\/mountainguides.pro\/de\/"},{"@type":"ListItem","position":2,"name":"\u0623\u0646\u0627\u0628\u0648\u0631\u0646\u0627 \u0642\u0627\u0639\u062f\u0629 \u0645\u062e\u064a\u0645 \u0627\u0644\u0631\u062d\u0644\u0627\u062a"}]},{"@type":"WebSite","@id":"https:\/\/mountainguides.pro\/#website","url":"https:\/\/mountainguides.pro\/","name":"Mountain Guide","description":"We aspire to be the first in everything!","publisher":{"@id":"https:\/\/mountainguides.pro\/#organization"},"potentialAction":[{"@type":"SearchAction","target":{"@type":"EntryPoint","urlTemplate":"https:\/\/mountainguides.pro\/?s={search_term_string}"},"query-input":{"@type":"PropertyValueSpecification","valueRequired":true,"valueName":"search_term_string"}}],"inLanguage":"de"},{"@type":"Organization","@id":"https:\/\/mountainguides.pro\/#organization","name":"Mountain Guide","url":"https:\/\/mountainguides.pro\/","logo":{"@type":"ImageObject","inLanguage":"de","@id":"https:\/\/mountainguides.pro\/#\/schema\/logo\/image\/","url":"https:\/\/mountainguides.pro\/wp-content\/uploads\/2018\/01\/mglogo.jpg","contentUrl":"https:\/\/mountainguides.pro\/wp-content\/uploads\/2018\/01\/mglogo.jpg","width":1200,"height":630,"caption":"Mountain Guide"},"image":{"@id":"https:\/\/mountainguides.pro\/#\/schema\/logo\/image\/"},"sameAs":["https:\/\/www.facebook.com\/Mountainguide-232956566756831\/","https:\/\/x.com\/Wintercyclone","http:\/\/instagram.com\/mountainguide","http:\/\/www.youtube.com\/mountainguide"]}]}},"_links":{"self":[{"href":"https:\/\/mountainguides.pro\/de\/wp-json\/wp\/v2\/product\/19399","targetHints":{"allow":["GET"]}}],"collection":[{"href":"https:\/\/mountainguides.pro\/de\/wp-json\/wp\/v2\/product"}],"about":[{"href":"https:\/\/mountainguides.pro\/de\/wp-json\/wp\/v2\/types\/product"}],"replies":[{"embeddable":true,"href":"https:\/\/mountainguides.pro\/de\/wp-json\/wp\/v2\/comments?post=19399"}],"version-history":[{"count":13,"href":"https:\/\/mountainguides.pro\/de\/wp-json\/wp\/v2\/product\/19399\/revisions"}],"predecessor-version":[{"id":32707,"href":"https:\/\/mountainguides.pro\/de\/wp-json\/wp\/v2\/product\/19399\/revisions\/32707"}],"wp:featuredmedia":[{"embeddable":true,"href":"https:\/\/mountainguides.pro\/de\/wp-json\/wp\/v2\/media\/21448"}],"wp:attachment":[{"href":"https:\/\/mountainguides.pro\/de\/wp-json\/wp\/v2\/media?parent=19399"}],"wp:term":[{"taxonomy":"product_cat","embeddable":true,"href":"https:\/\/mountainguides.pro\/de\/wp-json\/wp\/v2\/product_cat?post=19399"},{"taxonomy":"product_tag","embeddable":true,"href":"https:\/\/mountainguides.pro\/de\/wp-json\/wp\/v2\/product_tag?post=19399"}],"curies":[{"name":"wp","href":"https:\/\/api.w.org\/{rel}","templated":true}]}}