{"id":19476,"date":"2023-07-29T03:00:26","date_gmt":"2023-07-29T00:00:26","guid":{"rendered":"https:\/\/mountainguides.pro\/?post_type=product&#038;p=19476"},"modified":"2026-02-03T13:00:24","modified_gmt":"2026-02-03T10:00:24","slug":"climb-amadablam","status":"publish","type":"product","link":"https:\/\/mountainguides.pro\/de\/tours\/climbing\/climb-amadablam\/","title":{"rendered":"Amadablam besteigen"},"content":{"rendered":"","protected":false},"excerpt":{"rendered":"<p data-start=\"88\" data-end=\"867\">Zwei ber\u00fchmte Sechstausender in einer Reise \u2013 ein analoges Programm mit entsprechendem Service gibt es auf dem Markt nicht<br data-start=\"210\" data-end=\"213\" \/>Wunderbare Akklimatisation im Everest-Basislager (5350 m) und auf dem Kala Pattar (5644 m)<br data-start=\"303\" data-end=\"306\" \/>Ein paar unserer markentypischen Besonderheiten erm\u00f6glichen den Aufstieg auf 6000 Meter nahezu garantiert<br data-start=\"411\" data-end=\"414\" \/>Wir sparen nicht an unseren Kunden: wie immer die besten Lodges auf der Route und ein ausgezeichnetes Hotel in Kathmandu<br data-start=\"534\" data-end=\"537\" \/>Fantastische Aussicht auf Everest, Lhotse, Nuptse, Makalu, Cho Oyu<br data-start=\"603\" data-end=\"606\" \/>Zuverl\u00e4ssiges lokales Team aus Tr\u00e4gern und Bergf\u00fchrern, mit denen die Besteigungen und die \u00dcberquerung des Amphu-Labtsa-Passes komfortabel und sicher sind<br data-start=\"760\" data-end=\"763\" \/>Bitte beachten Sie, dass unser Unternehmen nicht im Bereich des Kaufs und Verkaufs von Flugtickets und der Visaabwicklung t\u00e4tig ist und daher keine Verantwortung f\u00fcr h\u00f6here Gewalt im Zusammenhang mit Fl\u00fcgen und Grenz\u00fcbertritten \u00fcbernimmt.<\/p>\n<p data-start=\"1111\" data-end=\"1136\"><strong data-start=\"1111\" data-end=\"1136\">Wichtige Information:<\/strong><\/p>\n<p data-start=\"1138\" data-end=\"1811\">Die Check-in- und Check-out-Zeiten werden vom Hotel geregelt: Check-in ab 15:00 Uhr, Check-out bis 11\u201312:00 Uhr. Das Gep\u00e4ck kann an der Rezeption des Hotels abgegeben werden, um den Tag frei zu genie\u00dfen, oder \u2013 sofern technisch m\u00f6glich \u2013 gegen Aufpreis ein fr\u00fcher Check-in \/ sp\u00e4ter Check-out arrangiert werden.<br data-start=\"1448\" data-end=\"1451\" \/>In Nepal gibt es einige Schwierigkeiten beim Umtausch von kleinen, abgenutzten und alten US-Dollar-Scheinen (vor 2009). Beachten Sie dies. Manchmal gibt es zus\u00e4tzliche Geb\u00fchren, manchmal wird der Umtausch verweigert.<br data-start=\"1667\" data-end=\"1670\" \/>Flugzeuge nach\/von Lukla werden h\u00e4ufig um einen Tag oder l\u00e4nger versp\u00e4tet \u2013 planen Sie Ihre R\u00fcckfl\u00fcge unter Ber\u00fccksichtigung dieser Tatsache.<\/p>\n","protected":false},"featured_media":21438,"comment_status":"closed","ping_status":"closed","template":"","meta":{"_acf_changed":false,"footnotes":""},"product_cat":[320],"product_tag":[],"class_list":{"0":"post-19476","1":"product","2":"type-product","3":"status-publish","4":"has-post-thumbnail","6":"product_cat-climbing","8":"first","9":"instock","10":"shipping-taxable","11":"purchasable","12":"product-type-simple"},"acf":[],"yoast_head":"<!-- This site is optimized with the Yoast SEO Premium plugin v26.5 (Yoast SEO v27.3) - https:\/\/yoast.com\/product\/yoast-seo-premium-wordpress\/ -->\n<title>Climb Amadablam<\/title>\n<meta name=\"robots\" content=\"index, follow, max-snippet:-1, max-image-preview:large, max-video-preview:-1\" \/>\n<link rel=\"canonical\" href=\"https:\/\/mountainguides.pro\/de\/tours\/climbing\/climb-amadablam\/\" \/>\n<meta property=\"og:locale\" content=\"de_DE\" \/>\n<meta property=\"og:locale:alternate\" content=\"en_US\" \/>\n<meta property=\"og:locale:alternate\" content=\"ru_RU\" \/>\n<meta property=\"og:locale:alternate\" content=\"es\" \/>\n<meta property=\"og:locale:alternate\" content=\"pt\" \/>\n<meta property=\"og:locale:alternate\" content=\"zh\" \/>\n<meta property=\"og:locale:alternate\" content=\"ko\" \/>\n<meta property=\"og:locale:alternate\" content=\"ja\" \/>\n<meta property=\"og:locale:alternate\" content=\"hi\" \/>\n<meta property=\"og:locale:alternate\" content=\"ar\" \/>\n<meta property=\"og:type\" content=\"article\" \/>\n<meta property=\"og:title\" content=\"Amadablam besteigen\" \/>\n<meta property=\"og:description\" content=\"Zwei ber\u00fchmte Sechstausender in einer Reise \u2013 ein analoges Programm mit entsprechendem Service gibt es auf dem Markt nichtWunderbare Akklimatisation im Everest-Basislager (5350 m) und auf dem Kala Pattar (5644 m)Ein paar unserer markentypischen Besonderheiten erm\u00f6glichen den Aufstieg auf 6000 Meter nahezu garantiertWir sparen nicht an unseren Kunden: wie immer die besten Lodges auf der Route und ein ausgezeichnetes Hotel in KathmanduFantastische Aussicht auf Everest, Lhotse, Nuptse, Makalu, Cho OyuZuverl\u00e4ssiges lokales Team aus Tr\u00e4gern und Bergf\u00fchrern, mit denen die Besteigungen und die \u00dcberquerung des Amphu-Labtsa-Passes komfortabel und sicher sindBitte beachten Sie, dass unser Unternehmen nicht im Bereich des Kaufs und Verkaufs von Flugtickets und der Visaabwicklung t\u00e4tig ist und daher keine Verantwortung f\u00fcr h\u00f6here Gewalt im Zusammenhang mit Fl\u00fcgen und Grenz\u00fcbertritten \u00fcbernimmt. Wichtige Information: Die Check-in- und Check-out-Zeiten werden vom Hotel geregelt: Check-in ab 15:00 Uhr, Check-out bis 11\u201312:00 Uhr. Das Gep\u00e4ck kann an der Rezeption des Hotels abgegeben werden, um den Tag frei zu genie\u00dfen, oder \u2013 sofern technisch m\u00f6glich \u2013 gegen Aufpreis ein fr\u00fcher Check-in \/ sp\u00e4ter Check-out arrangiert werden.In Nepal gibt es einige Schwierigkeiten beim Umtausch von kleinen, abgenutzten und alten US-Dollar-Scheinen (vor 2009). Beachten Sie dies. Manchmal gibt es zus\u00e4tzliche Geb\u00fchren, manchmal wird der Umtausch verweigert.Flugzeuge nach\/von Lukla werden h\u00e4ufig um einen Tag oder l\u00e4nger versp\u00e4tet \u2013 planen Sie Ihre R\u00fcckfl\u00fcge unter Ber\u00fccksichtigung dieser Tatsache.\" \/>\n<meta property=\"og:url\" content=\"https:\/\/mountainguides.pro\/de\/tours\/climbing\/climb-amadablam\/\" \/>\n<meta property=\"og:site_name\" content=\"Mountain Guide\" \/>\n<meta property=\"article:publisher\" content=\"https:\/\/www.facebook.com\/Mountainguide-232956566756831\/\" \/>\n<meta property=\"article:modified_time\" content=\"2026-02-03T10:00:24+00:00\" \/>\n<meta property=\"og:image\" content=\"https:\/\/mountainguides.pro\/wp-content\/uploads\/2023\/07\/voshozhdenie-na-ajlend-pik-i-mera-pik.jpg\" \/>\n\t<meta property=\"og:image:width\" content=\"1600\" \/>\n\t<meta property=\"og:image:height\" content=\"1200\" \/>\n\t<meta property=\"og:image:type\" content=\"image\/jpeg\" \/>\n<meta name=\"twitter:card\" content=\"summary_large_image\" \/>\n<meta name=\"twitter:site\" content=\"@Wintercyclone\" \/>\n<meta name=\"twitter:label1\" content=\"Gesch\u00e4tzte Lesezeit\" \/>\n\t<meta name=\"twitter:data1\" content=\"1\u00a0Minute\" \/>\n<script type=\"application\/ld+json\" class=\"yoast-schema-graph\">{\"@context\":\"https:\\\/\\\/schema.org\",\"@graph\":[{\"@type\":\"WebPage\",\"@id\":\"https:\\\/\\\/mountainguides.pro\\\/ar\\\/tours\\\/climbing\\\/climb-amadablam\\\/\",\"url\":\"https:\\\/\\\/mountainguides.pro\\\/ar\\\/tours\\\/climbing\\\/climb-amadablam\\\/\",\"name\":\"Climb Amadablam\",\"isPartOf\":{\"@id\":\"https:\\\/\\\/mountainguides.pro\\\/#website\"},\"primaryImageOfPage\":{\"@id\":\"https:\\\/\\\/mountainguides.pro\\\/ar\\\/tours\\\/climbing\\\/climb-amadablam\\\/#primaryimage\"},\"image\":{\"@id\":\"https:\\\/\\\/mountainguides.pro\\\/ar\\\/tours\\\/climbing\\\/climb-amadablam\\\/#primaryimage\"},\"thumbnailUrl\":\"https:\\\/\\\/mountainguides.pro\\\/wp-content\\\/uploads\\\/2023\\\/07\\\/voshozhdenie-na-ajlend-pik-i-mera-pik.jpg\",\"datePublished\":\"2023-07-29T00:00:26+00:00\",\"dateModified\":\"2026-02-03T10:00:24+00:00\",\"breadcrumb\":{\"@id\":\"https:\\\/\\\/mountainguides.pro\\\/ar\\\/tours\\\/climbing\\\/climb-amadablam\\\/#breadcrumb\"},\"inLanguage\":\"de\",\"potentialAction\":[{\"@type\":\"ReadAction\",\"target\":[\"https:\\\/\\\/mountainguides.pro\\\/ar\\\/tours\\\/climbing\\\/climb-amadablam\\\/\"]}]},{\"@type\":\"ImageObject\",\"inLanguage\":\"de\",\"@id\":\"https:\\\/\\\/mountainguides.pro\\\/ar\\\/tours\\\/climbing\\\/climb-amadablam\\\/#primaryimage\",\"url\":\"https:\\\/\\\/mountainguides.pro\\\/wp-content\\\/uploads\\\/2023\\\/07\\\/voshozhdenie-na-ajlend-pik-i-mera-pik.jpg\",\"contentUrl\":\"https:\\\/\\\/mountainguides.pro\\\/wp-content\\\/uploads\\\/2023\\\/07\\\/voshozhdenie-na-ajlend-pik-i-mera-pik.jpg\",\"width\":1600,\"height\":1200},{\"@type\":\"BreadcrumbList\",\"@id\":\"https:\\\/\\\/mountainguides.pro\\\/ar\\\/tours\\\/climbing\\\/climb-amadablam\\\/#breadcrumb\",\"itemListElement\":[{\"@type\":\"ListItem\",\"position\":1,\"name\":\"Home\",\"item\":\"https:\\\/\\\/mountainguides.pro\\\/de\\\/\"},{\"@type\":\"ListItem\",\"position\":2,\"name\":\"\u062a\u0633\u0644\u0642 \u0623\u0645\u0627\u062f\u0627\u0628\u0644\u0627\u0645\"}]},{\"@type\":\"WebSite\",\"@id\":\"https:\\\/\\\/mountainguides.pro\\\/#website\",\"url\":\"https:\\\/\\\/mountainguides.pro\\\/\",\"name\":\"Mountain Guide\",\"description\":\"We aspire to be the first in everything!\",\"publisher\":{\"@id\":\"https:\\\/\\\/mountainguides.pro\\\/#organization\"},\"potentialAction\":[{\"@type\":\"SearchAction\",\"target\":{\"@type\":\"EntryPoint\",\"urlTemplate\":\"https:\\\/\\\/mountainguides.pro\\\/?s={search_term_string}\"},\"query-input\":{\"@type\":\"PropertyValueSpecification\",\"valueRequired\":true,\"valueName\":\"search_term_string\"}}],\"inLanguage\":\"de\"},{\"@type\":\"Organization\",\"@id\":\"https:\\\/\\\/mountainguides.pro\\\/#organization\",\"name\":\"Mountain Guide\",\"url\":\"https:\\\/\\\/mountainguides.pro\\\/\",\"logo\":{\"@type\":\"ImageObject\",\"inLanguage\":\"de\",\"@id\":\"https:\\\/\\\/mountainguides.pro\\\/#\\\/schema\\\/logo\\\/image\\\/\",\"url\":\"https:\\\/\\\/mountainguides.pro\\\/wp-content\\\/uploads\\\/2018\\\/01\\\/mglogo.jpg\",\"contentUrl\":\"https:\\\/\\\/mountainguides.pro\\\/wp-content\\\/uploads\\\/2018\\\/01\\\/mglogo.jpg\",\"width\":1200,\"height\":630,\"caption\":\"Mountain Guide\"},\"image\":{\"@id\":\"https:\\\/\\\/mountainguides.pro\\\/#\\\/schema\\\/logo\\\/image\\\/\"},\"sameAs\":[\"https:\\\/\\\/www.facebook.com\\\/Mountainguide-232956566756831\\\/\",\"https:\\\/\\\/x.com\\\/Wintercyclone\",\"http:\\\/\\\/instagram.com\\\/mountainguide\",\"http:\\\/\\\/www.youtube.com\\\/mountainguide\"]}]}<\/script>\n<!-- \/ Yoast SEO Premium plugin. -->","yoast_head_json":{"title":"Climb Amadablam","robots":{"index":"index","follow":"follow","max-snippet":"max-snippet:-1","max-image-preview":"max-image-preview:large","max-video-preview":"max-video-preview:-1"},"canonical":"https:\/\/mountainguides.pro\/de\/tours\/climbing\/climb-amadablam\/","og_locale":"de_DE","og_type":"article","og_title":"[:en]Climb Amadablam[:de]Amadablam besteigen[:es]Escalada Amadablam[:pt]Escalada Amadablam[:zh]\u6500\u767b\u963f\u739b\u8fbe\u5e03\u62c9\u59c6[:ko]\uc544\ub9c8\ub2e4\ube14\ub78c \ub4f1\ubc18[:ja]\u30a2\u30de\u30fb\u30c0\u30d6\u30e9\u30e0\u767b\u9802[:hi]\u0905\u092e\u093e\u0926\u092c\u0932\u092e \u092a\u0930 \u091a\u0922\u093c\u0928\u093e[:ar]\u062a\u0633\u0644\u0642 \u0623\u0645\u0627\u062f\u0627\u0628\u0644\u0627\u0645[:]","og_description":"Zwei ber\u00fchmte Sechstausender in einer Reise \u2013 ein analoges Programm mit entsprechendem Service gibt es auf dem Markt nichtWunderbare Akklimatisation im Everest-Basislager (5350 m) und auf dem Kala Pattar (5644 m)Ein paar unserer markentypischen Besonderheiten erm\u00f6glichen den Aufstieg auf 6000 Meter nahezu garantiertWir sparen nicht an unseren Kunden: wie immer die besten Lodges auf der Route und ein ausgezeichnetes Hotel in KathmanduFantastische Aussicht auf Everest, Lhotse, Nuptse, Makalu, Cho OyuZuverl\u00e4ssiges lokales Team aus Tr\u00e4gern und Bergf\u00fchrern, mit denen die Besteigungen und die \u00dcberquerung des Amphu-Labtsa-Passes komfortabel und sicher sindBitte beachten Sie, dass unser Unternehmen nicht im Bereich des Kaufs und Verkaufs von Flugtickets und der Visaabwicklung t\u00e4tig ist und daher keine Verantwortung f\u00fcr h\u00f6here Gewalt im Zusammenhang mit Fl\u00fcgen und Grenz\u00fcbertritten \u00fcbernimmt. Wichtige Information: Die Check-in- und Check-out-Zeiten werden vom Hotel geregelt: Check-in ab 15:00 Uhr, Check-out bis 11\u201312:00 Uhr. Das Gep\u00e4ck kann an der Rezeption des Hotels abgegeben werden, um den Tag frei zu genie\u00dfen, oder \u2013 sofern technisch m\u00f6glich \u2013 gegen Aufpreis ein fr\u00fcher Check-in \/ sp\u00e4ter Check-out arrangiert werden.In Nepal gibt es einige Schwierigkeiten beim Umtausch von kleinen, abgenutzten und alten US-Dollar-Scheinen (vor 2009). Beachten Sie dies. Manchmal gibt es zus\u00e4tzliche Geb\u00fchren, manchmal wird der Umtausch verweigert.Flugzeuge nach\/von Lukla werden h\u00e4ufig um einen Tag oder l\u00e4nger versp\u00e4tet \u2013 planen Sie Ihre R\u00fcckfl\u00fcge unter Ber\u00fccksichtigung dieser Tatsache.","og_url":"https:\/\/mountainguides.pro\/de\/tours\/climbing\/climb-amadablam\/","og_site_name":"Mountain Guide","article_publisher":"https:\/\/www.facebook.com\/Mountainguide-232956566756831\/","article_modified_time":"2026-02-03T10:00:24+00:00","og_image":[{"width":1600,"height":1200,"url":"https:\/\/mountainguides.pro\/wp-content\/uploads\/2023\/07\/voshozhdenie-na-ajlend-pik-i-mera-pik.jpg","type":"image\/jpeg"}],"twitter_card":"summary_large_image","twitter_site":"@Wintercyclone","twitter_misc":{"Gesch\u00e4tzte Lesezeit":"1\u00a0Minute"},"schema":{"@context":"https:\/\/schema.org","@graph":[{"@type":"WebPage","@id":"https:\/\/mountainguides.pro\/ar\/tours\/climbing\/climb-amadablam\/","url":"https:\/\/mountainguides.pro\/ar\/tours\/climbing\/climb-amadablam\/","name":"Climb Amadablam","isPartOf":{"@id":"https:\/\/mountainguides.pro\/#website"},"primaryImageOfPage":{"@id":"https:\/\/mountainguides.pro\/ar\/tours\/climbing\/climb-amadablam\/#primaryimage"},"image":{"@id":"https:\/\/mountainguides.pro\/ar\/tours\/climbing\/climb-amadablam\/#primaryimage"},"thumbnailUrl":"https:\/\/mountainguides.pro\/wp-content\/uploads\/2023\/07\/voshozhdenie-na-ajlend-pik-i-mera-pik.jpg","datePublished":"2023-07-29T00:00:26+00:00","dateModified":"2026-02-03T10:00:24+00:00","breadcrumb":{"@id":"https:\/\/mountainguides.pro\/ar\/tours\/climbing\/climb-amadablam\/#breadcrumb"},"inLanguage":"de","potentialAction":[{"@type":"ReadAction","target":["https:\/\/mountainguides.pro\/ar\/tours\/climbing\/climb-amadablam\/"]}]},{"@type":"ImageObject","inLanguage":"de","@id":"https:\/\/mountainguides.pro\/ar\/tours\/climbing\/climb-amadablam\/#primaryimage","url":"https:\/\/mountainguides.pro\/wp-content\/uploads\/2023\/07\/voshozhdenie-na-ajlend-pik-i-mera-pik.jpg","contentUrl":"https:\/\/mountainguides.pro\/wp-content\/uploads\/2023\/07\/voshozhdenie-na-ajlend-pik-i-mera-pik.jpg","width":1600,"height":1200},{"@type":"BreadcrumbList","@id":"https:\/\/mountainguides.pro\/ar\/tours\/climbing\/climb-amadablam\/#breadcrumb","itemListElement":[{"@type":"ListItem","position":1,"name":"Home","item":"https:\/\/mountainguides.pro\/de\/"},{"@type":"ListItem","position":2,"name":"\u062a\u0633\u0644\u0642 \u0623\u0645\u0627\u062f\u0627\u0628\u0644\u0627\u0645"}]},{"@type":"WebSite","@id":"https:\/\/mountainguides.pro\/#website","url":"https:\/\/mountainguides.pro\/","name":"Mountain Guide","description":"We aspire to be the first in everything!","publisher":{"@id":"https:\/\/mountainguides.pro\/#organization"},"potentialAction":[{"@type":"SearchAction","target":{"@type":"EntryPoint","urlTemplate":"https:\/\/mountainguides.pro\/?s={search_term_string}"},"query-input":{"@type":"PropertyValueSpecification","valueRequired":true,"valueName":"search_term_string"}}],"inLanguage":"de"},{"@type":"Organization","@id":"https:\/\/mountainguides.pro\/#organization","name":"Mountain Guide","url":"https:\/\/mountainguides.pro\/","logo":{"@type":"ImageObject","inLanguage":"de","@id":"https:\/\/mountainguides.pro\/#\/schema\/logo\/image\/","url":"https:\/\/mountainguides.pro\/wp-content\/uploads\/2018\/01\/mglogo.jpg","contentUrl":"https:\/\/mountainguides.pro\/wp-content\/uploads\/2018\/01\/mglogo.jpg","width":1200,"height":630,"caption":"Mountain Guide"},"image":{"@id":"https:\/\/mountainguides.pro\/#\/schema\/logo\/image\/"},"sameAs":["https:\/\/www.facebook.com\/Mountainguide-232956566756831\/","https:\/\/x.com\/Wintercyclone","http:\/\/instagram.com\/mountainguide","http:\/\/www.youtube.com\/mountainguide"]}]}},"_links":{"self":[{"href":"https:\/\/mountainguides.pro\/de\/wp-json\/wp\/v2\/product\/19476","targetHints":{"allow":["GET"]}}],"collection":[{"href":"https:\/\/mountainguides.pro\/de\/wp-json\/wp\/v2\/product"}],"about":[{"href":"https:\/\/mountainguides.pro\/de\/wp-json\/wp\/v2\/types\/product"}],"replies":[{"embeddable":true,"href":"https:\/\/mountainguides.pro\/de\/wp-json\/wp\/v2\/comments?post=19476"}],"version-history":[{"count":14,"href":"https:\/\/mountainguides.pro\/de\/wp-json\/wp\/v2\/product\/19476\/revisions"}],"predecessor-version":[{"id":32706,"href":"https:\/\/mountainguides.pro\/de\/wp-json\/wp\/v2\/product\/19476\/revisions\/32706"}],"wp:featuredmedia":[{"embeddable":true,"href":"https:\/\/mountainguides.pro\/de\/wp-json\/wp\/v2\/media\/21438"}],"wp:attachment":[{"href":"https:\/\/mountainguides.pro\/de\/wp-json\/wp\/v2\/media?parent=19476"}],"wp:term":[{"taxonomy":"product_cat","embeddable":true,"href":"https:\/\/mountainguides.pro\/de\/wp-json\/wp\/v2\/product_cat?post=19476"},{"taxonomy":"product_tag","embeddable":true,"href":"https:\/\/mountainguides.pro\/de\/wp-json\/wp\/v2\/product_tag?post=19476"}],"curies":[{"name":"wp","href":"https:\/\/api.w.org\/{rel}","templated":true}]}}