{"id":19525,"date":"2023-07-29T03:33:22","date_gmt":"2023-07-29T00:33:22","guid":{"rendered":"https:\/\/mountainguides.pro\/?post_type=product&#038;p=19525"},"modified":"2026-02-03T12:48:07","modified_gmt":"2026-02-03T09:48:07","slug":"climb-k2","status":"publish","type":"product","link":"https:\/\/mountainguides.pro\/de\/tours\/climbing\/climb-k2\/","title":{"rendered":"Aufstieg zum K-2 (Chogori)"},"content":{"rendered":"","protected":false},"excerpt":{"rendered":"<p data-start=\"78\" data-end=\"456\">Der Gipfel des Bergsteigens ist der H\u00f6hepunkt der Karriere jedes Alpinisten<br data-start=\"157\" data-end=\"160\" \/>Einer der schwierigsten (und nach einigen Angaben der schwierigste) Gipfel der Welt<br data-start=\"247\" data-end=\"250\" \/>Gastfreundliches Pakistan mit unnachahmlichem Kolorit<br data-start=\"307\" data-end=\"310\" \/>Bester Service der Region: komfortable Zelte, gute Hotels, hervorragender Koch und bew\u00e4hrtes Team<br data-start=\"411\" data-end=\"414\" \/>Aufstieg im Verh\u00e4ltnis Guide\/Kunde 1\/1<\/p>\n<p data-start=\"561\" data-end=\"808\">Bitte beachten Sie, dass unser Unternehmen nicht im Bereich des Kaufs oder Verkaufs von Flugtickets und der Ausstellung von Visa t\u00e4tig ist und daher keine Verantwortung f\u00fcr h\u00f6here Gewalt im Zusammenhang mit Fl\u00fcgen und Grenz\u00fcbertritten \u00fcbernimmt.<\/p>\n","protected":false},"featured_media":21443,"comment_status":"closed","ping_status":"closed","template":"","meta":{"_acf_changed":false,"footnotes":""},"product_cat":[320],"product_tag":[],"class_list":{"0":"post-19525","1":"product","2":"type-product","3":"status-publish","4":"has-post-thumbnail","6":"product_cat-climbing","8":"first","9":"instock","10":"shipping-taxable","11":"purchasable","12":"product-type-simple"},"acf":[],"yoast_head":"<!-- This site is optimized with the Yoast SEO Premium plugin v26.5 (Yoast SEO v27.3) - https:\/\/yoast.com\/product\/yoast-seo-premium-wordpress\/ -->\n<title>Climb K2<\/title>\n<meta name=\"robots\" content=\"index, follow, max-snippet:-1, max-image-preview:large, max-video-preview:-1\" \/>\n<link rel=\"canonical\" href=\"https:\/\/mountainguides.pro\/de\/tours\/climbing\/climb-k2\/\" \/>\n<meta property=\"og:locale\" content=\"de_DE\" \/>\n<meta property=\"og:locale:alternate\" content=\"en_US\" \/>\n<meta property=\"og:locale:alternate\" content=\"ru_RU\" \/>\n<meta property=\"og:locale:alternate\" content=\"es\" \/>\n<meta property=\"og:locale:alternate\" content=\"pt\" \/>\n<meta property=\"og:locale:alternate\" content=\"zh\" \/>\n<meta property=\"og:locale:alternate\" content=\"ko\" \/>\n<meta property=\"og:locale:alternate\" content=\"ja\" \/>\n<meta property=\"og:locale:alternate\" content=\"hi\" \/>\n<meta property=\"og:locale:alternate\" content=\"ar\" \/>\n<meta property=\"og:type\" content=\"article\" \/>\n<meta property=\"og:title\" content=\"Aufstieg zum K-2 (Chogori)\" \/>\n<meta property=\"og:description\" content=\"Der Gipfel des Bergsteigens ist der H\u00f6hepunkt der Karriere jedes AlpinistenEiner der schwierigsten (und nach einigen Angaben der schwierigste) Gipfel der WeltGastfreundliches Pakistan mit unnachahmlichem KoloritBester Service der Region: komfortable Zelte, gute Hotels, hervorragender Koch und bew\u00e4hrtes TeamAufstieg im Verh\u00e4ltnis Guide\/Kunde 1\/1 Bitte beachten Sie, dass unser Unternehmen nicht im Bereich des Kaufs oder Verkaufs von Flugtickets und der Ausstellung von Visa t\u00e4tig ist und daher keine Verantwortung f\u00fcr h\u00f6here Gewalt im Zusammenhang mit Fl\u00fcgen und Grenz\u00fcbertritten \u00fcbernimmt.\" \/>\n<meta property=\"og:url\" content=\"https:\/\/mountainguides.pro\/de\/tours\/climbing\/climb-k2\/\" \/>\n<meta property=\"og:site_name\" content=\"Mountain Guide\" \/>\n<meta property=\"article:publisher\" content=\"https:\/\/www.facebook.com\/Mountainguide-232956566756831\/\" \/>\n<meta property=\"article:modified_time\" content=\"2026-02-03T09:48:07+00:00\" \/>\n<meta property=\"og:image\" content=\"https:\/\/mountainguides.pro\/wp-content\/uploads\/2023\/07\/voshozhdenie-na-k2.jpeg\" \/>\n\t<meta property=\"og:image:width\" content=\"1800\" \/>\n\t<meta property=\"og:image:height\" content=\"1350\" \/>\n\t<meta property=\"og:image:type\" content=\"image\/jpeg\" \/>\n<meta name=\"twitter:card\" content=\"summary_large_image\" \/>\n<meta name=\"twitter:site\" content=\"@Wintercyclone\" \/>\n<meta name=\"twitter:label1\" content=\"Gesch\u00e4tzte Lesezeit\" \/>\n\t<meta name=\"twitter:data1\" content=\"1\u00a0Minute\" \/>\n<script type=\"application\/ld+json\" class=\"yoast-schema-graph\">{\"@context\":\"https:\\\/\\\/schema.org\",\"@graph\":[{\"@type\":\"WebPage\",\"@id\":\"https:\\\/\\\/mountainguides.pro\\\/ar\\\/tours\\\/climbing\\\/climb-k2\\\/\",\"url\":\"https:\\\/\\\/mountainguides.pro\\\/ar\\\/tours\\\/climbing\\\/climb-k2\\\/\",\"name\":\"Climb K2\",\"isPartOf\":{\"@id\":\"https:\\\/\\\/mountainguides.pro\\\/#website\"},\"primaryImageOfPage\":{\"@id\":\"https:\\\/\\\/mountainguides.pro\\\/ar\\\/tours\\\/climbing\\\/climb-k2\\\/#primaryimage\"},\"image\":{\"@id\":\"https:\\\/\\\/mountainguides.pro\\\/ar\\\/tours\\\/climbing\\\/climb-k2\\\/#primaryimage\"},\"thumbnailUrl\":\"https:\\\/\\\/mountainguides.pro\\\/wp-content\\\/uploads\\\/2023\\\/07\\\/voshozhdenie-na-k2.jpeg\",\"datePublished\":\"2023-07-29T00:33:22+00:00\",\"dateModified\":\"2026-02-03T09:48:07+00:00\",\"breadcrumb\":{\"@id\":\"https:\\\/\\\/mountainguides.pro\\\/ar\\\/tours\\\/climbing\\\/climb-k2\\\/#breadcrumb\"},\"inLanguage\":\"de\",\"potentialAction\":[{\"@type\":\"ReadAction\",\"target\":[\"https:\\\/\\\/mountainguides.pro\\\/ar\\\/tours\\\/climbing\\\/climb-k2\\\/\"]}]},{\"@type\":\"ImageObject\",\"inLanguage\":\"de\",\"@id\":\"https:\\\/\\\/mountainguides.pro\\\/ar\\\/tours\\\/climbing\\\/climb-k2\\\/#primaryimage\",\"url\":\"https:\\\/\\\/mountainguides.pro\\\/wp-content\\\/uploads\\\/2023\\\/07\\\/voshozhdenie-na-k2.jpeg\",\"contentUrl\":\"https:\\\/\\\/mountainguides.pro\\\/wp-content\\\/uploads\\\/2023\\\/07\\\/voshozhdenie-na-k2.jpeg\",\"width\":1800,\"height\":1350},{\"@type\":\"BreadcrumbList\",\"@id\":\"https:\\\/\\\/mountainguides.pro\\\/ar\\\/tours\\\/climbing\\\/climb-k2\\\/#breadcrumb\",\"itemListElement\":[{\"@type\":\"ListItem\",\"position\":1,\"name\":\"Home\",\"item\":\"https:\\\/\\\/mountainguides.pro\\\/de\\\/\"},{\"@type\":\"ListItem\",\"position\":2,\"name\":\"\u0627\u0644\u0635\u0639\u0648\u062f \u0625\u0644\u0649 \u0643 -2 (\u062a\u0634\u0648\u063a\u0648\u0631\u064a)\"}]},{\"@type\":\"WebSite\",\"@id\":\"https:\\\/\\\/mountainguides.pro\\\/#website\",\"url\":\"https:\\\/\\\/mountainguides.pro\\\/\",\"name\":\"Mountain Guide\",\"description\":\"We aspire to be the first in everything!\",\"publisher\":{\"@id\":\"https:\\\/\\\/mountainguides.pro\\\/#organization\"},\"potentialAction\":[{\"@type\":\"SearchAction\",\"target\":{\"@type\":\"EntryPoint\",\"urlTemplate\":\"https:\\\/\\\/mountainguides.pro\\\/?s={search_term_string}\"},\"query-input\":{\"@type\":\"PropertyValueSpecification\",\"valueRequired\":true,\"valueName\":\"search_term_string\"}}],\"inLanguage\":\"de\"},{\"@type\":\"Organization\",\"@id\":\"https:\\\/\\\/mountainguides.pro\\\/#organization\",\"name\":\"Mountain Guide\",\"url\":\"https:\\\/\\\/mountainguides.pro\\\/\",\"logo\":{\"@type\":\"ImageObject\",\"inLanguage\":\"de\",\"@id\":\"https:\\\/\\\/mountainguides.pro\\\/#\\\/schema\\\/logo\\\/image\\\/\",\"url\":\"https:\\\/\\\/mountainguides.pro\\\/wp-content\\\/uploads\\\/2018\\\/01\\\/mglogo.jpg\",\"contentUrl\":\"https:\\\/\\\/mountainguides.pro\\\/wp-content\\\/uploads\\\/2018\\\/01\\\/mglogo.jpg\",\"width\":1200,\"height\":630,\"caption\":\"Mountain Guide\"},\"image\":{\"@id\":\"https:\\\/\\\/mountainguides.pro\\\/#\\\/schema\\\/logo\\\/image\\\/\"},\"sameAs\":[\"https:\\\/\\\/www.facebook.com\\\/Mountainguide-232956566756831\\\/\",\"https:\\\/\\\/x.com\\\/Wintercyclone\",\"http:\\\/\\\/instagram.com\\\/mountainguide\",\"http:\\\/\\\/www.youtube.com\\\/mountainguide\"]}]}<\/script>\n<!-- \/ Yoast SEO Premium plugin. -->","yoast_head_json":{"title":"Climb K2","robots":{"index":"index","follow":"follow","max-snippet":"max-snippet:-1","max-image-preview":"max-image-preview:large","max-video-preview":"max-video-preview:-1"},"canonical":"https:\/\/mountainguides.pro\/de\/tours\/climbing\/climb-k2\/","og_locale":"de_DE","og_type":"article","og_title":"[:en]Climb K2[:de]Aufstieg zum K-2 (Chogori)[:es]Ascenso a K-2 (chogori)[:pt]Escalada em K-2 (Chogori)[:zh]\u6500\u5ca9 K-2\uff08\u4e54\u6208\u91cc\uff09[:ko]2 \ud638\uc120(\ucd08\uace0\ub9ac)[:ja]K-2\uff08\u30c1\u30e7\u30b4\u30ea\uff09\u3078\u306e\u767b\u9802[:hi]\u0915\u0947 -2 (\u091a\u094b\u0917\u094b\u0930\u0940)\u0915\u0947 \u0932\u093f\u090f \u091a\u0922\u093c\u093e\u0908[:ar]\u0627\u0644\u0635\u0639\u0648\u062f \u0625\u0644\u0649 \u0643 -2 (\u062a\u0634\u0648\u063a\u0648\u0631\u064a)[:]","og_description":"Der Gipfel des Bergsteigens ist der H\u00f6hepunkt der Karriere jedes AlpinistenEiner der schwierigsten (und nach einigen Angaben der schwierigste) Gipfel der WeltGastfreundliches Pakistan mit unnachahmlichem KoloritBester Service der Region: komfortable Zelte, gute Hotels, hervorragender Koch und bew\u00e4hrtes TeamAufstieg im Verh\u00e4ltnis Guide\/Kunde 1\/1 Bitte beachten Sie, dass unser Unternehmen nicht im Bereich des Kaufs oder Verkaufs von Flugtickets und der Ausstellung von Visa t\u00e4tig ist und daher keine Verantwortung f\u00fcr h\u00f6here Gewalt im Zusammenhang mit Fl\u00fcgen und Grenz\u00fcbertritten \u00fcbernimmt.","og_url":"https:\/\/mountainguides.pro\/de\/tours\/climbing\/climb-k2\/","og_site_name":"Mountain Guide","article_publisher":"https:\/\/www.facebook.com\/Mountainguide-232956566756831\/","article_modified_time":"2026-02-03T09:48:07+00:00","og_image":[{"width":1800,"height":1350,"url":"https:\/\/mountainguides.pro\/wp-content\/uploads\/2023\/07\/voshozhdenie-na-k2.jpeg","type":"image\/jpeg"}],"twitter_card":"summary_large_image","twitter_site":"@Wintercyclone","twitter_misc":{"Gesch\u00e4tzte Lesezeit":"1\u00a0Minute"},"schema":{"@context":"https:\/\/schema.org","@graph":[{"@type":"WebPage","@id":"https:\/\/mountainguides.pro\/ar\/tours\/climbing\/climb-k2\/","url":"https:\/\/mountainguides.pro\/ar\/tours\/climbing\/climb-k2\/","name":"Climb K2","isPartOf":{"@id":"https:\/\/mountainguides.pro\/#website"},"primaryImageOfPage":{"@id":"https:\/\/mountainguides.pro\/ar\/tours\/climbing\/climb-k2\/#primaryimage"},"image":{"@id":"https:\/\/mountainguides.pro\/ar\/tours\/climbing\/climb-k2\/#primaryimage"},"thumbnailUrl":"https:\/\/mountainguides.pro\/wp-content\/uploads\/2023\/07\/voshozhdenie-na-k2.jpeg","datePublished":"2023-07-29T00:33:22+00:00","dateModified":"2026-02-03T09:48:07+00:00","breadcrumb":{"@id":"https:\/\/mountainguides.pro\/ar\/tours\/climbing\/climb-k2\/#breadcrumb"},"inLanguage":"de","potentialAction":[{"@type":"ReadAction","target":["https:\/\/mountainguides.pro\/ar\/tours\/climbing\/climb-k2\/"]}]},{"@type":"ImageObject","inLanguage":"de","@id":"https:\/\/mountainguides.pro\/ar\/tours\/climbing\/climb-k2\/#primaryimage","url":"https:\/\/mountainguides.pro\/wp-content\/uploads\/2023\/07\/voshozhdenie-na-k2.jpeg","contentUrl":"https:\/\/mountainguides.pro\/wp-content\/uploads\/2023\/07\/voshozhdenie-na-k2.jpeg","width":1800,"height":1350},{"@type":"BreadcrumbList","@id":"https:\/\/mountainguides.pro\/ar\/tours\/climbing\/climb-k2\/#breadcrumb","itemListElement":[{"@type":"ListItem","position":1,"name":"Home","item":"https:\/\/mountainguides.pro\/de\/"},{"@type":"ListItem","position":2,"name":"\u0627\u0644\u0635\u0639\u0648\u062f \u0625\u0644\u0649 \u0643 -2 (\u062a\u0634\u0648\u063a\u0648\u0631\u064a)"}]},{"@type":"WebSite","@id":"https:\/\/mountainguides.pro\/#website","url":"https:\/\/mountainguides.pro\/","name":"Mountain Guide","description":"We aspire to be the first in everything!","publisher":{"@id":"https:\/\/mountainguides.pro\/#organization"},"potentialAction":[{"@type":"SearchAction","target":{"@type":"EntryPoint","urlTemplate":"https:\/\/mountainguides.pro\/?s={search_term_string}"},"query-input":{"@type":"PropertyValueSpecification","valueRequired":true,"valueName":"search_term_string"}}],"inLanguage":"de"},{"@type":"Organization","@id":"https:\/\/mountainguides.pro\/#organization","name":"Mountain Guide","url":"https:\/\/mountainguides.pro\/","logo":{"@type":"ImageObject","inLanguage":"de","@id":"https:\/\/mountainguides.pro\/#\/schema\/logo\/image\/","url":"https:\/\/mountainguides.pro\/wp-content\/uploads\/2018\/01\/mglogo.jpg","contentUrl":"https:\/\/mountainguides.pro\/wp-content\/uploads\/2018\/01\/mglogo.jpg","width":1200,"height":630,"caption":"Mountain Guide"},"image":{"@id":"https:\/\/mountainguides.pro\/#\/schema\/logo\/image\/"},"sameAs":["https:\/\/www.facebook.com\/Mountainguide-232956566756831\/","https:\/\/x.com\/Wintercyclone","http:\/\/instagram.com\/mountainguide","http:\/\/www.youtube.com\/mountainguide"]}]}},"_links":{"self":[{"href":"https:\/\/mountainguides.pro\/de\/wp-json\/wp\/v2\/product\/19525","targetHints":{"allow":["GET"]}}],"collection":[{"href":"https:\/\/mountainguides.pro\/de\/wp-json\/wp\/v2\/product"}],"about":[{"href":"https:\/\/mountainguides.pro\/de\/wp-json\/wp\/v2\/types\/product"}],"replies":[{"embeddable":true,"href":"https:\/\/mountainguides.pro\/de\/wp-json\/wp\/v2\/comments?post=19525"}],"version-history":[{"count":11,"href":"https:\/\/mountainguides.pro\/de\/wp-json\/wp\/v2\/product\/19525\/revisions"}],"predecessor-version":[{"id":32704,"href":"https:\/\/mountainguides.pro\/de\/wp-json\/wp\/v2\/product\/19525\/revisions\/32704"}],"wp:featuredmedia":[{"embeddable":true,"href":"https:\/\/mountainguides.pro\/de\/wp-json\/wp\/v2\/media\/21443"}],"wp:attachment":[{"href":"https:\/\/mountainguides.pro\/de\/wp-json\/wp\/v2\/media?parent=19525"}],"wp:term":[{"taxonomy":"product_cat","embeddable":true,"href":"https:\/\/mountainguides.pro\/de\/wp-json\/wp\/v2\/product_cat?post=19525"},{"taxonomy":"product_tag","embeddable":true,"href":"https:\/\/mountainguides.pro\/de\/wp-json\/wp\/v2\/product_tag?post=19525"}],"curies":[{"name":"wp","href":"https:\/\/api.w.org\/{rel}","templated":true}]}}