{"id":19533,"date":"2023-07-29T03:36:09","date_gmt":"2023-07-29T00:36:09","guid":{"rendered":"https:\/\/mountainguides.pro\/?post_type=product&#038;p=19533"},"modified":"2026-02-03T12:41:02","modified_gmt":"2026-02-03T09:41:02","slug":"climb-kluchevskaya-sopka-kamchatka","status":"publish","type":"product","link":"https:\/\/mountainguides.pro\/de\/tours\/climbing\/climb-kluchevskaya-sopka-kamchatka\/","title":{"rendered":"Aufstieg zum Klyuchevskaya H\u00fcgel"},"content":{"rendered":"","protected":false},"excerpt":{"rendered":"<p data-start=\"96\" data-end=\"424\">Die Besteigung des Kljutschewskaja Sopka mit einer H\u00f6he von 4754 m ist eine unvergessliche Reise, die Abenteuer, Natur und die einzigartige Atmosph\u00e4re Kamtschatkas vereint. Unser Programm ist so aufgebaut, dass Sie den Aufstieg in vollen Z\u00fcgen genie\u00dfen und alle Vorz\u00fcge eines der erstaunlichsten Vulkane der Welt erleben k\u00f6nnen.<\/p>\n<p data-start=\"426\" data-end=\"861\">Die Route zur Besteigung des Kljutschewskaja Sopka ist so angelegt, dass eine schrittweise Akklimatisation gew\u00e4hrleistet, Risiken minimiert und die M\u00f6glichkeit geboten wird, die Gro\u00dfartigkeit der Halbinsel Kamtschatka zu genie\u00dfen. Im Rahmen des Programms k\u00f6nnen die Teilnehmer die erstaunliche Natur der Region kennenlernen \u2014 von malerischen T\u00e4lern und Thermalquellen bis hin zu atemberaubenden Ausblicken auf die Vulkane Kamtschatkas.<\/p>\n<p data-start=\"863\" data-end=\"890\"><strong data-start=\"863\" data-end=\"890\">Wichtige Informationen:<\/strong><\/p>\n<p data-start=\"1014\" data-end=\"1315\">Die Check-in- und Check-out-Zeiten werden vom Hotel geregelt: Check-in ab 15 Uhr, Check-out bis 11\u201312 Uhr. Das Gep\u00e4ck kann an der Rezeption hinterlegt und die Umgebung erkundet werden, oder \u2014 je nach technischer M\u00f6glichkeit \u2014 gegen Aufpreis ein fr\u00fcher Check-in \/ sp\u00e4ter Check-out organisiert werden.<\/p>\n<p data-start=\"1317\" data-end=\"1430\">F\u00fcr ausl\u00e4ndische Staatsb\u00fcrger stellen wir bei Bedarf Einladungsschreiben f\u00fcr die Teilnahme an unseren Touren aus.<\/p>\n","protected":false},"featured_media":21434,"comment_status":"closed","ping_status":"closed","template":"","meta":{"_acf_changed":false,"footnotes":""},"product_cat":[320],"product_tag":[],"class_list":{"0":"post-19533","1":"product","2":"type-product","3":"status-publish","4":"has-post-thumbnail","6":"product_cat-climbing","8":"first","9":"instock","10":"shipping-taxable","11":"purchasable","12":"product-type-simple"},"acf":[],"yoast_head":"<!-- This site is optimized with the Yoast SEO Premium plugin v26.5 (Yoast SEO v27.3) - https:\/\/yoast.com\/product\/yoast-seo-premium-wordpress\/ -->\n<title>Climb Kluchevskaya Sopka Kamchatka<\/title>\n<meta name=\"robots\" content=\"index, follow, max-snippet:-1, max-image-preview:large, max-video-preview:-1\" \/>\n<link rel=\"canonical\" href=\"https:\/\/mountainguides.pro\/de\/tours\/climbing\/climb-kluchevskaya-sopka-kamchatka\/\" \/>\n<meta property=\"og:locale\" content=\"de_DE\" \/>\n<meta property=\"og:locale:alternate\" content=\"en_US\" \/>\n<meta property=\"og:locale:alternate\" content=\"ru_RU\" \/>\n<meta property=\"og:locale:alternate\" content=\"es\" \/>\n<meta property=\"og:locale:alternate\" content=\"pt\" \/>\n<meta property=\"og:locale:alternate\" content=\"zh\" \/>\n<meta property=\"og:locale:alternate\" content=\"ko\" \/>\n<meta property=\"og:locale:alternate\" content=\"ja\" \/>\n<meta property=\"og:locale:alternate\" content=\"hi\" \/>\n<meta property=\"og:locale:alternate\" content=\"ar\" \/>\n<meta property=\"og:type\" content=\"article\" \/>\n<meta property=\"og:title\" content=\"Aufstieg zum Klyuchevskaya H\u00fcgel\" \/>\n<meta property=\"og:description\" content=\"Die Besteigung des Kljutschewskaja Sopka mit einer H\u00f6he von 4754 m ist eine unvergessliche Reise, die Abenteuer, Natur und die einzigartige Atmosph\u00e4re Kamtschatkas vereint. Unser Programm ist so aufgebaut, dass Sie den Aufstieg in vollen Z\u00fcgen genie\u00dfen und alle Vorz\u00fcge eines der erstaunlichsten Vulkane der Welt erleben k\u00f6nnen. Die Route zur Besteigung des Kljutschewskaja Sopka ist so angelegt, dass eine schrittweise Akklimatisation gew\u00e4hrleistet, Risiken minimiert und die M\u00f6glichkeit geboten wird, die Gro\u00dfartigkeit der Halbinsel Kamtschatka zu genie\u00dfen. Im Rahmen des Programms k\u00f6nnen die Teilnehmer die erstaunliche Natur der Region kennenlernen \u2014 von malerischen T\u00e4lern und Thermalquellen bis hin zu atemberaubenden Ausblicken auf die Vulkane Kamtschatkas. Wichtige Informationen: Die Check-in- und Check-out-Zeiten werden vom Hotel geregelt: Check-in ab 15 Uhr, Check-out bis 11\u201312 Uhr. Das Gep\u00e4ck kann an der Rezeption hinterlegt und die Umgebung erkundet werden, oder \u2014 je nach technischer M\u00f6glichkeit \u2014 gegen Aufpreis ein fr\u00fcher Check-in \/ sp\u00e4ter Check-out organisiert werden. F\u00fcr ausl\u00e4ndische Staatsb\u00fcrger stellen wir bei Bedarf Einladungsschreiben f\u00fcr die Teilnahme an unseren Touren aus.\" \/>\n<meta property=\"og:url\" content=\"https:\/\/mountainguides.pro\/de\/tours\/climbing\/climb-kluchevskaya-sopka-kamchatka\/\" \/>\n<meta property=\"og:site_name\" content=\"Mountain Guide\" \/>\n<meta property=\"article:publisher\" content=\"https:\/\/www.facebook.com\/Mountainguide-232956566756831\/\" \/>\n<meta property=\"article:modified_time\" content=\"2026-02-03T09:41:02+00:00\" \/>\n<meta property=\"og:image\" content=\"https:\/\/mountainguides.pro\/wp-content\/uploads\/2023\/07\/klyuchevskaya-sopka-2.jpeg\" \/>\n\t<meta property=\"og:image:width\" content=\"1800\" \/>\n\t<meta property=\"og:image:height\" content=\"1350\" \/>\n\t<meta property=\"og:image:type\" content=\"image\/jpeg\" \/>\n<meta name=\"twitter:card\" content=\"summary_large_image\" \/>\n<meta name=\"twitter:site\" content=\"@Wintercyclone\" \/>\n<meta name=\"twitter:label1\" content=\"Gesch\u00e4tzte Lesezeit\" \/>\n\t<meta name=\"twitter:data1\" content=\"1\u00a0Minute\" \/>\n<script type=\"application\/ld+json\" class=\"yoast-schema-graph\">{\"@context\":\"https:\\\/\\\/schema.org\",\"@graph\":[{\"@type\":\"WebPage\",\"@id\":\"https:\\\/\\\/mountainguides.pro\\\/ar\\\/tours\\\/climbing\\\/climb-kluchevskaya-sopka-kamchatka\\\/\",\"url\":\"https:\\\/\\\/mountainguides.pro\\\/ar\\\/tours\\\/climbing\\\/climb-kluchevskaya-sopka-kamchatka\\\/\",\"name\":\"Climb Kluchevskaya Sopka Kamchatka\",\"isPartOf\":{\"@id\":\"https:\\\/\\\/mountainguides.pro\\\/#website\"},\"primaryImageOfPage\":{\"@id\":\"https:\\\/\\\/mountainguides.pro\\\/ar\\\/tours\\\/climbing\\\/climb-kluchevskaya-sopka-kamchatka\\\/#primaryimage\"},\"image\":{\"@id\":\"https:\\\/\\\/mountainguides.pro\\\/ar\\\/tours\\\/climbing\\\/climb-kluchevskaya-sopka-kamchatka\\\/#primaryimage\"},\"thumbnailUrl\":\"https:\\\/\\\/mountainguides.pro\\\/wp-content\\\/uploads\\\/2023\\\/07\\\/klyuchevskaya-sopka-2.jpeg\",\"datePublished\":\"2023-07-29T00:36:09+00:00\",\"dateModified\":\"2026-02-03T09:41:02+00:00\",\"breadcrumb\":{\"@id\":\"https:\\\/\\\/mountainguides.pro\\\/ar\\\/tours\\\/climbing\\\/climb-kluchevskaya-sopka-kamchatka\\\/#breadcrumb\"},\"inLanguage\":\"de\",\"potentialAction\":[{\"@type\":\"ReadAction\",\"target\":[\"https:\\\/\\\/mountainguides.pro\\\/ar\\\/tours\\\/climbing\\\/climb-kluchevskaya-sopka-kamchatka\\\/\"]}]},{\"@type\":\"ImageObject\",\"inLanguage\":\"de\",\"@id\":\"https:\\\/\\\/mountainguides.pro\\\/ar\\\/tours\\\/climbing\\\/climb-kluchevskaya-sopka-kamchatka\\\/#primaryimage\",\"url\":\"https:\\\/\\\/mountainguides.pro\\\/wp-content\\\/uploads\\\/2023\\\/07\\\/klyuchevskaya-sopka-2.jpeg\",\"contentUrl\":\"https:\\\/\\\/mountainguides.pro\\\/wp-content\\\/uploads\\\/2023\\\/07\\\/klyuchevskaya-sopka-2.jpeg\",\"width\":1800,\"height\":1350},{\"@type\":\"BreadcrumbList\",\"@id\":\"https:\\\/\\\/mountainguides.pro\\\/ar\\\/tours\\\/climbing\\\/climb-kluchevskaya-sopka-kamchatka\\\/#breadcrumb\",\"itemListElement\":[{\"@type\":\"ListItem\",\"position\":1,\"name\":\"Home\",\"item\":\"https:\\\/\\\/mountainguides.pro\\\/de\\\/\"},{\"@type\":\"ListItem\",\"position\":2,\"name\":\"\u062a\u0633\u0644\u0642 \u0643\u0644\u064a\u0648\u062a\u0634\u064a\u0641\u0633\u0643\u0627\u064a\u0627 \u0633\u0648\u0628\u0643\u0627\"}]},{\"@type\":\"WebSite\",\"@id\":\"https:\\\/\\\/mountainguides.pro\\\/#website\",\"url\":\"https:\\\/\\\/mountainguides.pro\\\/\",\"name\":\"Mountain Guide\",\"description\":\"We aspire to be the first in everything!\",\"publisher\":{\"@id\":\"https:\\\/\\\/mountainguides.pro\\\/#organization\"},\"potentialAction\":[{\"@type\":\"SearchAction\",\"target\":{\"@type\":\"EntryPoint\",\"urlTemplate\":\"https:\\\/\\\/mountainguides.pro\\\/?s={search_term_string}\"},\"query-input\":{\"@type\":\"PropertyValueSpecification\",\"valueRequired\":true,\"valueName\":\"search_term_string\"}}],\"inLanguage\":\"de\"},{\"@type\":\"Organization\",\"@id\":\"https:\\\/\\\/mountainguides.pro\\\/#organization\",\"name\":\"Mountain Guide\",\"url\":\"https:\\\/\\\/mountainguides.pro\\\/\",\"logo\":{\"@type\":\"ImageObject\",\"inLanguage\":\"de\",\"@id\":\"https:\\\/\\\/mountainguides.pro\\\/#\\\/schema\\\/logo\\\/image\\\/\",\"url\":\"https:\\\/\\\/mountainguides.pro\\\/wp-content\\\/uploads\\\/2018\\\/01\\\/mglogo.jpg\",\"contentUrl\":\"https:\\\/\\\/mountainguides.pro\\\/wp-content\\\/uploads\\\/2018\\\/01\\\/mglogo.jpg\",\"width\":1200,\"height\":630,\"caption\":\"Mountain Guide\"},\"image\":{\"@id\":\"https:\\\/\\\/mountainguides.pro\\\/#\\\/schema\\\/logo\\\/image\\\/\"},\"sameAs\":[\"https:\\\/\\\/www.facebook.com\\\/Mountainguide-232956566756831\\\/\",\"https:\\\/\\\/x.com\\\/Wintercyclone\",\"http:\\\/\\\/instagram.com\\\/mountainguide\",\"http:\\\/\\\/www.youtube.com\\\/mountainguide\"]}]}<\/script>\n<!-- \/ Yoast SEO Premium plugin. -->","yoast_head_json":{"title":"Climb Kluchevskaya Sopka Kamchatka","robots":{"index":"index","follow":"follow","max-snippet":"max-snippet:-1","max-image-preview":"max-image-preview:large","max-video-preview":"max-video-preview:-1"},"canonical":"https:\/\/mountainguides.pro\/de\/tours\/climbing\/climb-kluchevskaya-sopka-kamchatka\/","og_locale":"de_DE","og_type":"article","og_title":"[:en]Climb Kluchevskaya Sopka, Kamchatka[:de]Aufstieg zum Klyuchevskaya H\u00fcgel[:es]Ascenso a la Colina klyuchevskaya[:pt]Subir a colina Klyuchevskaya[:zh]\u6500\u767b\u514b\u67f3\u5207\u592b\u706b\u5c71[:ko]\ud074\ub77c\uc774\ube0c\uccb4\ud504\uc2a4\uce74\uc57c \uc18c\ud504\uce74 \ub4f1\ubc18[:ja]\u30af\u30e9\u30a4\u30c1\u30a7\u30d5\u30b9\u30ab\u30e4\u30bd\u30d7\u30ab\u3092\u767b\u308b[:hi]\u0915\u094d\u0932\u093e\u0908\u091a\u0947\u0935\u0938\u094d\u0915\u093e\u092f\u093e \u0938\u094b\u092a\u0915\u093e \u092a\u0930 \u091a\u0922\u093c\u0928\u093e[:ar]\u062a\u0633\u0644\u0642 \u0643\u0644\u064a\u0648\u062a\u0634\u064a\u0641\u0633\u0643\u0627\u064a\u0627 \u0633\u0648\u0628\u0643\u0627[:]","og_description":"Die Besteigung des Kljutschewskaja Sopka mit einer H\u00f6he von 4754 m ist eine unvergessliche Reise, die Abenteuer, Natur und die einzigartige Atmosph\u00e4re Kamtschatkas vereint. Unser Programm ist so aufgebaut, dass Sie den Aufstieg in vollen Z\u00fcgen genie\u00dfen und alle Vorz\u00fcge eines der erstaunlichsten Vulkane der Welt erleben k\u00f6nnen. Die Route zur Besteigung des Kljutschewskaja Sopka ist so angelegt, dass eine schrittweise Akklimatisation gew\u00e4hrleistet, Risiken minimiert und die M\u00f6glichkeit geboten wird, die Gro\u00dfartigkeit der Halbinsel Kamtschatka zu genie\u00dfen. Im Rahmen des Programms k\u00f6nnen die Teilnehmer die erstaunliche Natur der Region kennenlernen \u2014 von malerischen T\u00e4lern und Thermalquellen bis hin zu atemberaubenden Ausblicken auf die Vulkane Kamtschatkas. Wichtige Informationen: Die Check-in- und Check-out-Zeiten werden vom Hotel geregelt: Check-in ab 15 Uhr, Check-out bis 11\u201312 Uhr. Das Gep\u00e4ck kann an der Rezeption hinterlegt und die Umgebung erkundet werden, oder \u2014 je nach technischer M\u00f6glichkeit \u2014 gegen Aufpreis ein fr\u00fcher Check-in \/ sp\u00e4ter Check-out organisiert werden. F\u00fcr ausl\u00e4ndische Staatsb\u00fcrger stellen wir bei Bedarf Einladungsschreiben f\u00fcr die Teilnahme an unseren Touren aus.","og_url":"https:\/\/mountainguides.pro\/de\/tours\/climbing\/climb-kluchevskaya-sopka-kamchatka\/","og_site_name":"Mountain Guide","article_publisher":"https:\/\/www.facebook.com\/Mountainguide-232956566756831\/","article_modified_time":"2026-02-03T09:41:02+00:00","og_image":[{"width":1800,"height":1350,"url":"https:\/\/mountainguides.pro\/wp-content\/uploads\/2023\/07\/klyuchevskaya-sopka-2.jpeg","type":"image\/jpeg"}],"twitter_card":"summary_large_image","twitter_site":"@Wintercyclone","twitter_misc":{"Gesch\u00e4tzte Lesezeit":"1\u00a0Minute"},"schema":{"@context":"https:\/\/schema.org","@graph":[{"@type":"WebPage","@id":"https:\/\/mountainguides.pro\/ar\/tours\/climbing\/climb-kluchevskaya-sopka-kamchatka\/","url":"https:\/\/mountainguides.pro\/ar\/tours\/climbing\/climb-kluchevskaya-sopka-kamchatka\/","name":"Climb Kluchevskaya Sopka Kamchatka","isPartOf":{"@id":"https:\/\/mountainguides.pro\/#website"},"primaryImageOfPage":{"@id":"https:\/\/mountainguides.pro\/ar\/tours\/climbing\/climb-kluchevskaya-sopka-kamchatka\/#primaryimage"},"image":{"@id":"https:\/\/mountainguides.pro\/ar\/tours\/climbing\/climb-kluchevskaya-sopka-kamchatka\/#primaryimage"},"thumbnailUrl":"https:\/\/mountainguides.pro\/wp-content\/uploads\/2023\/07\/klyuchevskaya-sopka-2.jpeg","datePublished":"2023-07-29T00:36:09+00:00","dateModified":"2026-02-03T09:41:02+00:00","breadcrumb":{"@id":"https:\/\/mountainguides.pro\/ar\/tours\/climbing\/climb-kluchevskaya-sopka-kamchatka\/#breadcrumb"},"inLanguage":"de","potentialAction":[{"@type":"ReadAction","target":["https:\/\/mountainguides.pro\/ar\/tours\/climbing\/climb-kluchevskaya-sopka-kamchatka\/"]}]},{"@type":"ImageObject","inLanguage":"de","@id":"https:\/\/mountainguides.pro\/ar\/tours\/climbing\/climb-kluchevskaya-sopka-kamchatka\/#primaryimage","url":"https:\/\/mountainguides.pro\/wp-content\/uploads\/2023\/07\/klyuchevskaya-sopka-2.jpeg","contentUrl":"https:\/\/mountainguides.pro\/wp-content\/uploads\/2023\/07\/klyuchevskaya-sopka-2.jpeg","width":1800,"height":1350},{"@type":"BreadcrumbList","@id":"https:\/\/mountainguides.pro\/ar\/tours\/climbing\/climb-kluchevskaya-sopka-kamchatka\/#breadcrumb","itemListElement":[{"@type":"ListItem","position":1,"name":"Home","item":"https:\/\/mountainguides.pro\/de\/"},{"@type":"ListItem","position":2,"name":"\u062a\u0633\u0644\u0642 \u0643\u0644\u064a\u0648\u062a\u0634\u064a\u0641\u0633\u0643\u0627\u064a\u0627 \u0633\u0648\u0628\u0643\u0627"}]},{"@type":"WebSite","@id":"https:\/\/mountainguides.pro\/#website","url":"https:\/\/mountainguides.pro\/","name":"Mountain Guide","description":"We aspire to be the first in everything!","publisher":{"@id":"https:\/\/mountainguides.pro\/#organization"},"potentialAction":[{"@type":"SearchAction","target":{"@type":"EntryPoint","urlTemplate":"https:\/\/mountainguides.pro\/?s={search_term_string}"},"query-input":{"@type":"PropertyValueSpecification","valueRequired":true,"valueName":"search_term_string"}}],"inLanguage":"de"},{"@type":"Organization","@id":"https:\/\/mountainguides.pro\/#organization","name":"Mountain Guide","url":"https:\/\/mountainguides.pro\/","logo":{"@type":"ImageObject","inLanguage":"de","@id":"https:\/\/mountainguides.pro\/#\/schema\/logo\/image\/","url":"https:\/\/mountainguides.pro\/wp-content\/uploads\/2018\/01\/mglogo.jpg","contentUrl":"https:\/\/mountainguides.pro\/wp-content\/uploads\/2018\/01\/mglogo.jpg","width":1200,"height":630,"caption":"Mountain Guide"},"image":{"@id":"https:\/\/mountainguides.pro\/#\/schema\/logo\/image\/"},"sameAs":["https:\/\/www.facebook.com\/Mountainguide-232956566756831\/","https:\/\/x.com\/Wintercyclone","http:\/\/instagram.com\/mountainguide","http:\/\/www.youtube.com\/mountainguide"]}]}},"_links":{"self":[{"href":"https:\/\/mountainguides.pro\/de\/wp-json\/wp\/v2\/product\/19533","targetHints":{"allow":["GET"]}}],"collection":[{"href":"https:\/\/mountainguides.pro\/de\/wp-json\/wp\/v2\/product"}],"about":[{"href":"https:\/\/mountainguides.pro\/de\/wp-json\/wp\/v2\/types\/product"}],"replies":[{"embeddable":true,"href":"https:\/\/mountainguides.pro\/de\/wp-json\/wp\/v2\/comments?post=19533"}],"version-history":[{"count":13,"href":"https:\/\/mountainguides.pro\/de\/wp-json\/wp\/v2\/product\/19533\/revisions"}],"predecessor-version":[{"id":32703,"href":"https:\/\/mountainguides.pro\/de\/wp-json\/wp\/v2\/product\/19533\/revisions\/32703"}],"wp:featuredmedia":[{"embeddable":true,"href":"https:\/\/mountainguides.pro\/de\/wp-json\/wp\/v2\/media\/21434"}],"wp:attachment":[{"href":"https:\/\/mountainguides.pro\/de\/wp-json\/wp\/v2\/media?parent=19533"}],"wp:term":[{"taxonomy":"product_cat","embeddable":true,"href":"https:\/\/mountainguides.pro\/de\/wp-json\/wp\/v2\/product_cat?post=19533"},{"taxonomy":"product_tag","embeddable":true,"href":"https:\/\/mountainguides.pro\/de\/wp-json\/wp\/v2\/product_tag?post=19533"}],"curies":[{"name":"wp","href":"https:\/\/api.w.org\/{rel}","templated":true}]}}