{"id":19535,"date":"2023-07-29T03:36:58","date_gmt":"2023-07-29T00:36:58","guid":{"rendered":"https:\/\/mountainguides.pro\/?post_type=product&#038;p=19535"},"modified":"2026-02-03T11:24:21","modified_gmt":"2026-02-03T08:24:21","slug":"climb-manaslu","status":"publish","type":"product","link":"https:\/\/mountainguides.pro\/de\/tours\/climbing\/climb-manaslu\/","title":{"rendered":"Manaslu besteigen"},"content":{"rendered":"","protected":false},"excerpt":{"rendered":"<p data-start=\"81\" data-end=\"397\">Die Manaslu-Spitze ist der achtth\u00f6chste Berg der Welt und erreicht 8.163 Meter. Wir werden den Manaslu \u00fcber seine nord\u00f6stliche Wand entlang geneigter Schneeh\u00e4nge besteigen, bevor wir den steilen Schneegrat erreichen, \u00fcber den wir bis zum Gipfel gehen, von wo aus sich ein gro\u00dfartiger Blick auf den Himalaya er\u00f6ffnet.<\/p>\n<p data-start=\"399\" data-end=\"581\">Dies ist ein atemberaubender und majest\u00e4tischer Gipfel, der eine ideale Expedition f\u00fcr diejenigen darstellt, die einen 8000er besteigen m\u00f6chten oder sich auf den Everest vorbereiten.<\/p>\n<p data-start=\"692\" data-end=\"968\">Wir weisen Sie darauf hin, dass unser Unternehmen nicht im Bereich des Kaufs und Verkaufs von Flugtickets und der Ausstellung von Visagenehmigungen t\u00e4tig ist und daher keine Verantwortung im Falle von h\u00f6herer Gewalt im Zusammenhang mit Fl\u00fcgen und Grenz\u00fcbertritten \u00fcbernimmt<\/p>\n","protected":false},"featured_media":19965,"comment_status":"closed","ping_status":"closed","template":"","meta":{"_acf_changed":false,"footnotes":""},"product_cat":[320],"product_tag":[],"class_list":{"0":"post-19535","1":"product","2":"type-product","3":"status-publish","4":"has-post-thumbnail","6":"product_cat-climbing","8":"first","9":"instock","10":"shipping-taxable","11":"purchasable","12":"product-type-simple"},"acf":[],"yoast_head":"<!-- This site is optimized with the Yoast SEO Premium plugin v26.5 (Yoast SEO v27.3) - https:\/\/yoast.com\/product\/yoast-seo-premium-wordpress\/ -->\n<title>Climb Manaslu<\/title>\n<meta name=\"robots\" content=\"index, follow, max-snippet:-1, max-image-preview:large, max-video-preview:-1\" \/>\n<link rel=\"canonical\" href=\"https:\/\/mountainguides.pro\/de\/tours\/climbing\/climb-manaslu\/\" \/>\n<meta property=\"og:locale\" content=\"de_DE\" \/>\n<meta property=\"og:locale:alternate\" content=\"en_US\" \/>\n<meta property=\"og:locale:alternate\" content=\"ru_RU\" \/>\n<meta property=\"og:locale:alternate\" content=\"es\" \/>\n<meta property=\"og:locale:alternate\" content=\"pt\" \/>\n<meta property=\"og:locale:alternate\" content=\"zh\" \/>\n<meta property=\"og:locale:alternate\" content=\"ko\" \/>\n<meta property=\"og:locale:alternate\" content=\"ja\" \/>\n<meta property=\"og:locale:alternate\" content=\"hi\" \/>\n<meta property=\"og:locale:alternate\" content=\"ar\" \/>\n<meta property=\"og:type\" content=\"article\" \/>\n<meta property=\"og:title\" content=\"Manaslu besteigen\" \/>\n<meta property=\"og:description\" content=\"Die Manaslu-Spitze ist der achtth\u00f6chste Berg der Welt und erreicht 8.163 Meter. Wir werden den Manaslu \u00fcber seine nord\u00f6stliche Wand entlang geneigter Schneeh\u00e4nge besteigen, bevor wir den steilen Schneegrat erreichen, \u00fcber den wir bis zum Gipfel gehen, von wo aus sich ein gro\u00dfartiger Blick auf den Himalaya er\u00f6ffnet. Dies ist ein atemberaubender und majest\u00e4tischer Gipfel, der eine ideale Expedition f\u00fcr diejenigen darstellt, die einen 8000er besteigen m\u00f6chten oder sich auf den Everest vorbereiten. Wir weisen Sie darauf hin, dass unser Unternehmen nicht im Bereich des Kaufs und Verkaufs von Flugtickets und der Ausstellung von Visagenehmigungen t\u00e4tig ist und daher keine Verantwortung im Falle von h\u00f6herer Gewalt im Zusammenhang mit Fl\u00fcgen und Grenz\u00fcbertritten \u00fcbernimmt\" \/>\n<meta property=\"og:url\" content=\"https:\/\/mountainguides.pro\/de\/tours\/climbing\/climb-manaslu\/\" \/>\n<meta property=\"og:site_name\" content=\"Mountain Guide\" \/>\n<meta property=\"article:publisher\" content=\"https:\/\/www.facebook.com\/Mountainguide-232956566756831\/\" \/>\n<meta property=\"article:modified_time\" content=\"2026-02-03T08:24:21+00:00\" \/>\n<meta property=\"og:image\" content=\"https:\/\/mountainguides.pro\/wp-content\/uploads\/2023\/07\/voshozhdenie-na-manaslu.jpg\" \/>\n\t<meta property=\"og:image:width\" content=\"1800\" \/>\n\t<meta property=\"og:image:height\" content=\"1350\" \/>\n\t<meta property=\"og:image:type\" content=\"image\/jpeg\" \/>\n<meta name=\"twitter:card\" content=\"summary_large_image\" \/>\n<meta name=\"twitter:site\" content=\"@Wintercyclone\" \/>\n<meta name=\"twitter:label1\" content=\"Gesch\u00e4tzte Lesezeit\" \/>\n\t<meta name=\"twitter:data1\" content=\"1\u00a0Minute\" \/>\n<script type=\"application\/ld+json\" class=\"yoast-schema-graph\">{\"@context\":\"https:\\\/\\\/schema.org\",\"@graph\":[{\"@type\":\"WebPage\",\"@id\":\"https:\\\/\\\/mountainguides.pro\\\/ar\\\/tours\\\/climbing\\\/climb-manaslu\\\/\",\"url\":\"https:\\\/\\\/mountainguides.pro\\\/ar\\\/tours\\\/climbing\\\/climb-manaslu\\\/\",\"name\":\"Climb Manaslu\",\"isPartOf\":{\"@id\":\"https:\\\/\\\/mountainguides.pro\\\/#website\"},\"primaryImageOfPage\":{\"@id\":\"https:\\\/\\\/mountainguides.pro\\\/ar\\\/tours\\\/climbing\\\/climb-manaslu\\\/#primaryimage\"},\"image\":{\"@id\":\"https:\\\/\\\/mountainguides.pro\\\/ar\\\/tours\\\/climbing\\\/climb-manaslu\\\/#primaryimage\"},\"thumbnailUrl\":\"https:\\\/\\\/mountainguides.pro\\\/wp-content\\\/uploads\\\/2023\\\/07\\\/voshozhdenie-na-manaslu.jpg\",\"datePublished\":\"2023-07-29T00:36:58+00:00\",\"dateModified\":\"2026-02-03T08:24:21+00:00\",\"breadcrumb\":{\"@id\":\"https:\\\/\\\/mountainguides.pro\\\/ar\\\/tours\\\/climbing\\\/climb-manaslu\\\/#breadcrumb\"},\"inLanguage\":\"de\",\"potentialAction\":[{\"@type\":\"ReadAction\",\"target\":[\"https:\\\/\\\/mountainguides.pro\\\/ar\\\/tours\\\/climbing\\\/climb-manaslu\\\/\"]}]},{\"@type\":\"ImageObject\",\"inLanguage\":\"de\",\"@id\":\"https:\\\/\\\/mountainguides.pro\\\/ar\\\/tours\\\/climbing\\\/climb-manaslu\\\/#primaryimage\",\"url\":\"https:\\\/\\\/mountainguides.pro\\\/wp-content\\\/uploads\\\/2023\\\/07\\\/voshozhdenie-na-manaslu.jpg\",\"contentUrl\":\"https:\\\/\\\/mountainguides.pro\\\/wp-content\\\/uploads\\\/2023\\\/07\\\/voshozhdenie-na-manaslu.jpg\",\"width\":1800,\"height\":1350},{\"@type\":\"BreadcrumbList\",\"@id\":\"https:\\\/\\\/mountainguides.pro\\\/ar\\\/tours\\\/climbing\\\/climb-manaslu\\\/#breadcrumb\",\"itemListElement\":[{\"@type\":\"ListItem\",\"position\":1,\"name\":\"Home\",\"item\":\"https:\\\/\\\/mountainguides.pro\\\/de\\\/\"},{\"@type\":\"ListItem\",\"position\":2,\"name\":\"\u062a\u0633\u0644\u0642 \u0645\u0627\u0646\u0627\u0633\u0644\u0648\"}]},{\"@type\":\"WebSite\",\"@id\":\"https:\\\/\\\/mountainguides.pro\\\/#website\",\"url\":\"https:\\\/\\\/mountainguides.pro\\\/\",\"name\":\"Mountain Guide\",\"description\":\"We aspire to be the first in everything!\",\"publisher\":{\"@id\":\"https:\\\/\\\/mountainguides.pro\\\/#organization\"},\"potentialAction\":[{\"@type\":\"SearchAction\",\"target\":{\"@type\":\"EntryPoint\",\"urlTemplate\":\"https:\\\/\\\/mountainguides.pro\\\/?s={search_term_string}\"},\"query-input\":{\"@type\":\"PropertyValueSpecification\",\"valueRequired\":true,\"valueName\":\"search_term_string\"}}],\"inLanguage\":\"de\"},{\"@type\":\"Organization\",\"@id\":\"https:\\\/\\\/mountainguides.pro\\\/#organization\",\"name\":\"Mountain Guide\",\"url\":\"https:\\\/\\\/mountainguides.pro\\\/\",\"logo\":{\"@type\":\"ImageObject\",\"inLanguage\":\"de\",\"@id\":\"https:\\\/\\\/mountainguides.pro\\\/#\\\/schema\\\/logo\\\/image\\\/\",\"url\":\"https:\\\/\\\/mountainguides.pro\\\/wp-content\\\/uploads\\\/2018\\\/01\\\/mglogo.jpg\",\"contentUrl\":\"https:\\\/\\\/mountainguides.pro\\\/wp-content\\\/uploads\\\/2018\\\/01\\\/mglogo.jpg\",\"width\":1200,\"height\":630,\"caption\":\"Mountain Guide\"},\"image\":{\"@id\":\"https:\\\/\\\/mountainguides.pro\\\/#\\\/schema\\\/logo\\\/image\\\/\"},\"sameAs\":[\"https:\\\/\\\/www.facebook.com\\\/Mountainguide-232956566756831\\\/\",\"https:\\\/\\\/x.com\\\/Wintercyclone\",\"http:\\\/\\\/instagram.com\\\/mountainguide\",\"http:\\\/\\\/www.youtube.com\\\/mountainguide\"]}]}<\/script>\n<!-- \/ Yoast SEO Premium plugin. -->","yoast_head_json":{"title":"Climb Manaslu","robots":{"index":"index","follow":"follow","max-snippet":"max-snippet:-1","max-image-preview":"max-image-preview:large","max-video-preview":"max-video-preview:-1"},"canonical":"https:\/\/mountainguides.pro\/de\/tours\/climbing\/climb-manaslu\/","og_locale":"de_DE","og_type":"article","og_title":"[:en]Climb Manaslu[:de]Manaslu besteigen[:es]Escalada en manasla[:pt]A ascens\u00e3o de Manasla[:zh]\u6500\u767b\u9a6c\u7eb3\u65af\u9c81\u5cf0[:ko]\ub9c8\ub098\uc2ac\ub8e8 \ub4f1\ubc18[:ja]\u30de\u30ca\u30b9\u30eb\u3092\u767b\u308b[:hi]\u092e\u093e\u0928\u0938\u0932\u0942 \u092a\u0930 \u091a\u0922\u093c\u0928\u093e[:ar]\u062a\u0633\u0644\u0642 \u0645\u0627\u0646\u0627\u0633\u0644\u0648[:]","og_description":"Die Manaslu-Spitze ist der achtth\u00f6chste Berg der Welt und erreicht 8.163 Meter. Wir werden den Manaslu \u00fcber seine nord\u00f6stliche Wand entlang geneigter Schneeh\u00e4nge besteigen, bevor wir den steilen Schneegrat erreichen, \u00fcber den wir bis zum Gipfel gehen, von wo aus sich ein gro\u00dfartiger Blick auf den Himalaya er\u00f6ffnet. Dies ist ein atemberaubender und majest\u00e4tischer Gipfel, der eine ideale Expedition f\u00fcr diejenigen darstellt, die einen 8000er besteigen m\u00f6chten oder sich auf den Everest vorbereiten. Wir weisen Sie darauf hin, dass unser Unternehmen nicht im Bereich des Kaufs und Verkaufs von Flugtickets und der Ausstellung von Visagenehmigungen t\u00e4tig ist und daher keine Verantwortung im Falle von h\u00f6herer Gewalt im Zusammenhang mit Fl\u00fcgen und Grenz\u00fcbertritten \u00fcbernimmt","og_url":"https:\/\/mountainguides.pro\/de\/tours\/climbing\/climb-manaslu\/","og_site_name":"Mountain Guide","article_publisher":"https:\/\/www.facebook.com\/Mountainguide-232956566756831\/","article_modified_time":"2026-02-03T08:24:21+00:00","og_image":[{"width":1800,"height":1350,"url":"https:\/\/mountainguides.pro\/wp-content\/uploads\/2023\/07\/voshozhdenie-na-manaslu.jpg","type":"image\/jpeg"}],"twitter_card":"summary_large_image","twitter_site":"@Wintercyclone","twitter_misc":{"Gesch\u00e4tzte Lesezeit":"1\u00a0Minute"},"schema":{"@context":"https:\/\/schema.org","@graph":[{"@type":"WebPage","@id":"https:\/\/mountainguides.pro\/ar\/tours\/climbing\/climb-manaslu\/","url":"https:\/\/mountainguides.pro\/ar\/tours\/climbing\/climb-manaslu\/","name":"Climb Manaslu","isPartOf":{"@id":"https:\/\/mountainguides.pro\/#website"},"primaryImageOfPage":{"@id":"https:\/\/mountainguides.pro\/ar\/tours\/climbing\/climb-manaslu\/#primaryimage"},"image":{"@id":"https:\/\/mountainguides.pro\/ar\/tours\/climbing\/climb-manaslu\/#primaryimage"},"thumbnailUrl":"https:\/\/mountainguides.pro\/wp-content\/uploads\/2023\/07\/voshozhdenie-na-manaslu.jpg","datePublished":"2023-07-29T00:36:58+00:00","dateModified":"2026-02-03T08:24:21+00:00","breadcrumb":{"@id":"https:\/\/mountainguides.pro\/ar\/tours\/climbing\/climb-manaslu\/#breadcrumb"},"inLanguage":"de","potentialAction":[{"@type":"ReadAction","target":["https:\/\/mountainguides.pro\/ar\/tours\/climbing\/climb-manaslu\/"]}]},{"@type":"ImageObject","inLanguage":"de","@id":"https:\/\/mountainguides.pro\/ar\/tours\/climbing\/climb-manaslu\/#primaryimage","url":"https:\/\/mountainguides.pro\/wp-content\/uploads\/2023\/07\/voshozhdenie-na-manaslu.jpg","contentUrl":"https:\/\/mountainguides.pro\/wp-content\/uploads\/2023\/07\/voshozhdenie-na-manaslu.jpg","width":1800,"height":1350},{"@type":"BreadcrumbList","@id":"https:\/\/mountainguides.pro\/ar\/tours\/climbing\/climb-manaslu\/#breadcrumb","itemListElement":[{"@type":"ListItem","position":1,"name":"Home","item":"https:\/\/mountainguides.pro\/de\/"},{"@type":"ListItem","position":2,"name":"\u062a\u0633\u0644\u0642 \u0645\u0627\u0646\u0627\u0633\u0644\u0648"}]},{"@type":"WebSite","@id":"https:\/\/mountainguides.pro\/#website","url":"https:\/\/mountainguides.pro\/","name":"Mountain Guide","description":"We aspire to be the first in everything!","publisher":{"@id":"https:\/\/mountainguides.pro\/#organization"},"potentialAction":[{"@type":"SearchAction","target":{"@type":"EntryPoint","urlTemplate":"https:\/\/mountainguides.pro\/?s={search_term_string}"},"query-input":{"@type":"PropertyValueSpecification","valueRequired":true,"valueName":"search_term_string"}}],"inLanguage":"de"},{"@type":"Organization","@id":"https:\/\/mountainguides.pro\/#organization","name":"Mountain Guide","url":"https:\/\/mountainguides.pro\/","logo":{"@type":"ImageObject","inLanguage":"de","@id":"https:\/\/mountainguides.pro\/#\/schema\/logo\/image\/","url":"https:\/\/mountainguides.pro\/wp-content\/uploads\/2018\/01\/mglogo.jpg","contentUrl":"https:\/\/mountainguides.pro\/wp-content\/uploads\/2018\/01\/mglogo.jpg","width":1200,"height":630,"caption":"Mountain Guide"},"image":{"@id":"https:\/\/mountainguides.pro\/#\/schema\/logo\/image\/"},"sameAs":["https:\/\/www.facebook.com\/Mountainguide-232956566756831\/","https:\/\/x.com\/Wintercyclone","http:\/\/instagram.com\/mountainguide","http:\/\/www.youtube.com\/mountainguide"]}]}},"_links":{"self":[{"href":"https:\/\/mountainguides.pro\/de\/wp-json\/wp\/v2\/product\/19535","targetHints":{"allow":["GET"]}}],"collection":[{"href":"https:\/\/mountainguides.pro\/de\/wp-json\/wp\/v2\/product"}],"about":[{"href":"https:\/\/mountainguides.pro\/de\/wp-json\/wp\/v2\/types\/product"}],"replies":[{"embeddable":true,"href":"https:\/\/mountainguides.pro\/de\/wp-json\/wp\/v2\/comments?post=19535"}],"version-history":[{"count":16,"href":"https:\/\/mountainguides.pro\/de\/wp-json\/wp\/v2\/product\/19535\/revisions"}],"predecessor-version":[{"id":32702,"href":"https:\/\/mountainguides.pro\/de\/wp-json\/wp\/v2\/product\/19535\/revisions\/32702"}],"wp:featuredmedia":[{"embeddable":true,"href":"https:\/\/mountainguides.pro\/de\/wp-json\/wp\/v2\/media\/19965"}],"wp:attachment":[{"href":"https:\/\/mountainguides.pro\/de\/wp-json\/wp\/v2\/media?parent=19535"}],"wp:term":[{"taxonomy":"product_cat","embeddable":true,"href":"https:\/\/mountainguides.pro\/de\/wp-json\/wp\/v2\/product_cat?post=19535"},{"taxonomy":"product_tag","embeddable":true,"href":"https:\/\/mountainguides.pro\/de\/wp-json\/wp\/v2\/product_tag?post=19535"}],"curies":[{"name":"wp","href":"https:\/\/api.w.org\/{rel}","templated":true}]}}