{"id":19559,"date":"2024-12-28T14:52:23","date_gmt":"2024-12-28T11:52:23","guid":{"rendered":"https:\/\/mountainguides.pro\/?post_type=product&#038;p=19559"},"modified":"2026-01-29T14:47:26","modified_gmt":"2026-01-29T11:47:26","slug":"ethiopia","status":"publish","type":"product","link":"https:\/\/mountainguides.pro\/de\/tours\/adventure\/ethiopia\/","title":{"rendered":"Tour nach \u00c4thiopien: kosmische Landschaften und die St\u00e4mme des Omo-Tals"},"content":{"rendered":"","protected":false},"excerpt":{"rendered":"<p data-start=\"0\" data-end=\"792\">Uralte St\u00e4mme \u00c4thiopiens: Dorze, Konso, Hamer, Karo, Dasenetsch, Arbore, Ari, Mursi<br data-start=\"83\" data-end=\"86\" \/>Jahrhundertealte Traditionen und einzigartige Rituale<br data-start=\"139\" data-end=\"142\" \/>Komfortables Timing der Reise \u2013 wir verbringen mit den Einheimischen so viel Zeit, wie wir w\u00fcnschen<br data-start=\"241\" data-end=\"244\" \/>Die Geisterstadt Dallol und eine Nacht im Camping mitten in der lebensfeindlichen Afar-Senke<br data-start=\"336\" data-end=\"339\" \/>Salzebenen und Baden im salzigen See Karum<br data-start=\"381\" data-end=\"384\" \/>Au\u00dferirdische Landschaft der Danakil-Senke, Picknick in einer H\u00f6hle unter dem Vulkan und t\u00f6dliche S\u00e4urepools<br data-start=\"492\" data-end=\"495\" \/>Aufstieg zum einzigartigen aktiven Vulkan Erta Ale, der zwei Lavaseen mit brodelnder Lava und Feuerfont\u00e4nen besitzt<br data-start=\"610\" data-end=\"613\" \/>Der Salzsee Afdera und die Gewinnung des schneewei\u00dfen Goldes \u00c4thiopiens<\/p>\n<p data-start=\"794\" data-end=\"1054\"><em data-start=\"794\" data-end=\"1054\">Wir machen darauf aufmerksam, dass unser Unternehmen nicht im Bereich des Kaufs und Verkaufs von Flugtickets sowie der Ausstellung von Visa t\u00e4tig ist und daher keine Verantwortung im Falle h\u00f6herer Gewalt im Zusammenhang mit Fl\u00fcgen und Grenz\u00fcbertritten tr\u00e4gt.<\/em><\/p>\n<p data-start=\"1056\" data-end=\"1079\">Wichtige Informationen:<\/p>\n<p data-start=\"1081\" data-end=\"1605\" data-is-last-node=\"\" data-is-only-node=\"\">Die Check-in- und Check-out-Zeiten werden vom Hotel festgelegt: Check-in ab 15:00 Uhr, Check-out bis 11:00\u201312:00 Uhr. Das Gep\u00e4ck kann an der Rezeption des Hotels hinterlassen werden, um die Stadt zu erkunden, oder \u2013 sofern technisch m\u00f6glich \u2013 gegen Aufpreis ein fr\u00fcher Check-in\/sp\u00e4ter Check-out arrangiert werden.<br data-start=\"1394\" data-end=\"1397\" \/>In \u00c4thiopien kann es Schwierigkeiten beim Umtausch kleiner, abgenutzter und alter (bis 2009 ausgegebener) Dollarscheine geben. Manchmal f\u00e4llt eine zus\u00e4tzliche Geb\u00fchr an, manchmal wird der Umtausch verweigert.<\/p>\n","protected":false},"featured_media":21457,"comment_status":"closed","ping_status":"closed","template":"","meta":{"_acf_changed":false,"footnotes":""},"product_cat":[337],"product_tag":[],"class_list":{"0":"post-19559","1":"product","2":"type-product","3":"status-publish","4":"has-post-thumbnail","6":"product_cat-adventure","8":"first","9":"instock","10":"shipping-taxable","11":"purchasable","12":"product-type-simple"},"acf":[],"yoast_head":"<!-- This site is optimized with the Yoast SEO Premium plugin v26.5 (Yoast SEO v27.3) - https:\/\/yoast.com\/product\/yoast-seo-premium-wordpress\/ -->\n<title>Adventure Ethiopia<\/title>\n<meta name=\"robots\" content=\"index, follow, max-snippet:-1, max-image-preview:large, max-video-preview:-1\" \/>\n<link rel=\"canonical\" href=\"https:\/\/mountainguides.pro\/de\/tours\/adventure\/ethiopia\/\" \/>\n<meta property=\"og:locale\" content=\"de_DE\" \/>\n<meta property=\"og:locale:alternate\" content=\"en_US\" \/>\n<meta property=\"og:locale:alternate\" content=\"ru_RU\" \/>\n<meta property=\"og:locale:alternate\" content=\"es\" \/>\n<meta property=\"og:locale:alternate\" content=\"pt\" \/>\n<meta property=\"og:locale:alternate\" content=\"zh\" \/>\n<meta property=\"og:locale:alternate\" content=\"ko\" \/>\n<meta property=\"og:locale:alternate\" content=\"ja\" \/>\n<meta property=\"og:locale:alternate\" content=\"hi\" \/>\n<meta property=\"og:locale:alternate\" content=\"ar\" \/>\n<meta property=\"og:type\" content=\"article\" \/>\n<meta property=\"og:title\" content=\"Tour nach \u00c4thiopien: kosmische Landschaften und die St\u00e4mme des Omo-Tals\" \/>\n<meta property=\"og:description\" content=\"Uralte St\u00e4mme \u00c4thiopiens: Dorze, Konso, Hamer, Karo, Dasenetsch, Arbore, Ari, MursiJahrhundertealte Traditionen und einzigartige RitualeKomfortables Timing der Reise \u2013 wir verbringen mit den Einheimischen so viel Zeit, wie wir w\u00fcnschenDie Geisterstadt Dallol und eine Nacht im Camping mitten in der lebensfeindlichen Afar-SenkeSalzebenen und Baden im salzigen See KarumAu\u00dferirdische Landschaft der Danakil-Senke, Picknick in einer H\u00f6hle unter dem Vulkan und t\u00f6dliche S\u00e4urepoolsAufstieg zum einzigartigen aktiven Vulkan Erta Ale, der zwei Lavaseen mit brodelnder Lava und Feuerfont\u00e4nen besitztDer Salzsee Afdera und die Gewinnung des schneewei\u00dfen Goldes \u00c4thiopiens Wir machen darauf aufmerksam, dass unser Unternehmen nicht im Bereich des Kaufs und Verkaufs von Flugtickets sowie der Ausstellung von Visa t\u00e4tig ist und daher keine Verantwortung im Falle h\u00f6herer Gewalt im Zusammenhang mit Fl\u00fcgen und Grenz\u00fcbertritten tr\u00e4gt. Wichtige Informationen: Die Check-in- und Check-out-Zeiten werden vom Hotel festgelegt: Check-in ab 15:00 Uhr, Check-out bis 11:00\u201312:00 Uhr. Das Gep\u00e4ck kann an der Rezeption des Hotels hinterlassen werden, um die Stadt zu erkunden, oder \u2013 sofern technisch m\u00f6glich \u2013 gegen Aufpreis ein fr\u00fcher Check-in\/sp\u00e4ter Check-out arrangiert werden.In \u00c4thiopien kann es Schwierigkeiten beim Umtausch kleiner, abgenutzter und alter (bis 2009 ausgegebener) Dollarscheine geben. Manchmal f\u00e4llt eine zus\u00e4tzliche Geb\u00fchr an, manchmal wird der Umtausch verweigert.\" \/>\n<meta property=\"og:url\" content=\"https:\/\/mountainguides.pro\/de\/tours\/adventure\/ethiopia\/\" \/>\n<meta property=\"og:site_name\" content=\"Mountain Guide\" \/>\n<meta property=\"article:publisher\" content=\"https:\/\/www.facebook.com\/Mountainguide-232956566756831\/\" \/>\n<meta property=\"article:modified_time\" content=\"2026-01-29T11:47:26+00:00\" \/>\n<meta property=\"og:image\" content=\"https:\/\/mountainguides.pro\/wp-content\/uploads\/2024\/12\/tur-efiopiya-dolina-omo.jpeg\" \/>\n\t<meta property=\"og:image:width\" content=\"1800\" \/>\n\t<meta property=\"og:image:height\" content=\"1350\" \/>\n\t<meta property=\"og:image:type\" content=\"image\/jpeg\" \/>\n<meta name=\"twitter:card\" content=\"summary_large_image\" \/>\n<meta name=\"twitter:site\" content=\"@Wintercyclone\" \/>\n<meta name=\"twitter:label1\" content=\"Gesch\u00e4tzte Lesezeit\" \/>\n\t<meta name=\"twitter:data1\" content=\"1\u00a0Minute\" \/>\n<script type=\"application\/ld+json\" class=\"yoast-schema-graph\">{\"@context\":\"https:\\\/\\\/schema.org\",\"@graph\":[{\"@type\":\"WebPage\",\"@id\":\"https:\\\/\\\/mountainguides.pro\\\/ar\\\/tours\\\/adventure\\\/ethiopia\\\/\",\"url\":\"https:\\\/\\\/mountainguides.pro\\\/ar\\\/tours\\\/adventure\\\/ethiopia\\\/\",\"name\":\"Adventure Ethiopia\",\"isPartOf\":{\"@id\":\"https:\\\/\\\/mountainguides.pro\\\/#website\"},\"primaryImageOfPage\":{\"@id\":\"https:\\\/\\\/mountainguides.pro\\\/ar\\\/tours\\\/adventure\\\/ethiopia\\\/#primaryimage\"},\"image\":{\"@id\":\"https:\\\/\\\/mountainguides.pro\\\/ar\\\/tours\\\/adventure\\\/ethiopia\\\/#primaryimage\"},\"thumbnailUrl\":\"https:\\\/\\\/mountainguides.pro\\\/wp-content\\\/uploads\\\/2024\\\/12\\\/tur-efiopiya-dolina-omo.jpeg\",\"datePublished\":\"2024-12-28T11:52:23+00:00\",\"dateModified\":\"2026-01-29T11:47:26+00:00\",\"breadcrumb\":{\"@id\":\"https:\\\/\\\/mountainguides.pro\\\/ar\\\/tours\\\/adventure\\\/ethiopia\\\/#breadcrumb\"},\"inLanguage\":\"de\",\"potentialAction\":[{\"@type\":\"ReadAction\",\"target\":[\"https:\\\/\\\/mountainguides.pro\\\/ar\\\/tours\\\/adventure\\\/ethiopia\\\/\"]}]},{\"@type\":\"ImageObject\",\"inLanguage\":\"de\",\"@id\":\"https:\\\/\\\/mountainguides.pro\\\/ar\\\/tours\\\/adventure\\\/ethiopia\\\/#primaryimage\",\"url\":\"https:\\\/\\\/mountainguides.pro\\\/wp-content\\\/uploads\\\/2024\\\/12\\\/tur-efiopiya-dolina-omo.jpeg\",\"contentUrl\":\"https:\\\/\\\/mountainguides.pro\\\/wp-content\\\/uploads\\\/2024\\\/12\\\/tur-efiopiya-dolina-omo.jpeg\",\"width\":1800,\"height\":1350},{\"@type\":\"BreadcrumbList\",\"@id\":\"https:\\\/\\\/mountainguides.pro\\\/ar\\\/tours\\\/adventure\\\/ethiopia\\\/#breadcrumb\",\"itemListElement\":[{\"@type\":\"ListItem\",\"position\":1,\"name\":\"Home\",\"item\":\"https:\\\/\\\/mountainguides.pro\\\/de\\\/\"},{\"@type\":\"ListItem\",\"position\":2,\"name\":\"\u062c\u0648\u0644\u0629 \u0625\u062b\u064a\u0648\u0628\u064a\u0627: \u0627\u0644\u0645\u0646\u0627\u0638\u0631 \u0627\u0644\u0637\u0628\u064a\u0639\u064a\u0629 \u0627\u0644\u0643\u0648\u0646\u064a\u0629 \u0648\u0642\u0628\u0627\u0626\u0644 \u0648\u0627\u062f\u064a \u0623\u0648\u0645\u0648\"}]},{\"@type\":\"WebSite\",\"@id\":\"https:\\\/\\\/mountainguides.pro\\\/#website\",\"url\":\"https:\\\/\\\/mountainguides.pro\\\/\",\"name\":\"Mountain Guide\",\"description\":\"We aspire to be the first in everything!\",\"publisher\":{\"@id\":\"https:\\\/\\\/mountainguides.pro\\\/#organization\"},\"potentialAction\":[{\"@type\":\"SearchAction\",\"target\":{\"@type\":\"EntryPoint\",\"urlTemplate\":\"https:\\\/\\\/mountainguides.pro\\\/?s={search_term_string}\"},\"query-input\":{\"@type\":\"PropertyValueSpecification\",\"valueRequired\":true,\"valueName\":\"search_term_string\"}}],\"inLanguage\":\"de\"},{\"@type\":\"Organization\",\"@id\":\"https:\\\/\\\/mountainguides.pro\\\/#organization\",\"name\":\"Mountain Guide\",\"url\":\"https:\\\/\\\/mountainguides.pro\\\/\",\"logo\":{\"@type\":\"ImageObject\",\"inLanguage\":\"de\",\"@id\":\"https:\\\/\\\/mountainguides.pro\\\/#\\\/schema\\\/logo\\\/image\\\/\",\"url\":\"https:\\\/\\\/mountainguides.pro\\\/wp-content\\\/uploads\\\/2018\\\/01\\\/mglogo.jpg\",\"contentUrl\":\"https:\\\/\\\/mountainguides.pro\\\/wp-content\\\/uploads\\\/2018\\\/01\\\/mglogo.jpg\",\"width\":1200,\"height\":630,\"caption\":\"Mountain Guide\"},\"image\":{\"@id\":\"https:\\\/\\\/mountainguides.pro\\\/#\\\/schema\\\/logo\\\/image\\\/\"},\"sameAs\":[\"https:\\\/\\\/www.facebook.com\\\/Mountainguide-232956566756831\\\/\",\"https:\\\/\\\/x.com\\\/Wintercyclone\",\"http:\\\/\\\/instagram.com\\\/mountainguide\",\"http:\\\/\\\/www.youtube.com\\\/mountainguide\"]}]}<\/script>\n<!-- \/ Yoast SEO Premium plugin. -->","yoast_head_json":{"title":"Adventure Ethiopia","robots":{"index":"index","follow":"follow","max-snippet":"max-snippet:-1","max-image-preview":"max-image-preview:large","max-video-preview":"max-video-preview:-1"},"canonical":"https:\/\/mountainguides.pro\/de\/tours\/adventure\/ethiopia\/","og_locale":"de_DE","og_type":"article","og_title":"[:en]Ethiopia[:de]Tour nach \u00c4thiopien: kosmische Landschaften und die St\u00e4mme des Omo-Tals[:es]Tour a Etiop\u00eda: paisajes espaciales y tribus del valle de Omo[:pt]Excurs\u00e3o \u00e0 Eti\u00f3pia: paisagens espaciais e tribos do Vale do Omo[:zh]\u57c3\u585e\u4fc4\u6bd4\u4e9a\u4e4b\u65c5\uff1a\u5b87\u5b99\u666f\u89c2\u548c\u5965\u83ab\u5c71\u8c37\u90e8\u843d[:ko]\uc5d0\ud2f0\uc624\ud53c\uc544 \ud22c\uc5b4:\uc6b0\uc8fc \ud48d\uacbd\uacfc \uc624\ubaa8 \uacc4\uace1 \ubd80\uc871[:ja]\u30a8\u30c1\u30aa\u30d4\u30a2\u30c4\u30a2\u30fc\uff1a\u5b87\u5b99\u306e\u98a8\u666f\u3068\u30aa\u30e2\u6e13\u8c37\u306e\u90e8\u65cf[:hi]\u0907\u0925\u093f\u092f\u094b\u092a\u093f\u092f\u093e \u091f\u0942\u0930: \u0915\u0949\u0938\u094d\u092e\u093f\u0915 \u0932\u0948\u0902\u0921\u0938\u094d\u0915\u0947\u092a \u0914\u0930 \u0913\u092e\u094b \u0935\u0948\u0932\u0940 \u091f\u094d\u0930\u093e\u0907\u092c\u094d\u0938[:ar]\u062c\u0648\u0644\u0629 \u0625\u062b\u064a\u0648\u0628\u064a\u0627: \u0627\u0644\u0645\u0646\u0627\u0638\u0631 \u0627\u0644\u0637\u0628\u064a\u0639\u064a\u0629 \u0627\u0644\u0643\u0648\u0646\u064a\u0629 \u0648\u0642\u0628\u0627\u0626\u0644 \u0648\u0627\u062f\u064a \u0623\u0648\u0645\u0648[:]","og_description":"Uralte St\u00e4mme \u00c4thiopiens: Dorze, Konso, Hamer, Karo, Dasenetsch, Arbore, Ari, MursiJahrhundertealte Traditionen und einzigartige RitualeKomfortables Timing der Reise \u2013 wir verbringen mit den Einheimischen so viel Zeit, wie wir w\u00fcnschenDie Geisterstadt Dallol und eine Nacht im Camping mitten in der lebensfeindlichen Afar-SenkeSalzebenen und Baden im salzigen See KarumAu\u00dferirdische Landschaft der Danakil-Senke, Picknick in einer H\u00f6hle unter dem Vulkan und t\u00f6dliche S\u00e4urepoolsAufstieg zum einzigartigen aktiven Vulkan Erta Ale, der zwei Lavaseen mit brodelnder Lava und Feuerfont\u00e4nen besitztDer Salzsee Afdera und die Gewinnung des schneewei\u00dfen Goldes \u00c4thiopiens Wir machen darauf aufmerksam, dass unser Unternehmen nicht im Bereich des Kaufs und Verkaufs von Flugtickets sowie der Ausstellung von Visa t\u00e4tig ist und daher keine Verantwortung im Falle h\u00f6herer Gewalt im Zusammenhang mit Fl\u00fcgen und Grenz\u00fcbertritten tr\u00e4gt. Wichtige Informationen: Die Check-in- und Check-out-Zeiten werden vom Hotel festgelegt: Check-in ab 15:00 Uhr, Check-out bis 11:00\u201312:00 Uhr. Das Gep\u00e4ck kann an der Rezeption des Hotels hinterlassen werden, um die Stadt zu erkunden, oder \u2013 sofern technisch m\u00f6glich \u2013 gegen Aufpreis ein fr\u00fcher Check-in\/sp\u00e4ter Check-out arrangiert werden.In \u00c4thiopien kann es Schwierigkeiten beim Umtausch kleiner, abgenutzter und alter (bis 2009 ausgegebener) Dollarscheine geben. Manchmal f\u00e4llt eine zus\u00e4tzliche Geb\u00fchr an, manchmal wird der Umtausch verweigert.","og_url":"https:\/\/mountainguides.pro\/de\/tours\/adventure\/ethiopia\/","og_site_name":"Mountain Guide","article_publisher":"https:\/\/www.facebook.com\/Mountainguide-232956566756831\/","article_modified_time":"2026-01-29T11:47:26+00:00","og_image":[{"width":1800,"height":1350,"url":"https:\/\/mountainguides.pro\/wp-content\/uploads\/2024\/12\/tur-efiopiya-dolina-omo.jpeg","type":"image\/jpeg"}],"twitter_card":"summary_large_image","twitter_site":"@Wintercyclone","twitter_misc":{"Gesch\u00e4tzte Lesezeit":"1\u00a0Minute"},"schema":{"@context":"https:\/\/schema.org","@graph":[{"@type":"WebPage","@id":"https:\/\/mountainguides.pro\/ar\/tours\/adventure\/ethiopia\/","url":"https:\/\/mountainguides.pro\/ar\/tours\/adventure\/ethiopia\/","name":"Adventure Ethiopia","isPartOf":{"@id":"https:\/\/mountainguides.pro\/#website"},"primaryImageOfPage":{"@id":"https:\/\/mountainguides.pro\/ar\/tours\/adventure\/ethiopia\/#primaryimage"},"image":{"@id":"https:\/\/mountainguides.pro\/ar\/tours\/adventure\/ethiopia\/#primaryimage"},"thumbnailUrl":"https:\/\/mountainguides.pro\/wp-content\/uploads\/2024\/12\/tur-efiopiya-dolina-omo.jpeg","datePublished":"2024-12-28T11:52:23+00:00","dateModified":"2026-01-29T11:47:26+00:00","breadcrumb":{"@id":"https:\/\/mountainguides.pro\/ar\/tours\/adventure\/ethiopia\/#breadcrumb"},"inLanguage":"de","potentialAction":[{"@type":"ReadAction","target":["https:\/\/mountainguides.pro\/ar\/tours\/adventure\/ethiopia\/"]}]},{"@type":"ImageObject","inLanguage":"de","@id":"https:\/\/mountainguides.pro\/ar\/tours\/adventure\/ethiopia\/#primaryimage","url":"https:\/\/mountainguides.pro\/wp-content\/uploads\/2024\/12\/tur-efiopiya-dolina-omo.jpeg","contentUrl":"https:\/\/mountainguides.pro\/wp-content\/uploads\/2024\/12\/tur-efiopiya-dolina-omo.jpeg","width":1800,"height":1350},{"@type":"BreadcrumbList","@id":"https:\/\/mountainguides.pro\/ar\/tours\/adventure\/ethiopia\/#breadcrumb","itemListElement":[{"@type":"ListItem","position":1,"name":"Home","item":"https:\/\/mountainguides.pro\/de\/"},{"@type":"ListItem","position":2,"name":"\u062c\u0648\u0644\u0629 \u0625\u062b\u064a\u0648\u0628\u064a\u0627: \u0627\u0644\u0645\u0646\u0627\u0638\u0631 \u0627\u0644\u0637\u0628\u064a\u0639\u064a\u0629 \u0627\u0644\u0643\u0648\u0646\u064a\u0629 \u0648\u0642\u0628\u0627\u0626\u0644 \u0648\u0627\u062f\u064a \u0623\u0648\u0645\u0648"}]},{"@type":"WebSite","@id":"https:\/\/mountainguides.pro\/#website","url":"https:\/\/mountainguides.pro\/","name":"Mountain Guide","description":"We aspire to be the first in everything!","publisher":{"@id":"https:\/\/mountainguides.pro\/#organization"},"potentialAction":[{"@type":"SearchAction","target":{"@type":"EntryPoint","urlTemplate":"https:\/\/mountainguides.pro\/?s={search_term_string}"},"query-input":{"@type":"PropertyValueSpecification","valueRequired":true,"valueName":"search_term_string"}}],"inLanguage":"de"},{"@type":"Organization","@id":"https:\/\/mountainguides.pro\/#organization","name":"Mountain Guide","url":"https:\/\/mountainguides.pro\/","logo":{"@type":"ImageObject","inLanguage":"de","@id":"https:\/\/mountainguides.pro\/#\/schema\/logo\/image\/","url":"https:\/\/mountainguides.pro\/wp-content\/uploads\/2018\/01\/mglogo.jpg","contentUrl":"https:\/\/mountainguides.pro\/wp-content\/uploads\/2018\/01\/mglogo.jpg","width":1200,"height":630,"caption":"Mountain Guide"},"image":{"@id":"https:\/\/mountainguides.pro\/#\/schema\/logo\/image\/"},"sameAs":["https:\/\/www.facebook.com\/Mountainguide-232956566756831\/","https:\/\/x.com\/Wintercyclone","http:\/\/instagram.com\/mountainguide","http:\/\/www.youtube.com\/mountainguide"]}]}},"_links":{"self":[{"href":"https:\/\/mountainguides.pro\/de\/wp-json\/wp\/v2\/product\/19559","targetHints":{"allow":["GET"]}}],"collection":[{"href":"https:\/\/mountainguides.pro\/de\/wp-json\/wp\/v2\/product"}],"about":[{"href":"https:\/\/mountainguides.pro\/de\/wp-json\/wp\/v2\/types\/product"}],"replies":[{"embeddable":true,"href":"https:\/\/mountainguides.pro\/de\/wp-json\/wp\/v2\/comments?post=19559"}],"version-history":[{"count":12,"href":"https:\/\/mountainguides.pro\/de\/wp-json\/wp\/v2\/product\/19559\/revisions"}],"predecessor-version":[{"id":32678,"href":"https:\/\/mountainguides.pro\/de\/wp-json\/wp\/v2\/product\/19559\/revisions\/32678"}],"wp:featuredmedia":[{"embeddable":true,"href":"https:\/\/mountainguides.pro\/de\/wp-json\/wp\/v2\/media\/21457"}],"wp:attachment":[{"href":"https:\/\/mountainguides.pro\/de\/wp-json\/wp\/v2\/media?parent=19559"}],"wp:term":[{"taxonomy":"product_cat","embeddable":true,"href":"https:\/\/mountainguides.pro\/de\/wp-json\/wp\/v2\/product_cat?post=19559"},{"taxonomy":"product_tag","embeddable":true,"href":"https:\/\/mountainguides.pro\/de\/wp-json\/wp\/v2\/product_tag?post=19559"}],"curies":[{"name":"wp","href":"https:\/\/api.w.org\/{rel}","templated":true}]}}