{"id":19738,"date":"2023-11-01T13:54:07","date_gmt":"2023-11-01T10:54:07","guid":{"rendered":"https:\/\/mountainguides.pro\/?post_type=product&#038;p=19738"},"modified":"2026-02-03T10:12:55","modified_gmt":"2026-02-03T07:12:55","slug":"safari-uganda","status":"publish","type":"product","link":"https:\/\/mountainguides.pro\/de\/tours\/safari\/safari-uganda\/","title":{"rendered":"Tour nach Uganda: Wei\u00dfe Nash\u00f6rner und Berggorillas"},"content":{"rendered":"","protected":false},"excerpt":{"rendered":"<p data-start=\"69\" data-end=\"593\">Wei\u00dfe Nash\u00f6rner beim Trekking im Ziwa-Schutzgebiet<br data-start=\"127\" data-end=\"130\" \/>Einzigartige Ausblicke auf den 40-Meter-Murchison-Wasserfall im Murchison-Falls-Nationalpark<br data-start=\"230\" data-end=\"233\" \/>Das gr\u00f6\u00dfte aktive Lavasee der Welt auf dem Gipfel des Virunga-Vulkans<br data-start=\"310\" data-end=\"313\" \/>Die Big Five Afrikas im Queen-Elizabeth-Nationalpark<br data-start=\"373\" data-end=\"376\" \/>Berggorillas im Dschungel des Bwindi-Waldes<br data-start=\"427\" data-end=\"430\" \/>Nacht auf den schwimmenden Ssese-Inseln und Angeln auf dem Viktoriasee<br data-start=\"508\" data-end=\"511\" \/>Rafting auf den tosenden Wassern des Wei\u00dfen Nils<br data-start=\"567\" data-end=\"570\" \/>Kasubi-K\u00f6nigsgr\u00e4ber<\/p>\n<p data-start=\"595\" data-end=\"875\">Bitte beachten Sie, dass unser Unternehmen nicht im Bereich des Kaufs oder Verkaufs von Flugtickets oder der Beantragung von Visagenehmigungen t\u00e4tig ist und daher keine Verantwortung im Falle h\u00f6herer Gewalt im Zusammenhang mit Fl\u00fcgen oder Grenz\u00fcbertritten \u00fcbernimmt.<\/p>\n<p data-start=\"877\" data-end=\"1155\">In Afrika gibt es eine Reihe von Schwierigkeiten beim Umtausch kleiner, abgenutzter oder alter (vor 2009 ausgegebener) US-Dollar-Scheine \u2013 bitte ber\u00fccksichtigen Sie dies. In manchen F\u00e4llen bedeutet dies eine zus\u00e4tzliche Geb\u00fchr, in anderen \u2013 eine Ablehnung des Umtauschs.<\/p>\n","protected":false},"featured_media":19740,"comment_status":"closed","ping_status":"closed","template":"","meta":{"_acf_changed":false,"footnotes":""},"product_cat":[339,318,343],"product_tag":[],"class_list":{"0":"post-19738","1":"product","2":"type-product","3":"status-publish","4":"has-post-thumbnail","6":"product_cat-adventure-africa","7":"product_cat-safari","8":"product_cat-safari-africa","10":"first","11":"instock","12":"shipping-taxable","13":"purchasable","14":"product-type-simple"},"acf":[],"yoast_head":"<!-- This site is optimized with the Yoast SEO Premium plugin v26.5 (Yoast SEO v27.3) - https:\/\/yoast.com\/product\/yoast-seo-premium-wordpress\/ -->\n<title>Safari Uganda<\/title>\n<meta name=\"robots\" content=\"index, follow, max-snippet:-1, max-image-preview:large, max-video-preview:-1\" \/>\n<link rel=\"canonical\" href=\"https:\/\/mountainguides.pro\/de\/tours\/safari\/safari-uganda\/\" \/>\n<meta property=\"og:locale\" content=\"de_DE\" \/>\n<meta property=\"og:locale:alternate\" content=\"en_US\" \/>\n<meta property=\"og:locale:alternate\" content=\"ru_RU\" \/>\n<meta property=\"og:locale:alternate\" content=\"es\" \/>\n<meta property=\"og:locale:alternate\" content=\"pt\" \/>\n<meta property=\"og:locale:alternate\" content=\"zh\" \/>\n<meta property=\"og:locale:alternate\" content=\"ko\" \/>\n<meta property=\"og:locale:alternate\" content=\"ja\" \/>\n<meta property=\"og:locale:alternate\" content=\"hi\" \/>\n<meta property=\"og:locale:alternate\" content=\"ar\" \/>\n<meta property=\"og:type\" content=\"article\" \/>\n<meta property=\"og:title\" content=\"Tour nach Uganda: Wei\u00dfe Nash\u00f6rner und Berggorillas\" \/>\n<meta property=\"og:description\" content=\"Wei\u00dfe Nash\u00f6rner beim Trekking im Ziwa-SchutzgebietEinzigartige Ausblicke auf den 40-Meter-Murchison-Wasserfall im Murchison-Falls-NationalparkDas gr\u00f6\u00dfte aktive Lavasee der Welt auf dem Gipfel des Virunga-VulkansDie Big Five Afrikas im Queen-Elizabeth-NationalparkBerggorillas im Dschungel des Bwindi-WaldesNacht auf den schwimmenden Ssese-Inseln und Angeln auf dem ViktoriaseeRafting auf den tosenden Wassern des Wei\u00dfen NilsKasubi-K\u00f6nigsgr\u00e4ber Bitte beachten Sie, dass unser Unternehmen nicht im Bereich des Kaufs oder Verkaufs von Flugtickets oder der Beantragung von Visagenehmigungen t\u00e4tig ist und daher keine Verantwortung im Falle h\u00f6herer Gewalt im Zusammenhang mit Fl\u00fcgen oder Grenz\u00fcbertritten \u00fcbernimmt. In Afrika gibt es eine Reihe von Schwierigkeiten beim Umtausch kleiner, abgenutzter oder alter (vor 2009 ausgegebener) US-Dollar-Scheine \u2013 bitte ber\u00fccksichtigen Sie dies. In manchen F\u00e4llen bedeutet dies eine zus\u00e4tzliche Geb\u00fchr, in anderen \u2013 eine Ablehnung des Umtauschs.\" \/>\n<meta property=\"og:url\" content=\"https:\/\/mountainguides.pro\/de\/tours\/safari\/safari-uganda\/\" \/>\n<meta property=\"og:site_name\" content=\"Mountain Guide\" \/>\n<meta property=\"article:publisher\" content=\"https:\/\/www.facebook.com\/Mountainguide-232956566756831\/\" \/>\n<meta property=\"article:modified_time\" content=\"2026-02-03T07:12:55+00:00\" \/>\n<meta property=\"og:image\" content=\"https:\/\/mountainguides.pro\/wp-content\/uploads\/2023\/11\/Safari-Uganda.jpg\" \/>\n\t<meta property=\"og:image:width\" content=\"2560\" \/>\n\t<meta property=\"og:image:height\" content=\"1920\" \/>\n\t<meta property=\"og:image:type\" content=\"image\/jpeg\" \/>\n<meta name=\"twitter:card\" content=\"summary_large_image\" \/>\n<meta name=\"twitter:site\" content=\"@Wintercyclone\" \/>\n<meta name=\"twitter:label1\" content=\"Gesch\u00e4tzte Lesezeit\" \/>\n\t<meta name=\"twitter:data1\" content=\"1\u00a0Minute\" \/>\n<script type=\"application\/ld+json\" class=\"yoast-schema-graph\">{\"@context\":\"https:\\\/\\\/schema.org\",\"@graph\":[{\"@type\":\"WebPage\",\"@id\":\"https:\\\/\\\/mountainguides.pro\\\/ar\\\/tours\\\/safari\\\/safari-uganda\\\/\",\"url\":\"https:\\\/\\\/mountainguides.pro\\\/ar\\\/tours\\\/safari\\\/safari-uganda\\\/\",\"name\":\"Safari Uganda\",\"isPartOf\":{\"@id\":\"https:\\\/\\\/mountainguides.pro\\\/#website\"},\"primaryImageOfPage\":{\"@id\":\"https:\\\/\\\/mountainguides.pro\\\/ar\\\/tours\\\/safari\\\/safari-uganda\\\/#primaryimage\"},\"image\":{\"@id\":\"https:\\\/\\\/mountainguides.pro\\\/ar\\\/tours\\\/safari\\\/safari-uganda\\\/#primaryimage\"},\"thumbnailUrl\":\"https:\\\/\\\/mountainguides.pro\\\/wp-content\\\/uploads\\\/2023\\\/11\\\/Safari-Uganda.jpg\",\"datePublished\":\"2023-11-01T10:54:07+00:00\",\"dateModified\":\"2026-02-03T07:12:55+00:00\",\"breadcrumb\":{\"@id\":\"https:\\\/\\\/mountainguides.pro\\\/ar\\\/tours\\\/safari\\\/safari-uganda\\\/#breadcrumb\"},\"inLanguage\":\"de\",\"potentialAction\":[{\"@type\":\"ReadAction\",\"target\":[\"https:\\\/\\\/mountainguides.pro\\\/ar\\\/tours\\\/safari\\\/safari-uganda\\\/\"]}]},{\"@type\":\"ImageObject\",\"inLanguage\":\"de\",\"@id\":\"https:\\\/\\\/mountainguides.pro\\\/ar\\\/tours\\\/safari\\\/safari-uganda\\\/#primaryimage\",\"url\":\"https:\\\/\\\/mountainguides.pro\\\/wp-content\\\/uploads\\\/2023\\\/11\\\/Safari-Uganda.jpg\",\"contentUrl\":\"https:\\\/\\\/mountainguides.pro\\\/wp-content\\\/uploads\\\/2023\\\/11\\\/Safari-Uganda.jpg\",\"width\":2560,\"height\":1920},{\"@type\":\"BreadcrumbList\",\"@id\":\"https:\\\/\\\/mountainguides.pro\\\/ar\\\/tours\\\/safari\\\/safari-uganda\\\/#breadcrumb\",\"itemListElement\":[{\"@type\":\"ListItem\",\"position\":1,\"name\":\"Home\",\"item\":\"https:\\\/\\\/mountainguides.pro\\\/de\\\/\"},{\"@type\":\"ListItem\",\"position\":2,\"name\":\"\u062c\u0648\u0644\u0629 \u0623\u0648\u063a\u0646\u062f\u0627: \u0648\u062d\u064a\u062f \u0627\u0644\u0642\u0631\u0646 \u0627\u0644\u0623\u0628\u064a\u0636 \u0648\u0627\u0644\u063a\u0648\u0631\u064a\u0644\u0627 \u0627\u0644\u062c\u0628\u0644\u064a\u0629\"}]},{\"@type\":\"WebSite\",\"@id\":\"https:\\\/\\\/mountainguides.pro\\\/#website\",\"url\":\"https:\\\/\\\/mountainguides.pro\\\/\",\"name\":\"Mountain Guide\",\"description\":\"We aspire to be the first in everything!\",\"publisher\":{\"@id\":\"https:\\\/\\\/mountainguides.pro\\\/#organization\"},\"potentialAction\":[{\"@type\":\"SearchAction\",\"target\":{\"@type\":\"EntryPoint\",\"urlTemplate\":\"https:\\\/\\\/mountainguides.pro\\\/?s={search_term_string}\"},\"query-input\":{\"@type\":\"PropertyValueSpecification\",\"valueRequired\":true,\"valueName\":\"search_term_string\"}}],\"inLanguage\":\"de\"},{\"@type\":\"Organization\",\"@id\":\"https:\\\/\\\/mountainguides.pro\\\/#organization\",\"name\":\"Mountain Guide\",\"url\":\"https:\\\/\\\/mountainguides.pro\\\/\",\"logo\":{\"@type\":\"ImageObject\",\"inLanguage\":\"de\",\"@id\":\"https:\\\/\\\/mountainguides.pro\\\/#\\\/schema\\\/logo\\\/image\\\/\",\"url\":\"https:\\\/\\\/mountainguides.pro\\\/wp-content\\\/uploads\\\/2018\\\/01\\\/mglogo.jpg\",\"contentUrl\":\"https:\\\/\\\/mountainguides.pro\\\/wp-content\\\/uploads\\\/2018\\\/01\\\/mglogo.jpg\",\"width\":1200,\"height\":630,\"caption\":\"Mountain Guide\"},\"image\":{\"@id\":\"https:\\\/\\\/mountainguides.pro\\\/#\\\/schema\\\/logo\\\/image\\\/\"},\"sameAs\":[\"https:\\\/\\\/www.facebook.com\\\/Mountainguide-232956566756831\\\/\",\"https:\\\/\\\/x.com\\\/Wintercyclone\",\"http:\\\/\\\/instagram.com\\\/mountainguide\",\"http:\\\/\\\/www.youtube.com\\\/mountainguide\"]}]}<\/script>\n<!-- \/ Yoast SEO Premium plugin. -->","yoast_head_json":{"title":"Safari Uganda","robots":{"index":"index","follow":"follow","max-snippet":"max-snippet:-1","max-image-preview":"max-image-preview:large","max-video-preview":"max-video-preview:-1"},"canonical":"https:\/\/mountainguides.pro\/de\/tours\/safari\/safari-uganda\/","og_locale":"de_DE","og_type":"article","og_title":"[:en]Safari Uganda[:de]Tour nach Uganda: Wei\u00dfe Nash\u00f6rner und Berggorillas[:es]Tour a Uganda: rinocerontes blancos y gorilas de monta\u00f1a[:pt]Excurs\u00e3o A Uganda: rinocerontes brancos e gorilas da montanha[:zh]\u4e4c\u5e72\u8fbe\u4e4b\u65c5\uff1a\u767d\u7280\u725b\u548c\u5c71\u5730\u5927\u7329\u7329[:ko]\uc6b0\uac04\ub2e4 \ud22c\uc5b4:\ud770 \ucf54\ubfd4\uc18c\uc640 \uc0b0 \uace0\ub9b4\ub77c[:ja]\u30a6\u30ac\u30f3\u30c0\u30c4\u30a2\u30fc\uff1a\u30db\u30ef\u30a4\u30c8\u30b5\u30a4\u3068\u30de\u30a6\u30f3\u30c6\u30f3\u30b4\u30ea\u30e9[:hi]\u092f\u0941\u0917\u093e\u0902\u0921\u093e \u091f\u0942\u0930: \u0938\u092b\u0947\u0926 \u0917\u0948\u0902\u0921\u0947 \u0914\u0930 \u092a\u0930\u094d\u0935\u0924 \u0917\u094b\u0930\u093f\u0932\u094d\u0932\u093e[:ar]\u062c\u0648\u0644\u0629 \u0623\u0648\u063a\u0646\u062f\u0627: \u0648\u062d\u064a\u062f \u0627\u0644\u0642\u0631\u0646 \u0627\u0644\u0623\u0628\u064a\u0636 \u0648\u0627\u0644\u063a\u0648\u0631\u064a\u0644\u0627 \u0627\u0644\u062c\u0628\u0644\u064a\u0629[:]","og_description":"Wei\u00dfe Nash\u00f6rner beim Trekking im Ziwa-SchutzgebietEinzigartige Ausblicke auf den 40-Meter-Murchison-Wasserfall im Murchison-Falls-NationalparkDas gr\u00f6\u00dfte aktive Lavasee der Welt auf dem Gipfel des Virunga-VulkansDie Big Five Afrikas im Queen-Elizabeth-NationalparkBerggorillas im Dschungel des Bwindi-WaldesNacht auf den schwimmenden Ssese-Inseln und Angeln auf dem ViktoriaseeRafting auf den tosenden Wassern des Wei\u00dfen NilsKasubi-K\u00f6nigsgr\u00e4ber Bitte beachten Sie, dass unser Unternehmen nicht im Bereich des Kaufs oder Verkaufs von Flugtickets oder der Beantragung von Visagenehmigungen t\u00e4tig ist und daher keine Verantwortung im Falle h\u00f6herer Gewalt im Zusammenhang mit Fl\u00fcgen oder Grenz\u00fcbertritten \u00fcbernimmt. In Afrika gibt es eine Reihe von Schwierigkeiten beim Umtausch kleiner, abgenutzter oder alter (vor 2009 ausgegebener) US-Dollar-Scheine \u2013 bitte ber\u00fccksichtigen Sie dies. In manchen F\u00e4llen bedeutet dies eine zus\u00e4tzliche Geb\u00fchr, in anderen \u2013 eine Ablehnung des Umtauschs.","og_url":"https:\/\/mountainguides.pro\/de\/tours\/safari\/safari-uganda\/","og_site_name":"Mountain Guide","article_publisher":"https:\/\/www.facebook.com\/Mountainguide-232956566756831\/","article_modified_time":"2026-02-03T07:12:55+00:00","og_image":[{"width":2560,"height":1920,"url":"https:\/\/mountainguides.pro\/wp-content\/uploads\/2023\/11\/Safari-Uganda.jpg","type":"image\/jpeg"}],"twitter_card":"summary_large_image","twitter_site":"@Wintercyclone","twitter_misc":{"Gesch\u00e4tzte Lesezeit":"1\u00a0Minute"},"schema":{"@context":"https:\/\/schema.org","@graph":[{"@type":"WebPage","@id":"https:\/\/mountainguides.pro\/ar\/tours\/safari\/safari-uganda\/","url":"https:\/\/mountainguides.pro\/ar\/tours\/safari\/safari-uganda\/","name":"Safari Uganda","isPartOf":{"@id":"https:\/\/mountainguides.pro\/#website"},"primaryImageOfPage":{"@id":"https:\/\/mountainguides.pro\/ar\/tours\/safari\/safari-uganda\/#primaryimage"},"image":{"@id":"https:\/\/mountainguides.pro\/ar\/tours\/safari\/safari-uganda\/#primaryimage"},"thumbnailUrl":"https:\/\/mountainguides.pro\/wp-content\/uploads\/2023\/11\/Safari-Uganda.jpg","datePublished":"2023-11-01T10:54:07+00:00","dateModified":"2026-02-03T07:12:55+00:00","breadcrumb":{"@id":"https:\/\/mountainguides.pro\/ar\/tours\/safari\/safari-uganda\/#breadcrumb"},"inLanguage":"de","potentialAction":[{"@type":"ReadAction","target":["https:\/\/mountainguides.pro\/ar\/tours\/safari\/safari-uganda\/"]}]},{"@type":"ImageObject","inLanguage":"de","@id":"https:\/\/mountainguides.pro\/ar\/tours\/safari\/safari-uganda\/#primaryimage","url":"https:\/\/mountainguides.pro\/wp-content\/uploads\/2023\/11\/Safari-Uganda.jpg","contentUrl":"https:\/\/mountainguides.pro\/wp-content\/uploads\/2023\/11\/Safari-Uganda.jpg","width":2560,"height":1920},{"@type":"BreadcrumbList","@id":"https:\/\/mountainguides.pro\/ar\/tours\/safari\/safari-uganda\/#breadcrumb","itemListElement":[{"@type":"ListItem","position":1,"name":"Home","item":"https:\/\/mountainguides.pro\/de\/"},{"@type":"ListItem","position":2,"name":"\u062c\u0648\u0644\u0629 \u0623\u0648\u063a\u0646\u062f\u0627: \u0648\u062d\u064a\u062f \u0627\u0644\u0642\u0631\u0646 \u0627\u0644\u0623\u0628\u064a\u0636 \u0648\u0627\u0644\u063a\u0648\u0631\u064a\u0644\u0627 \u0627\u0644\u062c\u0628\u0644\u064a\u0629"}]},{"@type":"WebSite","@id":"https:\/\/mountainguides.pro\/#website","url":"https:\/\/mountainguides.pro\/","name":"Mountain Guide","description":"We aspire to be the first in everything!","publisher":{"@id":"https:\/\/mountainguides.pro\/#organization"},"potentialAction":[{"@type":"SearchAction","target":{"@type":"EntryPoint","urlTemplate":"https:\/\/mountainguides.pro\/?s={search_term_string}"},"query-input":{"@type":"PropertyValueSpecification","valueRequired":true,"valueName":"search_term_string"}}],"inLanguage":"de"},{"@type":"Organization","@id":"https:\/\/mountainguides.pro\/#organization","name":"Mountain Guide","url":"https:\/\/mountainguides.pro\/","logo":{"@type":"ImageObject","inLanguage":"de","@id":"https:\/\/mountainguides.pro\/#\/schema\/logo\/image\/","url":"https:\/\/mountainguides.pro\/wp-content\/uploads\/2018\/01\/mglogo.jpg","contentUrl":"https:\/\/mountainguides.pro\/wp-content\/uploads\/2018\/01\/mglogo.jpg","width":1200,"height":630,"caption":"Mountain Guide"},"image":{"@id":"https:\/\/mountainguides.pro\/#\/schema\/logo\/image\/"},"sameAs":["https:\/\/www.facebook.com\/Mountainguide-232956566756831\/","https:\/\/x.com\/Wintercyclone","http:\/\/instagram.com\/mountainguide","http:\/\/www.youtube.com\/mountainguide"]}]}},"_links":{"self":[{"href":"https:\/\/mountainguides.pro\/de\/wp-json\/wp\/v2\/product\/19738","targetHints":{"allow":["GET"]}}],"collection":[{"href":"https:\/\/mountainguides.pro\/de\/wp-json\/wp\/v2\/product"}],"about":[{"href":"https:\/\/mountainguides.pro\/de\/wp-json\/wp\/v2\/types\/product"}],"replies":[{"embeddable":true,"href":"https:\/\/mountainguides.pro\/de\/wp-json\/wp\/v2\/comments?post=19738"}],"version-history":[{"count":15,"href":"https:\/\/mountainguides.pro\/de\/wp-json\/wp\/v2\/product\/19738\/revisions"}],"predecessor-version":[{"id":32700,"href":"https:\/\/mountainguides.pro\/de\/wp-json\/wp\/v2\/product\/19738\/revisions\/32700"}],"wp:featuredmedia":[{"embeddable":true,"href":"https:\/\/mountainguides.pro\/de\/wp-json\/wp\/v2\/media\/19740"}],"wp:attachment":[{"href":"https:\/\/mountainguides.pro\/de\/wp-json\/wp\/v2\/media?parent=19738"}],"wp:term":[{"taxonomy":"product_cat","embeddable":true,"href":"https:\/\/mountainguides.pro\/de\/wp-json\/wp\/v2\/product_cat?post=19738"},{"taxonomy":"product_tag","embeddable":true,"href":"https:\/\/mountainguides.pro\/de\/wp-json\/wp\/v2\/product_tag?post=19738"}],"curies":[{"name":"wp","href":"https:\/\/api.w.org\/{rel}","templated":true}]}}