{"id":19750,"date":"2023-11-01T14:51:45","date_gmt":"2023-11-01T11:51:45","guid":{"rendered":"https:\/\/mountainguides.pro\/?post_type=product&#038;p=19750"},"modified":"2026-02-03T09:57:23","modified_gmt":"2026-02-03T06:57:23","slug":"margaret-peak-stanley","status":"publish","type":"product","link":"https:\/\/mountainguides.pro\/de\/tours\/climbing\/margaret-peak-stanley\/","title":{"rendered":"Besteigung des Margaret Peak (Stanley)"},"content":{"rendered":"","protected":false},"excerpt":{"rendered":"<p data-start=\"69\" data-end=\"654\">8-t\u00e4gige Besteigung des in Wolken und Legenden versunkenen Ruwenzori-Gebirgsmassivs<br data-start=\"160\" data-end=\"163\" \/>Der h\u00f6chste Punkt des Trekkings \u2013 Margherita Peak, der dritth\u00f6chste Gipfel des afrikanischen Kontinents, erreicht 5109 Meter \u00fcber dem Meeresspiegel<br data-start=\"322\" data-end=\"325\" \/>G\u00f6ttlicher Sonnenaufgang \u00fcber den Wolken auf einem schneebedeckten Gipfel im Herzen des \u00e4quatorialen Afrikas<br data-start=\"441\" data-end=\"444\" \/>Sicherheit: optimal gew\u00e4hlte Route zur Vermeidung der H\u00f6henkrankheit und erfahrenes Begleitteam<\/p>\n<p data-start=\"656\" data-end=\"935\">Bitte beachten Sie, dass unser Unternehmen nicht im Bereich des Kaufs oder Verkaufs von Flugtickets oder der Erstellung von Visagenehmigungen t\u00e4tig ist und daher keine Verantwortung im Falle h\u00f6herer Gewalt im Zusammenhang mit Fl\u00fcgen oder Grenz\u00fcbertritten \u00fcbernimmt.<\/p>\n<p data-start=\"937\" data-end=\"1215\">In Afrika gibt es eine Reihe von Schwierigkeiten beim Umtausch kleiner, abgenutzter oder alter (vor 2009 ausgegebener) US-Dollar-Scheine \u2013 bitte ber\u00fccksichtigen Sie dies. In manchen F\u00e4llen bedeutet dies eine zus\u00e4tzliche Geb\u00fchr, in anderen \u2013 eine Ablehnung des Umtauschs.<\/p>\n","protected":false},"featured_media":19752,"comment_status":"closed","ping_status":"closed","template":"","meta":{"_acf_changed":false,"footnotes":""},"product_cat":[320],"product_tag":[],"class_list":{"0":"post-19750","1":"product","2":"type-product","3":"status-publish","4":"has-post-thumbnail","6":"product_cat-climbing","8":"first","9":"instock","10":"shipping-taxable","11":"purchasable","12":"product-type-simple"},"acf":[],"yoast_head":"<!-- This site is optimized with the Yoast SEO Premium plugin v26.5 (Yoast SEO v27.3) - https:\/\/yoast.com\/product\/yoast-seo-premium-wordpress\/ -->\n<title>Climb Margaret Peak<\/title>\n<meta name=\"robots\" content=\"index, follow, max-snippet:-1, max-image-preview:large, max-video-preview:-1\" \/>\n<link rel=\"canonical\" href=\"https:\/\/mountainguides.pro\/de\/tours\/climbing\/margaret-peak-stanley\/\" \/>\n<meta property=\"og:locale\" content=\"de_DE\" \/>\n<meta property=\"og:locale:alternate\" content=\"en_US\" \/>\n<meta property=\"og:locale:alternate\" content=\"ru_RU\" \/>\n<meta property=\"og:locale:alternate\" content=\"es\" \/>\n<meta property=\"og:locale:alternate\" content=\"pt\" \/>\n<meta property=\"og:locale:alternate\" content=\"zh\" \/>\n<meta property=\"og:locale:alternate\" content=\"ko\" \/>\n<meta property=\"og:locale:alternate\" content=\"ja\" \/>\n<meta property=\"og:locale:alternate\" content=\"hi\" \/>\n<meta property=\"og:locale:alternate\" content=\"ar\" \/>\n<meta property=\"og:type\" content=\"article\" \/>\n<meta property=\"og:title\" content=\"Besteigung des Margaret Peak (Stanley)\" \/>\n<meta property=\"og:description\" content=\"8-t\u00e4gige Besteigung des in Wolken und Legenden versunkenen Ruwenzori-GebirgsmassivsDer h\u00f6chste Punkt des Trekkings \u2013 Margherita Peak, der dritth\u00f6chste Gipfel des afrikanischen Kontinents, erreicht 5109 Meter \u00fcber dem MeeresspiegelG\u00f6ttlicher Sonnenaufgang \u00fcber den Wolken auf einem schneebedeckten Gipfel im Herzen des \u00e4quatorialen AfrikasSicherheit: optimal gew\u00e4hlte Route zur Vermeidung der H\u00f6henkrankheit und erfahrenes Begleitteam Bitte beachten Sie, dass unser Unternehmen nicht im Bereich des Kaufs oder Verkaufs von Flugtickets oder der Erstellung von Visagenehmigungen t\u00e4tig ist und daher keine Verantwortung im Falle h\u00f6herer Gewalt im Zusammenhang mit Fl\u00fcgen oder Grenz\u00fcbertritten \u00fcbernimmt. In Afrika gibt es eine Reihe von Schwierigkeiten beim Umtausch kleiner, abgenutzter oder alter (vor 2009 ausgegebener) US-Dollar-Scheine \u2013 bitte ber\u00fccksichtigen Sie dies. In manchen F\u00e4llen bedeutet dies eine zus\u00e4tzliche Geb\u00fchr, in anderen \u2013 eine Ablehnung des Umtauschs.\" \/>\n<meta property=\"og:url\" content=\"https:\/\/mountainguides.pro\/de\/tours\/climbing\/margaret-peak-stanley\/\" \/>\n<meta property=\"og:site_name\" content=\"Mountain Guide\" \/>\n<meta property=\"article:publisher\" content=\"https:\/\/www.facebook.com\/Mountainguide-232956566756831\/\" \/>\n<meta property=\"article:modified_time\" content=\"2026-02-03T06:57:23+00:00\" \/>\n<meta property=\"og:image\" content=\"https:\/\/mountainguides.pro\/wp-content\/uploads\/2023\/11\/Margaret-Peak-Stanley.jpeg\" \/>\n\t<meta property=\"og:image:width\" content=\"1800\" \/>\n\t<meta property=\"og:image:height\" content=\"1350\" \/>\n\t<meta property=\"og:image:type\" content=\"image\/jpeg\" \/>\n<meta name=\"twitter:card\" content=\"summary_large_image\" \/>\n<meta name=\"twitter:site\" content=\"@Wintercyclone\" \/>\n<meta name=\"twitter:label1\" content=\"Gesch\u00e4tzte Lesezeit\" \/>\n\t<meta name=\"twitter:data1\" content=\"1\u00a0Minute\" \/>\n<script type=\"application\/ld+json\" class=\"yoast-schema-graph\">{\"@context\":\"https:\\\/\\\/schema.org\",\"@graph\":[{\"@type\":\"WebPage\",\"@id\":\"https:\\\/\\\/mountainguides.pro\\\/ar\\\/tours\\\/climbing\\\/margaret-peak-stanley\\\/\",\"url\":\"https:\\\/\\\/mountainguides.pro\\\/ar\\\/tours\\\/climbing\\\/margaret-peak-stanley\\\/\",\"name\":\"Climb Margaret Peak\",\"isPartOf\":{\"@id\":\"https:\\\/\\\/mountainguides.pro\\\/#website\"},\"primaryImageOfPage\":{\"@id\":\"https:\\\/\\\/mountainguides.pro\\\/ar\\\/tours\\\/climbing\\\/margaret-peak-stanley\\\/#primaryimage\"},\"image\":{\"@id\":\"https:\\\/\\\/mountainguides.pro\\\/ar\\\/tours\\\/climbing\\\/margaret-peak-stanley\\\/#primaryimage\"},\"thumbnailUrl\":\"https:\\\/\\\/mountainguides.pro\\\/wp-content\\\/uploads\\\/2023\\\/11\\\/Margaret-Peak-Stanley.jpeg\",\"datePublished\":\"2023-11-01T11:51:45+00:00\",\"dateModified\":\"2026-02-03T06:57:23+00:00\",\"breadcrumb\":{\"@id\":\"https:\\\/\\\/mountainguides.pro\\\/ar\\\/tours\\\/climbing\\\/margaret-peak-stanley\\\/#breadcrumb\"},\"inLanguage\":\"de\",\"potentialAction\":[{\"@type\":\"ReadAction\",\"target\":[\"https:\\\/\\\/mountainguides.pro\\\/ar\\\/tours\\\/climbing\\\/margaret-peak-stanley\\\/\"]}]},{\"@type\":\"ImageObject\",\"inLanguage\":\"de\",\"@id\":\"https:\\\/\\\/mountainguides.pro\\\/ar\\\/tours\\\/climbing\\\/margaret-peak-stanley\\\/#primaryimage\",\"url\":\"https:\\\/\\\/mountainguides.pro\\\/wp-content\\\/uploads\\\/2023\\\/11\\\/Margaret-Peak-Stanley.jpeg\",\"contentUrl\":\"https:\\\/\\\/mountainguides.pro\\\/wp-content\\\/uploads\\\/2023\\\/11\\\/Margaret-Peak-Stanley.jpeg\",\"width\":1800,\"height\":1350},{\"@type\":\"BreadcrumbList\",\"@id\":\"https:\\\/\\\/mountainguides.pro\\\/ar\\\/tours\\\/climbing\\\/margaret-peak-stanley\\\/#breadcrumb\",\"itemListElement\":[{\"@type\":\"ListItem\",\"position\":1,\"name\":\"Home\",\"item\":\"https:\\\/\\\/mountainguides.pro\\\/de\\\/\"},{\"@type\":\"ListItem\",\"position\":2,\"name\":\"\u062a\u0633\u0644\u0642 \u0642\u0645\u0629 \u0645\u0627\u0631\u063a\u0631\u064a\u062a (\u0633\u062a\u0627\u0646\u0644\u064a)\"}]},{\"@type\":\"WebSite\",\"@id\":\"https:\\\/\\\/mountainguides.pro\\\/#website\",\"url\":\"https:\\\/\\\/mountainguides.pro\\\/\",\"name\":\"Mountain Guide\",\"description\":\"We aspire to be the first in everything!\",\"publisher\":{\"@id\":\"https:\\\/\\\/mountainguides.pro\\\/#organization\"},\"potentialAction\":[{\"@type\":\"SearchAction\",\"target\":{\"@type\":\"EntryPoint\",\"urlTemplate\":\"https:\\\/\\\/mountainguides.pro\\\/?s={search_term_string}\"},\"query-input\":{\"@type\":\"PropertyValueSpecification\",\"valueRequired\":true,\"valueName\":\"search_term_string\"}}],\"inLanguage\":\"de\"},{\"@type\":\"Organization\",\"@id\":\"https:\\\/\\\/mountainguides.pro\\\/#organization\",\"name\":\"Mountain Guide\",\"url\":\"https:\\\/\\\/mountainguides.pro\\\/\",\"logo\":{\"@type\":\"ImageObject\",\"inLanguage\":\"de\",\"@id\":\"https:\\\/\\\/mountainguides.pro\\\/#\\\/schema\\\/logo\\\/image\\\/\",\"url\":\"https:\\\/\\\/mountainguides.pro\\\/wp-content\\\/uploads\\\/2018\\\/01\\\/mglogo.jpg\",\"contentUrl\":\"https:\\\/\\\/mountainguides.pro\\\/wp-content\\\/uploads\\\/2018\\\/01\\\/mglogo.jpg\",\"width\":1200,\"height\":630,\"caption\":\"Mountain Guide\"},\"image\":{\"@id\":\"https:\\\/\\\/mountainguides.pro\\\/#\\\/schema\\\/logo\\\/image\\\/\"},\"sameAs\":[\"https:\\\/\\\/www.facebook.com\\\/Mountainguide-232956566756831\\\/\",\"https:\\\/\\\/x.com\\\/Wintercyclone\",\"http:\\\/\\\/instagram.com\\\/mountainguide\",\"http:\\\/\\\/www.youtube.com\\\/mountainguide\"]}]}<\/script>\n<!-- \/ Yoast SEO Premium plugin. -->","yoast_head_json":{"title":"Climb Margaret Peak","robots":{"index":"index","follow":"follow","max-snippet":"max-snippet:-1","max-image-preview":"max-image-preview:large","max-video-preview":"max-video-preview:-1"},"canonical":"https:\/\/mountainguides.pro\/de\/tours\/climbing\/margaret-peak-stanley\/","og_locale":"de_DE","og_type":"article","og_title":"[:en]Climb Margaret Peak (Stanley)[:de]Besteigung des Margaret Peak (Stanley)[:es]Escalada Margaret Peak (Stanley)[:pt]Escalada no pico de Margaret (Stanley)[:zh]\u6500\u767b\u739b\u683c\u4e3d\u7279\u5cf0\uff08\u65af\u5766\u5229\uff09[:ko]\ub9c8\uac00\ub81b \ud53c\ud06c \ub4f1\ubc18(\uc2a4\ud0e0\ub9ac)[:ja]\u30de\u30fc\u30ac\u30ec\u30c3\u30c8\u30d4\u30fc\u30af\u3092\u767b\u308b\uff08\u30b9\u30bf\u30f3\u30ec\u30fc\uff09[:hi]\u091a\u0922\u093c\u093e\u0908 \u092e\u093e\u0930\u094d\u0917\u0930\u0947\u091f \u092a\u0940\u0915 (\u0938\u094d\u091f\u0947\u0928\u0932\u0940)[:ar]\u062a\u0633\u0644\u0642 \u0642\u0645\u0629 \u0645\u0627\u0631\u063a\u0631\u064a\u062a (\u0633\u062a\u0627\u0646\u0644\u064a)[:]","og_description":"8-t\u00e4gige Besteigung des in Wolken und Legenden versunkenen Ruwenzori-GebirgsmassivsDer h\u00f6chste Punkt des Trekkings \u2013 Margherita Peak, der dritth\u00f6chste Gipfel des afrikanischen Kontinents, erreicht 5109 Meter \u00fcber dem MeeresspiegelG\u00f6ttlicher Sonnenaufgang \u00fcber den Wolken auf einem schneebedeckten Gipfel im Herzen des \u00e4quatorialen AfrikasSicherheit: optimal gew\u00e4hlte Route zur Vermeidung der H\u00f6henkrankheit und erfahrenes Begleitteam Bitte beachten Sie, dass unser Unternehmen nicht im Bereich des Kaufs oder Verkaufs von Flugtickets oder der Erstellung von Visagenehmigungen t\u00e4tig ist und daher keine Verantwortung im Falle h\u00f6herer Gewalt im Zusammenhang mit Fl\u00fcgen oder Grenz\u00fcbertritten \u00fcbernimmt. In Afrika gibt es eine Reihe von Schwierigkeiten beim Umtausch kleiner, abgenutzter oder alter (vor 2009 ausgegebener) US-Dollar-Scheine \u2013 bitte ber\u00fccksichtigen Sie dies. In manchen F\u00e4llen bedeutet dies eine zus\u00e4tzliche Geb\u00fchr, in anderen \u2013 eine Ablehnung des Umtauschs.","og_url":"https:\/\/mountainguides.pro\/de\/tours\/climbing\/margaret-peak-stanley\/","og_site_name":"Mountain Guide","article_publisher":"https:\/\/www.facebook.com\/Mountainguide-232956566756831\/","article_modified_time":"2026-02-03T06:57:23+00:00","og_image":[{"width":1800,"height":1350,"url":"https:\/\/mountainguides.pro\/wp-content\/uploads\/2023\/11\/Margaret-Peak-Stanley.jpeg","type":"image\/jpeg"}],"twitter_card":"summary_large_image","twitter_site":"@Wintercyclone","twitter_misc":{"Gesch\u00e4tzte Lesezeit":"1\u00a0Minute"},"schema":{"@context":"https:\/\/schema.org","@graph":[{"@type":"WebPage","@id":"https:\/\/mountainguides.pro\/ar\/tours\/climbing\/margaret-peak-stanley\/","url":"https:\/\/mountainguides.pro\/ar\/tours\/climbing\/margaret-peak-stanley\/","name":"Climb Margaret Peak","isPartOf":{"@id":"https:\/\/mountainguides.pro\/#website"},"primaryImageOfPage":{"@id":"https:\/\/mountainguides.pro\/ar\/tours\/climbing\/margaret-peak-stanley\/#primaryimage"},"image":{"@id":"https:\/\/mountainguides.pro\/ar\/tours\/climbing\/margaret-peak-stanley\/#primaryimage"},"thumbnailUrl":"https:\/\/mountainguides.pro\/wp-content\/uploads\/2023\/11\/Margaret-Peak-Stanley.jpeg","datePublished":"2023-11-01T11:51:45+00:00","dateModified":"2026-02-03T06:57:23+00:00","breadcrumb":{"@id":"https:\/\/mountainguides.pro\/ar\/tours\/climbing\/margaret-peak-stanley\/#breadcrumb"},"inLanguage":"de","potentialAction":[{"@type":"ReadAction","target":["https:\/\/mountainguides.pro\/ar\/tours\/climbing\/margaret-peak-stanley\/"]}]},{"@type":"ImageObject","inLanguage":"de","@id":"https:\/\/mountainguides.pro\/ar\/tours\/climbing\/margaret-peak-stanley\/#primaryimage","url":"https:\/\/mountainguides.pro\/wp-content\/uploads\/2023\/11\/Margaret-Peak-Stanley.jpeg","contentUrl":"https:\/\/mountainguides.pro\/wp-content\/uploads\/2023\/11\/Margaret-Peak-Stanley.jpeg","width":1800,"height":1350},{"@type":"BreadcrumbList","@id":"https:\/\/mountainguides.pro\/ar\/tours\/climbing\/margaret-peak-stanley\/#breadcrumb","itemListElement":[{"@type":"ListItem","position":1,"name":"Home","item":"https:\/\/mountainguides.pro\/de\/"},{"@type":"ListItem","position":2,"name":"\u062a\u0633\u0644\u0642 \u0642\u0645\u0629 \u0645\u0627\u0631\u063a\u0631\u064a\u062a (\u0633\u062a\u0627\u0646\u0644\u064a)"}]},{"@type":"WebSite","@id":"https:\/\/mountainguides.pro\/#website","url":"https:\/\/mountainguides.pro\/","name":"Mountain Guide","description":"We aspire to be the first in everything!","publisher":{"@id":"https:\/\/mountainguides.pro\/#organization"},"potentialAction":[{"@type":"SearchAction","target":{"@type":"EntryPoint","urlTemplate":"https:\/\/mountainguides.pro\/?s={search_term_string}"},"query-input":{"@type":"PropertyValueSpecification","valueRequired":true,"valueName":"search_term_string"}}],"inLanguage":"de"},{"@type":"Organization","@id":"https:\/\/mountainguides.pro\/#organization","name":"Mountain Guide","url":"https:\/\/mountainguides.pro\/","logo":{"@type":"ImageObject","inLanguage":"de","@id":"https:\/\/mountainguides.pro\/#\/schema\/logo\/image\/","url":"https:\/\/mountainguides.pro\/wp-content\/uploads\/2018\/01\/mglogo.jpg","contentUrl":"https:\/\/mountainguides.pro\/wp-content\/uploads\/2018\/01\/mglogo.jpg","width":1200,"height":630,"caption":"Mountain Guide"},"image":{"@id":"https:\/\/mountainguides.pro\/#\/schema\/logo\/image\/"},"sameAs":["https:\/\/www.facebook.com\/Mountainguide-232956566756831\/","https:\/\/x.com\/Wintercyclone","http:\/\/instagram.com\/mountainguide","http:\/\/www.youtube.com\/mountainguide"]}]}},"_links":{"self":[{"href":"https:\/\/mountainguides.pro\/de\/wp-json\/wp\/v2\/product\/19750","targetHints":{"allow":["GET"]}}],"collection":[{"href":"https:\/\/mountainguides.pro\/de\/wp-json\/wp\/v2\/product"}],"about":[{"href":"https:\/\/mountainguides.pro\/de\/wp-json\/wp\/v2\/types\/product"}],"replies":[{"embeddable":true,"href":"https:\/\/mountainguides.pro\/de\/wp-json\/wp\/v2\/comments?post=19750"}],"version-history":[{"count":14,"href":"https:\/\/mountainguides.pro\/de\/wp-json\/wp\/v2\/product\/19750\/revisions"}],"predecessor-version":[{"id":32698,"href":"https:\/\/mountainguides.pro\/de\/wp-json\/wp\/v2\/product\/19750\/revisions\/32698"}],"wp:featuredmedia":[{"embeddable":true,"href":"https:\/\/mountainguides.pro\/de\/wp-json\/wp\/v2\/media\/19752"}],"wp:attachment":[{"href":"https:\/\/mountainguides.pro\/de\/wp-json\/wp\/v2\/media?parent=19750"}],"wp:term":[{"taxonomy":"product_cat","embeddable":true,"href":"https:\/\/mountainguides.pro\/de\/wp-json\/wp\/v2\/product_cat?post=19750"},{"taxonomy":"product_tag","embeddable":true,"href":"https:\/\/mountainguides.pro\/de\/wp-json\/wp\/v2\/product_tag?post=19750"}],"curies":[{"name":"wp","href":"https:\/\/api.w.org\/{rel}","templated":true}]}}