{"id":19755,"date":"2023-11-01T15:00:38","date_gmt":"2023-11-01T12:00:38","guid":{"rendered":"https:\/\/mountainguides.pro\/?post_type=product&#038;p=19755"},"modified":"2026-02-03T09:48:34","modified_gmt":"2026-02-03T06:48:34","slug":"fisht","status":"publish","type":"product","link":"https:\/\/mountainguides.pro\/de\/tours\/climbing\/fisht\/","title":{"rendered":"Aufstieg zum Fischt"},"content":{"rendered":"","protected":false},"excerpt":{"rendered":"<p data-start=\"69\" data-end=\"1115\">Der Berg Fischt (aus dem Adygischen \u00fcbersetzt \u201eWei\u00dfer Kopf\u201c oder \u201eDer Grauhaarige\u201c) steht unter dem Schutz des Kaukasischen Biosph\u00e4renreservats, wo man eine gro\u00dfe Anzahl einzigartiger Pflanzen finden kann. Er ist Teil des Hauptkaukasusgebirges und teilt territorially die Region Krasnodar und die Republik Adygeja. Fischt zeichnet sich durch seine Zug\u00e4nglichkeit f\u00fcr Anf\u00e4nger sowie als Trainingsgel\u00e4nde f\u00fcr Alpinisten aus. Hier findet man jede Schwierigkeitskategorie von 1B bis 6A. Ein ganzj\u00e4hriger Gletscher und die besonderen Wetterbedingungen machen diesen Berg au\u00dfergew\u00f6hnlich und begehrt bei Abenteuerliebhabern.<br data-start=\"719\" data-end=\"722\" \/>Die beliebteste und zug\u00e4nglichste Variante des Aufstiegs f\u00fchrt \u00fcber den Gro\u00dfen Fischt-Gletscher (1B). Die zweit\u00adschwierigste Route verl\u00e4uft \u00fcber den Kleinen Fischt-Gletscher (2A). Die schwierigsten Routen liegen an den Ostw\u00e4nden des Berges (5A, 6A). Der westliche Teil des Fischt ist bekannt als Ursprung des Baches, der sp\u00e4ter in den beliebten Wasserfall \u201eVodopadisty\u201c m\u00fcndet.<\/p>\n<p data-start=\"1117\" data-end=\"1217\">F\u00fcr ausl\u00e4ndische Staatsb\u00fcrger stellen wir bei Bedarf G\u00e4steeinladungen f\u00fcr unsere Touren aus.<\/p>\n","protected":false},"featured_media":19758,"comment_status":"closed","ping_status":"closed","template":"","meta":{"_acf_changed":false,"footnotes":""},"product_cat":[320],"product_tag":[],"class_list":{"0":"post-19755","1":"product","2":"type-product","3":"status-publish","4":"has-post-thumbnail","6":"product_cat-climbing","8":"first","9":"instock","10":"shipping-taxable","11":"purchasable","12":"product-type-simple"},"acf":[],"yoast_head":"<!-- This site is optimized with the Yoast SEO Premium plugin v26.5 (Yoast SEO v27.3) - https:\/\/yoast.com\/product\/yoast-seo-premium-wordpress\/ -->\n<title>Climb Fisht<\/title>\n<meta name=\"robots\" content=\"index, follow, max-snippet:-1, max-image-preview:large, max-video-preview:-1\" \/>\n<link rel=\"canonical\" href=\"https:\/\/mountainguides.pro\/de\/tours\/climbing\/fisht\/\" \/>\n<meta property=\"og:locale\" content=\"de_DE\" \/>\n<meta property=\"og:locale:alternate\" content=\"en_US\" \/>\n<meta property=\"og:locale:alternate\" content=\"ru_RU\" \/>\n<meta property=\"og:locale:alternate\" content=\"es\" \/>\n<meta property=\"og:locale:alternate\" content=\"pt\" \/>\n<meta property=\"og:locale:alternate\" content=\"zh\" \/>\n<meta property=\"og:locale:alternate\" content=\"ko\" \/>\n<meta property=\"og:locale:alternate\" content=\"ja\" \/>\n<meta property=\"og:locale:alternate\" content=\"hi\" \/>\n<meta property=\"og:locale:alternate\" content=\"ar\" \/>\n<meta property=\"og:type\" content=\"article\" \/>\n<meta property=\"og:title\" content=\"Aufstieg zum Fischt\" \/>\n<meta property=\"og:description\" content=\"Der Berg Fischt (aus dem Adygischen \u00fcbersetzt \u201eWei\u00dfer Kopf\u201c oder \u201eDer Grauhaarige\u201c) steht unter dem Schutz des Kaukasischen Biosph\u00e4renreservats, wo man eine gro\u00dfe Anzahl einzigartiger Pflanzen finden kann. Er ist Teil des Hauptkaukasusgebirges und teilt territorially die Region Krasnodar und die Republik Adygeja. Fischt zeichnet sich durch seine Zug\u00e4nglichkeit f\u00fcr Anf\u00e4nger sowie als Trainingsgel\u00e4nde f\u00fcr Alpinisten aus. Hier findet man jede Schwierigkeitskategorie von 1B bis 6A. Ein ganzj\u00e4hriger Gletscher und die besonderen Wetterbedingungen machen diesen Berg au\u00dfergew\u00f6hnlich und begehrt bei Abenteuerliebhabern.Die beliebteste und zug\u00e4nglichste Variante des Aufstiegs f\u00fchrt \u00fcber den Gro\u00dfen Fischt-Gletscher (1B). Die zweit\u00adschwierigste Route verl\u00e4uft \u00fcber den Kleinen Fischt-Gletscher (2A). Die schwierigsten Routen liegen an den Ostw\u00e4nden des Berges (5A, 6A). Der westliche Teil des Fischt ist bekannt als Ursprung des Baches, der sp\u00e4ter in den beliebten Wasserfall \u201eVodopadisty\u201c m\u00fcndet. F\u00fcr ausl\u00e4ndische Staatsb\u00fcrger stellen wir bei Bedarf G\u00e4steeinladungen f\u00fcr unsere Touren aus.\" \/>\n<meta property=\"og:url\" content=\"https:\/\/mountainguides.pro\/de\/tours\/climbing\/fisht\/\" \/>\n<meta property=\"og:site_name\" content=\"Mountain Guide\" \/>\n<meta property=\"article:publisher\" content=\"https:\/\/www.facebook.com\/Mountainguide-232956566756831\/\" \/>\n<meta property=\"article:modified_time\" content=\"2026-02-03T06:48:34+00:00\" \/>\n<meta property=\"og:image\" content=\"https:\/\/mountainguides.pro\/wp-content\/uploads\/2023\/11\/Fisht.jpeg\" \/>\n\t<meta property=\"og:image:width\" content=\"1800\" \/>\n\t<meta property=\"og:image:height\" content=\"1350\" \/>\n\t<meta property=\"og:image:type\" content=\"image\/jpeg\" \/>\n<meta name=\"twitter:card\" content=\"summary_large_image\" \/>\n<meta name=\"twitter:site\" content=\"@Wintercyclone\" \/>\n<meta name=\"twitter:label1\" content=\"Gesch\u00e4tzte Lesezeit\" \/>\n\t<meta name=\"twitter:data1\" content=\"1\u00a0Minute\" \/>\n<script type=\"application\/ld+json\" class=\"yoast-schema-graph\">{\"@context\":\"https:\\\/\\\/schema.org\",\"@graph\":[{\"@type\":\"WebPage\",\"@id\":\"https:\\\/\\\/mountainguides.pro\\\/ar\\\/tours\\\/climbing\\\/fisht\\\/\",\"url\":\"https:\\\/\\\/mountainguides.pro\\\/ar\\\/tours\\\/climbing\\\/fisht\\\/\",\"name\":\"Climb Fisht\",\"isPartOf\":{\"@id\":\"https:\\\/\\\/mountainguides.pro\\\/#website\"},\"primaryImageOfPage\":{\"@id\":\"https:\\\/\\\/mountainguides.pro\\\/ar\\\/tours\\\/climbing\\\/fisht\\\/#primaryimage\"},\"image\":{\"@id\":\"https:\\\/\\\/mountainguides.pro\\\/ar\\\/tours\\\/climbing\\\/fisht\\\/#primaryimage\"},\"thumbnailUrl\":\"https:\\\/\\\/mountainguides.pro\\\/wp-content\\\/uploads\\\/2023\\\/11\\\/Fisht.jpeg\",\"datePublished\":\"2023-11-01T12:00:38+00:00\",\"dateModified\":\"2026-02-03T06:48:34+00:00\",\"breadcrumb\":{\"@id\":\"https:\\\/\\\/mountainguides.pro\\\/ar\\\/tours\\\/climbing\\\/fisht\\\/#breadcrumb\"},\"inLanguage\":\"de\",\"potentialAction\":[{\"@type\":\"ReadAction\",\"target\":[\"https:\\\/\\\/mountainguides.pro\\\/ar\\\/tours\\\/climbing\\\/fisht\\\/\"]}]},{\"@type\":\"ImageObject\",\"inLanguage\":\"de\",\"@id\":\"https:\\\/\\\/mountainguides.pro\\\/ar\\\/tours\\\/climbing\\\/fisht\\\/#primaryimage\",\"url\":\"https:\\\/\\\/mountainguides.pro\\\/wp-content\\\/uploads\\\/2023\\\/11\\\/Fisht.jpeg\",\"contentUrl\":\"https:\\\/\\\/mountainguides.pro\\\/wp-content\\\/uploads\\\/2023\\\/11\\\/Fisht.jpeg\",\"width\":1800,\"height\":1350},{\"@type\":\"BreadcrumbList\",\"@id\":\"https:\\\/\\\/mountainguides.pro\\\/ar\\\/tours\\\/climbing\\\/fisht\\\/#breadcrumb\",\"itemListElement\":[{\"@type\":\"ListItem\",\"position\":1,\"name\":\"Home\",\"item\":\"https:\\\/\\\/mountainguides.pro\\\/de\\\/\"},{\"@type\":\"ListItem\",\"position\":2,\"name\":\"\u062a\u0633\u0644\u0642 \u0641\u064a\u0634\u062a\"}]},{\"@type\":\"WebSite\",\"@id\":\"https:\\\/\\\/mountainguides.pro\\\/#website\",\"url\":\"https:\\\/\\\/mountainguides.pro\\\/\",\"name\":\"Mountain Guide\",\"description\":\"We aspire to be the first in everything!\",\"publisher\":{\"@id\":\"https:\\\/\\\/mountainguides.pro\\\/#organization\"},\"potentialAction\":[{\"@type\":\"SearchAction\",\"target\":{\"@type\":\"EntryPoint\",\"urlTemplate\":\"https:\\\/\\\/mountainguides.pro\\\/?s={search_term_string}\"},\"query-input\":{\"@type\":\"PropertyValueSpecification\",\"valueRequired\":true,\"valueName\":\"search_term_string\"}}],\"inLanguage\":\"de\"},{\"@type\":\"Organization\",\"@id\":\"https:\\\/\\\/mountainguides.pro\\\/#organization\",\"name\":\"Mountain Guide\",\"url\":\"https:\\\/\\\/mountainguides.pro\\\/\",\"logo\":{\"@type\":\"ImageObject\",\"inLanguage\":\"de\",\"@id\":\"https:\\\/\\\/mountainguides.pro\\\/#\\\/schema\\\/logo\\\/image\\\/\",\"url\":\"https:\\\/\\\/mountainguides.pro\\\/wp-content\\\/uploads\\\/2018\\\/01\\\/mglogo.jpg\",\"contentUrl\":\"https:\\\/\\\/mountainguides.pro\\\/wp-content\\\/uploads\\\/2018\\\/01\\\/mglogo.jpg\",\"width\":1200,\"height\":630,\"caption\":\"Mountain Guide\"},\"image\":{\"@id\":\"https:\\\/\\\/mountainguides.pro\\\/#\\\/schema\\\/logo\\\/image\\\/\"},\"sameAs\":[\"https:\\\/\\\/www.facebook.com\\\/Mountainguide-232956566756831\\\/\",\"https:\\\/\\\/x.com\\\/Wintercyclone\",\"http:\\\/\\\/instagram.com\\\/mountainguide\",\"http:\\\/\\\/www.youtube.com\\\/mountainguide\"]}]}<\/script>\n<!-- \/ Yoast SEO Premium plugin. -->","yoast_head_json":{"title":"Climb Fisht","robots":{"index":"index","follow":"follow","max-snippet":"max-snippet:-1","max-image-preview":"max-image-preview:large","max-video-preview":"max-video-preview:-1"},"canonical":"https:\/\/mountainguides.pro\/de\/tours\/climbing\/fisht\/","og_locale":"de_DE","og_type":"article","og_title":"[:en]Climb Fisht[:de]Aufstieg zum Fischt[:es]Escalada en fisht[:pt]Escalada em Fisht[:zh]\u6500\u5ca9\u83f2\u4ec0\u7279[:ko]\ub4f1\uc0b0 \ud53c\uc26c[:ja]\u30af\u30e9\u30a4\u30df\u30f3\u30b0\u30d5\u30a3\u30c3\u30b7\u30e5\u30c8[:hi]\u091a\u0922\u093c\u093e\u0908 \u092b\u093f\u0936\u094d\u091f[:ar]\u062a\u0633\u0644\u0642 \u0641\u064a\u0634\u062a[:]","og_description":"Der Berg Fischt (aus dem Adygischen \u00fcbersetzt \u201eWei\u00dfer Kopf\u201c oder \u201eDer Grauhaarige\u201c) steht unter dem Schutz des Kaukasischen Biosph\u00e4renreservats, wo man eine gro\u00dfe Anzahl einzigartiger Pflanzen finden kann. Er ist Teil des Hauptkaukasusgebirges und teilt territorially die Region Krasnodar und die Republik Adygeja. Fischt zeichnet sich durch seine Zug\u00e4nglichkeit f\u00fcr Anf\u00e4nger sowie als Trainingsgel\u00e4nde f\u00fcr Alpinisten aus. Hier findet man jede Schwierigkeitskategorie von 1B bis 6A. Ein ganzj\u00e4hriger Gletscher und die besonderen Wetterbedingungen machen diesen Berg au\u00dfergew\u00f6hnlich und begehrt bei Abenteuerliebhabern.Die beliebteste und zug\u00e4nglichste Variante des Aufstiegs f\u00fchrt \u00fcber den Gro\u00dfen Fischt-Gletscher (1B). Die zweit\u00adschwierigste Route verl\u00e4uft \u00fcber den Kleinen Fischt-Gletscher (2A). Die schwierigsten Routen liegen an den Ostw\u00e4nden des Berges (5A, 6A). Der westliche Teil des Fischt ist bekannt als Ursprung des Baches, der sp\u00e4ter in den beliebten Wasserfall \u201eVodopadisty\u201c m\u00fcndet. F\u00fcr ausl\u00e4ndische Staatsb\u00fcrger stellen wir bei Bedarf G\u00e4steeinladungen f\u00fcr unsere Touren aus.","og_url":"https:\/\/mountainguides.pro\/de\/tours\/climbing\/fisht\/","og_site_name":"Mountain Guide","article_publisher":"https:\/\/www.facebook.com\/Mountainguide-232956566756831\/","article_modified_time":"2026-02-03T06:48:34+00:00","og_image":[{"width":1800,"height":1350,"url":"https:\/\/mountainguides.pro\/wp-content\/uploads\/2023\/11\/Fisht.jpeg","type":"image\/jpeg"}],"twitter_card":"summary_large_image","twitter_site":"@Wintercyclone","twitter_misc":{"Gesch\u00e4tzte Lesezeit":"1\u00a0Minute"},"schema":{"@context":"https:\/\/schema.org","@graph":[{"@type":"WebPage","@id":"https:\/\/mountainguides.pro\/ar\/tours\/climbing\/fisht\/","url":"https:\/\/mountainguides.pro\/ar\/tours\/climbing\/fisht\/","name":"Climb Fisht","isPartOf":{"@id":"https:\/\/mountainguides.pro\/#website"},"primaryImageOfPage":{"@id":"https:\/\/mountainguides.pro\/ar\/tours\/climbing\/fisht\/#primaryimage"},"image":{"@id":"https:\/\/mountainguides.pro\/ar\/tours\/climbing\/fisht\/#primaryimage"},"thumbnailUrl":"https:\/\/mountainguides.pro\/wp-content\/uploads\/2023\/11\/Fisht.jpeg","datePublished":"2023-11-01T12:00:38+00:00","dateModified":"2026-02-03T06:48:34+00:00","breadcrumb":{"@id":"https:\/\/mountainguides.pro\/ar\/tours\/climbing\/fisht\/#breadcrumb"},"inLanguage":"de","potentialAction":[{"@type":"ReadAction","target":["https:\/\/mountainguides.pro\/ar\/tours\/climbing\/fisht\/"]}]},{"@type":"ImageObject","inLanguage":"de","@id":"https:\/\/mountainguides.pro\/ar\/tours\/climbing\/fisht\/#primaryimage","url":"https:\/\/mountainguides.pro\/wp-content\/uploads\/2023\/11\/Fisht.jpeg","contentUrl":"https:\/\/mountainguides.pro\/wp-content\/uploads\/2023\/11\/Fisht.jpeg","width":1800,"height":1350},{"@type":"BreadcrumbList","@id":"https:\/\/mountainguides.pro\/ar\/tours\/climbing\/fisht\/#breadcrumb","itemListElement":[{"@type":"ListItem","position":1,"name":"Home","item":"https:\/\/mountainguides.pro\/de\/"},{"@type":"ListItem","position":2,"name":"\u062a\u0633\u0644\u0642 \u0641\u064a\u0634\u062a"}]},{"@type":"WebSite","@id":"https:\/\/mountainguides.pro\/#website","url":"https:\/\/mountainguides.pro\/","name":"Mountain Guide","description":"We aspire to be the first in everything!","publisher":{"@id":"https:\/\/mountainguides.pro\/#organization"},"potentialAction":[{"@type":"SearchAction","target":{"@type":"EntryPoint","urlTemplate":"https:\/\/mountainguides.pro\/?s={search_term_string}"},"query-input":{"@type":"PropertyValueSpecification","valueRequired":true,"valueName":"search_term_string"}}],"inLanguage":"de"},{"@type":"Organization","@id":"https:\/\/mountainguides.pro\/#organization","name":"Mountain Guide","url":"https:\/\/mountainguides.pro\/","logo":{"@type":"ImageObject","inLanguage":"de","@id":"https:\/\/mountainguides.pro\/#\/schema\/logo\/image\/","url":"https:\/\/mountainguides.pro\/wp-content\/uploads\/2018\/01\/mglogo.jpg","contentUrl":"https:\/\/mountainguides.pro\/wp-content\/uploads\/2018\/01\/mglogo.jpg","width":1200,"height":630,"caption":"Mountain Guide"},"image":{"@id":"https:\/\/mountainguides.pro\/#\/schema\/logo\/image\/"},"sameAs":["https:\/\/www.facebook.com\/Mountainguide-232956566756831\/","https:\/\/x.com\/Wintercyclone","http:\/\/instagram.com\/mountainguide","http:\/\/www.youtube.com\/mountainguide"]}]}},"_links":{"self":[{"href":"https:\/\/mountainguides.pro\/de\/wp-json\/wp\/v2\/product\/19755","targetHints":{"allow":["GET"]}}],"collection":[{"href":"https:\/\/mountainguides.pro\/de\/wp-json\/wp\/v2\/product"}],"about":[{"href":"https:\/\/mountainguides.pro\/de\/wp-json\/wp\/v2\/types\/product"}],"replies":[{"embeddable":true,"href":"https:\/\/mountainguides.pro\/de\/wp-json\/wp\/v2\/comments?post=19755"}],"version-history":[{"count":13,"href":"https:\/\/mountainguides.pro\/de\/wp-json\/wp\/v2\/product\/19755\/revisions"}],"predecessor-version":[{"id":32697,"href":"https:\/\/mountainguides.pro\/de\/wp-json\/wp\/v2\/product\/19755\/revisions\/32697"}],"wp:featuredmedia":[{"embeddable":true,"href":"https:\/\/mountainguides.pro\/de\/wp-json\/wp\/v2\/media\/19758"}],"wp:attachment":[{"href":"https:\/\/mountainguides.pro\/de\/wp-json\/wp\/v2\/media?parent=19755"}],"wp:term":[{"taxonomy":"product_cat","embeddable":true,"href":"https:\/\/mountainguides.pro\/de\/wp-json\/wp\/v2\/product_cat?post=19755"},{"taxonomy":"product_tag","embeddable":true,"href":"https:\/\/mountainguides.pro\/de\/wp-json\/wp\/v2\/product_tag?post=19755"}],"curies":[{"name":"wp","href":"https:\/\/api.w.org\/{rel}","templated":true}]}}