{"id":19764,"date":"2023-11-01T16:38:56","date_gmt":"2023-11-01T13:38:56","guid":{"rendered":"https:\/\/mountainguides.pro\/?post_type=product&#038;p=19764"},"modified":"2026-04-06T17:13:33","modified_gmt":"2026-04-06T14:13:33","slug":"peru-ancient-inca-culture","status":"publish","type":"product","link":"https:\/\/mountainguides.pro\/de\/tours\/trekking\/peru-ancient-inca-culture\/","title":{"rendered":"Peru-Tour: Die Kultur der alten Inkas"},"content":{"rendered":"","protected":false},"excerpt":{"rendered":"<p data-start=\"78\" data-end=\"1109\">Wir tauchen vollst\u00e4ndig in die Welt der alten Inka-Gemeinschaft ein<br data-start=\"145\" data-end=\"148\" \/>Wir brechen zu einem Trek zu zwei in den Bergen verlorenen St\u00e4dten der Inka auf: Machu Picchu und Choquequirao<br data-start=\"258\" data-end=\"261\" \/>Wir genie\u00dfen ein Abendessen mit Lamasteak und probieren weitere gastronomische K\u00f6stlichkeiten der peruanischen K\u00fcche<br data-start=\"377\" data-end=\"380\" \/>Wir durchqueren den echten Dschungel mit einem lokalen Guide<br data-start=\"440\" data-end=\"443\" data-is-only-node=\"\" \/>Wir \u00fcbernachten auf den schwimmenden Inseln der Uros bei den einheimischen St\u00e4mmen<br data-start=\"525\" data-end=\"528\" \/>Wir steigen auf die Regenbogenberge, die als neues Weltwunder anerkannt sind<br data-start=\"604\" data-end=\"607\" \/>Wir erkunden die Ufer des Titicacasees, wo der Legende nach die Zivilisation der Inka entstand<br data-start=\"701\" data-end=\"704\" \/>Wir \u00fcberwinden den Yanama-Pass, von dem sich ein atemberaubender Blick auf das Tal der Inka er\u00f6ffnet<br data-start=\"804\" data-end=\"807\" \/>Wir spazieren durch die Gassen der alten Stadt Arequipa, die als eine der sch\u00f6nsten St\u00e4dte Perus gilt<br data-start=\"908\" data-end=\"911\" \/>Wir beenden die Reise mit einem Helikopterflug \u00fcber die unglaublichen Nazca-Linien<\/p>\n<p data-start=\"1111\" data-end=\"1358\"><em data-start=\"1111\" data-end=\"1358\">Bitte beachten Sie, dass unser Unternehmen nicht im Bereich des Kaufs oder Verkaufs von Flugtickets und der Beantragung von Visa t\u00e4tig ist und daher keine Verantwortung f\u00fcr h\u00f6here Gewalt im Zusammenhang mit Fl\u00fcgen und Grenz\u00fcbertritten \u00fcbernimm<\/em><\/p>\n","protected":false},"featured_media":19778,"comment_status":"closed","ping_status":"closed","template":"","meta":{"_acf_changed":false,"footnotes":""},"product_cat":[321],"product_tag":[],"class_list":{"0":"post-19764","1":"product","2":"type-product","3":"status-publish","4":"has-post-thumbnail","6":"product_cat-trekking","8":"first","9":"instock","10":"shipping-taxable","11":"purchasable","12":"product-type-simple"},"acf":[],"yoast_head":"<!-- This site is optimized with the Yoast SEO Premium plugin v26.5 (Yoast SEO v27.3) - https:\/\/yoast.com\/product\/yoast-seo-premium-wordpress\/ -->\n<title>Trekking Peru Ancient Inca<\/title>\n<meta name=\"robots\" content=\"index, follow, max-snippet:-1, max-image-preview:large, max-video-preview:-1\" \/>\n<link rel=\"canonical\" href=\"https:\/\/mountainguides.pro\/de\/tours\/trekking\/peru-ancient-inca-culture\/\" \/>\n<meta property=\"og:locale\" content=\"de_DE\" \/>\n<meta property=\"og:locale:alternate\" content=\"en_US\" \/>\n<meta property=\"og:locale:alternate\" content=\"ru_RU\" \/>\n<meta property=\"og:locale:alternate\" content=\"es\" \/>\n<meta property=\"og:locale:alternate\" content=\"pt\" \/>\n<meta property=\"og:locale:alternate\" content=\"zh\" \/>\n<meta property=\"og:locale:alternate\" content=\"ko\" \/>\n<meta property=\"og:locale:alternate\" content=\"ja\" \/>\n<meta property=\"og:locale:alternate\" content=\"hi\" \/>\n<meta property=\"og:locale:alternate\" content=\"ar\" \/>\n<meta property=\"og:type\" content=\"article\" \/>\n<meta property=\"og:title\" content=\"Peru-Tour: Die Kultur der alten Inkas\" \/>\n<meta property=\"og:description\" content=\"Wir tauchen vollst\u00e4ndig in die Welt der alten Inka-Gemeinschaft einWir brechen zu einem Trek zu zwei in den Bergen verlorenen St\u00e4dten der Inka auf: Machu Picchu und ChoquequiraoWir genie\u00dfen ein Abendessen mit Lamasteak und probieren weitere gastronomische K\u00f6stlichkeiten der peruanischen K\u00fccheWir durchqueren den echten Dschungel mit einem lokalen GuideWir \u00fcbernachten auf den schwimmenden Inseln der Uros bei den einheimischen St\u00e4mmenWir steigen auf die Regenbogenberge, die als neues Weltwunder anerkannt sindWir erkunden die Ufer des Titicacasees, wo der Legende nach die Zivilisation der Inka entstandWir \u00fcberwinden den Yanama-Pass, von dem sich ein atemberaubender Blick auf das Tal der Inka er\u00f6ffnetWir spazieren durch die Gassen der alten Stadt Arequipa, die als eine der sch\u00f6nsten St\u00e4dte Perus giltWir beenden die Reise mit einem Helikopterflug \u00fcber die unglaublichen Nazca-Linien Bitte beachten Sie, dass unser Unternehmen nicht im Bereich des Kaufs oder Verkaufs von Flugtickets und der Beantragung von Visa t\u00e4tig ist und daher keine Verantwortung f\u00fcr h\u00f6here Gewalt im Zusammenhang mit Fl\u00fcgen und Grenz\u00fcbertritten \u00fcbernimm\" \/>\n<meta property=\"og:url\" content=\"https:\/\/mountainguides.pro\/de\/tours\/trekking\/peru-ancient-inca-culture\/\" \/>\n<meta property=\"og:site_name\" content=\"Mountain Guide\" \/>\n<meta property=\"article:publisher\" content=\"https:\/\/www.facebook.com\/Mountainguide-232956566756831\/\" \/>\n<meta property=\"article:modified_time\" content=\"2026-04-06T14:13:33+00:00\" \/>\n<meta property=\"og:image\" content=\"https:\/\/mountainguides.pro\/wp-content\/uploads\/2023\/11\/Peru-Culture.jpeg\" \/>\n\t<meta property=\"og:image:width\" content=\"1600\" \/>\n\t<meta property=\"og:image:height\" content=\"1199\" \/>\n\t<meta property=\"og:image:type\" content=\"image\/jpeg\" \/>\n<meta name=\"twitter:card\" content=\"summary_large_image\" \/>\n<meta name=\"twitter:site\" content=\"@Wintercyclone\" \/>\n<meta name=\"twitter:label1\" content=\"Gesch\u00e4tzte Lesezeit\" \/>\n\t<meta name=\"twitter:data1\" content=\"1\u00a0Minute\" \/>\n<script type=\"application\/ld+json\" class=\"yoast-schema-graph\">{\"@context\":\"https:\\\/\\\/schema.org\",\"@graph\":[{\"@type\":\"WebPage\",\"@id\":\"https:\\\/\\\/mountainguides.pro\\\/tours\\\/trekking\\\/peru-ancient-inca-culture\\\/\",\"url\":\"https:\\\/\\\/mountainguides.pro\\\/tours\\\/trekking\\\/peru-ancient-inca-culture\\\/\",\"name\":\"Trekking Peru Ancient Inca\",\"isPartOf\":{\"@id\":\"https:\\\/\\\/mountainguides.pro\\\/#website\"},\"primaryImageOfPage\":{\"@id\":\"https:\\\/\\\/mountainguides.pro\\\/tours\\\/trekking\\\/peru-ancient-inca-culture\\\/#primaryimage\"},\"image\":{\"@id\":\"https:\\\/\\\/mountainguides.pro\\\/tours\\\/trekking\\\/peru-ancient-inca-culture\\\/#primaryimage\"},\"thumbnailUrl\":\"https:\\\/\\\/mountainguides.pro\\\/wp-content\\\/uploads\\\/2023\\\/11\\\/Peru-Culture.jpeg\",\"datePublished\":\"2023-11-01T13:38:56+00:00\",\"dateModified\":\"2026-04-06T14:13:33+00:00\",\"breadcrumb\":{\"@id\":\"https:\\\/\\\/mountainguides.pro\\\/tours\\\/trekking\\\/peru-ancient-inca-culture\\\/#breadcrumb\"},\"inLanguage\":\"de\",\"potentialAction\":[{\"@type\":\"ReadAction\",\"target\":[\"https:\\\/\\\/mountainguides.pro\\\/tours\\\/trekking\\\/peru-ancient-inca-culture\\\/\"]}]},{\"@type\":\"ImageObject\",\"inLanguage\":\"de\",\"@id\":\"https:\\\/\\\/mountainguides.pro\\\/tours\\\/trekking\\\/peru-ancient-inca-culture\\\/#primaryimage\",\"url\":\"https:\\\/\\\/mountainguides.pro\\\/wp-content\\\/uploads\\\/2023\\\/11\\\/Peru-Culture.jpeg\",\"contentUrl\":\"https:\\\/\\\/mountainguides.pro\\\/wp-content\\\/uploads\\\/2023\\\/11\\\/Peru-Culture.jpeg\",\"width\":1600,\"height\":1199},{\"@type\":\"BreadcrumbList\",\"@id\":\"https:\\\/\\\/mountainguides.pro\\\/tours\\\/trekking\\\/peru-ancient-inca-culture\\\/#breadcrumb\",\"itemListElement\":[{\"@type\":\"ListItem\",\"position\":1,\"name\":\"Home\",\"item\":\"https:\\\/\\\/mountainguides.pro\\\/de\\\/\"},{\"@type\":\"ListItem\",\"position\":2,\"name\":\"Peru: Ancient Inca culture\"}]},{\"@type\":\"WebSite\",\"@id\":\"https:\\\/\\\/mountainguides.pro\\\/#website\",\"url\":\"https:\\\/\\\/mountainguides.pro\\\/\",\"name\":\"Mountain Guide\",\"description\":\"We aspire to be the first in everything!\",\"publisher\":{\"@id\":\"https:\\\/\\\/mountainguides.pro\\\/#organization\"},\"potentialAction\":[{\"@type\":\"SearchAction\",\"target\":{\"@type\":\"EntryPoint\",\"urlTemplate\":\"https:\\\/\\\/mountainguides.pro\\\/?s={search_term_string}\"},\"query-input\":{\"@type\":\"PropertyValueSpecification\",\"valueRequired\":true,\"valueName\":\"search_term_string\"}}],\"inLanguage\":\"de\"},{\"@type\":\"Organization\",\"@id\":\"https:\\\/\\\/mountainguides.pro\\\/#organization\",\"name\":\"Mountain Guide\",\"url\":\"https:\\\/\\\/mountainguides.pro\\\/\",\"logo\":{\"@type\":\"ImageObject\",\"inLanguage\":\"de\",\"@id\":\"https:\\\/\\\/mountainguides.pro\\\/#\\\/schema\\\/logo\\\/image\\\/\",\"url\":\"https:\\\/\\\/mountainguides.pro\\\/wp-content\\\/uploads\\\/2018\\\/01\\\/mglogo.jpg\",\"contentUrl\":\"https:\\\/\\\/mountainguides.pro\\\/wp-content\\\/uploads\\\/2018\\\/01\\\/mglogo.jpg\",\"width\":1200,\"height\":630,\"caption\":\"Mountain Guide\"},\"image\":{\"@id\":\"https:\\\/\\\/mountainguides.pro\\\/#\\\/schema\\\/logo\\\/image\\\/\"},\"sameAs\":[\"https:\\\/\\\/www.facebook.com\\\/Mountainguide-232956566756831\\\/\",\"https:\\\/\\\/x.com\\\/Wintercyclone\",\"http:\\\/\\\/instagram.com\\\/mountainguide\",\"http:\\\/\\\/www.youtube.com\\\/mountainguide\"]}]}<\/script>\n<!-- \/ Yoast SEO Premium plugin. -->","yoast_head_json":{"title":"Trekking Peru Ancient Inca","robots":{"index":"index","follow":"follow","max-snippet":"max-snippet:-1","max-image-preview":"max-image-preview:large","max-video-preview":"max-video-preview:-1"},"canonical":"https:\/\/mountainguides.pro\/de\/tours\/trekking\/peru-ancient-inca-culture\/","og_locale":"de_DE","og_type":"article","og_title":"[:en]Peru: Ancient Inca culture[:de]Peru-Tour: Die Kultur der alten Inkas[:es]Tour por Per\u00fa: la Cultura de los antiguos Incas[:pt]Tour no Peru: a cultura dos antigos Incas[:zh]\u79d8\u9c81\u4e4b\u65c5\uff1a\u53e4\u4ee3\u5370\u52a0\u6587\u5316[:ko]\ud398\ub8e8 \ud22c\uc5b4:\uace0\ub300 \uc789\uce74 \ubb38\ud654[:ja]\u30da\u30eb\u30fc\u30c4\u30a2\u30fc\uff1a\u53e4\u4ee3\u30a4\u30f3\u30ab\u6587\u5316[:hi]\u092a\u0947\u0930\u0942 \u092f\u093e\u0924\u094d\u0930\u093e: \u092a\u094d\u0930\u093e\u091a\u0940\u0928 \u0907\u0902\u0915\u093e \u0938\u0902\u0938\u094d\u0915\u0943\u0924\u093f[:ar]\u062c\u0648\u0644\u0629 \u0628\u064a\u0631\u0648: \u062b\u0642\u0627\u0641\u0629 \u0627\u0644\u0625\u0646\u0643\u0627 \u0627\u0644\u0642\u062f\u064a\u0645\u0629[:]","og_description":"Wir tauchen vollst\u00e4ndig in die Welt der alten Inka-Gemeinschaft einWir brechen zu einem Trek zu zwei in den Bergen verlorenen St\u00e4dten der Inka auf: Machu Picchu und ChoquequiraoWir genie\u00dfen ein Abendessen mit Lamasteak und probieren weitere gastronomische K\u00f6stlichkeiten der peruanischen K\u00fccheWir durchqueren den echten Dschungel mit einem lokalen GuideWir \u00fcbernachten auf den schwimmenden Inseln der Uros bei den einheimischen St\u00e4mmenWir steigen auf die Regenbogenberge, die als neues Weltwunder anerkannt sindWir erkunden die Ufer des Titicacasees, wo der Legende nach die Zivilisation der Inka entstandWir \u00fcberwinden den Yanama-Pass, von dem sich ein atemberaubender Blick auf das Tal der Inka er\u00f6ffnetWir spazieren durch die Gassen der alten Stadt Arequipa, die als eine der sch\u00f6nsten St\u00e4dte Perus giltWir beenden die Reise mit einem Helikopterflug \u00fcber die unglaublichen Nazca-Linien Bitte beachten Sie, dass unser Unternehmen nicht im Bereich des Kaufs oder Verkaufs von Flugtickets und der Beantragung von Visa t\u00e4tig ist und daher keine Verantwortung f\u00fcr h\u00f6here Gewalt im Zusammenhang mit Fl\u00fcgen und Grenz\u00fcbertritten \u00fcbernimm","og_url":"https:\/\/mountainguides.pro\/de\/tours\/trekking\/peru-ancient-inca-culture\/","og_site_name":"Mountain Guide","article_publisher":"https:\/\/www.facebook.com\/Mountainguide-232956566756831\/","article_modified_time":"2026-04-06T14:13:33+00:00","og_image":[{"width":1600,"height":1199,"url":"https:\/\/mountainguides.pro\/wp-content\/uploads\/2023\/11\/Peru-Culture.jpeg","type":"image\/jpeg"}],"twitter_card":"summary_large_image","twitter_site":"@Wintercyclone","twitter_misc":{"Gesch\u00e4tzte Lesezeit":"1\u00a0Minute"},"schema":{"@context":"https:\/\/schema.org","@graph":[{"@type":"WebPage","@id":"https:\/\/mountainguides.pro\/tours\/trekking\/peru-ancient-inca-culture\/","url":"https:\/\/mountainguides.pro\/tours\/trekking\/peru-ancient-inca-culture\/","name":"Trekking Peru Ancient Inca","isPartOf":{"@id":"https:\/\/mountainguides.pro\/#website"},"primaryImageOfPage":{"@id":"https:\/\/mountainguides.pro\/tours\/trekking\/peru-ancient-inca-culture\/#primaryimage"},"image":{"@id":"https:\/\/mountainguides.pro\/tours\/trekking\/peru-ancient-inca-culture\/#primaryimage"},"thumbnailUrl":"https:\/\/mountainguides.pro\/wp-content\/uploads\/2023\/11\/Peru-Culture.jpeg","datePublished":"2023-11-01T13:38:56+00:00","dateModified":"2026-04-06T14:13:33+00:00","breadcrumb":{"@id":"https:\/\/mountainguides.pro\/tours\/trekking\/peru-ancient-inca-culture\/#breadcrumb"},"inLanguage":"de","potentialAction":[{"@type":"ReadAction","target":["https:\/\/mountainguides.pro\/tours\/trekking\/peru-ancient-inca-culture\/"]}]},{"@type":"ImageObject","inLanguage":"de","@id":"https:\/\/mountainguides.pro\/tours\/trekking\/peru-ancient-inca-culture\/#primaryimage","url":"https:\/\/mountainguides.pro\/wp-content\/uploads\/2023\/11\/Peru-Culture.jpeg","contentUrl":"https:\/\/mountainguides.pro\/wp-content\/uploads\/2023\/11\/Peru-Culture.jpeg","width":1600,"height":1199},{"@type":"BreadcrumbList","@id":"https:\/\/mountainguides.pro\/tours\/trekking\/peru-ancient-inca-culture\/#breadcrumb","itemListElement":[{"@type":"ListItem","position":1,"name":"Home","item":"https:\/\/mountainguides.pro\/de\/"},{"@type":"ListItem","position":2,"name":"Peru: Ancient Inca culture"}]},{"@type":"WebSite","@id":"https:\/\/mountainguides.pro\/#website","url":"https:\/\/mountainguides.pro\/","name":"Mountain Guide","description":"We aspire to be the first in everything!","publisher":{"@id":"https:\/\/mountainguides.pro\/#organization"},"potentialAction":[{"@type":"SearchAction","target":{"@type":"EntryPoint","urlTemplate":"https:\/\/mountainguides.pro\/?s={search_term_string}"},"query-input":{"@type":"PropertyValueSpecification","valueRequired":true,"valueName":"search_term_string"}}],"inLanguage":"de"},{"@type":"Organization","@id":"https:\/\/mountainguides.pro\/#organization","name":"Mountain Guide","url":"https:\/\/mountainguides.pro\/","logo":{"@type":"ImageObject","inLanguage":"de","@id":"https:\/\/mountainguides.pro\/#\/schema\/logo\/image\/","url":"https:\/\/mountainguides.pro\/wp-content\/uploads\/2018\/01\/mglogo.jpg","contentUrl":"https:\/\/mountainguides.pro\/wp-content\/uploads\/2018\/01\/mglogo.jpg","width":1200,"height":630,"caption":"Mountain Guide"},"image":{"@id":"https:\/\/mountainguides.pro\/#\/schema\/logo\/image\/"},"sameAs":["https:\/\/www.facebook.com\/Mountainguide-232956566756831\/","https:\/\/x.com\/Wintercyclone","http:\/\/instagram.com\/mountainguide","http:\/\/www.youtube.com\/mountainguide"]}]}},"_links":{"self":[{"href":"https:\/\/mountainguides.pro\/de\/wp-json\/wp\/v2\/product\/19764","targetHints":{"allow":["GET"]}}],"collection":[{"href":"https:\/\/mountainguides.pro\/de\/wp-json\/wp\/v2\/product"}],"about":[{"href":"https:\/\/mountainguides.pro\/de\/wp-json\/wp\/v2\/types\/product"}],"replies":[{"embeddable":true,"href":"https:\/\/mountainguides.pro\/de\/wp-json\/wp\/v2\/comments?post=19764"}],"version-history":[{"count":15,"href":"https:\/\/mountainguides.pro\/de\/wp-json\/wp\/v2\/product\/19764\/revisions"}],"predecessor-version":[{"id":33365,"href":"https:\/\/mountainguides.pro\/de\/wp-json\/wp\/v2\/product\/19764\/revisions\/33365"}],"wp:featuredmedia":[{"embeddable":true,"href":"https:\/\/mountainguides.pro\/de\/wp-json\/wp\/v2\/media\/19778"}],"wp:attachment":[{"href":"https:\/\/mountainguides.pro\/de\/wp-json\/wp\/v2\/media?parent=19764"}],"wp:term":[{"taxonomy":"product_cat","embeddable":true,"href":"https:\/\/mountainguides.pro\/de\/wp-json\/wp\/v2\/product_cat?post=19764"},{"taxonomy":"product_tag","embeddable":true,"href":"https:\/\/mountainguides.pro\/de\/wp-json\/wp\/v2\/product_tag?post=19764"}],"curies":[{"name":"wp","href":"https:\/\/api.w.org\/{rel}","templated":true}]}}