{"id":19774,"date":"2023-11-02T11:16:25","date_gmt":"2023-11-02T08:16:25","guid":{"rendered":"https:\/\/mountainguides.pro\/?post_type=product&#038;p=19774"},"modified":"2026-02-02T12:01:53","modified_gmt":"2026-02-02T09:01:53","slug":"tour-to-morocco-for-new-year","status":"publish","type":"product","link":"https:\/\/mountainguides.pro\/de\/tours\/adventure\/tour-to-morocco-for-new-year\/","title":{"rendered":"Marokko-Tour: Das Herz Nordafrikas"},"content":{"rendered":"","protected":false},"excerpt":{"rendered":"<p data-start=\"65\" data-end=\"788\">Den Jahreswechsel in der Agafay-W\u00fcste unter den Kl\u00e4ngen berberischer Trommeln in luxuri\u00f6sen Zelten feiern<br data-start=\"170\" data-end=\"173\" \/>Die Str\u00e4nde von Legzira mit ihren gigantischen ockerfarbenen Felsb\u00f6gen, die ins Meer hineinragen \u2013 ein echtes Juwel Afrikas<br data-start=\"296\" data-end=\"299\" \/>Casablanca, Marrakesch, Essaouira, Rabat, Tanger, F\u00e8s und Chefchaouen \u2013 ein intensives und abwechslungsreiches Programm<br data-start=\"418\" data-end=\"421\" \/>Luxuri\u00f6se Riads in den St\u00e4dten statt typischer Hotels<br data-start=\"474\" data-end=\"477\" \/>Begleitung durch einen deutschsprachigen Reiseleiter w\u00e4hrend der gesamten Reise<br data-start=\"556\" data-end=\"559\" \/>Ausfl\u00fcge mit lokalen Guides zu den interessantesten Orten<\/p>\n<p data-start=\"790\" data-end=\"1024\">Bitte beachten Sie, dass unser Unternehmen nicht im Bereich Kauf oder Verkauf von Flugtickets sowie Visaabwicklung t\u00e4tig ist und daher keine Verantwortung f\u00fcr h\u00f6here Gewalt im Zusammenhang mit Fl\u00fcgen oder Grenz\u00fcbertritten \u00fcbernimmt.<\/p>\n<p data-start=\"1026\" data-end=\"1270\">In Afrika gibt es einige Schwierigkeiten beim Umtausch kleiner, abgenutzter und alter (vor 2009 ausgegebener) US-Dollar-Scheine. Bitte beachten Sie dies: Manchmal f\u00e4llt eine zus\u00e4tzliche Geb\u00fchr an, manchmal wird der Umtausch komplett verweigert.<\/p>\n","protected":false},"featured_media":19775,"comment_status":"closed","ping_status":"closed","template":"","meta":{"_acf_changed":false,"footnotes":""},"product_cat":[337],"product_tag":[],"class_list":{"0":"post-19774","1":"product","2":"type-product","3":"status-publish","4":"has-post-thumbnail","6":"product_cat-adventure","8":"first","9":"instock","10":"shipping-taxable","11":"purchasable","12":"product-type-simple"},"acf":[],"yoast_head":"<!-- This site is optimized with the Yoast SEO Premium plugin v26.5 (Yoast SEO v27.3) - https:\/\/yoast.com\/product\/yoast-seo-premium-wordpress\/ -->\n<title>Adventure Morocco for New Year<\/title>\n<meta name=\"robots\" content=\"index, follow, max-snippet:-1, max-image-preview:large, max-video-preview:-1\" \/>\n<link rel=\"canonical\" href=\"https:\/\/mountainguides.pro\/de\/tours\/adventure\/tour-to-morocco-for-new-year\/\" \/>\n<meta property=\"og:locale\" content=\"de_DE\" \/>\n<meta property=\"og:locale:alternate\" content=\"en_US\" \/>\n<meta property=\"og:locale:alternate\" content=\"ru_RU\" \/>\n<meta property=\"og:locale:alternate\" content=\"es\" \/>\n<meta property=\"og:locale:alternate\" content=\"pt\" \/>\n<meta property=\"og:locale:alternate\" content=\"zh\" \/>\n<meta property=\"og:locale:alternate\" content=\"ko\" \/>\n<meta property=\"og:locale:alternate\" content=\"ja\" \/>\n<meta property=\"og:locale:alternate\" content=\"hi\" \/>\n<meta property=\"og:locale:alternate\" content=\"ar\" \/>\n<meta property=\"og:type\" content=\"article\" \/>\n<meta property=\"og:title\" content=\"Marokko-Tour: Das Herz Nordafrikas\" \/>\n<meta property=\"og:description\" content=\"Den Jahreswechsel in der Agafay-W\u00fcste unter den Kl\u00e4ngen berberischer Trommeln in luxuri\u00f6sen Zelten feiernDie Str\u00e4nde von Legzira mit ihren gigantischen ockerfarbenen Felsb\u00f6gen, die ins Meer hineinragen \u2013 ein echtes Juwel AfrikasCasablanca, Marrakesch, Essaouira, Rabat, Tanger, F\u00e8s und Chefchaouen \u2013 ein intensives und abwechslungsreiches ProgrammLuxuri\u00f6se Riads in den St\u00e4dten statt typischer HotelsBegleitung durch einen deutschsprachigen Reiseleiter w\u00e4hrend der gesamten ReiseAusfl\u00fcge mit lokalen Guides zu den interessantesten Orten Bitte beachten Sie, dass unser Unternehmen nicht im Bereich Kauf oder Verkauf von Flugtickets sowie Visaabwicklung t\u00e4tig ist und daher keine Verantwortung f\u00fcr h\u00f6here Gewalt im Zusammenhang mit Fl\u00fcgen oder Grenz\u00fcbertritten \u00fcbernimmt. In Afrika gibt es einige Schwierigkeiten beim Umtausch kleiner, abgenutzter und alter (vor 2009 ausgegebener) US-Dollar-Scheine. Bitte beachten Sie dies: Manchmal f\u00e4llt eine zus\u00e4tzliche Geb\u00fchr an, manchmal wird der Umtausch komplett verweigert.\" \/>\n<meta property=\"og:url\" content=\"https:\/\/mountainguides.pro\/de\/tours\/adventure\/tour-to-morocco-for-new-year\/\" \/>\n<meta property=\"og:site_name\" content=\"Mountain Guide\" \/>\n<meta property=\"article:publisher\" content=\"https:\/\/www.facebook.com\/Mountainguide-232956566756831\/\" \/>\n<meta property=\"article:modified_time\" content=\"2026-02-02T09:01:53+00:00\" \/>\n<meta property=\"og:image\" content=\"https:\/\/mountainguides.pro\/wp-content\/uploads\/2023\/11\/Marocco-New-Year.jpeg\" \/>\n\t<meta property=\"og:image:width\" content=\"1600\" \/>\n\t<meta property=\"og:image:height\" content=\"1200\" \/>\n\t<meta property=\"og:image:type\" content=\"image\/jpeg\" \/>\n<meta name=\"twitter:card\" content=\"summary_large_image\" \/>\n<meta name=\"twitter:site\" content=\"@Wintercyclone\" \/>\n<meta name=\"twitter:label1\" content=\"Gesch\u00e4tzte Lesezeit\" \/>\n\t<meta name=\"twitter:data1\" content=\"1\u00a0Minute\" \/>\n<script type=\"application\/ld+json\" class=\"yoast-schema-graph\">{\"@context\":\"https:\\\/\\\/schema.org\",\"@graph\":[{\"@type\":\"WebPage\",\"@id\":\"https:\\\/\\\/mountainguides.pro\\\/ar\\\/tours\\\/adventure\\\/tour-to-morocco-for-new-year\\\/\",\"url\":\"https:\\\/\\\/mountainguides.pro\\\/ar\\\/tours\\\/adventure\\\/tour-to-morocco-for-new-year\\\/\",\"name\":\"Adventure Morocco for New Year\",\"isPartOf\":{\"@id\":\"https:\\\/\\\/mountainguides.pro\\\/#website\"},\"primaryImageOfPage\":{\"@id\":\"https:\\\/\\\/mountainguides.pro\\\/ar\\\/tours\\\/adventure\\\/tour-to-morocco-for-new-year\\\/#primaryimage\"},\"image\":{\"@id\":\"https:\\\/\\\/mountainguides.pro\\\/ar\\\/tours\\\/adventure\\\/tour-to-morocco-for-new-year\\\/#primaryimage\"},\"thumbnailUrl\":\"https:\\\/\\\/mountainguides.pro\\\/wp-content\\\/uploads\\\/2023\\\/11\\\/Marocco-New-Year.jpeg\",\"datePublished\":\"2023-11-02T08:16:25+00:00\",\"dateModified\":\"2026-02-02T09:01:53+00:00\",\"breadcrumb\":{\"@id\":\"https:\\\/\\\/mountainguides.pro\\\/ar\\\/tours\\\/adventure\\\/tour-to-morocco-for-new-year\\\/#breadcrumb\"},\"inLanguage\":\"de\",\"potentialAction\":[{\"@type\":\"ReadAction\",\"target\":[\"https:\\\/\\\/mountainguides.pro\\\/ar\\\/tours\\\/adventure\\\/tour-to-morocco-for-new-year\\\/\"]}]},{\"@type\":\"ImageObject\",\"inLanguage\":\"de\",\"@id\":\"https:\\\/\\\/mountainguides.pro\\\/ar\\\/tours\\\/adventure\\\/tour-to-morocco-for-new-year\\\/#primaryimage\",\"url\":\"https:\\\/\\\/mountainguides.pro\\\/wp-content\\\/uploads\\\/2023\\\/11\\\/Marocco-New-Year.jpeg\",\"contentUrl\":\"https:\\\/\\\/mountainguides.pro\\\/wp-content\\\/uploads\\\/2023\\\/11\\\/Marocco-New-Year.jpeg\",\"width\":1600,\"height\":1200},{\"@type\":\"BreadcrumbList\",\"@id\":\"https:\\\/\\\/mountainguides.pro\\\/ar\\\/tours\\\/adventure\\\/tour-to-morocco-for-new-year\\\/#breadcrumb\",\"itemListElement\":[{\"@type\":\"ListItem\",\"position\":1,\"name\":\"Home\",\"item\":\"https:\\\/\\\/mountainguides.pro\\\/de\\\/\"},{\"@type\":\"ListItem\",\"position\":2,\"name\":\"\u062c\u0648\u0644\u0629 \u0627\u0644\u0645\u063a\u0631\u0628: \u0642\u0644\u0628 \u0634\u0645\u0627\u0644 \u0623\u0641\u0631\u064a\u0642\u064a\u0627\"}]},{\"@type\":\"WebSite\",\"@id\":\"https:\\\/\\\/mountainguides.pro\\\/#website\",\"url\":\"https:\\\/\\\/mountainguides.pro\\\/\",\"name\":\"Mountain Guide\",\"description\":\"We aspire to be the first in everything!\",\"publisher\":{\"@id\":\"https:\\\/\\\/mountainguides.pro\\\/#organization\"},\"potentialAction\":[{\"@type\":\"SearchAction\",\"target\":{\"@type\":\"EntryPoint\",\"urlTemplate\":\"https:\\\/\\\/mountainguides.pro\\\/?s={search_term_string}\"},\"query-input\":{\"@type\":\"PropertyValueSpecification\",\"valueRequired\":true,\"valueName\":\"search_term_string\"}}],\"inLanguage\":\"de\"},{\"@type\":\"Organization\",\"@id\":\"https:\\\/\\\/mountainguides.pro\\\/#organization\",\"name\":\"Mountain Guide\",\"url\":\"https:\\\/\\\/mountainguides.pro\\\/\",\"logo\":{\"@type\":\"ImageObject\",\"inLanguage\":\"de\",\"@id\":\"https:\\\/\\\/mountainguides.pro\\\/#\\\/schema\\\/logo\\\/image\\\/\",\"url\":\"https:\\\/\\\/mountainguides.pro\\\/wp-content\\\/uploads\\\/2018\\\/01\\\/mglogo.jpg\",\"contentUrl\":\"https:\\\/\\\/mountainguides.pro\\\/wp-content\\\/uploads\\\/2018\\\/01\\\/mglogo.jpg\",\"width\":1200,\"height\":630,\"caption\":\"Mountain Guide\"},\"image\":{\"@id\":\"https:\\\/\\\/mountainguides.pro\\\/#\\\/schema\\\/logo\\\/image\\\/\"},\"sameAs\":[\"https:\\\/\\\/www.facebook.com\\\/Mountainguide-232956566756831\\\/\",\"https:\\\/\\\/x.com\\\/Wintercyclone\",\"http:\\\/\\\/instagram.com\\\/mountainguide\",\"http:\\\/\\\/www.youtube.com\\\/mountainguide\"]}]}<\/script>\n<!-- \/ Yoast SEO Premium plugin. -->","yoast_head_json":{"title":"Adventure Morocco for New Year","robots":{"index":"index","follow":"follow","max-snippet":"max-snippet:-1","max-image-preview":"max-image-preview:large","max-video-preview":"max-video-preview:-1"},"canonical":"https:\/\/mountainguides.pro\/de\/tours\/adventure\/tour-to-morocco-for-new-year\/","og_locale":"de_DE","og_type":"article","og_title":"[:en]Tour to Morocco for New Year[:de]Marokko-Tour: Das Herz Nordafrikas[:es]Tour por Marruecos: el coraz\u00f3n del Norte de \u00c1frica[:pt]Marrocos: o cora\u00e7\u00e3o do Norte da \u00c1frica[:zh]\u6469\u6d1b\u54e5\u4e4b\u65c5\uff1a\u5317\u975e\u7684\u4e2d\u5fc3[:ko]\ubaa8\ub85c\ucf54 \ud22c\uc5b4:\ubd81\uc544\ud504\ub9ac\uce74\uc758 \uc2ec\uc7a5[:ja]\u30e2\u30ed\u30c3\u30b3\u30c4\u30a2\u30fc\uff1a\u5317\u30a2\u30d5\u30ea\u30ab\u306e\u4e2d\u5fc3[:hi]\u092e\u094b\u0930\u0915\u094d\u0915\u094b \u091f\u0942\u0930: \u0909\u0924\u094d\u0924\u0930\u0940 \u0905\u092b\u094d\u0930\u0940\u0915\u093e \u0915\u093e \u0926\u093f\u0932[:ar]\u062c\u0648\u0644\u0629 \u0627\u0644\u0645\u063a\u0631\u0628: \u0642\u0644\u0628 \u0634\u0645\u0627\u0644 \u0623\u0641\u0631\u064a\u0642\u064a\u0627[:]","og_description":"Den Jahreswechsel in der Agafay-W\u00fcste unter den Kl\u00e4ngen berberischer Trommeln in luxuri\u00f6sen Zelten feiernDie Str\u00e4nde von Legzira mit ihren gigantischen ockerfarbenen Felsb\u00f6gen, die ins Meer hineinragen \u2013 ein echtes Juwel AfrikasCasablanca, Marrakesch, Essaouira, Rabat, Tanger, F\u00e8s und Chefchaouen \u2013 ein intensives und abwechslungsreiches ProgrammLuxuri\u00f6se Riads in den St\u00e4dten statt typischer HotelsBegleitung durch einen deutschsprachigen Reiseleiter w\u00e4hrend der gesamten ReiseAusfl\u00fcge mit lokalen Guides zu den interessantesten Orten Bitte beachten Sie, dass unser Unternehmen nicht im Bereich Kauf oder Verkauf von Flugtickets sowie Visaabwicklung t\u00e4tig ist und daher keine Verantwortung f\u00fcr h\u00f6here Gewalt im Zusammenhang mit Fl\u00fcgen oder Grenz\u00fcbertritten \u00fcbernimmt. In Afrika gibt es einige Schwierigkeiten beim Umtausch kleiner, abgenutzter und alter (vor 2009 ausgegebener) US-Dollar-Scheine. Bitte beachten Sie dies: Manchmal f\u00e4llt eine zus\u00e4tzliche Geb\u00fchr an, manchmal wird der Umtausch komplett verweigert.","og_url":"https:\/\/mountainguides.pro\/de\/tours\/adventure\/tour-to-morocco-for-new-year\/","og_site_name":"Mountain Guide","article_publisher":"https:\/\/www.facebook.com\/Mountainguide-232956566756831\/","article_modified_time":"2026-02-02T09:01:53+00:00","og_image":[{"width":1600,"height":1200,"url":"https:\/\/mountainguides.pro\/wp-content\/uploads\/2023\/11\/Marocco-New-Year.jpeg","type":"image\/jpeg"}],"twitter_card":"summary_large_image","twitter_site":"@Wintercyclone","twitter_misc":{"Gesch\u00e4tzte Lesezeit":"1\u00a0Minute"},"schema":{"@context":"https:\/\/schema.org","@graph":[{"@type":"WebPage","@id":"https:\/\/mountainguides.pro\/ar\/tours\/adventure\/tour-to-morocco-for-new-year\/","url":"https:\/\/mountainguides.pro\/ar\/tours\/adventure\/tour-to-morocco-for-new-year\/","name":"Adventure Morocco for New Year","isPartOf":{"@id":"https:\/\/mountainguides.pro\/#website"},"primaryImageOfPage":{"@id":"https:\/\/mountainguides.pro\/ar\/tours\/adventure\/tour-to-morocco-for-new-year\/#primaryimage"},"image":{"@id":"https:\/\/mountainguides.pro\/ar\/tours\/adventure\/tour-to-morocco-for-new-year\/#primaryimage"},"thumbnailUrl":"https:\/\/mountainguides.pro\/wp-content\/uploads\/2023\/11\/Marocco-New-Year.jpeg","datePublished":"2023-11-02T08:16:25+00:00","dateModified":"2026-02-02T09:01:53+00:00","breadcrumb":{"@id":"https:\/\/mountainguides.pro\/ar\/tours\/adventure\/tour-to-morocco-for-new-year\/#breadcrumb"},"inLanguage":"de","potentialAction":[{"@type":"ReadAction","target":["https:\/\/mountainguides.pro\/ar\/tours\/adventure\/tour-to-morocco-for-new-year\/"]}]},{"@type":"ImageObject","inLanguage":"de","@id":"https:\/\/mountainguides.pro\/ar\/tours\/adventure\/tour-to-morocco-for-new-year\/#primaryimage","url":"https:\/\/mountainguides.pro\/wp-content\/uploads\/2023\/11\/Marocco-New-Year.jpeg","contentUrl":"https:\/\/mountainguides.pro\/wp-content\/uploads\/2023\/11\/Marocco-New-Year.jpeg","width":1600,"height":1200},{"@type":"BreadcrumbList","@id":"https:\/\/mountainguides.pro\/ar\/tours\/adventure\/tour-to-morocco-for-new-year\/#breadcrumb","itemListElement":[{"@type":"ListItem","position":1,"name":"Home","item":"https:\/\/mountainguides.pro\/de\/"},{"@type":"ListItem","position":2,"name":"\u062c\u0648\u0644\u0629 \u0627\u0644\u0645\u063a\u0631\u0628: \u0642\u0644\u0628 \u0634\u0645\u0627\u0644 \u0623\u0641\u0631\u064a\u0642\u064a\u0627"}]},{"@type":"WebSite","@id":"https:\/\/mountainguides.pro\/#website","url":"https:\/\/mountainguides.pro\/","name":"Mountain Guide","description":"We aspire to be the first in everything!","publisher":{"@id":"https:\/\/mountainguides.pro\/#organization"},"potentialAction":[{"@type":"SearchAction","target":{"@type":"EntryPoint","urlTemplate":"https:\/\/mountainguides.pro\/?s={search_term_string}"},"query-input":{"@type":"PropertyValueSpecification","valueRequired":true,"valueName":"search_term_string"}}],"inLanguage":"de"},{"@type":"Organization","@id":"https:\/\/mountainguides.pro\/#organization","name":"Mountain Guide","url":"https:\/\/mountainguides.pro\/","logo":{"@type":"ImageObject","inLanguage":"de","@id":"https:\/\/mountainguides.pro\/#\/schema\/logo\/image\/","url":"https:\/\/mountainguides.pro\/wp-content\/uploads\/2018\/01\/mglogo.jpg","contentUrl":"https:\/\/mountainguides.pro\/wp-content\/uploads\/2018\/01\/mglogo.jpg","width":1200,"height":630,"caption":"Mountain Guide"},"image":{"@id":"https:\/\/mountainguides.pro\/#\/schema\/logo\/image\/"},"sameAs":["https:\/\/www.facebook.com\/Mountainguide-232956566756831\/","https:\/\/x.com\/Wintercyclone","http:\/\/instagram.com\/mountainguide","http:\/\/www.youtube.com\/mountainguide"]}]}},"_links":{"self":[{"href":"https:\/\/mountainguides.pro\/de\/wp-json\/wp\/v2\/product\/19774","targetHints":{"allow":["GET"]}}],"collection":[{"href":"https:\/\/mountainguides.pro\/de\/wp-json\/wp\/v2\/product"}],"about":[{"href":"https:\/\/mountainguides.pro\/de\/wp-json\/wp\/v2\/types\/product"}],"replies":[{"embeddable":true,"href":"https:\/\/mountainguides.pro\/de\/wp-json\/wp\/v2\/comments?post=19774"}],"version-history":[{"count":11,"href":"https:\/\/mountainguides.pro\/de\/wp-json\/wp\/v2\/product\/19774\/revisions"}],"predecessor-version":[{"id":32693,"href":"https:\/\/mountainguides.pro\/de\/wp-json\/wp\/v2\/product\/19774\/revisions\/32693"}],"wp:featuredmedia":[{"embeddable":true,"href":"https:\/\/mountainguides.pro\/de\/wp-json\/wp\/v2\/media\/19775"}],"wp:attachment":[{"href":"https:\/\/mountainguides.pro\/de\/wp-json\/wp\/v2\/media?parent=19774"}],"wp:term":[{"taxonomy":"product_cat","embeddable":true,"href":"https:\/\/mountainguides.pro\/de\/wp-json\/wp\/v2\/product_cat?post=19774"},{"taxonomy":"product_tag","embeddable":true,"href":"https:\/\/mountainguides.pro\/de\/wp-json\/wp\/v2\/product_tag?post=19774"}],"curies":[{"name":"wp","href":"https:\/\/api.w.org\/{rel}","templated":true}]}}