{"id":19783,"date":"2023-11-02T12:00:40","date_gmt":"2023-11-02T09:00:40","guid":{"rendered":"https:\/\/mountainguides.pro\/?post_type=product&#038;p=19783"},"modified":"2026-01-29T16:28:42","modified_gmt":"2026-01-29T13:28:42","slug":"peru-machu-picchu-and-amazonia","status":"publish","type":"product","link":"https:\/\/mountainguides.pro\/de\/tours\/adventure\/peru-machu-picchu-and-amazonia\/","title":{"rendered":"Peru-Tour: Machu Picchu und das Amazonasgebiet"},"content":{"rendered":"","protected":false},"excerpt":{"rendered":"<p>Wir machen Sie darauf aufmerksam, dass unser Unternehmen nicht im Bereich des Kaufs oder Verkaufs von Flugtickets sowie der Beantragung von Visa t\u00e4tig ist und daher keine Verantwortung f\u00fcr etwaige h\u00f6here Gewalt im Zusammenhang mit Fl\u00fcgen oder der Grenzabfertigung \u00fcbernimmt.<\/p>\n","protected":false},"featured_media":19767,"comment_status":"closed","ping_status":"closed","template":"","meta":{"_acf_changed":false,"footnotes":""},"product_cat":[337],"product_tag":[],"class_list":{"0":"post-19783","1":"product","2":"type-product","3":"status-publish","4":"has-post-thumbnail","6":"product_cat-adventure","8":"first","9":"instock","10":"shipping-taxable","11":"purchasable","12":"product-type-simple"},"acf":[],"yoast_head":"<!-- This site is optimized with the Yoast SEO Premium plugin v26.5 (Yoast SEO v27.3) - https:\/\/yoast.com\/product\/yoast-seo-premium-wordpress\/ -->\n<title>Adventure Peru Machu Picchu<\/title>\n<meta name=\"robots\" content=\"index, follow, max-snippet:-1, max-image-preview:large, max-video-preview:-1\" \/>\n<link rel=\"canonical\" href=\"https:\/\/mountainguides.pro\/de\/tours\/adventure\/peru-machu-picchu-and-amazonia\/\" \/>\n<meta property=\"og:locale\" content=\"de_DE\" \/>\n<meta property=\"og:locale:alternate\" content=\"en_US\" \/>\n<meta property=\"og:locale:alternate\" content=\"ru_RU\" \/>\n<meta property=\"og:locale:alternate\" content=\"es\" \/>\n<meta property=\"og:locale:alternate\" content=\"pt\" \/>\n<meta property=\"og:locale:alternate\" content=\"zh\" \/>\n<meta property=\"og:locale:alternate\" content=\"ko\" \/>\n<meta property=\"og:locale:alternate\" content=\"ja\" \/>\n<meta property=\"og:locale:alternate\" content=\"hi\" \/>\n<meta property=\"og:locale:alternate\" content=\"ar\" \/>\n<meta property=\"og:type\" content=\"article\" \/>\n<meta property=\"og:title\" content=\"Peru-Tour: Machu Picchu und das Amazonasgebiet\" \/>\n<meta property=\"og:description\" content=\"Wir machen Sie darauf aufmerksam, dass unser Unternehmen nicht im Bereich des Kaufs oder Verkaufs von Flugtickets sowie der Beantragung von Visa t\u00e4tig ist und daher keine Verantwortung f\u00fcr etwaige h\u00f6here Gewalt im Zusammenhang mit Fl\u00fcgen oder der Grenzabfertigung \u00fcbernimmt.\" \/>\n<meta property=\"og:url\" content=\"https:\/\/mountainguides.pro\/de\/tours\/adventure\/peru-machu-picchu-and-amazonia\/\" \/>\n<meta property=\"og:site_name\" content=\"Mountain Guide\" \/>\n<meta property=\"article:publisher\" content=\"https:\/\/www.facebook.com\/Mountainguide-232956566756831\/\" \/>\n<meta property=\"article:modified_time\" content=\"2026-01-29T13:28:42+00:00\" \/>\n<meta property=\"og:image\" content=\"https:\/\/mountainguides.pro\/wp-content\/uploads\/2023\/11\/Peru.jpeg\" \/>\n\t<meta property=\"og:image:width\" content=\"1600\" \/>\n\t<meta property=\"og:image:height\" content=\"1200\" \/>\n\t<meta property=\"og:image:type\" content=\"image\/jpeg\" \/>\n<meta name=\"twitter:card\" content=\"summary_large_image\" \/>\n<meta name=\"twitter:site\" content=\"@Wintercyclone\" \/>\n<meta name=\"twitter:label1\" content=\"Gesch\u00e4tzte Lesezeit\" \/>\n\t<meta name=\"twitter:data1\" content=\"1\u00a0Minute\" \/>\n<script type=\"application\/ld+json\" class=\"yoast-schema-graph\">{\"@context\":\"https:\\\/\\\/schema.org\",\"@graph\":[{\"@type\":\"WebPage\",\"@id\":\"https:\\\/\\\/mountainguides.pro\\\/ar\\\/tours\\\/adventure\\\/peru-machu-picchu-and-amazonia\\\/\",\"url\":\"https:\\\/\\\/mountainguides.pro\\\/ar\\\/tours\\\/adventure\\\/peru-machu-picchu-and-amazonia\\\/\",\"name\":\"Adventure Peru Machu Picchu\",\"isPartOf\":{\"@id\":\"https:\\\/\\\/mountainguides.pro\\\/#website\"},\"primaryImageOfPage\":{\"@id\":\"https:\\\/\\\/mountainguides.pro\\\/ar\\\/tours\\\/adventure\\\/peru-machu-picchu-and-amazonia\\\/#primaryimage\"},\"image\":{\"@id\":\"https:\\\/\\\/mountainguides.pro\\\/ar\\\/tours\\\/adventure\\\/peru-machu-picchu-and-amazonia\\\/#primaryimage\"},\"thumbnailUrl\":\"https:\\\/\\\/mountainguides.pro\\\/wp-content\\\/uploads\\\/2023\\\/11\\\/Peru.jpeg\",\"datePublished\":\"2023-11-02T09:00:40+00:00\",\"dateModified\":\"2026-01-29T13:28:42+00:00\",\"breadcrumb\":{\"@id\":\"https:\\\/\\\/mountainguides.pro\\\/ar\\\/tours\\\/adventure\\\/peru-machu-picchu-and-amazonia\\\/#breadcrumb\"},\"inLanguage\":\"de\",\"potentialAction\":[{\"@type\":\"ReadAction\",\"target\":[\"https:\\\/\\\/mountainguides.pro\\\/ar\\\/tours\\\/adventure\\\/peru-machu-picchu-and-amazonia\\\/\"]}]},{\"@type\":\"ImageObject\",\"inLanguage\":\"de\",\"@id\":\"https:\\\/\\\/mountainguides.pro\\\/ar\\\/tours\\\/adventure\\\/peru-machu-picchu-and-amazonia\\\/#primaryimage\",\"url\":\"https:\\\/\\\/mountainguides.pro\\\/wp-content\\\/uploads\\\/2023\\\/11\\\/Peru.jpeg\",\"contentUrl\":\"https:\\\/\\\/mountainguides.pro\\\/wp-content\\\/uploads\\\/2023\\\/11\\\/Peru.jpeg\",\"width\":1600,\"height\":1200},{\"@type\":\"BreadcrumbList\",\"@id\":\"https:\\\/\\\/mountainguides.pro\\\/ar\\\/tours\\\/adventure\\\/peru-machu-picchu-and-amazonia\\\/#breadcrumb\",\"itemListElement\":[{\"@type\":\"ListItem\",\"position\":1,\"name\":\"Home\",\"item\":\"https:\\\/\\\/mountainguides.pro\\\/de\\\/\"},{\"@type\":\"ListItem\",\"position\":2,\"name\":\"\u062c\u0648\u0644\u0629 \u0628\u064a\u0631\u0648: \u0645\u0627\u062a\u0634\u0648 \u0628\u064a\u062a\u0634\u0648 \u0648\u0627\u0644\u0623\u0645\u0627\u0632\u0648\u0646\u064a\u0627\"}]},{\"@type\":\"WebSite\",\"@id\":\"https:\\\/\\\/mountainguides.pro\\\/#website\",\"url\":\"https:\\\/\\\/mountainguides.pro\\\/\",\"name\":\"Mountain Guide\",\"description\":\"We aspire to be the first in everything!\",\"publisher\":{\"@id\":\"https:\\\/\\\/mountainguides.pro\\\/#organization\"},\"potentialAction\":[{\"@type\":\"SearchAction\",\"target\":{\"@type\":\"EntryPoint\",\"urlTemplate\":\"https:\\\/\\\/mountainguides.pro\\\/?s={search_term_string}\"},\"query-input\":{\"@type\":\"PropertyValueSpecification\",\"valueRequired\":true,\"valueName\":\"search_term_string\"}}],\"inLanguage\":\"de\"},{\"@type\":\"Organization\",\"@id\":\"https:\\\/\\\/mountainguides.pro\\\/#organization\",\"name\":\"Mountain Guide\",\"url\":\"https:\\\/\\\/mountainguides.pro\\\/\",\"logo\":{\"@type\":\"ImageObject\",\"inLanguage\":\"de\",\"@id\":\"https:\\\/\\\/mountainguides.pro\\\/#\\\/schema\\\/logo\\\/image\\\/\",\"url\":\"https:\\\/\\\/mountainguides.pro\\\/wp-content\\\/uploads\\\/2018\\\/01\\\/mglogo.jpg\",\"contentUrl\":\"https:\\\/\\\/mountainguides.pro\\\/wp-content\\\/uploads\\\/2018\\\/01\\\/mglogo.jpg\",\"width\":1200,\"height\":630,\"caption\":\"Mountain Guide\"},\"image\":{\"@id\":\"https:\\\/\\\/mountainguides.pro\\\/#\\\/schema\\\/logo\\\/image\\\/\"},\"sameAs\":[\"https:\\\/\\\/www.facebook.com\\\/Mountainguide-232956566756831\\\/\",\"https:\\\/\\\/x.com\\\/Wintercyclone\",\"http:\\\/\\\/instagram.com\\\/mountainguide\",\"http:\\\/\\\/www.youtube.com\\\/mountainguide\"]}]}<\/script>\n<!-- \/ Yoast SEO Premium plugin. -->","yoast_head_json":{"title":"Adventure Peru Machu Picchu","robots":{"index":"index","follow":"follow","max-snippet":"max-snippet:-1","max-image-preview":"max-image-preview:large","max-video-preview":"max-video-preview:-1"},"canonical":"https:\/\/mountainguides.pro\/de\/tours\/adventure\/peru-machu-picchu-and-amazonia\/","og_locale":"de_DE","og_type":"article","og_title":"[:en]Peru: Machu Picchu and Amazonia[:de]Peru-Tour: Machu Picchu und das Amazonasgebiet[:es]Gira por Per\u00fa: Machu Picchu y Amazonia[:pt]Excurs\u00e3o ao Peru: Machu Picchu e Amaz\u00f4nia[:zh]\u79d8\u9c81\u4e4b\u65c5\uff1a\u9a6c\u4e18\u6bd4\u4e18\u548c\u4e9a\u9a6c\u900a[:ko]\ud398\ub8e8 \ud22c\uc5b4:\ub9c8\ucd94\ud53d\ucd94\uc640 \uc544\ub9c8\uc874[:ja]\u30da\u30eb\u30fc\u30c4\u30a2\u30fc\uff1a\u30de\u30c1\u30e5\u30d4\u30c1\u30e5\u3068\u30a2\u30de\u30be\u30cb\u30a2[:hi]\u092a\u0947\u0930\u0942 \u091f\u0942\u0930: \u092e\u093e\u091a\u0942 \u092a\u093f\u091a\u0942 \u0914\u0930 \u0905\u092e\u0947\u091c\u093c\u094b\u0928\u093f\u092f\u093e[:ar]\u062c\u0648\u0644\u0629 \u0628\u064a\u0631\u0648: \u0645\u0627\u062a\u0634\u0648 \u0628\u064a\u062a\u0634\u0648 \u0648\u0627\u0644\u0623\u0645\u0627\u0632\u0648\u0646\u064a\u0627[:]","og_description":"Wir machen Sie darauf aufmerksam, dass unser Unternehmen nicht im Bereich des Kaufs oder Verkaufs von Flugtickets sowie der Beantragung von Visa t\u00e4tig ist und daher keine Verantwortung f\u00fcr etwaige h\u00f6here Gewalt im Zusammenhang mit Fl\u00fcgen oder der Grenzabfertigung \u00fcbernimmt.","og_url":"https:\/\/mountainguides.pro\/de\/tours\/adventure\/peru-machu-picchu-and-amazonia\/","og_site_name":"Mountain Guide","article_publisher":"https:\/\/www.facebook.com\/Mountainguide-232956566756831\/","article_modified_time":"2026-01-29T13:28:42+00:00","og_image":[{"width":1600,"height":1200,"url":"https:\/\/mountainguides.pro\/wp-content\/uploads\/2023\/11\/Peru.jpeg","type":"image\/jpeg"}],"twitter_card":"summary_large_image","twitter_site":"@Wintercyclone","twitter_misc":{"Gesch\u00e4tzte Lesezeit":"1\u00a0Minute"},"schema":{"@context":"https:\/\/schema.org","@graph":[{"@type":"WebPage","@id":"https:\/\/mountainguides.pro\/ar\/tours\/adventure\/peru-machu-picchu-and-amazonia\/","url":"https:\/\/mountainguides.pro\/ar\/tours\/adventure\/peru-machu-picchu-and-amazonia\/","name":"Adventure Peru Machu Picchu","isPartOf":{"@id":"https:\/\/mountainguides.pro\/#website"},"primaryImageOfPage":{"@id":"https:\/\/mountainguides.pro\/ar\/tours\/adventure\/peru-machu-picchu-and-amazonia\/#primaryimage"},"image":{"@id":"https:\/\/mountainguides.pro\/ar\/tours\/adventure\/peru-machu-picchu-and-amazonia\/#primaryimage"},"thumbnailUrl":"https:\/\/mountainguides.pro\/wp-content\/uploads\/2023\/11\/Peru.jpeg","datePublished":"2023-11-02T09:00:40+00:00","dateModified":"2026-01-29T13:28:42+00:00","breadcrumb":{"@id":"https:\/\/mountainguides.pro\/ar\/tours\/adventure\/peru-machu-picchu-and-amazonia\/#breadcrumb"},"inLanguage":"de","potentialAction":[{"@type":"ReadAction","target":["https:\/\/mountainguides.pro\/ar\/tours\/adventure\/peru-machu-picchu-and-amazonia\/"]}]},{"@type":"ImageObject","inLanguage":"de","@id":"https:\/\/mountainguides.pro\/ar\/tours\/adventure\/peru-machu-picchu-and-amazonia\/#primaryimage","url":"https:\/\/mountainguides.pro\/wp-content\/uploads\/2023\/11\/Peru.jpeg","contentUrl":"https:\/\/mountainguides.pro\/wp-content\/uploads\/2023\/11\/Peru.jpeg","width":1600,"height":1200},{"@type":"BreadcrumbList","@id":"https:\/\/mountainguides.pro\/ar\/tours\/adventure\/peru-machu-picchu-and-amazonia\/#breadcrumb","itemListElement":[{"@type":"ListItem","position":1,"name":"Home","item":"https:\/\/mountainguides.pro\/de\/"},{"@type":"ListItem","position":2,"name":"\u062c\u0648\u0644\u0629 \u0628\u064a\u0631\u0648: \u0645\u0627\u062a\u0634\u0648 \u0628\u064a\u062a\u0634\u0648 \u0648\u0627\u0644\u0623\u0645\u0627\u0632\u0648\u0646\u064a\u0627"}]},{"@type":"WebSite","@id":"https:\/\/mountainguides.pro\/#website","url":"https:\/\/mountainguides.pro\/","name":"Mountain Guide","description":"We aspire to be the first in everything!","publisher":{"@id":"https:\/\/mountainguides.pro\/#organization"},"potentialAction":[{"@type":"SearchAction","target":{"@type":"EntryPoint","urlTemplate":"https:\/\/mountainguides.pro\/?s={search_term_string}"},"query-input":{"@type":"PropertyValueSpecification","valueRequired":true,"valueName":"search_term_string"}}],"inLanguage":"de"},{"@type":"Organization","@id":"https:\/\/mountainguides.pro\/#organization","name":"Mountain Guide","url":"https:\/\/mountainguides.pro\/","logo":{"@type":"ImageObject","inLanguage":"de","@id":"https:\/\/mountainguides.pro\/#\/schema\/logo\/image\/","url":"https:\/\/mountainguides.pro\/wp-content\/uploads\/2018\/01\/mglogo.jpg","contentUrl":"https:\/\/mountainguides.pro\/wp-content\/uploads\/2018\/01\/mglogo.jpg","width":1200,"height":630,"caption":"Mountain Guide"},"image":{"@id":"https:\/\/mountainguides.pro\/#\/schema\/logo\/image\/"},"sameAs":["https:\/\/www.facebook.com\/Mountainguide-232956566756831\/","https:\/\/x.com\/Wintercyclone","http:\/\/instagram.com\/mountainguide","http:\/\/www.youtube.com\/mountainguide"]}]}},"_links":{"self":[{"href":"https:\/\/mountainguides.pro\/de\/wp-json\/wp\/v2\/product\/19783","targetHints":{"allow":["GET"]}}],"collection":[{"href":"https:\/\/mountainguides.pro\/de\/wp-json\/wp\/v2\/product"}],"about":[{"href":"https:\/\/mountainguides.pro\/de\/wp-json\/wp\/v2\/types\/product"}],"replies":[{"embeddable":true,"href":"https:\/\/mountainguides.pro\/de\/wp-json\/wp\/v2\/comments?post=19783"}],"version-history":[{"count":13,"href":"https:\/\/mountainguides.pro\/de\/wp-json\/wp\/v2\/product\/19783\/revisions"}],"predecessor-version":[{"id":32689,"href":"https:\/\/mountainguides.pro\/de\/wp-json\/wp\/v2\/product\/19783\/revisions\/32689"}],"wp:featuredmedia":[{"embeddable":true,"href":"https:\/\/mountainguides.pro\/de\/wp-json\/wp\/v2\/media\/19767"}],"wp:attachment":[{"href":"https:\/\/mountainguides.pro\/de\/wp-json\/wp\/v2\/media?parent=19783"}],"wp:term":[{"taxonomy":"product_cat","embeddable":true,"href":"https:\/\/mountainguides.pro\/de\/wp-json\/wp\/v2\/product_cat?post=19783"},{"taxonomy":"product_tag","embeddable":true,"href":"https:\/\/mountainguides.pro\/de\/wp-json\/wp\/v2\/product_tag?post=19783"}],"curies":[{"name":"wp","href":"https:\/\/api.w.org\/{rel}","templated":true}]}}