{"id":19788,"date":"2023-11-02T12:23:49","date_gmt":"2023-11-02T09:23:49","guid":{"rendered":"https:\/\/mountainguides.pro\/?post_type=product&#038;p=19788"},"modified":"2026-01-29T16:25:01","modified_gmt":"2026-01-29T13:25:01","slug":"brazil-amazon","status":"publish","type":"product","link":"https:\/\/mountainguides.pro\/de\/tours\/adventure\/brazil-amazon\/","title":{"rendered":"Tour zum Amazonas: Brasilien, Venezuela, Panama"},"content":{"rendered":"","protected":false},"excerpt":{"rendered":"<p data-start=\"90\" data-end=\"587\">Gleich drei L\u00e4nder in einer Reise: Brasilien, Venezuela, Panama<br data-start=\"155\" data-end=\"158\" \/>Trekking auf den Roraima mit den atemberaubenden Landschaften der \u201eVerlorenen Welt\u201c<br data-start=\"241\" data-end=\"244\" \/>Abgeschiedenheit an tropischen Str\u00e4nden und Erkundung unber\u00fchrter Natur<br data-start=\"315\" data-end=\"318\" \/>Erkundung des karibischen Archipels Bocas del Toro, einschlie\u00dflich des Besuchs der Insel der Roten Fr\u00f6sche<br data-start=\"424\" data-end=\"427\" \/>Reise zum Salto \u00c1ngel, dem h\u00f6chsten Wasserfall der Welt<br data-start=\"482\" data-end=\"485\" \/>Bitte beachten Sie, dass unser Unternehmen nicht im Bereich des Kaufs oder Verkaufs von Flugtickets oder der Ausstellung von Visa t\u00e4tig ist und daher keine Verantwortung f\u00fcr F\u00e4lle h\u00f6herer Gewalt im Zusammenhang mit Fl\u00fcgen und Grenz\u00fcbertritten \u00fcbernimmt.<\/p>\n<p data-start=\"848\" data-end=\"875\"><strong data-start=\"848\" data-end=\"875\">Wichtige Informationen:<\/strong><\/p>\n<p data-start=\"877\" data-end=\"1545\">Die Check-in- und Check-out-Zeiten werden vom Hotel festgelegt: Check-in ab 15 Uhr, Check-out bis 11\u201312 Uhr. Das Gep\u00e4ck kann an der Rezeption des Hotels aufbewahrt werden, w\u00e4hrend Sie die Stadt erkunden, oder \u2014 falls technisch m\u00f6glich \u2014 gegen Aufpreis f\u00fcr einen fr\u00fchen Check-in\/sp\u00e4ten Check-out.<br data-start=\"1172\" data-end=\"1175\" \/>Die Reise hat Expeditionscharakter: Interaktionen mit lokalen St\u00e4mmen und Gemeinschaften sowie eine gewisse Abh\u00e4ngigkeit von Wetterbedingungen. Wir werden versuchen, dem vorgeschlagenen Zeitplan so genau wie m\u00f6glich zu folgen, behalten uns jedoch das Recht vor, \u00c4nderungen vorzunehmen, sofern sie durch Umst\u00e4nde verursacht werden, die au\u00dferhalb unserer Kontrolle liegen.<\/p>\n","protected":false},"featured_media":19789,"comment_status":"closed","ping_status":"closed","template":"","meta":{"_acf_changed":false,"footnotes":""},"product_cat":[337],"product_tag":[],"class_list":{"0":"post-19788","1":"product","2":"type-product","3":"status-publish","4":"has-post-thumbnail","6":"product_cat-adventure","8":"first","9":"instock","10":"shipping-taxable","11":"product-type-simple"},"acf":[],"yoast_head":"<!-- This site is optimized with the Yoast SEO Premium plugin v26.5 (Yoast SEO v27.3) - https:\/\/yoast.com\/product\/yoast-seo-premium-wordpress\/ -->\n<title>Adventure Brazil Amazon<\/title>\n<meta name=\"robots\" content=\"index, follow, max-snippet:-1, max-image-preview:large, max-video-preview:-1\" \/>\n<link rel=\"canonical\" href=\"https:\/\/mountainguides.pro\/de\/tours\/adventure\/brazil-amazon\/\" \/>\n<meta property=\"og:locale\" content=\"de_DE\" \/>\n<meta property=\"og:locale:alternate\" content=\"en_US\" \/>\n<meta property=\"og:locale:alternate\" content=\"ru_RU\" \/>\n<meta property=\"og:locale:alternate\" content=\"es\" \/>\n<meta property=\"og:locale:alternate\" content=\"pt\" \/>\n<meta property=\"og:locale:alternate\" content=\"zh\" \/>\n<meta property=\"og:locale:alternate\" content=\"ko\" \/>\n<meta property=\"og:locale:alternate\" content=\"ja\" \/>\n<meta property=\"og:locale:alternate\" content=\"hi\" \/>\n<meta property=\"og:locale:alternate\" content=\"ar\" \/>\n<meta property=\"og:type\" content=\"article\" \/>\n<meta property=\"og:title\" content=\"Tour zum Amazonas: Brasilien, Venezuela, Panama\" \/>\n<meta property=\"og:description\" content=\"Gleich drei L\u00e4nder in einer Reise: Brasilien, Venezuela, PanamaTrekking auf den Roraima mit den atemberaubenden Landschaften der \u201eVerlorenen Welt\u201cAbgeschiedenheit an tropischen Str\u00e4nden und Erkundung unber\u00fchrter NaturErkundung des karibischen Archipels Bocas del Toro, einschlie\u00dflich des Besuchs der Insel der Roten Fr\u00f6scheReise zum Salto \u00c1ngel, dem h\u00f6chsten Wasserfall der WeltBitte beachten Sie, dass unser Unternehmen nicht im Bereich des Kaufs oder Verkaufs von Flugtickets oder der Ausstellung von Visa t\u00e4tig ist und daher keine Verantwortung f\u00fcr F\u00e4lle h\u00f6herer Gewalt im Zusammenhang mit Fl\u00fcgen und Grenz\u00fcbertritten \u00fcbernimmt. Wichtige Informationen: Die Check-in- und Check-out-Zeiten werden vom Hotel festgelegt: Check-in ab 15 Uhr, Check-out bis 11\u201312 Uhr. Das Gep\u00e4ck kann an der Rezeption des Hotels aufbewahrt werden, w\u00e4hrend Sie die Stadt erkunden, oder \u2014 falls technisch m\u00f6glich \u2014 gegen Aufpreis f\u00fcr einen fr\u00fchen Check-in\/sp\u00e4ten Check-out.Die Reise hat Expeditionscharakter: Interaktionen mit lokalen St\u00e4mmen und Gemeinschaften sowie eine gewisse Abh\u00e4ngigkeit von Wetterbedingungen. Wir werden versuchen, dem vorgeschlagenen Zeitplan so genau wie m\u00f6glich zu folgen, behalten uns jedoch das Recht vor, \u00c4nderungen vorzunehmen, sofern sie durch Umst\u00e4nde verursacht werden, die au\u00dferhalb unserer Kontrolle liegen.\" \/>\n<meta property=\"og:url\" content=\"https:\/\/mountainguides.pro\/de\/tours\/adventure\/brazil-amazon\/\" \/>\n<meta property=\"og:site_name\" content=\"Mountain Guide\" \/>\n<meta property=\"article:publisher\" content=\"https:\/\/www.facebook.com\/Mountainguide-232956566756831\/\" \/>\n<meta property=\"article:modified_time\" content=\"2026-01-29T13:25:01+00:00\" \/>\n<meta property=\"og:image\" content=\"https:\/\/mountainguides.pro\/wp-content\/uploads\/2023\/11\/Brazil-Amazon.webp\" \/>\n\t<meta property=\"og:image:width\" content=\"1335\" \/>\n\t<meta property=\"og:image:height\" content=\"1780\" \/>\n\t<meta property=\"og:image:type\" content=\"image\/webp\" \/>\n<meta name=\"twitter:card\" content=\"summary_large_image\" \/>\n<meta name=\"twitter:site\" content=\"@Wintercyclone\" \/>\n<meta name=\"twitter:label1\" content=\"Gesch\u00e4tzte Lesezeit\" \/>\n\t<meta name=\"twitter:data1\" content=\"1\u00a0Minute\" \/>\n<script type=\"application\/ld+json\" class=\"yoast-schema-graph\">{\"@context\":\"https:\\\/\\\/schema.org\",\"@graph\":[{\"@type\":\"WebPage\",\"@id\":\"https:\\\/\\\/mountainguides.pro\\\/ar\\\/tours\\\/adventure\\\/brazil-amazon\\\/\",\"url\":\"https:\\\/\\\/mountainguides.pro\\\/ar\\\/tours\\\/adventure\\\/brazil-amazon\\\/\",\"name\":\"Adventure Brazil Amazon\",\"isPartOf\":{\"@id\":\"https:\\\/\\\/mountainguides.pro\\\/#website\"},\"primaryImageOfPage\":{\"@id\":\"https:\\\/\\\/mountainguides.pro\\\/ar\\\/tours\\\/adventure\\\/brazil-amazon\\\/#primaryimage\"},\"image\":{\"@id\":\"https:\\\/\\\/mountainguides.pro\\\/ar\\\/tours\\\/adventure\\\/brazil-amazon\\\/#primaryimage\"},\"thumbnailUrl\":\"https:\\\/\\\/mountainguides.pro\\\/wp-content\\\/uploads\\\/2023\\\/11\\\/Brazil-Amazon.webp\",\"datePublished\":\"2023-11-02T09:23:49+00:00\",\"dateModified\":\"2026-01-29T13:25:01+00:00\",\"breadcrumb\":{\"@id\":\"https:\\\/\\\/mountainguides.pro\\\/ar\\\/tours\\\/adventure\\\/brazil-amazon\\\/#breadcrumb\"},\"inLanguage\":\"de\",\"potentialAction\":[{\"@type\":\"ReadAction\",\"target\":[\"https:\\\/\\\/mountainguides.pro\\\/ar\\\/tours\\\/adventure\\\/brazil-amazon\\\/\"]}]},{\"@type\":\"ImageObject\",\"inLanguage\":\"de\",\"@id\":\"https:\\\/\\\/mountainguides.pro\\\/ar\\\/tours\\\/adventure\\\/brazil-amazon\\\/#primaryimage\",\"url\":\"https:\\\/\\\/mountainguides.pro\\\/wp-content\\\/uploads\\\/2023\\\/11\\\/Brazil-Amazon.webp\",\"contentUrl\":\"https:\\\/\\\/mountainguides.pro\\\/wp-content\\\/uploads\\\/2023\\\/11\\\/Brazil-Amazon.webp\",\"width\":1335,\"height\":1780},{\"@type\":\"BreadcrumbList\",\"@id\":\"https:\\\/\\\/mountainguides.pro\\\/ar\\\/tours\\\/adventure\\\/brazil-amazon\\\/#breadcrumb\",\"itemListElement\":[{\"@type\":\"ListItem\",\"position\":1,\"name\":\"Home\",\"item\":\"https:\\\/\\\/mountainguides.pro\\\/de\\\/\"},{\"@type\":\"ListItem\",\"position\":2,\"name\":\"\u062c\u0648\u0644\u0629 \u0627\u0644\u0623\u0645\u0627\u0632\u0648\u0646: \u0627\u0644\u0628\u0631\u0627\u0632\u064a\u0644 \u0648\u0641\u0646\u0632\u0648\u064a\u0644\u0627 \u0648\u0628\u0646\u0645\u0627\"}]},{\"@type\":\"WebSite\",\"@id\":\"https:\\\/\\\/mountainguides.pro\\\/#website\",\"url\":\"https:\\\/\\\/mountainguides.pro\\\/\",\"name\":\"Mountain Guide\",\"description\":\"We aspire to be the first in everything!\",\"publisher\":{\"@id\":\"https:\\\/\\\/mountainguides.pro\\\/#organization\"},\"potentialAction\":[{\"@type\":\"SearchAction\",\"target\":{\"@type\":\"EntryPoint\",\"urlTemplate\":\"https:\\\/\\\/mountainguides.pro\\\/?s={search_term_string}\"},\"query-input\":{\"@type\":\"PropertyValueSpecification\",\"valueRequired\":true,\"valueName\":\"search_term_string\"}}],\"inLanguage\":\"de\"},{\"@type\":\"Organization\",\"@id\":\"https:\\\/\\\/mountainguides.pro\\\/#organization\",\"name\":\"Mountain Guide\",\"url\":\"https:\\\/\\\/mountainguides.pro\\\/\",\"logo\":{\"@type\":\"ImageObject\",\"inLanguage\":\"de\",\"@id\":\"https:\\\/\\\/mountainguides.pro\\\/#\\\/schema\\\/logo\\\/image\\\/\",\"url\":\"https:\\\/\\\/mountainguides.pro\\\/wp-content\\\/uploads\\\/2018\\\/01\\\/mglogo.jpg\",\"contentUrl\":\"https:\\\/\\\/mountainguides.pro\\\/wp-content\\\/uploads\\\/2018\\\/01\\\/mglogo.jpg\",\"width\":1200,\"height\":630,\"caption\":\"Mountain Guide\"},\"image\":{\"@id\":\"https:\\\/\\\/mountainguides.pro\\\/#\\\/schema\\\/logo\\\/image\\\/\"},\"sameAs\":[\"https:\\\/\\\/www.facebook.com\\\/Mountainguide-232956566756831\\\/\",\"https:\\\/\\\/x.com\\\/Wintercyclone\",\"http:\\\/\\\/instagram.com\\\/mountainguide\",\"http:\\\/\\\/www.youtube.com\\\/mountainguide\"]}]}<\/script>\n<!-- \/ Yoast SEO Premium plugin. -->","yoast_head_json":{"title":"Adventure Brazil Amazon","robots":{"index":"index","follow":"follow","max-snippet":"max-snippet:-1","max-image-preview":"max-image-preview:large","max-video-preview":"max-video-preview:-1"},"canonical":"https:\/\/mountainguides.pro\/de\/tours\/adventure\/brazil-amazon\/","og_locale":"de_DE","og_type":"article","og_title":"[:en]Brazil: Amazon[:de]Tour zum Amazonas: Brasilien, Venezuela, Panama[:es]Viaje al Amazonas: Brasil, Venezuela, Panam\u00e1[:pt]Viagem \u00e0 Amaz\u00f4nia: Brasil, Venezuela, Panam\u00e1[:zh]\u4e9a\u9a6c\u900a\u4e4b\u65c5\uff1a\u5df4\u897f\u3001\u59d4\u5185\u745e\u62c9\u3001\u5df4\u62ff\u9a6c[:ko]\uc544\ub9c8\uc874 \ud22c\uc5b4:\ube0c\ub77c\uc9c8,\ubca0\ub124\uc218\uc5d8\ub77c,\ud30c\ub098\ub9c8[:ja]\u30a2\u30de\u30be\u30f3\u30c4\u30a2\u30fc\uff1a\u30d6\u30e9\u30b8\u30eb\u3001\u30d9\u30cd\u30ba\u30a8\u30e9\u3001\u30d1\u30ca\u30de[:hi]\u0905\u092e\u0947\u091c\u093c\u0945\u0928 \u091f\u0942\u0930: \u092c\u094d\u0930\u093e\u091c\u0940\u0932, \u0935\u0947\u0928\u0947\u091c\u0941\u090f\u0932\u093e, \u092a\u0928\u093e\u092e\u093e[:ar]\u062c\u0648\u0644\u0629 \u0627\u0644\u0623\u0645\u0627\u0632\u0648\u0646: \u0627\u0644\u0628\u0631\u0627\u0632\u064a\u0644 \u0648\u0641\u0646\u0632\u0648\u064a\u0644\u0627 \u0648\u0628\u0646\u0645\u0627[:]","og_description":"Gleich drei L\u00e4nder in einer Reise: Brasilien, Venezuela, PanamaTrekking auf den Roraima mit den atemberaubenden Landschaften der \u201eVerlorenen Welt\u201cAbgeschiedenheit an tropischen Str\u00e4nden und Erkundung unber\u00fchrter NaturErkundung des karibischen Archipels Bocas del Toro, einschlie\u00dflich des Besuchs der Insel der Roten Fr\u00f6scheReise zum Salto \u00c1ngel, dem h\u00f6chsten Wasserfall der WeltBitte beachten Sie, dass unser Unternehmen nicht im Bereich des Kaufs oder Verkaufs von Flugtickets oder der Ausstellung von Visa t\u00e4tig ist und daher keine Verantwortung f\u00fcr F\u00e4lle h\u00f6herer Gewalt im Zusammenhang mit Fl\u00fcgen und Grenz\u00fcbertritten \u00fcbernimmt. Wichtige Informationen: Die Check-in- und Check-out-Zeiten werden vom Hotel festgelegt: Check-in ab 15 Uhr, Check-out bis 11\u201312 Uhr. Das Gep\u00e4ck kann an der Rezeption des Hotels aufbewahrt werden, w\u00e4hrend Sie die Stadt erkunden, oder \u2014 falls technisch m\u00f6glich \u2014 gegen Aufpreis f\u00fcr einen fr\u00fchen Check-in\/sp\u00e4ten Check-out.Die Reise hat Expeditionscharakter: Interaktionen mit lokalen St\u00e4mmen und Gemeinschaften sowie eine gewisse Abh\u00e4ngigkeit von Wetterbedingungen. Wir werden versuchen, dem vorgeschlagenen Zeitplan so genau wie m\u00f6glich zu folgen, behalten uns jedoch das Recht vor, \u00c4nderungen vorzunehmen, sofern sie durch Umst\u00e4nde verursacht werden, die au\u00dferhalb unserer Kontrolle liegen.","og_url":"https:\/\/mountainguides.pro\/de\/tours\/adventure\/brazil-amazon\/","og_site_name":"Mountain Guide","article_publisher":"https:\/\/www.facebook.com\/Mountainguide-232956566756831\/","article_modified_time":"2026-01-29T13:25:01+00:00","og_image":[{"width":1335,"height":1780,"url":"https:\/\/mountainguides.pro\/wp-content\/uploads\/2023\/11\/Brazil-Amazon.webp","type":"image\/webp"}],"twitter_card":"summary_large_image","twitter_site":"@Wintercyclone","twitter_misc":{"Gesch\u00e4tzte Lesezeit":"1\u00a0Minute"},"schema":{"@context":"https:\/\/schema.org","@graph":[{"@type":"WebPage","@id":"https:\/\/mountainguides.pro\/ar\/tours\/adventure\/brazil-amazon\/","url":"https:\/\/mountainguides.pro\/ar\/tours\/adventure\/brazil-amazon\/","name":"Adventure Brazil Amazon","isPartOf":{"@id":"https:\/\/mountainguides.pro\/#website"},"primaryImageOfPage":{"@id":"https:\/\/mountainguides.pro\/ar\/tours\/adventure\/brazil-amazon\/#primaryimage"},"image":{"@id":"https:\/\/mountainguides.pro\/ar\/tours\/adventure\/brazil-amazon\/#primaryimage"},"thumbnailUrl":"https:\/\/mountainguides.pro\/wp-content\/uploads\/2023\/11\/Brazil-Amazon.webp","datePublished":"2023-11-02T09:23:49+00:00","dateModified":"2026-01-29T13:25:01+00:00","breadcrumb":{"@id":"https:\/\/mountainguides.pro\/ar\/tours\/adventure\/brazil-amazon\/#breadcrumb"},"inLanguage":"de","potentialAction":[{"@type":"ReadAction","target":["https:\/\/mountainguides.pro\/ar\/tours\/adventure\/brazil-amazon\/"]}]},{"@type":"ImageObject","inLanguage":"de","@id":"https:\/\/mountainguides.pro\/ar\/tours\/adventure\/brazil-amazon\/#primaryimage","url":"https:\/\/mountainguides.pro\/wp-content\/uploads\/2023\/11\/Brazil-Amazon.webp","contentUrl":"https:\/\/mountainguides.pro\/wp-content\/uploads\/2023\/11\/Brazil-Amazon.webp","width":1335,"height":1780},{"@type":"BreadcrumbList","@id":"https:\/\/mountainguides.pro\/ar\/tours\/adventure\/brazil-amazon\/#breadcrumb","itemListElement":[{"@type":"ListItem","position":1,"name":"Home","item":"https:\/\/mountainguides.pro\/de\/"},{"@type":"ListItem","position":2,"name":"\u062c\u0648\u0644\u0629 \u0627\u0644\u0623\u0645\u0627\u0632\u0648\u0646: \u0627\u0644\u0628\u0631\u0627\u0632\u064a\u0644 \u0648\u0641\u0646\u0632\u0648\u064a\u0644\u0627 \u0648\u0628\u0646\u0645\u0627"}]},{"@type":"WebSite","@id":"https:\/\/mountainguides.pro\/#website","url":"https:\/\/mountainguides.pro\/","name":"Mountain Guide","description":"We aspire to be the first in everything!","publisher":{"@id":"https:\/\/mountainguides.pro\/#organization"},"potentialAction":[{"@type":"SearchAction","target":{"@type":"EntryPoint","urlTemplate":"https:\/\/mountainguides.pro\/?s={search_term_string}"},"query-input":{"@type":"PropertyValueSpecification","valueRequired":true,"valueName":"search_term_string"}}],"inLanguage":"de"},{"@type":"Organization","@id":"https:\/\/mountainguides.pro\/#organization","name":"Mountain Guide","url":"https:\/\/mountainguides.pro\/","logo":{"@type":"ImageObject","inLanguage":"de","@id":"https:\/\/mountainguides.pro\/#\/schema\/logo\/image\/","url":"https:\/\/mountainguides.pro\/wp-content\/uploads\/2018\/01\/mglogo.jpg","contentUrl":"https:\/\/mountainguides.pro\/wp-content\/uploads\/2018\/01\/mglogo.jpg","width":1200,"height":630,"caption":"Mountain Guide"},"image":{"@id":"https:\/\/mountainguides.pro\/#\/schema\/logo\/image\/"},"sameAs":["https:\/\/www.facebook.com\/Mountainguide-232956566756831\/","https:\/\/x.com\/Wintercyclone","http:\/\/instagram.com\/mountainguide","http:\/\/www.youtube.com\/mountainguide"]}]}},"_links":{"self":[{"href":"https:\/\/mountainguides.pro\/de\/wp-json\/wp\/v2\/product\/19788","targetHints":{"allow":["GET"]}}],"collection":[{"href":"https:\/\/mountainguides.pro\/de\/wp-json\/wp\/v2\/product"}],"about":[{"href":"https:\/\/mountainguides.pro\/de\/wp-json\/wp\/v2\/types\/product"}],"replies":[{"embeddable":true,"href":"https:\/\/mountainguides.pro\/de\/wp-json\/wp\/v2\/comments?post=19788"}],"version-history":[{"count":14,"href":"https:\/\/mountainguides.pro\/de\/wp-json\/wp\/v2\/product\/19788\/revisions"}],"predecessor-version":[{"id":32688,"href":"https:\/\/mountainguides.pro\/de\/wp-json\/wp\/v2\/product\/19788\/revisions\/32688"}],"wp:featuredmedia":[{"embeddable":true,"href":"https:\/\/mountainguides.pro\/de\/wp-json\/wp\/v2\/media\/19789"}],"wp:attachment":[{"href":"https:\/\/mountainguides.pro\/de\/wp-json\/wp\/v2\/media?parent=19788"}],"wp:term":[{"taxonomy":"product_cat","embeddable":true,"href":"https:\/\/mountainguides.pro\/de\/wp-json\/wp\/v2\/product_cat?post=19788"},{"taxonomy":"product_tag","embeddable":true,"href":"https:\/\/mountainguides.pro\/de\/wp-json\/wp\/v2\/product_tag?post=19788"}],"curies":[{"name":"wp","href":"https:\/\/api.w.org\/{rel}","templated":true}]}}