{"id":19792,"date":"2023-11-02T12:39:55","date_gmt":"2023-11-02T09:39:55","guid":{"rendered":"https:\/\/mountainguides.pro\/?post_type=product&#038;p=19792"},"modified":"2026-01-29T16:18:17","modified_gmt":"2026-01-29T13:18:17","slug":"brazil-pantanal-iguassu-rio","status":"publish","type":"product","link":"https:\/\/mountainguides.pro\/de\/tours\/adventure\/brazil-pantanal-iguassu-rio\/","title":{"rendered":"Tour nach Brasilien: Pantanal, Igua\u00e7u, Rio"},"content":{"rendered":"","protected":false},"excerpt":{"rendered":"<p data-start=\"115\" data-end=\"402\">Bitte beachten Sie, dass unser Unternehmen <strong data-start=\"160\" data-end=\"268\">keine Dienstleistungen im Bereich des Kaufs oder Verkaufs von Flugtickets sowie der Beantragung von Visa<\/strong> erbringt und daher <strong data-start=\"288\" data-end=\"347\">keine Verantwortung f\u00fcr etwaige Zwischenf\u00e4lle \u00fcbernimmt<\/strong>, die mit Fl\u00fcgen oder Grenzformalit\u00e4ten verbunden sind.<\/p>\n<ul data-start=\"404\" data-end=\"1602\">\n<li data-start=\"404\" data-end=\"532\">\n<p data-start=\"406\" data-end=\"532\">Wir sehen eines der <strong data-start=\"426\" data-end=\"442\">7 Weltwunder<\/strong> \u2013 die <strong data-start=\"449\" data-end=\"471\">Iguaz\u00fa-Wasserf\u00e4lle<\/strong>, die h\u00f6her und breiter sind als die ber\u00fchmten Niagaraf\u00e4lle<\/p>\n<\/li>\n<li data-start=\"533\" data-end=\"663\">\n<p data-start=\"535\" data-end=\"663\">Wir steigen an einem <strong data-start=\"556\" data-end=\"594\">frei h\u00e4ngenden Seil fast 100 Meter<\/strong> in eine H\u00f6hle hinab, die als eine der sch\u00f6nsten in S\u00fcdamerika gilt<\/p>\n<\/li>\n<li data-start=\"664\" data-end=\"788\">\n<p data-start=\"666\" data-end=\"788\">Wir werden <strong data-start=\"677\" data-end=\"717\">mit einzigartigen Fischarten tauchen<\/strong>, die mehr als 2 Millionen Jahre in v\u00f6lliger Isolation \u00fcberlebt haben<\/p>\n<\/li>\n<li data-start=\"789\" data-end=\"909\">\n<p data-start=\"791\" data-end=\"909\">Wir fliegen \u00fcber die atemberaubenden Landschaften des <strong data-start=\"845\" data-end=\"857\">Pantanal<\/strong>, einer der einzigartigsten Naturregionen der Erde<\/p>\n<\/li>\n<li data-start=\"910\" data-end=\"1091\">\n<p data-start=\"912\" data-end=\"1091\">Wir beobachten im Pantanal lebende Tiere, die es <strong data-start=\"961\" data-end=\"985\">nirgendwo sonst gibt<\/strong>: Jaguare, Riesenameisenb\u00e4ren, Ozelote, Affen, Anakondas sowie den gr\u00f6\u00dften Nager der Welt \u2013 die Capybara<\/p>\n<\/li>\n<li data-start=\"1092\" data-end=\"1159\">\n<p data-start=\"1094\" data-end=\"1159\">Wir fangen Piranhas und braten sie anschlie\u00dfend zum Mittagessen<\/p>\n<\/li>\n<li data-start=\"1160\" data-end=\"1233\">\n<p data-start=\"1162\" data-end=\"1233\">Wir lernen, ein Lasso zu werfen \u2013 wie in alten amerikanischen Western<\/p>\n<\/li>\n<li data-start=\"1234\" data-end=\"1295\">\n<p data-start=\"1236\" data-end=\"1295\">Wir teilen unser Sandwich mit Kaimanen bei einem Picknick<\/p>\n<\/li>\n<li data-start=\"1296\" data-end=\"1378\">\n<p data-start=\"1298\" data-end=\"1378\">Wir lernen reiten und begeben uns auf ein echtes Abenteuer durch den Dschungel<\/p>\n<\/li>\n<li data-start=\"1379\" data-end=\"1492\">\n<p data-start=\"1381\" data-end=\"1492\">Mit dem Kajak paddeln wir den <strong data-start=\"1411\" data-end=\"1424\">Rio Negro<\/strong>, einen geheimnisvollen schwarzen Nebenfluss des Amazonas, entlang<\/p>\n<\/li>\n<li data-start=\"1493\" data-end=\"1602\">\n<p data-start=\"1495\" data-end=\"1602\">Wir sehen tausende Rinder der weltbesten Steakzucht \u2013 und vielleicht sogar einen Jaguar, der auf sie jagt<\/p>\n<\/li>\n<\/ul>\n","protected":false},"featured_media":21462,"comment_status":"closed","ping_status":"closed","template":"","meta":{"_acf_changed":false,"footnotes":""},"product_cat":[337],"product_tag":[],"class_list":{"0":"post-19792","1":"product","2":"type-product","3":"status-publish","4":"has-post-thumbnail","6":"product_cat-adventure","8":"first","9":"instock","10":"shipping-taxable","11":"purchasable","12":"product-type-simple"},"acf":[],"yoast_head":"<!-- This site is optimized with the Yoast SEO Premium plugin v26.5 (Yoast SEO v27.3) - https:\/\/yoast.com\/product\/yoast-seo-premium-wordpress\/ -->\n<title>Adventure Brazil Pantanal<\/title>\n<meta name=\"robots\" content=\"index, follow, max-snippet:-1, max-image-preview:large, max-video-preview:-1\" \/>\n<link rel=\"canonical\" href=\"https:\/\/mountainguides.pro\/de\/tours\/adventure\/brazil-pantanal-iguassu-rio\/\" \/>\n<meta property=\"og:locale\" content=\"de_DE\" \/>\n<meta property=\"og:locale:alternate\" content=\"en_US\" \/>\n<meta property=\"og:locale:alternate\" content=\"ru_RU\" \/>\n<meta property=\"og:locale:alternate\" content=\"es\" \/>\n<meta property=\"og:locale:alternate\" content=\"pt\" \/>\n<meta property=\"og:locale:alternate\" content=\"zh\" \/>\n<meta property=\"og:locale:alternate\" content=\"ko\" \/>\n<meta property=\"og:locale:alternate\" content=\"ja\" \/>\n<meta property=\"og:locale:alternate\" content=\"hi\" \/>\n<meta property=\"og:locale:alternate\" content=\"ar\" \/>\n<meta property=\"og:type\" content=\"article\" \/>\n<meta property=\"og:title\" content=\"Tour nach Brasilien: Pantanal, Igua\u00e7u, Rio\" \/>\n<meta property=\"og:description\" content=\"Bitte beachten Sie, dass unser Unternehmen keine Dienstleistungen im Bereich des Kaufs oder Verkaufs von Flugtickets sowie der Beantragung von Visa erbringt und daher keine Verantwortung f\u00fcr etwaige Zwischenf\u00e4lle \u00fcbernimmt, die mit Fl\u00fcgen oder Grenzformalit\u00e4ten verbunden sind.     Wir sehen eines der 7 Weltwunder \u2013 die Iguaz\u00fa-Wasserf\u00e4lle, die h\u00f6her und breiter sind als die ber\u00fchmten Niagaraf\u00e4lle    Wir steigen an einem frei h\u00e4ngenden Seil fast 100 Meter in eine H\u00f6hle hinab, die als eine der sch\u00f6nsten in S\u00fcdamerika gilt    Wir werden mit einzigartigen Fischarten tauchen, die mehr als 2 Millionen Jahre in v\u00f6lliger Isolation \u00fcberlebt haben    Wir fliegen \u00fcber die atemberaubenden Landschaften des Pantanal, einer der einzigartigsten Naturregionen der Erde    Wir beobachten im Pantanal lebende Tiere, die es nirgendwo sonst gibt: Jaguare, Riesenameisenb\u00e4ren, Ozelote, Affen, Anakondas sowie den gr\u00f6\u00dften Nager der Welt \u2013 die Capybara    Wir fangen Piranhas und braten sie anschlie\u00dfend zum Mittagessen    Wir lernen, ein Lasso zu werfen \u2013 wie in alten amerikanischen Western    Wir teilen unser Sandwich mit Kaimanen bei einem Picknick    Wir lernen reiten und begeben uns auf ein echtes Abenteuer durch den Dschungel    Mit dem Kajak paddeln wir den Rio Negro, einen geheimnisvollen schwarzen Nebenfluss des Amazonas, entlang    Wir sehen tausende Rinder der weltbesten Steakzucht \u2013 und vielleicht sogar einen Jaguar, der auf sie jagt\" \/>\n<meta property=\"og:url\" content=\"https:\/\/mountainguides.pro\/de\/tours\/adventure\/brazil-pantanal-iguassu-rio\/\" \/>\n<meta property=\"og:site_name\" content=\"Mountain Guide\" \/>\n<meta property=\"article:publisher\" content=\"https:\/\/www.facebook.com\/Mountainguide-232956566756831\/\" \/>\n<meta property=\"article:modified_time\" content=\"2026-01-29T13:18:17+00:00\" \/>\n<meta property=\"og:image\" content=\"https:\/\/mountainguides.pro\/wp-content\/uploads\/2023\/11\/pantanal-braziliya-iguasu-i-rio.jpg\" \/>\n\t<meta property=\"og:image:width\" content=\"1600\" \/>\n\t<meta property=\"og:image:height\" content=\"1200\" \/>\n\t<meta property=\"og:image:type\" content=\"image\/jpeg\" \/>\n<meta name=\"twitter:card\" content=\"summary_large_image\" \/>\n<meta name=\"twitter:site\" content=\"@Wintercyclone\" \/>\n<meta name=\"twitter:label1\" content=\"Gesch\u00e4tzte Lesezeit\" \/>\n\t<meta name=\"twitter:data1\" content=\"1\u00a0Minute\" \/>\n<script type=\"application\/ld+json\" class=\"yoast-schema-graph\">{\"@context\":\"https:\\\/\\\/schema.org\",\"@graph\":[{\"@type\":\"WebPage\",\"@id\":\"https:\\\/\\\/mountainguides.pro\\\/ar\\\/tours\\\/adventure\\\/brazil-pantanal-iguassu-rio\\\/\",\"url\":\"https:\\\/\\\/mountainguides.pro\\\/ar\\\/tours\\\/adventure\\\/brazil-pantanal-iguassu-rio\\\/\",\"name\":\"Adventure Brazil Pantanal\",\"isPartOf\":{\"@id\":\"https:\\\/\\\/mountainguides.pro\\\/#website\"},\"primaryImageOfPage\":{\"@id\":\"https:\\\/\\\/mountainguides.pro\\\/ar\\\/tours\\\/adventure\\\/brazil-pantanal-iguassu-rio\\\/#primaryimage\"},\"image\":{\"@id\":\"https:\\\/\\\/mountainguides.pro\\\/ar\\\/tours\\\/adventure\\\/brazil-pantanal-iguassu-rio\\\/#primaryimage\"},\"thumbnailUrl\":\"https:\\\/\\\/mountainguides.pro\\\/wp-content\\\/uploads\\\/2023\\\/11\\\/pantanal-braziliya-iguasu-i-rio.jpg\",\"datePublished\":\"2023-11-02T09:39:55+00:00\",\"dateModified\":\"2026-01-29T13:18:17+00:00\",\"breadcrumb\":{\"@id\":\"https:\\\/\\\/mountainguides.pro\\\/ar\\\/tours\\\/adventure\\\/brazil-pantanal-iguassu-rio\\\/#breadcrumb\"},\"inLanguage\":\"de\",\"potentialAction\":[{\"@type\":\"ReadAction\",\"target\":[\"https:\\\/\\\/mountainguides.pro\\\/ar\\\/tours\\\/adventure\\\/brazil-pantanal-iguassu-rio\\\/\"]}]},{\"@type\":\"ImageObject\",\"inLanguage\":\"de\",\"@id\":\"https:\\\/\\\/mountainguides.pro\\\/ar\\\/tours\\\/adventure\\\/brazil-pantanal-iguassu-rio\\\/#primaryimage\",\"url\":\"https:\\\/\\\/mountainguides.pro\\\/wp-content\\\/uploads\\\/2023\\\/11\\\/pantanal-braziliya-iguasu-i-rio.jpg\",\"contentUrl\":\"https:\\\/\\\/mountainguides.pro\\\/wp-content\\\/uploads\\\/2023\\\/11\\\/pantanal-braziliya-iguasu-i-rio.jpg\",\"width\":1600,\"height\":1200},{\"@type\":\"BreadcrumbList\",\"@id\":\"https:\\\/\\\/mountainguides.pro\\\/ar\\\/tours\\\/adventure\\\/brazil-pantanal-iguassu-rio\\\/#breadcrumb\",\"itemListElement\":[{\"@type\":\"ListItem\",\"position\":1,\"name\":\"Home\",\"item\":\"https:\\\/\\\/mountainguides.pro\\\/de\\\/\"},{\"@type\":\"ListItem\",\"position\":2,\"name\":\"\u062c\u0648\u0644\u0629 \u0627\u0644\u0628\u0631\u0627\u0632\u064a\u0644: \u0628\u0627\u0646\u062a\u0627\u0646\u0627\u0644 \u060c \u0625\u062c\u0648\u0627\u0632\u0648 \u060c \u0631\u064a\u0648\"}]},{\"@type\":\"WebSite\",\"@id\":\"https:\\\/\\\/mountainguides.pro\\\/#website\",\"url\":\"https:\\\/\\\/mountainguides.pro\\\/\",\"name\":\"Mountain Guide\",\"description\":\"We aspire to be the first in everything!\",\"publisher\":{\"@id\":\"https:\\\/\\\/mountainguides.pro\\\/#organization\"},\"potentialAction\":[{\"@type\":\"SearchAction\",\"target\":{\"@type\":\"EntryPoint\",\"urlTemplate\":\"https:\\\/\\\/mountainguides.pro\\\/?s={search_term_string}\"},\"query-input\":{\"@type\":\"PropertyValueSpecification\",\"valueRequired\":true,\"valueName\":\"search_term_string\"}}],\"inLanguage\":\"de\"},{\"@type\":\"Organization\",\"@id\":\"https:\\\/\\\/mountainguides.pro\\\/#organization\",\"name\":\"Mountain Guide\",\"url\":\"https:\\\/\\\/mountainguides.pro\\\/\",\"logo\":{\"@type\":\"ImageObject\",\"inLanguage\":\"de\",\"@id\":\"https:\\\/\\\/mountainguides.pro\\\/#\\\/schema\\\/logo\\\/image\\\/\",\"url\":\"https:\\\/\\\/mountainguides.pro\\\/wp-content\\\/uploads\\\/2018\\\/01\\\/mglogo.jpg\",\"contentUrl\":\"https:\\\/\\\/mountainguides.pro\\\/wp-content\\\/uploads\\\/2018\\\/01\\\/mglogo.jpg\",\"width\":1200,\"height\":630,\"caption\":\"Mountain Guide\"},\"image\":{\"@id\":\"https:\\\/\\\/mountainguides.pro\\\/#\\\/schema\\\/logo\\\/image\\\/\"},\"sameAs\":[\"https:\\\/\\\/www.facebook.com\\\/Mountainguide-232956566756831\\\/\",\"https:\\\/\\\/x.com\\\/Wintercyclone\",\"http:\\\/\\\/instagram.com\\\/mountainguide\",\"http:\\\/\\\/www.youtube.com\\\/mountainguide\"]}]}<\/script>\n<!-- \/ Yoast SEO Premium plugin. -->","yoast_head_json":{"title":"Adventure Brazil Pantanal","robots":{"index":"index","follow":"follow","max-snippet":"max-snippet:-1","max-image-preview":"max-image-preview:large","max-video-preview":"max-video-preview:-1"},"canonical":"https:\/\/mountainguides.pro\/de\/tours\/adventure\/brazil-pantanal-iguassu-rio\/","og_locale":"de_DE","og_type":"article","og_title":"[:en]Brazil: Pantanal, Iguassu, Rio[:de]Tour nach Brasilien: Pantanal, Igua\u00e7u, Rio[:es]Tour a Brasil: Pantanal, Iguaz\u00fa, r\u00edo[:pt]Tour no Brasil: Pantanal, Igua\u00e7u, Rio[:zh]\u5df4\u897f\u4e4b\u65c5\uff1a\u6f58\u5854\u7eb3\u5c14\u6e7f\u5730\u3001\u4f0a\u74dc\u82cf\u3001\u91cc\u7ea6[:ko]\ube0c\ub77c\uc9c8 \ud22c\uc5b4:\ud310\ud0c0\ub0a0,\uc774\uacfc\uc218,\ub9ac\uc624[:ja]\u30d6\u30e9\u30b8\u30eb\u30c4\u30a2\u30fc\uff1a\u30d1\u30f3\u30bf\u30ca\u30fc\u30eb\u3001\u30a4\u30b0\u30a2\u30b9\u3001\u30ea\u30aa[:hi]\u092c\u094d\u0930\u093e\u091c\u0940\u0932 \u091f\u0942\u0930: \u092a\u0948\u0902\u091f\u093e\u0928\u0932, \u0907\u0917\u093e\u091c\u093c\u0941, \u0930\u093f\u092f\u094b[:ar]\u062c\u0648\u0644\u0629 \u0627\u0644\u0628\u0631\u0627\u0632\u064a\u0644: \u0628\u0627\u0646\u062a\u0627\u0646\u0627\u0644 \u060c \u0625\u062c\u0648\u0627\u0632\u0648 \u060c \u0631\u064a\u0648[:]","og_description":"Bitte beachten Sie, dass unser Unternehmen keine Dienstleistungen im Bereich des Kaufs oder Verkaufs von Flugtickets sowie der Beantragung von Visa erbringt und daher keine Verantwortung f\u00fcr etwaige Zwischenf\u00e4lle \u00fcbernimmt, die mit Fl\u00fcgen oder Grenzformalit\u00e4ten verbunden sind.     Wir sehen eines der 7 Weltwunder \u2013 die Iguaz\u00fa-Wasserf\u00e4lle, die h\u00f6her und breiter sind als die ber\u00fchmten Niagaraf\u00e4lle    Wir steigen an einem frei h\u00e4ngenden Seil fast 100 Meter in eine H\u00f6hle hinab, die als eine der sch\u00f6nsten in S\u00fcdamerika gilt    Wir werden mit einzigartigen Fischarten tauchen, die mehr als 2 Millionen Jahre in v\u00f6lliger Isolation \u00fcberlebt haben    Wir fliegen \u00fcber die atemberaubenden Landschaften des Pantanal, einer der einzigartigsten Naturregionen der Erde    Wir beobachten im Pantanal lebende Tiere, die es nirgendwo sonst gibt: Jaguare, Riesenameisenb\u00e4ren, Ozelote, Affen, Anakondas sowie den gr\u00f6\u00dften Nager der Welt \u2013 die Capybara    Wir fangen Piranhas und braten sie anschlie\u00dfend zum Mittagessen    Wir lernen, ein Lasso zu werfen \u2013 wie in alten amerikanischen Western    Wir teilen unser Sandwich mit Kaimanen bei einem Picknick    Wir lernen reiten und begeben uns auf ein echtes Abenteuer durch den Dschungel    Mit dem Kajak paddeln wir den Rio Negro, einen geheimnisvollen schwarzen Nebenfluss des Amazonas, entlang    Wir sehen tausende Rinder der weltbesten Steakzucht \u2013 und vielleicht sogar einen Jaguar, der auf sie jagt","og_url":"https:\/\/mountainguides.pro\/de\/tours\/adventure\/brazil-pantanal-iguassu-rio\/","og_site_name":"Mountain Guide","article_publisher":"https:\/\/www.facebook.com\/Mountainguide-232956566756831\/","article_modified_time":"2026-01-29T13:18:17+00:00","og_image":[{"width":1600,"height":1200,"url":"https:\/\/mountainguides.pro\/wp-content\/uploads\/2023\/11\/pantanal-braziliya-iguasu-i-rio.jpg","type":"image\/jpeg"}],"twitter_card":"summary_large_image","twitter_site":"@Wintercyclone","twitter_misc":{"Gesch\u00e4tzte Lesezeit":"1\u00a0Minute"},"schema":{"@context":"https:\/\/schema.org","@graph":[{"@type":"WebPage","@id":"https:\/\/mountainguides.pro\/ar\/tours\/adventure\/brazil-pantanal-iguassu-rio\/","url":"https:\/\/mountainguides.pro\/ar\/tours\/adventure\/brazil-pantanal-iguassu-rio\/","name":"Adventure Brazil Pantanal","isPartOf":{"@id":"https:\/\/mountainguides.pro\/#website"},"primaryImageOfPage":{"@id":"https:\/\/mountainguides.pro\/ar\/tours\/adventure\/brazil-pantanal-iguassu-rio\/#primaryimage"},"image":{"@id":"https:\/\/mountainguides.pro\/ar\/tours\/adventure\/brazil-pantanal-iguassu-rio\/#primaryimage"},"thumbnailUrl":"https:\/\/mountainguides.pro\/wp-content\/uploads\/2023\/11\/pantanal-braziliya-iguasu-i-rio.jpg","datePublished":"2023-11-02T09:39:55+00:00","dateModified":"2026-01-29T13:18:17+00:00","breadcrumb":{"@id":"https:\/\/mountainguides.pro\/ar\/tours\/adventure\/brazil-pantanal-iguassu-rio\/#breadcrumb"},"inLanguage":"de","potentialAction":[{"@type":"ReadAction","target":["https:\/\/mountainguides.pro\/ar\/tours\/adventure\/brazil-pantanal-iguassu-rio\/"]}]},{"@type":"ImageObject","inLanguage":"de","@id":"https:\/\/mountainguides.pro\/ar\/tours\/adventure\/brazil-pantanal-iguassu-rio\/#primaryimage","url":"https:\/\/mountainguides.pro\/wp-content\/uploads\/2023\/11\/pantanal-braziliya-iguasu-i-rio.jpg","contentUrl":"https:\/\/mountainguides.pro\/wp-content\/uploads\/2023\/11\/pantanal-braziliya-iguasu-i-rio.jpg","width":1600,"height":1200},{"@type":"BreadcrumbList","@id":"https:\/\/mountainguides.pro\/ar\/tours\/adventure\/brazil-pantanal-iguassu-rio\/#breadcrumb","itemListElement":[{"@type":"ListItem","position":1,"name":"Home","item":"https:\/\/mountainguides.pro\/de\/"},{"@type":"ListItem","position":2,"name":"\u062c\u0648\u0644\u0629 \u0627\u0644\u0628\u0631\u0627\u0632\u064a\u0644: \u0628\u0627\u0646\u062a\u0627\u0646\u0627\u0644 \u060c \u0625\u062c\u0648\u0627\u0632\u0648 \u060c \u0631\u064a\u0648"}]},{"@type":"WebSite","@id":"https:\/\/mountainguides.pro\/#website","url":"https:\/\/mountainguides.pro\/","name":"Mountain Guide","description":"We aspire to be the first in everything!","publisher":{"@id":"https:\/\/mountainguides.pro\/#organization"},"potentialAction":[{"@type":"SearchAction","target":{"@type":"EntryPoint","urlTemplate":"https:\/\/mountainguides.pro\/?s={search_term_string}"},"query-input":{"@type":"PropertyValueSpecification","valueRequired":true,"valueName":"search_term_string"}}],"inLanguage":"de"},{"@type":"Organization","@id":"https:\/\/mountainguides.pro\/#organization","name":"Mountain Guide","url":"https:\/\/mountainguides.pro\/","logo":{"@type":"ImageObject","inLanguage":"de","@id":"https:\/\/mountainguides.pro\/#\/schema\/logo\/image\/","url":"https:\/\/mountainguides.pro\/wp-content\/uploads\/2018\/01\/mglogo.jpg","contentUrl":"https:\/\/mountainguides.pro\/wp-content\/uploads\/2018\/01\/mglogo.jpg","width":1200,"height":630,"caption":"Mountain Guide"},"image":{"@id":"https:\/\/mountainguides.pro\/#\/schema\/logo\/image\/"},"sameAs":["https:\/\/www.facebook.com\/Mountainguide-232956566756831\/","https:\/\/x.com\/Wintercyclone","http:\/\/instagram.com\/mountainguide","http:\/\/www.youtube.com\/mountainguide"]}]}},"_links":{"self":[{"href":"https:\/\/mountainguides.pro\/de\/wp-json\/wp\/v2\/product\/19792","targetHints":{"allow":["GET"]}}],"collection":[{"href":"https:\/\/mountainguides.pro\/de\/wp-json\/wp\/v2\/product"}],"about":[{"href":"https:\/\/mountainguides.pro\/de\/wp-json\/wp\/v2\/types\/product"}],"replies":[{"embeddable":true,"href":"https:\/\/mountainguides.pro\/de\/wp-json\/wp\/v2\/comments?post=19792"}],"version-history":[{"count":12,"href":"https:\/\/mountainguides.pro\/de\/wp-json\/wp\/v2\/product\/19792\/revisions"}],"predecessor-version":[{"id":32687,"href":"https:\/\/mountainguides.pro\/de\/wp-json\/wp\/v2\/product\/19792\/revisions\/32687"}],"wp:featuredmedia":[{"embeddable":true,"href":"https:\/\/mountainguides.pro\/de\/wp-json\/wp\/v2\/media\/21462"}],"wp:attachment":[{"href":"https:\/\/mountainguides.pro\/de\/wp-json\/wp\/v2\/media?parent=19792"}],"wp:term":[{"taxonomy":"product_cat","embeddable":true,"href":"https:\/\/mountainguides.pro\/de\/wp-json\/wp\/v2\/product_cat?post=19792"},{"taxonomy":"product_tag","embeddable":true,"href":"https:\/\/mountainguides.pro\/de\/wp-json\/wp\/v2\/product_tag?post=19792"}],"curies":[{"name":"wp","href":"https:\/\/api.w.org\/{rel}","templated":true}]}}