{"id":19795,"date":"2023-11-02T13:34:06","date_gmt":"2023-11-02T10:34:06","guid":{"rendered":"https:\/\/mountainguides.pro\/?post_type=product&#038;p=19795"},"modified":"2026-01-29T16:10:55","modified_gmt":"2026-01-29T13:10:55","slug":"chile-from-the-atacama-to-tierra-del-fuego","status":"publish","type":"product","link":"https:\/\/mountainguides.pro\/de\/tours\/adventure\/chile-from-the-atacama-to-tierra-del-fuego\/","title":{"rendered":"Chile-Tour: Von Atacama ins feurige Land"},"content":{"rendered":"","protected":false},"excerpt":{"rendered":"<p data-start=\"146\" data-end=\"415\">Bitte beachten Sie, dass unser Unternehmen nicht im Bereich des Kaufs oder Verkaufs von Flugtickets und der Ausstellung von Visumerlaubnissen t\u00e4tig ist und daher keine Verantwortung im Falle von h\u00f6herer Gewalt im Zusammenhang mit Fl\u00fcgen und Grenz\u00fcbertritten \u00fcbernimmt.<\/p>\n<p data-start=\"417\" data-end=\"1228\">Die Atacama-W\u00fcste ist der trockenste Ort der Erde mit Regionen, in denen es noch nie geregnet hat<br data-start=\"514\" data-end=\"517\" \/>Ein geheimnisvoller Ort, den jedes Jahr Tausende von Touristen besuchen, um \u201eauf dem Mond zu sein\u201c<br data-start=\"615\" data-end=\"618\" \/>Wir f\u00fchlen uns wie ein \u201etreibender Korken\u201c in der Laguna Cejar auf dem gr\u00f6\u00dften Salzsee S\u00fcdamerikas<br data-start=\"716\" data-end=\"719\" \/>Osterinsel, die Heimat der majest\u00e4tischen Moai-Statuen<br data-start=\"773\" data-end=\"776\" data-is-only-node=\"\" \/>Wir lernen den sch\u00e4rfsten Chili der Welt kennen, probieren das ber\u00fchmte Asado und nat\u00fcrlich Meeresfr\u00fcchtegerichte mit einem Glas lokalen Chardonnay<br data-start=\"923\" data-end=\"926\" \/>Ein Spaziergang \u00fcber eine Insel, auf der die gr\u00f6\u00dften Kolonien von Magellan- und Papua-Pinguinen leben<br data-start=\"1027\" data-end=\"1030\" \/>Das wahre Ende der Welt \u2013 die Stadt Ushuaia auf der Insel Feuerland<br data-start=\"1097\" data-end=\"1100\" \/>Der ber\u00fchmteste Nationalpark Lateinamerikas \u2013 Torres del Paine<br data-start=\"1162\" data-end=\"1165\" \/>Perito Moreno enth\u00e4lt den drittgr\u00f6\u00dften S\u00fc\u00dfwasservorrat der Erde<\/p>\n","protected":false},"featured_media":19796,"comment_status":"closed","ping_status":"closed","template":"","meta":{"_acf_changed":false,"footnotes":""},"product_cat":[337],"product_tag":[],"class_list":{"0":"post-19795","1":"product","2":"type-product","3":"status-publish","4":"has-post-thumbnail","6":"product_cat-adventure","8":"first","9":"instock","10":"shipping-taxable","11":"purchasable","12":"product-type-simple"},"acf":[],"yoast_head":"<!-- This site is optimized with the Yoast SEO Premium plugin v26.5 (Yoast SEO v27.3) - https:\/\/yoast.com\/product\/yoast-seo-premium-wordpress\/ -->\n<title>Adventure Chile<\/title>\n<meta name=\"robots\" content=\"index, follow, max-snippet:-1, max-image-preview:large, max-video-preview:-1\" \/>\n<link rel=\"canonical\" href=\"https:\/\/mountainguides.pro\/de\/tours\/adventure\/chile-from-the-atacama-to-tierra-del-fuego\/\" \/>\n<meta property=\"og:locale\" content=\"de_DE\" \/>\n<meta property=\"og:locale:alternate\" content=\"en_US\" \/>\n<meta property=\"og:locale:alternate\" content=\"ru_RU\" \/>\n<meta property=\"og:locale:alternate\" content=\"es\" \/>\n<meta property=\"og:locale:alternate\" content=\"pt\" \/>\n<meta property=\"og:locale:alternate\" content=\"zh\" \/>\n<meta property=\"og:locale:alternate\" content=\"ko\" \/>\n<meta property=\"og:locale:alternate\" content=\"ja\" \/>\n<meta property=\"og:locale:alternate\" content=\"hi\" \/>\n<meta property=\"og:locale:alternate\" content=\"ar\" \/>\n<meta property=\"og:type\" content=\"article\" \/>\n<meta property=\"og:title\" content=\"Chile-Tour: Von Atacama ins feurige Land\" \/>\n<meta property=\"og:description\" content=\"Bitte beachten Sie, dass unser Unternehmen nicht im Bereich des Kaufs oder Verkaufs von Flugtickets und der Ausstellung von Visumerlaubnissen t\u00e4tig ist und daher keine Verantwortung im Falle von h\u00f6herer Gewalt im Zusammenhang mit Fl\u00fcgen und Grenz\u00fcbertritten \u00fcbernimmt. Die Atacama-W\u00fcste ist der trockenste Ort der Erde mit Regionen, in denen es noch nie geregnet hatEin geheimnisvoller Ort, den jedes Jahr Tausende von Touristen besuchen, um \u201eauf dem Mond zu sein\u201cWir f\u00fchlen uns wie ein \u201etreibender Korken\u201c in der Laguna Cejar auf dem gr\u00f6\u00dften Salzsee S\u00fcdamerikasOsterinsel, die Heimat der majest\u00e4tischen Moai-StatuenWir lernen den sch\u00e4rfsten Chili der Welt kennen, probieren das ber\u00fchmte Asado und nat\u00fcrlich Meeresfr\u00fcchtegerichte mit einem Glas lokalen ChardonnayEin Spaziergang \u00fcber eine Insel, auf der die gr\u00f6\u00dften Kolonien von Magellan- und Papua-Pinguinen lebenDas wahre Ende der Welt \u2013 die Stadt Ushuaia auf der Insel FeuerlandDer ber\u00fchmteste Nationalpark Lateinamerikas \u2013 Torres del PainePerito Moreno enth\u00e4lt den drittgr\u00f6\u00dften S\u00fc\u00dfwasservorrat der Erde\" \/>\n<meta property=\"og:url\" content=\"https:\/\/mountainguides.pro\/de\/tours\/adventure\/chile-from-the-atacama-to-tierra-del-fuego\/\" \/>\n<meta property=\"og:site_name\" content=\"Mountain Guide\" \/>\n<meta property=\"article:publisher\" content=\"https:\/\/www.facebook.com\/Mountainguide-232956566756831\/\" \/>\n<meta property=\"article:modified_time\" content=\"2026-01-29T13:10:55+00:00\" \/>\n<meta property=\"og:image\" content=\"https:\/\/mountainguides.pro\/wp-content\/uploads\/2023\/11\/Chili.jpeg\" \/>\n\t<meta property=\"og:image:width\" content=\"1600\" \/>\n\t<meta property=\"og:image:height\" content=\"1200\" \/>\n\t<meta property=\"og:image:type\" content=\"image\/jpeg\" \/>\n<meta name=\"twitter:card\" content=\"summary_large_image\" \/>\n<meta name=\"twitter:site\" content=\"@Wintercyclone\" \/>\n<meta name=\"twitter:label1\" content=\"Gesch\u00e4tzte Lesezeit\" \/>\n\t<meta name=\"twitter:data1\" content=\"1\u00a0Minute\" \/>\n<script type=\"application\/ld+json\" class=\"yoast-schema-graph\">{\"@context\":\"https:\\\/\\\/schema.org\",\"@graph\":[{\"@type\":\"WebPage\",\"@id\":\"https:\\\/\\\/mountainguides.pro\\\/ar\\\/tours\\\/adventure\\\/chile-from-the-atacama-to-tierra-del-fuego\\\/\",\"url\":\"https:\\\/\\\/mountainguides.pro\\\/ar\\\/tours\\\/adventure\\\/chile-from-the-atacama-to-tierra-del-fuego\\\/\",\"name\":\"Adventure Chile\",\"isPartOf\":{\"@id\":\"https:\\\/\\\/mountainguides.pro\\\/#website\"},\"primaryImageOfPage\":{\"@id\":\"https:\\\/\\\/mountainguides.pro\\\/ar\\\/tours\\\/adventure\\\/chile-from-the-atacama-to-tierra-del-fuego\\\/#primaryimage\"},\"image\":{\"@id\":\"https:\\\/\\\/mountainguides.pro\\\/ar\\\/tours\\\/adventure\\\/chile-from-the-atacama-to-tierra-del-fuego\\\/#primaryimage\"},\"thumbnailUrl\":\"https:\\\/\\\/mountainguides.pro\\\/wp-content\\\/uploads\\\/2023\\\/11\\\/Chili.jpeg\",\"datePublished\":\"2023-11-02T10:34:06+00:00\",\"dateModified\":\"2026-01-29T13:10:55+00:00\",\"breadcrumb\":{\"@id\":\"https:\\\/\\\/mountainguides.pro\\\/ar\\\/tours\\\/adventure\\\/chile-from-the-atacama-to-tierra-del-fuego\\\/#breadcrumb\"},\"inLanguage\":\"de\",\"potentialAction\":[{\"@type\":\"ReadAction\",\"target\":[\"https:\\\/\\\/mountainguides.pro\\\/ar\\\/tours\\\/adventure\\\/chile-from-the-atacama-to-tierra-del-fuego\\\/\"]}]},{\"@type\":\"ImageObject\",\"inLanguage\":\"de\",\"@id\":\"https:\\\/\\\/mountainguides.pro\\\/ar\\\/tours\\\/adventure\\\/chile-from-the-atacama-to-tierra-del-fuego\\\/#primaryimage\",\"url\":\"https:\\\/\\\/mountainguides.pro\\\/wp-content\\\/uploads\\\/2023\\\/11\\\/Chili.jpeg\",\"contentUrl\":\"https:\\\/\\\/mountainguides.pro\\\/wp-content\\\/uploads\\\/2023\\\/11\\\/Chili.jpeg\",\"width\":1600,\"height\":1200},{\"@type\":\"BreadcrumbList\",\"@id\":\"https:\\\/\\\/mountainguides.pro\\\/ar\\\/tours\\\/adventure\\\/chile-from-the-atacama-to-tierra-del-fuego\\\/#breadcrumb\",\"itemListElement\":[{\"@type\":\"ListItem\",\"position\":1,\"name\":\"Home\",\"item\":\"https:\\\/\\\/mountainguides.pro\\\/de\\\/\"},{\"@type\":\"ListItem\",\"position\":2,\"name\":\"\u062c\u0648\u0644\u0629 \u062a\u0634\u064a\u0644\u064a: \u0645\u0646 \u0623\u062a\u0627\u0643\u0627\u0645\u0627 \u0625\u0644\u0649 \u062a\u064a\u064a\u0631\u0627 \u062f\u064a\u0644 \u0641\u0648\u064a\u063a\u0648\"}]},{\"@type\":\"WebSite\",\"@id\":\"https:\\\/\\\/mountainguides.pro\\\/#website\",\"url\":\"https:\\\/\\\/mountainguides.pro\\\/\",\"name\":\"Mountain Guide\",\"description\":\"We aspire to be the first in everything!\",\"publisher\":{\"@id\":\"https:\\\/\\\/mountainguides.pro\\\/#organization\"},\"potentialAction\":[{\"@type\":\"SearchAction\",\"target\":{\"@type\":\"EntryPoint\",\"urlTemplate\":\"https:\\\/\\\/mountainguides.pro\\\/?s={search_term_string}\"},\"query-input\":{\"@type\":\"PropertyValueSpecification\",\"valueRequired\":true,\"valueName\":\"search_term_string\"}}],\"inLanguage\":\"de\"},{\"@type\":\"Organization\",\"@id\":\"https:\\\/\\\/mountainguides.pro\\\/#organization\",\"name\":\"Mountain Guide\",\"url\":\"https:\\\/\\\/mountainguides.pro\\\/\",\"logo\":{\"@type\":\"ImageObject\",\"inLanguage\":\"de\",\"@id\":\"https:\\\/\\\/mountainguides.pro\\\/#\\\/schema\\\/logo\\\/image\\\/\",\"url\":\"https:\\\/\\\/mountainguides.pro\\\/wp-content\\\/uploads\\\/2018\\\/01\\\/mglogo.jpg\",\"contentUrl\":\"https:\\\/\\\/mountainguides.pro\\\/wp-content\\\/uploads\\\/2018\\\/01\\\/mglogo.jpg\",\"width\":1200,\"height\":630,\"caption\":\"Mountain Guide\"},\"image\":{\"@id\":\"https:\\\/\\\/mountainguides.pro\\\/#\\\/schema\\\/logo\\\/image\\\/\"},\"sameAs\":[\"https:\\\/\\\/www.facebook.com\\\/Mountainguide-232956566756831\\\/\",\"https:\\\/\\\/x.com\\\/Wintercyclone\",\"http:\\\/\\\/instagram.com\\\/mountainguide\",\"http:\\\/\\\/www.youtube.com\\\/mountainguide\"]}]}<\/script>\n<!-- \/ Yoast SEO Premium plugin. -->","yoast_head_json":{"title":"Adventure Chile","robots":{"index":"index","follow":"follow","max-snippet":"max-snippet:-1","max-image-preview":"max-image-preview:large","max-video-preview":"max-video-preview:-1"},"canonical":"https:\/\/mountainguides.pro\/de\/tours\/adventure\/chile-from-the-atacama-to-tierra-del-fuego\/","og_locale":"de_DE","og_type":"article","og_title":"[:en]Chile: from the Atacama to Tierra del Fuego[:de]Chile-Tour: Von Atacama ins feurige Land[:es]Gira por Chile: de Atacama a tierra del Fuego[:pt]Tour no Chile: do Atacama \u00e0 terra do fogo[:zh]\u667a\u5229\u4e4b\u65c5\uff1a\u4ece\u963f\u5854\u5361\u9a6c\u5230\u706b\u5730\u5c9b[:ko]\uce60\ub808 \ud22c\uc5b4:\uc544\ud0c0 \uce74\ub9c8\uc5d0\uc11c \ud2f0\uc5d0\ub77c \ub378 \ud478 \uc5d0\uace0\uae4c\uc9c0[:ja]\u30c1\u30ea\u30c4\u30a2\u30fc\uff1a\u30a2\u30bf\u30ab\u30de\u304b\u3089\u30c6\u30a3\u30a8\u30e9\u30c7\u30eb\u30d5\u30a8\u30b4\u3078[:hi]\u091a\u093f\u0932\u0940 \u091f\u0942\u0930: \u0905\u091f\u093e\u0915\u093e\u092e\u093e \u0938\u0947 \u091f\u093f\u090f\u0930\u093e \u0921\u0947\u0932 \u092b\u0941\u090f\u0917\u094b \u0924\u0915[:ar]\u062c\u0648\u0644\u0629 \u062a\u0634\u064a\u0644\u064a: \u0645\u0646 \u0623\u062a\u0627\u0643\u0627\u0645\u0627 \u0625\u0644\u0649 \u062a\u064a\u064a\u0631\u0627 \u062f\u064a\u0644 \u0641\u0648\u064a\u063a\u0648[:]","og_description":"Bitte beachten Sie, dass unser Unternehmen nicht im Bereich des Kaufs oder Verkaufs von Flugtickets und der Ausstellung von Visumerlaubnissen t\u00e4tig ist und daher keine Verantwortung im Falle von h\u00f6herer Gewalt im Zusammenhang mit Fl\u00fcgen und Grenz\u00fcbertritten \u00fcbernimmt. Die Atacama-W\u00fcste ist der trockenste Ort der Erde mit Regionen, in denen es noch nie geregnet hatEin geheimnisvoller Ort, den jedes Jahr Tausende von Touristen besuchen, um \u201eauf dem Mond zu sein\u201cWir f\u00fchlen uns wie ein \u201etreibender Korken\u201c in der Laguna Cejar auf dem gr\u00f6\u00dften Salzsee S\u00fcdamerikasOsterinsel, die Heimat der majest\u00e4tischen Moai-StatuenWir lernen den sch\u00e4rfsten Chili der Welt kennen, probieren das ber\u00fchmte Asado und nat\u00fcrlich Meeresfr\u00fcchtegerichte mit einem Glas lokalen ChardonnayEin Spaziergang \u00fcber eine Insel, auf der die gr\u00f6\u00dften Kolonien von Magellan- und Papua-Pinguinen lebenDas wahre Ende der Welt \u2013 die Stadt Ushuaia auf der Insel FeuerlandDer ber\u00fchmteste Nationalpark Lateinamerikas \u2013 Torres del PainePerito Moreno enth\u00e4lt den drittgr\u00f6\u00dften S\u00fc\u00dfwasservorrat der Erde","og_url":"https:\/\/mountainguides.pro\/de\/tours\/adventure\/chile-from-the-atacama-to-tierra-del-fuego\/","og_site_name":"Mountain Guide","article_publisher":"https:\/\/www.facebook.com\/Mountainguide-232956566756831\/","article_modified_time":"2026-01-29T13:10:55+00:00","og_image":[{"width":1600,"height":1200,"url":"https:\/\/mountainguides.pro\/wp-content\/uploads\/2023\/11\/Chili.jpeg","type":"image\/jpeg"}],"twitter_card":"summary_large_image","twitter_site":"@Wintercyclone","twitter_misc":{"Gesch\u00e4tzte Lesezeit":"1\u00a0Minute"},"schema":{"@context":"https:\/\/schema.org","@graph":[{"@type":"WebPage","@id":"https:\/\/mountainguides.pro\/ar\/tours\/adventure\/chile-from-the-atacama-to-tierra-del-fuego\/","url":"https:\/\/mountainguides.pro\/ar\/tours\/adventure\/chile-from-the-atacama-to-tierra-del-fuego\/","name":"Adventure Chile","isPartOf":{"@id":"https:\/\/mountainguides.pro\/#website"},"primaryImageOfPage":{"@id":"https:\/\/mountainguides.pro\/ar\/tours\/adventure\/chile-from-the-atacama-to-tierra-del-fuego\/#primaryimage"},"image":{"@id":"https:\/\/mountainguides.pro\/ar\/tours\/adventure\/chile-from-the-atacama-to-tierra-del-fuego\/#primaryimage"},"thumbnailUrl":"https:\/\/mountainguides.pro\/wp-content\/uploads\/2023\/11\/Chili.jpeg","datePublished":"2023-11-02T10:34:06+00:00","dateModified":"2026-01-29T13:10:55+00:00","breadcrumb":{"@id":"https:\/\/mountainguides.pro\/ar\/tours\/adventure\/chile-from-the-atacama-to-tierra-del-fuego\/#breadcrumb"},"inLanguage":"de","potentialAction":[{"@type":"ReadAction","target":["https:\/\/mountainguides.pro\/ar\/tours\/adventure\/chile-from-the-atacama-to-tierra-del-fuego\/"]}]},{"@type":"ImageObject","inLanguage":"de","@id":"https:\/\/mountainguides.pro\/ar\/tours\/adventure\/chile-from-the-atacama-to-tierra-del-fuego\/#primaryimage","url":"https:\/\/mountainguides.pro\/wp-content\/uploads\/2023\/11\/Chili.jpeg","contentUrl":"https:\/\/mountainguides.pro\/wp-content\/uploads\/2023\/11\/Chili.jpeg","width":1600,"height":1200},{"@type":"BreadcrumbList","@id":"https:\/\/mountainguides.pro\/ar\/tours\/adventure\/chile-from-the-atacama-to-tierra-del-fuego\/#breadcrumb","itemListElement":[{"@type":"ListItem","position":1,"name":"Home","item":"https:\/\/mountainguides.pro\/de\/"},{"@type":"ListItem","position":2,"name":"\u062c\u0648\u0644\u0629 \u062a\u0634\u064a\u0644\u064a: \u0645\u0646 \u0623\u062a\u0627\u0643\u0627\u0645\u0627 \u0625\u0644\u0649 \u062a\u064a\u064a\u0631\u0627 \u062f\u064a\u0644 \u0641\u0648\u064a\u063a\u0648"}]},{"@type":"WebSite","@id":"https:\/\/mountainguides.pro\/#website","url":"https:\/\/mountainguides.pro\/","name":"Mountain Guide","description":"We aspire to be the first in everything!","publisher":{"@id":"https:\/\/mountainguides.pro\/#organization"},"potentialAction":[{"@type":"SearchAction","target":{"@type":"EntryPoint","urlTemplate":"https:\/\/mountainguides.pro\/?s={search_term_string}"},"query-input":{"@type":"PropertyValueSpecification","valueRequired":true,"valueName":"search_term_string"}}],"inLanguage":"de"},{"@type":"Organization","@id":"https:\/\/mountainguides.pro\/#organization","name":"Mountain Guide","url":"https:\/\/mountainguides.pro\/","logo":{"@type":"ImageObject","inLanguage":"de","@id":"https:\/\/mountainguides.pro\/#\/schema\/logo\/image\/","url":"https:\/\/mountainguides.pro\/wp-content\/uploads\/2018\/01\/mglogo.jpg","contentUrl":"https:\/\/mountainguides.pro\/wp-content\/uploads\/2018\/01\/mglogo.jpg","width":1200,"height":630,"caption":"Mountain Guide"},"image":{"@id":"https:\/\/mountainguides.pro\/#\/schema\/logo\/image\/"},"sameAs":["https:\/\/www.facebook.com\/Mountainguide-232956566756831\/","https:\/\/x.com\/Wintercyclone","http:\/\/instagram.com\/mountainguide","http:\/\/www.youtube.com\/mountainguide"]}]}},"_links":{"self":[{"href":"https:\/\/mountainguides.pro\/de\/wp-json\/wp\/v2\/product\/19795","targetHints":{"allow":["GET"]}}],"collection":[{"href":"https:\/\/mountainguides.pro\/de\/wp-json\/wp\/v2\/product"}],"about":[{"href":"https:\/\/mountainguides.pro\/de\/wp-json\/wp\/v2\/types\/product"}],"replies":[{"embeddable":true,"href":"https:\/\/mountainguides.pro\/de\/wp-json\/wp\/v2\/comments?post=19795"}],"version-history":[{"count":11,"href":"https:\/\/mountainguides.pro\/de\/wp-json\/wp\/v2\/product\/19795\/revisions"}],"predecessor-version":[{"id":32686,"href":"https:\/\/mountainguides.pro\/de\/wp-json\/wp\/v2\/product\/19795\/revisions\/32686"}],"wp:featuredmedia":[{"embeddable":true,"href":"https:\/\/mountainguides.pro\/de\/wp-json\/wp\/v2\/media\/19796"}],"wp:attachment":[{"href":"https:\/\/mountainguides.pro\/de\/wp-json\/wp\/v2\/media?parent=19795"}],"wp:term":[{"taxonomy":"product_cat","embeddable":true,"href":"https:\/\/mountainguides.pro\/de\/wp-json\/wp\/v2\/product_cat?post=19795"},{"taxonomy":"product_tag","embeddable":true,"href":"https:\/\/mountainguides.pro\/de\/wp-json\/wp\/v2\/product_tag?post=19795"}],"curies":[{"name":"wp","href":"https:\/\/api.w.org\/{rel}","templated":true}]}}