{"id":19934,"date":"2024-02-07T09:13:52","date_gmt":"2024-02-07T06:13:52","guid":{"rendered":"https:\/\/mountainguides.pro\/?post_type=product&#038;p=19934"},"modified":"2026-01-29T14:57:59","modified_gmt":"2026-01-29T11:57:59","slug":"climb-kilimanjaro-lemosho","status":"publish","type":"product","link":"https:\/\/mountainguides.pro\/de\/tours\/climbing\/climb-kilimanjaro-lemosho\/","title":{"rendered":"Aufstieg zum Kilimanjaro entlang der Lemosho-Route"},"content":{"rendered":"","protected":false},"excerpt":{"rendered":"<p data-start=\"1249\" data-end=\"1946\">Wir besteigen das wahre \u201eDach Afrikas\u201c, den h\u00f6chsten Punkt des afrikanischen Kontinents<br data-start=\"1336\" data-end=\"1339\" \/>Der einfachste Aufstieg aus dem Projekt \u201eSeven Summits\u201c<br data-start=\"1394\" data-end=\"1397\" \/>Sanfte Akklimatisierung, die es erm\u00f6glicht, ohne Kopfschmerzen und Unwohlsein aufzusteigen<br data-start=\"1487\" data-end=\"1490\" \/>Guides mit 8000-Meter-Erfahrung \u2013 Ihre Garantie f\u00fcr Sicherheit<br data-start=\"1552\" data-end=\"1555\" \/>Komfortable Unterbringung w\u00e4hrend des gesamten Aufstiegs<br data-start=\"1611\" data-end=\"1614\" \/>Leckere und abwechslungsreiche Mahlzeiten auf der gesamten Route<br data-start=\"1678\" data-end=\"1681\" \/>Ein gutes Hotel vor und nach dem Aufstieg<br data-start=\"1722\" data-end=\"1725\" \/>Die M\u00f6glichkeit, sich nach dem Aufstieg mit einer Safari in den besten Nationalparks Tansanias zu belohnen<\/p>\n<p data-start=\"1948\" data-end=\"2207\">**Wir machen Sie darauf aufmerksam, dass unser Unternehmen nicht im Bereich des Kaufs oder Verkaufs von Flugtickets oder der Ausstellung von Visa t\u00e4tig ist und daher keine Verantwortung f\u00fcr h\u00f6here Gewalt im Zusammenhang mit Fl\u00fcgen oder Grenz\u00fcbertritten tr\u00e4gt.<\/p>\n<p data-start=\"2209\" data-end=\"2443\">In Afrika gibt es einige Schwierigkeiten beim Umtausch kleiner, abgenutzter und alter (vor 2009 ausgegebener) Dollar-Banknoten, bitte beachten Sie dies. Manchmal f\u00e4llt eine zus\u00e4tzliche Geb\u00fchr an, manchmal wird der Umtausch verweigert)<\/p>\n<p data-start=\"2445\" data-end=\"2622\">Wir empfehlen dringend, das Visum f\u00fcr Tansania online im Voraus zu beantragen und es vor dem Abflug bei sich zu haben, da man sonst manchmal nicht in das Flugzeug gelassen wird<\/p>\n","protected":false},"featured_media":19940,"comment_status":"closed","ping_status":"closed","template":"","meta":{"_acf_changed":false,"footnotes":""},"product_cat":[320],"product_tag":[],"class_list":{"0":"post-19934","1":"product","2":"type-product","3":"status-publish","4":"has-post-thumbnail","6":"product_cat-climbing","8":"first","9":"instock","10":"shipping-taxable","11":"purchasable","12":"product-type-simple"},"acf":[],"yoast_head":"<!-- This site is optimized with the Yoast SEO Premium plugin v26.5 (Yoast SEO v27.3) - https:\/\/yoast.com\/product\/yoast-seo-premium-wordpress\/ -->\n<title>Climb Kilimanjaro Lemosho<\/title>\n<meta name=\"robots\" content=\"index, follow, max-snippet:-1, max-image-preview:large, max-video-preview:-1\" \/>\n<link rel=\"canonical\" href=\"https:\/\/mountainguides.pro\/de\/tours\/climbing\/climb-kilimanjaro-lemosho\/\" \/>\n<meta property=\"og:locale\" content=\"de_DE\" \/>\n<meta property=\"og:locale:alternate\" content=\"en_US\" \/>\n<meta property=\"og:locale:alternate\" content=\"ru_RU\" \/>\n<meta property=\"og:locale:alternate\" content=\"es\" \/>\n<meta property=\"og:locale:alternate\" content=\"pt\" \/>\n<meta property=\"og:locale:alternate\" content=\"zh\" \/>\n<meta property=\"og:locale:alternate\" content=\"ko\" \/>\n<meta property=\"og:locale:alternate\" content=\"ja\" \/>\n<meta property=\"og:locale:alternate\" content=\"hi\" \/>\n<meta property=\"og:locale:alternate\" content=\"ar\" \/>\n<meta property=\"og:type\" content=\"article\" \/>\n<meta property=\"og:title\" content=\"Aufstieg zum Kilimanjaro entlang der Lemosho-Route\" \/>\n<meta property=\"og:description\" content=\"Wir besteigen das wahre \u201eDach Afrikas\u201c, den h\u00f6chsten Punkt des afrikanischen KontinentsDer einfachste Aufstieg aus dem Projekt \u201eSeven Summits\u201cSanfte Akklimatisierung, die es erm\u00f6glicht, ohne Kopfschmerzen und Unwohlsein aufzusteigenGuides mit 8000-Meter-Erfahrung \u2013 Ihre Garantie f\u00fcr SicherheitKomfortable Unterbringung w\u00e4hrend des gesamten AufstiegsLeckere und abwechslungsreiche Mahlzeiten auf der gesamten RouteEin gutes Hotel vor und nach dem AufstiegDie M\u00f6glichkeit, sich nach dem Aufstieg mit einer Safari in den besten Nationalparks Tansanias zu belohnen **Wir machen Sie darauf aufmerksam, dass unser Unternehmen nicht im Bereich des Kaufs oder Verkaufs von Flugtickets oder der Ausstellung von Visa t\u00e4tig ist und daher keine Verantwortung f\u00fcr h\u00f6here Gewalt im Zusammenhang mit Fl\u00fcgen oder Grenz\u00fcbertritten tr\u00e4gt. In Afrika gibt es einige Schwierigkeiten beim Umtausch kleiner, abgenutzter und alter (vor 2009 ausgegebener) Dollar-Banknoten, bitte beachten Sie dies. Manchmal f\u00e4llt eine zus\u00e4tzliche Geb\u00fchr an, manchmal wird der Umtausch verweigert) Wir empfehlen dringend, das Visum f\u00fcr Tansania online im Voraus zu beantragen und es vor dem Abflug bei sich zu haben, da man sonst manchmal nicht in das Flugzeug gelassen wird\" \/>\n<meta property=\"og:url\" content=\"https:\/\/mountainguides.pro\/de\/tours\/climbing\/climb-kilimanjaro-lemosho\/\" \/>\n<meta property=\"og:site_name\" content=\"Mountain Guide\" \/>\n<meta property=\"article:publisher\" content=\"https:\/\/www.facebook.com\/Mountainguide-232956566756831\/\" \/>\n<meta property=\"article:modified_time\" content=\"2026-01-29T11:57:59+00:00\" \/>\n<meta property=\"og:image\" content=\"https:\/\/mountainguides.pro\/wp-content\/uploads\/2024\/02\/voshozhdenie-na-kilimandzharo-tanzaniya.jpg\" \/>\n\t<meta property=\"og:image:width\" content=\"1600\" \/>\n\t<meta property=\"og:image:height\" content=\"1200\" \/>\n\t<meta property=\"og:image:type\" content=\"image\/jpeg\" \/>\n<meta name=\"twitter:card\" content=\"summary_large_image\" \/>\n<meta name=\"twitter:site\" content=\"@Wintercyclone\" \/>\n<meta name=\"twitter:label1\" content=\"Gesch\u00e4tzte Lesezeit\" \/>\n\t<meta name=\"twitter:data1\" content=\"1\u00a0Minute\" \/>\n<script type=\"application\/ld+json\" class=\"yoast-schema-graph\">{\"@context\":\"https:\\\/\\\/schema.org\",\"@graph\":[{\"@type\":\"WebPage\",\"@id\":\"https:\\\/\\\/mountainguides.pro\\\/ar\\\/tours\\\/climbing\\\/climb-kilimanjaro-lemosho\\\/\",\"url\":\"https:\\\/\\\/mountainguides.pro\\\/ar\\\/tours\\\/climbing\\\/climb-kilimanjaro-lemosho\\\/\",\"name\":\"Climb Kilimanjaro Lemosho\",\"isPartOf\":{\"@id\":\"https:\\\/\\\/mountainguides.pro\\\/#website\"},\"primaryImageOfPage\":{\"@id\":\"https:\\\/\\\/mountainguides.pro\\\/ar\\\/tours\\\/climbing\\\/climb-kilimanjaro-lemosho\\\/#primaryimage\"},\"image\":{\"@id\":\"https:\\\/\\\/mountainguides.pro\\\/ar\\\/tours\\\/climbing\\\/climb-kilimanjaro-lemosho\\\/#primaryimage\"},\"thumbnailUrl\":\"https:\\\/\\\/mountainguides.pro\\\/wp-content\\\/uploads\\\/2024\\\/02\\\/voshozhdenie-na-kilimandzharo-tanzaniya.jpg\",\"datePublished\":\"2024-02-07T06:13:52+00:00\",\"dateModified\":\"2026-01-29T11:57:59+00:00\",\"breadcrumb\":{\"@id\":\"https:\\\/\\\/mountainguides.pro\\\/ar\\\/tours\\\/climbing\\\/climb-kilimanjaro-lemosho\\\/#breadcrumb\"},\"inLanguage\":\"de\",\"potentialAction\":[{\"@type\":\"ReadAction\",\"target\":[\"https:\\\/\\\/mountainguides.pro\\\/ar\\\/tours\\\/climbing\\\/climb-kilimanjaro-lemosho\\\/\"]}]},{\"@type\":\"ImageObject\",\"inLanguage\":\"de\",\"@id\":\"https:\\\/\\\/mountainguides.pro\\\/ar\\\/tours\\\/climbing\\\/climb-kilimanjaro-lemosho\\\/#primaryimage\",\"url\":\"https:\\\/\\\/mountainguides.pro\\\/wp-content\\\/uploads\\\/2024\\\/02\\\/voshozhdenie-na-kilimandzharo-tanzaniya.jpg\",\"contentUrl\":\"https:\\\/\\\/mountainguides.pro\\\/wp-content\\\/uploads\\\/2024\\\/02\\\/voshozhdenie-na-kilimandzharo-tanzaniya.jpg\",\"width\":1600,\"height\":1200},{\"@type\":\"BreadcrumbList\",\"@id\":\"https:\\\/\\\/mountainguides.pro\\\/ar\\\/tours\\\/climbing\\\/climb-kilimanjaro-lemosho\\\/#breadcrumb\",\"itemListElement\":[{\"@type\":\"ListItem\",\"position\":1,\"name\":\"Home\",\"item\":\"https:\\\/\\\/mountainguides.pro\\\/de\\\/\"},{\"@type\":\"ListItem\",\"position\":2,\"name\":\"\u0644\u064a\u0645\u0648\u0634\u0648 \u062a\u0633\u0644\u0642 \u0643\u0644\u064a\u0645\u0646\u062c\u0627\u0631\u0648\"}]},{\"@type\":\"WebSite\",\"@id\":\"https:\\\/\\\/mountainguides.pro\\\/#website\",\"url\":\"https:\\\/\\\/mountainguides.pro\\\/\",\"name\":\"Mountain Guide\",\"description\":\"We aspire to be the first in everything!\",\"publisher\":{\"@id\":\"https:\\\/\\\/mountainguides.pro\\\/#organization\"},\"potentialAction\":[{\"@type\":\"SearchAction\",\"target\":{\"@type\":\"EntryPoint\",\"urlTemplate\":\"https:\\\/\\\/mountainguides.pro\\\/?s={search_term_string}\"},\"query-input\":{\"@type\":\"PropertyValueSpecification\",\"valueRequired\":true,\"valueName\":\"search_term_string\"}}],\"inLanguage\":\"de\"},{\"@type\":\"Organization\",\"@id\":\"https:\\\/\\\/mountainguides.pro\\\/#organization\",\"name\":\"Mountain Guide\",\"url\":\"https:\\\/\\\/mountainguides.pro\\\/\",\"logo\":{\"@type\":\"ImageObject\",\"inLanguage\":\"de\",\"@id\":\"https:\\\/\\\/mountainguides.pro\\\/#\\\/schema\\\/logo\\\/image\\\/\",\"url\":\"https:\\\/\\\/mountainguides.pro\\\/wp-content\\\/uploads\\\/2018\\\/01\\\/mglogo.jpg\",\"contentUrl\":\"https:\\\/\\\/mountainguides.pro\\\/wp-content\\\/uploads\\\/2018\\\/01\\\/mglogo.jpg\",\"width\":1200,\"height\":630,\"caption\":\"Mountain Guide\"},\"image\":{\"@id\":\"https:\\\/\\\/mountainguides.pro\\\/#\\\/schema\\\/logo\\\/image\\\/\"},\"sameAs\":[\"https:\\\/\\\/www.facebook.com\\\/Mountainguide-232956566756831\\\/\",\"https:\\\/\\\/x.com\\\/Wintercyclone\",\"http:\\\/\\\/instagram.com\\\/mountainguide\",\"http:\\\/\\\/www.youtube.com\\\/mountainguide\"]}]}<\/script>\n<!-- \/ Yoast SEO Premium plugin. -->","yoast_head_json":{"title":"Climb Kilimanjaro Lemosho","robots":{"index":"index","follow":"follow","max-snippet":"max-snippet:-1","max-image-preview":"max-image-preview:large","max-video-preview":"max-video-preview:-1"},"canonical":"https:\/\/mountainguides.pro\/de\/tours\/climbing\/climb-kilimanjaro-lemosho\/","og_locale":"de_DE","og_type":"article","og_title":"[:en]Climb Kilimanjaro, Lemosho[:de]Aufstieg zum Kilimanjaro entlang der Lemosho-Route[:es]Escalada del Kilimanjaro por la ruta Lemosho[:pt]Escalando o Kilimanjaro pela Rota Lemosho[:zh]\u901a\u8fc7 Lemosho \u8def\u7ebf\u6500\u767b\u4e5e\u529b\u9a6c\u624e\u7f57\u5c71[:ko]\ud0ac\ub9ac\ub9cc\uc790\ub85c\ub97c \ub4f1\ubc18\ud558\ub294 \ub808\ubaa8\uc1fc[:ja]\u30ec\u30e2\u30b7\u30e7\u30af\u30e9\u30a4\u30df\u30f3\u30b0\u30ad\u30ea\u30de\u30f3\u30b8\u30e3\u30ed[:hi]\u0932\u0947\u092e\u094b\u0936\u094b \u091a\u0922\u093c\u093e\u0908 \u0915\u093f\u0932\u093f\u092e\u0902\u091c\u093e\u0930\u094b[:ar]\u0644\u064a\u0645\u0648\u0634\u0648 \u062a\u0633\u0644\u0642 \u0643\u0644\u064a\u0645\u0646\u062c\u0627\u0631\u0648[:]","og_description":"Wir besteigen das wahre \u201eDach Afrikas\u201c, den h\u00f6chsten Punkt des afrikanischen KontinentsDer einfachste Aufstieg aus dem Projekt \u201eSeven Summits\u201cSanfte Akklimatisierung, die es erm\u00f6glicht, ohne Kopfschmerzen und Unwohlsein aufzusteigenGuides mit 8000-Meter-Erfahrung \u2013 Ihre Garantie f\u00fcr SicherheitKomfortable Unterbringung w\u00e4hrend des gesamten AufstiegsLeckere und abwechslungsreiche Mahlzeiten auf der gesamten RouteEin gutes Hotel vor und nach dem AufstiegDie M\u00f6glichkeit, sich nach dem Aufstieg mit einer Safari in den besten Nationalparks Tansanias zu belohnen **Wir machen Sie darauf aufmerksam, dass unser Unternehmen nicht im Bereich des Kaufs oder Verkaufs von Flugtickets oder der Ausstellung von Visa t\u00e4tig ist und daher keine Verantwortung f\u00fcr h\u00f6here Gewalt im Zusammenhang mit Fl\u00fcgen oder Grenz\u00fcbertritten tr\u00e4gt. In Afrika gibt es einige Schwierigkeiten beim Umtausch kleiner, abgenutzter und alter (vor 2009 ausgegebener) Dollar-Banknoten, bitte beachten Sie dies. Manchmal f\u00e4llt eine zus\u00e4tzliche Geb\u00fchr an, manchmal wird der Umtausch verweigert) Wir empfehlen dringend, das Visum f\u00fcr Tansania online im Voraus zu beantragen und es vor dem Abflug bei sich zu haben, da man sonst manchmal nicht in das Flugzeug gelassen wird","og_url":"https:\/\/mountainguides.pro\/de\/tours\/climbing\/climb-kilimanjaro-lemosho\/","og_site_name":"Mountain Guide","article_publisher":"https:\/\/www.facebook.com\/Mountainguide-232956566756831\/","article_modified_time":"2026-01-29T11:57:59+00:00","og_image":[{"width":1600,"height":1200,"url":"https:\/\/mountainguides.pro\/wp-content\/uploads\/2024\/02\/voshozhdenie-na-kilimandzharo-tanzaniya.jpg","type":"image\/jpeg"}],"twitter_card":"summary_large_image","twitter_site":"@Wintercyclone","twitter_misc":{"Gesch\u00e4tzte Lesezeit":"1\u00a0Minute"},"schema":{"@context":"https:\/\/schema.org","@graph":[{"@type":"WebPage","@id":"https:\/\/mountainguides.pro\/ar\/tours\/climbing\/climb-kilimanjaro-lemosho\/","url":"https:\/\/mountainguides.pro\/ar\/tours\/climbing\/climb-kilimanjaro-lemosho\/","name":"Climb Kilimanjaro Lemosho","isPartOf":{"@id":"https:\/\/mountainguides.pro\/#website"},"primaryImageOfPage":{"@id":"https:\/\/mountainguides.pro\/ar\/tours\/climbing\/climb-kilimanjaro-lemosho\/#primaryimage"},"image":{"@id":"https:\/\/mountainguides.pro\/ar\/tours\/climbing\/climb-kilimanjaro-lemosho\/#primaryimage"},"thumbnailUrl":"https:\/\/mountainguides.pro\/wp-content\/uploads\/2024\/02\/voshozhdenie-na-kilimandzharo-tanzaniya.jpg","datePublished":"2024-02-07T06:13:52+00:00","dateModified":"2026-01-29T11:57:59+00:00","breadcrumb":{"@id":"https:\/\/mountainguides.pro\/ar\/tours\/climbing\/climb-kilimanjaro-lemosho\/#breadcrumb"},"inLanguage":"de","potentialAction":[{"@type":"ReadAction","target":["https:\/\/mountainguides.pro\/ar\/tours\/climbing\/climb-kilimanjaro-lemosho\/"]}]},{"@type":"ImageObject","inLanguage":"de","@id":"https:\/\/mountainguides.pro\/ar\/tours\/climbing\/climb-kilimanjaro-lemosho\/#primaryimage","url":"https:\/\/mountainguides.pro\/wp-content\/uploads\/2024\/02\/voshozhdenie-na-kilimandzharo-tanzaniya.jpg","contentUrl":"https:\/\/mountainguides.pro\/wp-content\/uploads\/2024\/02\/voshozhdenie-na-kilimandzharo-tanzaniya.jpg","width":1600,"height":1200},{"@type":"BreadcrumbList","@id":"https:\/\/mountainguides.pro\/ar\/tours\/climbing\/climb-kilimanjaro-lemosho\/#breadcrumb","itemListElement":[{"@type":"ListItem","position":1,"name":"Home","item":"https:\/\/mountainguides.pro\/de\/"},{"@type":"ListItem","position":2,"name":"\u0644\u064a\u0645\u0648\u0634\u0648 \u062a\u0633\u0644\u0642 \u0643\u0644\u064a\u0645\u0646\u062c\u0627\u0631\u0648"}]},{"@type":"WebSite","@id":"https:\/\/mountainguides.pro\/#website","url":"https:\/\/mountainguides.pro\/","name":"Mountain Guide","description":"We aspire to be the first in everything!","publisher":{"@id":"https:\/\/mountainguides.pro\/#organization"},"potentialAction":[{"@type":"SearchAction","target":{"@type":"EntryPoint","urlTemplate":"https:\/\/mountainguides.pro\/?s={search_term_string}"},"query-input":{"@type":"PropertyValueSpecification","valueRequired":true,"valueName":"search_term_string"}}],"inLanguage":"de"},{"@type":"Organization","@id":"https:\/\/mountainguides.pro\/#organization","name":"Mountain Guide","url":"https:\/\/mountainguides.pro\/","logo":{"@type":"ImageObject","inLanguage":"de","@id":"https:\/\/mountainguides.pro\/#\/schema\/logo\/image\/","url":"https:\/\/mountainguides.pro\/wp-content\/uploads\/2018\/01\/mglogo.jpg","contentUrl":"https:\/\/mountainguides.pro\/wp-content\/uploads\/2018\/01\/mglogo.jpg","width":1200,"height":630,"caption":"Mountain Guide"},"image":{"@id":"https:\/\/mountainguides.pro\/#\/schema\/logo\/image\/"},"sameAs":["https:\/\/www.facebook.com\/Mountainguide-232956566756831\/","https:\/\/x.com\/Wintercyclone","http:\/\/instagram.com\/mountainguide","http:\/\/www.youtube.com\/mountainguide"]}]}},"_links":{"self":[{"href":"https:\/\/mountainguides.pro\/de\/wp-json\/wp\/v2\/product\/19934","targetHints":{"allow":["GET"]}}],"collection":[{"href":"https:\/\/mountainguides.pro\/de\/wp-json\/wp\/v2\/product"}],"about":[{"href":"https:\/\/mountainguides.pro\/de\/wp-json\/wp\/v2\/types\/product"}],"replies":[{"embeddable":true,"href":"https:\/\/mountainguides.pro\/de\/wp-json\/wp\/v2\/comments?post=19934"}],"version-history":[{"count":22,"href":"https:\/\/mountainguides.pro\/de\/wp-json\/wp\/v2\/product\/19934\/revisions"}],"predecessor-version":[{"id":32680,"href":"https:\/\/mountainguides.pro\/de\/wp-json\/wp\/v2\/product\/19934\/revisions\/32680"}],"wp:featuredmedia":[{"embeddable":true,"href":"https:\/\/mountainguides.pro\/de\/wp-json\/wp\/v2\/media\/19940"}],"wp:attachment":[{"href":"https:\/\/mountainguides.pro\/de\/wp-json\/wp\/v2\/media?parent=19934"}],"wp:term":[{"taxonomy":"product_cat","embeddable":true,"href":"https:\/\/mountainguides.pro\/de\/wp-json\/wp\/v2\/product_cat?post=19934"},{"taxonomy":"product_tag","embeddable":true,"href":"https:\/\/mountainguides.pro\/de\/wp-json\/wp\/v2\/product_tag?post=19934"}],"curies":[{"name":"wp","href":"https:\/\/api.w.org\/{rel}","templated":true}]}}