{"id":21091,"date":"2025-01-08T16:49:12","date_gmt":"2025-01-08T13:49:12","guid":{"rendered":"https:\/\/mountainguides.pro\/?post_type=product&#038;p=21091"},"modified":"2026-03-16T10:41:42","modified_gmt":"2026-03-16T07:41:42","slug":"trekking-to-kanchenjunga-base-camp-short","status":"publish","type":"product","link":"https:\/\/mountainguides.pro\/de\/tours\/trekking\/trekking-to-kanchenjunga-base-camp-short\/","title":{"rendered":"Trekking zum Basislager von Kanchendschangi (kurz)"},"content":{"rendered":"","protected":false},"excerpt":{"rendered":"<p data-start=\"79\" data-end=\"706\">Die dritth\u00f6chste Bergspitze der Welt \u2013 die Kanchenjunga \u2013 sehen, die wahrscheinlich zugleich die malerischste ist<br data-start=\"192\" data-end=\"195\" \/>Sich der Legende nach am Portal in die Welt der Unsterblichen wiederfinden<br data-start=\"269\" data-end=\"272\" \/>Genau in dieser Region begegnete eine britische Expedition im Jahr 1925 dem Schneemenschen, den die Hindu \u201eden D\u00e4mon der Kanchenjunga\u201c nennen<br data-start=\"413\" data-end=\"416\" \/>Das Trekking verl\u00e4uft in einer wilden Region Nepals, wo es kaum Touristen gibt \u2013 anders als auf den popul\u00e4reren Routen<br data-start=\"534\" data-end=\"537\" \/>F\u00fcr diejenigen, die zeitlich eingeschr\u00e4nkt sind, besteht die M\u00f6glichkeit, das Programm per Helikopter um drei Tage zu verk\u00fcrzen und so in zwei Arbeitswochen zu bleiben<\/p>\n<p data-start=\"832\" data-end=\"1067\">*Bitte beachten Sie, dass unser Unternehmen keine Dienstleistungen im Bereich Ticketverkauf oder Visabeschaffung anbietet und daher keine Verantwortung f\u00fcr etwaige Flug- oder Grenz\u00fcbergangsprobleme aufgrund von h\u00f6herer Gewalt tr\u00e4gt.<\/p>\n<p data-start=\"1069\" data-end=\"1096\"><strong data-start=\"1069\" data-end=\"1096\">Wichtige Informationen:<\/strong><\/p>\n<p data-start=\"1098\" data-end=\"1639\">Die Check-in- und Check-out-Zeiten werden vom Hotel festgelegt: Check-in ab 15:00 Uhr, Check-out bis 11:00\u201312:00 Uhr. Das Gep\u00e4ck kann an der Rezeption aufbewahrt werden, sodass Sie die Stadt erkunden k\u00f6nnen, oder Sie k\u00f6nnen \u2013 sofern technisch m\u00f6glich \u2013 einen fr\u00fchen Check-in\/late Check-out gegen Aufpreis erhalten.<br data-start=\"1412\" data-end=\"1415\" \/>In Nepal gibt es Schwierigkeiten beim Umtausch von kleinen, besch\u00e4digten oder alten (vor 2009 ausgegebenen) US-Dollar-Scheinen. In manchen F\u00e4llen wird eine zus\u00e4tzliche Geb\u00fchr erhoben, in anderen wird der Umtausch verweigert<\/p>\n","protected":false},"featured_media":21445,"comment_status":"closed","ping_status":"closed","template":"","meta":{"_acf_changed":false,"footnotes":""},"product_cat":[321],"product_tag":[],"class_list":{"0":"post-21091","1":"product","2":"type-product","3":"status-publish","4":"has-post-thumbnail","6":"product_cat-trekking","8":"first","9":"instock","10":"shipping-taxable","11":"purchasable","12":"product-type-simple"},"acf":[],"yoast_head":"<!-- This site is optimized with the Yoast SEO Premium plugin v26.5 (Yoast SEO v27.3) - https:\/\/yoast.com\/product\/yoast-seo-premium-wordpress\/ -->\n<title>Trekking to Kanchenjunga BC Short<\/title>\n<meta name=\"robots\" content=\"index, follow, max-snippet:-1, max-image-preview:large, max-video-preview:-1\" \/>\n<link rel=\"canonical\" href=\"https:\/\/mountainguides.pro\/de\/tours\/trekking\/trekking-to-kanchenjunga-base-camp-short\/\" \/>\n<meta property=\"og:locale\" content=\"de_DE\" \/>\n<meta property=\"og:locale:alternate\" content=\"en_US\" \/>\n<meta property=\"og:locale:alternate\" content=\"ru_RU\" \/>\n<meta property=\"og:locale:alternate\" content=\"es\" \/>\n<meta property=\"og:locale:alternate\" content=\"pt\" \/>\n<meta property=\"og:locale:alternate\" content=\"zh\" \/>\n<meta property=\"og:locale:alternate\" content=\"ko\" \/>\n<meta property=\"og:locale:alternate\" content=\"ja\" \/>\n<meta property=\"og:locale:alternate\" content=\"hi\" \/>\n<meta property=\"og:locale:alternate\" content=\"ar\" \/>\n<meta property=\"og:type\" content=\"article\" \/>\n<meta property=\"og:title\" content=\"Trekking zum Basislager von Kanchendschangi (kurz)\" \/>\n<meta property=\"og:description\" content=\"Die dritth\u00f6chste Bergspitze der Welt \u2013 die Kanchenjunga \u2013 sehen, die wahrscheinlich zugleich die malerischste istSich der Legende nach am Portal in die Welt der Unsterblichen wiederfindenGenau in dieser Region begegnete eine britische Expedition im Jahr 1925 dem Schneemenschen, den die Hindu \u201eden D\u00e4mon der Kanchenjunga\u201c nennenDas Trekking verl\u00e4uft in einer wilden Region Nepals, wo es kaum Touristen gibt \u2013 anders als auf den popul\u00e4reren RoutenF\u00fcr diejenigen, die zeitlich eingeschr\u00e4nkt sind, besteht die M\u00f6glichkeit, das Programm per Helikopter um drei Tage zu verk\u00fcrzen und so in zwei Arbeitswochen zu bleiben *Bitte beachten Sie, dass unser Unternehmen keine Dienstleistungen im Bereich Ticketverkauf oder Visabeschaffung anbietet und daher keine Verantwortung f\u00fcr etwaige Flug- oder Grenz\u00fcbergangsprobleme aufgrund von h\u00f6herer Gewalt tr\u00e4gt. Wichtige Informationen: Die Check-in- und Check-out-Zeiten werden vom Hotel festgelegt: Check-in ab 15:00 Uhr, Check-out bis 11:00\u201312:00 Uhr. Das Gep\u00e4ck kann an der Rezeption aufbewahrt werden, sodass Sie die Stadt erkunden k\u00f6nnen, oder Sie k\u00f6nnen \u2013 sofern technisch m\u00f6glich \u2013 einen fr\u00fchen Check-in\/late Check-out gegen Aufpreis erhalten.In Nepal gibt es Schwierigkeiten beim Umtausch von kleinen, besch\u00e4digten oder alten (vor 2009 ausgegebenen) US-Dollar-Scheinen. In manchen F\u00e4llen wird eine zus\u00e4tzliche Geb\u00fchr erhoben, in anderen wird der Umtausch verweigert\" \/>\n<meta property=\"og:url\" content=\"https:\/\/mountainguides.pro\/de\/tours\/trekking\/trekking-to-kanchenjunga-base-camp-short\/\" \/>\n<meta property=\"og:site_name\" content=\"Mountain Guide\" \/>\n<meta property=\"article:publisher\" content=\"https:\/\/www.facebook.com\/Mountainguide-232956566756831\/\" \/>\n<meta property=\"article:modified_time\" content=\"2026-03-16T07:41:42+00:00\" \/>\n<meta property=\"og:image\" content=\"https:\/\/mountainguides.pro\/wp-content\/uploads\/2025\/01\/trekking-vokrug-kanchendzhangi.jpg\" \/>\n\t<meta property=\"og:image:width\" content=\"1800\" \/>\n\t<meta property=\"og:image:height\" content=\"1350\" \/>\n\t<meta property=\"og:image:type\" content=\"image\/jpeg\" \/>\n<meta name=\"twitter:card\" content=\"summary_large_image\" \/>\n<meta name=\"twitter:site\" content=\"@Wintercyclone\" \/>\n<meta name=\"twitter:label1\" content=\"Gesch\u00e4tzte Lesezeit\" \/>\n\t<meta name=\"twitter:data1\" content=\"1\u00a0Minute\" \/>\n<script type=\"application\/ld+json\" class=\"yoast-schema-graph\">{\"@context\":\"https:\\\/\\\/schema.org\",\"@graph\":[{\"@type\":\"WebPage\",\"@id\":\"https:\\\/\\\/mountainguides.pro\\\/tours\\\/trekking\\\/trekking-to-kanchenjunga-base-camp-short\\\/\",\"url\":\"https:\\\/\\\/mountainguides.pro\\\/tours\\\/trekking\\\/trekking-to-kanchenjunga-base-camp-short\\\/\",\"name\":\"Trekking to Kanchenjunga BC Short\",\"isPartOf\":{\"@id\":\"https:\\\/\\\/mountainguides.pro\\\/#website\"},\"primaryImageOfPage\":{\"@id\":\"https:\\\/\\\/mountainguides.pro\\\/tours\\\/trekking\\\/trekking-to-kanchenjunga-base-camp-short\\\/#primaryimage\"},\"image\":{\"@id\":\"https:\\\/\\\/mountainguides.pro\\\/tours\\\/trekking\\\/trekking-to-kanchenjunga-base-camp-short\\\/#primaryimage\"},\"thumbnailUrl\":\"https:\\\/\\\/mountainguides.pro\\\/wp-content\\\/uploads\\\/2025\\\/01\\\/trekking-vokrug-kanchendzhangi.jpg\",\"datePublished\":\"2025-01-08T13:49:12+00:00\",\"dateModified\":\"2026-03-16T07:41:42+00:00\",\"breadcrumb\":{\"@id\":\"https:\\\/\\\/mountainguides.pro\\\/tours\\\/trekking\\\/trekking-to-kanchenjunga-base-camp-short\\\/#breadcrumb\"},\"inLanguage\":\"de\",\"potentialAction\":[{\"@type\":\"ReadAction\",\"target\":[\"https:\\\/\\\/mountainguides.pro\\\/tours\\\/trekking\\\/trekking-to-kanchenjunga-base-camp-short\\\/\"]}]},{\"@type\":\"ImageObject\",\"inLanguage\":\"de\",\"@id\":\"https:\\\/\\\/mountainguides.pro\\\/tours\\\/trekking\\\/trekking-to-kanchenjunga-base-camp-short\\\/#primaryimage\",\"url\":\"https:\\\/\\\/mountainguides.pro\\\/wp-content\\\/uploads\\\/2025\\\/01\\\/trekking-vokrug-kanchendzhangi.jpg\",\"contentUrl\":\"https:\\\/\\\/mountainguides.pro\\\/wp-content\\\/uploads\\\/2025\\\/01\\\/trekking-vokrug-kanchendzhangi.jpg\",\"width\":1800,\"height\":1350},{\"@type\":\"BreadcrumbList\",\"@id\":\"https:\\\/\\\/mountainguides.pro\\\/tours\\\/trekking\\\/trekking-to-kanchenjunga-base-camp-short\\\/#breadcrumb\",\"itemListElement\":[{\"@type\":\"ListItem\",\"position\":1,\"name\":\"Home\",\"item\":\"https:\\\/\\\/mountainguides.pro\\\/de\\\/\"},{\"@type\":\"ListItem\",\"position\":2,\"name\":\"Trekking to Kanchenjunga Base Camp (Short)\"}]},{\"@type\":\"WebSite\",\"@id\":\"https:\\\/\\\/mountainguides.pro\\\/#website\",\"url\":\"https:\\\/\\\/mountainguides.pro\\\/\",\"name\":\"Mountain Guide\",\"description\":\"We aspire to be the first in everything!\",\"publisher\":{\"@id\":\"https:\\\/\\\/mountainguides.pro\\\/#organization\"},\"potentialAction\":[{\"@type\":\"SearchAction\",\"target\":{\"@type\":\"EntryPoint\",\"urlTemplate\":\"https:\\\/\\\/mountainguides.pro\\\/?s={search_term_string}\"},\"query-input\":{\"@type\":\"PropertyValueSpecification\",\"valueRequired\":true,\"valueName\":\"search_term_string\"}}],\"inLanguage\":\"de\"},{\"@type\":\"Organization\",\"@id\":\"https:\\\/\\\/mountainguides.pro\\\/#organization\",\"name\":\"Mountain Guide\",\"url\":\"https:\\\/\\\/mountainguides.pro\\\/\",\"logo\":{\"@type\":\"ImageObject\",\"inLanguage\":\"de\",\"@id\":\"https:\\\/\\\/mountainguides.pro\\\/#\\\/schema\\\/logo\\\/image\\\/\",\"url\":\"https:\\\/\\\/mountainguides.pro\\\/wp-content\\\/uploads\\\/2018\\\/01\\\/mglogo.jpg\",\"contentUrl\":\"https:\\\/\\\/mountainguides.pro\\\/wp-content\\\/uploads\\\/2018\\\/01\\\/mglogo.jpg\",\"width\":1200,\"height\":630,\"caption\":\"Mountain Guide\"},\"image\":{\"@id\":\"https:\\\/\\\/mountainguides.pro\\\/#\\\/schema\\\/logo\\\/image\\\/\"},\"sameAs\":[\"https:\\\/\\\/www.facebook.com\\\/Mountainguide-232956566756831\\\/\",\"https:\\\/\\\/x.com\\\/Wintercyclone\",\"http:\\\/\\\/instagram.com\\\/mountainguide\",\"http:\\\/\\\/www.youtube.com\\\/mountainguide\"]}]}<\/script>\n<!-- \/ Yoast SEO Premium plugin. -->","yoast_head_json":{"title":"Trekking to Kanchenjunga BC Short","robots":{"index":"index","follow":"follow","max-snippet":"max-snippet:-1","max-image-preview":"max-image-preview:large","max-video-preview":"max-video-preview:-1"},"canonical":"https:\/\/mountainguides.pro\/de\/tours\/trekking\/trekking-to-kanchenjunga-base-camp-short\/","og_locale":"de_DE","og_type":"article","og_title":"[:en]Trekking to Kanchenjunga Base Camp (Short)[:de]Trekking zum Basislager von Kanchendschangi (kurz)[:es]Trekking al campamento base de Kanchenjunga (corto)[:pt]Trekking no acampamento base Kanchenjunga (curto)[:zh]\u5f92\u6b65\u524d\u5f80\u5e72\u57ce\u7ae0\u5609\u5cf0\u5927\u672c\u8425\uff08\u77ed\u9014\uff09[:ko]\uac15\ucc9c\uc911\uac00 \ubca0\uc774\uc2a4 \ucea0\ud504 \ud2b8\ub808\ud0b9(\uc9e7\uc740)[:ja]\u30ab\u30f3\u30c1\u30a7\u30f3\u30b8\u30e5\u30f3\u30ac\u30d9\u30fc\u30b9\u30ad\u30e3\u30f3\u30d7\u30c8\u30ec\u30c3\u30ad\u30f3\u30b0\uff08\u30b7\u30e7\u30fc\u30c8\uff09[:hi]\u0915\u0902\u091a\u0928\u091c\u0902\u0917\u093e \u092c\u0947\u0938 \u0915\u0948\u0902\u092a \u091f\u094d\u0930\u0947\u0915\u093f\u0902\u0917 (\u0932\u0918\u0941)[:ar]\u0643\u0627\u0646\u063a\u0634\u064a\u0646\u062c\u0648\u0646\u063a\u0627 \u0642\u0627\u0639\u062f\u0629 \u0645\u062e\u064a\u0645 \u0627\u0644\u0631\u062d\u0644\u0627\u062a (\u0642\u0635\u064a\u0631\u0629)[:]","og_description":"Die dritth\u00f6chste Bergspitze der Welt \u2013 die Kanchenjunga \u2013 sehen, die wahrscheinlich zugleich die malerischste istSich der Legende nach am Portal in die Welt der Unsterblichen wiederfindenGenau in dieser Region begegnete eine britische Expedition im Jahr 1925 dem Schneemenschen, den die Hindu \u201eden D\u00e4mon der Kanchenjunga\u201c nennenDas Trekking verl\u00e4uft in einer wilden Region Nepals, wo es kaum Touristen gibt \u2013 anders als auf den popul\u00e4reren RoutenF\u00fcr diejenigen, die zeitlich eingeschr\u00e4nkt sind, besteht die M\u00f6glichkeit, das Programm per Helikopter um drei Tage zu verk\u00fcrzen und so in zwei Arbeitswochen zu bleiben *Bitte beachten Sie, dass unser Unternehmen keine Dienstleistungen im Bereich Ticketverkauf oder Visabeschaffung anbietet und daher keine Verantwortung f\u00fcr etwaige Flug- oder Grenz\u00fcbergangsprobleme aufgrund von h\u00f6herer Gewalt tr\u00e4gt. Wichtige Informationen: Die Check-in- und Check-out-Zeiten werden vom Hotel festgelegt: Check-in ab 15:00 Uhr, Check-out bis 11:00\u201312:00 Uhr. Das Gep\u00e4ck kann an der Rezeption aufbewahrt werden, sodass Sie die Stadt erkunden k\u00f6nnen, oder Sie k\u00f6nnen \u2013 sofern technisch m\u00f6glich \u2013 einen fr\u00fchen Check-in\/late Check-out gegen Aufpreis erhalten.In Nepal gibt es Schwierigkeiten beim Umtausch von kleinen, besch\u00e4digten oder alten (vor 2009 ausgegebenen) US-Dollar-Scheinen. In manchen F\u00e4llen wird eine zus\u00e4tzliche Geb\u00fchr erhoben, in anderen wird der Umtausch verweigert","og_url":"https:\/\/mountainguides.pro\/de\/tours\/trekking\/trekking-to-kanchenjunga-base-camp-short\/","og_site_name":"Mountain Guide","article_publisher":"https:\/\/www.facebook.com\/Mountainguide-232956566756831\/","article_modified_time":"2026-03-16T07:41:42+00:00","og_image":[{"width":1800,"height":1350,"url":"https:\/\/mountainguides.pro\/wp-content\/uploads\/2025\/01\/trekking-vokrug-kanchendzhangi.jpg","type":"image\/jpeg"}],"twitter_card":"summary_large_image","twitter_site":"@Wintercyclone","twitter_misc":{"Gesch\u00e4tzte Lesezeit":"1\u00a0Minute"},"schema":{"@context":"https:\/\/schema.org","@graph":[{"@type":"WebPage","@id":"https:\/\/mountainguides.pro\/tours\/trekking\/trekking-to-kanchenjunga-base-camp-short\/","url":"https:\/\/mountainguides.pro\/tours\/trekking\/trekking-to-kanchenjunga-base-camp-short\/","name":"Trekking to Kanchenjunga BC Short","isPartOf":{"@id":"https:\/\/mountainguides.pro\/#website"},"primaryImageOfPage":{"@id":"https:\/\/mountainguides.pro\/tours\/trekking\/trekking-to-kanchenjunga-base-camp-short\/#primaryimage"},"image":{"@id":"https:\/\/mountainguides.pro\/tours\/trekking\/trekking-to-kanchenjunga-base-camp-short\/#primaryimage"},"thumbnailUrl":"https:\/\/mountainguides.pro\/wp-content\/uploads\/2025\/01\/trekking-vokrug-kanchendzhangi.jpg","datePublished":"2025-01-08T13:49:12+00:00","dateModified":"2026-03-16T07:41:42+00:00","breadcrumb":{"@id":"https:\/\/mountainguides.pro\/tours\/trekking\/trekking-to-kanchenjunga-base-camp-short\/#breadcrumb"},"inLanguage":"de","potentialAction":[{"@type":"ReadAction","target":["https:\/\/mountainguides.pro\/tours\/trekking\/trekking-to-kanchenjunga-base-camp-short\/"]}]},{"@type":"ImageObject","inLanguage":"de","@id":"https:\/\/mountainguides.pro\/tours\/trekking\/trekking-to-kanchenjunga-base-camp-short\/#primaryimage","url":"https:\/\/mountainguides.pro\/wp-content\/uploads\/2025\/01\/trekking-vokrug-kanchendzhangi.jpg","contentUrl":"https:\/\/mountainguides.pro\/wp-content\/uploads\/2025\/01\/trekking-vokrug-kanchendzhangi.jpg","width":1800,"height":1350},{"@type":"BreadcrumbList","@id":"https:\/\/mountainguides.pro\/tours\/trekking\/trekking-to-kanchenjunga-base-camp-short\/#breadcrumb","itemListElement":[{"@type":"ListItem","position":1,"name":"Home","item":"https:\/\/mountainguides.pro\/de\/"},{"@type":"ListItem","position":2,"name":"Trekking to Kanchenjunga Base Camp (Short)"}]},{"@type":"WebSite","@id":"https:\/\/mountainguides.pro\/#website","url":"https:\/\/mountainguides.pro\/","name":"Mountain Guide","description":"We aspire to be the first in everything!","publisher":{"@id":"https:\/\/mountainguides.pro\/#organization"},"potentialAction":[{"@type":"SearchAction","target":{"@type":"EntryPoint","urlTemplate":"https:\/\/mountainguides.pro\/?s={search_term_string}"},"query-input":{"@type":"PropertyValueSpecification","valueRequired":true,"valueName":"search_term_string"}}],"inLanguage":"de"},{"@type":"Organization","@id":"https:\/\/mountainguides.pro\/#organization","name":"Mountain Guide","url":"https:\/\/mountainguides.pro\/","logo":{"@type":"ImageObject","inLanguage":"de","@id":"https:\/\/mountainguides.pro\/#\/schema\/logo\/image\/","url":"https:\/\/mountainguides.pro\/wp-content\/uploads\/2018\/01\/mglogo.jpg","contentUrl":"https:\/\/mountainguides.pro\/wp-content\/uploads\/2018\/01\/mglogo.jpg","width":1200,"height":630,"caption":"Mountain Guide"},"image":{"@id":"https:\/\/mountainguides.pro\/#\/schema\/logo\/image\/"},"sameAs":["https:\/\/www.facebook.com\/Mountainguide-232956566756831\/","https:\/\/x.com\/Wintercyclone","http:\/\/instagram.com\/mountainguide","http:\/\/www.youtube.com\/mountainguide"]}]}},"_links":{"self":[{"href":"https:\/\/mountainguides.pro\/de\/wp-json\/wp\/v2\/product\/21091","targetHints":{"allow":["GET"]}}],"collection":[{"href":"https:\/\/mountainguides.pro\/de\/wp-json\/wp\/v2\/product"}],"about":[{"href":"https:\/\/mountainguides.pro\/de\/wp-json\/wp\/v2\/types\/product"}],"replies":[{"embeddable":true,"href":"https:\/\/mountainguides.pro\/de\/wp-json\/wp\/v2\/comments?post=21091"}],"version-history":[{"count":12,"href":"https:\/\/mountainguides.pro\/de\/wp-json\/wp\/v2\/product\/21091\/revisions"}],"predecessor-version":[{"id":32672,"href":"https:\/\/mountainguides.pro\/de\/wp-json\/wp\/v2\/product\/21091\/revisions\/32672"}],"wp:featuredmedia":[{"embeddable":true,"href":"https:\/\/mountainguides.pro\/de\/wp-json\/wp\/v2\/media\/21445"}],"wp:attachment":[{"href":"https:\/\/mountainguides.pro\/de\/wp-json\/wp\/v2\/media?parent=21091"}],"wp:term":[{"taxonomy":"product_cat","embeddable":true,"href":"https:\/\/mountainguides.pro\/de\/wp-json\/wp\/v2\/product_cat?post=21091"},{"taxonomy":"product_tag","embeddable":true,"href":"https:\/\/mountainguides.pro\/de\/wp-json\/wp\/v2\/product_tag?post=21091"}],"curies":[{"name":"wp","href":"https:\/\/api.w.org\/{rel}","templated":true}]}}