{"id":21092,"date":"2025-01-08T16:49:20","date_gmt":"2025-01-08T13:49:20","guid":{"rendered":"https:\/\/mountainguides.pro\/?post_type=product&#038;p=21092"},"modified":"2026-01-29T13:59:00","modified_gmt":"2026-01-29T10:59:00","slug":"trekking-to-kanchenjunga-base-camp-india","status":"publish","type":"product","link":"https:\/\/mountainguides.pro\/de\/tours\/trekking\/trekking-to-kanchenjunga-base-camp-india\/","title":{"rendered":"Trekking zum Basislager von Kanchenjangi (Indien)"},"content":{"rendered":"","protected":false},"excerpt":{"rendered":"<p data-start=\"89\" data-end=\"907\">Atemberaubende Ausblicke auf die Kangchendz\u00f6nga \u2013 den dritth\u00f6chsten Gipfel der Welt, umgeben von Gletschern und schneebedeckten Bergen<br data-start=\"223\" data-end=\"226\" \/>Mystischer Weg in die Welt der Unsterblichen: ein legend\u00e4rer Ort, besungen in lokalen \u00dcberlieferungen<br data-start=\"327\" data-end=\"330\" \/>Abgeschiedenheit und Wildheit der Route: die Pfade von Sikkim sind deutlich weniger frequentiert als die beliebten Routen Nepals und schaffen eine Atmosph\u00e4re vollkommener Einheit mit der Natur<br data-start=\"522\" data-end=\"525\" \/>Kulturelle Vielfalt Sikkims: Begegnung mit den Traditionen lokaler St\u00e4mme und Kl\u00f6ster, eingebettet in die malerischen Berge<br data-start=\"648\" data-end=\"651\" \/>Vielfalt der Landschaften: von subtropischen W\u00e4ldern \u00fcber alpine Wiesen und Gletscher bis hin zu rauen Berggipfeln<br data-start=\"765\" data-end=\"768\" \/>Mythen und Legenden Sikkims: die Route f\u00fchrt durch Orte, die mit mystischen Geschichten und uralten Glaubensvorstellungen verbunden sind.<\/p>\n<p data-start=\"1026\" data-end=\"1281\">*Bitte beachten Sie, dass unser Unternehmen keine Dienstleistungen im Bereich Ticketkauf, Ticketverkauf oder Visabeschaffung anbietet und daher keine Verantwortung f\u00fcr F\u00e4lle h\u00f6herer Gewalt \u00fcbernimmt, die mit Fl\u00fcgen oder Grenz\u00fcbertritten verbunden sind.<\/p>\n<p data-start=\"1283\" data-end=\"1312\"><strong data-start=\"1283\" data-end=\"1310\">Wichtige Informationen:<\/strong><\/p>\n<p data-start=\"1314\" data-end=\"1862\">Die Check-in- und Check-out-Zeiten werden vom Hotel festgelegt: Check-in ab 15:00 Uhr, Check-out bis 11:00\u201312:00 Uhr. Sie k\u00f6nnen Ihr Gep\u00e4ck an der Rezeption des Hotels abstellen und die Stadt erkunden oder \u2014 sofern technisch m\u00f6glich \u2014 gegen Aufpreis einen fr\u00fchen Check-in\/sp\u00e4ten Check-out nutzen.<br data-start=\"1610\" data-end=\"1613\" \/>In Nepal gibt es einige Schwierigkeiten beim Umtausch kleiner, abgenutzter oder alter US-Dollar-Scheine (Ausgabe vor 2009). Ber\u00fccksichtigen Sie dies bitte: in manchen Orten f\u00e4llt eine zus\u00e4tzliche Geb\u00fchr an, in anderen wird der Umtausch verweigert.<\/p>\n","protected":false},"featured_media":21446,"comment_status":"closed","ping_status":"closed","template":"","meta":{"_acf_changed":false,"footnotes":""},"product_cat":[321],"product_tag":[],"class_list":{"0":"post-21092","1":"product","2":"type-product","3":"status-publish","4":"has-post-thumbnail","6":"product_cat-trekking","8":"first","9":"instock","10":"shipping-taxable","11":"purchasable","12":"product-type-simple"},"acf":[],"yoast_head":"<!-- This site is optimized with the Yoast SEO Premium plugin v26.5 (Yoast SEO v27.3) - https:\/\/yoast.com\/product\/yoast-seo-premium-wordpress\/ -->\n<title>Trekking to Kanchenjunga BC India<\/title>\n<meta name=\"robots\" content=\"index, follow, max-snippet:-1, max-image-preview:large, max-video-preview:-1\" \/>\n<link rel=\"canonical\" href=\"https:\/\/mountainguides.pro\/de\/tours\/trekking\/trekking-to-kanchenjunga-base-camp-india\/\" \/>\n<meta property=\"og:locale\" content=\"de_DE\" \/>\n<meta property=\"og:locale:alternate\" content=\"en_US\" \/>\n<meta property=\"og:locale:alternate\" content=\"ru_RU\" \/>\n<meta property=\"og:locale:alternate\" content=\"es\" \/>\n<meta property=\"og:locale:alternate\" content=\"pt\" \/>\n<meta property=\"og:locale:alternate\" content=\"zh\" \/>\n<meta property=\"og:locale:alternate\" content=\"ko\" \/>\n<meta property=\"og:locale:alternate\" content=\"ja\" \/>\n<meta property=\"og:locale:alternate\" content=\"hi\" \/>\n<meta property=\"og:locale:alternate\" content=\"ar\" \/>\n<meta property=\"og:type\" content=\"article\" \/>\n<meta property=\"og:title\" content=\"Trekking zum Basislager von Kanchenjangi (Indien)\" \/>\n<meta property=\"og:description\" content=\"Atemberaubende Ausblicke auf die Kangchendz\u00f6nga \u2013 den dritth\u00f6chsten Gipfel der Welt, umgeben von Gletschern und schneebedeckten BergenMystischer Weg in die Welt der Unsterblichen: ein legend\u00e4rer Ort, besungen in lokalen \u00dcberlieferungenAbgeschiedenheit und Wildheit der Route: die Pfade von Sikkim sind deutlich weniger frequentiert als die beliebten Routen Nepals und schaffen eine Atmosph\u00e4re vollkommener Einheit mit der NaturKulturelle Vielfalt Sikkims: Begegnung mit den Traditionen lokaler St\u00e4mme und Kl\u00f6ster, eingebettet in die malerischen BergeVielfalt der Landschaften: von subtropischen W\u00e4ldern \u00fcber alpine Wiesen und Gletscher bis hin zu rauen BerggipfelnMythen und Legenden Sikkims: die Route f\u00fchrt durch Orte, die mit mystischen Geschichten und uralten Glaubensvorstellungen verbunden sind. *Bitte beachten Sie, dass unser Unternehmen keine Dienstleistungen im Bereich Ticketkauf, Ticketverkauf oder Visabeschaffung anbietet und daher keine Verantwortung f\u00fcr F\u00e4lle h\u00f6herer Gewalt \u00fcbernimmt, die mit Fl\u00fcgen oder Grenz\u00fcbertritten verbunden sind. Wichtige Informationen: Die Check-in- und Check-out-Zeiten werden vom Hotel festgelegt: Check-in ab 15:00 Uhr, Check-out bis 11:00\u201312:00 Uhr. Sie k\u00f6nnen Ihr Gep\u00e4ck an der Rezeption des Hotels abstellen und die Stadt erkunden oder \u2014 sofern technisch m\u00f6glich \u2014 gegen Aufpreis einen fr\u00fchen Check-in\/sp\u00e4ten Check-out nutzen.In Nepal gibt es einige Schwierigkeiten beim Umtausch kleiner, abgenutzter oder alter US-Dollar-Scheine (Ausgabe vor 2009). Ber\u00fccksichtigen Sie dies bitte: in manchen Orten f\u00e4llt eine zus\u00e4tzliche Geb\u00fchr an, in anderen wird der Umtausch verweigert.\" \/>\n<meta property=\"og:url\" content=\"https:\/\/mountainguides.pro\/de\/tours\/trekking\/trekking-to-kanchenjunga-base-camp-india\/\" \/>\n<meta property=\"og:site_name\" content=\"Mountain Guide\" \/>\n<meta property=\"article:publisher\" content=\"https:\/\/www.facebook.com\/Mountainguide-232956566756831\/\" \/>\n<meta property=\"article:modified_time\" content=\"2026-01-29T10:59:00+00:00\" \/>\n<meta property=\"og:image\" content=\"https:\/\/mountainguides.pro\/wp-content\/uploads\/2025\/01\/trekking-sikkim-indiya-kanchendzhanga-2.jpeg\" \/>\n\t<meta property=\"og:image:width\" content=\"1800\" \/>\n\t<meta property=\"og:image:height\" content=\"1350\" \/>\n\t<meta property=\"og:image:type\" content=\"image\/jpeg\" \/>\n<meta name=\"twitter:card\" content=\"summary_large_image\" \/>\n<meta name=\"twitter:site\" content=\"@Wintercyclone\" \/>\n<meta name=\"twitter:label1\" content=\"Gesch\u00e4tzte Lesezeit\" \/>\n\t<meta name=\"twitter:data1\" content=\"1\u00a0Minute\" \/>\n<script type=\"application\/ld+json\" class=\"yoast-schema-graph\">{\"@context\":\"https:\\\/\\\/schema.org\",\"@graph\":[{\"@type\":\"WebPage\",\"@id\":\"https:\\\/\\\/mountainguides.pro\\\/ar\\\/tours\\\/trekking\\\/trekking-to-kanchenjunga-base-camp-india\\\/\",\"url\":\"https:\\\/\\\/mountainguides.pro\\\/ar\\\/tours\\\/trekking\\\/trekking-to-kanchenjunga-base-camp-india\\\/\",\"name\":\"Trekking to Kanchenjunga BC India\",\"isPartOf\":{\"@id\":\"https:\\\/\\\/mountainguides.pro\\\/#website\"},\"primaryImageOfPage\":{\"@id\":\"https:\\\/\\\/mountainguides.pro\\\/ar\\\/tours\\\/trekking\\\/trekking-to-kanchenjunga-base-camp-india\\\/#primaryimage\"},\"image\":{\"@id\":\"https:\\\/\\\/mountainguides.pro\\\/ar\\\/tours\\\/trekking\\\/trekking-to-kanchenjunga-base-camp-india\\\/#primaryimage\"},\"thumbnailUrl\":\"https:\\\/\\\/mountainguides.pro\\\/wp-content\\\/uploads\\\/2025\\\/01\\\/trekking-sikkim-indiya-kanchendzhanga-2.jpeg\",\"datePublished\":\"2025-01-08T13:49:20+00:00\",\"dateModified\":\"2026-01-29T10:59:00+00:00\",\"breadcrumb\":{\"@id\":\"https:\\\/\\\/mountainguides.pro\\\/ar\\\/tours\\\/trekking\\\/trekking-to-kanchenjunga-base-camp-india\\\/#breadcrumb\"},\"inLanguage\":\"de\",\"potentialAction\":[{\"@type\":\"ReadAction\",\"target\":[\"https:\\\/\\\/mountainguides.pro\\\/ar\\\/tours\\\/trekking\\\/trekking-to-kanchenjunga-base-camp-india\\\/\"]}]},{\"@type\":\"ImageObject\",\"inLanguage\":\"de\",\"@id\":\"https:\\\/\\\/mountainguides.pro\\\/ar\\\/tours\\\/trekking\\\/trekking-to-kanchenjunga-base-camp-india\\\/#primaryimage\",\"url\":\"https:\\\/\\\/mountainguides.pro\\\/wp-content\\\/uploads\\\/2025\\\/01\\\/trekking-sikkim-indiya-kanchendzhanga-2.jpeg\",\"contentUrl\":\"https:\\\/\\\/mountainguides.pro\\\/wp-content\\\/uploads\\\/2025\\\/01\\\/trekking-sikkim-indiya-kanchendzhanga-2.jpeg\",\"width\":1800,\"height\":1350},{\"@type\":\"BreadcrumbList\",\"@id\":\"https:\\\/\\\/mountainguides.pro\\\/ar\\\/tours\\\/trekking\\\/trekking-to-kanchenjunga-base-camp-india\\\/#breadcrumb\",\"itemListElement\":[{\"@type\":\"ListItem\",\"position\":1,\"name\":\"Home\",\"item\":\"https:\\\/\\\/mountainguides.pro\\\/de\\\/\"},{\"@type\":\"ListItem\",\"position\":2,\"name\":\"\u0643\u0627\u0646\u063a\u0634\u064a\u0646\u062c\u0648\u0646\u063a\u0627 \u0645\u0639\u0633\u0643\u0631 \u0642\u0627\u0639\u062f\u0629 \u0627\u0644\u0631\u062d\u0644\u0627\u062a (\u0627\u0644\u0647\u0646\u062f)\"}]},{\"@type\":\"WebSite\",\"@id\":\"https:\\\/\\\/mountainguides.pro\\\/#website\",\"url\":\"https:\\\/\\\/mountainguides.pro\\\/\",\"name\":\"Mountain Guide\",\"description\":\"We aspire to be the first in everything!\",\"publisher\":{\"@id\":\"https:\\\/\\\/mountainguides.pro\\\/#organization\"},\"potentialAction\":[{\"@type\":\"SearchAction\",\"target\":{\"@type\":\"EntryPoint\",\"urlTemplate\":\"https:\\\/\\\/mountainguides.pro\\\/?s={search_term_string}\"},\"query-input\":{\"@type\":\"PropertyValueSpecification\",\"valueRequired\":true,\"valueName\":\"search_term_string\"}}],\"inLanguage\":\"de\"},{\"@type\":\"Organization\",\"@id\":\"https:\\\/\\\/mountainguides.pro\\\/#organization\",\"name\":\"Mountain Guide\",\"url\":\"https:\\\/\\\/mountainguides.pro\\\/\",\"logo\":{\"@type\":\"ImageObject\",\"inLanguage\":\"de\",\"@id\":\"https:\\\/\\\/mountainguides.pro\\\/#\\\/schema\\\/logo\\\/image\\\/\",\"url\":\"https:\\\/\\\/mountainguides.pro\\\/wp-content\\\/uploads\\\/2018\\\/01\\\/mglogo.jpg\",\"contentUrl\":\"https:\\\/\\\/mountainguides.pro\\\/wp-content\\\/uploads\\\/2018\\\/01\\\/mglogo.jpg\",\"width\":1200,\"height\":630,\"caption\":\"Mountain Guide\"},\"image\":{\"@id\":\"https:\\\/\\\/mountainguides.pro\\\/#\\\/schema\\\/logo\\\/image\\\/\"},\"sameAs\":[\"https:\\\/\\\/www.facebook.com\\\/Mountainguide-232956566756831\\\/\",\"https:\\\/\\\/x.com\\\/Wintercyclone\",\"http:\\\/\\\/instagram.com\\\/mountainguide\",\"http:\\\/\\\/www.youtube.com\\\/mountainguide\"]}]}<\/script>\n<!-- \/ Yoast SEO Premium plugin. -->","yoast_head_json":{"title":"Trekking to Kanchenjunga BC India","robots":{"index":"index","follow":"follow","max-snippet":"max-snippet:-1","max-image-preview":"max-image-preview:large","max-video-preview":"max-video-preview:-1"},"canonical":"https:\/\/mountainguides.pro\/de\/tours\/trekking\/trekking-to-kanchenjunga-base-camp-india\/","og_locale":"de_DE","og_type":"article","og_title":"[:en]Trekking to Kanchenjunga Base Camp (India)[:de]Trekking zum Basislager von Kanchenjangi (Indien)[:es]Trekking al campamento base de Kanchenjunga (India)[:pt]Trekking no acampamento base Kanchenjunga (\u00cdndia)[:zh]\u5f92\u6b65\u524d\u5f80\u5e72\u57ce\u7ae0\u5609\u5cf0\u5927\u672c\u8425\uff08\u5370\u5ea6\uff09[:ko]\uac15\uccb8\uc911\uac00 \ubca0\uc774\uc2a4 \ucea0\ud504 \ud2b8\ub808\ud0b9(\uc778\ub3c4)[:ja]\u30ab\u30f3\u30c1\u30a7\u30f3\u30b8\u30e5\u30f3\u30ac\u30d9\u30fc\u30b9\u30ad\u30e3\u30f3\u30d7\u30c8\u30ec\u30c3\u30ad\u30f3\u30b0\uff08\u30a4\u30f3\u30c9\uff09[:hi]\u0915\u0902\u091a\u0928\u091c\u0902\u0917\u093e \u092c\u0947\u0938 \u0915\u0948\u0902\u092a \u091f\u094d\u0930\u0947\u0915\u093f\u0902\u0917 (\u092d\u093e\u0930\u0924)[:ar]\u0643\u0627\u0646\u063a\u0634\u064a\u0646\u062c\u0648\u0646\u063a\u0627 \u0645\u0639\u0633\u0643\u0631 \u0642\u0627\u0639\u062f\u0629 \u0627\u0644\u0631\u062d\u0644\u0627\u062a (\u0627\u0644\u0647\u0646\u062f)[:]","og_description":"Atemberaubende Ausblicke auf die Kangchendz\u00f6nga \u2013 den dritth\u00f6chsten Gipfel der Welt, umgeben von Gletschern und schneebedeckten BergenMystischer Weg in die Welt der Unsterblichen: ein legend\u00e4rer Ort, besungen in lokalen \u00dcberlieferungenAbgeschiedenheit und Wildheit der Route: die Pfade von Sikkim sind deutlich weniger frequentiert als die beliebten Routen Nepals und schaffen eine Atmosph\u00e4re vollkommener Einheit mit der NaturKulturelle Vielfalt Sikkims: Begegnung mit den Traditionen lokaler St\u00e4mme und Kl\u00f6ster, eingebettet in die malerischen BergeVielfalt der Landschaften: von subtropischen W\u00e4ldern \u00fcber alpine Wiesen und Gletscher bis hin zu rauen BerggipfelnMythen und Legenden Sikkims: die Route f\u00fchrt durch Orte, die mit mystischen Geschichten und uralten Glaubensvorstellungen verbunden sind. *Bitte beachten Sie, dass unser Unternehmen keine Dienstleistungen im Bereich Ticketkauf, Ticketverkauf oder Visabeschaffung anbietet und daher keine Verantwortung f\u00fcr F\u00e4lle h\u00f6herer Gewalt \u00fcbernimmt, die mit Fl\u00fcgen oder Grenz\u00fcbertritten verbunden sind. Wichtige Informationen: Die Check-in- und Check-out-Zeiten werden vom Hotel festgelegt: Check-in ab 15:00 Uhr, Check-out bis 11:00\u201312:00 Uhr. Sie k\u00f6nnen Ihr Gep\u00e4ck an der Rezeption des Hotels abstellen und die Stadt erkunden oder \u2014 sofern technisch m\u00f6glich \u2014 gegen Aufpreis einen fr\u00fchen Check-in\/sp\u00e4ten Check-out nutzen.In Nepal gibt es einige Schwierigkeiten beim Umtausch kleiner, abgenutzter oder alter US-Dollar-Scheine (Ausgabe vor 2009). Ber\u00fccksichtigen Sie dies bitte: in manchen Orten f\u00e4llt eine zus\u00e4tzliche Geb\u00fchr an, in anderen wird der Umtausch verweigert.","og_url":"https:\/\/mountainguides.pro\/de\/tours\/trekking\/trekking-to-kanchenjunga-base-camp-india\/","og_site_name":"Mountain Guide","article_publisher":"https:\/\/www.facebook.com\/Mountainguide-232956566756831\/","article_modified_time":"2026-01-29T10:59:00+00:00","og_image":[{"width":1800,"height":1350,"url":"https:\/\/mountainguides.pro\/wp-content\/uploads\/2025\/01\/trekking-sikkim-indiya-kanchendzhanga-2.jpeg","type":"image\/jpeg"}],"twitter_card":"summary_large_image","twitter_site":"@Wintercyclone","twitter_misc":{"Gesch\u00e4tzte Lesezeit":"1\u00a0Minute"},"schema":{"@context":"https:\/\/schema.org","@graph":[{"@type":"WebPage","@id":"https:\/\/mountainguides.pro\/ar\/tours\/trekking\/trekking-to-kanchenjunga-base-camp-india\/","url":"https:\/\/mountainguides.pro\/ar\/tours\/trekking\/trekking-to-kanchenjunga-base-camp-india\/","name":"Trekking to Kanchenjunga BC India","isPartOf":{"@id":"https:\/\/mountainguides.pro\/#website"},"primaryImageOfPage":{"@id":"https:\/\/mountainguides.pro\/ar\/tours\/trekking\/trekking-to-kanchenjunga-base-camp-india\/#primaryimage"},"image":{"@id":"https:\/\/mountainguides.pro\/ar\/tours\/trekking\/trekking-to-kanchenjunga-base-camp-india\/#primaryimage"},"thumbnailUrl":"https:\/\/mountainguides.pro\/wp-content\/uploads\/2025\/01\/trekking-sikkim-indiya-kanchendzhanga-2.jpeg","datePublished":"2025-01-08T13:49:20+00:00","dateModified":"2026-01-29T10:59:00+00:00","breadcrumb":{"@id":"https:\/\/mountainguides.pro\/ar\/tours\/trekking\/trekking-to-kanchenjunga-base-camp-india\/#breadcrumb"},"inLanguage":"de","potentialAction":[{"@type":"ReadAction","target":["https:\/\/mountainguides.pro\/ar\/tours\/trekking\/trekking-to-kanchenjunga-base-camp-india\/"]}]},{"@type":"ImageObject","inLanguage":"de","@id":"https:\/\/mountainguides.pro\/ar\/tours\/trekking\/trekking-to-kanchenjunga-base-camp-india\/#primaryimage","url":"https:\/\/mountainguides.pro\/wp-content\/uploads\/2025\/01\/trekking-sikkim-indiya-kanchendzhanga-2.jpeg","contentUrl":"https:\/\/mountainguides.pro\/wp-content\/uploads\/2025\/01\/trekking-sikkim-indiya-kanchendzhanga-2.jpeg","width":1800,"height":1350},{"@type":"BreadcrumbList","@id":"https:\/\/mountainguides.pro\/ar\/tours\/trekking\/trekking-to-kanchenjunga-base-camp-india\/#breadcrumb","itemListElement":[{"@type":"ListItem","position":1,"name":"Home","item":"https:\/\/mountainguides.pro\/de\/"},{"@type":"ListItem","position":2,"name":"\u0643\u0627\u0646\u063a\u0634\u064a\u0646\u062c\u0648\u0646\u063a\u0627 \u0645\u0639\u0633\u0643\u0631 \u0642\u0627\u0639\u062f\u0629 \u0627\u0644\u0631\u062d\u0644\u0627\u062a (\u0627\u0644\u0647\u0646\u062f)"}]},{"@type":"WebSite","@id":"https:\/\/mountainguides.pro\/#website","url":"https:\/\/mountainguides.pro\/","name":"Mountain Guide","description":"We aspire to be the first in everything!","publisher":{"@id":"https:\/\/mountainguides.pro\/#organization"},"potentialAction":[{"@type":"SearchAction","target":{"@type":"EntryPoint","urlTemplate":"https:\/\/mountainguides.pro\/?s={search_term_string}"},"query-input":{"@type":"PropertyValueSpecification","valueRequired":true,"valueName":"search_term_string"}}],"inLanguage":"de"},{"@type":"Organization","@id":"https:\/\/mountainguides.pro\/#organization","name":"Mountain Guide","url":"https:\/\/mountainguides.pro\/","logo":{"@type":"ImageObject","inLanguage":"de","@id":"https:\/\/mountainguides.pro\/#\/schema\/logo\/image\/","url":"https:\/\/mountainguides.pro\/wp-content\/uploads\/2018\/01\/mglogo.jpg","contentUrl":"https:\/\/mountainguides.pro\/wp-content\/uploads\/2018\/01\/mglogo.jpg","width":1200,"height":630,"caption":"Mountain Guide"},"image":{"@id":"https:\/\/mountainguides.pro\/#\/schema\/logo\/image\/"},"sameAs":["https:\/\/www.facebook.com\/Mountainguide-232956566756831\/","https:\/\/x.com\/Wintercyclone","http:\/\/instagram.com\/mountainguide","http:\/\/www.youtube.com\/mountainguide"]}]}},"_links":{"self":[{"href":"https:\/\/mountainguides.pro\/de\/wp-json\/wp\/v2\/product\/21092","targetHints":{"allow":["GET"]}}],"collection":[{"href":"https:\/\/mountainguides.pro\/de\/wp-json\/wp\/v2\/product"}],"about":[{"href":"https:\/\/mountainguides.pro\/de\/wp-json\/wp\/v2\/types\/product"}],"replies":[{"embeddable":true,"href":"https:\/\/mountainguides.pro\/de\/wp-json\/wp\/v2\/comments?post=21092"}],"version-history":[{"count":12,"href":"https:\/\/mountainguides.pro\/de\/wp-json\/wp\/v2\/product\/21092\/revisions"}],"predecessor-version":[{"id":32671,"href":"https:\/\/mountainguides.pro\/de\/wp-json\/wp\/v2\/product\/21092\/revisions\/32671"}],"wp:featuredmedia":[{"embeddable":true,"href":"https:\/\/mountainguides.pro\/de\/wp-json\/wp\/v2\/media\/21446"}],"wp:attachment":[{"href":"https:\/\/mountainguides.pro\/de\/wp-json\/wp\/v2\/media?parent=21092"}],"wp:term":[{"taxonomy":"product_cat","embeddable":true,"href":"https:\/\/mountainguides.pro\/de\/wp-json\/wp\/v2\/product_cat?post=21092"},{"taxonomy":"product_tag","embeddable":true,"href":"https:\/\/mountainguides.pro\/de\/wp-json\/wp\/v2\/product_tag?post=21092"}],"curies":[{"name":"wp","href":"https:\/\/api.w.org\/{rel}","templated":true}]}}