{"id":21094,"date":"2025-01-08T16:49:34","date_gmt":"2025-01-08T13:49:34","guid":{"rendered":"https:\/\/mountainguides.pro\/?post_type=product&#038;p=21094"},"modified":"2026-03-16T10:39:07","modified_gmt":"2026-03-16T07:39:07","slug":"trekking-the-manaslu-circuit","status":"publish","type":"product","link":"https:\/\/mountainguides.pro\/de\/tours\/trekking\/trekking-the-manaslu-circuit\/","title":{"rendered":"Trekking Manaslu Circuit"},"content":{"rendered":"","protected":false},"excerpt":{"rendered":"<p data-start=\"87\" data-end=\"623\">Reise in die h\u00f6chstgelegene Region der Erde \u2013 den Himalaya, was \u201eWohnsitz des Schnees\u201c bedeutet<br data-start=\"182\" data-end=\"185\" \/>Die besten Ausblicke auf die wundersch\u00f6ne Manaslu \u2013 den achth\u00f6chsten Gipfel der Welt<br data-start=\"269\" data-end=\"272\" \/>Wir \u00fcberqueren den verschneiten Larke-Pass, der in seiner H\u00f6he nahezu dem Elbrus entspricht<br data-start=\"363\" data-end=\"366\" \/>Wir wandern auf Pfaden, die einst von Pilgern angelegt wurden, bis zum buddhistischen Kloster Pung Gyen<br data-start=\"469\" data-end=\"472\" \/>Wir probieren die lokale K\u00fcche: Dal Bhat, Yak-Steaks, Masala und Yak-K\u00e4se<br data-start=\"545\" data-end=\"548\" \/>Wir sp\u00fcren die ganze Kraft der heiligen Orte, die in dieser Region liegen<\/p>\n<p data-start=\"741\" data-end=\"820\"><strong data-start=\"741\" data-end=\"820\">Im Gegensatz zu anderen Unternehmen ist der Inlandsflug im Preis enthalten.<\/strong><\/p>\n<p data-start=\"822\" data-end=\"1083\"><em data-start=\"822\" data-end=\"1083\"><strong data-start=\"823\" data-end=\"1082\">Bitte beachten Sie, dass unser Unternehmen keine Dienstleistungen im Bereich Kauf\/Verkauf von Flugtickets oder Visaabwicklung anbietet und daher keine Verantwortung f\u00fcr unvorhersehbare Ereignisse im Zusammenhang mit Fl\u00fcgen oder Grenz\u00fcbertritten \u00fcbernimmt.<\/strong><\/em><\/p>\n<p data-start=\"1085\" data-end=\"1112\"><strong data-start=\"1085\" data-end=\"1112\">Wichtige Informationen:<\/strong><\/p>\n<p data-start=\"1114\" data-end=\"1602\">Die Check-in- und Check-out-Zeiten werden vom Hotel festgelegt: Check-in ab 15 Uhr, Check-out bis 11\u201312 Uhr.<br data-start=\"1222\" data-end=\"1225\" \/>Das Gep\u00e4ck kann an der Rezeption des Hotels abgegeben werden, um die Stadt zu erkunden, oder \u2013 sofern technisch m\u00f6glich \u2013 gegen Aufpreis fr\u00fch einchecken\/sp\u00e4t auschecken.<br data-start=\"1394\" data-end=\"1397\" \/>In Nepal gibt es Schwierigkeiten beim Umtausch kleiner, abgenutzter oder alter (vor 2009 ausgegebener) US-Dollar-Scheine. Dies kann zu zus\u00e4tzlichen Geb\u00fchren f\u00fchren oder sogar zur Ablehnung des Umtauschs.<\/p>\n","protected":false},"featured_media":21444,"comment_status":"closed","ping_status":"closed","template":"","meta":{"_acf_changed":false,"footnotes":""},"product_cat":[321],"product_tag":[],"class_list":{"0":"post-21094","1":"product","2":"type-product","3":"status-publish","4":"has-post-thumbnail","6":"product_cat-trekking","8":"first","9":"instock","10":"shipping-taxable","11":"purchasable","12":"product-type-simple"},"acf":[],"yoast_head":"<!-- This site is optimized with the Yoast SEO Premium plugin v26.5 (Yoast SEO v27.3) - https:\/\/yoast.com\/product\/yoast-seo-premium-wordpress\/ -->\n<title>Trekking the Manaslu Circuit<\/title>\n<meta name=\"robots\" content=\"index, follow, max-snippet:-1, max-image-preview:large, max-video-preview:-1\" \/>\n<link rel=\"canonical\" href=\"https:\/\/mountainguides.pro\/de\/tours\/trekking\/trekking-the-manaslu-circuit\/\" \/>\n<meta property=\"og:locale\" content=\"de_DE\" \/>\n<meta property=\"og:locale:alternate\" content=\"en_US\" \/>\n<meta property=\"og:locale:alternate\" content=\"ru_RU\" \/>\n<meta property=\"og:locale:alternate\" content=\"es\" \/>\n<meta property=\"og:locale:alternate\" content=\"pt\" \/>\n<meta property=\"og:locale:alternate\" content=\"zh\" \/>\n<meta property=\"og:locale:alternate\" content=\"ko\" \/>\n<meta property=\"og:locale:alternate\" content=\"ja\" \/>\n<meta property=\"og:locale:alternate\" content=\"hi\" \/>\n<meta property=\"og:locale:alternate\" content=\"ar\" \/>\n<meta property=\"og:type\" content=\"article\" \/>\n<meta property=\"og:title\" content=\"Trekking Manaslu Circuit\" \/>\n<meta property=\"og:description\" content=\"Reise in die h\u00f6chstgelegene Region der Erde \u2013 den Himalaya, was \u201eWohnsitz des Schnees\u201c bedeutetDie besten Ausblicke auf die wundersch\u00f6ne Manaslu \u2013 den achth\u00f6chsten Gipfel der WeltWir \u00fcberqueren den verschneiten Larke-Pass, der in seiner H\u00f6he nahezu dem Elbrus entsprichtWir wandern auf Pfaden, die einst von Pilgern angelegt wurden, bis zum buddhistischen Kloster Pung GyenWir probieren die lokale K\u00fcche: Dal Bhat, Yak-Steaks, Masala und Yak-K\u00e4seWir sp\u00fcren die ganze Kraft der heiligen Orte, die in dieser Region liegen Im Gegensatz zu anderen Unternehmen ist der Inlandsflug im Preis enthalten. Bitte beachten Sie, dass unser Unternehmen keine Dienstleistungen im Bereich Kauf\/Verkauf von Flugtickets oder Visaabwicklung anbietet und daher keine Verantwortung f\u00fcr unvorhersehbare Ereignisse im Zusammenhang mit Fl\u00fcgen oder Grenz\u00fcbertritten \u00fcbernimmt. Wichtige Informationen: Die Check-in- und Check-out-Zeiten werden vom Hotel festgelegt: Check-in ab 15 Uhr, Check-out bis 11\u201312 Uhr.Das Gep\u00e4ck kann an der Rezeption des Hotels abgegeben werden, um die Stadt zu erkunden, oder \u2013 sofern technisch m\u00f6glich \u2013 gegen Aufpreis fr\u00fch einchecken\/sp\u00e4t auschecken.In Nepal gibt es Schwierigkeiten beim Umtausch kleiner, abgenutzter oder alter (vor 2009 ausgegebener) US-Dollar-Scheine. Dies kann zu zus\u00e4tzlichen Geb\u00fchren f\u00fchren oder sogar zur Ablehnung des Umtauschs.\" \/>\n<meta property=\"og:url\" content=\"https:\/\/mountainguides.pro\/de\/tours\/trekking\/trekking-the-manaslu-circuit\/\" \/>\n<meta property=\"og:site_name\" content=\"Mountain Guide\" \/>\n<meta property=\"article:publisher\" content=\"https:\/\/www.facebook.com\/Mountainguide-232956566756831\/\" \/>\n<meta property=\"article:modified_time\" content=\"2026-03-16T07:39:07+00:00\" \/>\n<meta property=\"og:image\" content=\"https:\/\/mountainguides.pro\/wp-content\/uploads\/2025\/01\/trekking-kolczo-manaslu.jpeg\" \/>\n\t<meta property=\"og:image:width\" content=\"1800\" \/>\n\t<meta property=\"og:image:height\" content=\"1350\" \/>\n\t<meta property=\"og:image:type\" content=\"image\/jpeg\" \/>\n<meta name=\"twitter:card\" content=\"summary_large_image\" \/>\n<meta name=\"twitter:site\" content=\"@Wintercyclone\" \/>\n<meta name=\"twitter:label1\" content=\"Gesch\u00e4tzte Lesezeit\" \/>\n\t<meta name=\"twitter:data1\" content=\"1\u00a0Minute\" \/>\n<script type=\"application\/ld+json\" class=\"yoast-schema-graph\">{\"@context\":\"https:\\\/\\\/schema.org\",\"@graph\":[{\"@type\":\"WebPage\",\"@id\":\"https:\\\/\\\/mountainguides.pro\\\/tours\\\/trekking\\\/trekking-the-manaslu-circuit\\\/\",\"url\":\"https:\\\/\\\/mountainguides.pro\\\/tours\\\/trekking\\\/trekking-the-manaslu-circuit\\\/\",\"name\":\"Trekking the Manaslu Circuit\",\"isPartOf\":{\"@id\":\"https:\\\/\\\/mountainguides.pro\\\/#website\"},\"primaryImageOfPage\":{\"@id\":\"https:\\\/\\\/mountainguides.pro\\\/tours\\\/trekking\\\/trekking-the-manaslu-circuit\\\/#primaryimage\"},\"image\":{\"@id\":\"https:\\\/\\\/mountainguides.pro\\\/tours\\\/trekking\\\/trekking-the-manaslu-circuit\\\/#primaryimage\"},\"thumbnailUrl\":\"https:\\\/\\\/mountainguides.pro\\\/wp-content\\\/uploads\\\/2025\\\/01\\\/trekking-kolczo-manaslu.jpeg\",\"datePublished\":\"2025-01-08T13:49:34+00:00\",\"dateModified\":\"2026-03-16T07:39:07+00:00\",\"breadcrumb\":{\"@id\":\"https:\\\/\\\/mountainguides.pro\\\/tours\\\/trekking\\\/trekking-the-manaslu-circuit\\\/#breadcrumb\"},\"inLanguage\":\"de\",\"potentialAction\":[{\"@type\":\"ReadAction\",\"target\":[\"https:\\\/\\\/mountainguides.pro\\\/tours\\\/trekking\\\/trekking-the-manaslu-circuit\\\/\"]}]},{\"@type\":\"ImageObject\",\"inLanguage\":\"de\",\"@id\":\"https:\\\/\\\/mountainguides.pro\\\/tours\\\/trekking\\\/trekking-the-manaslu-circuit\\\/#primaryimage\",\"url\":\"https:\\\/\\\/mountainguides.pro\\\/wp-content\\\/uploads\\\/2025\\\/01\\\/trekking-kolczo-manaslu.jpeg\",\"contentUrl\":\"https:\\\/\\\/mountainguides.pro\\\/wp-content\\\/uploads\\\/2025\\\/01\\\/trekking-kolczo-manaslu.jpeg\",\"width\":1800,\"height\":1350},{\"@type\":\"BreadcrumbList\",\"@id\":\"https:\\\/\\\/mountainguides.pro\\\/tours\\\/trekking\\\/trekking-the-manaslu-circuit\\\/#breadcrumb\",\"itemListElement\":[{\"@type\":\"ListItem\",\"position\":1,\"name\":\"Home\",\"item\":\"https:\\\/\\\/mountainguides.pro\\\/de\\\/\"},{\"@type\":\"ListItem\",\"position\":2,\"name\":\"Trekking the Manaslu Circuit\"}]},{\"@type\":\"WebSite\",\"@id\":\"https:\\\/\\\/mountainguides.pro\\\/#website\",\"url\":\"https:\\\/\\\/mountainguides.pro\\\/\",\"name\":\"Mountain Guide\",\"description\":\"We aspire to be the first in everything!\",\"publisher\":{\"@id\":\"https:\\\/\\\/mountainguides.pro\\\/#organization\"},\"potentialAction\":[{\"@type\":\"SearchAction\",\"target\":{\"@type\":\"EntryPoint\",\"urlTemplate\":\"https:\\\/\\\/mountainguides.pro\\\/?s={search_term_string}\"},\"query-input\":{\"@type\":\"PropertyValueSpecification\",\"valueRequired\":true,\"valueName\":\"search_term_string\"}}],\"inLanguage\":\"de\"},{\"@type\":\"Organization\",\"@id\":\"https:\\\/\\\/mountainguides.pro\\\/#organization\",\"name\":\"Mountain Guide\",\"url\":\"https:\\\/\\\/mountainguides.pro\\\/\",\"logo\":{\"@type\":\"ImageObject\",\"inLanguage\":\"de\",\"@id\":\"https:\\\/\\\/mountainguides.pro\\\/#\\\/schema\\\/logo\\\/image\\\/\",\"url\":\"https:\\\/\\\/mountainguides.pro\\\/wp-content\\\/uploads\\\/2018\\\/01\\\/mglogo.jpg\",\"contentUrl\":\"https:\\\/\\\/mountainguides.pro\\\/wp-content\\\/uploads\\\/2018\\\/01\\\/mglogo.jpg\",\"width\":1200,\"height\":630,\"caption\":\"Mountain Guide\"},\"image\":{\"@id\":\"https:\\\/\\\/mountainguides.pro\\\/#\\\/schema\\\/logo\\\/image\\\/\"},\"sameAs\":[\"https:\\\/\\\/www.facebook.com\\\/Mountainguide-232956566756831\\\/\",\"https:\\\/\\\/x.com\\\/Wintercyclone\",\"http:\\\/\\\/instagram.com\\\/mountainguide\",\"http:\\\/\\\/www.youtube.com\\\/mountainguide\"]}]}<\/script>\n<!-- \/ Yoast SEO Premium plugin. -->","yoast_head_json":{"title":"Trekking the Manaslu Circuit","robots":{"index":"index","follow":"follow","max-snippet":"max-snippet:-1","max-image-preview":"max-image-preview:large","max-video-preview":"max-video-preview:-1"},"canonical":"https:\/\/mountainguides.pro\/de\/tours\/trekking\/trekking-the-manaslu-circuit\/","og_locale":"de_DE","og_type":"article","og_title":"[:en]Trekking the Manaslu Circuit[:de]Trekking Manaslu Circuit[:es]Anillo De Trekking Manaslu[:pt]Anel De Trekking Manaslu[:zh]\u5f92\u6b65\u9a6c\u7eb3\u65af\u9c81\u73af[:ko]\ub9c8\ub098\uc2ac\ub8e8 \ub9c1 \ud2b8\ub808\ud0b9[:ja]\u30de\u30ca\u30b9\u30eb\u30ea\u30f3\u30b0\u30c8\u30ec\u30c3\u30ad\u30f3\u30b0[:hi]\u092e\u093e\u0928\u093e\u0938\u094d\u0932\u0941 \u0938\u0930\u094d\u0915\u093f\u091f \u091f\u094d\u0930\u0947\u0915\u093f\u0902\u0917[:ar]\u0631\u062d\u0644\u0629 \u0645\u0627\u0646\u0627\u0633\u0644\u0648 \u0627\u0644\u062f\u0627\u0626\u0631\u064a[:]","og_description":"Reise in die h\u00f6chstgelegene Region der Erde \u2013 den Himalaya, was \u201eWohnsitz des Schnees\u201c bedeutetDie besten Ausblicke auf die wundersch\u00f6ne Manaslu \u2013 den achth\u00f6chsten Gipfel der WeltWir \u00fcberqueren den verschneiten Larke-Pass, der in seiner H\u00f6he nahezu dem Elbrus entsprichtWir wandern auf Pfaden, die einst von Pilgern angelegt wurden, bis zum buddhistischen Kloster Pung GyenWir probieren die lokale K\u00fcche: Dal Bhat, Yak-Steaks, Masala und Yak-K\u00e4seWir sp\u00fcren die ganze Kraft der heiligen Orte, die in dieser Region liegen Im Gegensatz zu anderen Unternehmen ist der Inlandsflug im Preis enthalten. Bitte beachten Sie, dass unser Unternehmen keine Dienstleistungen im Bereich Kauf\/Verkauf von Flugtickets oder Visaabwicklung anbietet und daher keine Verantwortung f\u00fcr unvorhersehbare Ereignisse im Zusammenhang mit Fl\u00fcgen oder Grenz\u00fcbertritten \u00fcbernimmt. Wichtige Informationen: Die Check-in- und Check-out-Zeiten werden vom Hotel festgelegt: Check-in ab 15 Uhr, Check-out bis 11\u201312 Uhr.Das Gep\u00e4ck kann an der Rezeption des Hotels abgegeben werden, um die Stadt zu erkunden, oder \u2013 sofern technisch m\u00f6glich \u2013 gegen Aufpreis fr\u00fch einchecken\/sp\u00e4t auschecken.In Nepal gibt es Schwierigkeiten beim Umtausch kleiner, abgenutzter oder alter (vor 2009 ausgegebener) US-Dollar-Scheine. Dies kann zu zus\u00e4tzlichen Geb\u00fchren f\u00fchren oder sogar zur Ablehnung des Umtauschs.","og_url":"https:\/\/mountainguides.pro\/de\/tours\/trekking\/trekking-the-manaslu-circuit\/","og_site_name":"Mountain Guide","article_publisher":"https:\/\/www.facebook.com\/Mountainguide-232956566756831\/","article_modified_time":"2026-03-16T07:39:07+00:00","og_image":[{"width":1800,"height":1350,"url":"https:\/\/mountainguides.pro\/wp-content\/uploads\/2025\/01\/trekking-kolczo-manaslu.jpeg","type":"image\/jpeg"}],"twitter_card":"summary_large_image","twitter_site":"@Wintercyclone","twitter_misc":{"Gesch\u00e4tzte Lesezeit":"1\u00a0Minute"},"schema":{"@context":"https:\/\/schema.org","@graph":[{"@type":"WebPage","@id":"https:\/\/mountainguides.pro\/tours\/trekking\/trekking-the-manaslu-circuit\/","url":"https:\/\/mountainguides.pro\/tours\/trekking\/trekking-the-manaslu-circuit\/","name":"Trekking the Manaslu Circuit","isPartOf":{"@id":"https:\/\/mountainguides.pro\/#website"},"primaryImageOfPage":{"@id":"https:\/\/mountainguides.pro\/tours\/trekking\/trekking-the-manaslu-circuit\/#primaryimage"},"image":{"@id":"https:\/\/mountainguides.pro\/tours\/trekking\/trekking-the-manaslu-circuit\/#primaryimage"},"thumbnailUrl":"https:\/\/mountainguides.pro\/wp-content\/uploads\/2025\/01\/trekking-kolczo-manaslu.jpeg","datePublished":"2025-01-08T13:49:34+00:00","dateModified":"2026-03-16T07:39:07+00:00","breadcrumb":{"@id":"https:\/\/mountainguides.pro\/tours\/trekking\/trekking-the-manaslu-circuit\/#breadcrumb"},"inLanguage":"de","potentialAction":[{"@type":"ReadAction","target":["https:\/\/mountainguides.pro\/tours\/trekking\/trekking-the-manaslu-circuit\/"]}]},{"@type":"ImageObject","inLanguage":"de","@id":"https:\/\/mountainguides.pro\/tours\/trekking\/trekking-the-manaslu-circuit\/#primaryimage","url":"https:\/\/mountainguides.pro\/wp-content\/uploads\/2025\/01\/trekking-kolczo-manaslu.jpeg","contentUrl":"https:\/\/mountainguides.pro\/wp-content\/uploads\/2025\/01\/trekking-kolczo-manaslu.jpeg","width":1800,"height":1350},{"@type":"BreadcrumbList","@id":"https:\/\/mountainguides.pro\/tours\/trekking\/trekking-the-manaslu-circuit\/#breadcrumb","itemListElement":[{"@type":"ListItem","position":1,"name":"Home","item":"https:\/\/mountainguides.pro\/de\/"},{"@type":"ListItem","position":2,"name":"Trekking the Manaslu Circuit"}]},{"@type":"WebSite","@id":"https:\/\/mountainguides.pro\/#website","url":"https:\/\/mountainguides.pro\/","name":"Mountain Guide","description":"We aspire to be the first in everything!","publisher":{"@id":"https:\/\/mountainguides.pro\/#organization"},"potentialAction":[{"@type":"SearchAction","target":{"@type":"EntryPoint","urlTemplate":"https:\/\/mountainguides.pro\/?s={search_term_string}"},"query-input":{"@type":"PropertyValueSpecification","valueRequired":true,"valueName":"search_term_string"}}],"inLanguage":"de"},{"@type":"Organization","@id":"https:\/\/mountainguides.pro\/#organization","name":"Mountain Guide","url":"https:\/\/mountainguides.pro\/","logo":{"@type":"ImageObject","inLanguage":"de","@id":"https:\/\/mountainguides.pro\/#\/schema\/logo\/image\/","url":"https:\/\/mountainguides.pro\/wp-content\/uploads\/2018\/01\/mglogo.jpg","contentUrl":"https:\/\/mountainguides.pro\/wp-content\/uploads\/2018\/01\/mglogo.jpg","width":1200,"height":630,"caption":"Mountain Guide"},"image":{"@id":"https:\/\/mountainguides.pro\/#\/schema\/logo\/image\/"},"sameAs":["https:\/\/www.facebook.com\/Mountainguide-232956566756831\/","https:\/\/x.com\/Wintercyclone","http:\/\/instagram.com\/mountainguide","http:\/\/www.youtube.com\/mountainguide"]}]}},"_links":{"self":[{"href":"https:\/\/mountainguides.pro\/de\/wp-json\/wp\/v2\/product\/21094","targetHints":{"allow":["GET"]}}],"collection":[{"href":"https:\/\/mountainguides.pro\/de\/wp-json\/wp\/v2\/product"}],"about":[{"href":"https:\/\/mountainguides.pro\/de\/wp-json\/wp\/v2\/types\/product"}],"replies":[{"embeddable":true,"href":"https:\/\/mountainguides.pro\/de\/wp-json\/wp\/v2\/comments?post=21094"}],"version-history":[{"count":13,"href":"https:\/\/mountainguides.pro\/de\/wp-json\/wp\/v2\/product\/21094\/revisions"}],"predecessor-version":[{"id":32801,"href":"https:\/\/mountainguides.pro\/de\/wp-json\/wp\/v2\/product\/21094\/revisions\/32801"}],"wp:featuredmedia":[{"embeddable":true,"href":"https:\/\/mountainguides.pro\/de\/wp-json\/wp\/v2\/media\/21444"}],"wp:attachment":[{"href":"https:\/\/mountainguides.pro\/de\/wp-json\/wp\/v2\/media?parent=21094"}],"wp:term":[{"taxonomy":"product_cat","embeddable":true,"href":"https:\/\/mountainguides.pro\/de\/wp-json\/wp\/v2\/product_cat?post=21094"},{"taxonomy":"product_tag","embeddable":true,"href":"https:\/\/mountainguides.pro\/de\/wp-json\/wp\/v2\/product_tag?post=21094"}],"curies":[{"name":"wp","href":"https:\/\/api.w.org\/{rel}","templated":true}]}}