{"id":21095,"date":"2025-01-08T16:49:38","date_gmt":"2025-01-08T13:49:38","guid":{"rendered":"https:\/\/mountainguides.pro\/?post_type=product&#038;p=21095"},"modified":"2026-01-29T13:33:52","modified_gmt":"2026-01-29T10:33:52","slug":"trekking-in-langtang","status":"publish","type":"product","link":"https:\/\/mountainguides.pro\/de\/tours\/trekking\/trekking-in-langtang\/","title":{"rendered":"Trekking nach Langtang"},"content":{"rendered":"","protected":false},"excerpt":{"rendered":"<p data-start=\"68\" data-end=\"155\"><strong data-start=\"68\" data-end=\"155\">m Gegensatz zu anderen Unternehmen ist der Inlandsflug bereits im Preis enthalten.<\/strong><\/p>\n<p data-start=\"157\" data-end=\"180\">Wichtige Informationen:<\/p>\n<p data-start=\"182\" data-end=\"934\">Die Check-in- und Check-out-Zeiten werden vom Hotel festgelegt: Check-in ab 15 Uhr, Check-out bis 11\u201312 Uhr. Das Gep\u00e4ck kann an der Rezeption abgegeben werden, um die Stadt zu erkunden, oder \u2013 sofern technisch m\u00f6glich \u2013 gegen Aufpreis fr\u00fch einchecken\/sp\u00e4t auschecken.<br data-start=\"449\" data-end=\"452\" \/>In Nepal gibt es bestimmte Schwierigkeiten beim Umtausch kleiner, abgenutzter und alter (vor 2009 ausgegebener) US-Dollar-Scheine. Dies kann zu zus\u00e4tzlichen Geb\u00fchren f\u00fchren oder in manchen F\u00e4llen zur Ablehnung des Umtauschs.<br data-start=\"676\" data-end=\"679\" \/>Bitte beachten Sie, dass unser Unternehmen keine Dienstleistungen im Bereich Kauf\/Verkauf von Flugtickets oder Visaabwicklung anbietet und daher keine Verantwortung f\u00fcr unvorhersehbare Ereignisse im Zusammenhang mit Fl\u00fcgen oder Grenz\u00fcbertritten \u00fcbernimmt<\/p>\n","protected":false},"featured_media":21452,"comment_status":"closed","ping_status":"closed","template":"","meta":{"_acf_changed":false,"footnotes":""},"product_cat":[321],"product_tag":[],"class_list":{"0":"post-21095","1":"product","2":"type-product","3":"status-publish","4":"has-post-thumbnail","6":"product_cat-trekking","8":"first","9":"instock","10":"shipping-taxable","11":"purchasable","12":"product-type-simple"},"acf":[],"yoast_head":"<!-- This site is optimized with the Yoast SEO Premium plugin v26.5 (Yoast SEO v27.3) - https:\/\/yoast.com\/product\/yoast-seo-premium-wordpress\/ -->\n<title>Trekking in Langtang<\/title>\n<meta name=\"robots\" content=\"index, follow, max-snippet:-1, max-image-preview:large, max-video-preview:-1\" \/>\n<link rel=\"canonical\" href=\"https:\/\/mountainguides.pro\/de\/tours\/trekking\/trekking-in-langtang\/\" \/>\n<meta property=\"og:locale\" content=\"de_DE\" \/>\n<meta property=\"og:locale:alternate\" content=\"en_US\" \/>\n<meta property=\"og:locale:alternate\" content=\"ru_RU\" \/>\n<meta property=\"og:locale:alternate\" content=\"es\" \/>\n<meta property=\"og:locale:alternate\" content=\"pt\" \/>\n<meta property=\"og:locale:alternate\" content=\"zh\" \/>\n<meta property=\"og:locale:alternate\" content=\"ko\" \/>\n<meta property=\"og:locale:alternate\" content=\"ja\" \/>\n<meta property=\"og:locale:alternate\" content=\"hi\" \/>\n<meta property=\"og:locale:alternate\" content=\"ar\" \/>\n<meta property=\"og:type\" content=\"article\" \/>\n<meta property=\"og:title\" content=\"Trekking nach Langtang\" \/>\n<meta property=\"og:description\" content=\"m Gegensatz zu anderen Unternehmen ist der Inlandsflug bereits im Preis enthalten. Wichtige Informationen: Die Check-in- und Check-out-Zeiten werden vom Hotel festgelegt: Check-in ab 15 Uhr, Check-out bis 11\u201312 Uhr. Das Gep\u00e4ck kann an der Rezeption abgegeben werden, um die Stadt zu erkunden, oder \u2013 sofern technisch m\u00f6glich \u2013 gegen Aufpreis fr\u00fch einchecken\/sp\u00e4t auschecken.In Nepal gibt es bestimmte Schwierigkeiten beim Umtausch kleiner, abgenutzter und alter (vor 2009 ausgegebener) US-Dollar-Scheine. Dies kann zu zus\u00e4tzlichen Geb\u00fchren f\u00fchren oder in manchen F\u00e4llen zur Ablehnung des Umtauschs.Bitte beachten Sie, dass unser Unternehmen keine Dienstleistungen im Bereich Kauf\/Verkauf von Flugtickets oder Visaabwicklung anbietet und daher keine Verantwortung f\u00fcr unvorhersehbare Ereignisse im Zusammenhang mit Fl\u00fcgen oder Grenz\u00fcbertritten \u00fcbernimmt\" \/>\n<meta property=\"og:url\" content=\"https:\/\/mountainguides.pro\/de\/tours\/trekking\/trekking-in-langtang\/\" \/>\n<meta property=\"og:site_name\" content=\"Mountain Guide\" \/>\n<meta property=\"article:publisher\" content=\"https:\/\/www.facebook.com\/Mountainguide-232956566756831\/\" \/>\n<meta property=\"article:modified_time\" content=\"2026-01-29T10:33:52+00:00\" \/>\n<meta property=\"og:image\" content=\"https:\/\/mountainguides.pro\/wp-content\/uploads\/2025\/01\/trekking-v-nepale-langtang-3.jpg\" \/>\n\t<meta property=\"og:image:width\" content=\"1800\" \/>\n\t<meta property=\"og:image:height\" content=\"1196\" \/>\n\t<meta property=\"og:image:type\" content=\"image\/jpeg\" \/>\n<meta name=\"twitter:card\" content=\"summary_large_image\" \/>\n<meta name=\"twitter:site\" content=\"@Wintercyclone\" \/>\n<meta name=\"twitter:label1\" content=\"Gesch\u00e4tzte Lesezeit\" \/>\n\t<meta name=\"twitter:data1\" content=\"1\u00a0Minute\" \/>\n<script type=\"application\/ld+json\" class=\"yoast-schema-graph\">{\"@context\":\"https:\\\/\\\/schema.org\",\"@graph\":[{\"@type\":\"WebPage\",\"@id\":\"https:\\\/\\\/mountainguides.pro\\\/ar\\\/tours\\\/trekking\\\/trekking-in-langtang\\\/\",\"url\":\"https:\\\/\\\/mountainguides.pro\\\/ar\\\/tours\\\/trekking\\\/trekking-in-langtang\\\/\",\"name\":\"Trekking in Langtang\",\"isPartOf\":{\"@id\":\"https:\\\/\\\/mountainguides.pro\\\/#website\"},\"primaryImageOfPage\":{\"@id\":\"https:\\\/\\\/mountainguides.pro\\\/ar\\\/tours\\\/trekking\\\/trekking-in-langtang\\\/#primaryimage\"},\"image\":{\"@id\":\"https:\\\/\\\/mountainguides.pro\\\/ar\\\/tours\\\/trekking\\\/trekking-in-langtang\\\/#primaryimage\"},\"thumbnailUrl\":\"https:\\\/\\\/mountainguides.pro\\\/wp-content\\\/uploads\\\/2025\\\/01\\\/trekking-v-nepale-langtang-3.jpg\",\"datePublished\":\"2025-01-08T13:49:38+00:00\",\"dateModified\":\"2026-01-29T10:33:52+00:00\",\"breadcrumb\":{\"@id\":\"https:\\\/\\\/mountainguides.pro\\\/ar\\\/tours\\\/trekking\\\/trekking-in-langtang\\\/#breadcrumb\"},\"inLanguage\":\"de\",\"potentialAction\":[{\"@type\":\"ReadAction\",\"target\":[\"https:\\\/\\\/mountainguides.pro\\\/ar\\\/tours\\\/trekking\\\/trekking-in-langtang\\\/\"]}]},{\"@type\":\"ImageObject\",\"inLanguage\":\"de\",\"@id\":\"https:\\\/\\\/mountainguides.pro\\\/ar\\\/tours\\\/trekking\\\/trekking-in-langtang\\\/#primaryimage\",\"url\":\"https:\\\/\\\/mountainguides.pro\\\/wp-content\\\/uploads\\\/2025\\\/01\\\/trekking-v-nepale-langtang-3.jpg\",\"contentUrl\":\"https:\\\/\\\/mountainguides.pro\\\/wp-content\\\/uploads\\\/2025\\\/01\\\/trekking-v-nepale-langtang-3.jpg\",\"width\":1800,\"height\":1196},{\"@type\":\"BreadcrumbList\",\"@id\":\"https:\\\/\\\/mountainguides.pro\\\/ar\\\/tours\\\/trekking\\\/trekking-in-langtang\\\/#breadcrumb\",\"itemListElement\":[{\"@type\":\"ListItem\",\"position\":1,\"name\":\"Home\",\"item\":\"https:\\\/\\\/mountainguides.pro\\\/de\\\/\"},{\"@type\":\"ListItem\",\"position\":2,\"name\":\"\u0644\u0627\u0646\u063a\u062a\u0627\u0646\u063a \u0627\u0644\u0631\u062d\u0644\u0627\u062a\"}]},{\"@type\":\"WebSite\",\"@id\":\"https:\\\/\\\/mountainguides.pro\\\/#website\",\"url\":\"https:\\\/\\\/mountainguides.pro\\\/\",\"name\":\"Mountain Guide\",\"description\":\"We aspire to be the first in everything!\",\"publisher\":{\"@id\":\"https:\\\/\\\/mountainguides.pro\\\/#organization\"},\"potentialAction\":[{\"@type\":\"SearchAction\",\"target\":{\"@type\":\"EntryPoint\",\"urlTemplate\":\"https:\\\/\\\/mountainguides.pro\\\/?s={search_term_string}\"},\"query-input\":{\"@type\":\"PropertyValueSpecification\",\"valueRequired\":true,\"valueName\":\"search_term_string\"}}],\"inLanguage\":\"de\"},{\"@type\":\"Organization\",\"@id\":\"https:\\\/\\\/mountainguides.pro\\\/#organization\",\"name\":\"Mountain Guide\",\"url\":\"https:\\\/\\\/mountainguides.pro\\\/\",\"logo\":{\"@type\":\"ImageObject\",\"inLanguage\":\"de\",\"@id\":\"https:\\\/\\\/mountainguides.pro\\\/#\\\/schema\\\/logo\\\/image\\\/\",\"url\":\"https:\\\/\\\/mountainguides.pro\\\/wp-content\\\/uploads\\\/2018\\\/01\\\/mglogo.jpg\",\"contentUrl\":\"https:\\\/\\\/mountainguides.pro\\\/wp-content\\\/uploads\\\/2018\\\/01\\\/mglogo.jpg\",\"width\":1200,\"height\":630,\"caption\":\"Mountain Guide\"},\"image\":{\"@id\":\"https:\\\/\\\/mountainguides.pro\\\/#\\\/schema\\\/logo\\\/image\\\/\"},\"sameAs\":[\"https:\\\/\\\/www.facebook.com\\\/Mountainguide-232956566756831\\\/\",\"https:\\\/\\\/x.com\\\/Wintercyclone\",\"http:\\\/\\\/instagram.com\\\/mountainguide\",\"http:\\\/\\\/www.youtube.com\\\/mountainguide\"]}]}<\/script>\n<!-- \/ Yoast SEO Premium plugin. -->","yoast_head_json":{"title":"Trekking in Langtang","robots":{"index":"index","follow":"follow","max-snippet":"max-snippet:-1","max-image-preview":"max-image-preview:large","max-video-preview":"max-video-preview:-1"},"canonical":"https:\/\/mountainguides.pro\/de\/tours\/trekking\/trekking-in-langtang\/","og_locale":"de_DE","og_type":"article","og_title":"[:en]Trekking in Langtang[:de]Trekking nach Langtang[:es]Trekking en Langtang[:pt]Trekking em Langtang[:zh]\u5f92\u6b65\u524d\u5f80\u5170\u5858[:ko]\ub791\ud0d5 \ud2b8\ub808\ud0b9[:ja]\u30e9\u30f3\u30bf\u30f3\u30c8\u30ec\u30c3\u30ad\u30f3\u30b0[:hi]\u0932\u0948\u0902\u0917\u091f\u0948\u0902\u0917 \u091f\u094d\u0930\u0947\u0915\u093f\u0902\u0917[:ar]\u0644\u0627\u0646\u063a\u062a\u0627\u0646\u063a \u0627\u0644\u0631\u062d\u0644\u0627\u062a[:]","og_description":"m Gegensatz zu anderen Unternehmen ist der Inlandsflug bereits im Preis enthalten. Wichtige Informationen: Die Check-in- und Check-out-Zeiten werden vom Hotel festgelegt: Check-in ab 15 Uhr, Check-out bis 11\u201312 Uhr. Das Gep\u00e4ck kann an der Rezeption abgegeben werden, um die Stadt zu erkunden, oder \u2013 sofern technisch m\u00f6glich \u2013 gegen Aufpreis fr\u00fch einchecken\/sp\u00e4t auschecken.In Nepal gibt es bestimmte Schwierigkeiten beim Umtausch kleiner, abgenutzter und alter (vor 2009 ausgegebener) US-Dollar-Scheine. Dies kann zu zus\u00e4tzlichen Geb\u00fchren f\u00fchren oder in manchen F\u00e4llen zur Ablehnung des Umtauschs.Bitte beachten Sie, dass unser Unternehmen keine Dienstleistungen im Bereich Kauf\/Verkauf von Flugtickets oder Visaabwicklung anbietet und daher keine Verantwortung f\u00fcr unvorhersehbare Ereignisse im Zusammenhang mit Fl\u00fcgen oder Grenz\u00fcbertritten \u00fcbernimmt","og_url":"https:\/\/mountainguides.pro\/de\/tours\/trekking\/trekking-in-langtang\/","og_site_name":"Mountain Guide","article_publisher":"https:\/\/www.facebook.com\/Mountainguide-232956566756831\/","article_modified_time":"2026-01-29T10:33:52+00:00","og_image":[{"width":1800,"height":1196,"url":"https:\/\/mountainguides.pro\/wp-content\/uploads\/2025\/01\/trekking-v-nepale-langtang-3.jpg","type":"image\/jpeg"}],"twitter_card":"summary_large_image","twitter_site":"@Wintercyclone","twitter_misc":{"Gesch\u00e4tzte Lesezeit":"1\u00a0Minute"},"schema":{"@context":"https:\/\/schema.org","@graph":[{"@type":"WebPage","@id":"https:\/\/mountainguides.pro\/ar\/tours\/trekking\/trekking-in-langtang\/","url":"https:\/\/mountainguides.pro\/ar\/tours\/trekking\/trekking-in-langtang\/","name":"Trekking in Langtang","isPartOf":{"@id":"https:\/\/mountainguides.pro\/#website"},"primaryImageOfPage":{"@id":"https:\/\/mountainguides.pro\/ar\/tours\/trekking\/trekking-in-langtang\/#primaryimage"},"image":{"@id":"https:\/\/mountainguides.pro\/ar\/tours\/trekking\/trekking-in-langtang\/#primaryimage"},"thumbnailUrl":"https:\/\/mountainguides.pro\/wp-content\/uploads\/2025\/01\/trekking-v-nepale-langtang-3.jpg","datePublished":"2025-01-08T13:49:38+00:00","dateModified":"2026-01-29T10:33:52+00:00","breadcrumb":{"@id":"https:\/\/mountainguides.pro\/ar\/tours\/trekking\/trekking-in-langtang\/#breadcrumb"},"inLanguage":"de","potentialAction":[{"@type":"ReadAction","target":["https:\/\/mountainguides.pro\/ar\/tours\/trekking\/trekking-in-langtang\/"]}]},{"@type":"ImageObject","inLanguage":"de","@id":"https:\/\/mountainguides.pro\/ar\/tours\/trekking\/trekking-in-langtang\/#primaryimage","url":"https:\/\/mountainguides.pro\/wp-content\/uploads\/2025\/01\/trekking-v-nepale-langtang-3.jpg","contentUrl":"https:\/\/mountainguides.pro\/wp-content\/uploads\/2025\/01\/trekking-v-nepale-langtang-3.jpg","width":1800,"height":1196},{"@type":"BreadcrumbList","@id":"https:\/\/mountainguides.pro\/ar\/tours\/trekking\/trekking-in-langtang\/#breadcrumb","itemListElement":[{"@type":"ListItem","position":1,"name":"Home","item":"https:\/\/mountainguides.pro\/de\/"},{"@type":"ListItem","position":2,"name":"\u0644\u0627\u0646\u063a\u062a\u0627\u0646\u063a \u0627\u0644\u0631\u062d\u0644\u0627\u062a"}]},{"@type":"WebSite","@id":"https:\/\/mountainguides.pro\/#website","url":"https:\/\/mountainguides.pro\/","name":"Mountain Guide","description":"We aspire to be the first in everything!","publisher":{"@id":"https:\/\/mountainguides.pro\/#organization"},"potentialAction":[{"@type":"SearchAction","target":{"@type":"EntryPoint","urlTemplate":"https:\/\/mountainguides.pro\/?s={search_term_string}"},"query-input":{"@type":"PropertyValueSpecification","valueRequired":true,"valueName":"search_term_string"}}],"inLanguage":"de"},{"@type":"Organization","@id":"https:\/\/mountainguides.pro\/#organization","name":"Mountain Guide","url":"https:\/\/mountainguides.pro\/","logo":{"@type":"ImageObject","inLanguage":"de","@id":"https:\/\/mountainguides.pro\/#\/schema\/logo\/image\/","url":"https:\/\/mountainguides.pro\/wp-content\/uploads\/2018\/01\/mglogo.jpg","contentUrl":"https:\/\/mountainguides.pro\/wp-content\/uploads\/2018\/01\/mglogo.jpg","width":1200,"height":630,"caption":"Mountain Guide"},"image":{"@id":"https:\/\/mountainguides.pro\/#\/schema\/logo\/image\/"},"sameAs":["https:\/\/www.facebook.com\/Mountainguide-232956566756831\/","https:\/\/x.com\/Wintercyclone","http:\/\/instagram.com\/mountainguide","http:\/\/www.youtube.com\/mountainguide"]}]}},"_links":{"self":[{"href":"https:\/\/mountainguides.pro\/de\/wp-json\/wp\/v2\/product\/21095","targetHints":{"allow":["GET"]}}],"collection":[{"href":"https:\/\/mountainguides.pro\/de\/wp-json\/wp\/v2\/product"}],"about":[{"href":"https:\/\/mountainguides.pro\/de\/wp-json\/wp\/v2\/types\/product"}],"replies":[{"embeddable":true,"href":"https:\/\/mountainguides.pro\/de\/wp-json\/wp\/v2\/comments?post=21095"}],"version-history":[{"count":11,"href":"https:\/\/mountainguides.pro\/de\/wp-json\/wp\/v2\/product\/21095\/revisions"}],"predecessor-version":[{"id":32668,"href":"https:\/\/mountainguides.pro\/de\/wp-json\/wp\/v2\/product\/21095\/revisions\/32668"}],"wp:featuredmedia":[{"embeddable":true,"href":"https:\/\/mountainguides.pro\/de\/wp-json\/wp\/v2\/media\/21452"}],"wp:attachment":[{"href":"https:\/\/mountainguides.pro\/de\/wp-json\/wp\/v2\/media?parent=21095"}],"wp:term":[{"taxonomy":"product_cat","embeddable":true,"href":"https:\/\/mountainguides.pro\/de\/wp-json\/wp\/v2\/product_cat?post=21095"},{"taxonomy":"product_tag","embeddable":true,"href":"https:\/\/mountainguides.pro\/de\/wp-json\/wp\/v2\/product_tag?post=21095"}],"curies":[{"name":"wp","href":"https:\/\/api.w.org\/{rel}","templated":true}]}}