{"id":21097,"date":"2025-01-08T16:49:42","date_gmt":"2025-01-08T13:49:42","guid":{"rendered":"https:\/\/mountainguides.pro\/?post_type=product&#038;p=21097"},"modified":"2026-01-29T13:31:24","modified_gmt":"2026-01-29T10:31:24","slug":"tour-to-zimbabwe-and-south-africa-victoria-falls-cape-town-and-cape-of-good-hope","status":"publish","type":"product","link":"https:\/\/mountainguides.pro\/de\/tours\/adventure\/tour-to-zimbabwe-and-south-africa-victoria-falls-cape-town-and-cape-of-good-hope\/","title":{"rendered":"Tour nach Simbabwe und S\u00dcDAFRIKA: Victoria Falls, Kapstadt und Kap der Guten Hoffnung"},"content":{"rendered":"","protected":false},"excerpt":{"rendered":"<p data-start=\"121\" data-end=\"508\">Victoriaf\u00e4lle: eines der sieben Naturwunder der Welt<br data-start=\"173\" data-end=\"176\" \/>Safari in Nationalparks: wir machen uns auf die Suche nach den Big Five<br data-start=\"247\" data-end=\"250\" \/>Kapstadt und der Tafelberg: beeindruckende Panoramablicke und kulturelle Sehensw\u00fcrdigkeiten<br data-start=\"341\" data-end=\"344\" \/>Bootstour auf dem Santa-Lucia-See: wir kommen Flusspferdfamilien ganz nah<br data-start=\"417\" data-end=\"420\" \/>Gro\u00dfe wei\u00dfe Haie: wir beobachten sie aus n\u00e4chster N\u00e4he in ihrem nat\u00fcrlichen Lebensraum*Bitte beachten Sie, dass unser Unternehmen nicht im Bereich des Kaufs oder Verkaufs von Flugtickets oder der Visaabwicklung t\u00e4tig ist und daher keine Verantwortung f\u00fcr unvorhersehbare Ereignisse im Zusammenhang mit Fl\u00fcgen oder Grenz\u00fcbertritten \u00fcbernimmt.<\/p>\n<p data-start=\"888\" data-end=\"911\">Wichtige Informationen:<\/p>\n<p data-start=\"913\" data-end=\"1424\">Die Check-in- und Check-out-Zeiten werden vom Hotel festgelegt: Check-in ab 15 Uhr, Check-out bis 11\u201312 Uhr. Das Gep\u00e4ck kann an der Rezeption abgegeben werden, um die Stadt zu erkunden, oder \u2013 sofern technisch m\u00f6glich \u2013 gegen Aufpreis fr\u00fch einchecken\/sp\u00e4t auschecken.<br data-start=\"1180\" data-end=\"1183\" \/>In Simbabwe und S\u00fcdafrika gibt es bestimmte Schwierigkeiten beim Umtausch kleiner, abgenutzter und alter (vor 2009 ausgegebener) US-Dollar-Scheine. Dies kann zu zus\u00e4tzlichen Geb\u00fchren f\u00fchren oder in manchen F\u00e4llen zur Ablehnung des Umtauschs.<\/p>\n","protected":false},"featured_media":21459,"comment_status":"closed","ping_status":"closed","template":"","meta":{"_acf_changed":false,"footnotes":""},"product_cat":[337],"product_tag":[],"class_list":{"0":"post-21097","1":"product","2":"type-product","3":"status-publish","4":"has-post-thumbnail","6":"product_cat-adventure","8":"first","9":"instock","10":"shipping-taxable","11":"purchasable","12":"product-type-simple"},"acf":[],"yoast_head":"<!-- This site is optimized with the Yoast SEO Premium plugin v26.5 (Yoast SEO v27.3) - https:\/\/yoast.com\/product\/yoast-seo-premium-wordpress\/ -->\n<title>Adventure Zimbabwe and South Africa<\/title>\n<meta name=\"robots\" content=\"index, follow, max-snippet:-1, max-image-preview:large, max-video-preview:-1\" \/>\n<link rel=\"canonical\" href=\"https:\/\/mountainguides.pro\/de\/tours\/adventure\/tour-to-zimbabwe-and-south-africa-victoria-falls-cape-town-and-cape-of-good-hope\/\" \/>\n<meta property=\"og:locale\" content=\"de_DE\" \/>\n<meta property=\"og:locale:alternate\" content=\"en_US\" \/>\n<meta property=\"og:locale:alternate\" content=\"ru_RU\" \/>\n<meta property=\"og:locale:alternate\" content=\"es\" \/>\n<meta property=\"og:locale:alternate\" content=\"pt\" \/>\n<meta property=\"og:locale:alternate\" content=\"zh\" \/>\n<meta property=\"og:locale:alternate\" content=\"ko\" \/>\n<meta property=\"og:locale:alternate\" content=\"ja\" \/>\n<meta property=\"og:locale:alternate\" content=\"hi\" \/>\n<meta property=\"og:locale:alternate\" content=\"ar\" \/>\n<meta property=\"og:type\" content=\"article\" \/>\n<meta property=\"og:title\" content=\"Tour nach Simbabwe und S\u00dcDAFRIKA: Victoria Falls, Kapstadt und Kap der Guten Hoffnung\" \/>\n<meta property=\"og:description\" content=\"Victoriaf\u00e4lle: eines der sieben Naturwunder der WeltSafari in Nationalparks: wir machen uns auf die Suche nach den Big FiveKapstadt und der Tafelberg: beeindruckende Panoramablicke und kulturelle Sehensw\u00fcrdigkeitenBootstour auf dem Santa-Lucia-See: wir kommen Flusspferdfamilien ganz nahGro\u00dfe wei\u00dfe Haie: wir beobachten sie aus n\u00e4chster N\u00e4he in ihrem nat\u00fcrlichen Lebensraum*Bitte beachten Sie, dass unser Unternehmen nicht im Bereich des Kaufs oder Verkaufs von Flugtickets oder der Visaabwicklung t\u00e4tig ist und daher keine Verantwortung f\u00fcr unvorhersehbare Ereignisse im Zusammenhang mit Fl\u00fcgen oder Grenz\u00fcbertritten \u00fcbernimmt. Wichtige Informationen: Die Check-in- und Check-out-Zeiten werden vom Hotel festgelegt: Check-in ab 15 Uhr, Check-out bis 11\u201312 Uhr. Das Gep\u00e4ck kann an der Rezeption abgegeben werden, um die Stadt zu erkunden, oder \u2013 sofern technisch m\u00f6glich \u2013 gegen Aufpreis fr\u00fch einchecken\/sp\u00e4t auschecken.In Simbabwe und S\u00fcdafrika gibt es bestimmte Schwierigkeiten beim Umtausch kleiner, abgenutzter und alter (vor 2009 ausgegebener) US-Dollar-Scheine. Dies kann zu zus\u00e4tzlichen Geb\u00fchren f\u00fchren oder in manchen F\u00e4llen zur Ablehnung des Umtauschs.\" \/>\n<meta property=\"og:url\" content=\"https:\/\/mountainguides.pro\/de\/tours\/adventure\/tour-to-zimbabwe-and-south-africa-victoria-falls-cape-town-and-cape-of-good-hope\/\" \/>\n<meta property=\"og:site_name\" content=\"Mountain Guide\" \/>\n<meta property=\"article:publisher\" content=\"https:\/\/www.facebook.com\/Mountainguide-232956566756831\/\" \/>\n<meta property=\"article:modified_time\" content=\"2026-01-29T10:31:24+00:00\" \/>\n<meta property=\"og:image\" content=\"https:\/\/mountainguides.pro\/wp-content\/uploads\/2025\/01\/tur-yuar-zimbabve-2.jpeg\" \/>\n\t<meta property=\"og:image:width\" content=\"1800\" \/>\n\t<meta property=\"og:image:height\" content=\"1350\" \/>\n\t<meta property=\"og:image:type\" content=\"image\/jpeg\" \/>\n<meta name=\"twitter:card\" content=\"summary_large_image\" \/>\n<meta name=\"twitter:site\" content=\"@Wintercyclone\" \/>\n<meta name=\"twitter:label1\" content=\"Gesch\u00e4tzte Lesezeit\" \/>\n\t<meta name=\"twitter:data1\" content=\"1\u00a0Minute\" \/>\n<script type=\"application\/ld+json\" class=\"yoast-schema-graph\">{\"@context\":\"https:\\\/\\\/schema.org\",\"@graph\":[{\"@type\":\"WebPage\",\"@id\":\"https:\\\/\\\/mountainguides.pro\\\/ar\\\/tours\\\/adventure\\\/tour-to-zimbabwe-and-south-africa-victoria-falls-cape-town-and-cape-of-good-hope\\\/\",\"url\":\"https:\\\/\\\/mountainguides.pro\\\/ar\\\/tours\\\/adventure\\\/tour-to-zimbabwe-and-south-africa-victoria-falls-cape-town-and-cape-of-good-hope\\\/\",\"name\":\"Adventure Zimbabwe and South Africa\",\"isPartOf\":{\"@id\":\"https:\\\/\\\/mountainguides.pro\\\/#website\"},\"primaryImageOfPage\":{\"@id\":\"https:\\\/\\\/mountainguides.pro\\\/ar\\\/tours\\\/adventure\\\/tour-to-zimbabwe-and-south-africa-victoria-falls-cape-town-and-cape-of-good-hope\\\/#primaryimage\"},\"image\":{\"@id\":\"https:\\\/\\\/mountainguides.pro\\\/ar\\\/tours\\\/adventure\\\/tour-to-zimbabwe-and-south-africa-victoria-falls-cape-town-and-cape-of-good-hope\\\/#primaryimage\"},\"thumbnailUrl\":\"https:\\\/\\\/mountainguides.pro\\\/wp-content\\\/uploads\\\/2025\\\/01\\\/tur-yuar-zimbabve-2.jpeg\",\"datePublished\":\"2025-01-08T13:49:42+00:00\",\"dateModified\":\"2026-01-29T10:31:24+00:00\",\"breadcrumb\":{\"@id\":\"https:\\\/\\\/mountainguides.pro\\\/ar\\\/tours\\\/adventure\\\/tour-to-zimbabwe-and-south-africa-victoria-falls-cape-town-and-cape-of-good-hope\\\/#breadcrumb\"},\"inLanguage\":\"de\",\"potentialAction\":[{\"@type\":\"ReadAction\",\"target\":[\"https:\\\/\\\/mountainguides.pro\\\/ar\\\/tours\\\/adventure\\\/tour-to-zimbabwe-and-south-africa-victoria-falls-cape-town-and-cape-of-good-hope\\\/\"]}]},{\"@type\":\"ImageObject\",\"inLanguage\":\"de\",\"@id\":\"https:\\\/\\\/mountainguides.pro\\\/ar\\\/tours\\\/adventure\\\/tour-to-zimbabwe-and-south-africa-victoria-falls-cape-town-and-cape-of-good-hope\\\/#primaryimage\",\"url\":\"https:\\\/\\\/mountainguides.pro\\\/wp-content\\\/uploads\\\/2025\\\/01\\\/tur-yuar-zimbabve-2.jpeg\",\"contentUrl\":\"https:\\\/\\\/mountainguides.pro\\\/wp-content\\\/uploads\\\/2025\\\/01\\\/tur-yuar-zimbabve-2.jpeg\",\"width\":1800,\"height\":1350},{\"@type\":\"BreadcrumbList\",\"@id\":\"https:\\\/\\\/mountainguides.pro\\\/ar\\\/tours\\\/adventure\\\/tour-to-zimbabwe-and-south-africa-victoria-falls-cape-town-and-cape-of-good-hope\\\/#breadcrumb\",\"itemListElement\":[{\"@type\":\"ListItem\",\"position\":1,\"name\":\"Home\",\"item\":\"https:\\\/\\\/mountainguides.pro\\\/de\\\/\"},{\"@type\":\"ListItem\",\"position\":2,\"name\":\"\u062c\u0648\u0644\u0629 \u0632\u064a\u0645\u0628\u0627\u0628\u0648\u064a \u0648\u062c\u0646\u0648\u0628 \u0625\u0641\u0631\u064a\u0642\u064a\u0627: \u0634\u0644\u0627\u0644\u0627\u062a \u0641\u064a\u0643\u062a\u0648\u0631\u064a\u0627 \u0648\u0643\u064a\u0628 \u062a\u0627\u0648\u0646 \u0648\u0631\u0623\u0633 \u0627\u0644\u0631\u062c\u0627\u0621 \u0627\u0644\u0635\u0627\u0644\u062d\"}]},{\"@type\":\"WebSite\",\"@id\":\"https:\\\/\\\/mountainguides.pro\\\/#website\",\"url\":\"https:\\\/\\\/mountainguides.pro\\\/\",\"name\":\"Mountain Guide\",\"description\":\"We aspire to be the first in everything!\",\"publisher\":{\"@id\":\"https:\\\/\\\/mountainguides.pro\\\/#organization\"},\"potentialAction\":[{\"@type\":\"SearchAction\",\"target\":{\"@type\":\"EntryPoint\",\"urlTemplate\":\"https:\\\/\\\/mountainguides.pro\\\/?s={search_term_string}\"},\"query-input\":{\"@type\":\"PropertyValueSpecification\",\"valueRequired\":true,\"valueName\":\"search_term_string\"}}],\"inLanguage\":\"de\"},{\"@type\":\"Organization\",\"@id\":\"https:\\\/\\\/mountainguides.pro\\\/#organization\",\"name\":\"Mountain Guide\",\"url\":\"https:\\\/\\\/mountainguides.pro\\\/\",\"logo\":{\"@type\":\"ImageObject\",\"inLanguage\":\"de\",\"@id\":\"https:\\\/\\\/mountainguides.pro\\\/#\\\/schema\\\/logo\\\/image\\\/\",\"url\":\"https:\\\/\\\/mountainguides.pro\\\/wp-content\\\/uploads\\\/2018\\\/01\\\/mglogo.jpg\",\"contentUrl\":\"https:\\\/\\\/mountainguides.pro\\\/wp-content\\\/uploads\\\/2018\\\/01\\\/mglogo.jpg\",\"width\":1200,\"height\":630,\"caption\":\"Mountain Guide\"},\"image\":{\"@id\":\"https:\\\/\\\/mountainguides.pro\\\/#\\\/schema\\\/logo\\\/image\\\/\"},\"sameAs\":[\"https:\\\/\\\/www.facebook.com\\\/Mountainguide-232956566756831\\\/\",\"https:\\\/\\\/x.com\\\/Wintercyclone\",\"http:\\\/\\\/instagram.com\\\/mountainguide\",\"http:\\\/\\\/www.youtube.com\\\/mountainguide\"]}]}<\/script>\n<!-- \/ Yoast SEO Premium plugin. -->","yoast_head_json":{"title":"Adventure Zimbabwe and South Africa","robots":{"index":"index","follow":"follow","max-snippet":"max-snippet:-1","max-image-preview":"max-image-preview:large","max-video-preview":"max-video-preview:-1"},"canonical":"https:\/\/mountainguides.pro\/de\/tours\/adventure\/tour-to-zimbabwe-and-south-africa-victoria-falls-cape-town-and-cape-of-good-hope\/","og_locale":"de_DE","og_type":"article","og_title":"[:en]Tour to Zimbabwe and South Africa: Victoria Falls, Cape Town, and Cape of Good Hope[:de]Tour nach Simbabwe und S\u00dcDAFRIKA: Victoria Falls, Kapstadt und Kap der Guten Hoffnung[:es]Tour por Zimbabue y Sud\u00e1frica: cataratas victoria, ciudad del cabo y cabo De buena Esperanza[:pt]Excurs\u00e3o ao Zimb\u00e1bue e \u00c1frica do Sul: Victoria Falls, Cidade Do Cabo e cabo da Boa Esperan\u00e7a[:zh]\u6d25\u5df4\u5e03\u97e6\u548c\u5357\u975e\u4e4b\u65c5\uff1a\u7ef4\u591a\u5229\u4e9a\u7011\u5e03\u3001\u5f00\u666e\u6566\u548c\u597d\u671b\u89d2[:ko]\uc9d0\ubc14\ube0c\uc6e8 \ubc0f \ub0a8\uc544\ud504\ub9ac\uce74 \ud22c\uc5b4:\ube45\ud1a0\ub9ac\uc544 \ud3ed\ud3ec,\ucf00\uc774\ud504 \ud0c0\uc6b4 \ubc0f \uc88b\uc740 \ud76c\ub9dd\ubd09[:ja]\u30b8\u30f3\u30d0\u30d6\u30a8\u3068\u5357\u30a2\u30d5\u30ea\u30ab\u30c4\u30a2\u30fc\uff1a\u30d3\u30af\u30c8\u30ea\u30a2\u30d5\u30a9\u30fc\u30eb\u30ba\u3001\u30b1\u30fc\u30d7\u30bf\u30a6\u30f3\u3001\u30b1\u30fc\u30d7\u30aa\u30d6\u30b0\u30c3\u30c9\u30db\u30fc\u30d7[:hi]\u091c\u093f\u092e\u094d\u092c\u093e\u092c\u094d\u0935\u0947 \u0914\u0930 \u0926\u0915\u094d\u0937\u093f\u0923 \u0905\u092b\u094d\u0930\u0940\u0915\u093e \u0926\u094c\u0930\u093e: \u0935\u093f\u0915\u094d\u091f\u094b\u0930\u093f\u092f\u093e \u092b\u0949\u0932\u094d\u0938, \u0915\u0947\u092a \u091f\u093e\u0909\u0928 \u0914\u0930 \u0915\u0947\u092a \u0911\u092b \u0917\u0941\u0921 \u0939\u094b\u092a[:ar]\u062c\u0648\u0644\u0629 \u0632\u064a\u0645\u0628\u0627\u0628\u0648\u064a \u0648\u062c\u0646\u0648\u0628 \u0625\u0641\u0631\u064a\u0642\u064a\u0627: \u0634\u0644\u0627\u0644\u0627\u062a \u0641\u064a\u0643\u062a\u0648\u0631\u064a\u0627 \u0648\u0643\u064a\u0628 \u062a\u0627\u0648\u0646 \u0648\u0631\u0623\u0633 \u0627\u0644\u0631\u062c\u0627\u0621 \u0627\u0644\u0635\u0627\u0644\u062d[:]","og_description":"Victoriaf\u00e4lle: eines der sieben Naturwunder der WeltSafari in Nationalparks: wir machen uns auf die Suche nach den Big FiveKapstadt und der Tafelberg: beeindruckende Panoramablicke und kulturelle Sehensw\u00fcrdigkeitenBootstour auf dem Santa-Lucia-See: wir kommen Flusspferdfamilien ganz nahGro\u00dfe wei\u00dfe Haie: wir beobachten sie aus n\u00e4chster N\u00e4he in ihrem nat\u00fcrlichen Lebensraum*Bitte beachten Sie, dass unser Unternehmen nicht im Bereich des Kaufs oder Verkaufs von Flugtickets oder der Visaabwicklung t\u00e4tig ist und daher keine Verantwortung f\u00fcr unvorhersehbare Ereignisse im Zusammenhang mit Fl\u00fcgen oder Grenz\u00fcbertritten \u00fcbernimmt. Wichtige Informationen: Die Check-in- und Check-out-Zeiten werden vom Hotel festgelegt: Check-in ab 15 Uhr, Check-out bis 11\u201312 Uhr. Das Gep\u00e4ck kann an der Rezeption abgegeben werden, um die Stadt zu erkunden, oder \u2013 sofern technisch m\u00f6glich \u2013 gegen Aufpreis fr\u00fch einchecken\/sp\u00e4t auschecken.In Simbabwe und S\u00fcdafrika gibt es bestimmte Schwierigkeiten beim Umtausch kleiner, abgenutzter und alter (vor 2009 ausgegebener) US-Dollar-Scheine. Dies kann zu zus\u00e4tzlichen Geb\u00fchren f\u00fchren oder in manchen F\u00e4llen zur Ablehnung des Umtauschs.","og_url":"https:\/\/mountainguides.pro\/de\/tours\/adventure\/tour-to-zimbabwe-and-south-africa-victoria-falls-cape-town-and-cape-of-good-hope\/","og_site_name":"Mountain Guide","article_publisher":"https:\/\/www.facebook.com\/Mountainguide-232956566756831\/","article_modified_time":"2026-01-29T10:31:24+00:00","og_image":[{"width":1800,"height":1350,"url":"https:\/\/mountainguides.pro\/wp-content\/uploads\/2025\/01\/tur-yuar-zimbabve-2.jpeg","type":"image\/jpeg"}],"twitter_card":"summary_large_image","twitter_site":"@Wintercyclone","twitter_misc":{"Gesch\u00e4tzte Lesezeit":"1\u00a0Minute"},"schema":{"@context":"https:\/\/schema.org","@graph":[{"@type":"WebPage","@id":"https:\/\/mountainguides.pro\/ar\/tours\/adventure\/tour-to-zimbabwe-and-south-africa-victoria-falls-cape-town-and-cape-of-good-hope\/","url":"https:\/\/mountainguides.pro\/ar\/tours\/adventure\/tour-to-zimbabwe-and-south-africa-victoria-falls-cape-town-and-cape-of-good-hope\/","name":"Adventure Zimbabwe and South Africa","isPartOf":{"@id":"https:\/\/mountainguides.pro\/#website"},"primaryImageOfPage":{"@id":"https:\/\/mountainguides.pro\/ar\/tours\/adventure\/tour-to-zimbabwe-and-south-africa-victoria-falls-cape-town-and-cape-of-good-hope\/#primaryimage"},"image":{"@id":"https:\/\/mountainguides.pro\/ar\/tours\/adventure\/tour-to-zimbabwe-and-south-africa-victoria-falls-cape-town-and-cape-of-good-hope\/#primaryimage"},"thumbnailUrl":"https:\/\/mountainguides.pro\/wp-content\/uploads\/2025\/01\/tur-yuar-zimbabve-2.jpeg","datePublished":"2025-01-08T13:49:42+00:00","dateModified":"2026-01-29T10:31:24+00:00","breadcrumb":{"@id":"https:\/\/mountainguides.pro\/ar\/tours\/adventure\/tour-to-zimbabwe-and-south-africa-victoria-falls-cape-town-and-cape-of-good-hope\/#breadcrumb"},"inLanguage":"de","potentialAction":[{"@type":"ReadAction","target":["https:\/\/mountainguides.pro\/ar\/tours\/adventure\/tour-to-zimbabwe-and-south-africa-victoria-falls-cape-town-and-cape-of-good-hope\/"]}]},{"@type":"ImageObject","inLanguage":"de","@id":"https:\/\/mountainguides.pro\/ar\/tours\/adventure\/tour-to-zimbabwe-and-south-africa-victoria-falls-cape-town-and-cape-of-good-hope\/#primaryimage","url":"https:\/\/mountainguides.pro\/wp-content\/uploads\/2025\/01\/tur-yuar-zimbabve-2.jpeg","contentUrl":"https:\/\/mountainguides.pro\/wp-content\/uploads\/2025\/01\/tur-yuar-zimbabve-2.jpeg","width":1800,"height":1350},{"@type":"BreadcrumbList","@id":"https:\/\/mountainguides.pro\/ar\/tours\/adventure\/tour-to-zimbabwe-and-south-africa-victoria-falls-cape-town-and-cape-of-good-hope\/#breadcrumb","itemListElement":[{"@type":"ListItem","position":1,"name":"Home","item":"https:\/\/mountainguides.pro\/de\/"},{"@type":"ListItem","position":2,"name":"\u062c\u0648\u0644\u0629 \u0632\u064a\u0645\u0628\u0627\u0628\u0648\u064a \u0648\u062c\u0646\u0648\u0628 \u0625\u0641\u0631\u064a\u0642\u064a\u0627: \u0634\u0644\u0627\u0644\u0627\u062a \u0641\u064a\u0643\u062a\u0648\u0631\u064a\u0627 \u0648\u0643\u064a\u0628 \u062a\u0627\u0648\u0646 \u0648\u0631\u0623\u0633 \u0627\u0644\u0631\u062c\u0627\u0621 \u0627\u0644\u0635\u0627\u0644\u062d"}]},{"@type":"WebSite","@id":"https:\/\/mountainguides.pro\/#website","url":"https:\/\/mountainguides.pro\/","name":"Mountain Guide","description":"We aspire to be the first in everything!","publisher":{"@id":"https:\/\/mountainguides.pro\/#organization"},"potentialAction":[{"@type":"SearchAction","target":{"@type":"EntryPoint","urlTemplate":"https:\/\/mountainguides.pro\/?s={search_term_string}"},"query-input":{"@type":"PropertyValueSpecification","valueRequired":true,"valueName":"search_term_string"}}],"inLanguage":"de"},{"@type":"Organization","@id":"https:\/\/mountainguides.pro\/#organization","name":"Mountain Guide","url":"https:\/\/mountainguides.pro\/","logo":{"@type":"ImageObject","inLanguage":"de","@id":"https:\/\/mountainguides.pro\/#\/schema\/logo\/image\/","url":"https:\/\/mountainguides.pro\/wp-content\/uploads\/2018\/01\/mglogo.jpg","contentUrl":"https:\/\/mountainguides.pro\/wp-content\/uploads\/2018\/01\/mglogo.jpg","width":1200,"height":630,"caption":"Mountain Guide"},"image":{"@id":"https:\/\/mountainguides.pro\/#\/schema\/logo\/image\/"},"sameAs":["https:\/\/www.facebook.com\/Mountainguide-232956566756831\/","https:\/\/x.com\/Wintercyclone","http:\/\/instagram.com\/mountainguide","http:\/\/www.youtube.com\/mountainguide"]}]}},"_links":{"self":[{"href":"https:\/\/mountainguides.pro\/de\/wp-json\/wp\/v2\/product\/21097","targetHints":{"allow":["GET"]}}],"collection":[{"href":"https:\/\/mountainguides.pro\/de\/wp-json\/wp\/v2\/product"}],"about":[{"href":"https:\/\/mountainguides.pro\/de\/wp-json\/wp\/v2\/types\/product"}],"replies":[{"embeddable":true,"href":"https:\/\/mountainguides.pro\/de\/wp-json\/wp\/v2\/comments?post=21097"}],"version-history":[{"count":12,"href":"https:\/\/mountainguides.pro\/de\/wp-json\/wp\/v2\/product\/21097\/revisions"}],"predecessor-version":[{"id":32667,"href":"https:\/\/mountainguides.pro\/de\/wp-json\/wp\/v2\/product\/21097\/revisions\/32667"}],"wp:featuredmedia":[{"embeddable":true,"href":"https:\/\/mountainguides.pro\/de\/wp-json\/wp\/v2\/media\/21459"}],"wp:attachment":[{"href":"https:\/\/mountainguides.pro\/de\/wp-json\/wp\/v2\/media?parent=21097"}],"wp:term":[{"taxonomy":"product_cat","embeddable":true,"href":"https:\/\/mountainguides.pro\/de\/wp-json\/wp\/v2\/product_cat?post=21097"},{"taxonomy":"product_tag","embeddable":true,"href":"https:\/\/mountainguides.pro\/de\/wp-json\/wp\/v2\/product_tag?post=21097"}],"curies":[{"name":"wp","href":"https:\/\/api.w.org\/{rel}","templated":true}]}}