{"id":21099,"date":"2025-01-08T16:49:59","date_gmt":"2025-01-08T13:49:59","guid":{"rendered":"https:\/\/mountainguides.pro\/?post_type=product&#038;p=21099"},"modified":"2026-01-29T11:43:16","modified_gmt":"2026-01-29T08:43:16","slug":"tour-to-nepal-the-birthplace-of-buddha","status":"publish","type":"product","link":"https:\/\/mountainguides.pro\/de\/tours\/adventure\/tour-to-nepal-the-birthplace-of-buddha\/","title":{"rendered":"Tour nach Nepal: Die Heimat des Buddha"},"content":{"rendered":"","protected":false},"excerpt":{"rendered":"<p data-start=\"40\" data-end=\"403\">In diesen drei Tagen werden wir versuchen, Ihnen das \u201enichtbergige\u201c Nepal zu er\u00f6ffnen \u2013 dieses Land zu sehen, zu h\u00f6ren und zu f\u00fchlen! Wir besuchen heilige Orte f\u00fcr Hindus und Buddhisten, treffen M\u00f6nche und Sadhus, spazieren durch k\u00f6nigliche Pal\u00e4ste, sehen antike St\u00e4dte, durch die einst die Seidenstra\u00dfe f\u00fchrte, und lernen das Leben der modernen Nepalesen kennen.<\/p>\n<p data-start=\"519\" data-end=\"781\">*Bitte beachten Sie, dass unser Unternehmen <strong data-start=\"566\" data-end=\"575\">nicht<\/strong> im Bereich des Kaufs oder Verkaufs von Flugtickets oder der Visaabwicklung t\u00e4tig ist und daher keine Verantwortung f\u00fcr unvorhersehbare Ereignisse im Zusammenhang mit Fl\u00fcgen oder Grenz\u00fcbertritten \u00fcbernimmt.<\/p>\n","protected":false},"featured_media":21463,"comment_status":"closed","ping_status":"closed","template":"","meta":{"_acf_changed":false,"footnotes":""},"product_cat":[337],"product_tag":[],"class_list":{"0":"post-21099","1":"product","2":"type-product","3":"status-publish","4":"has-post-thumbnail","6":"product_cat-adventure","8":"first","9":"instock","10":"shipping-taxable","11":"purchasable","12":"product-type-simple"},"acf":[],"yoast_head":"<!-- This site is optimized with the Yoast SEO Premium plugin v26.5 (Yoast SEO v27.3) - https:\/\/yoast.com\/product\/yoast-seo-premium-wordpress\/ -->\n<title>Adventure Nepal the Birthplace of Buddha<\/title>\n<meta name=\"robots\" content=\"index, follow, max-snippet:-1, max-image-preview:large, max-video-preview:-1\" \/>\n<link rel=\"canonical\" href=\"https:\/\/mountainguides.pro\/de\/tours\/adventure\/tour-to-nepal-the-birthplace-of-buddha\/\" \/>\n<meta property=\"og:locale\" content=\"de_DE\" \/>\n<meta property=\"og:locale:alternate\" content=\"en_US\" \/>\n<meta property=\"og:locale:alternate\" content=\"ru_RU\" \/>\n<meta property=\"og:locale:alternate\" content=\"es\" \/>\n<meta property=\"og:locale:alternate\" content=\"pt\" \/>\n<meta property=\"og:locale:alternate\" content=\"zh\" \/>\n<meta property=\"og:locale:alternate\" content=\"ko\" \/>\n<meta property=\"og:locale:alternate\" content=\"ja\" \/>\n<meta property=\"og:locale:alternate\" content=\"hi\" \/>\n<meta property=\"og:locale:alternate\" content=\"ar\" \/>\n<meta property=\"og:type\" content=\"article\" \/>\n<meta property=\"og:title\" content=\"Tour nach Nepal: Die Heimat des Buddha\" \/>\n<meta property=\"og:description\" content=\"In diesen drei Tagen werden wir versuchen, Ihnen das \u201enichtbergige\u201c Nepal zu er\u00f6ffnen \u2013 dieses Land zu sehen, zu h\u00f6ren und zu f\u00fchlen! Wir besuchen heilige Orte f\u00fcr Hindus und Buddhisten, treffen M\u00f6nche und Sadhus, spazieren durch k\u00f6nigliche Pal\u00e4ste, sehen antike St\u00e4dte, durch die einst die Seidenstra\u00dfe f\u00fchrte, und lernen das Leben der modernen Nepalesen kennen. *Bitte beachten Sie, dass unser Unternehmen nicht im Bereich des Kaufs oder Verkaufs von Flugtickets oder der Visaabwicklung t\u00e4tig ist und daher keine Verantwortung f\u00fcr unvorhersehbare Ereignisse im Zusammenhang mit Fl\u00fcgen oder Grenz\u00fcbertritten \u00fcbernimmt.\" \/>\n<meta property=\"og:url\" content=\"https:\/\/mountainguides.pro\/de\/tours\/adventure\/tour-to-nepal-the-birthplace-of-buddha\/\" \/>\n<meta property=\"og:site_name\" content=\"Mountain Guide\" \/>\n<meta property=\"article:publisher\" content=\"https:\/\/www.facebook.com\/Mountainguide-232956566756831\/\" \/>\n<meta property=\"article:modified_time\" content=\"2026-01-29T08:43:16+00:00\" \/>\n<meta property=\"og:image\" content=\"https:\/\/mountainguides.pro\/wp-content\/uploads\/2025\/01\/tur-v-nepal-4-scaled-1.jpg\" \/>\n\t<meta property=\"og:image:width\" content=\"2560\" \/>\n\t<meta property=\"og:image:height\" content=\"1920\" \/>\n\t<meta property=\"og:image:type\" content=\"image\/jpeg\" \/>\n<meta name=\"twitter:card\" content=\"summary_large_image\" \/>\n<meta name=\"twitter:site\" content=\"@Wintercyclone\" \/>\n<meta name=\"twitter:label1\" content=\"Gesch\u00e4tzte Lesezeit\" \/>\n\t<meta name=\"twitter:data1\" content=\"1\u00a0Minute\" \/>\n<script type=\"application\/ld+json\" class=\"yoast-schema-graph\">{\"@context\":\"https:\\\/\\\/schema.org\",\"@graph\":[{\"@type\":\"WebPage\",\"@id\":\"https:\\\/\\\/mountainguides.pro\\\/ar\\\/tours\\\/adventure\\\/tour-to-nepal-the-birthplace-of-buddha\\\/\",\"url\":\"https:\\\/\\\/mountainguides.pro\\\/ar\\\/tours\\\/adventure\\\/tour-to-nepal-the-birthplace-of-buddha\\\/\",\"name\":\"Adventure Nepal the Birthplace of Buddha\",\"isPartOf\":{\"@id\":\"https:\\\/\\\/mountainguides.pro\\\/#website\"},\"primaryImageOfPage\":{\"@id\":\"https:\\\/\\\/mountainguides.pro\\\/ar\\\/tours\\\/adventure\\\/tour-to-nepal-the-birthplace-of-buddha\\\/#primaryimage\"},\"image\":{\"@id\":\"https:\\\/\\\/mountainguides.pro\\\/ar\\\/tours\\\/adventure\\\/tour-to-nepal-the-birthplace-of-buddha\\\/#primaryimage\"},\"thumbnailUrl\":\"https:\\\/\\\/mountainguides.pro\\\/wp-content\\\/uploads\\\/2025\\\/01\\\/tur-v-nepal-4-scaled-1.jpg\",\"datePublished\":\"2025-01-08T13:49:59+00:00\",\"dateModified\":\"2026-01-29T08:43:16+00:00\",\"breadcrumb\":{\"@id\":\"https:\\\/\\\/mountainguides.pro\\\/ar\\\/tours\\\/adventure\\\/tour-to-nepal-the-birthplace-of-buddha\\\/#breadcrumb\"},\"inLanguage\":\"de\",\"potentialAction\":[{\"@type\":\"ReadAction\",\"target\":[\"https:\\\/\\\/mountainguides.pro\\\/ar\\\/tours\\\/adventure\\\/tour-to-nepal-the-birthplace-of-buddha\\\/\"]}]},{\"@type\":\"ImageObject\",\"inLanguage\":\"de\",\"@id\":\"https:\\\/\\\/mountainguides.pro\\\/ar\\\/tours\\\/adventure\\\/tour-to-nepal-the-birthplace-of-buddha\\\/#primaryimage\",\"url\":\"https:\\\/\\\/mountainguides.pro\\\/wp-content\\\/uploads\\\/2025\\\/01\\\/tur-v-nepal-4-scaled-1.jpg\",\"contentUrl\":\"https:\\\/\\\/mountainguides.pro\\\/wp-content\\\/uploads\\\/2025\\\/01\\\/tur-v-nepal-4-scaled-1.jpg\",\"width\":2560,\"height\":1920},{\"@type\":\"BreadcrumbList\",\"@id\":\"https:\\\/\\\/mountainguides.pro\\\/ar\\\/tours\\\/adventure\\\/tour-to-nepal-the-birthplace-of-buddha\\\/#breadcrumb\",\"itemListElement\":[{\"@type\":\"ListItem\",\"position\":1,\"name\":\"Home\",\"item\":\"https:\\\/\\\/mountainguides.pro\\\/de\\\/\"},{\"@type\":\"ListItem\",\"position\":2,\"name\":\"\u062c\u0648\u0644\u0629 \u0646\u064a\u0628\u0627\u0644: \u0645\u0633\u0642\u0637 \u0631\u0623\u0633 \u0628\u0648\u0630\u0627\"}]},{\"@type\":\"WebSite\",\"@id\":\"https:\\\/\\\/mountainguides.pro\\\/#website\",\"url\":\"https:\\\/\\\/mountainguides.pro\\\/\",\"name\":\"Mountain Guide\",\"description\":\"We aspire to be the first in everything!\",\"publisher\":{\"@id\":\"https:\\\/\\\/mountainguides.pro\\\/#organization\"},\"potentialAction\":[{\"@type\":\"SearchAction\",\"target\":{\"@type\":\"EntryPoint\",\"urlTemplate\":\"https:\\\/\\\/mountainguides.pro\\\/?s={search_term_string}\"},\"query-input\":{\"@type\":\"PropertyValueSpecification\",\"valueRequired\":true,\"valueName\":\"search_term_string\"}}],\"inLanguage\":\"de\"},{\"@type\":\"Organization\",\"@id\":\"https:\\\/\\\/mountainguides.pro\\\/#organization\",\"name\":\"Mountain Guide\",\"url\":\"https:\\\/\\\/mountainguides.pro\\\/\",\"logo\":{\"@type\":\"ImageObject\",\"inLanguage\":\"de\",\"@id\":\"https:\\\/\\\/mountainguides.pro\\\/#\\\/schema\\\/logo\\\/image\\\/\",\"url\":\"https:\\\/\\\/mountainguides.pro\\\/wp-content\\\/uploads\\\/2018\\\/01\\\/mglogo.jpg\",\"contentUrl\":\"https:\\\/\\\/mountainguides.pro\\\/wp-content\\\/uploads\\\/2018\\\/01\\\/mglogo.jpg\",\"width\":1200,\"height\":630,\"caption\":\"Mountain Guide\"},\"image\":{\"@id\":\"https:\\\/\\\/mountainguides.pro\\\/#\\\/schema\\\/logo\\\/image\\\/\"},\"sameAs\":[\"https:\\\/\\\/www.facebook.com\\\/Mountainguide-232956566756831\\\/\",\"https:\\\/\\\/x.com\\\/Wintercyclone\",\"http:\\\/\\\/instagram.com\\\/mountainguide\",\"http:\\\/\\\/www.youtube.com\\\/mountainguide\"]}]}<\/script>\n<!-- \/ Yoast SEO Premium plugin. -->","yoast_head_json":{"title":"Adventure Nepal the Birthplace of Buddha","robots":{"index":"index","follow":"follow","max-snippet":"max-snippet:-1","max-image-preview":"max-image-preview:large","max-video-preview":"max-video-preview:-1"},"canonical":"https:\/\/mountainguides.pro\/de\/tours\/adventure\/tour-to-nepal-the-birthplace-of-buddha\/","og_locale":"de_DE","og_type":"article","og_title":"[:en]Tour to Nepal: The Birthplace of Buddha[:de]Tour nach Nepal: Die Heimat des Buddha[:es]Tour a Nepal: la patria de Buda[:pt]Excurs\u00e3o ao Nepal: A terra natal do Buda[:zh]\u5c3c\u6cca\u5c14\u4e4b\u65c5\uff1a\u4f5b\u7956\u8bde\u751f\u5730[:ko]\ub124\ud314 \ud22c\uc5b4:\ubd80\ucc98\ub2d8\uc758 \ubc1c\uc0c1\uc9c0[:ja]\u30cd\u30d1\u30fc\u30eb\u30c4\u30a2\u30fc\uff1a\u4ecf\u306e\u767a\u7965\u306e\u5730[:hi]\u0928\u0947\u092a\u093e\u0932 \u092f\u093e\u0924\u094d\u0930\u093e: \u092c\u0941\u0926\u094d\u0927 \u0915\u093e \u091c\u0928\u094d\u092e\u0938\u094d\u0925\u093e\u0928[:ar]\u062c\u0648\u0644\u0629 \u0646\u064a\u0628\u0627\u0644: \u0645\u0633\u0642\u0637 \u0631\u0623\u0633 \u0628\u0648\u0630\u0627[:]","og_description":"In diesen drei Tagen werden wir versuchen, Ihnen das \u201enichtbergige\u201c Nepal zu er\u00f6ffnen \u2013 dieses Land zu sehen, zu h\u00f6ren und zu f\u00fchlen! Wir besuchen heilige Orte f\u00fcr Hindus und Buddhisten, treffen M\u00f6nche und Sadhus, spazieren durch k\u00f6nigliche Pal\u00e4ste, sehen antike St\u00e4dte, durch die einst die Seidenstra\u00dfe f\u00fchrte, und lernen das Leben der modernen Nepalesen kennen. *Bitte beachten Sie, dass unser Unternehmen nicht im Bereich des Kaufs oder Verkaufs von Flugtickets oder der Visaabwicklung t\u00e4tig ist und daher keine Verantwortung f\u00fcr unvorhersehbare Ereignisse im Zusammenhang mit Fl\u00fcgen oder Grenz\u00fcbertritten \u00fcbernimmt.","og_url":"https:\/\/mountainguides.pro\/de\/tours\/adventure\/tour-to-nepal-the-birthplace-of-buddha\/","og_site_name":"Mountain Guide","article_publisher":"https:\/\/www.facebook.com\/Mountainguide-232956566756831\/","article_modified_time":"2026-01-29T08:43:16+00:00","og_image":[{"width":2560,"height":1920,"url":"https:\/\/mountainguides.pro\/wp-content\/uploads\/2025\/01\/tur-v-nepal-4-scaled-1.jpg","type":"image\/jpeg"}],"twitter_card":"summary_large_image","twitter_site":"@Wintercyclone","twitter_misc":{"Gesch\u00e4tzte Lesezeit":"1\u00a0Minute"},"schema":{"@context":"https:\/\/schema.org","@graph":[{"@type":"WebPage","@id":"https:\/\/mountainguides.pro\/ar\/tours\/adventure\/tour-to-nepal-the-birthplace-of-buddha\/","url":"https:\/\/mountainguides.pro\/ar\/tours\/adventure\/tour-to-nepal-the-birthplace-of-buddha\/","name":"Adventure Nepal the Birthplace of Buddha","isPartOf":{"@id":"https:\/\/mountainguides.pro\/#website"},"primaryImageOfPage":{"@id":"https:\/\/mountainguides.pro\/ar\/tours\/adventure\/tour-to-nepal-the-birthplace-of-buddha\/#primaryimage"},"image":{"@id":"https:\/\/mountainguides.pro\/ar\/tours\/adventure\/tour-to-nepal-the-birthplace-of-buddha\/#primaryimage"},"thumbnailUrl":"https:\/\/mountainguides.pro\/wp-content\/uploads\/2025\/01\/tur-v-nepal-4-scaled-1.jpg","datePublished":"2025-01-08T13:49:59+00:00","dateModified":"2026-01-29T08:43:16+00:00","breadcrumb":{"@id":"https:\/\/mountainguides.pro\/ar\/tours\/adventure\/tour-to-nepal-the-birthplace-of-buddha\/#breadcrumb"},"inLanguage":"de","potentialAction":[{"@type":"ReadAction","target":["https:\/\/mountainguides.pro\/ar\/tours\/adventure\/tour-to-nepal-the-birthplace-of-buddha\/"]}]},{"@type":"ImageObject","inLanguage":"de","@id":"https:\/\/mountainguides.pro\/ar\/tours\/adventure\/tour-to-nepal-the-birthplace-of-buddha\/#primaryimage","url":"https:\/\/mountainguides.pro\/wp-content\/uploads\/2025\/01\/tur-v-nepal-4-scaled-1.jpg","contentUrl":"https:\/\/mountainguides.pro\/wp-content\/uploads\/2025\/01\/tur-v-nepal-4-scaled-1.jpg","width":2560,"height":1920},{"@type":"BreadcrumbList","@id":"https:\/\/mountainguides.pro\/ar\/tours\/adventure\/tour-to-nepal-the-birthplace-of-buddha\/#breadcrumb","itemListElement":[{"@type":"ListItem","position":1,"name":"Home","item":"https:\/\/mountainguides.pro\/de\/"},{"@type":"ListItem","position":2,"name":"\u062c\u0648\u0644\u0629 \u0646\u064a\u0628\u0627\u0644: \u0645\u0633\u0642\u0637 \u0631\u0623\u0633 \u0628\u0648\u0630\u0627"}]},{"@type":"WebSite","@id":"https:\/\/mountainguides.pro\/#website","url":"https:\/\/mountainguides.pro\/","name":"Mountain Guide","description":"We aspire to be the first in everything!","publisher":{"@id":"https:\/\/mountainguides.pro\/#organization"},"potentialAction":[{"@type":"SearchAction","target":{"@type":"EntryPoint","urlTemplate":"https:\/\/mountainguides.pro\/?s={search_term_string}"},"query-input":{"@type":"PropertyValueSpecification","valueRequired":true,"valueName":"search_term_string"}}],"inLanguage":"de"},{"@type":"Organization","@id":"https:\/\/mountainguides.pro\/#organization","name":"Mountain Guide","url":"https:\/\/mountainguides.pro\/","logo":{"@type":"ImageObject","inLanguage":"de","@id":"https:\/\/mountainguides.pro\/#\/schema\/logo\/image\/","url":"https:\/\/mountainguides.pro\/wp-content\/uploads\/2018\/01\/mglogo.jpg","contentUrl":"https:\/\/mountainguides.pro\/wp-content\/uploads\/2018\/01\/mglogo.jpg","width":1200,"height":630,"caption":"Mountain Guide"},"image":{"@id":"https:\/\/mountainguides.pro\/#\/schema\/logo\/image\/"},"sameAs":["https:\/\/www.facebook.com\/Mountainguide-232956566756831\/","https:\/\/x.com\/Wintercyclone","http:\/\/instagram.com\/mountainguide","http:\/\/www.youtube.com\/mountainguide"]}]}},"_links":{"self":[{"href":"https:\/\/mountainguides.pro\/de\/wp-json\/wp\/v2\/product\/21099","targetHints":{"allow":["GET"]}}],"collection":[{"href":"https:\/\/mountainguides.pro\/de\/wp-json\/wp\/v2\/product"}],"about":[{"href":"https:\/\/mountainguides.pro\/de\/wp-json\/wp\/v2\/types\/product"}],"replies":[{"embeddable":true,"href":"https:\/\/mountainguides.pro\/de\/wp-json\/wp\/v2\/comments?post=21099"}],"version-history":[{"count":13,"href":"https:\/\/mountainguides.pro\/de\/wp-json\/wp\/v2\/product\/21099\/revisions"}],"predecessor-version":[{"id":32664,"href":"https:\/\/mountainguides.pro\/de\/wp-json\/wp\/v2\/product\/21099\/revisions\/32664"}],"wp:featuredmedia":[{"embeddable":true,"href":"https:\/\/mountainguides.pro\/de\/wp-json\/wp\/v2\/media\/21463"}],"wp:attachment":[{"href":"https:\/\/mountainguides.pro\/de\/wp-json\/wp\/v2\/media?parent=21099"}],"wp:term":[{"taxonomy":"product_cat","embeddable":true,"href":"https:\/\/mountainguides.pro\/de\/wp-json\/wp\/v2\/product_cat?post=21099"},{"taxonomy":"product_tag","embeddable":true,"href":"https:\/\/mountainguides.pro\/de\/wp-json\/wp\/v2\/product_tag?post=21099"}],"curies":[{"name":"wp","href":"https:\/\/api.w.org\/{rel}","templated":true}]}}