{"id":21100,"date":"2025-01-08T16:50:02","date_gmt":"2025-01-08T13:50:02","guid":{"rendered":"https:\/\/mountainguides.pro\/?post_type=product&#038;p=21100"},"modified":"2026-01-29T11:29:35","modified_gmt":"2026-01-29T08:29:35","slug":"tour-to-kathmandu-inside-out-in-one-day","status":"publish","type":"product","link":"https:\/\/mountainguides.pro\/de\/tours\/adventure\/tour-to-kathmandu-inside-out-in-one-day\/","title":{"rendered":"Tour nach Kathmandu: Von innen nach au\u00dfen f\u00fcr einen Tag"},"content":{"rendered":"","protected":false},"excerpt":{"rendered":"<p data-start=\"74\" data-end=\"297\">Der Durbar-Platz, der das Zentrum der k\u00f6niglichen Macht Nepals war und Zeuge vieler bedeutender Ereignisse in der Geschichte des Landes ist.<br data-start=\"214\" data-end=\"217\" \/>Mit etwas Gl\u00fcck sehen wir das wahre Symbol Nepals \u2013 die lebende G\u00f6ttin Kumari.<\/p>\n<p data-start=\"299\" data-end=\"509\">Pashupatinath, der f\u00fcr alle Hindus heilige Tempel, in dem t\u00e4glich Ein\u00e4scherungen der Verstorbenen stattfinden.<br data-start=\"409\" data-end=\"412\" \/>Wir werden Sadhus sehen \u2013 Einsiedler und Asketen, die ihr Leben der spirituellen Praxis widmen.<\/p>\n<p data-start=\"511\" data-end=\"629\">Swayambhunath, auch bekannt als der \u201eAffentempel\u201c, ist einer der \u00e4ltesten und heiligsten buddhistischen Orte in Nepal.<\/p>\n<p data-start=\"631\" data-end=\"753\">hwanken.<\/p>\n<p data-start=\"755\" data-end=\"995\">*Bitte beachten Sie, dass unser Unternehmen <strong data-start=\"800\" data-end=\"809\">nicht<\/strong> im Bereich des Ticketverkaufs oder der Visaabwicklung t\u00e4tig ist und daher keine Verantwortung f\u00fcr unvorhergesehene Ereignisse im Zusammenhang mit Fl\u00fcgen oder Grenz\u00fcbertritten \u00fcbernimmt.<\/p>\n<h3 data-start=\"997\" data-end=\"1024\">Wichtige Informationen:<\/h3>\n<p data-start=\"1026\" data-end=\"1432\">In Nepal gibt es gewisse Schwierigkeiten beim Umtausch kleiner, abgenutzter oder alter Dollarnoten (vor 2009 ausgegeben). Bitte ber\u00fccksichtigen Sie dies. Manche Banken verlangen zus\u00e4tzliche Geb\u00fchren, andere lehnen solche Scheine ganz ab.<br data-start=\"1263\" data-end=\"1266\" \/>Der endg\u00fcltige Preis der Exkursion h\u00e4ngt von der Anzahl der Teilnehmer ab.<br data-start=\"1340\" data-end=\"1343\" \/>Dieses Projekt ist <strong data-start=\"1362\" data-end=\"1383\">nicht kommerziell<\/strong>, sondern ein <strong data-start=\"1397\" data-end=\"1413\">Imageprojekt<\/strong> f\u00fcr unsere Kunden<\/p>\n","protected":false},"featured_media":0,"comment_status":"closed","ping_status":"closed","template":"","meta":{"_acf_changed":false,"footnotes":""},"product_cat":[337],"product_tag":[],"class_list":{"0":"post-21100","1":"product","2":"type-product","3":"status-publish","5":"product_cat-adventure","7":"first","8":"instock","9":"shipping-taxable","10":"purchasable","11":"product-type-simple"},"acf":[],"yoast_head":"<!-- This site is optimized with the Yoast SEO Premium plugin v26.5 (Yoast SEO v27.6) - https:\/\/yoast.com\/product\/yoast-seo-premium-wordpress\/ -->\n<title>Adventure Kathmandu<\/title>\n<meta name=\"robots\" content=\"index, follow, max-snippet:-1, max-image-preview:large, max-video-preview:-1\" \/>\n<link rel=\"canonical\" href=\"https:\/\/mountainguides.pro\/de\/tours\/adventure\/tour-to-kathmandu-inside-out-in-one-day\/\" \/>\n<meta property=\"og:locale\" content=\"de_DE\" \/>\n<meta property=\"og:locale:alternate\" content=\"en_US\" \/>\n<meta property=\"og:locale:alternate\" content=\"ru_RU\" \/>\n<meta property=\"og:locale:alternate\" content=\"es\" \/>\n<meta property=\"og:locale:alternate\" content=\"pt\" \/>\n<meta property=\"og:locale:alternate\" content=\"zh\" \/>\n<meta property=\"og:locale:alternate\" content=\"ko\" \/>\n<meta property=\"og:locale:alternate\" content=\"ja\" \/>\n<meta property=\"og:locale:alternate\" content=\"hi\" \/>\n<meta property=\"og:locale:alternate\" content=\"ar\" \/>\n<meta property=\"og:type\" content=\"article\" \/>\n<meta property=\"og:title\" content=\"Tour nach Kathmandu: Von innen nach au\u00dfen f\u00fcr einen Tag\" \/>\n<meta property=\"og:description\" content=\"Der Durbar-Platz, der das Zentrum der k\u00f6niglichen Macht Nepals war und Zeuge vieler bedeutender Ereignisse in der Geschichte des Landes ist.Mit etwas Gl\u00fcck sehen wir das wahre Symbol Nepals \u2013 die lebende G\u00f6ttin Kumari. Pashupatinath, der f\u00fcr alle Hindus heilige Tempel, in dem t\u00e4glich Ein\u00e4scherungen der Verstorbenen stattfinden.Wir werden Sadhus sehen \u2013 Einsiedler und Asketen, die ihr Leben der spirituellen Praxis widmen. Swayambhunath, auch bekannt als der \u201eAffentempel\u201c, ist einer der \u00e4ltesten und heiligsten buddhistischen Orte in Nepal. hwanken. *Bitte beachten Sie, dass unser Unternehmen nicht im Bereich des Ticketverkaufs oder der Visaabwicklung t\u00e4tig ist und daher keine Verantwortung f\u00fcr unvorhergesehene Ereignisse im Zusammenhang mit Fl\u00fcgen oder Grenz\u00fcbertritten \u00fcbernimmt.  Wichtige Informationen: In Nepal gibt es gewisse Schwierigkeiten beim Umtausch kleiner, abgenutzter oder alter Dollarnoten (vor 2009 ausgegeben). Bitte ber\u00fccksichtigen Sie dies. Manche Banken verlangen zus\u00e4tzliche Geb\u00fchren, andere lehnen solche Scheine ganz ab.Der endg\u00fcltige Preis der Exkursion h\u00e4ngt von der Anzahl der Teilnehmer ab.Dieses Projekt ist nicht kommerziell, sondern ein Imageprojekt f\u00fcr unsere Kunden\" \/>\n<meta property=\"og:url\" content=\"https:\/\/mountainguides.pro\/de\/tours\/adventure\/tour-to-kathmandu-inside-out-in-one-day\/\" \/>\n<meta property=\"og:site_name\" content=\"Mountain Guide\" \/>\n<meta property=\"article:publisher\" content=\"https:\/\/www.facebook.com\/Mountainguide-232956566756831\/\" \/>\n<meta property=\"article:modified_time\" content=\"2026-01-29T08:29:35+00:00\" \/>\n<meta property=\"og:image\" content=\"https:\/\/mountainguides.pro\/wp-content\/uploads\/2018\/01\/mglogo.jpg\" \/>\n\t<meta property=\"og:image:width\" content=\"1200\" \/>\n\t<meta property=\"og:image:height\" content=\"630\" \/>\n\t<meta property=\"og:image:type\" content=\"image\/jpeg\" \/>\n<meta name=\"twitter:card\" content=\"summary_large_image\" \/>\n<meta name=\"twitter:site\" content=\"@Wintercyclone\" \/>\n<script type=\"application\/ld+json\" class=\"yoast-schema-graph\">{\"@context\":\"https:\\\/\\\/schema.org\",\"@graph\":[{\"@type\":\"WebPage\",\"@id\":\"https:\\\/\\\/mountainguides.pro\\\/ar\\\/tours\\\/adventure\\\/tour-to-kathmandu-inside-out-in-one-day\\\/\",\"url\":\"https:\\\/\\\/mountainguides.pro\\\/ar\\\/tours\\\/adventure\\\/tour-to-kathmandu-inside-out-in-one-day\\\/\",\"name\":\"Adventure Kathmandu\",\"isPartOf\":{\"@id\":\"https:\\\/\\\/mountainguides.pro\\\/#website\"},\"datePublished\":\"2025-01-08T13:50:02+00:00\",\"dateModified\":\"2026-01-29T08:29:35+00:00\",\"breadcrumb\":{\"@id\":\"https:\\\/\\\/mountainguides.pro\\\/ar\\\/tours\\\/adventure\\\/tour-to-kathmandu-inside-out-in-one-day\\\/#breadcrumb\"},\"inLanguage\":\"de\",\"potentialAction\":[{\"@type\":\"ReadAction\",\"target\":[\"https:\\\/\\\/mountainguides.pro\\\/ar\\\/tours\\\/adventure\\\/tour-to-kathmandu-inside-out-in-one-day\\\/\"]}]},{\"@type\":\"BreadcrumbList\",\"@id\":\"https:\\\/\\\/mountainguides.pro\\\/ar\\\/tours\\\/adventure\\\/tour-to-kathmandu-inside-out-in-one-day\\\/#breadcrumb\",\"itemListElement\":[{\"@type\":\"ListItem\",\"position\":1,\"name\":\"Home\",\"item\":\"https:\\\/\\\/mountainguides.pro\\\/de\\\/\"},{\"@type\":\"ListItem\",\"position\":2,\"name\":\"\u062c\u0648\u0644\u0629 \u0643\u0627\u062a\u0645\u0627\u0646\u062f\u0648: \u0627\u0644\u062f\u0627\u062e\u0644 \u0627\u0644\u0649 \u0627\u0644\u062e\u0627\u0631\u062c \u0641\u064a \u064a\u0648\u0645 \u0648\u0627\u062d\u062f\"}]},{\"@type\":\"WebSite\",\"@id\":\"https:\\\/\\\/mountainguides.pro\\\/#website\",\"url\":\"https:\\\/\\\/mountainguides.pro\\\/\",\"name\":\"Mountain Guide\",\"description\":\"We aspire to be the first in everything!\",\"publisher\":{\"@id\":\"https:\\\/\\\/mountainguides.pro\\\/#organization\"},\"potentialAction\":[{\"@type\":\"SearchAction\",\"target\":{\"@type\":\"EntryPoint\",\"urlTemplate\":\"https:\\\/\\\/mountainguides.pro\\\/?s={search_term_string}\"},\"query-input\":{\"@type\":\"PropertyValueSpecification\",\"valueRequired\":true,\"valueName\":\"search_term_string\"}}],\"inLanguage\":\"de\"},{\"@type\":\"Organization\",\"@id\":\"https:\\\/\\\/mountainguides.pro\\\/#organization\",\"name\":\"Mountain Guide\",\"url\":\"https:\\\/\\\/mountainguides.pro\\\/\",\"logo\":{\"@type\":\"ImageObject\",\"inLanguage\":\"de\",\"@id\":\"https:\\\/\\\/mountainguides.pro\\\/#\\\/schema\\\/logo\\\/image\\\/\",\"url\":\"https:\\\/\\\/mountainguides.pro\\\/wp-content\\\/uploads\\\/2018\\\/01\\\/mglogo.jpg\",\"contentUrl\":\"https:\\\/\\\/mountainguides.pro\\\/wp-content\\\/uploads\\\/2018\\\/01\\\/mglogo.jpg\",\"width\":1200,\"height\":630,\"caption\":\"Mountain Guide\"},\"image\":{\"@id\":\"https:\\\/\\\/mountainguides.pro\\\/#\\\/schema\\\/logo\\\/image\\\/\"},\"sameAs\":[\"https:\\\/\\\/www.facebook.com\\\/Mountainguide-232956566756831\\\/\",\"https:\\\/\\\/x.com\\\/Wintercyclone\",\"http:\\\/\\\/instagram.com\\\/mountainguide\",\"http:\\\/\\\/www.youtube.com\\\/mountainguide\"]}]}<\/script>\n<!-- \/ Yoast SEO Premium plugin. -->","yoast_head_json":{"title":"Adventure Kathmandu","robots":{"index":"index","follow":"follow","max-snippet":"max-snippet:-1","max-image-preview":"max-image-preview:large","max-video-preview":"max-video-preview:-1"},"canonical":"https:\/\/mountainguides.pro\/de\/tours\/adventure\/tour-to-kathmandu-inside-out-in-one-day\/","og_locale":"de_DE","og_type":"article","og_title":"[:en]Tour to Kathmandu: Inside Out in One Day[:de]Tour nach Kathmandu: Von innen nach au\u00dfen f\u00fcr einen Tag[:es]Tour de Katmand\u00fa: al Rev\u00e9s en un d\u00eda[:pt]Tour em Katmandu: de dentro para fora em um dia[:zh]\u52a0\u5fb7\u6ee1\u90fd\u4e4b\u65c5\uff1a\u4e00\u65e5\u6e38[:ko]\uce74\ud2b8\ub9cc\ub450 \ud22c\uc5b4:\ud558\ub8e8\uc5d0 \uc778\uc0ac\uc774\ub4dc \uc544\uc6c3[:ja]\u30ab\u30c8\u30de\u30f3\u30ba\u30c4\u30a2\u30fc\uff1a\u4e00\u65e5\u306e\u4e2d\u3067\u30a4\u30f3\u30b5\u30a4\u30c9\u30a2\u30a6\u30c8[:hi]\u0915\u093e\u0920\u092e\u093e\u0902\u0921\u0942 \u092f\u093e\u0924\u094d\u0930\u093e: \u090f\u0915 \u0926\u093f\u0928 \u092e\u0947\u0902 \u0905\u0902\u0926\u0930 \u092c\u093e\u0939\u0930[:ar]\u062c\u0648\u0644\u0629 \u0643\u0627\u062a\u0645\u0627\u0646\u062f\u0648: \u0627\u0644\u062f\u0627\u062e\u0644 \u0627\u0644\u0649 \u0627\u0644\u062e\u0627\u0631\u062c \u0641\u064a \u064a\u0648\u0645 \u0648\u0627\u062d\u062f[:]","og_description":"Der Durbar-Platz, der das Zentrum der k\u00f6niglichen Macht Nepals war und Zeuge vieler bedeutender Ereignisse in der Geschichte des Landes ist.Mit etwas Gl\u00fcck sehen wir das wahre Symbol Nepals \u2013 die lebende G\u00f6ttin Kumari. Pashupatinath, der f\u00fcr alle Hindus heilige Tempel, in dem t\u00e4glich Ein\u00e4scherungen der Verstorbenen stattfinden.Wir werden Sadhus sehen \u2013 Einsiedler und Asketen, die ihr Leben der spirituellen Praxis widmen. Swayambhunath, auch bekannt als der \u201eAffentempel\u201c, ist einer der \u00e4ltesten und heiligsten buddhistischen Orte in Nepal. hwanken. *Bitte beachten Sie, dass unser Unternehmen nicht im Bereich des Ticketverkaufs oder der Visaabwicklung t\u00e4tig ist und daher keine Verantwortung f\u00fcr unvorhergesehene Ereignisse im Zusammenhang mit Fl\u00fcgen oder Grenz\u00fcbertritten \u00fcbernimmt.  Wichtige Informationen: In Nepal gibt es gewisse Schwierigkeiten beim Umtausch kleiner, abgenutzter oder alter Dollarnoten (vor 2009 ausgegeben). Bitte ber\u00fccksichtigen Sie dies. Manche Banken verlangen zus\u00e4tzliche Geb\u00fchren, andere lehnen solche Scheine ganz ab.Der endg\u00fcltige Preis der Exkursion h\u00e4ngt von der Anzahl der Teilnehmer ab.Dieses Projekt ist nicht kommerziell, sondern ein Imageprojekt f\u00fcr unsere Kunden","og_url":"https:\/\/mountainguides.pro\/de\/tours\/adventure\/tour-to-kathmandu-inside-out-in-one-day\/","og_site_name":"Mountain Guide","article_publisher":"https:\/\/www.facebook.com\/Mountainguide-232956566756831\/","article_modified_time":"2026-01-29T08:29:35+00:00","og_image":[{"width":1200,"height":630,"url":"https:\/\/mountainguides.pro\/wp-content\/uploads\/2018\/01\/mglogo.jpg","type":"image\/jpeg"}],"twitter_card":"summary_large_image","twitter_site":"@Wintercyclone","schema":{"@context":"https:\/\/schema.org","@graph":[{"@type":"WebPage","@id":"https:\/\/mountainguides.pro\/ar\/tours\/adventure\/tour-to-kathmandu-inside-out-in-one-day\/","url":"https:\/\/mountainguides.pro\/ar\/tours\/adventure\/tour-to-kathmandu-inside-out-in-one-day\/","name":"Adventure Kathmandu","isPartOf":{"@id":"https:\/\/mountainguides.pro\/#website"},"datePublished":"2025-01-08T13:50:02+00:00","dateModified":"2026-01-29T08:29:35+00:00","breadcrumb":{"@id":"https:\/\/mountainguides.pro\/ar\/tours\/adventure\/tour-to-kathmandu-inside-out-in-one-day\/#breadcrumb"},"inLanguage":"de","potentialAction":[{"@type":"ReadAction","target":["https:\/\/mountainguides.pro\/ar\/tours\/adventure\/tour-to-kathmandu-inside-out-in-one-day\/"]}]},{"@type":"BreadcrumbList","@id":"https:\/\/mountainguides.pro\/ar\/tours\/adventure\/tour-to-kathmandu-inside-out-in-one-day\/#breadcrumb","itemListElement":[{"@type":"ListItem","position":1,"name":"Home","item":"https:\/\/mountainguides.pro\/de\/"},{"@type":"ListItem","position":2,"name":"\u062c\u0648\u0644\u0629 \u0643\u0627\u062a\u0645\u0627\u0646\u062f\u0648: \u0627\u0644\u062f\u0627\u062e\u0644 \u0627\u0644\u0649 \u0627\u0644\u062e\u0627\u0631\u062c \u0641\u064a \u064a\u0648\u0645 \u0648\u0627\u062d\u062f"}]},{"@type":"WebSite","@id":"https:\/\/mountainguides.pro\/#website","url":"https:\/\/mountainguides.pro\/","name":"Mountain Guide","description":"We aspire to be the first in everything!","publisher":{"@id":"https:\/\/mountainguides.pro\/#organization"},"potentialAction":[{"@type":"SearchAction","target":{"@type":"EntryPoint","urlTemplate":"https:\/\/mountainguides.pro\/?s={search_term_string}"},"query-input":{"@type":"PropertyValueSpecification","valueRequired":true,"valueName":"search_term_string"}}],"inLanguage":"de"},{"@type":"Organization","@id":"https:\/\/mountainguides.pro\/#organization","name":"Mountain Guide","url":"https:\/\/mountainguides.pro\/","logo":{"@type":"ImageObject","inLanguage":"de","@id":"https:\/\/mountainguides.pro\/#\/schema\/logo\/image\/","url":"https:\/\/mountainguides.pro\/wp-content\/uploads\/2018\/01\/mglogo.jpg","contentUrl":"https:\/\/mountainguides.pro\/wp-content\/uploads\/2018\/01\/mglogo.jpg","width":1200,"height":630,"caption":"Mountain Guide"},"image":{"@id":"https:\/\/mountainguides.pro\/#\/schema\/logo\/image\/"},"sameAs":["https:\/\/www.facebook.com\/Mountainguide-232956566756831\/","https:\/\/x.com\/Wintercyclone","http:\/\/instagram.com\/mountainguide","http:\/\/www.youtube.com\/mountainguide"]}]}},"_links":{"self":[{"href":"https:\/\/mountainguides.pro\/de\/wp-json\/wp\/v2\/product\/21100","targetHints":{"allow":["GET"]}}],"collection":[{"href":"https:\/\/mountainguides.pro\/de\/wp-json\/wp\/v2\/product"}],"about":[{"href":"https:\/\/mountainguides.pro\/de\/wp-json\/wp\/v2\/types\/product"}],"replies":[{"embeddable":true,"href":"https:\/\/mountainguides.pro\/de\/wp-json\/wp\/v2\/comments?post=21100"}],"version-history":[{"count":11,"href":"https:\/\/mountainguides.pro\/de\/wp-json\/wp\/v2\/product\/21100\/revisions"}],"predecessor-version":[{"id":32663,"href":"https:\/\/mountainguides.pro\/de\/wp-json\/wp\/v2\/product\/21100\/revisions\/32663"}],"wp:attachment":[{"href":"https:\/\/mountainguides.pro\/de\/wp-json\/wp\/v2\/media?parent=21100"}],"wp:term":[{"taxonomy":"product_cat","embeddable":true,"href":"https:\/\/mountainguides.pro\/de\/wp-json\/wp\/v2\/product_cat?post=21100"},{"taxonomy":"product_tag","embeddable":true,"href":"https:\/\/mountainguides.pro\/de\/wp-json\/wp\/v2\/product_tag?post=21100"}],"curies":[{"name":"wp","href":"https:\/\/api.w.org\/{rel}","templated":true}]}}