{"id":21103,"date":"2025-01-08T16:50:15","date_gmt":"2025-01-08T13:50:15","guid":{"rendered":"https:\/\/mountainguides.pro\/?post_type=product&#038;p=21103"},"modified":"2026-01-29T11:07:03","modified_gmt":"2026-01-29T08:07:03","slug":"tour-to-botswana-okavango-delta-and-chobe-national-park","status":"publish","type":"product","link":"https:\/\/mountainguides.pro\/de\/tours\/adventure\/tour-to-botswana-okavango-delta-and-chobe-national-park\/","title":{"rendered":"Tour nach Botswana: Das Okavango-Delta und der Chobe-Park"},"content":{"rendered":"","protected":false},"excerpt":{"rendered":"<p data-start=\"90\" data-end=\"766\">Besuch der bekanntesten und \u201etierreichsten\u201c Nationalparks Botswanas<br data-start=\"157\" data-end=\"160\" \/>Genuss von Abenden am Lagerfeuer mit den Buschm\u00e4nnern \u2013 dem \u00e4ltesten Volk der Erde<br data-start=\"242\" data-end=\"245\" \/>Wir werden die ber\u00fchmten Victoriaf\u00e4lle sehen<br data-start=\"289\" data-end=\"292\" \/>Die Expedition findet im Format \u201eSelf-Drive\u201c am Steuer von Allrad-Jeeps statt<br data-start=\"369\" data-end=\"372\" \/>Wir werden Giraffen und Elefanten im privaten Schutzgebiet Omaruru umarmen<br data-start=\"446\" data-end=\"449\" \/>Wir beginnen und beenden die Reise in der Hauptstadt Namibias \u2013 Windhoek, was \u201ewindige Ecke\u201c bedeutet<br data-start=\"550\" data-end=\"553\" \/>Atmosph\u00e4rische Lodges und atemberaubende endlose Sonnenunterg\u00e4nge, die es nur in Afrika gibt<\/p>\n<p data-start=\"768\" data-end=\"1022\"><em data-start=\"768\" data-end=\"1022\">Bitte beachten Sie, dass unser Unternehmen nicht im Bereich des Kaufs und Verkaufs von Flugtickets oder der Beantragung von Visa t\u00e4tig ist und daher keine Verantwortung f\u00fcr F\u00e4lle h\u00f6herer Gewalt im Zusammenhang mit Fl\u00fcgen und Grenz\u00fcbertritten \u00fcbernimmt.<\/em><\/p>\n<p data-start=\"1024\" data-end=\"1047\">Wichtige Informationen:<\/p>\n<p data-start=\"1049\" data-end=\"1622\">Die Check-in- und Check-out-Zeiten sind vom Hotel festgelegt: Check-in ab 15 Uhr, Check-out bis 11\u201312 Uhr. Das Gep\u00e4ck kann an der Rezeption des Hotels hinterlassen werden, um einen Spaziergang durch die Stadt zu machen, oder \u2013 sofern technisch m\u00f6glich \u2013 es kann gegen Aufpreis ein fr\u00fcher Check-in\/sp\u00e4ter Check-out arrangiert werden.<br data-start=\"1381\" data-end=\"1384\" \/>In Botswana gibt es einige Schwierigkeiten beim Umtausch kleiner, abgenutzter und alter (vor 2009 ausgestellter) Dollarbanknoten. Bitte beachten Sie dies. Manchmal f\u00e4llt eine zus\u00e4tzliche Geb\u00fchr an, manchmal wird der Umtausch verweigert.<\/p>\n","protected":false},"featured_media":21461,"comment_status":"closed","ping_status":"closed","template":"","meta":{"_acf_changed":false,"footnotes":""},"product_cat":[337],"product_tag":[],"class_list":{"0":"post-21103","1":"product","2":"type-product","3":"status-publish","4":"has-post-thumbnail","6":"product_cat-adventure","8":"first","9":"instock","10":"shipping-taxable","11":"purchasable","12":"product-type-simple"},"acf":[],"yoast_head":"<!-- This site is optimized with the Yoast SEO Premium plugin v26.5 (Yoast SEO v27.3) - https:\/\/yoast.com\/product\/yoast-seo-premium-wordpress\/ -->\n<title>Adventure Botswana<\/title>\n<meta name=\"robots\" content=\"index, follow, max-snippet:-1, max-image-preview:large, max-video-preview:-1\" \/>\n<link rel=\"canonical\" href=\"https:\/\/mountainguides.pro\/de\/tours\/adventure\/tour-to-botswana-okavango-delta-and-chobe-national-park\/\" \/>\n<meta property=\"og:locale\" content=\"de_DE\" \/>\n<meta property=\"og:locale:alternate\" content=\"en_US\" \/>\n<meta property=\"og:locale:alternate\" content=\"ru_RU\" \/>\n<meta property=\"og:locale:alternate\" content=\"es\" \/>\n<meta property=\"og:locale:alternate\" content=\"pt\" \/>\n<meta property=\"og:locale:alternate\" content=\"zh\" \/>\n<meta property=\"og:locale:alternate\" content=\"ko\" \/>\n<meta property=\"og:locale:alternate\" content=\"ja\" \/>\n<meta property=\"og:locale:alternate\" content=\"hi\" \/>\n<meta property=\"og:locale:alternate\" content=\"ar\" \/>\n<meta property=\"og:type\" content=\"article\" \/>\n<meta property=\"og:title\" content=\"Tour nach Botswana: Das Okavango-Delta und der Chobe-Park\" \/>\n<meta property=\"og:description\" content=\"Besuch der bekanntesten und \u201etierreichsten\u201c Nationalparks BotswanasGenuss von Abenden am Lagerfeuer mit den Buschm\u00e4nnern \u2013 dem \u00e4ltesten Volk der ErdeWir werden die ber\u00fchmten Victoriaf\u00e4lle sehenDie Expedition findet im Format \u201eSelf-Drive\u201c am Steuer von Allrad-Jeeps stattWir werden Giraffen und Elefanten im privaten Schutzgebiet Omaruru umarmenWir beginnen und beenden die Reise in der Hauptstadt Namibias \u2013 Windhoek, was \u201ewindige Ecke\u201c bedeutetAtmosph\u00e4rische Lodges und atemberaubende endlose Sonnenunterg\u00e4nge, die es nur in Afrika gibt Bitte beachten Sie, dass unser Unternehmen nicht im Bereich des Kaufs und Verkaufs von Flugtickets oder der Beantragung von Visa t\u00e4tig ist und daher keine Verantwortung f\u00fcr F\u00e4lle h\u00f6herer Gewalt im Zusammenhang mit Fl\u00fcgen und Grenz\u00fcbertritten \u00fcbernimmt. Wichtige Informationen: Die Check-in- und Check-out-Zeiten sind vom Hotel festgelegt: Check-in ab 15 Uhr, Check-out bis 11\u201312 Uhr. Das Gep\u00e4ck kann an der Rezeption des Hotels hinterlassen werden, um einen Spaziergang durch die Stadt zu machen, oder \u2013 sofern technisch m\u00f6glich \u2013 es kann gegen Aufpreis ein fr\u00fcher Check-in\/sp\u00e4ter Check-out arrangiert werden.In Botswana gibt es einige Schwierigkeiten beim Umtausch kleiner, abgenutzter und alter (vor 2009 ausgestellter) Dollarbanknoten. Bitte beachten Sie dies. Manchmal f\u00e4llt eine zus\u00e4tzliche Geb\u00fchr an, manchmal wird der Umtausch verweigert.\" \/>\n<meta property=\"og:url\" content=\"https:\/\/mountainguides.pro\/de\/tours\/adventure\/tour-to-botswana-okavango-delta-and-chobe-national-park\/\" \/>\n<meta property=\"og:site_name\" content=\"Mountain Guide\" \/>\n<meta property=\"article:publisher\" content=\"https:\/\/www.facebook.com\/Mountainguide-232956566756831\/\" \/>\n<meta property=\"article:modified_time\" content=\"2026-01-29T08:07:03+00:00\" \/>\n<meta property=\"og:image\" content=\"https:\/\/mountainguides.pro\/wp-content\/uploads\/2025\/01\/tur-v-botsvanu-8.jpeg\" \/>\n\t<meta property=\"og:image:width\" content=\"1800\" \/>\n\t<meta property=\"og:image:height\" content=\"1350\" \/>\n\t<meta property=\"og:image:type\" content=\"image\/jpeg\" \/>\n<meta name=\"twitter:card\" content=\"summary_large_image\" \/>\n<meta name=\"twitter:site\" content=\"@Wintercyclone\" \/>\n<meta name=\"twitter:label1\" content=\"Gesch\u00e4tzte Lesezeit\" \/>\n\t<meta name=\"twitter:data1\" content=\"1\u00a0Minute\" \/>\n<script type=\"application\/ld+json\" class=\"yoast-schema-graph\">{\"@context\":\"https:\\\/\\\/schema.org\",\"@graph\":[{\"@type\":\"WebPage\",\"@id\":\"https:\\\/\\\/mountainguides.pro\\\/ar\\\/tours\\\/adventure\\\/tour-to-botswana-okavango-delta-and-chobe-national-park\\\/\",\"url\":\"https:\\\/\\\/mountainguides.pro\\\/ar\\\/tours\\\/adventure\\\/tour-to-botswana-okavango-delta-and-chobe-national-park\\\/\",\"name\":\"Adventure Botswana\",\"isPartOf\":{\"@id\":\"https:\\\/\\\/mountainguides.pro\\\/#website\"},\"primaryImageOfPage\":{\"@id\":\"https:\\\/\\\/mountainguides.pro\\\/ar\\\/tours\\\/adventure\\\/tour-to-botswana-okavango-delta-and-chobe-national-park\\\/#primaryimage\"},\"image\":{\"@id\":\"https:\\\/\\\/mountainguides.pro\\\/ar\\\/tours\\\/adventure\\\/tour-to-botswana-okavango-delta-and-chobe-national-park\\\/#primaryimage\"},\"thumbnailUrl\":\"https:\\\/\\\/mountainguides.pro\\\/wp-content\\\/uploads\\\/2025\\\/01\\\/tur-v-botsvanu-8.jpeg\",\"datePublished\":\"2025-01-08T13:50:15+00:00\",\"dateModified\":\"2026-01-29T08:07:03+00:00\",\"breadcrumb\":{\"@id\":\"https:\\\/\\\/mountainguides.pro\\\/ar\\\/tours\\\/adventure\\\/tour-to-botswana-okavango-delta-and-chobe-national-park\\\/#breadcrumb\"},\"inLanguage\":\"de\",\"potentialAction\":[{\"@type\":\"ReadAction\",\"target\":[\"https:\\\/\\\/mountainguides.pro\\\/ar\\\/tours\\\/adventure\\\/tour-to-botswana-okavango-delta-and-chobe-national-park\\\/\"]}]},{\"@type\":\"ImageObject\",\"inLanguage\":\"de\",\"@id\":\"https:\\\/\\\/mountainguides.pro\\\/ar\\\/tours\\\/adventure\\\/tour-to-botswana-okavango-delta-and-chobe-national-park\\\/#primaryimage\",\"url\":\"https:\\\/\\\/mountainguides.pro\\\/wp-content\\\/uploads\\\/2025\\\/01\\\/tur-v-botsvanu-8.jpeg\",\"contentUrl\":\"https:\\\/\\\/mountainguides.pro\\\/wp-content\\\/uploads\\\/2025\\\/01\\\/tur-v-botsvanu-8.jpeg\",\"width\":1800,\"height\":1350},{\"@type\":\"BreadcrumbList\",\"@id\":\"https:\\\/\\\/mountainguides.pro\\\/ar\\\/tours\\\/adventure\\\/tour-to-botswana-okavango-delta-and-chobe-national-park\\\/#breadcrumb\",\"itemListElement\":[{\"@type\":\"ListItem\",\"position\":1,\"name\":\"Home\",\"item\":\"https:\\\/\\\/mountainguides.pro\\\/de\\\/\"},{\"@type\":\"ListItem\",\"position\":2,\"name\":\"\u062c\u0648\u0644\u0629 \u0628\u0648\u062a\u0633\u0648\u0627\u0646\u0627: \u062f\u0644\u062a\u0627 \u0623\u0648\u0643\u0627\u0641\u0627\u0646\u063a\u0648 \u0648\u062a\u0634\u0648\u0628\u064a \u0628\u0627\u0631\u0643\"}]},{\"@type\":\"WebSite\",\"@id\":\"https:\\\/\\\/mountainguides.pro\\\/#website\",\"url\":\"https:\\\/\\\/mountainguides.pro\\\/\",\"name\":\"Mountain Guide\",\"description\":\"We aspire to be the first in everything!\",\"publisher\":{\"@id\":\"https:\\\/\\\/mountainguides.pro\\\/#organization\"},\"potentialAction\":[{\"@type\":\"SearchAction\",\"target\":{\"@type\":\"EntryPoint\",\"urlTemplate\":\"https:\\\/\\\/mountainguides.pro\\\/?s={search_term_string}\"},\"query-input\":{\"@type\":\"PropertyValueSpecification\",\"valueRequired\":true,\"valueName\":\"search_term_string\"}}],\"inLanguage\":\"de\"},{\"@type\":\"Organization\",\"@id\":\"https:\\\/\\\/mountainguides.pro\\\/#organization\",\"name\":\"Mountain Guide\",\"url\":\"https:\\\/\\\/mountainguides.pro\\\/\",\"logo\":{\"@type\":\"ImageObject\",\"inLanguage\":\"de\",\"@id\":\"https:\\\/\\\/mountainguides.pro\\\/#\\\/schema\\\/logo\\\/image\\\/\",\"url\":\"https:\\\/\\\/mountainguides.pro\\\/wp-content\\\/uploads\\\/2018\\\/01\\\/mglogo.jpg\",\"contentUrl\":\"https:\\\/\\\/mountainguides.pro\\\/wp-content\\\/uploads\\\/2018\\\/01\\\/mglogo.jpg\",\"width\":1200,\"height\":630,\"caption\":\"Mountain Guide\"},\"image\":{\"@id\":\"https:\\\/\\\/mountainguides.pro\\\/#\\\/schema\\\/logo\\\/image\\\/\"},\"sameAs\":[\"https:\\\/\\\/www.facebook.com\\\/Mountainguide-232956566756831\\\/\",\"https:\\\/\\\/x.com\\\/Wintercyclone\",\"http:\\\/\\\/instagram.com\\\/mountainguide\",\"http:\\\/\\\/www.youtube.com\\\/mountainguide\"]}]}<\/script>\n<!-- \/ Yoast SEO Premium plugin. -->","yoast_head_json":{"title":"Adventure Botswana","robots":{"index":"index","follow":"follow","max-snippet":"max-snippet:-1","max-image-preview":"max-image-preview:large","max-video-preview":"max-video-preview:-1"},"canonical":"https:\/\/mountainguides.pro\/de\/tours\/adventure\/tour-to-botswana-okavango-delta-and-chobe-national-park\/","og_locale":"de_DE","og_type":"article","og_title":"[:en]Tour to Botswana: Okavango Delta and Chobe National Park[:de]Tour nach Botswana: Das Okavango-Delta und der Chobe-Park[:es]Tour a Botswana: Delta del Okavango y parque Chobe[:pt]Excurs\u00e3o ao Botswana: Delta do Okavango e Parque Chobe[:zh]\u535a\u8328\u74e6\u7eb3\u4e4b\u65c5\uff1a\u5965\u5361\u4e07\u6208\u4e09\u89d2\u6d32\u548c\u4e54\u8d1d\u516c\u56ed[:ko]\ubcf4\uce20\uc640\ub098 \ud22c\uc5b4:\uc624\uce74\ubc29\uace0 \ub378\ud0c0\uc640 \ucd08\ubca0 \uacf5\uc6d0[:ja]\u30dc\u30c4\u30ef\u30ca\u30c4\u30a2\u30fc\uff1a\u30aa\u30ab\u30d0\u30f3\u30b4\u30c7\u30eb\u30bf\u3068\u30c1\u30e7\u30d9\u516c\u5712[:hi]\u092c\u094b\u0924\u094d\u0938\u0935\u093e\u0928\u093e \u091f\u0942\u0930: \u0913\u0915\u093e\u0935\u093e\u0902\u0917\u094b \u0921\u0947\u0932\u094d\u091f\u093e \u0914\u0930 \u091a\u094b\u092c \u092a\u093e\u0930\u094d\u0915[:ar]\u062c\u0648\u0644\u0629 \u0628\u0648\u062a\u0633\u0648\u0627\u0646\u0627: \u062f\u0644\u062a\u0627 \u0623\u0648\u0643\u0627\u0641\u0627\u0646\u063a\u0648 \u0648\u062a\u0634\u0648\u0628\u064a \u0628\u0627\u0631\u0643[:]","og_description":"Besuch der bekanntesten und \u201etierreichsten\u201c Nationalparks BotswanasGenuss von Abenden am Lagerfeuer mit den Buschm\u00e4nnern \u2013 dem \u00e4ltesten Volk der ErdeWir werden die ber\u00fchmten Victoriaf\u00e4lle sehenDie Expedition findet im Format \u201eSelf-Drive\u201c am Steuer von Allrad-Jeeps stattWir werden Giraffen und Elefanten im privaten Schutzgebiet Omaruru umarmenWir beginnen und beenden die Reise in der Hauptstadt Namibias \u2013 Windhoek, was \u201ewindige Ecke\u201c bedeutetAtmosph\u00e4rische Lodges und atemberaubende endlose Sonnenunterg\u00e4nge, die es nur in Afrika gibt Bitte beachten Sie, dass unser Unternehmen nicht im Bereich des Kaufs und Verkaufs von Flugtickets oder der Beantragung von Visa t\u00e4tig ist und daher keine Verantwortung f\u00fcr F\u00e4lle h\u00f6herer Gewalt im Zusammenhang mit Fl\u00fcgen und Grenz\u00fcbertritten \u00fcbernimmt. Wichtige Informationen: Die Check-in- und Check-out-Zeiten sind vom Hotel festgelegt: Check-in ab 15 Uhr, Check-out bis 11\u201312 Uhr. Das Gep\u00e4ck kann an der Rezeption des Hotels hinterlassen werden, um einen Spaziergang durch die Stadt zu machen, oder \u2013 sofern technisch m\u00f6glich \u2013 es kann gegen Aufpreis ein fr\u00fcher Check-in\/sp\u00e4ter Check-out arrangiert werden.In Botswana gibt es einige Schwierigkeiten beim Umtausch kleiner, abgenutzter und alter (vor 2009 ausgestellter) Dollarbanknoten. Bitte beachten Sie dies. Manchmal f\u00e4llt eine zus\u00e4tzliche Geb\u00fchr an, manchmal wird der Umtausch verweigert.","og_url":"https:\/\/mountainguides.pro\/de\/tours\/adventure\/tour-to-botswana-okavango-delta-and-chobe-national-park\/","og_site_name":"Mountain Guide","article_publisher":"https:\/\/www.facebook.com\/Mountainguide-232956566756831\/","article_modified_time":"2026-01-29T08:07:03+00:00","og_image":[{"width":1800,"height":1350,"url":"https:\/\/mountainguides.pro\/wp-content\/uploads\/2025\/01\/tur-v-botsvanu-8.jpeg","type":"image\/jpeg"}],"twitter_card":"summary_large_image","twitter_site":"@Wintercyclone","twitter_misc":{"Gesch\u00e4tzte Lesezeit":"1\u00a0Minute"},"schema":{"@context":"https:\/\/schema.org","@graph":[{"@type":"WebPage","@id":"https:\/\/mountainguides.pro\/ar\/tours\/adventure\/tour-to-botswana-okavango-delta-and-chobe-national-park\/","url":"https:\/\/mountainguides.pro\/ar\/tours\/adventure\/tour-to-botswana-okavango-delta-and-chobe-national-park\/","name":"Adventure Botswana","isPartOf":{"@id":"https:\/\/mountainguides.pro\/#website"},"primaryImageOfPage":{"@id":"https:\/\/mountainguides.pro\/ar\/tours\/adventure\/tour-to-botswana-okavango-delta-and-chobe-national-park\/#primaryimage"},"image":{"@id":"https:\/\/mountainguides.pro\/ar\/tours\/adventure\/tour-to-botswana-okavango-delta-and-chobe-national-park\/#primaryimage"},"thumbnailUrl":"https:\/\/mountainguides.pro\/wp-content\/uploads\/2025\/01\/tur-v-botsvanu-8.jpeg","datePublished":"2025-01-08T13:50:15+00:00","dateModified":"2026-01-29T08:07:03+00:00","breadcrumb":{"@id":"https:\/\/mountainguides.pro\/ar\/tours\/adventure\/tour-to-botswana-okavango-delta-and-chobe-national-park\/#breadcrumb"},"inLanguage":"de","potentialAction":[{"@type":"ReadAction","target":["https:\/\/mountainguides.pro\/ar\/tours\/adventure\/tour-to-botswana-okavango-delta-and-chobe-national-park\/"]}]},{"@type":"ImageObject","inLanguage":"de","@id":"https:\/\/mountainguides.pro\/ar\/tours\/adventure\/tour-to-botswana-okavango-delta-and-chobe-national-park\/#primaryimage","url":"https:\/\/mountainguides.pro\/wp-content\/uploads\/2025\/01\/tur-v-botsvanu-8.jpeg","contentUrl":"https:\/\/mountainguides.pro\/wp-content\/uploads\/2025\/01\/tur-v-botsvanu-8.jpeg","width":1800,"height":1350},{"@type":"BreadcrumbList","@id":"https:\/\/mountainguides.pro\/ar\/tours\/adventure\/tour-to-botswana-okavango-delta-and-chobe-national-park\/#breadcrumb","itemListElement":[{"@type":"ListItem","position":1,"name":"Home","item":"https:\/\/mountainguides.pro\/de\/"},{"@type":"ListItem","position":2,"name":"\u062c\u0648\u0644\u0629 \u0628\u0648\u062a\u0633\u0648\u0627\u0646\u0627: \u062f\u0644\u062a\u0627 \u0623\u0648\u0643\u0627\u0641\u0627\u0646\u063a\u0648 \u0648\u062a\u0634\u0648\u0628\u064a \u0628\u0627\u0631\u0643"}]},{"@type":"WebSite","@id":"https:\/\/mountainguides.pro\/#website","url":"https:\/\/mountainguides.pro\/","name":"Mountain Guide","description":"We aspire to be the first in everything!","publisher":{"@id":"https:\/\/mountainguides.pro\/#organization"},"potentialAction":[{"@type":"SearchAction","target":{"@type":"EntryPoint","urlTemplate":"https:\/\/mountainguides.pro\/?s={search_term_string}"},"query-input":{"@type":"PropertyValueSpecification","valueRequired":true,"valueName":"search_term_string"}}],"inLanguage":"de"},{"@type":"Organization","@id":"https:\/\/mountainguides.pro\/#organization","name":"Mountain Guide","url":"https:\/\/mountainguides.pro\/","logo":{"@type":"ImageObject","inLanguage":"de","@id":"https:\/\/mountainguides.pro\/#\/schema\/logo\/image\/","url":"https:\/\/mountainguides.pro\/wp-content\/uploads\/2018\/01\/mglogo.jpg","contentUrl":"https:\/\/mountainguides.pro\/wp-content\/uploads\/2018\/01\/mglogo.jpg","width":1200,"height":630,"caption":"Mountain Guide"},"image":{"@id":"https:\/\/mountainguides.pro\/#\/schema\/logo\/image\/"},"sameAs":["https:\/\/www.facebook.com\/Mountainguide-232956566756831\/","https:\/\/x.com\/Wintercyclone","http:\/\/instagram.com\/mountainguide","http:\/\/www.youtube.com\/mountainguide"]}]}},"_links":{"self":[{"href":"https:\/\/mountainguides.pro\/de\/wp-json\/wp\/v2\/product\/21103","targetHints":{"allow":["GET"]}}],"collection":[{"href":"https:\/\/mountainguides.pro\/de\/wp-json\/wp\/v2\/product"}],"about":[{"href":"https:\/\/mountainguides.pro\/de\/wp-json\/wp\/v2\/types\/product"}],"replies":[{"embeddable":true,"href":"https:\/\/mountainguides.pro\/de\/wp-json\/wp\/v2\/comments?post=21103"}],"version-history":[{"count":12,"href":"https:\/\/mountainguides.pro\/de\/wp-json\/wp\/v2\/product\/21103\/revisions"}],"predecessor-version":[{"id":32660,"href":"https:\/\/mountainguides.pro\/de\/wp-json\/wp\/v2\/product\/21103\/revisions\/32660"}],"wp:featuredmedia":[{"embeddable":true,"href":"https:\/\/mountainguides.pro\/de\/wp-json\/wp\/v2\/media\/21461"}],"wp:attachment":[{"href":"https:\/\/mountainguides.pro\/de\/wp-json\/wp\/v2\/media?parent=21103"}],"wp:term":[{"taxonomy":"product_cat","embeddable":true,"href":"https:\/\/mountainguides.pro\/de\/wp-json\/wp\/v2\/product_cat?post=21103"},{"taxonomy":"product_tag","embeddable":true,"href":"https:\/\/mountainguides.pro\/de\/wp-json\/wp\/v2\/product_tag?post=21103"}],"curies":[{"name":"wp","href":"https:\/\/api.w.org\/{rel}","templated":true}]}}