{"id":21104,"date":"2025-01-08T16:50:17","date_gmt":"2025-01-08T13:50:17","guid":{"rendered":"https:\/\/mountainguides.pro\/?post_type=product&#038;p=21104"},"modified":"2026-01-29T10:59:23","modified_gmt":"2026-01-29T07:59:23","slug":"tinder-tour-climbing-mount-elbrus","status":"publish","type":"product","link":"https:\/\/mountainguides.pro\/de\/tours\/climb-elbrus\/tinder-tour-climbing-mount-elbrus\/","title":{"rendered":"Tinder-Tour, Klettern auf den Elbrus"},"content":{"rendered":"","protected":false},"excerpt":{"rendered":"<p data-start=\"0\" data-end=\"81\">Wir garantieren keine Liebe, aber wir schaffen die Bedingungen f\u00fcr Begegnungen!<\/p>\n<p data-start=\"83\" data-end=\"952\">Der Tinder-Tour auf den Elbrus ist eine Gelegenheit, neue Menschen in der Atmosph\u00e4re der Berge und Abenteuer kennenzulernen. Wir k\u00f6nnen jedoch nicht garantieren, dass Sie Ihre zweite H\u00e4lfte treffen. Alles h\u00e4ngt von Ihnen, Ihrer Offenheit und Ihrer Stimmung ab \u2013 alle sind unter gleichen Bedingungen. Die Teilnehmer nehmen an gemeinsamen Aktivit\u00e4ten teil, aber ihre Teilnahme an romantischen Begegnungen ist nicht verpflichtend. Das Wichtigste ist der Respekt und der Komfort jedes Einzelnen. Die Berge erfordern Teamarbeit, und die Hauptaufgabe der Tour besteht darin, eine geschlossene Gruppe zu schaffen, in der sich jeder als Teil des Teams f\u00fchlt. Wir mischen uns nicht in die pers\u00f6nlichen Beziehungen der Teilnehmer ein und respektieren ihre Entscheidungen \u2013 alles wird so leicht wie m\u00f6glich sein: Niemand ist verpflichtet, Interesse an Bekanntschaften zu zeigen.<\/p>\n<p data-start=\"954\" data-end=\"1742\">Allerdings ist der Aufstieg auf den Elbrus eine Herausforderung, und wir schaffen sichere Bedingungen, damit Sie sie ohne unn\u00f6tiges Drama meistern k\u00f6nnen. In erster Linie sind wir stolz auf unsere erfahrenen Bergf\u00fchrer, und wir sprechen nicht nur dar\u00fcber \u2013 wir sind bereit, sie Ihnen zu zeigen! Im Gegensatz zu vielen anderen Unternehmen sind wir von unserer Professionalit\u00e4t \u00fcberzeugt und stellen Ihnen gerne unsere Spezialisten vor, die Ihren Aufstieg sicher und unvergesslich machen werden. Dar\u00fcber hinaus erhalten Sie bei uns unbegrenzte Besteigungsversuche! Im Gegensatz zu anderen Unternehmen, bei denen in der Regel nur ein Versuch erlaubt ist, k\u00f6nnen Sie bei uns alle Reservetage des Programms ohne zus\u00e4tzliche Kosten nutzen. Das bedeutet mehr Erfolgschancen und weniger Stress!<\/p>\n<p data-start=\"1744\" data-end=\"2592\">Ihr Komfort ist unsere Priorit\u00e4t. Wir bieten ausgezeichnete Verpflegung im Hotel in Terskol und in der Bergh\u00fctte, einschlie\u00dflich frischer Fleischgerichte, Obst und Gem\u00fcse. Unser Hotel zeichnet sich durch gem\u00fctliche Zimmer und einen ger\u00e4umigen Speisesaal aus, in dem man nach einem ereignisreichen Tag angenehm Zeit verbringen kann. In der Bergh\u00fctte erwartet Sie eine komfortable Atmosph\u00e4re mit einer ger\u00e4umigen K\u00fcche und individuellen Betten in Wohnwaggons. Bettw\u00e4sche, saubere Toiletten, eine separate gem\u00fctliche K\u00fcchen-Esszone und die Dienste unseres gro\u00dfartigen Kochs \u2013 all das hilft Ihnen, sich auf den Aufstieg zu konzentrieren und nicht auf Unannehmlichkeiten. Au\u00dferdem stellt unser eigener Ausr\u00fcstungsverleih \u2013 der modernste und gr\u00f6\u00dfte im Gebiet des Elbrus \u2013 alles N\u00f6tige f\u00fcr eine sichere und qualitativ hochwertige Erholung zur Verf\u00fcgung.<\/p>\n<p data-start=\"2594\" data-end=\"2934\">Im Tinder-Tour auf den Elbrus erwarten Sie nicht nur atemberaubende Berglandschaften, sondern auch herzliche Gespr\u00e4che, Teamunterst\u00fctzung und lebendige Emotionen. Vielleicht finden Sie nicht die Liebe Ihres Lebens, aber Sie werden sicher mit neuen Erfahrungen, neuen Freunden und Inspiration f\u00fcr zuk\u00fcnftige Reisen nach Hause zur\u00fcckkehren!<\/p>\n<p data-start=\"2936\" data-end=\"3015\" data-is-last-node=\"\" data-is-only-node=\"\">Besteigung des Elbrus: Erfahren Sie mehr \u00fcber unsere anderen Touren zum Elbrus!<\/p>\n","protected":false},"featured_media":17795,"comment_status":"closed","ping_status":"closed","template":"","meta":{"_acf_changed":false,"footnotes":""},"product_cat":[330],"product_tag":[],"class_list":{"0":"post-21104","1":"product","2":"type-product","3":"status-publish","4":"has-post-thumbnail","6":"product_cat-climb-elbrus","8":"first","9":"instock","10":"shipping-taxable","11":"purchasable","12":"product-type-simple"},"acf":[],"yoast_head":"<!-- This site is optimized with the Yoast SEO Premium plugin v26.5 (Yoast SEO v27.3) - https:\/\/yoast.com\/product\/yoast-seo-premium-wordpress\/ -->\n<title>Climbing Tinder Tour Elbrus<\/title>\n<meta name=\"robots\" content=\"index, follow, max-snippet:-1, max-image-preview:large, max-video-preview:-1\" \/>\n<link rel=\"canonical\" href=\"https:\/\/mountainguides.pro\/de\/tours\/climb-elbrus\/tinder-tour-climbing-mount-elbrus\/\" \/>\n<meta property=\"og:locale\" content=\"de_DE\" \/>\n<meta property=\"og:locale:alternate\" content=\"en_US\" \/>\n<meta property=\"og:locale:alternate\" content=\"ru_RU\" \/>\n<meta property=\"og:locale:alternate\" content=\"es\" \/>\n<meta property=\"og:locale:alternate\" content=\"pt\" \/>\n<meta property=\"og:locale:alternate\" content=\"zh\" \/>\n<meta property=\"og:locale:alternate\" content=\"ko\" \/>\n<meta property=\"og:locale:alternate\" content=\"ja\" \/>\n<meta property=\"og:locale:alternate\" content=\"hi\" \/>\n<meta property=\"og:locale:alternate\" content=\"ar\" \/>\n<meta property=\"og:type\" content=\"article\" \/>\n<meta property=\"og:title\" content=\"Tinder-Tour, Klettern auf den Elbrus\" \/>\n<meta property=\"og:description\" content=\"Wir garantieren keine Liebe, aber wir schaffen die Bedingungen f\u00fcr Begegnungen! Der Tinder-Tour auf den Elbrus ist eine Gelegenheit, neue Menschen in der Atmosph\u00e4re der Berge und Abenteuer kennenzulernen. Wir k\u00f6nnen jedoch nicht garantieren, dass Sie Ihre zweite H\u00e4lfte treffen. Alles h\u00e4ngt von Ihnen, Ihrer Offenheit und Ihrer Stimmung ab \u2013 alle sind unter gleichen Bedingungen. Die Teilnehmer nehmen an gemeinsamen Aktivit\u00e4ten teil, aber ihre Teilnahme an romantischen Begegnungen ist nicht verpflichtend. Das Wichtigste ist der Respekt und der Komfort jedes Einzelnen. Die Berge erfordern Teamarbeit, und die Hauptaufgabe der Tour besteht darin, eine geschlossene Gruppe zu schaffen, in der sich jeder als Teil des Teams f\u00fchlt. Wir mischen uns nicht in die pers\u00f6nlichen Beziehungen der Teilnehmer ein und respektieren ihre Entscheidungen \u2013 alles wird so leicht wie m\u00f6glich sein: Niemand ist verpflichtet, Interesse an Bekanntschaften zu zeigen. Allerdings ist der Aufstieg auf den Elbrus eine Herausforderung, und wir schaffen sichere Bedingungen, damit Sie sie ohne unn\u00f6tiges Drama meistern k\u00f6nnen. In erster Linie sind wir stolz auf unsere erfahrenen Bergf\u00fchrer, und wir sprechen nicht nur dar\u00fcber \u2013 wir sind bereit, sie Ihnen zu zeigen! Im Gegensatz zu vielen anderen Unternehmen sind wir von unserer Professionalit\u00e4t \u00fcberzeugt und stellen Ihnen gerne unsere Spezialisten vor, die Ihren Aufstieg sicher und unvergesslich machen werden. Dar\u00fcber hinaus erhalten Sie bei uns unbegrenzte Besteigungsversuche! Im Gegensatz zu anderen Unternehmen, bei denen in der Regel nur ein Versuch erlaubt ist, k\u00f6nnen Sie bei uns alle Reservetage des Programms ohne zus\u00e4tzliche Kosten nutzen. Das bedeutet mehr Erfolgschancen und weniger Stress! Ihr Komfort ist unsere Priorit\u00e4t. Wir bieten ausgezeichnete Verpflegung im Hotel in Terskol und in der Bergh\u00fctte, einschlie\u00dflich frischer Fleischgerichte, Obst und Gem\u00fcse. Unser Hotel zeichnet sich durch gem\u00fctliche Zimmer und einen ger\u00e4umigen Speisesaal aus, in dem man nach einem ereignisreichen Tag angenehm Zeit verbringen kann. In der Bergh\u00fctte erwartet Sie eine komfortable Atmosph\u00e4re mit einer ger\u00e4umigen K\u00fcche und individuellen Betten in Wohnwaggons. Bettw\u00e4sche, saubere Toiletten, eine separate gem\u00fctliche K\u00fcchen-Esszone und die Dienste unseres gro\u00dfartigen Kochs \u2013 all das hilft Ihnen, sich auf den Aufstieg zu konzentrieren und nicht auf Unannehmlichkeiten. Au\u00dferdem stellt unser eigener Ausr\u00fcstungsverleih \u2013 der modernste und gr\u00f6\u00dfte im Gebiet des Elbrus \u2013 alles N\u00f6tige f\u00fcr eine sichere und qualitativ hochwertige Erholung zur Verf\u00fcgung. Im Tinder-Tour auf den Elbrus erwarten Sie nicht nur atemberaubende Berglandschaften, sondern auch herzliche Gespr\u00e4che, Teamunterst\u00fctzung und lebendige Emotionen. Vielleicht finden Sie nicht die Liebe Ihres Lebens, aber Sie werden sicher mit neuen Erfahrungen, neuen Freunden und Inspiration f\u00fcr zuk\u00fcnftige Reisen nach Hause zur\u00fcckkehren! Besteigung des Elbrus: Erfahren Sie mehr \u00fcber unsere anderen Touren zum Elbrus!\" \/>\n<meta property=\"og:url\" content=\"https:\/\/mountainguides.pro\/de\/tours\/climb-elbrus\/tinder-tour-climbing-mount-elbrus\/\" \/>\n<meta property=\"og:site_name\" content=\"Mountain Guide\" \/>\n<meta property=\"article:publisher\" content=\"https:\/\/www.facebook.com\/Mountainguide-232956566756831\/\" \/>\n<meta property=\"article:modified_time\" content=\"2026-01-29T07:59:23+00:00\" \/>\n<meta property=\"og:image\" content=\"https:\/\/mountainguides.pro\/wp-content\/uploads\/2022\/01\/climb-elbrus-fast-with-o2-mountainguide.ru-06.jpg\" \/>\n\t<meta property=\"og:image:width\" content=\"1600\" \/>\n\t<meta property=\"og:image:height\" content=\"1200\" \/>\n\t<meta property=\"og:image:type\" content=\"image\/jpeg\" \/>\n<meta name=\"twitter:card\" content=\"summary_large_image\" \/>\n<meta name=\"twitter:site\" content=\"@Wintercyclone\" \/>\n<meta name=\"twitter:label1\" content=\"Gesch\u00e4tzte Lesezeit\" \/>\n\t<meta name=\"twitter:data1\" content=\"1\u00a0Minute\" \/>\n<script type=\"application\/ld+json\" class=\"yoast-schema-graph\">{\"@context\":\"https:\\\/\\\/schema.org\",\"@graph\":[{\"@type\":\"WebPage\",\"@id\":\"https:\\\/\\\/mountainguides.pro\\\/ar\\\/tours\\\/climb-elbrus\\\/tinder-tour-climbing-mount-elbrus\\\/\",\"url\":\"https:\\\/\\\/mountainguides.pro\\\/ar\\\/tours\\\/climb-elbrus\\\/tinder-tour-climbing-mount-elbrus\\\/\",\"name\":\"Climbing Tinder Tour Elbrus\",\"isPartOf\":{\"@id\":\"https:\\\/\\\/mountainguides.pro\\\/#website\"},\"primaryImageOfPage\":{\"@id\":\"https:\\\/\\\/mountainguides.pro\\\/ar\\\/tours\\\/climb-elbrus\\\/tinder-tour-climbing-mount-elbrus\\\/#primaryimage\"},\"image\":{\"@id\":\"https:\\\/\\\/mountainguides.pro\\\/ar\\\/tours\\\/climb-elbrus\\\/tinder-tour-climbing-mount-elbrus\\\/#primaryimage\"},\"thumbnailUrl\":\"https:\\\/\\\/mountainguides.pro\\\/wp-content\\\/uploads\\\/2022\\\/01\\\/climb-elbrus-fast-with-o2-mountainguide.ru-06.jpg\",\"datePublished\":\"2025-01-08T13:50:17+00:00\",\"dateModified\":\"2026-01-29T07:59:23+00:00\",\"breadcrumb\":{\"@id\":\"https:\\\/\\\/mountainguides.pro\\\/ar\\\/tours\\\/climb-elbrus\\\/tinder-tour-climbing-mount-elbrus\\\/#breadcrumb\"},\"inLanguage\":\"de\",\"potentialAction\":[{\"@type\":\"ReadAction\",\"target\":[\"https:\\\/\\\/mountainguides.pro\\\/ar\\\/tours\\\/climb-elbrus\\\/tinder-tour-climbing-mount-elbrus\\\/\"]}]},{\"@type\":\"ImageObject\",\"inLanguage\":\"de\",\"@id\":\"https:\\\/\\\/mountainguides.pro\\\/ar\\\/tours\\\/climb-elbrus\\\/tinder-tour-climbing-mount-elbrus\\\/#primaryimage\",\"url\":\"https:\\\/\\\/mountainguides.pro\\\/wp-content\\\/uploads\\\/2022\\\/01\\\/climb-elbrus-fast-with-o2-mountainguide.ru-06.jpg\",\"contentUrl\":\"https:\\\/\\\/mountainguides.pro\\\/wp-content\\\/uploads\\\/2022\\\/01\\\/climb-elbrus-fast-with-o2-mountainguide.ru-06.jpg\",\"width\":1600,\"height\":1200},{\"@type\":\"BreadcrumbList\",\"@id\":\"https:\\\/\\\/mountainguides.pro\\\/ar\\\/tours\\\/climb-elbrus\\\/tinder-tour-climbing-mount-elbrus\\\/#breadcrumb\",\"itemListElement\":[{\"@type\":\"ListItem\",\"position\":1,\"name\":\"Home\",\"item\":\"https:\\\/\\\/mountainguides.pro\\\/de\\\/\"},{\"@type\":\"ListItem\",\"position\":2,\"name\":\"\u0627\u0644\u0628\u0631\u0648\u0633 \u062a\u0633\u0644\u0642 \u0635\u0648\u0641\u0627\u0646 \u062c\u0648\u0644\u0629\"}]},{\"@type\":\"WebSite\",\"@id\":\"https:\\\/\\\/mountainguides.pro\\\/#website\",\"url\":\"https:\\\/\\\/mountainguides.pro\\\/\",\"name\":\"Mountain Guide\",\"description\":\"We aspire to be the first in everything!\",\"publisher\":{\"@id\":\"https:\\\/\\\/mountainguides.pro\\\/#organization\"},\"potentialAction\":[{\"@type\":\"SearchAction\",\"target\":{\"@type\":\"EntryPoint\",\"urlTemplate\":\"https:\\\/\\\/mountainguides.pro\\\/?s={search_term_string}\"},\"query-input\":{\"@type\":\"PropertyValueSpecification\",\"valueRequired\":true,\"valueName\":\"search_term_string\"}}],\"inLanguage\":\"de\"},{\"@type\":\"Organization\",\"@id\":\"https:\\\/\\\/mountainguides.pro\\\/#organization\",\"name\":\"Mountain Guide\",\"url\":\"https:\\\/\\\/mountainguides.pro\\\/\",\"logo\":{\"@type\":\"ImageObject\",\"inLanguage\":\"de\",\"@id\":\"https:\\\/\\\/mountainguides.pro\\\/#\\\/schema\\\/logo\\\/image\\\/\",\"url\":\"https:\\\/\\\/mountainguides.pro\\\/wp-content\\\/uploads\\\/2018\\\/01\\\/mglogo.jpg\",\"contentUrl\":\"https:\\\/\\\/mountainguides.pro\\\/wp-content\\\/uploads\\\/2018\\\/01\\\/mglogo.jpg\",\"width\":1200,\"height\":630,\"caption\":\"Mountain Guide\"},\"image\":{\"@id\":\"https:\\\/\\\/mountainguides.pro\\\/#\\\/schema\\\/logo\\\/image\\\/\"},\"sameAs\":[\"https:\\\/\\\/www.facebook.com\\\/Mountainguide-232956566756831\\\/\",\"https:\\\/\\\/x.com\\\/Wintercyclone\",\"http:\\\/\\\/instagram.com\\\/mountainguide\",\"http:\\\/\\\/www.youtube.com\\\/mountainguide\"]}]}<\/script>\n<!-- \/ Yoast SEO Premium plugin. -->","yoast_head_json":{"title":"Climbing Tinder Tour Elbrus","robots":{"index":"index","follow":"follow","max-snippet":"max-snippet:-1","max-image-preview":"max-image-preview:large","max-video-preview":"max-video-preview:-1"},"canonical":"https:\/\/mountainguides.pro\/de\/tours\/climb-elbrus\/tinder-tour-climbing-mount-elbrus\/","og_locale":"de_DE","og_type":"article","og_title":"[:en]Tinder Tour: Climbing Mount Elbrus[:de]Tinder-Tour, Klettern auf den Elbrus[:es]Tinder Tour, escalada en Elbrus[:pt]Tinder Tour, escalando o Elbrus[:zh]Tinder \u4e4b\u65c5\uff0c\u6500\u767b\u5384\u5c14\u5e03\u9c81\u58eb\u5cf0[:ko]\uc5d8\ube0c\ub8e8\uc2a4 \ud074\ub77c\uc774\ubc0d \ud2f4\ub354 \ud22c\uc5b4[:ja]Elbrus\u767bTinder\u30c4\u30a2\u30fc[:hi]\u090f\u0932\u094d\u092c\u094d\u0930\u0938 \u0915\u094d\u0932\u093e\u0907\u092e\u094d\u092c\u093f\u0902\u0917 \u091f\u093f\u0902\u0921\u0930 \u091f\u0942\u0930[:ar]\u0627\u0644\u0628\u0631\u0648\u0633 \u062a\u0633\u0644\u0642 \u0635\u0648\u0641\u0627\u0646 \u062c\u0648\u0644\u0629[:]","og_description":"Wir garantieren keine Liebe, aber wir schaffen die Bedingungen f\u00fcr Begegnungen! Der Tinder-Tour auf den Elbrus ist eine Gelegenheit, neue Menschen in der Atmosph\u00e4re der Berge und Abenteuer kennenzulernen. Wir k\u00f6nnen jedoch nicht garantieren, dass Sie Ihre zweite H\u00e4lfte treffen. Alles h\u00e4ngt von Ihnen, Ihrer Offenheit und Ihrer Stimmung ab \u2013 alle sind unter gleichen Bedingungen. Die Teilnehmer nehmen an gemeinsamen Aktivit\u00e4ten teil, aber ihre Teilnahme an romantischen Begegnungen ist nicht verpflichtend. Das Wichtigste ist der Respekt und der Komfort jedes Einzelnen. Die Berge erfordern Teamarbeit, und die Hauptaufgabe der Tour besteht darin, eine geschlossene Gruppe zu schaffen, in der sich jeder als Teil des Teams f\u00fchlt. Wir mischen uns nicht in die pers\u00f6nlichen Beziehungen der Teilnehmer ein und respektieren ihre Entscheidungen \u2013 alles wird so leicht wie m\u00f6glich sein: Niemand ist verpflichtet, Interesse an Bekanntschaften zu zeigen. Allerdings ist der Aufstieg auf den Elbrus eine Herausforderung, und wir schaffen sichere Bedingungen, damit Sie sie ohne unn\u00f6tiges Drama meistern k\u00f6nnen. In erster Linie sind wir stolz auf unsere erfahrenen Bergf\u00fchrer, und wir sprechen nicht nur dar\u00fcber \u2013 wir sind bereit, sie Ihnen zu zeigen! Im Gegensatz zu vielen anderen Unternehmen sind wir von unserer Professionalit\u00e4t \u00fcberzeugt und stellen Ihnen gerne unsere Spezialisten vor, die Ihren Aufstieg sicher und unvergesslich machen werden. Dar\u00fcber hinaus erhalten Sie bei uns unbegrenzte Besteigungsversuche! Im Gegensatz zu anderen Unternehmen, bei denen in der Regel nur ein Versuch erlaubt ist, k\u00f6nnen Sie bei uns alle Reservetage des Programms ohne zus\u00e4tzliche Kosten nutzen. Das bedeutet mehr Erfolgschancen und weniger Stress! Ihr Komfort ist unsere Priorit\u00e4t. Wir bieten ausgezeichnete Verpflegung im Hotel in Terskol und in der Bergh\u00fctte, einschlie\u00dflich frischer Fleischgerichte, Obst und Gem\u00fcse. Unser Hotel zeichnet sich durch gem\u00fctliche Zimmer und einen ger\u00e4umigen Speisesaal aus, in dem man nach einem ereignisreichen Tag angenehm Zeit verbringen kann. In der Bergh\u00fctte erwartet Sie eine komfortable Atmosph\u00e4re mit einer ger\u00e4umigen K\u00fcche und individuellen Betten in Wohnwaggons. Bettw\u00e4sche, saubere Toiletten, eine separate gem\u00fctliche K\u00fcchen-Esszone und die Dienste unseres gro\u00dfartigen Kochs \u2013 all das hilft Ihnen, sich auf den Aufstieg zu konzentrieren und nicht auf Unannehmlichkeiten. Au\u00dferdem stellt unser eigener Ausr\u00fcstungsverleih \u2013 der modernste und gr\u00f6\u00dfte im Gebiet des Elbrus \u2013 alles N\u00f6tige f\u00fcr eine sichere und qualitativ hochwertige Erholung zur Verf\u00fcgung. Im Tinder-Tour auf den Elbrus erwarten Sie nicht nur atemberaubende Berglandschaften, sondern auch herzliche Gespr\u00e4che, Teamunterst\u00fctzung und lebendige Emotionen. Vielleicht finden Sie nicht die Liebe Ihres Lebens, aber Sie werden sicher mit neuen Erfahrungen, neuen Freunden und Inspiration f\u00fcr zuk\u00fcnftige Reisen nach Hause zur\u00fcckkehren! Besteigung des Elbrus: Erfahren Sie mehr \u00fcber unsere anderen Touren zum Elbrus!","og_url":"https:\/\/mountainguides.pro\/de\/tours\/climb-elbrus\/tinder-tour-climbing-mount-elbrus\/","og_site_name":"Mountain Guide","article_publisher":"https:\/\/www.facebook.com\/Mountainguide-232956566756831\/","article_modified_time":"2026-01-29T07:59:23+00:00","og_image":[{"width":1600,"height":1200,"url":"https:\/\/mountainguides.pro\/wp-content\/uploads\/2022\/01\/climb-elbrus-fast-with-o2-mountainguide.ru-06.jpg","type":"image\/jpeg"}],"twitter_card":"summary_large_image","twitter_site":"@Wintercyclone","twitter_misc":{"Gesch\u00e4tzte Lesezeit":"1\u00a0Minute"},"schema":{"@context":"https:\/\/schema.org","@graph":[{"@type":"WebPage","@id":"https:\/\/mountainguides.pro\/ar\/tours\/climb-elbrus\/tinder-tour-climbing-mount-elbrus\/","url":"https:\/\/mountainguides.pro\/ar\/tours\/climb-elbrus\/tinder-tour-climbing-mount-elbrus\/","name":"Climbing Tinder Tour Elbrus","isPartOf":{"@id":"https:\/\/mountainguides.pro\/#website"},"primaryImageOfPage":{"@id":"https:\/\/mountainguides.pro\/ar\/tours\/climb-elbrus\/tinder-tour-climbing-mount-elbrus\/#primaryimage"},"image":{"@id":"https:\/\/mountainguides.pro\/ar\/tours\/climb-elbrus\/tinder-tour-climbing-mount-elbrus\/#primaryimage"},"thumbnailUrl":"https:\/\/mountainguides.pro\/wp-content\/uploads\/2022\/01\/climb-elbrus-fast-with-o2-mountainguide.ru-06.jpg","datePublished":"2025-01-08T13:50:17+00:00","dateModified":"2026-01-29T07:59:23+00:00","breadcrumb":{"@id":"https:\/\/mountainguides.pro\/ar\/tours\/climb-elbrus\/tinder-tour-climbing-mount-elbrus\/#breadcrumb"},"inLanguage":"de","potentialAction":[{"@type":"ReadAction","target":["https:\/\/mountainguides.pro\/ar\/tours\/climb-elbrus\/tinder-tour-climbing-mount-elbrus\/"]}]},{"@type":"ImageObject","inLanguage":"de","@id":"https:\/\/mountainguides.pro\/ar\/tours\/climb-elbrus\/tinder-tour-climbing-mount-elbrus\/#primaryimage","url":"https:\/\/mountainguides.pro\/wp-content\/uploads\/2022\/01\/climb-elbrus-fast-with-o2-mountainguide.ru-06.jpg","contentUrl":"https:\/\/mountainguides.pro\/wp-content\/uploads\/2022\/01\/climb-elbrus-fast-with-o2-mountainguide.ru-06.jpg","width":1600,"height":1200},{"@type":"BreadcrumbList","@id":"https:\/\/mountainguides.pro\/ar\/tours\/climb-elbrus\/tinder-tour-climbing-mount-elbrus\/#breadcrumb","itemListElement":[{"@type":"ListItem","position":1,"name":"Home","item":"https:\/\/mountainguides.pro\/de\/"},{"@type":"ListItem","position":2,"name":"\u0627\u0644\u0628\u0631\u0648\u0633 \u062a\u0633\u0644\u0642 \u0635\u0648\u0641\u0627\u0646 \u062c\u0648\u0644\u0629"}]},{"@type":"WebSite","@id":"https:\/\/mountainguides.pro\/#website","url":"https:\/\/mountainguides.pro\/","name":"Mountain Guide","description":"We aspire to be the first in everything!","publisher":{"@id":"https:\/\/mountainguides.pro\/#organization"},"potentialAction":[{"@type":"SearchAction","target":{"@type":"EntryPoint","urlTemplate":"https:\/\/mountainguides.pro\/?s={search_term_string}"},"query-input":{"@type":"PropertyValueSpecification","valueRequired":true,"valueName":"search_term_string"}}],"inLanguage":"de"},{"@type":"Organization","@id":"https:\/\/mountainguides.pro\/#organization","name":"Mountain Guide","url":"https:\/\/mountainguides.pro\/","logo":{"@type":"ImageObject","inLanguage":"de","@id":"https:\/\/mountainguides.pro\/#\/schema\/logo\/image\/","url":"https:\/\/mountainguides.pro\/wp-content\/uploads\/2018\/01\/mglogo.jpg","contentUrl":"https:\/\/mountainguides.pro\/wp-content\/uploads\/2018\/01\/mglogo.jpg","width":1200,"height":630,"caption":"Mountain Guide"},"image":{"@id":"https:\/\/mountainguides.pro\/#\/schema\/logo\/image\/"},"sameAs":["https:\/\/www.facebook.com\/Mountainguide-232956566756831\/","https:\/\/x.com\/Wintercyclone","http:\/\/instagram.com\/mountainguide","http:\/\/www.youtube.com\/mountainguide"]}]}},"_links":{"self":[{"href":"https:\/\/mountainguides.pro\/de\/wp-json\/wp\/v2\/product\/21104","targetHints":{"allow":["GET"]}}],"collection":[{"href":"https:\/\/mountainguides.pro\/de\/wp-json\/wp\/v2\/product"}],"about":[{"href":"https:\/\/mountainguides.pro\/de\/wp-json\/wp\/v2\/types\/product"}],"replies":[{"embeddable":true,"href":"https:\/\/mountainguides.pro\/de\/wp-json\/wp\/v2\/comments?post=21104"}],"version-history":[{"count":13,"href":"https:\/\/mountainguides.pro\/de\/wp-json\/wp\/v2\/product\/21104\/revisions"}],"predecessor-version":[{"id":32659,"href":"https:\/\/mountainguides.pro\/de\/wp-json\/wp\/v2\/product\/21104\/revisions\/32659"}],"wp:featuredmedia":[{"embeddable":true,"href":"https:\/\/mountainguides.pro\/de\/wp-json\/wp\/v2\/media\/17795"}],"wp:attachment":[{"href":"https:\/\/mountainguides.pro\/de\/wp-json\/wp\/v2\/media?parent=21104"}],"wp:term":[{"taxonomy":"product_cat","embeddable":true,"href":"https:\/\/mountainguides.pro\/de\/wp-json\/wp\/v2\/product_cat?post=21104"},{"taxonomy":"product_tag","embeddable":true,"href":"https:\/\/mountainguides.pro\/de\/wp-json\/wp\/v2\/product_tag?post=21104"}],"curies":[{"name":"wp","href":"https:\/\/api.w.org\/{rel}","templated":true}]}}