{"id":21107,"date":"2025-01-08T16:50:28","date_gmt":"2025-01-08T13:50:28","guid":{"rendered":"https:\/\/mountainguides.pro\/?post_type=product&#038;p=21107"},"modified":"2026-01-29T10:38:22","modified_gmt":"2026-01-29T07:38:22","slug":"climbing-alpamayo","status":"publish","type":"product","link":"https:\/\/mountainguides.pro\/de\/tours\/climbing\/climbing-alpamayo\/","title":{"rendered":"Alpamayo besteigen"},"content":{"rendered":"","protected":false},"excerpt":{"rendered":"<p data-start=\"0\" data-end=\"83\">Besteigung eines der sch\u00f6nsten und symboltr\u00e4chtigsten Gipfel Perus \u2013 des Alpamayo<\/p>\n<p data-start=\"85\" data-end=\"199\">Kennenlernen der Kultur der peruanischen Hochlandbewohner, was dem Abenteuer eine kulturelle Komponente verleiht<\/p>\n<p data-start=\"201\" data-end=\"278\">Besteigung der Quitaraju \u2013 eines der Gipfelmassive in den Kordilleren Perus<\/p>\n<p data-start=\"280\" data-end=\"373\">Cordillera Blanca \u2013 ein Gebirgssystem in Peru, Teil der Anden, gelegen in der Region \u00c1ncash<\/p>\n<p data-start=\"375\" data-end=\"421\">Beste Infrastruktur der Basis- und Hochlager<\/p>\n<p data-start=\"543\" data-end=\"805\">Bitte beachten Sie, dass unser Unternehmen nicht im Bereich des Kaufs oder Verkaufs von Flugtickets und der Ausstellung von Visagenehmigungen t\u00e4tig ist und daher keine Verantwortung f\u00fcr h\u00f6here Gewalt im Zusammenhang mit Fl\u00fcgen und Grenz\u00fcbertritten \u00fcbernimmt.<\/p>\n<p data-start=\"807\" data-end=\"836\"><strong data-start=\"807\" data-end=\"834\">Wichtige Informationen:<\/strong><\/p>\n<p data-start=\"838\" data-end=\"1160\" data-is-last-node=\"\" data-is-only-node=\"\">Die Check-in- und Check-out-Zeiten werden vom Hotel festgelegt: Check-in ab 15:00 Uhr, Check-out bis 11\u201312 Uhr. Das Gep\u00e4ck kann an der Rezeption des Hotels aufbewahrt werden, w\u00e4hrend Sie durch die Stadt spazieren, oder \u2013 falls technisch m\u00f6glich \u2013 kann gegen Aufpreis ein fr\u00fcher Check-in\/sp\u00e4ter Check-out arrangiert werden.<\/p>\n","protected":false},"featured_media":21437,"comment_status":"closed","ping_status":"closed","template":"","meta":{"_acf_changed":false,"footnotes":""},"product_cat":[320],"product_tag":[],"class_list":{"0":"post-21107","1":"product","2":"type-product","3":"status-publish","4":"has-post-thumbnail","6":"product_cat-climbing","8":"first","9":"instock","10":"shipping-taxable","11":"purchasable","12":"product-type-simple"},"acf":[],"yoast_head":"<!-- This site is optimized with the Yoast SEO Premium plugin v26.5 (Yoast SEO v27.3) - https:\/\/yoast.com\/product\/yoast-seo-premium-wordpress\/ -->\n<title>Climbing Alpamayo<\/title>\n<meta name=\"robots\" content=\"index, follow, max-snippet:-1, max-image-preview:large, max-video-preview:-1\" \/>\n<link rel=\"canonical\" href=\"https:\/\/mountainguides.pro\/de\/tours\/climbing\/climbing-alpamayo\/\" \/>\n<meta property=\"og:locale\" content=\"de_DE\" \/>\n<meta property=\"og:locale:alternate\" content=\"en_US\" \/>\n<meta property=\"og:locale:alternate\" content=\"ru_RU\" \/>\n<meta property=\"og:locale:alternate\" content=\"es\" \/>\n<meta property=\"og:locale:alternate\" content=\"pt\" \/>\n<meta property=\"og:locale:alternate\" content=\"zh\" \/>\n<meta property=\"og:locale:alternate\" content=\"ko\" \/>\n<meta property=\"og:locale:alternate\" content=\"ja\" \/>\n<meta property=\"og:locale:alternate\" content=\"hi\" \/>\n<meta property=\"og:locale:alternate\" content=\"ar\" \/>\n<meta property=\"og:type\" content=\"article\" \/>\n<meta property=\"og:title\" content=\"Alpamayo besteigen\" \/>\n<meta property=\"og:description\" content=\"Besteigung eines der sch\u00f6nsten und symboltr\u00e4chtigsten Gipfel Perus \u2013 des Alpamayo Kennenlernen der Kultur der peruanischen Hochlandbewohner, was dem Abenteuer eine kulturelle Komponente verleiht Besteigung der Quitaraju \u2013 eines der Gipfelmassive in den Kordilleren Perus Cordillera Blanca \u2013 ein Gebirgssystem in Peru, Teil der Anden, gelegen in der Region \u00c1ncash Beste Infrastruktur der Basis- und Hochlager Bitte beachten Sie, dass unser Unternehmen nicht im Bereich des Kaufs oder Verkaufs von Flugtickets und der Ausstellung von Visagenehmigungen t\u00e4tig ist und daher keine Verantwortung f\u00fcr h\u00f6here Gewalt im Zusammenhang mit Fl\u00fcgen und Grenz\u00fcbertritten \u00fcbernimmt. Wichtige Informationen: Die Check-in- und Check-out-Zeiten werden vom Hotel festgelegt: Check-in ab 15:00 Uhr, Check-out bis 11\u201312 Uhr. Das Gep\u00e4ck kann an der Rezeption des Hotels aufbewahrt werden, w\u00e4hrend Sie durch die Stadt spazieren, oder \u2013 falls technisch m\u00f6glich \u2013 kann gegen Aufpreis ein fr\u00fcher Check-in\/sp\u00e4ter Check-out arrangiert werden.\" \/>\n<meta property=\"og:url\" content=\"https:\/\/mountainguides.pro\/de\/tours\/climbing\/climbing-alpamayo\/\" \/>\n<meta property=\"og:site_name\" content=\"Mountain Guide\" \/>\n<meta property=\"article:publisher\" content=\"https:\/\/www.facebook.com\/Mountainguide-232956566756831\/\" \/>\n<meta property=\"article:modified_time\" content=\"2026-01-29T07:38:22+00:00\" \/>\n<meta property=\"og:image\" content=\"https:\/\/mountainguides.pro\/wp-content\/uploads\/2025\/01\/voshozhdenie-na-alpamajo.jpeg\" \/>\n\t<meta property=\"og:image:width\" content=\"1800\" \/>\n\t<meta property=\"og:image:height\" content=\"1350\" \/>\n\t<meta property=\"og:image:type\" content=\"image\/jpeg\" \/>\n<meta name=\"twitter:card\" content=\"summary_large_image\" \/>\n<meta name=\"twitter:site\" content=\"@Wintercyclone\" \/>\n<meta name=\"twitter:label1\" content=\"Gesch\u00e4tzte Lesezeit\" \/>\n\t<meta name=\"twitter:data1\" content=\"1\u00a0Minute\" \/>\n<script type=\"application\/ld+json\" class=\"yoast-schema-graph\">{\"@context\":\"https:\\\/\\\/schema.org\",\"@graph\":[{\"@type\":\"WebPage\",\"@id\":\"https:\\\/\\\/mountainguides.pro\\\/ar\\\/tours\\\/climbing\\\/climbing-alpamayo\\\/\",\"url\":\"https:\\\/\\\/mountainguides.pro\\\/ar\\\/tours\\\/climbing\\\/climbing-alpamayo\\\/\",\"name\":\"Climbing Alpamayo\",\"isPartOf\":{\"@id\":\"https:\\\/\\\/mountainguides.pro\\\/#website\"},\"primaryImageOfPage\":{\"@id\":\"https:\\\/\\\/mountainguides.pro\\\/ar\\\/tours\\\/climbing\\\/climbing-alpamayo\\\/#primaryimage\"},\"image\":{\"@id\":\"https:\\\/\\\/mountainguides.pro\\\/ar\\\/tours\\\/climbing\\\/climbing-alpamayo\\\/#primaryimage\"},\"thumbnailUrl\":\"https:\\\/\\\/mountainguides.pro\\\/wp-content\\\/uploads\\\/2025\\\/01\\\/voshozhdenie-na-alpamajo.jpeg\",\"datePublished\":\"2025-01-08T13:50:28+00:00\",\"dateModified\":\"2026-01-29T07:38:22+00:00\",\"breadcrumb\":{\"@id\":\"https:\\\/\\\/mountainguides.pro\\\/ar\\\/tours\\\/climbing\\\/climbing-alpamayo\\\/#breadcrumb\"},\"inLanguage\":\"de\",\"potentialAction\":[{\"@type\":\"ReadAction\",\"target\":[\"https:\\\/\\\/mountainguides.pro\\\/ar\\\/tours\\\/climbing\\\/climbing-alpamayo\\\/\"]}]},{\"@type\":\"ImageObject\",\"inLanguage\":\"de\",\"@id\":\"https:\\\/\\\/mountainguides.pro\\\/ar\\\/tours\\\/climbing\\\/climbing-alpamayo\\\/#primaryimage\",\"url\":\"https:\\\/\\\/mountainguides.pro\\\/wp-content\\\/uploads\\\/2025\\\/01\\\/voshozhdenie-na-alpamajo.jpeg\",\"contentUrl\":\"https:\\\/\\\/mountainguides.pro\\\/wp-content\\\/uploads\\\/2025\\\/01\\\/voshozhdenie-na-alpamajo.jpeg\",\"width\":1800,\"height\":1350},{\"@type\":\"BreadcrumbList\",\"@id\":\"https:\\\/\\\/mountainguides.pro\\\/ar\\\/tours\\\/climbing\\\/climbing-alpamayo\\\/#breadcrumb\",\"itemListElement\":[{\"@type\":\"ListItem\",\"position\":1,\"name\":\"Home\",\"item\":\"https:\\\/\\\/mountainguides.pro\\\/de\\\/\"},{\"@type\":\"ListItem\",\"position\":2,\"name\":\"\u062a\u0633\u0644\u0642 \u0623\u0644\u0628\u0627\u0645\u0627\u064a\u0648\"}]},{\"@type\":\"WebSite\",\"@id\":\"https:\\\/\\\/mountainguides.pro\\\/#website\",\"url\":\"https:\\\/\\\/mountainguides.pro\\\/\",\"name\":\"Mountain Guide\",\"description\":\"We aspire to be the first in everything!\",\"publisher\":{\"@id\":\"https:\\\/\\\/mountainguides.pro\\\/#organization\"},\"potentialAction\":[{\"@type\":\"SearchAction\",\"target\":{\"@type\":\"EntryPoint\",\"urlTemplate\":\"https:\\\/\\\/mountainguides.pro\\\/?s={search_term_string}\"},\"query-input\":{\"@type\":\"PropertyValueSpecification\",\"valueRequired\":true,\"valueName\":\"search_term_string\"}}],\"inLanguage\":\"de\"},{\"@type\":\"Organization\",\"@id\":\"https:\\\/\\\/mountainguides.pro\\\/#organization\",\"name\":\"Mountain Guide\",\"url\":\"https:\\\/\\\/mountainguides.pro\\\/\",\"logo\":{\"@type\":\"ImageObject\",\"inLanguage\":\"de\",\"@id\":\"https:\\\/\\\/mountainguides.pro\\\/#\\\/schema\\\/logo\\\/image\\\/\",\"url\":\"https:\\\/\\\/mountainguides.pro\\\/wp-content\\\/uploads\\\/2018\\\/01\\\/mglogo.jpg\",\"contentUrl\":\"https:\\\/\\\/mountainguides.pro\\\/wp-content\\\/uploads\\\/2018\\\/01\\\/mglogo.jpg\",\"width\":1200,\"height\":630,\"caption\":\"Mountain Guide\"},\"image\":{\"@id\":\"https:\\\/\\\/mountainguides.pro\\\/#\\\/schema\\\/logo\\\/image\\\/\"},\"sameAs\":[\"https:\\\/\\\/www.facebook.com\\\/Mountainguide-232956566756831\\\/\",\"https:\\\/\\\/x.com\\\/Wintercyclone\",\"http:\\\/\\\/instagram.com\\\/mountainguide\",\"http:\\\/\\\/www.youtube.com\\\/mountainguide\"]}]}<\/script>\n<!-- \/ Yoast SEO Premium plugin. -->","yoast_head_json":{"title":"Climbing Alpamayo","robots":{"index":"index","follow":"follow","max-snippet":"max-snippet:-1","max-image-preview":"max-image-preview:large","max-video-preview":"max-video-preview:-1"},"canonical":"https:\/\/mountainguides.pro\/de\/tours\/climbing\/climbing-alpamayo\/","og_locale":"de_DE","og_type":"article","og_title":"[:en]Climbing Alpamayo[:de]Alpamayo besteigen[:es]Escalada en el Alpamayo[:pt]Escalada Alpamayo[:zh]\u767b\u9876\u963f\u5c14\u5e15\u9a6c\u7ea6[:ko]\uc54c\ud30c\ub9c8\uc694 \ub4f1\ubc18[:ja]\u30a2\u30eb\u30d1\u30de\u30e8\u30af\u30e9\u30a4\u30df\u30f3\u30b0[:hi]\u0905\u0932\u094d\u092a\u093e\u092e\u093e\u092f\u094b \u091a\u0922\u093c\u093e\u0908[:ar]\u062a\u0633\u0644\u0642 \u0623\u0644\u0628\u0627\u0645\u0627\u064a\u0648[:]","og_description":"Besteigung eines der sch\u00f6nsten und symboltr\u00e4chtigsten Gipfel Perus \u2013 des Alpamayo Kennenlernen der Kultur der peruanischen Hochlandbewohner, was dem Abenteuer eine kulturelle Komponente verleiht Besteigung der Quitaraju \u2013 eines der Gipfelmassive in den Kordilleren Perus Cordillera Blanca \u2013 ein Gebirgssystem in Peru, Teil der Anden, gelegen in der Region \u00c1ncash Beste Infrastruktur der Basis- und Hochlager Bitte beachten Sie, dass unser Unternehmen nicht im Bereich des Kaufs oder Verkaufs von Flugtickets und der Ausstellung von Visagenehmigungen t\u00e4tig ist und daher keine Verantwortung f\u00fcr h\u00f6here Gewalt im Zusammenhang mit Fl\u00fcgen und Grenz\u00fcbertritten \u00fcbernimmt. Wichtige Informationen: Die Check-in- und Check-out-Zeiten werden vom Hotel festgelegt: Check-in ab 15:00 Uhr, Check-out bis 11\u201312 Uhr. Das Gep\u00e4ck kann an der Rezeption des Hotels aufbewahrt werden, w\u00e4hrend Sie durch die Stadt spazieren, oder \u2013 falls technisch m\u00f6glich \u2013 kann gegen Aufpreis ein fr\u00fcher Check-in\/sp\u00e4ter Check-out arrangiert werden.","og_url":"https:\/\/mountainguides.pro\/de\/tours\/climbing\/climbing-alpamayo\/","og_site_name":"Mountain Guide","article_publisher":"https:\/\/www.facebook.com\/Mountainguide-232956566756831\/","article_modified_time":"2026-01-29T07:38:22+00:00","og_image":[{"width":1800,"height":1350,"url":"https:\/\/mountainguides.pro\/wp-content\/uploads\/2025\/01\/voshozhdenie-na-alpamajo.jpeg","type":"image\/jpeg"}],"twitter_card":"summary_large_image","twitter_site":"@Wintercyclone","twitter_misc":{"Gesch\u00e4tzte Lesezeit":"1\u00a0Minute"},"schema":{"@context":"https:\/\/schema.org","@graph":[{"@type":"WebPage","@id":"https:\/\/mountainguides.pro\/ar\/tours\/climbing\/climbing-alpamayo\/","url":"https:\/\/mountainguides.pro\/ar\/tours\/climbing\/climbing-alpamayo\/","name":"Climbing Alpamayo","isPartOf":{"@id":"https:\/\/mountainguides.pro\/#website"},"primaryImageOfPage":{"@id":"https:\/\/mountainguides.pro\/ar\/tours\/climbing\/climbing-alpamayo\/#primaryimage"},"image":{"@id":"https:\/\/mountainguides.pro\/ar\/tours\/climbing\/climbing-alpamayo\/#primaryimage"},"thumbnailUrl":"https:\/\/mountainguides.pro\/wp-content\/uploads\/2025\/01\/voshozhdenie-na-alpamajo.jpeg","datePublished":"2025-01-08T13:50:28+00:00","dateModified":"2026-01-29T07:38:22+00:00","breadcrumb":{"@id":"https:\/\/mountainguides.pro\/ar\/tours\/climbing\/climbing-alpamayo\/#breadcrumb"},"inLanguage":"de","potentialAction":[{"@type":"ReadAction","target":["https:\/\/mountainguides.pro\/ar\/tours\/climbing\/climbing-alpamayo\/"]}]},{"@type":"ImageObject","inLanguage":"de","@id":"https:\/\/mountainguides.pro\/ar\/tours\/climbing\/climbing-alpamayo\/#primaryimage","url":"https:\/\/mountainguides.pro\/wp-content\/uploads\/2025\/01\/voshozhdenie-na-alpamajo.jpeg","contentUrl":"https:\/\/mountainguides.pro\/wp-content\/uploads\/2025\/01\/voshozhdenie-na-alpamajo.jpeg","width":1800,"height":1350},{"@type":"BreadcrumbList","@id":"https:\/\/mountainguides.pro\/ar\/tours\/climbing\/climbing-alpamayo\/#breadcrumb","itemListElement":[{"@type":"ListItem","position":1,"name":"Home","item":"https:\/\/mountainguides.pro\/de\/"},{"@type":"ListItem","position":2,"name":"\u062a\u0633\u0644\u0642 \u0623\u0644\u0628\u0627\u0645\u0627\u064a\u0648"}]},{"@type":"WebSite","@id":"https:\/\/mountainguides.pro\/#website","url":"https:\/\/mountainguides.pro\/","name":"Mountain Guide","description":"We aspire to be the first in everything!","publisher":{"@id":"https:\/\/mountainguides.pro\/#organization"},"potentialAction":[{"@type":"SearchAction","target":{"@type":"EntryPoint","urlTemplate":"https:\/\/mountainguides.pro\/?s={search_term_string}"},"query-input":{"@type":"PropertyValueSpecification","valueRequired":true,"valueName":"search_term_string"}}],"inLanguage":"de"},{"@type":"Organization","@id":"https:\/\/mountainguides.pro\/#organization","name":"Mountain Guide","url":"https:\/\/mountainguides.pro\/","logo":{"@type":"ImageObject","inLanguage":"de","@id":"https:\/\/mountainguides.pro\/#\/schema\/logo\/image\/","url":"https:\/\/mountainguides.pro\/wp-content\/uploads\/2018\/01\/mglogo.jpg","contentUrl":"https:\/\/mountainguides.pro\/wp-content\/uploads\/2018\/01\/mglogo.jpg","width":1200,"height":630,"caption":"Mountain Guide"},"image":{"@id":"https:\/\/mountainguides.pro\/#\/schema\/logo\/image\/"},"sameAs":["https:\/\/www.facebook.com\/Mountainguide-232956566756831\/","https:\/\/x.com\/Wintercyclone","http:\/\/instagram.com\/mountainguide","http:\/\/www.youtube.com\/mountainguide"]}]}},"_links":{"self":[{"href":"https:\/\/mountainguides.pro\/de\/wp-json\/wp\/v2\/product\/21107","targetHints":{"allow":["GET"]}}],"collection":[{"href":"https:\/\/mountainguides.pro\/de\/wp-json\/wp\/v2\/product"}],"about":[{"href":"https:\/\/mountainguides.pro\/de\/wp-json\/wp\/v2\/types\/product"}],"replies":[{"embeddable":true,"href":"https:\/\/mountainguides.pro\/de\/wp-json\/wp\/v2\/comments?post=21107"}],"version-history":[{"count":13,"href":"https:\/\/mountainguides.pro\/de\/wp-json\/wp\/v2\/product\/21107\/revisions"}],"predecessor-version":[{"id":32656,"href":"https:\/\/mountainguides.pro\/de\/wp-json\/wp\/v2\/product\/21107\/revisions\/32656"}],"wp:featuredmedia":[{"embeddable":true,"href":"https:\/\/mountainguides.pro\/de\/wp-json\/wp\/v2\/media\/21437"}],"wp:attachment":[{"href":"https:\/\/mountainguides.pro\/de\/wp-json\/wp\/v2\/media?parent=21107"}],"wp:term":[{"taxonomy":"product_cat","embeddable":true,"href":"https:\/\/mountainguides.pro\/de\/wp-json\/wp\/v2\/product_cat?post=21107"},{"taxonomy":"product_tag","embeddable":true,"href":"https:\/\/mountainguides.pro\/de\/wp-json\/wp\/v2\/product_tag?post=21107"}],"curies":[{"name":"wp","href":"https:\/\/api.w.org\/{rel}","templated":true}]}}