{"id":21109,"date":"2025-01-08T16:50:30","date_gmt":"2025-01-08T13:50:30","guid":{"rendered":"https:\/\/mountainguides.pro\/?post_type=product&#038;p=21109"},"modified":"2026-01-29T10:24:46","modified_gmt":"2026-01-29T07:24:46","slug":"amazon-tour-panama-ecuador-peru-colombia-brazil","status":"publish","type":"product","link":"https:\/\/mountainguides.pro\/de\/tours\/adventure\/amazon-tour-panama-ecuador-peru-colombia-brazil\/","title":{"rendered":"Tour zum Amazonas: Panama, Ecuador, Peru, Kolumbien, Brasilien"},"content":{"rendered":"","protected":false},"excerpt":{"rendered":"<p>Gleich f\u00fcnf L\u00e4nder in einer einzigen Reise durch Mittel- und S\u00fcdamerika: Panama, Ecuador, Peru, Kolumbien und Brasilien<br data-start=\"127\" data-end=\"130\" \/>Karibisches Paradies: der San-Blas-Archipel und eine \u00dcbernachtung auf einer Insel unter dem Sternenhimmel<br data-start=\"247\" data-end=\"250\" \/>Thermalquellen von Papallacta in Ecuador mit luxuri\u00f6sem SPA-Komplex<br data-start=\"325\" data-end=\"328\" \/>Expedition auf dem Amazonas: Kaimane, uralte St\u00e4mme, Piranha-Angeln, Aras, schamanische Zeremonien und lokale Delikatessen<br data-start=\"454\" data-end=\"457\" \/>Historisch bedeutende St\u00e4dte wie Iquitos (Peru), Leticia (Kolumbien) und Manaus (Brasilien)<\/p>\n<h3 data-start=\"573\" data-end=\"598\"><strong data-start=\"577\" data-end=\"598\">Wichtiger Hinweis<\/strong><\/h3>\n<p data-start=\"599\" data-end=\"813\">Unsere Firma verkauft oder vermittelt keine Flugtickets und keine Visa und \u00fcbernimmt daher keine Verantwortung f\u00fcr unvorhergesehene Ereignisse, die mit Flugreisen oder Grenz\u00fcbertritten verbunden sind.<\/p>\n<h3 data-start=\"820\" data-end=\"850\"><strong data-start=\"824\" data-end=\"850\">Wichtige Informationen<\/strong><\/h3>\n<ul data-start=\"851\" data-end=\"1531\" data-is-last-node=\"\" data-is-only-node=\"\">\n<li data-start=\"851\" data-end=\"1170\">\n<p data-start=\"853\" data-end=\"1170\">Check-in\/Check-out: Der Check-in erfolgt ab 15:00 Uhr, der Check-out bis 11:00\u201312:00 Uhr (gem\u00e4\u00df Hotelrichtlinien).<br data-start=\"979\" data-end=\"982\" \/>Gep\u00e4ck kann an der Rezeption hinterlegt werden, um den Tag frei zu gestalten.<br data-start=\"1061\" data-end=\"1064\" \/>Ein fr\u00fcher Check-in oder sp\u00e4ter Check-out ist \u2013 sofern technisch m\u00f6glich \u2013 gegen Aufpreis m\u00f6glich.<\/p>\n<\/li>\n<li data-start=\"1172\" data-end=\"1531\" data-is-last-node=\"\">\n<p data-start=\"1174\" data-end=\"1531\" data-is-last-node=\"\">Diese Reise hat Expeditionscharakter: Sie beinhaltet Interaktionen mit lokalen St\u00e4mmen und Gemeinschaftensowie eine gewisse Abh\u00e4ngigkeit von Wetterbedingungen.<br data-start=\"1346\" data-end=\"1349\" \/>Wir werden uns bem\u00fchen, den geplanten Ablauf bestm\u00f6glich einzuhalten, behalten uns jedoch das Recht vor, \u00c4nderungen vorzunehmen, falls \u00e4u\u00dfere Umst\u00e4nde dies erforderlich machen.<\/p>\n<\/li>\n<\/ul>\n","protected":false},"featured_media":0,"comment_status":"closed","ping_status":"closed","template":"","meta":{"_acf_changed":false,"footnotes":""},"product_cat":[337],"product_tag":[],"class_list":{"0":"post-21109","1":"product","2":"type-product","3":"status-publish","5":"product_cat-adventure","7":"first","8":"instock","9":"shipping-taxable","10":"product-type-simple"},"acf":[],"yoast_head":"<!-- This site is optimized with the Yoast SEO Premium plugin v26.5 (Yoast SEO v27.4) - https:\/\/yoast.com\/product\/yoast-seo-premium-wordpress\/ -->\n<title>Adventure Amazon Panama Ecuador Peru<\/title>\n<meta name=\"robots\" content=\"index, follow, max-snippet:-1, max-image-preview:large, max-video-preview:-1\" \/>\n<link rel=\"canonical\" href=\"https:\/\/mountainguides.pro\/de\/tours\/adventure\/amazon-tour-panama-ecuador-peru-colombia-brazil\/\" \/>\n<meta property=\"og:locale\" content=\"de_DE\" \/>\n<meta property=\"og:locale:alternate\" content=\"en_US\" \/>\n<meta property=\"og:locale:alternate\" content=\"ru_RU\" \/>\n<meta property=\"og:locale:alternate\" content=\"es\" \/>\n<meta property=\"og:locale:alternate\" content=\"pt\" \/>\n<meta property=\"og:locale:alternate\" content=\"zh\" \/>\n<meta property=\"og:locale:alternate\" content=\"ko\" \/>\n<meta property=\"og:locale:alternate\" content=\"ja\" \/>\n<meta property=\"og:locale:alternate\" content=\"hi\" \/>\n<meta property=\"og:locale:alternate\" content=\"ar\" \/>\n<meta property=\"og:type\" content=\"article\" \/>\n<meta property=\"og:title\" content=\"Tour zum Amazonas: Panama, Ecuador, Peru, Kolumbien, Brasilien\" \/>\n<meta property=\"og:description\" content=\"Gleich f\u00fcnf L\u00e4nder in einer einzigen Reise durch Mittel- und S\u00fcdamerika: Panama, Ecuador, Peru, Kolumbien und BrasilienKaribisches Paradies: der San-Blas-Archipel und eine \u00dcbernachtung auf einer Insel unter dem SternenhimmelThermalquellen von Papallacta in Ecuador mit luxuri\u00f6sem SPA-KomplexExpedition auf dem Amazonas: Kaimane, uralte St\u00e4mme, Piranha-Angeln, Aras, schamanische Zeremonien und lokale DelikatessenHistorisch bedeutende St\u00e4dte wie Iquitos (Peru), Leticia (Kolumbien) und Manaus (Brasilien) Wichtiger Hinweis Unsere Firma verkauft oder vermittelt keine Flugtickets und keine Visa und \u00fcbernimmt daher keine Verantwortung f\u00fcr unvorhergesehene Ereignisse, die mit Flugreisen oder Grenz\u00fcbertritten verbunden sind.  Wichtige Informationen    Check-in\/Check-out: Der Check-in erfolgt ab 15:00 Uhr, der Check-out bis 11:00\u201312:00 Uhr (gem\u00e4\u00df Hotelrichtlinien).Gep\u00e4ck kann an der Rezeption hinterlegt werden, um den Tag frei zu gestalten.Ein fr\u00fcher Check-in oder sp\u00e4ter Check-out ist \u2013 sofern technisch m\u00f6glich \u2013 gegen Aufpreis m\u00f6glich.    Diese Reise hat Expeditionscharakter: Sie beinhaltet Interaktionen mit lokalen St\u00e4mmen und Gemeinschaftensowie eine gewisse Abh\u00e4ngigkeit von Wetterbedingungen.Wir werden uns bem\u00fchen, den geplanten Ablauf bestm\u00f6glich einzuhalten, behalten uns jedoch das Recht vor, \u00c4nderungen vorzunehmen, falls \u00e4u\u00dfere Umst\u00e4nde dies erforderlich machen.\" \/>\n<meta property=\"og:url\" content=\"https:\/\/mountainguides.pro\/de\/tours\/adventure\/amazon-tour-panama-ecuador-peru-colombia-brazil\/\" \/>\n<meta property=\"og:site_name\" content=\"Mountain Guide\" \/>\n<meta property=\"article:publisher\" content=\"https:\/\/www.facebook.com\/Mountainguide-232956566756831\/\" \/>\n<meta property=\"article:modified_time\" content=\"2026-01-29T07:24:46+00:00\" \/>\n<meta property=\"og:image\" content=\"https:\/\/mountainguides.pro\/wp-content\/uploads\/2018\/01\/mglogo.jpg\" \/>\n\t<meta property=\"og:image:width\" content=\"1200\" \/>\n\t<meta property=\"og:image:height\" content=\"630\" \/>\n\t<meta property=\"og:image:type\" content=\"image\/jpeg\" \/>\n<meta name=\"twitter:card\" content=\"summary_large_image\" \/>\n<meta name=\"twitter:site\" content=\"@Wintercyclone\" \/>\n<script type=\"application\/ld+json\" class=\"yoast-schema-graph\">{\"@context\":\"https:\\\/\\\/schema.org\",\"@graph\":[{\"@type\":\"WebPage\",\"@id\":\"https:\\\/\\\/mountainguides.pro\\\/ar\\\/tours\\\/adventure\\\/amazon-tour-panama-ecuador-peru-colombia-brazil\\\/\",\"url\":\"https:\\\/\\\/mountainguides.pro\\\/ar\\\/tours\\\/adventure\\\/amazon-tour-panama-ecuador-peru-colombia-brazil\\\/\",\"name\":\"Adventure Amazon Panama Ecuador Peru\",\"isPartOf\":{\"@id\":\"https:\\\/\\\/mountainguides.pro\\\/#website\"},\"datePublished\":\"2025-01-08T13:50:30+00:00\",\"dateModified\":\"2026-01-29T07:24:46+00:00\",\"breadcrumb\":{\"@id\":\"https:\\\/\\\/mountainguides.pro\\\/ar\\\/tours\\\/adventure\\\/amazon-tour-panama-ecuador-peru-colombia-brazil\\\/#breadcrumb\"},\"inLanguage\":\"de\",\"potentialAction\":[{\"@type\":\"ReadAction\",\"target\":[\"https:\\\/\\\/mountainguides.pro\\\/ar\\\/tours\\\/adventure\\\/amazon-tour-panama-ecuador-peru-colombia-brazil\\\/\"]}]},{\"@type\":\"BreadcrumbList\",\"@id\":\"https:\\\/\\\/mountainguides.pro\\\/ar\\\/tours\\\/adventure\\\/amazon-tour-panama-ecuador-peru-colombia-brazil\\\/#breadcrumb\",\"itemListElement\":[{\"@type\":\"ListItem\",\"position\":1,\"name\":\"Home\",\"item\":\"https:\\\/\\\/mountainguides.pro\\\/de\\\/\"},{\"@type\":\"ListItem\",\"position\":2,\"name\":\"\u062c\u0648\u0644\u0629 \u0627\u0644\u0623\u0645\u0627\u0632\u0648\u0646: \u0628\u0646\u0645\u0627 \u060c \u0627\u0644\u0625\u0643\u0648\u0627\u062f\u0648\u0631 \u060c \u0628\u064a\u0631\u0648 \u060c \u0643\u0648\u0644\u0648\u0645\u0628\u064a\u0627 \u060c \u0627\u0644\u0628\u0631\u0627\u0632\u064a\u0644\"}]},{\"@type\":\"WebSite\",\"@id\":\"https:\\\/\\\/mountainguides.pro\\\/#website\",\"url\":\"https:\\\/\\\/mountainguides.pro\\\/\",\"name\":\"Mountain Guide\",\"description\":\"We aspire to be the first in everything!\",\"publisher\":{\"@id\":\"https:\\\/\\\/mountainguides.pro\\\/#organization\"},\"potentialAction\":[{\"@type\":\"SearchAction\",\"target\":{\"@type\":\"EntryPoint\",\"urlTemplate\":\"https:\\\/\\\/mountainguides.pro\\\/?s={search_term_string}\"},\"query-input\":{\"@type\":\"PropertyValueSpecification\",\"valueRequired\":true,\"valueName\":\"search_term_string\"}}],\"inLanguage\":\"de\"},{\"@type\":\"Organization\",\"@id\":\"https:\\\/\\\/mountainguides.pro\\\/#organization\",\"name\":\"Mountain Guide\",\"url\":\"https:\\\/\\\/mountainguides.pro\\\/\",\"logo\":{\"@type\":\"ImageObject\",\"inLanguage\":\"de\",\"@id\":\"https:\\\/\\\/mountainguides.pro\\\/#\\\/schema\\\/logo\\\/image\\\/\",\"url\":\"https:\\\/\\\/mountainguides.pro\\\/wp-content\\\/uploads\\\/2018\\\/01\\\/mglogo.jpg\",\"contentUrl\":\"https:\\\/\\\/mountainguides.pro\\\/wp-content\\\/uploads\\\/2018\\\/01\\\/mglogo.jpg\",\"width\":1200,\"height\":630,\"caption\":\"Mountain Guide\"},\"image\":{\"@id\":\"https:\\\/\\\/mountainguides.pro\\\/#\\\/schema\\\/logo\\\/image\\\/\"},\"sameAs\":[\"https:\\\/\\\/www.facebook.com\\\/Mountainguide-232956566756831\\\/\",\"https:\\\/\\\/x.com\\\/Wintercyclone\",\"http:\\\/\\\/instagram.com\\\/mountainguide\",\"http:\\\/\\\/www.youtube.com\\\/mountainguide\"]}]}<\/script>\n<!-- \/ Yoast SEO Premium plugin. -->","yoast_head_json":{"title":"Adventure Amazon Panama Ecuador Peru","robots":{"index":"index","follow":"follow","max-snippet":"max-snippet:-1","max-image-preview":"max-image-preview:large","max-video-preview":"max-video-preview:-1"},"canonical":"https:\/\/mountainguides.pro\/de\/tours\/adventure\/amazon-tour-panama-ecuador-peru-colombia-brazil\/","og_locale":"de_DE","og_type":"article","og_title":"[:en]Amazon Tour: Panama, Ecuador, Peru, Colombia, Brazil[:de]Tour zum Amazonas: Panama, Ecuador, Peru, Kolumbien, Brasilien[:es]Viaje al Amazonas: Panam\u00e1, Ecuador, Per\u00fa, Colombia, Brasil[:pt]Tour pela Amaz\u00f4nia: Panam\u00e1, Equador, Peru, col\u00f4mbia, brasil[:zh]\u4e9a\u9a6c\u900a\u4e4b\u65c5\uff1a\u5df4\u62ff\u9a6c\u3001\u5384\u74dc\u591a\u5c14\u3001\u79d8\u9c81\u3001\u54e5\u4f26\u6bd4\u4e9a\u3001\u5df4\u897f[:ko]\uc544\ub9c8\uc874 \ud22c\uc5b4:\ud30c\ub098\ub9c8,\uc5d0\ucf70\ub3c4\ub974,\ud398\ub8e8,\ucf5c\ub86c\ube44\uc544,\ube0c\ub77c\uc9c8[:ja]\u30a2\u30de\u30be\u30f3\u30c4\u30a2\u30fc\uff1a\u30d1\u30ca\u30de\u3001\u30a8\u30af\u30a2\u30c9\u30eb\u3001\u30da\u30eb\u30fc\u3001\u30b3\u30ed\u30f3\u30d3\u30a2\u3001\u30d6\u30e9\u30b8\u30eb[:hi]\u0905\u092e\u0947\u091c\u093c\u0945\u0928 \u091f\u0942\u0930: \u092a\u0928\u093e\u092e\u093e, \u0907\u0915\u094d\u0935\u093e\u0921\u094b\u0930, \u092a\u0947\u0930\u0942, \u0915\u094b\u0932\u0902\u092c\u093f\u092f\u093e, \u092c\u094d\u0930\u093e\u091c\u0940\u0932[:ar]\u062c\u0648\u0644\u0629 \u0627\u0644\u0623\u0645\u0627\u0632\u0648\u0646: \u0628\u0646\u0645\u0627 \u060c \u0627\u0644\u0625\u0643\u0648\u0627\u062f\u0648\u0631 \u060c \u0628\u064a\u0631\u0648 \u060c \u0643\u0648\u0644\u0648\u0645\u0628\u064a\u0627 \u060c \u0627\u0644\u0628\u0631\u0627\u0632\u064a\u0644[:]","og_description":"Gleich f\u00fcnf L\u00e4nder in einer einzigen Reise durch Mittel- und S\u00fcdamerika: Panama, Ecuador, Peru, Kolumbien und BrasilienKaribisches Paradies: der San-Blas-Archipel und eine \u00dcbernachtung auf einer Insel unter dem SternenhimmelThermalquellen von Papallacta in Ecuador mit luxuri\u00f6sem SPA-KomplexExpedition auf dem Amazonas: Kaimane, uralte St\u00e4mme, Piranha-Angeln, Aras, schamanische Zeremonien und lokale DelikatessenHistorisch bedeutende St\u00e4dte wie Iquitos (Peru), Leticia (Kolumbien) und Manaus (Brasilien) Wichtiger Hinweis Unsere Firma verkauft oder vermittelt keine Flugtickets und keine Visa und \u00fcbernimmt daher keine Verantwortung f\u00fcr unvorhergesehene Ereignisse, die mit Flugreisen oder Grenz\u00fcbertritten verbunden sind.  Wichtige Informationen    Check-in\/Check-out: Der Check-in erfolgt ab 15:00 Uhr, der Check-out bis 11:00\u201312:00 Uhr (gem\u00e4\u00df Hotelrichtlinien).Gep\u00e4ck kann an der Rezeption hinterlegt werden, um den Tag frei zu gestalten.Ein fr\u00fcher Check-in oder sp\u00e4ter Check-out ist \u2013 sofern technisch m\u00f6glich \u2013 gegen Aufpreis m\u00f6glich.    Diese Reise hat Expeditionscharakter: Sie beinhaltet Interaktionen mit lokalen St\u00e4mmen und Gemeinschaftensowie eine gewisse Abh\u00e4ngigkeit von Wetterbedingungen.Wir werden uns bem\u00fchen, den geplanten Ablauf bestm\u00f6glich einzuhalten, behalten uns jedoch das Recht vor, \u00c4nderungen vorzunehmen, falls \u00e4u\u00dfere Umst\u00e4nde dies erforderlich machen.","og_url":"https:\/\/mountainguides.pro\/de\/tours\/adventure\/amazon-tour-panama-ecuador-peru-colombia-brazil\/","og_site_name":"Mountain Guide","article_publisher":"https:\/\/www.facebook.com\/Mountainguide-232956566756831\/","article_modified_time":"2026-01-29T07:24:46+00:00","og_image":[{"width":1200,"height":630,"url":"https:\/\/mountainguides.pro\/wp-content\/uploads\/2018\/01\/mglogo.jpg","type":"image\/jpeg"}],"twitter_card":"summary_large_image","twitter_site":"@Wintercyclone","schema":{"@context":"https:\/\/schema.org","@graph":[{"@type":"WebPage","@id":"https:\/\/mountainguides.pro\/ar\/tours\/adventure\/amazon-tour-panama-ecuador-peru-colombia-brazil\/","url":"https:\/\/mountainguides.pro\/ar\/tours\/adventure\/amazon-tour-panama-ecuador-peru-colombia-brazil\/","name":"Adventure Amazon Panama Ecuador Peru","isPartOf":{"@id":"https:\/\/mountainguides.pro\/#website"},"datePublished":"2025-01-08T13:50:30+00:00","dateModified":"2026-01-29T07:24:46+00:00","breadcrumb":{"@id":"https:\/\/mountainguides.pro\/ar\/tours\/adventure\/amazon-tour-panama-ecuador-peru-colombia-brazil\/#breadcrumb"},"inLanguage":"de","potentialAction":[{"@type":"ReadAction","target":["https:\/\/mountainguides.pro\/ar\/tours\/adventure\/amazon-tour-panama-ecuador-peru-colombia-brazil\/"]}]},{"@type":"BreadcrumbList","@id":"https:\/\/mountainguides.pro\/ar\/tours\/adventure\/amazon-tour-panama-ecuador-peru-colombia-brazil\/#breadcrumb","itemListElement":[{"@type":"ListItem","position":1,"name":"Home","item":"https:\/\/mountainguides.pro\/de\/"},{"@type":"ListItem","position":2,"name":"\u062c\u0648\u0644\u0629 \u0627\u0644\u0623\u0645\u0627\u0632\u0648\u0646: \u0628\u0646\u0645\u0627 \u060c \u0627\u0644\u0625\u0643\u0648\u0627\u062f\u0648\u0631 \u060c \u0628\u064a\u0631\u0648 \u060c \u0643\u0648\u0644\u0648\u0645\u0628\u064a\u0627 \u060c \u0627\u0644\u0628\u0631\u0627\u0632\u064a\u0644"}]},{"@type":"WebSite","@id":"https:\/\/mountainguides.pro\/#website","url":"https:\/\/mountainguides.pro\/","name":"Mountain Guide","description":"We aspire to be the first in everything!","publisher":{"@id":"https:\/\/mountainguides.pro\/#organization"},"potentialAction":[{"@type":"SearchAction","target":{"@type":"EntryPoint","urlTemplate":"https:\/\/mountainguides.pro\/?s={search_term_string}"},"query-input":{"@type":"PropertyValueSpecification","valueRequired":true,"valueName":"search_term_string"}}],"inLanguage":"de"},{"@type":"Organization","@id":"https:\/\/mountainguides.pro\/#organization","name":"Mountain Guide","url":"https:\/\/mountainguides.pro\/","logo":{"@type":"ImageObject","inLanguage":"de","@id":"https:\/\/mountainguides.pro\/#\/schema\/logo\/image\/","url":"https:\/\/mountainguides.pro\/wp-content\/uploads\/2018\/01\/mglogo.jpg","contentUrl":"https:\/\/mountainguides.pro\/wp-content\/uploads\/2018\/01\/mglogo.jpg","width":1200,"height":630,"caption":"Mountain Guide"},"image":{"@id":"https:\/\/mountainguides.pro\/#\/schema\/logo\/image\/"},"sameAs":["https:\/\/www.facebook.com\/Mountainguide-232956566756831\/","https:\/\/x.com\/Wintercyclone","http:\/\/instagram.com\/mountainguide","http:\/\/www.youtube.com\/mountainguide"]}]}},"_links":{"self":[{"href":"https:\/\/mountainguides.pro\/de\/wp-json\/wp\/v2\/product\/21109","targetHints":{"allow":["GET"]}}],"collection":[{"href":"https:\/\/mountainguides.pro\/de\/wp-json\/wp\/v2\/product"}],"about":[{"href":"https:\/\/mountainguides.pro\/de\/wp-json\/wp\/v2\/types\/product"}],"replies":[{"embeddable":true,"href":"https:\/\/mountainguides.pro\/de\/wp-json\/wp\/v2\/comments?post=21109"}],"version-history":[{"count":11,"href":"https:\/\/mountainguides.pro\/de\/wp-json\/wp\/v2\/product\/21109\/revisions"}],"predecessor-version":[{"id":32655,"href":"https:\/\/mountainguides.pro\/de\/wp-json\/wp\/v2\/product\/21109\/revisions\/32655"}],"wp:attachment":[{"href":"https:\/\/mountainguides.pro\/de\/wp-json\/wp\/v2\/media?parent=21109"}],"wp:term":[{"taxonomy":"product_cat","embeddable":true,"href":"https:\/\/mountainguides.pro\/de\/wp-json\/wp\/v2\/product_cat?post=21109"},{"taxonomy":"product_tag","embeddable":true,"href":"https:\/\/mountainguides.pro\/de\/wp-json\/wp\/v2\/product_tag?post=21109"}],"curies":[{"name":"wp","href":"https:\/\/api.w.org\/{rel}","templated":true}]}}