{"id":21130,"date":"2025-01-08T16:53:51","date_gmt":"2025-01-08T13:53:51","guid":{"rendered":"https:\/\/mountainguides.pro\/?post_type=product&#038;p=21130"},"modified":"2026-01-29T10:17:08","modified_gmt":"2026-01-29T07:17:08","slug":"trekking-around-mont-blanc","status":"publish","type":"product","link":"https:\/\/mountainguides.pro\/de\/tours\/trekking\/trekking-around-mont-blanc\/","title":{"rendered":"Trekking rund um den Mont Blanc"},"content":{"rendered":"","protected":false},"excerpt":{"rendered":"<ul>\n<li data-start=\"72\" data-end=\"205\">\n<p data-start=\"74\" data-end=\"205\">Wir werden die atemberaubenden Ausblicke auf stille Seen genie\u00dfen, in denen sich die majest\u00e4tischen Alpengipfel spiegeln.<\/p>\n<\/li>\n<li data-start=\"206\" data-end=\"294\">\n<p data-start=\"208\" data-end=\"294\">Wir sehen die echten alpinen Wiesen, wie man sie aus bekannten Werbespots kennt.<\/p>\n<\/li>\n<li data-start=\"295\" data-end=\"405\">\n<p data-start=\"297\" data-end=\"405\">Wir probieren die lokale K\u00fcche, darunter regionale Bauernprodukte aus entlegenen Gebieten Europas.<\/p>\n<\/li>\n<li data-start=\"406\" data-end=\"506\">\n<p data-start=\"408\" data-end=\"506\">Wir besuchen Bergd\u00f6rfer, die im Winter vollst\u00e4ndig von der Au\u00dfenwelt abgeschnitten sind.<\/p>\n<\/li>\n<li data-start=\"507\" data-end=\"596\" data-is-last-node=\"\">\n<p data-start=\"509\" data-end=\"596\" data-is-last-node=\"\">Wir sehen den Montblanc aus drei L\u00e4ndern \u2013 Frankreich, Italien und der Schweiz<\/p>\n<\/li>\n<\/ul>\n<p data-start=\"0\" data-end=\"110\"><strong data-start=\"0\" data-end=\"108\">Im Gegensatz zu anderen Anbietern bieten wir w\u00e4hrend des gesamten Trekkings eine komfortable Unterkunft.<\/strong><\/p>\n<p data-start=\"112\" data-end=\"141\"><strong data-start=\"112\" data-end=\"139\">Wichtige Informationen:<\/strong><\/p>\n<ul data-start=\"143\" data-end=\"788\" data-is-only-node=\"\" data-is-last-node=\"\">\n<li data-start=\"143\" data-end=\"533\">\n<p data-start=\"145\" data-end=\"533\">Die <strong data-start=\"149\" data-end=\"183\">Check-in- und Check-out-Zeiten<\/strong> werden vom Hotel festgelegt:<br data-start=\"212\" data-end=\"215\" \/><strong data-start=\"217\" data-end=\"242\">Check-in ab 15:00 Uhr<\/strong>, <strong data-start=\"244\" data-end=\"277\">Check-out bis 11:00\u201312:00 Uhr<\/strong>.<br data-start=\"278\" data-end=\"281\" \/>Das Gep\u00e4ck kann an der <strong data-start=\"306\" data-end=\"330\">Rezeption des Hotels<\/strong> deponiert werden, um anschlie\u00dfend einen Spaziergang durch die Stadt zu unternehmen.<br data-start=\"414\" data-end=\"417\" \/>Bei technischer M\u00f6glichkeit kann gegen Aufpreis ein <strong data-start=\"471\" data-end=\"512\">fr\u00fcher Check-in oder sp\u00e4ter Check-out<\/strong> arrangiert werden.<\/p>\n<\/li>\n<li data-start=\"535\" data-end=\"788\" data-is-last-node=\"\">\n<p data-start=\"537\" data-end=\"788\" data-is-last-node=\"\">Bitte beachten Sie, dass <strong data-start=\"562\" data-end=\"667\">unsere Firma keine Dienstleistungen im Bereich des Flugticketkaufs, -verkaufs oder der Visaabwicklung<\/strong> anbietet und daher <strong data-start=\"687\" data-end=\"777\">keine Verantwortung f\u00fcr h\u00f6here Gewalt im Zusammenhang mit Fl\u00fcgen oder Grenz\u00fcbertritten<\/strong> \u00fcbernimmt.<\/p>\n<\/li>\n<\/ul>\n","protected":false},"featured_media":21453,"comment_status":"closed","ping_status":"closed","template":"","meta":{"_acf_changed":false,"footnotes":""},"product_cat":[321],"product_tag":[],"class_list":{"0":"post-21130","1":"product","2":"type-product","3":"status-publish","4":"has-post-thumbnail","6":"product_cat-trekking","8":"first","9":"instock","10":"shipping-taxable","11":"purchasable","12":"product-type-simple"},"acf":[],"yoast_head":"<!-- This site is optimized with the Yoast SEO Premium plugin v26.5 (Yoast SEO v27.3) - https:\/\/yoast.com\/product\/yoast-seo-premium-wordpress\/ -->\n<title>Trekking Around Mont Blanc<\/title>\n<meta name=\"robots\" content=\"index, follow, max-snippet:-1, max-image-preview:large, max-video-preview:-1\" \/>\n<link rel=\"canonical\" href=\"https:\/\/mountainguides.pro\/de\/tours\/trekking\/trekking-around-mont-blanc\/\" \/>\n<meta property=\"og:locale\" content=\"de_DE\" \/>\n<meta property=\"og:locale:alternate\" content=\"en_US\" \/>\n<meta property=\"og:locale:alternate\" content=\"ru_RU\" \/>\n<meta property=\"og:locale:alternate\" content=\"es\" \/>\n<meta property=\"og:locale:alternate\" content=\"pt\" \/>\n<meta property=\"og:locale:alternate\" content=\"zh\" \/>\n<meta property=\"og:locale:alternate\" content=\"ko\" \/>\n<meta property=\"og:locale:alternate\" content=\"ja\" \/>\n<meta property=\"og:locale:alternate\" content=\"hi\" \/>\n<meta property=\"og:locale:alternate\" content=\"ar\" \/>\n<meta property=\"og:type\" content=\"article\" \/>\n<meta property=\"og:title\" content=\"Trekking rund um den Mont Blanc\" \/>\n<meta property=\"og:description\" content=\"Wir werden die atemberaubenden Ausblicke auf stille Seen genie\u00dfen, in denen sich die majest\u00e4tischen Alpengipfel spiegeln.    Wir sehen die echten alpinen Wiesen, wie man sie aus bekannten Werbespots kennt.    Wir probieren die lokale K\u00fcche, darunter regionale Bauernprodukte aus entlegenen Gebieten Europas.    Wir besuchen Bergd\u00f6rfer, die im Winter vollst\u00e4ndig von der Au\u00dfenwelt abgeschnitten sind.    Wir sehen den Montblanc aus drei L\u00e4ndern \u2013 Frankreich, Italien und der Schweiz   Im Gegensatz zu anderen Anbietern bieten wir w\u00e4hrend des gesamten Trekkings eine komfortable Unterkunft. Wichtige Informationen:     Die Check-in- und Check-out-Zeiten werden vom Hotel festgelegt:Check-in ab 15:00 Uhr, Check-out bis 11:00\u201312:00 Uhr.Das Gep\u00e4ck kann an der Rezeption des Hotels deponiert werden, um anschlie\u00dfend einen Spaziergang durch die Stadt zu unternehmen.Bei technischer M\u00f6glichkeit kann gegen Aufpreis ein fr\u00fcher Check-in oder sp\u00e4ter Check-out arrangiert werden.    Bitte beachten Sie, dass unsere Firma keine Dienstleistungen im Bereich des Flugticketkaufs, -verkaufs oder der Visaabwicklung anbietet und daher keine Verantwortung f\u00fcr h\u00f6here Gewalt im Zusammenhang mit Fl\u00fcgen oder Grenz\u00fcbertritten \u00fcbernimmt.\" \/>\n<meta property=\"og:url\" content=\"https:\/\/mountainguides.pro\/de\/tours\/trekking\/trekking-around-mont-blanc\/\" \/>\n<meta property=\"og:site_name\" content=\"Mountain Guide\" \/>\n<meta property=\"article:publisher\" content=\"https:\/\/www.facebook.com\/Mountainguide-232956566756831\/\" \/>\n<meta property=\"article:modified_time\" content=\"2026-01-29T07:17:08+00:00\" \/>\n<meta property=\"og:image\" content=\"https:\/\/mountainguides.pro\/wp-content\/uploads\/2025\/01\/tur-evropa-trekking-monblan-15.jpeg\" \/>\n\t<meta property=\"og:image:width\" content=\"1800\" \/>\n\t<meta property=\"og:image:height\" content=\"1350\" \/>\n\t<meta property=\"og:image:type\" content=\"image\/jpeg\" \/>\n<meta name=\"twitter:card\" content=\"summary_large_image\" \/>\n<meta name=\"twitter:site\" content=\"@Wintercyclone\" \/>\n<meta name=\"twitter:label1\" content=\"Gesch\u00e4tzte Lesezeit\" \/>\n\t<meta name=\"twitter:data1\" content=\"1\u00a0Minute\" \/>\n<script type=\"application\/ld+json\" class=\"yoast-schema-graph\">{\"@context\":\"https:\\\/\\\/schema.org\",\"@graph\":[{\"@type\":\"WebPage\",\"@id\":\"https:\\\/\\\/mountainguides.pro\\\/ar\\\/tours\\\/trekking\\\/trekking-around-mont-blanc\\\/\",\"url\":\"https:\\\/\\\/mountainguides.pro\\\/ar\\\/tours\\\/trekking\\\/trekking-around-mont-blanc\\\/\",\"name\":\"Trekking Around Mont Blanc\",\"isPartOf\":{\"@id\":\"https:\\\/\\\/mountainguides.pro\\\/#website\"},\"primaryImageOfPage\":{\"@id\":\"https:\\\/\\\/mountainguides.pro\\\/ar\\\/tours\\\/trekking\\\/trekking-around-mont-blanc\\\/#primaryimage\"},\"image\":{\"@id\":\"https:\\\/\\\/mountainguides.pro\\\/ar\\\/tours\\\/trekking\\\/trekking-around-mont-blanc\\\/#primaryimage\"},\"thumbnailUrl\":\"https:\\\/\\\/mountainguides.pro\\\/wp-content\\\/uploads\\\/2025\\\/01\\\/tur-evropa-trekking-monblan-15.jpeg\",\"datePublished\":\"2025-01-08T13:53:51+00:00\",\"dateModified\":\"2026-01-29T07:17:08+00:00\",\"breadcrumb\":{\"@id\":\"https:\\\/\\\/mountainguides.pro\\\/ar\\\/tours\\\/trekking\\\/trekking-around-mont-blanc\\\/#breadcrumb\"},\"inLanguage\":\"de\",\"potentialAction\":[{\"@type\":\"ReadAction\",\"target\":[\"https:\\\/\\\/mountainguides.pro\\\/ar\\\/tours\\\/trekking\\\/trekking-around-mont-blanc\\\/\"]}]},{\"@type\":\"ImageObject\",\"inLanguage\":\"de\",\"@id\":\"https:\\\/\\\/mountainguides.pro\\\/ar\\\/tours\\\/trekking\\\/trekking-around-mont-blanc\\\/#primaryimage\",\"url\":\"https:\\\/\\\/mountainguides.pro\\\/wp-content\\\/uploads\\\/2025\\\/01\\\/tur-evropa-trekking-monblan-15.jpeg\",\"contentUrl\":\"https:\\\/\\\/mountainguides.pro\\\/wp-content\\\/uploads\\\/2025\\\/01\\\/tur-evropa-trekking-monblan-15.jpeg\",\"width\":1800,\"height\":1350},{\"@type\":\"BreadcrumbList\",\"@id\":\"https:\\\/\\\/mountainguides.pro\\\/ar\\\/tours\\\/trekking\\\/trekking-around-mont-blanc\\\/#breadcrumb\",\"itemListElement\":[{\"@type\":\"ListItem\",\"position\":1,\"name\":\"Home\",\"item\":\"https:\\\/\\\/mountainguides.pro\\\/de\\\/\"},{\"@type\":\"ListItem\",\"position\":2,\"name\":\"\u0627\u0644\u0631\u062d\u0644\u0627\u062a \u062d\u0648\u0644 \u0645\u0648\u0646\u062a \u0628\u0644\u0627\u0646\u0643\"}]},{\"@type\":\"WebSite\",\"@id\":\"https:\\\/\\\/mountainguides.pro\\\/#website\",\"url\":\"https:\\\/\\\/mountainguides.pro\\\/\",\"name\":\"Mountain Guide\",\"description\":\"We aspire to be the first in everything!\",\"publisher\":{\"@id\":\"https:\\\/\\\/mountainguides.pro\\\/#organization\"},\"potentialAction\":[{\"@type\":\"SearchAction\",\"target\":{\"@type\":\"EntryPoint\",\"urlTemplate\":\"https:\\\/\\\/mountainguides.pro\\\/?s={search_term_string}\"},\"query-input\":{\"@type\":\"PropertyValueSpecification\",\"valueRequired\":true,\"valueName\":\"search_term_string\"}}],\"inLanguage\":\"de\"},{\"@type\":\"Organization\",\"@id\":\"https:\\\/\\\/mountainguides.pro\\\/#organization\",\"name\":\"Mountain Guide\",\"url\":\"https:\\\/\\\/mountainguides.pro\\\/\",\"logo\":{\"@type\":\"ImageObject\",\"inLanguage\":\"de\",\"@id\":\"https:\\\/\\\/mountainguides.pro\\\/#\\\/schema\\\/logo\\\/image\\\/\",\"url\":\"https:\\\/\\\/mountainguides.pro\\\/wp-content\\\/uploads\\\/2018\\\/01\\\/mglogo.jpg\",\"contentUrl\":\"https:\\\/\\\/mountainguides.pro\\\/wp-content\\\/uploads\\\/2018\\\/01\\\/mglogo.jpg\",\"width\":1200,\"height\":630,\"caption\":\"Mountain Guide\"},\"image\":{\"@id\":\"https:\\\/\\\/mountainguides.pro\\\/#\\\/schema\\\/logo\\\/image\\\/\"},\"sameAs\":[\"https:\\\/\\\/www.facebook.com\\\/Mountainguide-232956566756831\\\/\",\"https:\\\/\\\/x.com\\\/Wintercyclone\",\"http:\\\/\\\/instagram.com\\\/mountainguide\",\"http:\\\/\\\/www.youtube.com\\\/mountainguide\"]}]}<\/script>\n<!-- \/ Yoast SEO Premium plugin. -->","yoast_head_json":{"title":"Trekking Around Mont Blanc","robots":{"index":"index","follow":"follow","max-snippet":"max-snippet:-1","max-image-preview":"max-image-preview:large","max-video-preview":"max-video-preview:-1"},"canonical":"https:\/\/mountainguides.pro\/de\/tours\/trekking\/trekking-around-mont-blanc\/","og_locale":"de_DE","og_type":"article","og_title":"[:en]Trekking Around Mont Blanc[:de]Trekking rund um den Mont Blanc[:es]Trekking alrededor del Mont Blanc[:pt]Trekking ao redor do Mont Blanc[:zh]\u73af\u52c3\u6717\u5cf0\u5f92\u6b65[:ko]\ubabd\ube14\ub791 \uc8fc\ubcc0 \ud2b8\ub808\ud0b9[:ja]\u30e2\u30f3\u30d6\u30e9\u30f3\u5468\u8fba\u306e\u30c8\u30ec\u30c3\u30ad\u30f3\u30b0[:hi]\u092e\u094b\u0902\u091f \u092c\u094d\u0932\u093e\u0902\u0915 \u0915\u0947 \u0906\u0938\u092a\u093e\u0938 \u091f\u094d\u0930\u0947\u0915\u093f\u0902\u0917[:ar]\u0627\u0644\u0631\u062d\u0644\u0627\u062a \u062d\u0648\u0644 \u0645\u0648\u0646\u062a \u0628\u0644\u0627\u0646\u0643[:]","og_description":"Wir werden die atemberaubenden Ausblicke auf stille Seen genie\u00dfen, in denen sich die majest\u00e4tischen Alpengipfel spiegeln.    Wir sehen die echten alpinen Wiesen, wie man sie aus bekannten Werbespots kennt.    Wir probieren die lokale K\u00fcche, darunter regionale Bauernprodukte aus entlegenen Gebieten Europas.    Wir besuchen Bergd\u00f6rfer, die im Winter vollst\u00e4ndig von der Au\u00dfenwelt abgeschnitten sind.    Wir sehen den Montblanc aus drei L\u00e4ndern \u2013 Frankreich, Italien und der Schweiz   Im Gegensatz zu anderen Anbietern bieten wir w\u00e4hrend des gesamten Trekkings eine komfortable Unterkunft. Wichtige Informationen:     Die Check-in- und Check-out-Zeiten werden vom Hotel festgelegt:Check-in ab 15:00 Uhr, Check-out bis 11:00\u201312:00 Uhr.Das Gep\u00e4ck kann an der Rezeption des Hotels deponiert werden, um anschlie\u00dfend einen Spaziergang durch die Stadt zu unternehmen.Bei technischer M\u00f6glichkeit kann gegen Aufpreis ein fr\u00fcher Check-in oder sp\u00e4ter Check-out arrangiert werden.    Bitte beachten Sie, dass unsere Firma keine Dienstleistungen im Bereich des Flugticketkaufs, -verkaufs oder der Visaabwicklung anbietet und daher keine Verantwortung f\u00fcr h\u00f6here Gewalt im Zusammenhang mit Fl\u00fcgen oder Grenz\u00fcbertritten \u00fcbernimmt.","og_url":"https:\/\/mountainguides.pro\/de\/tours\/trekking\/trekking-around-mont-blanc\/","og_site_name":"Mountain Guide","article_publisher":"https:\/\/www.facebook.com\/Mountainguide-232956566756831\/","article_modified_time":"2026-01-29T07:17:08+00:00","og_image":[{"width":1800,"height":1350,"url":"https:\/\/mountainguides.pro\/wp-content\/uploads\/2025\/01\/tur-evropa-trekking-monblan-15.jpeg","type":"image\/jpeg"}],"twitter_card":"summary_large_image","twitter_site":"@Wintercyclone","twitter_misc":{"Gesch\u00e4tzte Lesezeit":"1\u00a0Minute"},"schema":{"@context":"https:\/\/schema.org","@graph":[{"@type":"WebPage","@id":"https:\/\/mountainguides.pro\/ar\/tours\/trekking\/trekking-around-mont-blanc\/","url":"https:\/\/mountainguides.pro\/ar\/tours\/trekking\/trekking-around-mont-blanc\/","name":"Trekking Around Mont Blanc","isPartOf":{"@id":"https:\/\/mountainguides.pro\/#website"},"primaryImageOfPage":{"@id":"https:\/\/mountainguides.pro\/ar\/tours\/trekking\/trekking-around-mont-blanc\/#primaryimage"},"image":{"@id":"https:\/\/mountainguides.pro\/ar\/tours\/trekking\/trekking-around-mont-blanc\/#primaryimage"},"thumbnailUrl":"https:\/\/mountainguides.pro\/wp-content\/uploads\/2025\/01\/tur-evropa-trekking-monblan-15.jpeg","datePublished":"2025-01-08T13:53:51+00:00","dateModified":"2026-01-29T07:17:08+00:00","breadcrumb":{"@id":"https:\/\/mountainguides.pro\/ar\/tours\/trekking\/trekking-around-mont-blanc\/#breadcrumb"},"inLanguage":"de","potentialAction":[{"@type":"ReadAction","target":["https:\/\/mountainguides.pro\/ar\/tours\/trekking\/trekking-around-mont-blanc\/"]}]},{"@type":"ImageObject","inLanguage":"de","@id":"https:\/\/mountainguides.pro\/ar\/tours\/trekking\/trekking-around-mont-blanc\/#primaryimage","url":"https:\/\/mountainguides.pro\/wp-content\/uploads\/2025\/01\/tur-evropa-trekking-monblan-15.jpeg","contentUrl":"https:\/\/mountainguides.pro\/wp-content\/uploads\/2025\/01\/tur-evropa-trekking-monblan-15.jpeg","width":1800,"height":1350},{"@type":"BreadcrumbList","@id":"https:\/\/mountainguides.pro\/ar\/tours\/trekking\/trekking-around-mont-blanc\/#breadcrumb","itemListElement":[{"@type":"ListItem","position":1,"name":"Home","item":"https:\/\/mountainguides.pro\/de\/"},{"@type":"ListItem","position":2,"name":"\u0627\u0644\u0631\u062d\u0644\u0627\u062a \u062d\u0648\u0644 \u0645\u0648\u0646\u062a \u0628\u0644\u0627\u0646\u0643"}]},{"@type":"WebSite","@id":"https:\/\/mountainguides.pro\/#website","url":"https:\/\/mountainguides.pro\/","name":"Mountain Guide","description":"We aspire to be the first in everything!","publisher":{"@id":"https:\/\/mountainguides.pro\/#organization"},"potentialAction":[{"@type":"SearchAction","target":{"@type":"EntryPoint","urlTemplate":"https:\/\/mountainguides.pro\/?s={search_term_string}"},"query-input":{"@type":"PropertyValueSpecification","valueRequired":true,"valueName":"search_term_string"}}],"inLanguage":"de"},{"@type":"Organization","@id":"https:\/\/mountainguides.pro\/#organization","name":"Mountain Guide","url":"https:\/\/mountainguides.pro\/","logo":{"@type":"ImageObject","inLanguage":"de","@id":"https:\/\/mountainguides.pro\/#\/schema\/logo\/image\/","url":"https:\/\/mountainguides.pro\/wp-content\/uploads\/2018\/01\/mglogo.jpg","contentUrl":"https:\/\/mountainguides.pro\/wp-content\/uploads\/2018\/01\/mglogo.jpg","width":1200,"height":630,"caption":"Mountain Guide"},"image":{"@id":"https:\/\/mountainguides.pro\/#\/schema\/logo\/image\/"},"sameAs":["https:\/\/www.facebook.com\/Mountainguide-232956566756831\/","https:\/\/x.com\/Wintercyclone","http:\/\/instagram.com\/mountainguide","http:\/\/www.youtube.com\/mountainguide"]}]}},"_links":{"self":[{"href":"https:\/\/mountainguides.pro\/de\/wp-json\/wp\/v2\/product\/21130","targetHints":{"allow":["GET"]}}],"collection":[{"href":"https:\/\/mountainguides.pro\/de\/wp-json\/wp\/v2\/product"}],"about":[{"href":"https:\/\/mountainguides.pro\/de\/wp-json\/wp\/v2\/types\/product"}],"replies":[{"embeddable":true,"href":"https:\/\/mountainguides.pro\/de\/wp-json\/wp\/v2\/comments?post=21130"}],"version-history":[{"count":12,"href":"https:\/\/mountainguides.pro\/de\/wp-json\/wp\/v2\/product\/21130\/revisions"}],"predecessor-version":[{"id":32654,"href":"https:\/\/mountainguides.pro\/de\/wp-json\/wp\/v2\/product\/21130\/revisions\/32654"}],"wp:featuredmedia":[{"embeddable":true,"href":"https:\/\/mountainguides.pro\/de\/wp-json\/wp\/v2\/media\/21453"}],"wp:attachment":[{"href":"https:\/\/mountainguides.pro\/de\/wp-json\/wp\/v2\/media?parent=21130"}],"wp:term":[{"taxonomy":"product_cat","embeddable":true,"href":"https:\/\/mountainguides.pro\/de\/wp-json\/wp\/v2\/product_cat?post=21130"},{"taxonomy":"product_tag","embeddable":true,"href":"https:\/\/mountainguides.pro\/de\/wp-json\/wp\/v2\/product_tag?post=21130"}],"curies":[{"name":"wp","href":"https:\/\/api.w.org\/{rel}","templated":true}]}}