{"id":13836,"date":"2016-05-15T10:47:05","date_gmt":"2016-05-15T07:47:05","guid":{"rendered":"http:\/\/mountainguide.ru\/ru\/climbing\/%d0%ba%d0%be%d1%81%d1%86%d1%8e%d1%88%d0%ba%d0%be\/"},"modified":"2026-04-06T15:50:35","modified_gmt":"2026-04-06T12:50:35","slug":"kosciuszko","status":"publish","type":"product","link":"https:\/\/mountainguides.pro\/es\/tours\/climbing\/kosciuszko\/","title":{"rendered":"Escalada en Kosciuszko"},"content":{"rendered":"<h2>About the tour<\/h2>\n<p>About the tour<\/p>\n<h2>Kosciuszko climbing.<\/h2>\n<p>Schedule and Services<\/p>\n<h2>The cost of Kosciuszko climb includes:<\/h2>\n<h2>Not included in the cost of Kosciuszko climb:<\/h2>\n<h2>Equipment.<\/h2>\n<p><a role=\"button\" href=\"#\"><br \/>\nDownload PDF<br \/>\n<\/a><\/p>\n","protected":false},"excerpt":{"rendered":"<ul>\n<li class=\"p1\">Ascenso al punto m\u00e1s alto de Australia: subiremos al monte Kosciuszko 2228\u202fm, una de las \u201cSiete Cimas\u201d.<\/li>\n<li class=\"p1\">Paseos pintorescos a lo largo del lago Jindabyne: un hermoso lago que refleja los picos monta\u00f1osos.<\/li>\n<li class=\"p1\">Excursiones en Canberra: conoceremos la cultura e historia de Australia, visitando la Galer\u00eda Nacional y el Parlamento.<\/li>\n<li class=\"p1\">Parque Nacional Kosciuszko: inmersi\u00f3n completa en la rica naturaleza de la regi\u00f3n, con la oportunidad de ver canguros, wombats y especies de aves raras en su h\u00e1bitat natural.<\/li>\n<li class=\"p1\">Vi\u00f1edos pintorescos: concluiremos nuestro viaje con momentos inolvidables de degustaci\u00f3n de vinos locales, disfrutando de la atm\u00f3sfera de los soleados vi\u00f1edos y de los exquisitos platos de la cocina australiana.<\/li>\n<\/ul>\n<p class=\"p1\"><strong>Atenci\u00f3n: nuestra empresa no realiza la compra ni venta de boletos de avi\u00f3n ni la gesti\u00f3n de visados, por lo que no se hace responsable de casos de fuerza mayor relacionados con vuelos o tr\u00e1mites fronterizos.<\/strong><i><\/i><\/p>\n<p class=\"p1\"><strong>Informaci\u00f3n importante:<\/strong><\/p>\n<p class=\"p1\">El horario de check-in y check-out est\u00e1 regulado por el hotel: entrada a partir de las 15:00, salida hasta las 11-12:00. Se puede dejar el equipaje en la recepci\u00f3n y pasear por la ciudad, o, si hay disponibilidad t\u00e9cnica, pagar un cargo adicional por entrada anticipada\/salida tard\u00eda.<\/p>\n<p class=\"p1\">En Australia existen dificultades para cambiar billetes peque\u00f1os, desgastados o antiguos (emitidos antes de 2009), tened esto en cuenta. En algunos lugares se cobra comisi\u00f3n extra, y en otros se puede denegar el cambio.<\/p>\n","protected":false},"featured_media":13888,"comment_status":"closed","ping_status":"closed","template":"","meta":{"_acf_changed":false,"footnotes":""},"product_cat":[320],"product_tag":[],"class_list":{"0":"post-13836","1":"product","2":"type-product","3":"status-publish","4":"has-post-thumbnail","6":"product_cat-climbing","8":"first","9":"instock","10":"virtual","11":"purchasable","12":"product-type-simple"},"acf":[],"yoast_head":"<!-- This site is optimized with the Yoast SEO Premium plugin v26.5 (Yoast SEO v27.3) - https:\/\/yoast.com\/product\/yoast-seo-premium-wordpress\/ -->\n<title>Climb Kosciuszko<\/title>\n<meta name=\"robots\" content=\"index, follow, max-snippet:-1, max-image-preview:large, max-video-preview:-1\" \/>\n<link rel=\"canonical\" href=\"https:\/\/mountainguides.pro\/es\/tours\/climbing\/kosciuszko\/\" \/>\n<meta property=\"og:locale\" content=\"es_ES\" \/>\n<meta property=\"og:locale:alternate\" content=\"en_US\" \/>\n<meta property=\"og:locale:alternate\" content=\"ru_RU\" \/>\n<meta property=\"og:locale:alternate\" content=\"de\" \/>\n<meta property=\"og:locale:alternate\" content=\"pt\" \/>\n<meta property=\"og:locale:alternate\" content=\"zh\" \/>\n<meta property=\"og:locale:alternate\" content=\"ko\" \/>\n<meta property=\"og:locale:alternate\" content=\"ja\" \/>\n<meta property=\"og:locale:alternate\" content=\"hi\" \/>\n<meta property=\"og:locale:alternate\" content=\"ar\" \/>\n<meta property=\"og:type\" content=\"article\" \/>\n<meta property=\"og:title\" content=\"Escalada en Kosciuszko\" \/>\n<meta property=\"og:description\" content=\"Ascenso al punto m\u00e1s alto de Australia: subiremos al monte Kosciuszko 2228\u202fm, una de las \u201cSiete Cimas\u201d.  Paseos pintorescos a lo largo del lago Jindabyne: un hermoso lago que refleja los picos monta\u00f1osos.  Excursiones en Canberra: conoceremos la cultura e historia de Australia, visitando la Galer\u00eda Nacional y el Parlamento.  Parque Nacional Kosciuszko: inmersi\u00f3n completa en la rica naturaleza de la regi\u00f3n, con la oportunidad de ver canguros, wombats y especies de aves raras en su h\u00e1bitat natural.  Vi\u00f1edos pintorescos: concluiremos nuestro viaje con momentos inolvidables de degustaci\u00f3n de vinos locales, disfrutando de la atm\u00f3sfera de los soleados vi\u00f1edos y de los exquisitos platos de la cocina australiana.  Atenci\u00f3n: nuestra empresa no realiza la compra ni venta de boletos de avi\u00f3n ni la gesti\u00f3n de visados, por lo que no se hace responsable de casos de fuerza mayor relacionados con vuelos o tr\u00e1mites fronterizos. Informaci\u00f3n importante: El horario de check-in y check-out est\u00e1 regulado por el hotel: entrada a partir de las 15:00, salida hasta las 11-12:00. Se puede dejar el equipaje en la recepci\u00f3n y pasear por la ciudad, o, si hay disponibilidad t\u00e9cnica, pagar un cargo adicional por entrada anticipada\/salida tard\u00eda. En Australia existen dificultades para cambiar billetes peque\u00f1os, desgastados o antiguos (emitidos antes de 2009), tened esto en cuenta. En algunos lugares se cobra comisi\u00f3n extra, y en otros se puede denegar el cambio.\" \/>\n<meta property=\"og:url\" content=\"https:\/\/mountainguides.pro\/es\/tours\/climbing\/kosciuszko\/\" \/>\n<meta property=\"og:site_name\" content=\"Mountain Guide\" \/>\n<meta property=\"article:publisher\" content=\"https:\/\/www.facebook.com\/Mountainguide-232956566756831\/\" \/>\n<meta property=\"article:modified_time\" content=\"2026-04-06T12:50:35+00:00\" \/>\n<meta property=\"og:image\" content=\"https:\/\/mountainguides.pro\/wp-content\/uploads\/2016\/05\/kosciuszko.jpg\" \/>\n\t<meta property=\"og:image:width\" content=\"800\" \/>\n\t<meta property=\"og:image:height\" content=\"600\" \/>\n\t<meta property=\"og:image:type\" content=\"image\/jpeg\" \/>\n<meta name=\"twitter:card\" content=\"summary_large_image\" \/>\n<meta name=\"twitter:site\" content=\"@Wintercyclone\" \/>\n<meta name=\"twitter:label1\" content=\"Tiempo de lectura\" \/>\n\t<meta name=\"twitter:data1\" content=\"1 minuto\" \/>\n<script type=\"application\/ld+json\" class=\"yoast-schema-graph\">{\"@context\":\"https:\\\/\\\/schema.org\",\"@graph\":[{\"@type\":\"WebPage\",\"@id\":\"https:\\\/\\\/mountainguides.pro\\\/tours\\\/climbing\\\/kosciuszko\\\/\",\"url\":\"https:\\\/\\\/mountainguides.pro\\\/tours\\\/climbing\\\/kosciuszko\\\/\",\"name\":\"Climb Kosciuszko\",\"isPartOf\":{\"@id\":\"https:\\\/\\\/mountainguides.pro\\\/#website\"},\"primaryImageOfPage\":{\"@id\":\"https:\\\/\\\/mountainguides.pro\\\/tours\\\/climbing\\\/kosciuszko\\\/#primaryimage\"},\"image\":{\"@id\":\"https:\\\/\\\/mountainguides.pro\\\/tours\\\/climbing\\\/kosciuszko\\\/#primaryimage\"},\"thumbnailUrl\":\"https:\\\/\\\/mountainguides.pro\\\/wp-content\\\/uploads\\\/2016\\\/05\\\/kosciuszko.jpg\",\"datePublished\":\"2016-05-15T07:47:05+00:00\",\"dateModified\":\"2026-04-06T12:50:35+00:00\",\"breadcrumb\":{\"@id\":\"https:\\\/\\\/mountainguides.pro\\\/tours\\\/climbing\\\/kosciuszko\\\/#breadcrumb\"},\"inLanguage\":\"es\",\"potentialAction\":[{\"@type\":\"ReadAction\",\"target\":[\"https:\\\/\\\/mountainguides.pro\\\/tours\\\/climbing\\\/kosciuszko\\\/\"]}]},{\"@type\":\"ImageObject\",\"inLanguage\":\"es\",\"@id\":\"https:\\\/\\\/mountainguides.pro\\\/tours\\\/climbing\\\/kosciuszko\\\/#primaryimage\",\"url\":\"https:\\\/\\\/mountainguides.pro\\\/wp-content\\\/uploads\\\/2016\\\/05\\\/kosciuszko.jpg\",\"contentUrl\":\"https:\\\/\\\/mountainguides.pro\\\/wp-content\\\/uploads\\\/2016\\\/05\\\/kosciuszko.jpg\",\"width\":800,\"height\":600,\"caption\":\"climb Kosciuszko\"},{\"@type\":\"BreadcrumbList\",\"@id\":\"https:\\\/\\\/mountainguides.pro\\\/tours\\\/climbing\\\/kosciuszko\\\/#breadcrumb\",\"itemListElement\":[{\"@type\":\"ListItem\",\"position\":1,\"name\":\"Home\",\"item\":\"https:\\\/\\\/mountainguides.pro\\\/de\\\/\"},{\"@type\":\"ListItem\",\"position\":2,\"name\":\"Climb Kosciuszko\"}]},{\"@type\":\"WebSite\",\"@id\":\"https:\\\/\\\/mountainguides.pro\\\/#website\",\"url\":\"https:\\\/\\\/mountainguides.pro\\\/\",\"name\":\"Mountain Guide\",\"description\":\"We aspire to be the first in everything!\",\"publisher\":{\"@id\":\"https:\\\/\\\/mountainguides.pro\\\/#organization\"},\"potentialAction\":[{\"@type\":\"SearchAction\",\"target\":{\"@type\":\"EntryPoint\",\"urlTemplate\":\"https:\\\/\\\/mountainguides.pro\\\/?s={search_term_string}\"},\"query-input\":{\"@type\":\"PropertyValueSpecification\",\"valueRequired\":true,\"valueName\":\"search_term_string\"}}],\"inLanguage\":\"es\"},{\"@type\":\"Organization\",\"@id\":\"https:\\\/\\\/mountainguides.pro\\\/#organization\",\"name\":\"Mountain Guide\",\"url\":\"https:\\\/\\\/mountainguides.pro\\\/\",\"logo\":{\"@type\":\"ImageObject\",\"inLanguage\":\"es\",\"@id\":\"https:\\\/\\\/mountainguides.pro\\\/#\\\/schema\\\/logo\\\/image\\\/\",\"url\":\"https:\\\/\\\/mountainguides.pro\\\/wp-content\\\/uploads\\\/2018\\\/01\\\/mglogo.jpg\",\"contentUrl\":\"https:\\\/\\\/mountainguides.pro\\\/wp-content\\\/uploads\\\/2018\\\/01\\\/mglogo.jpg\",\"width\":1200,\"height\":630,\"caption\":\"Mountain Guide\"},\"image\":{\"@id\":\"https:\\\/\\\/mountainguides.pro\\\/#\\\/schema\\\/logo\\\/image\\\/\"},\"sameAs\":[\"https:\\\/\\\/www.facebook.com\\\/Mountainguide-232956566756831\\\/\",\"https:\\\/\\\/x.com\\\/Wintercyclone\",\"http:\\\/\\\/instagram.com\\\/mountainguide\",\"http:\\\/\\\/www.youtube.com\\\/mountainguide\"]}]}<\/script>\n<!-- \/ Yoast SEO Premium plugin. -->","yoast_head_json":{"title":"Climb Kosciuszko","robots":{"index":"index","follow":"follow","max-snippet":"max-snippet:-1","max-image-preview":"max-image-preview:large","max-video-preview":"max-video-preview:-1"},"canonical":"https:\/\/mountainguides.pro\/es\/tours\/climbing\/kosciuszko\/","og_locale":"es_ES","og_type":"article","og_title":"[:en]Climb Kosciuszko[:de]Aufstieg nach Kosciuszko[:es]Escalada en Kosciuszko[:pt]Escalada Kosciusko[:zh]\u79d1\u897f\u4e4c\u65af\u79d1\u7684\u4e0a\u5347[:ko]\ucf54\uc2dc\uc6b0\uce20\ucf54 \ub4f1\ubc18[:ja]\u30b3\u30b8\u30a6\u30b9\u30b3\u306e\u4e0a\u6607[:hi]\u0915\u094b\u0938\u093f\u092f\u0938\u091c\u093c\u0915\u094b \u0915\u0940 \u091a\u0922\u093c\u093e\u0908[:ar]\u0635\u0639\u0648\u062f \u0643\u0648\u0633\u064a\u0648\u0633\u0643\u0648[:]","og_description":"Ascenso al punto m\u00e1s alto de Australia: subiremos al monte Kosciuszko 2228\u202fm, una de las \u201cSiete Cimas\u201d.  Paseos pintorescos a lo largo del lago Jindabyne: un hermoso lago que refleja los picos monta\u00f1osos.  Excursiones en Canberra: conoceremos la cultura e historia de Australia, visitando la Galer\u00eda Nacional y el Parlamento.  Parque Nacional Kosciuszko: inmersi\u00f3n completa en la rica naturaleza de la regi\u00f3n, con la oportunidad de ver canguros, wombats y especies de aves raras en su h\u00e1bitat natural.  Vi\u00f1edos pintorescos: concluiremos nuestro viaje con momentos inolvidables de degustaci\u00f3n de vinos locales, disfrutando de la atm\u00f3sfera de los soleados vi\u00f1edos y de los exquisitos platos de la cocina australiana.  Atenci\u00f3n: nuestra empresa no realiza la compra ni venta de boletos de avi\u00f3n ni la gesti\u00f3n de visados, por lo que no se hace responsable de casos de fuerza mayor relacionados con vuelos o tr\u00e1mites fronterizos. Informaci\u00f3n importante: El horario de check-in y check-out est\u00e1 regulado por el hotel: entrada a partir de las 15:00, salida hasta las 11-12:00. Se puede dejar el equipaje en la recepci\u00f3n y pasear por la ciudad, o, si hay disponibilidad t\u00e9cnica, pagar un cargo adicional por entrada anticipada\/salida tard\u00eda. En Australia existen dificultades para cambiar billetes peque\u00f1os, desgastados o antiguos (emitidos antes de 2009), tened esto en cuenta. En algunos lugares se cobra comisi\u00f3n extra, y en otros se puede denegar el cambio.","og_url":"https:\/\/mountainguides.pro\/es\/tours\/climbing\/kosciuszko\/","og_site_name":"Mountain Guide","article_publisher":"https:\/\/www.facebook.com\/Mountainguide-232956566756831\/","article_modified_time":"2026-04-06T12:50:35+00:00","og_image":[{"width":800,"height":600,"url":"https:\/\/mountainguides.pro\/wp-content\/uploads\/2016\/05\/kosciuszko.jpg","type":"image\/jpeg"}],"twitter_card":"summary_large_image","twitter_site":"@Wintercyclone","twitter_misc":{"Tiempo de lectura":"1 minuto"},"schema":{"@context":"https:\/\/schema.org","@graph":[{"@type":"WebPage","@id":"https:\/\/mountainguides.pro\/tours\/climbing\/kosciuszko\/","url":"https:\/\/mountainguides.pro\/tours\/climbing\/kosciuszko\/","name":"Climb Kosciuszko","isPartOf":{"@id":"https:\/\/mountainguides.pro\/#website"},"primaryImageOfPage":{"@id":"https:\/\/mountainguides.pro\/tours\/climbing\/kosciuszko\/#primaryimage"},"image":{"@id":"https:\/\/mountainguides.pro\/tours\/climbing\/kosciuszko\/#primaryimage"},"thumbnailUrl":"https:\/\/mountainguides.pro\/wp-content\/uploads\/2016\/05\/kosciuszko.jpg","datePublished":"2016-05-15T07:47:05+00:00","dateModified":"2026-04-06T12:50:35+00:00","breadcrumb":{"@id":"https:\/\/mountainguides.pro\/tours\/climbing\/kosciuszko\/#breadcrumb"},"inLanguage":"es","potentialAction":[{"@type":"ReadAction","target":["https:\/\/mountainguides.pro\/tours\/climbing\/kosciuszko\/"]}]},{"@type":"ImageObject","inLanguage":"es","@id":"https:\/\/mountainguides.pro\/tours\/climbing\/kosciuszko\/#primaryimage","url":"https:\/\/mountainguides.pro\/wp-content\/uploads\/2016\/05\/kosciuszko.jpg","contentUrl":"https:\/\/mountainguides.pro\/wp-content\/uploads\/2016\/05\/kosciuszko.jpg","width":800,"height":600,"caption":"climb Kosciuszko"},{"@type":"BreadcrumbList","@id":"https:\/\/mountainguides.pro\/tours\/climbing\/kosciuszko\/#breadcrumb","itemListElement":[{"@type":"ListItem","position":1,"name":"Home","item":"https:\/\/mountainguides.pro\/de\/"},{"@type":"ListItem","position":2,"name":"Climb Kosciuszko"}]},{"@type":"WebSite","@id":"https:\/\/mountainguides.pro\/#website","url":"https:\/\/mountainguides.pro\/","name":"Mountain Guide","description":"We aspire to be the first in everything!","publisher":{"@id":"https:\/\/mountainguides.pro\/#organization"},"potentialAction":[{"@type":"SearchAction","target":{"@type":"EntryPoint","urlTemplate":"https:\/\/mountainguides.pro\/?s={search_term_string}"},"query-input":{"@type":"PropertyValueSpecification","valueRequired":true,"valueName":"search_term_string"}}],"inLanguage":"es"},{"@type":"Organization","@id":"https:\/\/mountainguides.pro\/#organization","name":"Mountain Guide","url":"https:\/\/mountainguides.pro\/","logo":{"@type":"ImageObject","inLanguage":"es","@id":"https:\/\/mountainguides.pro\/#\/schema\/logo\/image\/","url":"https:\/\/mountainguides.pro\/wp-content\/uploads\/2018\/01\/mglogo.jpg","contentUrl":"https:\/\/mountainguides.pro\/wp-content\/uploads\/2018\/01\/mglogo.jpg","width":1200,"height":630,"caption":"Mountain Guide"},"image":{"@id":"https:\/\/mountainguides.pro\/#\/schema\/logo\/image\/"},"sameAs":["https:\/\/www.facebook.com\/Mountainguide-232956566756831\/","https:\/\/x.com\/Wintercyclone","http:\/\/instagram.com\/mountainguide","http:\/\/www.youtube.com\/mountainguide"]}]}},"_links":{"self":[{"href":"https:\/\/mountainguides.pro\/es\/wp-json\/wp\/v2\/product\/13836","targetHints":{"allow":["GET"]}}],"collection":[{"href":"https:\/\/mountainguides.pro\/es\/wp-json\/wp\/v2\/product"}],"about":[{"href":"https:\/\/mountainguides.pro\/es\/wp-json\/wp\/v2\/types\/product"}],"replies":[{"embeddable":true,"href":"https:\/\/mountainguides.pro\/es\/wp-json\/wp\/v2\/comments?post=13836"}],"version-history":[{"count":14,"href":"https:\/\/mountainguides.pro\/es\/wp-json\/wp\/v2\/product\/13836\/revisions"}],"predecessor-version":[{"id":33325,"href":"https:\/\/mountainguides.pro\/es\/wp-json\/wp\/v2\/product\/13836\/revisions\/33325"}],"wp:featuredmedia":[{"embeddable":true,"href":"https:\/\/mountainguides.pro\/es\/wp-json\/wp\/v2\/media\/13888"}],"wp:attachment":[{"href":"https:\/\/mountainguides.pro\/es\/wp-json\/wp\/v2\/media?parent=13836"}],"wp:term":[{"taxonomy":"product_cat","embeddable":true,"href":"https:\/\/mountainguides.pro\/es\/wp-json\/wp\/v2\/product_cat?post=13836"},{"taxonomy":"product_tag","embeddable":true,"href":"https:\/\/mountainguides.pro\/es\/wp-json\/wp\/v2\/product_tag?post=13836"}],"curies":[{"name":"wp","href":"https:\/\/api.w.org\/{rel}","templated":true}]}}