{"id":13848,"date":"2016-06-28T18:46:00","date_gmt":"2016-06-28T15:46:00","guid":{"rendered":"http:\/\/mountainguides.pro\/?post_type=product&#038;p=13848"},"modified":"2026-04-06T15:37:02","modified_gmt":"2026-04-06T12:37:02","slug":"elbrus-from-west","status":"publish","type":"product","link":"https:\/\/mountainguides.pro\/es\/tours\/climb-elbrus\/elbrus-from-west\/","title":{"rendered":"Ascenso al Elbrus desde el oeste"},"content":{"rendered":"<h2>About the tour<\/h2>\n<p>Elbrus from the West is an absolutely \u201cwild\u201d ascent, during which you are unlikely to meet other people. Enjoy mountain views in complete solitude, which many climbers dream of. There are no porters here (you will have to carry your own equipment and part of the public), cable cars and snow groomers, emergency posts and cafes, hotels and roads &#8211; only you and the mountains. Climbing Elbrus from the West is not an easy climb, and without experience with a rope, crossing ice fields with closed cracks and other basic skills, climbing this route is strongly not recommended. The descent can optionally be made to the south, thus shortening the program by a day or two, but for this you will have to transfer all the equipment through the top. Climbing Elbrus from the West is an excellent preparation for high-altitude autonomous expeditions &#8211; Lenin Peak, Muztag Ata, McKinley, Khan Tengri and others. The experience of moving on glaciers, the experience of spending the night above 4000 meters and the experience of climbing above 5000 meters is highly desirable.<\/p>\n<h2>Elbrus from the west climbing<\/h2>\n<p><strong>Day 1.<\/strong> Meeting at the airport of Mineralnye Vody, transfer, hotel accommodation, briefing, equipment check. Free time. a sign of arrival by morning flights in order to have time to relax before tomorrow.<br \/>\n<strong>Day 2.<\/strong> Transfer Mineralnye Vody &#8211; Khurzuk and further by off-road vehicle to the base camp to the clearing of narzans Dzhyly-Su. Acclimatization hike to camp-1 (height 3500m), dropping in equipment parts, descent to the base camp. Our path lies along the grassy slopes to the glacial sea, where the camp will be. The duration of the active part is 4-5 hours.<br \/>\n<strong>Day 3.<\/strong> Ascent to camp-1 (3500m), rest. The duration of the track is 3-4 hours.<br \/>\n<strong>Day 4.<\/strong> Acclimatization hike to a height of 3900 m, throwing in some equipment, snow and ice exercises, practicing self-holding on the slope and working with a rope. Night in camp-1 (3500m).<br \/>\n<strong>Day 5.<\/strong> Trek to camp-2 (altitude 4150m.) In front of the camp is one of the most difficult parts of the route. Duration 4-5 hours.<br \/>\n<strong>Day 6.<\/strong> Ascent to the Western shoulder of Elbrus (height 4600m), setting up camp-3 on the Western plateau. Duration 3-4 hours.<br \/>\n<strong>Day 7.<\/strong> Climbing the Western summit of Elbrus. From camp-3 on the Western Plateau (4600m) we climb the snowy slope of medium steepness to the very top. Overnight in camp-3 (4600m). Duration 8-12 hours.<br \/>\n<strong>Day 8.<\/strong> Reserve day in case of bad weather, descent to camp-1 (3500m).<br \/>\n<strong>Day 9.<\/strong> Descent to the Base Camp near the springs of Dzhyly-Su (2500 m)<br \/>\n<strong>Day 10.<\/strong> Transfer to Mineralnye Vody. Festive dinner, overnight at the hotel.<br \/>\n<strong>Day 11.<\/strong> Transfer to the airport.<\/p>\n<h2>Included in the cost of Elbrus climb:<\/h2>\n<ul>\n<li>Guides. Leader throughout the program and assistant guides (absolutely strictly in the ratio of 1 guide for 3 clients, that is, if there are 4 clients in the group, then there will already be two guides). We have no limit on the number of attempts to climb a group. However, if part of the group went down, and part did not, then the ascent is considered perfect, additional attempts are paid separately.<\/li>\n<li>Hotel in Mineralnye Vody, accommodation in 2-3-bed rooms. Number of nights according to the program.<\/li>\n<li>All transfers according to the program from the airport to the airport.<\/li>\n<li>Meals throughout the expedition, on the first day only dinner, on the last day only breakfast. The guide may need help with cooking.<\/li>\n<li>All necessary permits and registrations.<\/li>\n<li>Group equipment (Tents, ropes, ice screws, walkie-talkies, satellite navigators, first aid kit)<\/li>\n<\/ul>\n<h2>Not included in the cost of Elbrus climb:<\/h2>\n<ul>\n<li>Air tickets<\/li>\n<li>Single accommodation<\/li>\n<li>Personal equipment.<\/li>\n<li>Climbing insurance with helicopter coverage<\/li>\n<li>Individual guide<\/li>\n<li>Porters<\/li>\n<li>Any deviation from the program<\/li>\n<li>Any costs associated with program changes<\/li>\n<\/ul>\n<h2>List of equipment for climbing mount Elbrus from the West<\/h2>\n<p><a role=\"button\" href=\"#\"><br \/>\nDownload PDF<br \/>\n<\/a><\/p>\n<p>Documents:<\/p>\n<ul>\n<li>Passport<\/li>\n<li>Plane\/train tickets<\/li>\n<li>Medical insurance<\/li>\n<\/ul>\n<p>Personal equipment:<\/p>\n<ul>\n<li>Backpack. 70-80l.<\/li>\n<li>Sleeping bag, comfort temperature from -15C.<\/li>\n<li>Rug<\/li>\n<li>Trekking poles.<\/li>\n<li>Steel cats.<\/li>\n<li>Ice axe classical with a steel beak.<\/li>\n<li>climbing system.<\/li>\n<li>Helmet.<\/li>\n<li>Carabiners &#8211; 5 pcs.<\/li>\n<li>Mustache self-insurance.<\/li>\n<li>Zhumar<\/li>\n<li>Ice drill on a separate carabiner<\/li>\n<li>Descending device.<\/li>\n<li>Personal utensils.<\/li>\n<li>5 meters 5-6 mm. cord.<\/li>\n<\/ul>\n<p>Clothes and shoes:<\/p>\n<ul>\n<li>Climbing boots triple or double. Double &#8211; plastic or leather &#8211; very desirable with an external shoe cover.<\/li>\n<li>Trekking boots.<\/li>\n<li>Sneakers (for cities).<\/li>\n<li>Waterproof layer &#8211; Jacket + trousers. The industry offers a range of products from simple 5000\/5000 memban to Gore-Tex products.<\/li>\n<li>Fleece suit.<\/li>\n<li>Thermal underwear top+bottom.<\/li>\n<li>Puff. Thick and warm.<\/li>\n<li>The gloves are warm.<\/li>\n<li>The gloves are thick.<\/li>\n<li>The gloves are thin.<\/li>\n<li>Bandana (in addition to protection from the Sun in the valley, it can be used to warm the throat or face in the cold)<\/li>\n<li>A cap.<\/li>\n<li>Warm trekking socks for the day of the ascent.<\/li>\n<\/ul>\n<p>Travel Accessories<\/p>\n<ul>\n<li>LED flashlight for head<\/li>\n<li>Sunglasses<\/li>\n<li>Ski goggles<\/li>\n<li>Thermos &#8211; 1l. Preferably without a button in the lid.<\/li>\n<li>Windproof mask for the lower part of the face (with some success it can be replaced with a scarf)<\/li>\n<li>Leggings<\/li>\n<li>Sun cream, hygienic lipstick<\/li>\n<li>Chemical heating pads (not required, but can be very helpful)<\/li>\n<li>Personal first aid kit<\/li>\n<li>Elastic bandage and\/or support bandage.<\/li>\n<\/ul>\n","protected":false},"excerpt":{"rendered":"<p class=\"p1\">Ascenso al Elbrus: todos los tours<b><\/b><\/p>\n<p class=\"p1\"><b>Informaci\u00f3n importante:<\/b><b><\/b><\/p>\n<p class=\"p3\">\u2022 El horario de check-in y check-out est\u00e1 regulado por el hotel: el check-in desde las 15:00, el check-out hasta las 11:00-12:00. Se puede dejar el equipaje en la recepci\u00f3n del hotel y pasear por los alrededores, o, si es t\u00e9cnicamente posible, pagar un check-in temprano o check-out tard\u00edo.<\/p>\n<p class=\"p3\">\u2022 Se considera un intento cualquier salida del refugio en el d\u00eda del ascenso.<\/p>\n<p class=\"p3\">\u2022 Para ciudadanos extranjeros, si es necesario, emitimos invitaciones de cortes\u00eda para nuestros tours.<\/p>\n<ul>\n<li>Any exit from the shelter on the day of the ascent is an attempt.<\/li>\n<li>For foreign citizens, if necessary, we make guest invitations to our tours.<\/li>\n<\/ul>\n","protected":false},"featured_media":15179,"comment_status":"open","ping_status":"closed","template":"","meta":{"_acf_changed":false,"footnotes":""},"product_cat":[330,320,355],"product_tag":[],"class_list":{"0":"post-13848","1":"product","2":"type-product","3":"status-publish","4":"has-post-thumbnail","6":"product_cat-climb-elbrus","7":"product_cat-climbing","8":"product_cat-only-mount","10":"first","11":"instock","12":"downloadable","13":"shipping-taxable","14":"purchasable","15":"product-type-simple"},"acf":[],"yoast_head":"<!-- This site is optimized with the Yoast SEO Premium plugin v26.5 (Yoast SEO v27.3) - https:\/\/yoast.com\/product\/yoast-seo-premium-wordpress\/ -->\n<title>Climb Elbrus from the West<\/title>\n<meta name=\"robots\" content=\"index, follow, max-snippet:-1, max-image-preview:large, max-video-preview:-1\" \/>\n<link rel=\"canonical\" href=\"https:\/\/mountainguides.pro\/es\/tours\/climb-elbrus\/elbrus-from-west\/\" \/>\n<meta property=\"og:locale\" content=\"es_ES\" \/>\n<meta property=\"og:locale:alternate\" content=\"en_US\" \/>\n<meta property=\"og:locale:alternate\" content=\"ru_RU\" \/>\n<meta property=\"og:locale:alternate\" content=\"de\" \/>\n<meta property=\"og:locale:alternate\" content=\"pt\" \/>\n<meta property=\"og:locale:alternate\" content=\"zh\" \/>\n<meta property=\"og:locale:alternate\" content=\"ko\" \/>\n<meta property=\"og:locale:alternate\" content=\"ja\" \/>\n<meta property=\"og:locale:alternate\" content=\"hi\" \/>\n<meta property=\"og:locale:alternate\" content=\"ar\" \/>\n<meta property=\"og:type\" content=\"article\" \/>\n<meta property=\"og:title\" content=\"Ascenso al Elbrus desde el oeste\" \/>\n<meta property=\"og:description\" content=\"Ascenso al Elbrus: todos los tours Informaci\u00f3n importante: \u2022 El horario de check-in y check-out est\u00e1 regulado por el hotel: el check-in desde las 15:00, el check-out hasta las 11:00-12:00. Se puede dejar el equipaje en la recepci\u00f3n del hotel y pasear por los alrededores, o, si es t\u00e9cnicamente posible, pagar un check-in temprano o check-out tard\u00edo. \u2022 Se considera un intento cualquier salida del refugio en el d\u00eda del ascenso. \u2022 Para ciudadanos extranjeros, si es necesario, emitimos invitaciones de cortes\u00eda para nuestros tours.    Any exit from the shelter on the day of the ascent is an attempt.  For foreign citizens, if necessary, we make guest invitations to our tours.\" \/>\n<meta property=\"og:url\" content=\"https:\/\/mountainguides.pro\/es\/tours\/climb-elbrus\/elbrus-from-west\/\" \/>\n<meta property=\"og:site_name\" content=\"Mountain Guide\" \/>\n<meta property=\"article:publisher\" content=\"https:\/\/www.facebook.com\/Mountainguide-232956566756831\/\" \/>\n<meta property=\"article:modified_time\" content=\"2026-04-06T12:37:02+00:00\" \/>\n<meta property=\"og:image\" content=\"https:\/\/mountainguides.pro\/wp-content\/uploads\/2016\/06\/climb-peak-lenin-2012-019.jpg\" \/>\n\t<meta property=\"og:image:width\" content=\"900\" \/>\n\t<meta property=\"og:image:height\" content=\"1200\" \/>\n\t<meta property=\"og:image:type\" content=\"image\/jpeg\" \/>\n<meta name=\"twitter:card\" content=\"summary_large_image\" \/>\n<meta name=\"twitter:site\" content=\"@Wintercyclone\" \/>\n<meta name=\"twitter:label1\" content=\"Tiempo de lectura\" \/>\n\t<meta name=\"twitter:data1\" content=\"4 minutos\" \/>\n<script type=\"application\/ld+json\" class=\"yoast-schema-graph\">{\"@context\":\"https:\\\/\\\/schema.org\",\"@graph\":[{\"@type\":\"WebPage\",\"@id\":\"https:\\\/\\\/mountainguides.pro\\\/tours\\\/climb-elbrus\\\/elbrus-from-west\\\/\",\"url\":\"https:\\\/\\\/mountainguides.pro\\\/tours\\\/climb-elbrus\\\/elbrus-from-west\\\/\",\"name\":\"Climb Elbrus from the West\",\"isPartOf\":{\"@id\":\"https:\\\/\\\/mountainguides.pro\\\/#website\"},\"primaryImageOfPage\":{\"@id\":\"https:\\\/\\\/mountainguides.pro\\\/tours\\\/climb-elbrus\\\/elbrus-from-west\\\/#primaryimage\"},\"image\":{\"@id\":\"https:\\\/\\\/mountainguides.pro\\\/tours\\\/climb-elbrus\\\/elbrus-from-west\\\/#primaryimage\"},\"thumbnailUrl\":\"https:\\\/\\\/mountainguides.pro\\\/wp-content\\\/uploads\\\/2016\\\/06\\\/climb-peak-lenin-2012-019.jpg\",\"datePublished\":\"2016-06-28T15:46:00+00:00\",\"dateModified\":\"2026-04-06T12:37:02+00:00\",\"breadcrumb\":{\"@id\":\"https:\\\/\\\/mountainguides.pro\\\/tours\\\/climb-elbrus\\\/elbrus-from-west\\\/#breadcrumb\"},\"inLanguage\":\"es\",\"potentialAction\":[{\"@type\":\"ReadAction\",\"target\":[\"https:\\\/\\\/mountainguides.pro\\\/tours\\\/climb-elbrus\\\/elbrus-from-west\\\/\"]}]},{\"@type\":\"ImageObject\",\"inLanguage\":\"es\",\"@id\":\"https:\\\/\\\/mountainguides.pro\\\/tours\\\/climb-elbrus\\\/elbrus-from-west\\\/#primaryimage\",\"url\":\"https:\\\/\\\/mountainguides.pro\\\/wp-content\\\/uploads\\\/2016\\\/06\\\/climb-peak-lenin-2012-019.jpg\",\"contentUrl\":\"https:\\\/\\\/mountainguides.pro\\\/wp-content\\\/uploads\\\/2016\\\/06\\\/climb-peak-lenin-2012-019.jpg\",\"width\":900,\"height\":1200,\"caption\":\"climb Elbrus from the West\"},{\"@type\":\"BreadcrumbList\",\"@id\":\"https:\\\/\\\/mountainguides.pro\\\/tours\\\/climb-elbrus\\\/elbrus-from-west\\\/#breadcrumb\",\"itemListElement\":[{\"@type\":\"ListItem\",\"position\":1,\"name\":\"Home\",\"item\":\"https:\\\/\\\/mountainguides.pro\\\/de\\\/\"},{\"@type\":\"ListItem\",\"position\":2,\"name\":\"Climb Elbrus from the West\"}]},{\"@type\":\"WebSite\",\"@id\":\"https:\\\/\\\/mountainguides.pro\\\/#website\",\"url\":\"https:\\\/\\\/mountainguides.pro\\\/\",\"name\":\"Mountain Guide\",\"description\":\"We aspire to be the first in everything!\",\"publisher\":{\"@id\":\"https:\\\/\\\/mountainguides.pro\\\/#organization\"},\"potentialAction\":[{\"@type\":\"SearchAction\",\"target\":{\"@type\":\"EntryPoint\",\"urlTemplate\":\"https:\\\/\\\/mountainguides.pro\\\/?s={search_term_string}\"},\"query-input\":{\"@type\":\"PropertyValueSpecification\",\"valueRequired\":true,\"valueName\":\"search_term_string\"}}],\"inLanguage\":\"es\"},{\"@type\":\"Organization\",\"@id\":\"https:\\\/\\\/mountainguides.pro\\\/#organization\",\"name\":\"Mountain Guide\",\"url\":\"https:\\\/\\\/mountainguides.pro\\\/\",\"logo\":{\"@type\":\"ImageObject\",\"inLanguage\":\"es\",\"@id\":\"https:\\\/\\\/mountainguides.pro\\\/#\\\/schema\\\/logo\\\/image\\\/\",\"url\":\"https:\\\/\\\/mountainguides.pro\\\/wp-content\\\/uploads\\\/2018\\\/01\\\/mglogo.jpg\",\"contentUrl\":\"https:\\\/\\\/mountainguides.pro\\\/wp-content\\\/uploads\\\/2018\\\/01\\\/mglogo.jpg\",\"width\":1200,\"height\":630,\"caption\":\"Mountain Guide\"},\"image\":{\"@id\":\"https:\\\/\\\/mountainguides.pro\\\/#\\\/schema\\\/logo\\\/image\\\/\"},\"sameAs\":[\"https:\\\/\\\/www.facebook.com\\\/Mountainguide-232956566756831\\\/\",\"https:\\\/\\\/x.com\\\/Wintercyclone\",\"http:\\\/\\\/instagram.com\\\/mountainguide\",\"http:\\\/\\\/www.youtube.com\\\/mountainguide\"]}]}<\/script>\n<!-- \/ Yoast SEO Premium plugin. -->","yoast_head_json":{"title":"Climb Elbrus from the West","robots":{"index":"index","follow":"follow","max-snippet":"max-snippet:-1","max-image-preview":"max-image-preview:large","max-video-preview":"max-video-preview:-1"},"canonical":"https:\/\/mountainguides.pro\/es\/tours\/climb-elbrus\/elbrus-from-west\/","og_locale":"es_ES","og_type":"article","og_title":"[:en]Climb Elbrus from the West[:de]Aufstieg zum Elbrus aus dem Westen[:es]Ascenso al Elbrus desde el oeste[:pt]Escalando o Elbrus do Oeste[:zh]\u4ece\u897f\u9762\u6500\u767b\u5384\u5c14\u5e03\u9c81\u58eb\u5c71[:ko]\uc11c\ucabd\uc5d0\uc11c \uc5d8\ube0c\ub8e8\uc2a4 \uc0b0 \ub4f1\ubc18[:ja]\u30de\u30a6\u30f3\u30c8\u767bElbrus\u897f\u304b\u3089[:hi]\u092a\u0936\u094d\u091a\u093f\u092e \u0938\u0947 \u092e\u093e\u0909\u0902\u091f \u090f\u0932\u094d\u092c\u094d\u0930\u0938 \u092a\u0930 \u091a\u0922\u093c\u0928\u093e[:ar]\u062a\u0633\u0644\u0642 \u062c\u0628\u0644 \u0627\u0644\u0628\u0631\u0648\u0633 \u0645\u0646 \u0627\u0644\u063a\u0631\u0628[:]","og_description":"Ascenso al Elbrus: todos los tours Informaci\u00f3n importante: \u2022 El horario de check-in y check-out est\u00e1 regulado por el hotel: el check-in desde las 15:00, el check-out hasta las 11:00-12:00. Se puede dejar el equipaje en la recepci\u00f3n del hotel y pasear por los alrededores, o, si es t\u00e9cnicamente posible, pagar un check-in temprano o check-out tard\u00edo. \u2022 Se considera un intento cualquier salida del refugio en el d\u00eda del ascenso. \u2022 Para ciudadanos extranjeros, si es necesario, emitimos invitaciones de cortes\u00eda para nuestros tours.    Any exit from the shelter on the day of the ascent is an attempt.  For foreign citizens, if necessary, we make guest invitations to our tours.","og_url":"https:\/\/mountainguides.pro\/es\/tours\/climb-elbrus\/elbrus-from-west\/","og_site_name":"Mountain Guide","article_publisher":"https:\/\/www.facebook.com\/Mountainguide-232956566756831\/","article_modified_time":"2026-04-06T12:37:02+00:00","og_image":[{"width":900,"height":1200,"url":"https:\/\/mountainguides.pro\/wp-content\/uploads\/2016\/06\/climb-peak-lenin-2012-019.jpg","type":"image\/jpeg"}],"twitter_card":"summary_large_image","twitter_site":"@Wintercyclone","twitter_misc":{"Tiempo de lectura":"4 minutos"},"schema":{"@context":"https:\/\/schema.org","@graph":[{"@type":"WebPage","@id":"https:\/\/mountainguides.pro\/tours\/climb-elbrus\/elbrus-from-west\/","url":"https:\/\/mountainguides.pro\/tours\/climb-elbrus\/elbrus-from-west\/","name":"Climb Elbrus from the West","isPartOf":{"@id":"https:\/\/mountainguides.pro\/#website"},"primaryImageOfPage":{"@id":"https:\/\/mountainguides.pro\/tours\/climb-elbrus\/elbrus-from-west\/#primaryimage"},"image":{"@id":"https:\/\/mountainguides.pro\/tours\/climb-elbrus\/elbrus-from-west\/#primaryimage"},"thumbnailUrl":"https:\/\/mountainguides.pro\/wp-content\/uploads\/2016\/06\/climb-peak-lenin-2012-019.jpg","datePublished":"2016-06-28T15:46:00+00:00","dateModified":"2026-04-06T12:37:02+00:00","breadcrumb":{"@id":"https:\/\/mountainguides.pro\/tours\/climb-elbrus\/elbrus-from-west\/#breadcrumb"},"inLanguage":"es","potentialAction":[{"@type":"ReadAction","target":["https:\/\/mountainguides.pro\/tours\/climb-elbrus\/elbrus-from-west\/"]}]},{"@type":"ImageObject","inLanguage":"es","@id":"https:\/\/mountainguides.pro\/tours\/climb-elbrus\/elbrus-from-west\/#primaryimage","url":"https:\/\/mountainguides.pro\/wp-content\/uploads\/2016\/06\/climb-peak-lenin-2012-019.jpg","contentUrl":"https:\/\/mountainguides.pro\/wp-content\/uploads\/2016\/06\/climb-peak-lenin-2012-019.jpg","width":900,"height":1200,"caption":"climb Elbrus from the West"},{"@type":"BreadcrumbList","@id":"https:\/\/mountainguides.pro\/tours\/climb-elbrus\/elbrus-from-west\/#breadcrumb","itemListElement":[{"@type":"ListItem","position":1,"name":"Home","item":"https:\/\/mountainguides.pro\/de\/"},{"@type":"ListItem","position":2,"name":"Climb Elbrus from the West"}]},{"@type":"WebSite","@id":"https:\/\/mountainguides.pro\/#website","url":"https:\/\/mountainguides.pro\/","name":"Mountain Guide","description":"We aspire to be the first in everything!","publisher":{"@id":"https:\/\/mountainguides.pro\/#organization"},"potentialAction":[{"@type":"SearchAction","target":{"@type":"EntryPoint","urlTemplate":"https:\/\/mountainguides.pro\/?s={search_term_string}"},"query-input":{"@type":"PropertyValueSpecification","valueRequired":true,"valueName":"search_term_string"}}],"inLanguage":"es"},{"@type":"Organization","@id":"https:\/\/mountainguides.pro\/#organization","name":"Mountain Guide","url":"https:\/\/mountainguides.pro\/","logo":{"@type":"ImageObject","inLanguage":"es","@id":"https:\/\/mountainguides.pro\/#\/schema\/logo\/image\/","url":"https:\/\/mountainguides.pro\/wp-content\/uploads\/2018\/01\/mglogo.jpg","contentUrl":"https:\/\/mountainguides.pro\/wp-content\/uploads\/2018\/01\/mglogo.jpg","width":1200,"height":630,"caption":"Mountain Guide"},"image":{"@id":"https:\/\/mountainguides.pro\/#\/schema\/logo\/image\/"},"sameAs":["https:\/\/www.facebook.com\/Mountainguide-232956566756831\/","https:\/\/x.com\/Wintercyclone","http:\/\/instagram.com\/mountainguide","http:\/\/www.youtube.com\/mountainguide"]}]}},"_links":{"self":[{"href":"https:\/\/mountainguides.pro\/es\/wp-json\/wp\/v2\/product\/13848","targetHints":{"allow":["GET"]}}],"collection":[{"href":"https:\/\/mountainguides.pro\/es\/wp-json\/wp\/v2\/product"}],"about":[{"href":"https:\/\/mountainguides.pro\/es\/wp-json\/wp\/v2\/types\/product"}],"replies":[{"embeddable":true,"href":"https:\/\/mountainguides.pro\/es\/wp-json\/wp\/v2\/comments?post=13848"}],"version-history":[{"count":22,"href":"https:\/\/mountainguides.pro\/es\/wp-json\/wp\/v2\/product\/13848\/revisions"}],"predecessor-version":[{"id":33314,"href":"https:\/\/mountainguides.pro\/es\/wp-json\/wp\/v2\/product\/13848\/revisions\/33314"}],"wp:featuredmedia":[{"embeddable":true,"href":"https:\/\/mountainguides.pro\/es\/wp-json\/wp\/v2\/media\/15179"}],"wp:attachment":[{"href":"https:\/\/mountainguides.pro\/es\/wp-json\/wp\/v2\/media?parent=13848"}],"wp:term":[{"taxonomy":"product_cat","embeddable":true,"href":"https:\/\/mountainguides.pro\/es\/wp-json\/wp\/v2\/product_cat?post=13848"},{"taxonomy":"product_tag","embeddable":true,"href":"https:\/\/mountainguides.pro\/es\/wp-json\/wp\/v2\/product_tag?post=13848"}],"curies":[{"name":"wp","href":"https:\/\/api.w.org\/{rel}","templated":true}]}}