{"id":13849,"date":"2016-06-28T18:46:28","date_gmt":"2016-06-28T15:46:28","guid":{"rendered":"http:\/\/mountainguides.pro\/?post_type=product&#038;p=13849"},"modified":"2026-04-06T15:32:20","modified_gmt":"2026-04-06T12:32:20","slug":"elbrus-traverse-from-south-to-north","status":"publish","type":"product","link":"https:\/\/mountainguides.pro\/es\/tours\/climb-elbrus\/elbrus-traverse-from-south-to-north\/","title":{"rendered":"Escalada en Elbrus, traves\u00eda de sur a Norte"},"content":{"rendered":"<h2>About the tour<\/h2>\n<p>Any of\u00a0Elbrus climbs\u00a0from the South can be turned into an Elbrus South to North traverse. However, only with this program we can offer you a lower price \u2013 equal to that of climbing with a group \u2013 even if you choose to climb alone, without a group.<\/p>\n<p>Any other Elbrus climbs from the South out of this program also can be followed by descent on the northern side, but in that case you will have to pay the extra expenses of additional logistics and guide services.<\/p>\n<p>The Elbrus South to North traverse consists of a pretty easy climb that allows for comfortable and quality acclimatization along with enjoying Elbrus views from different perspectives. You will get also the experience of climbing in roped parties and that of a very-very long day (though, you day wouldn\u2019t be very difficult and long if you choose to use a Snowcat to cut short part of the southern route to an altitude of 5100m). Anyway, you should be in good physical shape since on the northern side of Elbrus there are no such vehicles to rely on.<\/p>\n<h2>9-day Schedule for a Guided Elbrus South to North Traverse.<\/h2>\n<p><strong>Day 1. <\/strong>Arrival at MRV airport. Departure from the airport at 12: 00-12: 15 pm for all arrivals on flights before 11:30 pm. Departure from the airport at 15: 15-15: 30 pm for all arrivals before 14:45 pm. Moving 200 km (3 hours) transfer to the hotel. The hotel of the system is at the beginning of the hundred-kilometer valley of the Baksan River, almost on the very slope of Elbrus. Gathering for dinner.<br \/>\n<strong>Day 2.<\/strong> Acclimatization hike to Cheget. Descent on foot to the hotel.<br \/>\n<strong>Day 3.<\/strong> Morning acclimatization hike to Maid\u2019s Braids waterfall (at 2700m) and further on, to the observatory (at 3100m).<br \/>\n<strong>Day 4.<\/strong>\u00a0Taking a lift to the refuge and setting up there. After a snack, making an acclimatization hike to an elevation of 4400m, till the end of the ridge. Overnight stay in the huts.<br \/>\n<strong>Day 5.<\/strong>\u00a0An acclimatization hike to Pastukhov\u2019s Rocks (at 4700m).<br \/>\n<strong>Day 6.<\/strong>\u00a0Rest day. Final preparations for summiting Elbrus.<br \/>\n<strong>Day 7.<\/strong>\u00a0Summiting Mt. Elbrus (5642m), with an early start (at 2\u20134 AM) and possible use of a Snowcat. The proportion of guides and clients is strictly 1:3. Descent to a hut on the northern side.<br \/>\n<strong>Day 8.<\/strong>\u00a0Reserve day. Descent to Emanuel glade, transfer to Terskol.<br \/>\n<strong>Day 9.<\/strong>\u00a0Transfer from Terskol to the airport at 7 AM (plan your flight with this in mind!). Probably there will be some time for a walk in Pyatigorsk after you reach the airport and leave your luggage there. On your own, you can visit also the well-known Russian poet Lermontov\u2019s duel site.<\/p>\n<p><strong>To give you peace of mind, the package tours we offer, as a rule, include all expenses you may face.<\/strong><\/p>\n<h2>Included in the cost of Elbrus South to North Traverse:<\/h2>\n<ul>\n<li>Mountain guides: one leading guide for the program of Elbrus South to North traverse and several assistants for the day of summiting, with a strict proportion of 1 guide per three climbers. This means that if there are four clients in a group, there will be two guides for them.\u00a0<strong>We have no limitation of attempts for the group to summit.<\/strong>\u00a0However, if part of the group made it to the summit while some members failed to, summiting is considered successful, and any additional attempts are made for additional payment.<\/li>\n<li>Services of a cook.<\/li>\n<li>Hotel with accommodation in double and triple rooms. Duration of stay depends on the schedule.<\/li>\n<li>Accommodation in huts. Duration of stay depends on the schedule of Elbrus climb.<\/li>\n<li>All transfers mentioned in the itinerary (including lifts) \u2013 from and to airport \/ station.<\/li>\n<li>Meals three times a day throughout the trip. Dinner on the first day, breakfast \u2013 on the last.<\/li>\n<li>All required permits and registrations.<\/li>\n<li>Equipment for the group (ropes, ice screws, radios, first aid set, satellite navigators\/GPS).<\/li>\n<\/ul>\n<h2>Not included in the cost of Elbrus South to North Traverse:<\/h2>\n<ul>\n<li>Snowcat on summiting day<\/li>\n<li>Single accommodation<\/li>\n<li>Personal equipment<\/li>\n<li>Any deviations to the original schedule.<\/li>\n<li>Any costs associated with program changes<\/li>\n<\/ul>\n<h2>List of equipment for Elbrus traverse from South to North.<\/h2>\n<p><a role=\"button\" href=\"#\"><br \/>\nDownload PDF<br \/>\n<\/a><\/p>\n<p>Documents<\/p>\n<ul>\n<li>Valid passport<\/li>\n<li>Airline tickets<\/li>\n<li>Voucher (a form, which was sent to you for obtaining visa)<\/li>\n<li>Insurance<\/li>\n<\/ul>\n<p>Personal equipment<\/p>\n<ul>\n<li>Backpack<\/li>\n<li>Sleeping bag<\/li>\n<li>Ski\/trekking poles<\/li>\n<li>Crampons<\/li>\n<li>Ice axe<\/li>\n<li>Mountaineering Lanyard<\/li>\n<li>Helmet<\/li>\n<li>Harness<\/li>\n<li>5 Carabines<\/li>\n<li>7 meters of 5 or 6 mm rope<\/li>\n<\/ul>\n<p>Clothing and shoes.<\/p>\n<ul>\n<li>Wind and waterproof layer \u2013 Pants and Jacket. Gore-Tex, for example.<\/li>\n<li>Fleece pants and jacket<\/li>\n<li>Thermo underwear layer \u2013 top and bottom<\/li>\n<li>Dawn jacket.<\/li>\n<li>Mittens<\/li>\n<li>Thick gloves<\/li>\n<li>Thin gloves<\/li>\n<li>Bandana<\/li>\n<li>Warm hat<\/li>\n<li>Underwear, socks and so on<\/li>\n<li>Some warm socks for a summit day<\/li>\n<li>Balaclava<\/li>\n<li>Windproof face mask<\/li>\n<li>Gators<\/li>\n<li>Trekking shoes\/trekking boots<\/li>\n<li>Double or triple boots<\/li>\n<\/ul>\n<p>Travel Accessories<\/p>\n<ul>\n<li>Headlamp<\/li>\n<li>Shower accessories, toothpaste, toothbrush<\/li>\n<li>Sunglasses<\/li>\n<li>Ski goggles<\/li>\n<li>Vitamins<\/li>\n<li>Thermos (1 liter, better without button)<\/li>\n<li>Sunblock and lip balm<\/li>\n<li>Personal medical kit<\/li>\n<li>Spare contact lenses or glasses<\/li>\n<li>Knee supports<\/li>\n<\/ul>\n","protected":false},"excerpt":{"rendered":"<p class=\"p1\">Ascenso al Elbr\u00fas: todos los tours<\/p>\n<p class=\"p1\">\u00bfPor qu\u00e9 vale la pena ir al Elbr\u00fas con nosotros?<\/p>\n<p class=\"p3\">En primer lugar, son <span class=\"s1\">nuestros gu\u00edas<\/span> y solo nuestros, y no solo lo decimos, sino que, a diferencia de muchas otras compa\u00f1\u00edas, \u00a1no tenemos miedo de mostr\u00e1rtelos! No hay l\u00edmite en la cantidad de intentos de ascenso, como suele ocurrir en otras empresas (generalmente solo uno). Puedes intentar subir en todos los d\u00edas de reserva del programa sin pagar extra por intentos adicionales.<\/p>\n<p class=\"p3\">Excelente alimentaci\u00f3n en el hotel y en el refugio, con carne fresca, frutas y verduras. Nuestro hotel es c\u00f3modo, con habitaciones grandes y un comedor acogedor. El refugio es bueno y acogedor, con una cocina enorme, camas individuales en vagones, ropa de cama limpia y sanitarios impecables. Nuestro propio alquiler de equipo (el m\u00e1s moderno y grande de Pri-Elbr\u00fas) garantiza una estancia de alto nivel y segura.<\/p>\n<p class=\"p3\">Todas las expediciones indicadas en la secci\u00f3n \u201cfechas y precios\u201d se realizar\u00e1n con un m\u00ednimo de 2 participantes en el grupo. Tambi\u00e9n estamos listos para organizar vacaciones familiares para tus acompa\u00f1antes, de modo que nadie se aburra mientras t\u00fa est\u00e1s en el ascenso.<\/p>\n<p class=\"p1\"><b>Informaci\u00f3n importante:<\/b><b><\/b><\/p>\n<p class=\"p4\">\u2022 El horario de entrada y salida est\u00e1 regulado por el hotel: check-in desde las 15:00, check-out hasta las 11:00\u201312:00. El equipaje puede dejarse en la recepci\u00f3n y aprovechar para pasear por los alrededores, o, si es posible, pagar un suplemento por entrada temprana\/salida tard\u00eda.<\/p>\n<p class=\"p4\">\u2022 Se considera intento cualquier salida del refugio en el d\u00eda del ascenso.<\/p>\n<p class=\"p4\">\u2022 Para ciudadanos extranjeros, si es necesario, emitimos invitaciones oficiales para participar en nuestros tours.<\/p>\n","protected":false},"featured_media":14937,"comment_status":"open","ping_status":"closed","template":"","meta":{"_acf_changed":false,"footnotes":""},"product_cat":[330,320,355],"product_tag":[],"class_list":{"0":"post-13849","1":"product","2":"type-product","3":"status-publish","4":"has-post-thumbnail","6":"product_cat-climb-elbrus","7":"product_cat-climbing","8":"product_cat-only-mount","10":"first","11":"instock","12":"shipping-taxable","13":"purchasable","14":"product-type-simple"},"acf":[],"yoast_head":"<!-- This site is optimized with the Yoast SEO Premium plugin v26.5 (Yoast SEO v27.3) - https:\/\/yoast.com\/product\/yoast-seo-premium-wordpress\/ -->\n<title>Climb Elbrus Traverse South to North<\/title>\n<meta name=\"robots\" content=\"index, follow, max-snippet:-1, max-image-preview:large, max-video-preview:-1\" \/>\n<link rel=\"canonical\" href=\"https:\/\/mountainguides.pro\/es\/tours\/climb-elbrus\/elbrus-traverse-from-south-to-north\/\" \/>\n<meta property=\"og:locale\" content=\"es_ES\" \/>\n<meta property=\"og:locale:alternate\" content=\"en_US\" \/>\n<meta property=\"og:locale:alternate\" content=\"ru_RU\" \/>\n<meta property=\"og:locale:alternate\" content=\"de\" \/>\n<meta property=\"og:locale:alternate\" content=\"pt\" \/>\n<meta property=\"og:locale:alternate\" content=\"zh\" \/>\n<meta property=\"og:locale:alternate\" content=\"ko\" \/>\n<meta property=\"og:locale:alternate\" content=\"ja\" \/>\n<meta property=\"og:locale:alternate\" content=\"hi\" \/>\n<meta property=\"og:locale:alternate\" content=\"ar\" \/>\n<meta property=\"og:type\" content=\"article\" \/>\n<meta property=\"og:title\" content=\"Escalada en Elbrus, traves\u00eda de sur a Norte\" \/>\n<meta property=\"og:description\" content=\"Ascenso al Elbr\u00fas: todos los tours \u00bfPor qu\u00e9 vale la pena ir al Elbr\u00fas con nosotros? En primer lugar, son nuestros gu\u00edas y solo nuestros, y no solo lo decimos, sino que, a diferencia de muchas otras compa\u00f1\u00edas, \u00a1no tenemos miedo de mostr\u00e1rtelos! No hay l\u00edmite en la cantidad de intentos de ascenso, como suele ocurrir en otras empresas (generalmente solo uno). Puedes intentar subir en todos los d\u00edas de reserva del programa sin pagar extra por intentos adicionales. Excelente alimentaci\u00f3n en el hotel y en el refugio, con carne fresca, frutas y verduras. Nuestro hotel es c\u00f3modo, con habitaciones grandes y un comedor acogedor. El refugio es bueno y acogedor, con una cocina enorme, camas individuales en vagones, ropa de cama limpia y sanitarios impecables. Nuestro propio alquiler de equipo (el m\u00e1s moderno y grande de Pri-Elbr\u00fas) garantiza una estancia de alto nivel y segura. Todas las expediciones indicadas en la secci\u00f3n \u201cfechas y precios\u201d se realizar\u00e1n con un m\u00ednimo de 2 participantes en el grupo. Tambi\u00e9n estamos listos para organizar vacaciones familiares para tus acompa\u00f1antes, de modo que nadie se aburra mientras t\u00fa est\u00e1s en el ascenso. Informaci\u00f3n importante: \u2022 El horario de entrada y salida est\u00e1 regulado por el hotel: check-in desde las 15:00, check-out hasta las 11:00\u201312:00. El equipaje puede dejarse en la recepci\u00f3n y aprovechar para pasear por los alrededores, o, si es posible, pagar un suplemento por entrada temprana\/salida tard\u00eda. \u2022 Se considera intento cualquier salida del refugio en el d\u00eda del ascenso. \u2022 Para ciudadanos extranjeros, si es necesario, emitimos invitaciones oficiales para participar en nuestros tours.\" \/>\n<meta property=\"og:url\" content=\"https:\/\/mountainguides.pro\/es\/tours\/climb-elbrus\/elbrus-traverse-from-south-to-north\/\" \/>\n<meta property=\"og:site_name\" content=\"Mountain Guide\" \/>\n<meta property=\"article:publisher\" content=\"https:\/\/www.facebook.com\/Mountainguide-232956566756831\/\" \/>\n<meta property=\"article:modified_time\" content=\"2026-04-06T12:32:20+00:00\" \/>\n<meta property=\"og:image\" content=\"https:\/\/mountainguides.pro\/wp-content\/uploads\/2016\/06\/2013-Elbrus-May-45.jpg\" \/>\n\t<meta property=\"og:image:width\" content=\"1200\" \/>\n\t<meta property=\"og:image:height\" content=\"800\" \/>\n\t<meta property=\"og:image:type\" content=\"image\/jpeg\" \/>\n<meta name=\"twitter:card\" content=\"summary_large_image\" \/>\n<meta name=\"twitter:site\" content=\"@Wintercyclone\" \/>\n<meta name=\"twitter:label1\" content=\"Tiempo de lectura\" \/>\n\t<meta name=\"twitter:data1\" content=\"4 minutos\" \/>\n<script type=\"application\/ld+json\" class=\"yoast-schema-graph\">{\"@context\":\"https:\\\/\\\/schema.org\",\"@graph\":[{\"@type\":\"WebPage\",\"@id\":\"https:\\\/\\\/mountainguides.pro\\\/tours\\\/climb-elbrus\\\/elbrus-traverse-from-south-to-north\\\/\",\"url\":\"https:\\\/\\\/mountainguides.pro\\\/tours\\\/climb-elbrus\\\/elbrus-traverse-from-south-to-north\\\/\",\"name\":\"Climb Elbrus Traverse South to North\",\"isPartOf\":{\"@id\":\"https:\\\/\\\/mountainguides.pro\\\/#website\"},\"primaryImageOfPage\":{\"@id\":\"https:\\\/\\\/mountainguides.pro\\\/tours\\\/climb-elbrus\\\/elbrus-traverse-from-south-to-north\\\/#primaryimage\"},\"image\":{\"@id\":\"https:\\\/\\\/mountainguides.pro\\\/tours\\\/climb-elbrus\\\/elbrus-traverse-from-south-to-north\\\/#primaryimage\"},\"thumbnailUrl\":\"https:\\\/\\\/mountainguides.pro\\\/wp-content\\\/uploads\\\/2016\\\/06\\\/2013-Elbrus-May-45.jpg\",\"datePublished\":\"2016-06-28T15:46:28+00:00\",\"dateModified\":\"2026-04-06T12:32:20+00:00\",\"breadcrumb\":{\"@id\":\"https:\\\/\\\/mountainguides.pro\\\/tours\\\/climb-elbrus\\\/elbrus-traverse-from-south-to-north\\\/#breadcrumb\"},\"inLanguage\":\"es\",\"potentialAction\":[{\"@type\":\"ReadAction\",\"target\":[\"https:\\\/\\\/mountainguides.pro\\\/tours\\\/climb-elbrus\\\/elbrus-traverse-from-south-to-north\\\/\"]}]},{\"@type\":\"ImageObject\",\"inLanguage\":\"es\",\"@id\":\"https:\\\/\\\/mountainguides.pro\\\/tours\\\/climb-elbrus\\\/elbrus-traverse-from-south-to-north\\\/#primaryimage\",\"url\":\"https:\\\/\\\/mountainguides.pro\\\/wp-content\\\/uploads\\\/2016\\\/06\\\/2013-Elbrus-May-45.jpg\",\"contentUrl\":\"https:\\\/\\\/mountainguides.pro\\\/wp-content\\\/uploads\\\/2016\\\/06\\\/2013-Elbrus-May-45.jpg\",\"width\":1200,\"height\":800,\"caption\":\"Elbrus South to North Traverse\"},{\"@type\":\"BreadcrumbList\",\"@id\":\"https:\\\/\\\/mountainguides.pro\\\/tours\\\/climb-elbrus\\\/elbrus-traverse-from-south-to-north\\\/#breadcrumb\",\"itemListElement\":[{\"@type\":\"ListItem\",\"position\":1,\"name\":\"Home\",\"item\":\"https:\\\/\\\/mountainguides.pro\\\/de\\\/\"},{\"@type\":\"ListItem\",\"position\":2,\"name\":\"Elbrus Traverse South to North\"}]},{\"@type\":\"WebSite\",\"@id\":\"https:\\\/\\\/mountainguides.pro\\\/#website\",\"url\":\"https:\\\/\\\/mountainguides.pro\\\/\",\"name\":\"Mountain Guide\",\"description\":\"We aspire to be the first in everything!\",\"publisher\":{\"@id\":\"https:\\\/\\\/mountainguides.pro\\\/#organization\"},\"potentialAction\":[{\"@type\":\"SearchAction\",\"target\":{\"@type\":\"EntryPoint\",\"urlTemplate\":\"https:\\\/\\\/mountainguides.pro\\\/?s={search_term_string}\"},\"query-input\":{\"@type\":\"PropertyValueSpecification\",\"valueRequired\":true,\"valueName\":\"search_term_string\"}}],\"inLanguage\":\"es\"},{\"@type\":\"Organization\",\"@id\":\"https:\\\/\\\/mountainguides.pro\\\/#organization\",\"name\":\"Mountain Guide\",\"url\":\"https:\\\/\\\/mountainguides.pro\\\/\",\"logo\":{\"@type\":\"ImageObject\",\"inLanguage\":\"es\",\"@id\":\"https:\\\/\\\/mountainguides.pro\\\/#\\\/schema\\\/logo\\\/image\\\/\",\"url\":\"https:\\\/\\\/mountainguides.pro\\\/wp-content\\\/uploads\\\/2018\\\/01\\\/mglogo.jpg\",\"contentUrl\":\"https:\\\/\\\/mountainguides.pro\\\/wp-content\\\/uploads\\\/2018\\\/01\\\/mglogo.jpg\",\"width\":1200,\"height\":630,\"caption\":\"Mountain Guide\"},\"image\":{\"@id\":\"https:\\\/\\\/mountainguides.pro\\\/#\\\/schema\\\/logo\\\/image\\\/\"},\"sameAs\":[\"https:\\\/\\\/www.facebook.com\\\/Mountainguide-232956566756831\\\/\",\"https:\\\/\\\/x.com\\\/Wintercyclone\",\"http:\\\/\\\/instagram.com\\\/mountainguide\",\"http:\\\/\\\/www.youtube.com\\\/mountainguide\"]}]}<\/script>\n<!-- \/ Yoast SEO Premium plugin. -->","yoast_head_json":{"title":"Climb Elbrus Traverse South to North","robots":{"index":"index","follow":"follow","max-snippet":"max-snippet:-1","max-image-preview":"max-image-preview:large","max-video-preview":"max-video-preview:-1"},"canonical":"https:\/\/mountainguides.pro\/es\/tours\/climb-elbrus\/elbrus-traverse-from-south-to-north\/","og_locale":"es_ES","og_type":"article","og_title":"[:en]Elbrus Traverse South to North[:de]Aufstieg zum Elbrus, Traverse von S\u00fcden nach Norden[:es]Escalada en Elbrus, traves\u00eda de sur a Norte[:pt]Escalando o Elbrus, cruzando do Sul ao norte[:zh]\u6500\u767b\u5384\u5c14\u5e03\u9c81\u58eb\u5c71\uff0c\u4ece\u5357\u5411\u5317\u7a7f\u8d8a[:ko]\uc5d8\ube0c\ub8e8\uc2a4 \uc0b0 \ub4f1\ubc18,\ub0a8\ucabd \uc5d0\uc11c \ubd81\ucabd \uc73c\ub85c \ud6a1\ub2e8[:ja]\u30a8\u30eb\u30d6\u30eb\u30b9\u5c71\u3092\u767b\u308a\u3001\u5357\u304b\u3089\u5317\u306b\u6a2a\u65ad\u3059\u308b[:hi]\u092e\u093e\u0909\u0902\u091f \u090f\u0932\u094d\u092c\u094d\u0930\u0938 \u092a\u0930 \u091a\u0922\u093c\u0928\u093e, \u0926\u0915\u094d\u0937\u093f\u0923 \u0938\u0947 \u0909\u0924\u094d\u0924\u0930 \u0915\u0940 \u0913\u0930[:ar]\u062a\u0633\u0644\u0642 \u062c\u0628\u0644 \u0627\u0644\u0628\u0631\u0648\u0633 \u060c \u0627\u062c\u062a\u064a\u0627\u0632 \u0645\u0646 \u0627\u0644\u062c\u0646\u0648\u0628 \u0625\u0644\u0649 \u0627\u0644\u0634\u0645\u0627\u0644[:]","og_description":"Ascenso al Elbr\u00fas: todos los tours \u00bfPor qu\u00e9 vale la pena ir al Elbr\u00fas con nosotros? En primer lugar, son nuestros gu\u00edas y solo nuestros, y no solo lo decimos, sino que, a diferencia de muchas otras compa\u00f1\u00edas, \u00a1no tenemos miedo de mostr\u00e1rtelos! No hay l\u00edmite en la cantidad de intentos de ascenso, como suele ocurrir en otras empresas (generalmente solo uno). Puedes intentar subir en todos los d\u00edas de reserva del programa sin pagar extra por intentos adicionales. Excelente alimentaci\u00f3n en el hotel y en el refugio, con carne fresca, frutas y verduras. Nuestro hotel es c\u00f3modo, con habitaciones grandes y un comedor acogedor. El refugio es bueno y acogedor, con una cocina enorme, camas individuales en vagones, ropa de cama limpia y sanitarios impecables. Nuestro propio alquiler de equipo (el m\u00e1s moderno y grande de Pri-Elbr\u00fas) garantiza una estancia de alto nivel y segura. Todas las expediciones indicadas en la secci\u00f3n \u201cfechas y precios\u201d se realizar\u00e1n con un m\u00ednimo de 2 participantes en el grupo. Tambi\u00e9n estamos listos para organizar vacaciones familiares para tus acompa\u00f1antes, de modo que nadie se aburra mientras t\u00fa est\u00e1s en el ascenso. Informaci\u00f3n importante: \u2022 El horario de entrada y salida est\u00e1 regulado por el hotel: check-in desde las 15:00, check-out hasta las 11:00\u201312:00. El equipaje puede dejarse en la recepci\u00f3n y aprovechar para pasear por los alrededores, o, si es posible, pagar un suplemento por entrada temprana\/salida tard\u00eda. \u2022 Se considera intento cualquier salida del refugio en el d\u00eda del ascenso. \u2022 Para ciudadanos extranjeros, si es necesario, emitimos invitaciones oficiales para participar en nuestros tours.","og_url":"https:\/\/mountainguides.pro\/es\/tours\/climb-elbrus\/elbrus-traverse-from-south-to-north\/","og_site_name":"Mountain Guide","article_publisher":"https:\/\/www.facebook.com\/Mountainguide-232956566756831\/","article_modified_time":"2026-04-06T12:32:20+00:00","og_image":[{"width":1200,"height":800,"url":"https:\/\/mountainguides.pro\/wp-content\/uploads\/2016\/06\/2013-Elbrus-May-45.jpg","type":"image\/jpeg"}],"twitter_card":"summary_large_image","twitter_site":"@Wintercyclone","twitter_misc":{"Tiempo de lectura":"4 minutos"},"schema":{"@context":"https:\/\/schema.org","@graph":[{"@type":"WebPage","@id":"https:\/\/mountainguides.pro\/tours\/climb-elbrus\/elbrus-traverse-from-south-to-north\/","url":"https:\/\/mountainguides.pro\/tours\/climb-elbrus\/elbrus-traverse-from-south-to-north\/","name":"Climb Elbrus Traverse South to North","isPartOf":{"@id":"https:\/\/mountainguides.pro\/#website"},"primaryImageOfPage":{"@id":"https:\/\/mountainguides.pro\/tours\/climb-elbrus\/elbrus-traverse-from-south-to-north\/#primaryimage"},"image":{"@id":"https:\/\/mountainguides.pro\/tours\/climb-elbrus\/elbrus-traverse-from-south-to-north\/#primaryimage"},"thumbnailUrl":"https:\/\/mountainguides.pro\/wp-content\/uploads\/2016\/06\/2013-Elbrus-May-45.jpg","datePublished":"2016-06-28T15:46:28+00:00","dateModified":"2026-04-06T12:32:20+00:00","breadcrumb":{"@id":"https:\/\/mountainguides.pro\/tours\/climb-elbrus\/elbrus-traverse-from-south-to-north\/#breadcrumb"},"inLanguage":"es","potentialAction":[{"@type":"ReadAction","target":["https:\/\/mountainguides.pro\/tours\/climb-elbrus\/elbrus-traverse-from-south-to-north\/"]}]},{"@type":"ImageObject","inLanguage":"es","@id":"https:\/\/mountainguides.pro\/tours\/climb-elbrus\/elbrus-traverse-from-south-to-north\/#primaryimage","url":"https:\/\/mountainguides.pro\/wp-content\/uploads\/2016\/06\/2013-Elbrus-May-45.jpg","contentUrl":"https:\/\/mountainguides.pro\/wp-content\/uploads\/2016\/06\/2013-Elbrus-May-45.jpg","width":1200,"height":800,"caption":"Elbrus South to North Traverse"},{"@type":"BreadcrumbList","@id":"https:\/\/mountainguides.pro\/tours\/climb-elbrus\/elbrus-traverse-from-south-to-north\/#breadcrumb","itemListElement":[{"@type":"ListItem","position":1,"name":"Home","item":"https:\/\/mountainguides.pro\/de\/"},{"@type":"ListItem","position":2,"name":"Elbrus Traverse South to North"}]},{"@type":"WebSite","@id":"https:\/\/mountainguides.pro\/#website","url":"https:\/\/mountainguides.pro\/","name":"Mountain Guide","description":"We aspire to be the first in everything!","publisher":{"@id":"https:\/\/mountainguides.pro\/#organization"},"potentialAction":[{"@type":"SearchAction","target":{"@type":"EntryPoint","urlTemplate":"https:\/\/mountainguides.pro\/?s={search_term_string}"},"query-input":{"@type":"PropertyValueSpecification","valueRequired":true,"valueName":"search_term_string"}}],"inLanguage":"es"},{"@type":"Organization","@id":"https:\/\/mountainguides.pro\/#organization","name":"Mountain Guide","url":"https:\/\/mountainguides.pro\/","logo":{"@type":"ImageObject","inLanguage":"es","@id":"https:\/\/mountainguides.pro\/#\/schema\/logo\/image\/","url":"https:\/\/mountainguides.pro\/wp-content\/uploads\/2018\/01\/mglogo.jpg","contentUrl":"https:\/\/mountainguides.pro\/wp-content\/uploads\/2018\/01\/mglogo.jpg","width":1200,"height":630,"caption":"Mountain Guide"},"image":{"@id":"https:\/\/mountainguides.pro\/#\/schema\/logo\/image\/"},"sameAs":["https:\/\/www.facebook.com\/Mountainguide-232956566756831\/","https:\/\/x.com\/Wintercyclone","http:\/\/instagram.com\/mountainguide","http:\/\/www.youtube.com\/mountainguide"]}]}},"_links":{"self":[{"href":"https:\/\/mountainguides.pro\/es\/wp-json\/wp\/v2\/product\/13849","targetHints":{"allow":["GET"]}}],"collection":[{"href":"https:\/\/mountainguides.pro\/es\/wp-json\/wp\/v2\/product"}],"about":[{"href":"https:\/\/mountainguides.pro\/es\/wp-json\/wp\/v2\/types\/product"}],"replies":[{"embeddable":true,"href":"https:\/\/mountainguides.pro\/es\/wp-json\/wp\/v2\/comments?post=13849"}],"version-history":[{"count":26,"href":"https:\/\/mountainguides.pro\/es\/wp-json\/wp\/v2\/product\/13849\/revisions"}],"predecessor-version":[{"id":33309,"href":"https:\/\/mountainguides.pro\/es\/wp-json\/wp\/v2\/product\/13849\/revisions\/33309"}],"wp:featuredmedia":[{"embeddable":true,"href":"https:\/\/mountainguides.pro\/es\/wp-json\/wp\/v2\/media\/14937"}],"wp:attachment":[{"href":"https:\/\/mountainguides.pro\/es\/wp-json\/wp\/v2\/media?parent=13849"}],"wp:term":[{"taxonomy":"product_cat","embeddable":true,"href":"https:\/\/mountainguides.pro\/es\/wp-json\/wp\/v2\/product_cat?post=13849"},{"taxonomy":"product_tag","embeddable":true,"href":"https:\/\/mountainguides.pro\/es\/wp-json\/wp\/v2\/product_tag?post=13849"}],"curies":[{"name":"wp","href":"https:\/\/api.w.org\/{rel}","templated":true}]}}