{"id":17805,"date":"2022-01-12T12:09:18","date_gmt":"2022-01-12T09:09:18","guid":{"rendered":"https:\/\/mountainguides.pro\/?post_type=product&#038;p=17805"},"modified":"2026-04-06T15:37:58","modified_gmt":"2026-04-06T12:37:58","slug":"elbrus-by-helicopter","status":"publish","type":"product","link":"https:\/\/mountainguides.pro\/es\/tours\/climb-elbrus\/elbrus-by-helicopter\/","title":{"rendered":"Elbrus en helic\u00f3ptero"},"content":{"rendered":"<h2>About the tour<\/h2>\n<p><strong>Attention! In order to avoid disagreements between the participants, we always climb the higher, Western peak of Elbrus (5642m), and not the Eastern peak (5621m), like other companies.<\/strong><\/p>\n<p>Give yourself or your loved one emotions that will take your breath away? Easy! Elbrus by helicopter will leave memories of the majestic snowy Elbrus, its endless green valleys and blue lakes, gorges that impress with their massiveness and beauty, and all this from a bird&#8217;s eye view! This tour does not require special permits or flight skills &#8211; it is our responsibility and our pilot&#8217;s responsibility to ensure you rest. During the flight, you will be able to admire all the beauty without missing a single view, taking photos and videos from the air, so that you can later share your impressions with loved ones in detail.<\/p>\n<h2>Climbing Elbrus program by helicopter<\/h2>\n<p><strong>Day 1.<\/strong> Meeting at the airport or railway station of Mineralnye Vody, transfer to. Pyatigorsk. Briefing, acquaintance with oxygen equipment. Overnight at the hotel.<br \/>\n<strong>Day 2<\/strong>. Departure from Pyatigorsk to the summit of Elbrus (5642m). Return to Pyatigorsk. Overnight at the hotel.<br \/>\n<strong>Day 3.<\/strong> Reserve day. Transfer to the airport of Mineralnye Vody, departure.<\/p>\n<h2>Included in the price Elbrus by helicopte<\/h2>\n<ul>\n<li>Hotel, accommodation in 2-3 bed rooms. Number of nights according to the program.<\/li>\n<li>All transfers according to the program.<\/li>\n<li>Three meals a day throughout the program. Dinner on the first day.<\/li>\n<li>All necessary permits and registrations<\/li>\n<li>Guides. Leader throughout the program<\/li>\n<li>Group equipment (ropes, ice screws, radios, satellite navigators, etc.)<\/li>\n<li>Oxygen equipment<\/li>\n<\/ul>\n<h2>Not included in the price Elbrus by helicopter<\/h2>\n<ul>\n<li>Single occupancy<\/li>\n<li>Personal equipment<\/li>\n<li>Guides, cooks, in case of program changes.<\/li>\n<li>Any costs associated with program changes<\/li>\n<\/ul>\n<h2>List of equipment and useful things for the Elbrus helicopter program<\/h2>\n<p><a role=\"button\" href=\"#\"><br \/>\nDownload PDF<br \/>\n<\/a><\/p>\n<p>Documents<\/p>\n<ul>\n<li>Valid passport<\/li>\n<li>Airline tickets<\/li>\n<li>Voucher (a form, which was sent to you for obtaining visa)<\/li>\n<li>Insurance<\/li>\n<\/ul>\n<p>Personal equipment<\/p>\n<ul>\n<li>Backpack<\/li>\n<li>Sleeping bag<\/li>\n<li>Ski\/trekking poles<\/li>\n<li>Crampons<\/li>\n<li>Ice axe<\/li>\n<li>Mountaineering Lanyard<\/li>\n<li>Helmet<\/li>\n<li>Harness<\/li>\n<li>2 Carabines<\/li>\n<li>2 meters of 5 or 6-10mm rope<\/li>\n<\/ul>\n<p>Clothing and shoes.<\/p>\n<ul>\n<li>Wind and waterproof layer \u2013 Pants and Jacket. Gore-Tex, for example.<\/li>\n<li>Fleece pants and jacket<\/li>\n<li>Thermo underwear layer \u2013 top and bottom<\/li>\n<li>Dawn jacket.<\/li>\n<li>Mittens<\/li>\n<li>Thick gloves<\/li>\n<li>Thin gloves<\/li>\n<li>Bandana<\/li>\n<li>Warm hat<\/li>\n<li>Underwear, socks and so on<\/li>\n<li>Some warm socks for a summit day<\/li>\n<li>Balaclava<\/li>\n<li>Windproof face mask<\/li>\n<li>Gators<\/li>\n<li>Trekking shoes\/trekking boots<\/li>\n<li>Double or triple boots<\/li>\n<\/ul>\n<p>Travel Accessories<\/p>\n<ul>\n<li>Headlamp<\/li>\n<li>Shower accessories, toothpaste, toothbrush<\/li>\n<li>Sunglasses<\/li>\n<li>Ski goggles<\/li>\n<li>Vitamins<\/li>\n<li>Thermos (1 liter, better without button)<\/li>\n<li>Sunblock and lip balm<\/li>\n<li>Personal medical kit<\/li>\n<li>Spare contact lenses or glasses<\/li>\n<li>Knee supports<\/li>\n<\/ul>\n","protected":false},"excerpt":{"rendered":"<p class=\"p1\">\u00bfPor qu\u00e9 elegir subir al Elbr\u00fas con nosotros?<\/p>\n<p class=\"p3\">En primer lugar, <span class=\"s1\">son nuestros y solo nuestros gu\u00edas<\/span>, y no solo lo decimos, sino que, a diferencia de muchas compa\u00f1\u00edas, no tenemos miedo de mostr\u00e1rtelos. No limitamos la cantidad de intentos de ascenso, como hacen otras compa\u00f1\u00edas (generalmente solo uno). \u00a1Puedes intentar ascender en todos los d\u00edas de reserva del programa sin pagar por ascensos adicionales!<\/p>\n<p class=\"p3\">Excelente alimentaci\u00f3n en el hotel y en el refugio, con carne fresca, frutas y verduras. Nuestro <span class=\"s1\">hotel<\/span> es c\u00f3modo, con habitaciones amplias y un acogedor comedor. El <span class=\"s1\">refugio<\/span> es agradable y c\u00f3modo, con una gran cocina, camas individuales en vagones habitables, ropa de cama y ba\u00f1os limpios. Nuestro propio <span class=\"s1\">alquiler de equipo<\/span> (el m\u00e1s nuevo y grande del \u00e1rea de Elbr\u00fas) garantiza una experiencia segura y de alta calidad. Tambi\u00e9n podemos organizar <span class=\"s1\">vacaciones familiares<\/span> para tus seres queridos, de manera que nadie se aburra mientras realizas el ascenso.<\/p>\n<p class=\"p1\"><b>Informaci\u00f3n importante:<\/b><b><\/b><\/p>\n<p class=\"p4\">\u2022 El horario de check-in y check-out est\u00e1 regulado por el hotel: <span class=\"s1\">entrada a partir de las 15:00, salida hasta las 11-12 horas<\/span>. Puedes dejar tu equipaje en la recepci\u00f3n y dar un paseo por los alrededores, o, si hay disponibilidad t\u00e9cnica, pagar por entrada temprana o salida tard\u00eda.<\/p>\n<p class=\"p4\">\u2022 Se considera <span class=\"s1\">intento de ascenso<\/span> cualquier salida desde el refugio durante el d\u00eda de ascenso.<\/p>\n<p class=\"p4\">\u2022 Para ciudadanos extranjeros, si es necesario, proporcionamos <span class=\"s1\">invitaciones oficiales<\/span> para nuestros tours.<\/p>\n","protected":false},"featured_media":18605,"comment_status":"closed","ping_status":"closed","template":"","meta":{"_acf_changed":false,"footnotes":""},"product_cat":[327,330],"product_tag":[],"class_list":{"0":"post-17805","1":"product","2":"type-product","3":"status-publish","4":"has-post-thumbnail","6":"product_cat-vip","7":"product_cat-climb-elbrus","9":"first","10":"instock","11":"shipping-taxable","12":"purchasable","13":"product-type-simple"},"acf":[],"yoast_head":"<!-- This site is optimized with the Yoast SEO Premium plugin v26.5 (Yoast SEO v27.3) - https:\/\/yoast.com\/product\/yoast-seo-premium-wordpress\/ -->\n<title>Climb Elbrus by helicopter<\/title>\n<meta name=\"robots\" content=\"index, follow, max-snippet:-1, max-image-preview:large, max-video-preview:-1\" \/>\n<link rel=\"canonical\" href=\"https:\/\/mountainguides.pro\/es\/tours\/climb-elbrus\/elbrus-by-helicopter\/\" \/>\n<meta property=\"og:locale\" content=\"es_ES\" \/>\n<meta property=\"og:locale:alternate\" content=\"en_US\" \/>\n<meta property=\"og:locale:alternate\" content=\"ru_RU\" \/>\n<meta property=\"og:locale:alternate\" content=\"de\" \/>\n<meta property=\"og:locale:alternate\" content=\"pt\" \/>\n<meta property=\"og:locale:alternate\" content=\"zh\" \/>\n<meta property=\"og:locale:alternate\" content=\"ko\" \/>\n<meta property=\"og:locale:alternate\" content=\"ja\" \/>\n<meta property=\"og:locale:alternate\" content=\"hi\" \/>\n<meta property=\"og:locale:alternate\" content=\"ar\" \/>\n<meta property=\"og:type\" content=\"article\" \/>\n<meta property=\"og:title\" content=\"Elbrus en helic\u00f3ptero\" \/>\n<meta property=\"og:description\" content=\"\u00bfPor qu\u00e9 elegir subir al Elbr\u00fas con nosotros? En primer lugar, son nuestros y solo nuestros gu\u00edas, y no solo lo decimos, sino que, a diferencia de muchas compa\u00f1\u00edas, no tenemos miedo de mostr\u00e1rtelos. No limitamos la cantidad de intentos de ascenso, como hacen otras compa\u00f1\u00edas (generalmente solo uno). \u00a1Puedes intentar ascender en todos los d\u00edas de reserva del programa sin pagar por ascensos adicionales! Excelente alimentaci\u00f3n en el hotel y en el refugio, con carne fresca, frutas y verduras. Nuestro hotel es c\u00f3modo, con habitaciones amplias y un acogedor comedor. El refugio es agradable y c\u00f3modo, con una gran cocina, camas individuales en vagones habitables, ropa de cama y ba\u00f1os limpios. Nuestro propio alquiler de equipo (el m\u00e1s nuevo y grande del \u00e1rea de Elbr\u00fas) garantiza una experiencia segura y de alta calidad. Tambi\u00e9n podemos organizar vacaciones familiares para tus seres queridos, de manera que nadie se aburra mientras realizas el ascenso. Informaci\u00f3n importante: \u2022 El horario de check-in y check-out est\u00e1 regulado por el hotel: entrada a partir de las 15:00, salida hasta las 11-12 horas. Puedes dejar tu equipaje en la recepci\u00f3n y dar un paseo por los alrededores, o, si hay disponibilidad t\u00e9cnica, pagar por entrada temprana o salida tard\u00eda. \u2022 Se considera intento de ascenso cualquier salida desde el refugio durante el d\u00eda de ascenso. \u2022 Para ciudadanos extranjeros, si es necesario, proporcionamos invitaciones oficiales para nuestros tours.\" \/>\n<meta property=\"og:url\" content=\"https:\/\/mountainguides.pro\/es\/tours\/climb-elbrus\/elbrus-by-helicopter\/\" \/>\n<meta property=\"og:site_name\" content=\"Mountain Guide\" \/>\n<meta property=\"article:publisher\" content=\"https:\/\/www.facebook.com\/Mountainguide-232956566756831\/\" \/>\n<meta property=\"article:modified_time\" content=\"2026-04-06T12:37:58+00:00\" \/>\n<meta property=\"og:image\" content=\"https:\/\/mountainguides.pro\/wp-content\/uploads\/2022\/01\/\u042d\u043b\u044c\u0431\u0440\u0443\u0441-\u043d\u0430-\u0432\u0435\u0440\u0442\u043e\u043b\u0435\u0442\u0435.jpeg\" \/>\n\t<meta property=\"og:image:width\" content=\"1800\" \/>\n\t<meta property=\"og:image:height\" content=\"1350\" \/>\n\t<meta property=\"og:image:type\" content=\"image\/jpeg\" \/>\n<meta name=\"twitter:card\" content=\"summary_large_image\" \/>\n<meta name=\"twitter:site\" content=\"@Wintercyclone\" \/>\n<meta name=\"twitter:label1\" content=\"Tiempo de lectura\" \/>\n\t<meta name=\"twitter:data1\" content=\"3 minutos\" \/>\n<script type=\"application\/ld+json\" class=\"yoast-schema-graph\">{\"@context\":\"https:\\\/\\\/schema.org\",\"@graph\":[{\"@type\":\"WebPage\",\"@id\":\"https:\\\/\\\/mountainguides.pro\\\/tours\\\/climb-elbrus\\\/elbrus-by-helicopter\\\/\",\"url\":\"https:\\\/\\\/mountainguides.pro\\\/tours\\\/climb-elbrus\\\/elbrus-by-helicopter\\\/\",\"name\":\"Climb Elbrus by helicopter\",\"isPartOf\":{\"@id\":\"https:\\\/\\\/mountainguides.pro\\\/#website\"},\"primaryImageOfPage\":{\"@id\":\"https:\\\/\\\/mountainguides.pro\\\/tours\\\/climb-elbrus\\\/elbrus-by-helicopter\\\/#primaryimage\"},\"image\":{\"@id\":\"https:\\\/\\\/mountainguides.pro\\\/tours\\\/climb-elbrus\\\/elbrus-by-helicopter\\\/#primaryimage\"},\"thumbnailUrl\":\"https:\\\/\\\/mountainguides.pro\\\/wp-content\\\/uploads\\\/2022\\\/01\\\/\u042d\u043b\u044c\u0431\u0440\u0443\u0441-\u043d\u0430-\u0432\u0435\u0440\u0442\u043e\u043b\u0435\u0442\u0435.jpeg\",\"datePublished\":\"2022-01-12T09:09:18+00:00\",\"dateModified\":\"2026-04-06T12:37:58+00:00\",\"breadcrumb\":{\"@id\":\"https:\\\/\\\/mountainguides.pro\\\/tours\\\/climb-elbrus\\\/elbrus-by-helicopter\\\/#breadcrumb\"},\"inLanguage\":\"es\",\"potentialAction\":[{\"@type\":\"ReadAction\",\"target\":[\"https:\\\/\\\/mountainguides.pro\\\/tours\\\/climb-elbrus\\\/elbrus-by-helicopter\\\/\"]}]},{\"@type\":\"ImageObject\",\"inLanguage\":\"es\",\"@id\":\"https:\\\/\\\/mountainguides.pro\\\/tours\\\/climb-elbrus\\\/elbrus-by-helicopter\\\/#primaryimage\",\"url\":\"https:\\\/\\\/mountainguides.pro\\\/wp-content\\\/uploads\\\/2022\\\/01\\\/\u042d\u043b\u044c\u0431\u0440\u0443\u0441-\u043d\u0430-\u0432\u0435\u0440\u0442\u043e\u043b\u0435\u0442\u0435.jpeg\",\"contentUrl\":\"https:\\\/\\\/mountainguides.pro\\\/wp-content\\\/uploads\\\/2022\\\/01\\\/\u042d\u043b\u044c\u0431\u0440\u0443\u0441-\u043d\u0430-\u0432\u0435\u0440\u0442\u043e\u043b\u0435\u0442\u0435.jpeg\",\"width\":1800,\"height\":1350},{\"@type\":\"BreadcrumbList\",\"@id\":\"https:\\\/\\\/mountainguides.pro\\\/tours\\\/climb-elbrus\\\/elbrus-by-helicopter\\\/#breadcrumb\",\"itemListElement\":[{\"@type\":\"ListItem\",\"position\":1,\"name\":\"Home\",\"item\":\"https:\\\/\\\/mountainguides.pro\\\/de\\\/\"},{\"@type\":\"ListItem\",\"position\":2,\"name\":\"Elbrus by helicopter\"}]},{\"@type\":\"WebSite\",\"@id\":\"https:\\\/\\\/mountainguides.pro\\\/#website\",\"url\":\"https:\\\/\\\/mountainguides.pro\\\/\",\"name\":\"Mountain Guide\",\"description\":\"We aspire to be the first in everything!\",\"publisher\":{\"@id\":\"https:\\\/\\\/mountainguides.pro\\\/#organization\"},\"potentialAction\":[{\"@type\":\"SearchAction\",\"target\":{\"@type\":\"EntryPoint\",\"urlTemplate\":\"https:\\\/\\\/mountainguides.pro\\\/?s={search_term_string}\"},\"query-input\":{\"@type\":\"PropertyValueSpecification\",\"valueRequired\":true,\"valueName\":\"search_term_string\"}}],\"inLanguage\":\"es\"},{\"@type\":\"Organization\",\"@id\":\"https:\\\/\\\/mountainguides.pro\\\/#organization\",\"name\":\"Mountain Guide\",\"url\":\"https:\\\/\\\/mountainguides.pro\\\/\",\"logo\":{\"@type\":\"ImageObject\",\"inLanguage\":\"es\",\"@id\":\"https:\\\/\\\/mountainguides.pro\\\/#\\\/schema\\\/logo\\\/image\\\/\",\"url\":\"https:\\\/\\\/mountainguides.pro\\\/wp-content\\\/uploads\\\/2018\\\/01\\\/mglogo.jpg\",\"contentUrl\":\"https:\\\/\\\/mountainguides.pro\\\/wp-content\\\/uploads\\\/2018\\\/01\\\/mglogo.jpg\",\"width\":1200,\"height\":630,\"caption\":\"Mountain Guide\"},\"image\":{\"@id\":\"https:\\\/\\\/mountainguides.pro\\\/#\\\/schema\\\/logo\\\/image\\\/\"},\"sameAs\":[\"https:\\\/\\\/www.facebook.com\\\/Mountainguide-232956566756831\\\/\",\"https:\\\/\\\/x.com\\\/Wintercyclone\",\"http:\\\/\\\/instagram.com\\\/mountainguide\",\"http:\\\/\\\/www.youtube.com\\\/mountainguide\"]}]}<\/script>\n<!-- \/ Yoast SEO Premium plugin. -->","yoast_head_json":{"title":"Climb Elbrus by helicopter","robots":{"index":"index","follow":"follow","max-snippet":"max-snippet:-1","max-image-preview":"max-image-preview:large","max-video-preview":"max-video-preview:-1"},"canonical":"https:\/\/mountainguides.pro\/es\/tours\/climb-elbrus\/elbrus-by-helicopter\/","og_locale":"es_ES","og_type":"article","og_title":"[:en]Elbrus by helicopter[:de]Elbrus mit dem Hubschrauber[:es]Elbrus en helic\u00f3ptero[:pt]Elbrus em helic\u00f3ptero[:zh]\u5384\u5c14\u5e03\u9c81\u58eb\u4e58\u5750\u76f4\u5347\u673a[:ko]\ud5ec\ub9ac\ucf65\ud130 \uc5d8\ube0c\ub8e8\uc2a4[:ja]\u30a8\u30eb\u30d6\u30eb\u30b9\u5c71 \u30d8\u30ea\u30b3\u30d7\u30bf\u30fc\u767b\u9802[:hi]\u0939\u0947\u0932\u0940\u0915\u0949\u092a\u094d\u091f\u0930 \u0926\u094d\u0935\u093e\u0930\u093e \u090f\u0932\u094d\u092c\u094d\u0930\u0938[:ar]\u0625\u0644\u0628\u0631\u0648\u0633 \u0628\u0637\u0627\u0626\u0631\u0629 \u0647\u0644\u064a\u0643\u0648\u0628\u062a\u0631[:]","og_description":"\u00bfPor qu\u00e9 elegir subir al Elbr\u00fas con nosotros? En primer lugar, son nuestros y solo nuestros gu\u00edas, y no solo lo decimos, sino que, a diferencia de muchas compa\u00f1\u00edas, no tenemos miedo de mostr\u00e1rtelos. No limitamos la cantidad de intentos de ascenso, como hacen otras compa\u00f1\u00edas (generalmente solo uno). \u00a1Puedes intentar ascender en todos los d\u00edas de reserva del programa sin pagar por ascensos adicionales! Excelente alimentaci\u00f3n en el hotel y en el refugio, con carne fresca, frutas y verduras. Nuestro hotel es c\u00f3modo, con habitaciones amplias y un acogedor comedor. El refugio es agradable y c\u00f3modo, con una gran cocina, camas individuales en vagones habitables, ropa de cama y ba\u00f1os limpios. Nuestro propio alquiler de equipo (el m\u00e1s nuevo y grande del \u00e1rea de Elbr\u00fas) garantiza una experiencia segura y de alta calidad. Tambi\u00e9n podemos organizar vacaciones familiares para tus seres queridos, de manera que nadie se aburra mientras realizas el ascenso. Informaci\u00f3n importante: \u2022 El horario de check-in y check-out est\u00e1 regulado por el hotel: entrada a partir de las 15:00, salida hasta las 11-12 horas. Puedes dejar tu equipaje en la recepci\u00f3n y dar un paseo por los alrededores, o, si hay disponibilidad t\u00e9cnica, pagar por entrada temprana o salida tard\u00eda. \u2022 Se considera intento de ascenso cualquier salida desde el refugio durante el d\u00eda de ascenso. \u2022 Para ciudadanos extranjeros, si es necesario, proporcionamos invitaciones oficiales para nuestros tours.","og_url":"https:\/\/mountainguides.pro\/es\/tours\/climb-elbrus\/elbrus-by-helicopter\/","og_site_name":"Mountain Guide","article_publisher":"https:\/\/www.facebook.com\/Mountainguide-232956566756831\/","article_modified_time":"2026-04-06T12:37:58+00:00","og_image":[{"width":1800,"height":1350,"url":"https:\/\/mountainguides.pro\/wp-content\/uploads\/2022\/01\/\u042d\u043b\u044c\u0431\u0440\u0443\u0441-\u043d\u0430-\u0432\u0435\u0440\u0442\u043e\u043b\u0435\u0442\u0435.jpeg","type":"image\/jpeg"}],"twitter_card":"summary_large_image","twitter_site":"@Wintercyclone","twitter_misc":{"Tiempo de lectura":"3 minutos"},"schema":{"@context":"https:\/\/schema.org","@graph":[{"@type":"WebPage","@id":"https:\/\/mountainguides.pro\/tours\/climb-elbrus\/elbrus-by-helicopter\/","url":"https:\/\/mountainguides.pro\/tours\/climb-elbrus\/elbrus-by-helicopter\/","name":"Climb Elbrus by helicopter","isPartOf":{"@id":"https:\/\/mountainguides.pro\/#website"},"primaryImageOfPage":{"@id":"https:\/\/mountainguides.pro\/tours\/climb-elbrus\/elbrus-by-helicopter\/#primaryimage"},"image":{"@id":"https:\/\/mountainguides.pro\/tours\/climb-elbrus\/elbrus-by-helicopter\/#primaryimage"},"thumbnailUrl":"https:\/\/mountainguides.pro\/wp-content\/uploads\/2022\/01\/\u042d\u043b\u044c\u0431\u0440\u0443\u0441-\u043d\u0430-\u0432\u0435\u0440\u0442\u043e\u043b\u0435\u0442\u0435.jpeg","datePublished":"2022-01-12T09:09:18+00:00","dateModified":"2026-04-06T12:37:58+00:00","breadcrumb":{"@id":"https:\/\/mountainguides.pro\/tours\/climb-elbrus\/elbrus-by-helicopter\/#breadcrumb"},"inLanguage":"es","potentialAction":[{"@type":"ReadAction","target":["https:\/\/mountainguides.pro\/tours\/climb-elbrus\/elbrus-by-helicopter\/"]}]},{"@type":"ImageObject","inLanguage":"es","@id":"https:\/\/mountainguides.pro\/tours\/climb-elbrus\/elbrus-by-helicopter\/#primaryimage","url":"https:\/\/mountainguides.pro\/wp-content\/uploads\/2022\/01\/\u042d\u043b\u044c\u0431\u0440\u0443\u0441-\u043d\u0430-\u0432\u0435\u0440\u0442\u043e\u043b\u0435\u0442\u0435.jpeg","contentUrl":"https:\/\/mountainguides.pro\/wp-content\/uploads\/2022\/01\/\u042d\u043b\u044c\u0431\u0440\u0443\u0441-\u043d\u0430-\u0432\u0435\u0440\u0442\u043e\u043b\u0435\u0442\u0435.jpeg","width":1800,"height":1350},{"@type":"BreadcrumbList","@id":"https:\/\/mountainguides.pro\/tours\/climb-elbrus\/elbrus-by-helicopter\/#breadcrumb","itemListElement":[{"@type":"ListItem","position":1,"name":"Home","item":"https:\/\/mountainguides.pro\/de\/"},{"@type":"ListItem","position":2,"name":"Elbrus by helicopter"}]},{"@type":"WebSite","@id":"https:\/\/mountainguides.pro\/#website","url":"https:\/\/mountainguides.pro\/","name":"Mountain Guide","description":"We aspire to be the first in everything!","publisher":{"@id":"https:\/\/mountainguides.pro\/#organization"},"potentialAction":[{"@type":"SearchAction","target":{"@type":"EntryPoint","urlTemplate":"https:\/\/mountainguides.pro\/?s={search_term_string}"},"query-input":{"@type":"PropertyValueSpecification","valueRequired":true,"valueName":"search_term_string"}}],"inLanguage":"es"},{"@type":"Organization","@id":"https:\/\/mountainguides.pro\/#organization","name":"Mountain Guide","url":"https:\/\/mountainguides.pro\/","logo":{"@type":"ImageObject","inLanguage":"es","@id":"https:\/\/mountainguides.pro\/#\/schema\/logo\/image\/","url":"https:\/\/mountainguides.pro\/wp-content\/uploads\/2018\/01\/mglogo.jpg","contentUrl":"https:\/\/mountainguides.pro\/wp-content\/uploads\/2018\/01\/mglogo.jpg","width":1200,"height":630,"caption":"Mountain Guide"},"image":{"@id":"https:\/\/mountainguides.pro\/#\/schema\/logo\/image\/"},"sameAs":["https:\/\/www.facebook.com\/Mountainguide-232956566756831\/","https:\/\/x.com\/Wintercyclone","http:\/\/instagram.com\/mountainguide","http:\/\/www.youtube.com\/mountainguide"]}]}},"_links":{"self":[{"href":"https:\/\/mountainguides.pro\/es\/wp-json\/wp\/v2\/product\/17805","targetHints":{"allow":["GET"]}}],"collection":[{"href":"https:\/\/mountainguides.pro\/es\/wp-json\/wp\/v2\/product"}],"about":[{"href":"https:\/\/mountainguides.pro\/es\/wp-json\/wp\/v2\/types\/product"}],"replies":[{"embeddable":true,"href":"https:\/\/mountainguides.pro\/es\/wp-json\/wp\/v2\/comments?post=17805"}],"version-history":[{"count":29,"href":"https:\/\/mountainguides.pro\/es\/wp-json\/wp\/v2\/product\/17805\/revisions"}],"predecessor-version":[{"id":33315,"href":"https:\/\/mountainguides.pro\/es\/wp-json\/wp\/v2\/product\/17805\/revisions\/33315"}],"wp:featuredmedia":[{"embeddable":true,"href":"https:\/\/mountainguides.pro\/es\/wp-json\/wp\/v2\/media\/18605"}],"wp:attachment":[{"href":"https:\/\/mountainguides.pro\/es\/wp-json\/wp\/v2\/media?parent=17805"}],"wp:term":[{"taxonomy":"product_cat","embeddable":true,"href":"https:\/\/mountainguides.pro\/es\/wp-json\/wp\/v2\/product_cat?post=17805"},{"taxonomy":"product_tag","embeddable":true,"href":"https:\/\/mountainguides.pro\/es\/wp-json\/wp\/v2\/product_tag?post=17805"}],"curies":[{"name":"wp","href":"https:\/\/api.w.org\/{rel}","templated":true}]}}