{"id":18917,"date":"2023-06-15T13:51:18","date_gmt":"2023-06-15T10:51:18","guid":{"rendered":"https:\/\/mountainguides.pro\/?post_type=product&#038;p=18917"},"modified":"2026-04-06T16:31:31","modified_gmt":"2026-04-06T13:31:31","slug":"trekking-to-everest-via-gokyo","status":"publish","type":"product","link":"https:\/\/mountainguides.pro\/es\/tours\/trekking\/trekking-to-everest-via-gokyo\/","title":{"rendered":"Trekking al Everest a trav\u00e9s de los lagos Gokio"},"content":{"rendered":"<h2>About the tour<\/h2>\n<h2>Trekking to Everes via Gokyo lake<\/h2>\n<p><strong>Day 1.<\/strong> Arrival in Kathmandu. The members of the expedition arrive at Tribhuvan airport. Half an hour before landing, from the windows of the plane, you can see the velvet-green hilly hollow of the Kathmandu Valley, which is surrounded by sparkling glaciers of the Himalayan mountain ranges from the north. The time difference between Moscow and Kathmandu is + 2 hours 45 minutes. The first thing you will often hear during your stay in Nepal is the traditional greeting \u00abNamaste\u00bb, which literally means \u00abIn your person I greet God.\u00bb You can get a Nepali visa right at the airport. In the evening, dinner at the restaurant of national Nepali cuisine.<br \/>\n<strong>Day 2.<\/strong> Flight to Lukla (2860 m) and hike to Pakding (2610 m). On the second day, the group takes off from Kathmandu to Lukla on a small plane. The flight takes about 45 minutes. The track starts from Lukla already. The path passes through Sherpa farms and villages along the trail and leads to the Dudkoshi River, and then down to Pakding. Along the way you will meet the Tadokola River, from its shore you can admire the magnificent view of Kusum Kangaru. Then the river is crossed by a suspension bridge and after a short climb the group goes to the village of Ghat. Another hour and a half walk and the group arrives at the village of Packing, where they stop for the night.<br \/>\n<strong>Day 3.<\/strong> Track from Pakding to Namche bazaar (3440 m). The group goes on the road in the morning. After crossing the suspension bridge over the Dudkosi River, there is a road with small ascents and descents, and from the village of Benkar there is an amazing view of the Tamserku Mountains (6608 m). Then the road goes over several bridges and leads to Monjo, a settlement where the central entrance to the Sagarmatha National Park is located. The group enters the national park, descends and approaches the suspension bridge over the Bhotekoshi River. The village of Jorsal begins behind the bridge \u2013 this is the last settlement before Namche Bazaar. Then the road leads over the bridge of the Imjatse River, from where a winding path leads to Namche Bazaar. It offers an amazing view of Mount Everest, the peaks of Kwangde and Lhotse, as well as a near view of the peak of Tavache. Finally, the group reaches the village of Namche Bazaar, which is called the \u00abvillage of colored houses\u00bb. It is the main gateway of the Kumbu region. Here the group stops for the night.<br \/>\n<strong>Day 4.<\/strong> Rest day in Namche Bazaar (3400 m). On this day, members of the group can visit the Everest View Hotel, from where you can admire the panorama. You can also go to the local shops and market, which is especially lively on Saturdays, or visit the Sherpa Museum. This is a great place to explore the history of mountaineering and Sherpa culture.<br \/>\n<strong>Day 5.<\/strong> Descent to the river, long ascent to the famous high mountain monastery of Tengboche (4 hours, 3860 m). Overnight in the cabin.<br \/>\n<strong>Day 6.<\/strong> Track in Ferich (4240m). The trail passes over precipices on suspension bridges, over streams \u00abboiling\u00bb among huge white boulders.<br \/>\n<strong>Day 7.<\/strong> Feriche -Lobuche (4940m). Ascent to the plateau, along which with a slight rise we will approach the moraine of the Khumbu glacier. There is a famous memorial at an altitude of 4808 meters, between the villages of Dugla and Lobuche. It is located at the highest point of the pass and includes several dozen commemorative plaques and chortenas (small stone monuments) in memory of all the dead climbers, Sherpas and porters. We will hear stories from the life of Scott Fisher, Babu Chiri Sherpa and others, and also, according to tradition, we will hang flags and honor the memory of those who were taken by the mountains.<br \/>\n<strong>Day 8.<\/strong> Trekking from Lobuche to Gorak Shep (5164m). From Lobuche, the group makes a two-hour trek along a winding rocky path to Gorakshep, from where there is a beautiful view of the Kala Patara, Pumori, Nuptse Mountains and the Gorak Shep Valley. Then the group stays in a hotel, takes a break for tea, and then we visit the Everest base camp (5364m). Return to Gorak Shep (5164 m). Overnight in the cabin.<br \/>\n<strong>Day 9.<\/strong> Climbing to the top of Kala Patar (5645 m). The ascent is quite difficult due to the thinness of the air. In the \u00abhot\u00bb season, this road is quite crowded and busy. A large number of people go to Nepal just to see Mount Everest and the Khumbu Glacier. It offers a great view of Mount Pumori. The ascent to the top of Kala Patara from Gorak Shep takes about two to two and a half hours. Then the group goes to spend the night in Jonglu. Rest.<br \/>\n<strong>Day 10<\/strong>. The route today leads us up through the Cho La pass, from which an incredible panoramic view opens at an altitude of 5420 m! The climb is steep, and the trail can be loose with large boulders along the way. This is probably the most difficult part of the whole route. After overcoming the pass, we descend to Gokio (4750m). It is the world&#8217;s highest system of freshwater lakes and grounds for migratory birds. In autumn, lakes with emerald water are surrounded by green shores, but already framed by bright red shrubs.<br \/>\n<strong>Day 11.<\/strong> Today we will climb Gokio-Ri Peak (5,357 m), from where we will have a view of four of the fourteen main peaks of the world, with a height of more than 8000 meters, as well as the Ngozumpa glacier, the longest glacier in Nepal. Then we will go to the village of Dole, where we spend the night. The track leads us along the contour paths of a steep, boulder-strewn valley.<br \/>\n<strong>Day 12.<\/strong> Our hike to Namche (3440 m) takes us along a very beautiful part of the route of the Everest base camp, and along the way we pass through several picturesque mountain villages. The road back does not involve ascents, so it will be quite hidden and easy.<br \/>\n<strong>Day 13.<\/strong> Transfer to Lukla. We will already go along a familiar route, the same as on the 2nd and 3rd day. Having strengthened our muscles during so many days of trekking, as well as descending into more oxygen-rich air, we will feel the strength of Olympic champions. We are spending the night in Lukla (2860 m), preparing for tomorrow&#8217;s flight to Kathmandu.<br \/>\n<strong>Day 14<\/strong>. We return to Kathmandu, where the already familiar hotel greets us with hot baths and plush towels. In the evening, over dinner, we will relive the adventures of the last two weeks. Those who still have energy can explore Tamel a little, maybe take a ride around the area on a tuk-tuk and buy souvenirs for their relatives.<br \/>\n<strong>Day 15.<\/strong> Transfer to the airport. Departure from Kathmandu.<\/p>\n<h2>Everest base camp trek cost includes:<\/h2>\n<ul>\n<li>Airport transfers \u2013 Pick up and drop.<\/li>\n<li>1 Nepalese English \u2013 speaking trekking guide for the group.<\/li>\n<li>2 Nights on DBL 3*** Hotel accommodations with breakfast in Kathmandu.<\/li>\n<li>Overnight accommodation in Hotel\/Lodges along the trail.<\/li>\n<li>Entry permit fee to Sagarmatha National Park.<\/li>\n<li>Khumbu Region Permit<\/li>\n<\/ul>\n<h2>Everest base camp trek cost does not include:<\/h2>\n<ul>\n<li>Domestic airfare (Kathmandu \u2013 Lukla \u2013 Kathmandu).<\/li>\n<li>International flights<\/li>\n<li>Nepal entry visa fee.<\/li>\n<li>The cost of baggage transportation on the flight Kathmandu-Lukla-Kathmandu<\/li>\n<li>Personal Porters on the trek.<\/li>\n<li>Lunch and dinner in Kathmandu<\/li>\n<li>Food during the trek.<\/li>\n<li>Any changes of the program<\/li>\n<li>Any costs associated with the rescue and non-scheduled evacuation<\/li>\n<li>Any costs associated with program changes<\/li>\n<\/ul>\n<h2>Equipment.<\/h2>\n<p><a role=\"button\" href=\"#\"><br \/>\nDownload PDF<br \/>\n<\/a><\/p>\n<p>Documents<\/p>\n<ul>\n<li>Valid passport<\/li>\n<li>Airline tickets<\/li>\n<li>Insurance<\/li>\n<\/ul>\n<p>Personal equipment<\/p>\n<ul>\n<li>Backpack 30-50L<\/li>\n<li>Sleeping bag (comfort 0C)<\/li>\n<li>Ski\/trekking poles<\/li>\n<\/ul>\n<p>Clothing and shoes.<\/p>\n<ul>\n<li>Wind and waterproof layer \u2013 Pants and Jacket. Gore-Tex, for example.<\/li>\n<li>Fleece pants and jacket<\/li>\n<li>Thermo underwear layer \u2013 top and bottom<\/li>\n<li>Dawn jacket.<\/li>\n<li>Thick gloves<\/li>\n<li>Thin gloves<\/li>\n<li>Bandana<\/li>\n<li>Warm hat<\/li>\n<li>Underwear, socks and so on<\/li>\n<li>Some warm socks<\/li>\n<li>Balaclava<\/li>\n<li>Gators<\/li>\n<li>Trekking sneakers<\/li>\n<li>Trekking boots are WELL impregnated in advance with a special anti-water agent<\/li>\n<\/ul>\n<p>Travel Accessories<\/p>\n<ul>\n<li>Headlamp<\/li>\n<li>Powerbank<\/li>\n<li>Shower accessories, toothpaste, toothbrush<\/li>\n<li>Raincoat<\/li>\n<li>Rain cover for backpack<\/li>\n<li>Sunglasses<\/li>\n<li>Ski goggles<\/li>\n<li>Vitamins<\/li>\n<li>Thermos (1 liter, better without button)<\/li>\n<li>Sunblock spf 50<\/li>\n<li>lip balm spf 10-15<\/li>\n<li>Personal medical kit<\/li>\n<li>Spare contact lenses or glasses<\/li>\n<li>Knee supports<\/li>\n<li>Towel<\/li>\n<li>Toilet paper (sold in loggias along the way)<\/li>\n<\/ul>\n","protected":false},"excerpt":{"rendered":"<p class=\"p1\">\u2022 Emocionante vuelo sobre el Himalaya y la pista de aterrizaje m\u00e1s corta del mundo<\/p>\n<p class=\"p1\">\u2022 Ciudad de los sherpas Namche Bazar, conocida como \u201cLa Puerta al Everest\u201d<\/p>\n<p class=\"p1\">\u2022 Ascenso a Kala Patthar para ver el amanecer sobre el Everest<\/p>\n<p class=\"p1\">\u2022 Campamento Base del Everest, desde donde comienzan los ascensos que todos los monta\u00f1istas del mundo sue\u00f1an<\/p>\n<p class=\"p1\">\u2022 Los lagos de altura m\u00e1s altos del mundo \u2013 Gokyo<\/p>\n<p class=\"p1\">\u2022 Pintoresco pueblo de Gokyo rodeado de glaciares y picos nevados<\/p>\n<p class=\"p1\">\u2022 Ascenso a Gokyo Ri, desde donde se obtiene una vista panor\u00e1mica de cuatro de las catorce principales cumbres del mundo<\/p>\n<p class=\"p1\">\u2022 Inmersi\u00f3n en la cultura sherpa, conociendo su forma de vida \u00fanica e inalterable durante siglos<\/p>\n<p class=\"p1\">\u2022 Elegimos cuidadosamente los lugares de alojamiento, porque entendemos la importancia de tener condiciones c\u00f3modas para la recuperaci\u00f3n. Garantizamos que nuestros clientes descansan en los mejores lodges del trekking<\/p>\n<p class=\"p3\">*Le informamos que nuestra empresa no opera en la compra, venta de boletos de avi\u00f3n ni en la gesti\u00f3n de permisos de visa, por lo que no se hace responsable en caso de fuerza mayor relacionada con vuelos y cruces fronterizos.<\/p>\n<p class=\"p3\"><strong>Informaci\u00f3n importante:<\/strong><\/p>\n<ul>\n<li class=\"p3\">El horario de check-in y check-out est\u00e1 regulado por el hotel: check-in desde las 15:00, salida del hotel hasta las 11-12:00. El equipaje se puede dejar en la recepci\u00f3n del hotel y pasear por la ciudad, o, si hay posibilidad t\u00e9cnica, pagar un recargo por entrada anticipada\/salida tard\u00eda.<\/li>\n<li class=\"p3\">En Nepal hay algunas dificultades para cambiar billetes de d\u00f3lar peque\u00f1os, desgastados o antiguos (emitidos antes de 2009), tenga esto en cuenta. En algunos lugares habr\u00e1 comisiones adicionales, en otros, rechazo del cambio.<\/li>\n<\/ul>\n","protected":false},"featured_media":18918,"comment_status":"closed","ping_status":"closed","template":"","meta":{"_acf_changed":false,"footnotes":""},"product_cat":[321],"product_tag":[],"class_list":{"0":"post-18917","1":"product","2":"type-product","3":"status-publish","4":"has-post-thumbnail","6":"product_cat-trekking","8":"first","9":"instock","10":"shipping-taxable","11":"purchasable","12":"product-type-simple"},"acf":[],"yoast_head":"<!-- This site is optimized with the Yoast SEO Premium plugin v26.5 (Yoast SEO v27.3) - https:\/\/yoast.com\/product\/yoast-seo-premium-wordpress\/ -->\n<title>Trekking to Everest via Gokyo<\/title>\n<meta name=\"robots\" content=\"index, follow, max-snippet:-1, max-image-preview:large, max-video-preview:-1\" \/>\n<link rel=\"canonical\" href=\"https:\/\/mountainguides.pro\/es\/tours\/trekking\/trekking-to-everest-via-gokyo\/\" \/>\n<meta property=\"og:locale\" content=\"es_ES\" \/>\n<meta property=\"og:locale:alternate\" content=\"en_US\" \/>\n<meta property=\"og:locale:alternate\" content=\"ru_RU\" \/>\n<meta property=\"og:locale:alternate\" content=\"de\" \/>\n<meta property=\"og:locale:alternate\" content=\"pt\" \/>\n<meta property=\"og:locale:alternate\" content=\"zh\" \/>\n<meta property=\"og:locale:alternate\" content=\"ko\" \/>\n<meta property=\"og:locale:alternate\" content=\"ja\" \/>\n<meta property=\"og:locale:alternate\" content=\"hi\" \/>\n<meta property=\"og:locale:alternate\" content=\"ar\" \/>\n<meta property=\"og:type\" content=\"article\" \/>\n<meta property=\"og:title\" content=\"Trekking al Everest a trav\u00e9s de los lagos Gokio\" \/>\n<meta property=\"og:description\" content=\"\u2022 Emocionante vuelo sobre el Himalaya y la pista de aterrizaje m\u00e1s corta del mundo \u2022 Ciudad de los sherpas Namche Bazar, conocida como \u201cLa Puerta al Everest\u201d \u2022 Ascenso a Kala Patthar para ver el amanecer sobre el Everest \u2022 Campamento Base del Everest, desde donde comienzan los ascensos que todos los monta\u00f1istas del mundo sue\u00f1an \u2022 Los lagos de altura m\u00e1s altos del mundo \u2013 Gokyo \u2022 Pintoresco pueblo de Gokyo rodeado de glaciares y picos nevados \u2022 Ascenso a Gokyo Ri, desde donde se obtiene una vista panor\u00e1mica de cuatro de las catorce principales cumbres del mundo \u2022 Inmersi\u00f3n en la cultura sherpa, conociendo su forma de vida \u00fanica e inalterable durante siglos \u2022 Elegimos cuidadosamente los lugares de alojamiento, porque entendemos la importancia de tener condiciones c\u00f3modas para la recuperaci\u00f3n. Garantizamos que nuestros clientes descansan en los mejores lodges del trekking *Le informamos que nuestra empresa no opera en la compra, venta de boletos de avi\u00f3n ni en la gesti\u00f3n de permisos de visa, por lo que no se hace responsable en caso de fuerza mayor relacionada con vuelos y cruces fronterizos. Informaci\u00f3n importante:    El horario de check-in y check-out est\u00e1 regulado por el hotel: check-in desde las 15:00, salida del hotel hasta las 11-12:00. El equipaje se puede dejar en la recepci\u00f3n del hotel y pasear por la ciudad, o, si hay posibilidad t\u00e9cnica, pagar un recargo por entrada anticipada\/salida tard\u00eda.  En Nepal hay algunas dificultades para cambiar billetes de d\u00f3lar peque\u00f1os, desgastados o antiguos (emitidos antes de 2009), tenga esto en cuenta. En algunos lugares habr\u00e1 comisiones adicionales, en otros, rechazo del cambio.\" \/>\n<meta property=\"og:url\" content=\"https:\/\/mountainguides.pro\/es\/tours\/trekking\/trekking-to-everest-via-gokyo\/\" \/>\n<meta property=\"og:site_name\" content=\"Mountain Guide\" \/>\n<meta property=\"article:publisher\" content=\"https:\/\/www.facebook.com\/Mountainguide-232956566756831\/\" \/>\n<meta property=\"article:modified_time\" content=\"2026-04-06T13:31:31+00:00\" \/>\n<meta property=\"og:image\" content=\"https:\/\/mountainguides.pro\/wp-content\/uploads\/2023\/06\/IMG_3960.jpg\" \/>\n\t<meta property=\"og:image:width\" content=\"1773\" \/>\n\t<meta property=\"og:image:height\" content=\"1330\" \/>\n\t<meta property=\"og:image:type\" content=\"image\/jpeg\" \/>\n<meta name=\"twitter:card\" content=\"summary_large_image\" \/>\n<meta name=\"twitter:site\" content=\"@Wintercyclone\" \/>\n<meta name=\"twitter:label1\" content=\"Tiempo de lectura\" \/>\n\t<meta name=\"twitter:data1\" content=\"7 minutos\" \/>\n<script type=\"application\/ld+json\" class=\"yoast-schema-graph\">{\"@context\":\"https:\\\/\\\/schema.org\",\"@graph\":[{\"@type\":\"WebPage\",\"@id\":\"https:\\\/\\\/mountainguides.pro\\\/tours\\\/trekking\\\/trekking-to-everest-via-gokyo\\\/\",\"url\":\"https:\\\/\\\/mountainguides.pro\\\/tours\\\/trekking\\\/trekking-to-everest-via-gokyo\\\/\",\"name\":\"Trekking to Everest via Gokyo\",\"isPartOf\":{\"@id\":\"https:\\\/\\\/mountainguides.pro\\\/#website\"},\"primaryImageOfPage\":{\"@id\":\"https:\\\/\\\/mountainguides.pro\\\/tours\\\/trekking\\\/trekking-to-everest-via-gokyo\\\/#primaryimage\"},\"image\":{\"@id\":\"https:\\\/\\\/mountainguides.pro\\\/tours\\\/trekking\\\/trekking-to-everest-via-gokyo\\\/#primaryimage\"},\"thumbnailUrl\":\"https:\\\/\\\/mountainguides.pro\\\/wp-content\\\/uploads\\\/2023\\\/06\\\/IMG_3960.jpg\",\"datePublished\":\"2023-06-15T10:51:18+00:00\",\"dateModified\":\"2026-04-06T13:31:31+00:00\",\"breadcrumb\":{\"@id\":\"https:\\\/\\\/mountainguides.pro\\\/tours\\\/trekking\\\/trekking-to-everest-via-gokyo\\\/#breadcrumb\"},\"inLanguage\":\"es\",\"potentialAction\":[{\"@type\":\"ReadAction\",\"target\":[\"https:\\\/\\\/mountainguides.pro\\\/tours\\\/trekking\\\/trekking-to-everest-via-gokyo\\\/\"]}]},{\"@type\":\"ImageObject\",\"inLanguage\":\"es\",\"@id\":\"https:\\\/\\\/mountainguides.pro\\\/tours\\\/trekking\\\/trekking-to-everest-via-gokyo\\\/#primaryimage\",\"url\":\"https:\\\/\\\/mountainguides.pro\\\/wp-content\\\/uploads\\\/2023\\\/06\\\/IMG_3960.jpg\",\"contentUrl\":\"https:\\\/\\\/mountainguides.pro\\\/wp-content\\\/uploads\\\/2023\\\/06\\\/IMG_3960.jpg\",\"width\":1773,\"height\":1330},{\"@type\":\"BreadcrumbList\",\"@id\":\"https:\\\/\\\/mountainguides.pro\\\/tours\\\/trekking\\\/trekking-to-everest-via-gokyo\\\/#breadcrumb\",\"itemListElement\":[{\"@type\":\"ListItem\",\"position\":1,\"name\":\"Home\",\"item\":\"https:\\\/\\\/mountainguides.pro\\\/de\\\/\"},{\"@type\":\"ListItem\",\"position\":2,\"name\":\"Trekking to Everest via Gokyo\"}]},{\"@type\":\"WebSite\",\"@id\":\"https:\\\/\\\/mountainguides.pro\\\/#website\",\"url\":\"https:\\\/\\\/mountainguides.pro\\\/\",\"name\":\"Mountain Guide\",\"description\":\"We aspire to be the first in everything!\",\"publisher\":{\"@id\":\"https:\\\/\\\/mountainguides.pro\\\/#organization\"},\"potentialAction\":[{\"@type\":\"SearchAction\",\"target\":{\"@type\":\"EntryPoint\",\"urlTemplate\":\"https:\\\/\\\/mountainguides.pro\\\/?s={search_term_string}\"},\"query-input\":{\"@type\":\"PropertyValueSpecification\",\"valueRequired\":true,\"valueName\":\"search_term_string\"}}],\"inLanguage\":\"es\"},{\"@type\":\"Organization\",\"@id\":\"https:\\\/\\\/mountainguides.pro\\\/#organization\",\"name\":\"Mountain Guide\",\"url\":\"https:\\\/\\\/mountainguides.pro\\\/\",\"logo\":{\"@type\":\"ImageObject\",\"inLanguage\":\"es\",\"@id\":\"https:\\\/\\\/mountainguides.pro\\\/#\\\/schema\\\/logo\\\/image\\\/\",\"url\":\"https:\\\/\\\/mountainguides.pro\\\/wp-content\\\/uploads\\\/2018\\\/01\\\/mglogo.jpg\",\"contentUrl\":\"https:\\\/\\\/mountainguides.pro\\\/wp-content\\\/uploads\\\/2018\\\/01\\\/mglogo.jpg\",\"width\":1200,\"height\":630,\"caption\":\"Mountain Guide\"},\"image\":{\"@id\":\"https:\\\/\\\/mountainguides.pro\\\/#\\\/schema\\\/logo\\\/image\\\/\"},\"sameAs\":[\"https:\\\/\\\/www.facebook.com\\\/Mountainguide-232956566756831\\\/\",\"https:\\\/\\\/x.com\\\/Wintercyclone\",\"http:\\\/\\\/instagram.com\\\/mountainguide\",\"http:\\\/\\\/www.youtube.com\\\/mountainguide\"]}]}<\/script>\n<!-- \/ Yoast SEO Premium plugin. -->","yoast_head_json":{"title":"Trekking to Everest via Gokyo","robots":{"index":"index","follow":"follow","max-snippet":"max-snippet:-1","max-image-preview":"max-image-preview:large","max-video-preview":"max-video-preview:-1"},"canonical":"https:\/\/mountainguides.pro\/es\/tours\/trekking\/trekking-to-everest-via-gokyo\/","og_locale":"es_ES","og_type":"article","og_title":"[:en]Trekking to Everest via Gokyo[:de]Trekking zum Mount Everest \u00fcber die Gokio-Seen[:es]Trekking al Everest a trav\u00e9s de los lagos Gokio[:pt]Trekking para o Everest atrav\u00e9s do lago Gokyo[:zh]\u7ecf\u9ad8\u6865\u6e56\u5f92\u6b65\u524d\u5f80\u73e0\u7a46\u6717\u739b\u5cf0[:ko]\uace0\ucfc4 \ud638\uc218\ub97c \ud1b5\ud574 \uc5d0\ubca0\ub808\uc2a4\ud2b8 \ud2b8\ub808\ud0b9[:ja]\u4e94\u5ce1\u6e56\u3092\u7d4c\u7531\u3057\u3066\u30a8\u30d9\u30ec\u30b9\u30c8\u3078\u306e\u30c8\u30ec\u30c3\u30ad\u30f3\u30b0[:hi]\u0917\u094b\u0915\u094d\u092f\u094b \u091d\u0940\u0932\u094b\u0902 \u0915\u0947 \u092e\u093e\u0927\u094d\u092f\u092e \u0938\u0947 \u090f\u0935\u0930\u0947\u0938\u094d\u091f \u0915\u0947 \u0932\u093f\u090f \u091f\u094d\u0930\u0947\u0915\u093f\u0902\u0917[:ar]\u0627\u0644\u0631\u062d\u0644\u0627\u062a \u0625\u0644\u0649 \u0625\u064a\u0641\u0631\u0633\u062a \u0639\u0628\u0631 \u0628\u062d\u064a\u0631\u0627\u062a \u062c\u0648\u0643\u064a\u0648[:]","og_description":"\u2022 Emocionante vuelo sobre el Himalaya y la pista de aterrizaje m\u00e1s corta del mundo \u2022 Ciudad de los sherpas Namche Bazar, conocida como \u201cLa Puerta al Everest\u201d \u2022 Ascenso a Kala Patthar para ver el amanecer sobre el Everest \u2022 Campamento Base del Everest, desde donde comienzan los ascensos que todos los monta\u00f1istas del mundo sue\u00f1an \u2022 Los lagos de altura m\u00e1s altos del mundo \u2013 Gokyo \u2022 Pintoresco pueblo de Gokyo rodeado de glaciares y picos nevados \u2022 Ascenso a Gokyo Ri, desde donde se obtiene una vista panor\u00e1mica de cuatro de las catorce principales cumbres del mundo \u2022 Inmersi\u00f3n en la cultura sherpa, conociendo su forma de vida \u00fanica e inalterable durante siglos \u2022 Elegimos cuidadosamente los lugares de alojamiento, porque entendemos la importancia de tener condiciones c\u00f3modas para la recuperaci\u00f3n. Garantizamos que nuestros clientes descansan en los mejores lodges del trekking *Le informamos que nuestra empresa no opera en la compra, venta de boletos de avi\u00f3n ni en la gesti\u00f3n de permisos de visa, por lo que no se hace responsable en caso de fuerza mayor relacionada con vuelos y cruces fronterizos. Informaci\u00f3n importante:    El horario de check-in y check-out est\u00e1 regulado por el hotel: check-in desde las 15:00, salida del hotel hasta las 11-12:00. El equipaje se puede dejar en la recepci\u00f3n del hotel y pasear por la ciudad, o, si hay posibilidad t\u00e9cnica, pagar un recargo por entrada anticipada\/salida tard\u00eda.  En Nepal hay algunas dificultades para cambiar billetes de d\u00f3lar peque\u00f1os, desgastados o antiguos (emitidos antes de 2009), tenga esto en cuenta. En algunos lugares habr\u00e1 comisiones adicionales, en otros, rechazo del cambio.","og_url":"https:\/\/mountainguides.pro\/es\/tours\/trekking\/trekking-to-everest-via-gokyo\/","og_site_name":"Mountain Guide","article_publisher":"https:\/\/www.facebook.com\/Mountainguide-232956566756831\/","article_modified_time":"2026-04-06T13:31:31+00:00","og_image":[{"width":1773,"height":1330,"url":"https:\/\/mountainguides.pro\/wp-content\/uploads\/2023\/06\/IMG_3960.jpg","type":"image\/jpeg"}],"twitter_card":"summary_large_image","twitter_site":"@Wintercyclone","twitter_misc":{"Tiempo de lectura":"7 minutos"},"schema":{"@context":"https:\/\/schema.org","@graph":[{"@type":"WebPage","@id":"https:\/\/mountainguides.pro\/tours\/trekking\/trekking-to-everest-via-gokyo\/","url":"https:\/\/mountainguides.pro\/tours\/trekking\/trekking-to-everest-via-gokyo\/","name":"Trekking to Everest via Gokyo","isPartOf":{"@id":"https:\/\/mountainguides.pro\/#website"},"primaryImageOfPage":{"@id":"https:\/\/mountainguides.pro\/tours\/trekking\/trekking-to-everest-via-gokyo\/#primaryimage"},"image":{"@id":"https:\/\/mountainguides.pro\/tours\/trekking\/trekking-to-everest-via-gokyo\/#primaryimage"},"thumbnailUrl":"https:\/\/mountainguides.pro\/wp-content\/uploads\/2023\/06\/IMG_3960.jpg","datePublished":"2023-06-15T10:51:18+00:00","dateModified":"2026-04-06T13:31:31+00:00","breadcrumb":{"@id":"https:\/\/mountainguides.pro\/tours\/trekking\/trekking-to-everest-via-gokyo\/#breadcrumb"},"inLanguage":"es","potentialAction":[{"@type":"ReadAction","target":["https:\/\/mountainguides.pro\/tours\/trekking\/trekking-to-everest-via-gokyo\/"]}]},{"@type":"ImageObject","inLanguage":"es","@id":"https:\/\/mountainguides.pro\/tours\/trekking\/trekking-to-everest-via-gokyo\/#primaryimage","url":"https:\/\/mountainguides.pro\/wp-content\/uploads\/2023\/06\/IMG_3960.jpg","contentUrl":"https:\/\/mountainguides.pro\/wp-content\/uploads\/2023\/06\/IMG_3960.jpg","width":1773,"height":1330},{"@type":"BreadcrumbList","@id":"https:\/\/mountainguides.pro\/tours\/trekking\/trekking-to-everest-via-gokyo\/#breadcrumb","itemListElement":[{"@type":"ListItem","position":1,"name":"Home","item":"https:\/\/mountainguides.pro\/de\/"},{"@type":"ListItem","position":2,"name":"Trekking to Everest via Gokyo"}]},{"@type":"WebSite","@id":"https:\/\/mountainguides.pro\/#website","url":"https:\/\/mountainguides.pro\/","name":"Mountain Guide","description":"We aspire to be the first in everything!","publisher":{"@id":"https:\/\/mountainguides.pro\/#organization"},"potentialAction":[{"@type":"SearchAction","target":{"@type":"EntryPoint","urlTemplate":"https:\/\/mountainguides.pro\/?s={search_term_string}"},"query-input":{"@type":"PropertyValueSpecification","valueRequired":true,"valueName":"search_term_string"}}],"inLanguage":"es"},{"@type":"Organization","@id":"https:\/\/mountainguides.pro\/#organization","name":"Mountain Guide","url":"https:\/\/mountainguides.pro\/","logo":{"@type":"ImageObject","inLanguage":"es","@id":"https:\/\/mountainguides.pro\/#\/schema\/logo\/image\/","url":"https:\/\/mountainguides.pro\/wp-content\/uploads\/2018\/01\/mglogo.jpg","contentUrl":"https:\/\/mountainguides.pro\/wp-content\/uploads\/2018\/01\/mglogo.jpg","width":1200,"height":630,"caption":"Mountain Guide"},"image":{"@id":"https:\/\/mountainguides.pro\/#\/schema\/logo\/image\/"},"sameAs":["https:\/\/www.facebook.com\/Mountainguide-232956566756831\/","https:\/\/x.com\/Wintercyclone","http:\/\/instagram.com\/mountainguide","http:\/\/www.youtube.com\/mountainguide"]}]}},"_links":{"self":[{"href":"https:\/\/mountainguides.pro\/es\/wp-json\/wp\/v2\/product\/18917","targetHints":{"allow":["GET"]}}],"collection":[{"href":"https:\/\/mountainguides.pro\/es\/wp-json\/wp\/v2\/product"}],"about":[{"href":"https:\/\/mountainguides.pro\/es\/wp-json\/wp\/v2\/types\/product"}],"replies":[{"embeddable":true,"href":"https:\/\/mountainguides.pro\/es\/wp-json\/wp\/v2\/comments?post=18917"}],"version-history":[{"count":23,"href":"https:\/\/mountainguides.pro\/es\/wp-json\/wp\/v2\/product\/18917\/revisions"}],"predecessor-version":[{"id":33358,"href":"https:\/\/mountainguides.pro\/es\/wp-json\/wp\/v2\/product\/18917\/revisions\/33358"}],"wp:featuredmedia":[{"embeddable":true,"href":"https:\/\/mountainguides.pro\/es\/wp-json\/wp\/v2\/media\/18918"}],"wp:attachment":[{"href":"https:\/\/mountainguides.pro\/es\/wp-json\/wp\/v2\/media?parent=18917"}],"wp:term":[{"taxonomy":"product_cat","embeddable":true,"href":"https:\/\/mountainguides.pro\/es\/wp-json\/wp\/v2\/product_cat?post=18917"},{"taxonomy":"product_tag","embeddable":true,"href":"https:\/\/mountainguides.pro\/es\/wp-json\/wp\/v2\/product_tag?post=18917"}],"curies":[{"name":"wp","href":"https:\/\/api.w.org\/{rel}","templated":true}]}}