{"id":19396,"date":"2023-07-28T22:21:07","date_gmt":"2023-07-28T19:21:07","guid":{"rendered":"https:\/\/mountainguides.pro\/?post_type=product&#038;p=19396"},"modified":"2026-02-03T14:09:41","modified_gmt":"2026-02-03T11:09:41","slug":"kailash-trek","status":"publish","type":"product","link":"https:\/\/mountainguides.pro\/es\/tours\/trekking\/kailash-trek\/","title":{"rendered":"Corteza alrededor de kailas"},"content":{"rendered":"","protected":false},"excerpt":{"rendered":"<p class=\"p1\">T\u00edbet, llamado \u201cel techo del mundo\u201d, es un lugar \u00fanico y enigm\u00e1tico que ha atra\u00eddo durante siglos a viajeros, peregrinos y buscadores de aventuras. Muchas personas creen err\u00f3neamente que al cruzar la frontera del T\u00edbet alcanzar\u00e1n inmediatamente la iluminaci\u00f3n espiritual. Sin embargo, Shambhala es un concepto espiritual, inaccesible para la percepci\u00f3n f\u00edsica, y la iluminaci\u00f3n solo se puede alcanzar a trav\u00e9s de un largo proceso de crecimiento espiritual, acumulando m\u00e9ritos durante muchas vidas o mediante grandes proezas m\u00edsticas, como lo hizo Milarepa. No se deben esperar milagros en cada paso, pero el propio viaje puede convertirse en el primer paso hacia lo eterno y lo sublime.<\/p>\n<p class=\"p1\">Le recordamos que nuestra empresa no se dedica a la compra, venta de boletos de avi\u00f3n ni a la tramitaci\u00f3n de visados, por lo que no se hace responsable de fuerza mayor relacionada con vuelos y el cruce de fronteras.<i><\/i><\/p>\n<p class=\"p1\"><strong>Informaci\u00f3n importante:<\/strong><\/p>\n<p class=\"p1\">El horario de check-in y check-out est\u00e1 regulado por el hotel: check-in a partir de las 15:00, check-out hasta las 11-12:00. El equipaje se puede dejar en la recepci\u00f3n del hotel para pasear por la ciudad, o, si existe la posibilidad t\u00e9cnica, pagar un recargo por entrada temprana\/salida tard\u00eda.<\/p>\n<p class=\"p1\">En Nepal existen ciertas dificultades para cambiar billetes de d\u00f3lar peque\u00f1os, desgastados o antiguos (emitidos antes de 2009), t\u00e9ngalo en cuenta. En algunos lugares habr\u00e1 comisiones adicionales, en otros, puede negarse el cambio.<\/p>\n","protected":false},"featured_media":21451,"comment_status":"closed","ping_status":"closed","template":"","meta":{"_acf_changed":false,"footnotes":""},"product_cat":[321],"product_tag":[],"class_list":{"0":"post-19396","1":"product","2":"type-product","3":"status-publish","4":"has-post-thumbnail","6":"product_cat-trekking","8":"first","9":"instock","10":"shipping-taxable","11":"purchasable","12":"product-type-simple"},"acf":[],"yoast_head":"<!-- This site is optimized with the Yoast SEO Premium plugin v26.5 (Yoast SEO v27.3) - https:\/\/yoast.com\/product\/yoast-seo-premium-wordpress\/ -->\n<title>Trekking Kailash<\/title>\n<meta name=\"robots\" content=\"index, follow, max-snippet:-1, max-image-preview:large, max-video-preview:-1\" \/>\n<link rel=\"canonical\" href=\"https:\/\/mountainguides.pro\/es\/tours\/trekking\/kailash-trek\/\" \/>\n<meta property=\"og:locale\" content=\"es_ES\" \/>\n<meta property=\"og:locale:alternate\" content=\"en_US\" \/>\n<meta property=\"og:locale:alternate\" content=\"ru_RU\" \/>\n<meta property=\"og:locale:alternate\" content=\"de\" \/>\n<meta property=\"og:locale:alternate\" content=\"pt\" \/>\n<meta property=\"og:locale:alternate\" content=\"zh\" \/>\n<meta property=\"og:locale:alternate\" content=\"ko\" \/>\n<meta property=\"og:locale:alternate\" content=\"ja\" \/>\n<meta property=\"og:locale:alternate\" content=\"hi\" \/>\n<meta property=\"og:locale:alternate\" content=\"ar\" \/>\n<meta property=\"og:type\" content=\"article\" \/>\n<meta property=\"og:title\" content=\"Corteza alrededor de kailas\" \/>\n<meta property=\"og:description\" content=\"T\u00edbet, llamado \u201cel techo del mundo\u201d, es un lugar \u00fanico y enigm\u00e1tico que ha atra\u00eddo durante siglos a viajeros, peregrinos y buscadores de aventuras. Muchas personas creen err\u00f3neamente que al cruzar la frontera del T\u00edbet alcanzar\u00e1n inmediatamente la iluminaci\u00f3n espiritual. Sin embargo, Shambhala es un concepto espiritual, inaccesible para la percepci\u00f3n f\u00edsica, y la iluminaci\u00f3n solo se puede alcanzar a trav\u00e9s de un largo proceso de crecimiento espiritual, acumulando m\u00e9ritos durante muchas vidas o mediante grandes proezas m\u00edsticas, como lo hizo Milarepa. No se deben esperar milagros en cada paso, pero el propio viaje puede convertirse en el primer paso hacia lo eterno y lo sublime. Le recordamos que nuestra empresa no se dedica a la compra, venta de boletos de avi\u00f3n ni a la tramitaci\u00f3n de visados, por lo que no se hace responsable de fuerza mayor relacionada con vuelos y el cruce de fronteras. Informaci\u00f3n importante: El horario de check-in y check-out est\u00e1 regulado por el hotel: check-in a partir de las 15:00, check-out hasta las 11-12:00. El equipaje se puede dejar en la recepci\u00f3n del hotel para pasear por la ciudad, o, si existe la posibilidad t\u00e9cnica, pagar un recargo por entrada temprana\/salida tard\u00eda. En Nepal existen ciertas dificultades para cambiar billetes de d\u00f3lar peque\u00f1os, desgastados o antiguos (emitidos antes de 2009), t\u00e9ngalo en cuenta. En algunos lugares habr\u00e1 comisiones adicionales, en otros, puede negarse el cambio.\" \/>\n<meta property=\"og:url\" content=\"https:\/\/mountainguides.pro\/es\/tours\/trekking\/kailash-trek\/\" \/>\n<meta property=\"og:site_name\" content=\"Mountain Guide\" \/>\n<meta property=\"article:publisher\" content=\"https:\/\/www.facebook.com\/Mountainguide-232956566756831\/\" \/>\n<meta property=\"article:modified_time\" content=\"2026-02-03T11:09:41+00:00\" \/>\n<meta property=\"og:image\" content=\"https:\/\/mountainguides.pro\/wp-content\/uploads\/2023\/07\/kora-vokrug-kajlasa-tibet-tur-trekking.jpeg\" \/>\n\t<meta property=\"og:image:width\" content=\"1800\" \/>\n\t<meta property=\"og:image:height\" content=\"1350\" \/>\n\t<meta property=\"og:image:type\" content=\"image\/jpeg\" \/>\n<meta name=\"twitter:card\" content=\"summary_large_image\" \/>\n<meta name=\"twitter:site\" content=\"@Wintercyclone\" \/>\n<meta name=\"twitter:label1\" content=\"Tiempo de lectura\" \/>\n\t<meta name=\"twitter:data1\" content=\"1 minuto\" \/>\n<script type=\"application\/ld+json\" class=\"yoast-schema-graph\">{\"@context\":\"https:\\\/\\\/schema.org\",\"@graph\":[{\"@type\":\"WebPage\",\"@id\":\"https:\\\/\\\/mountainguides.pro\\\/ar\\\/tours\\\/trekking\\\/kailash-trek\\\/\",\"url\":\"https:\\\/\\\/mountainguides.pro\\\/ar\\\/tours\\\/trekking\\\/kailash-trek\\\/\",\"name\":\"Trekking Kailash\",\"isPartOf\":{\"@id\":\"https:\\\/\\\/mountainguides.pro\\\/#website\"},\"primaryImageOfPage\":{\"@id\":\"https:\\\/\\\/mountainguides.pro\\\/ar\\\/tours\\\/trekking\\\/kailash-trek\\\/#primaryimage\"},\"image\":{\"@id\":\"https:\\\/\\\/mountainguides.pro\\\/ar\\\/tours\\\/trekking\\\/kailash-trek\\\/#primaryimage\"},\"thumbnailUrl\":\"https:\\\/\\\/mountainguides.pro\\\/wp-content\\\/uploads\\\/2023\\\/07\\\/kora-vokrug-kajlasa-tibet-tur-trekking.jpeg\",\"datePublished\":\"2023-07-28T19:21:07+00:00\",\"dateModified\":\"2026-02-03T11:09:41+00:00\",\"breadcrumb\":{\"@id\":\"https:\\\/\\\/mountainguides.pro\\\/ar\\\/tours\\\/trekking\\\/kailash-trek\\\/#breadcrumb\"},\"inLanguage\":\"es\",\"potentialAction\":[{\"@type\":\"ReadAction\",\"target\":[\"https:\\\/\\\/mountainguides.pro\\\/ar\\\/tours\\\/trekking\\\/kailash-trek\\\/\"]}]},{\"@type\":\"ImageObject\",\"inLanguage\":\"es\",\"@id\":\"https:\\\/\\\/mountainguides.pro\\\/ar\\\/tours\\\/trekking\\\/kailash-trek\\\/#primaryimage\",\"url\":\"https:\\\/\\\/mountainguides.pro\\\/wp-content\\\/uploads\\\/2023\\\/07\\\/kora-vokrug-kajlasa-tibet-tur-trekking.jpeg\",\"contentUrl\":\"https:\\\/\\\/mountainguides.pro\\\/wp-content\\\/uploads\\\/2023\\\/07\\\/kora-vokrug-kajlasa-tibet-tur-trekking.jpeg\",\"width\":1800,\"height\":1350},{\"@type\":\"BreadcrumbList\",\"@id\":\"https:\\\/\\\/mountainguides.pro\\\/ar\\\/tours\\\/trekking\\\/kailash-trek\\\/#breadcrumb\",\"itemListElement\":[{\"@type\":\"ListItem\",\"position\":1,\"name\":\"Home\",\"item\":\"https:\\\/\\\/mountainguides.pro\\\/de\\\/\"},{\"@type\":\"ListItem\",\"position\":2,\"name\":\"\u0627\u0644\u0644\u062d\u0627\u0621 \u062d\u0648\u0644 \u0643\u0627\u064a\u0644\u0627\u0633\u0627\"}]},{\"@type\":\"WebSite\",\"@id\":\"https:\\\/\\\/mountainguides.pro\\\/#website\",\"url\":\"https:\\\/\\\/mountainguides.pro\\\/\",\"name\":\"Mountain Guide\",\"description\":\"We aspire to be the first in everything!\",\"publisher\":{\"@id\":\"https:\\\/\\\/mountainguides.pro\\\/#organization\"},\"potentialAction\":[{\"@type\":\"SearchAction\",\"target\":{\"@type\":\"EntryPoint\",\"urlTemplate\":\"https:\\\/\\\/mountainguides.pro\\\/?s={search_term_string}\"},\"query-input\":{\"@type\":\"PropertyValueSpecification\",\"valueRequired\":true,\"valueName\":\"search_term_string\"}}],\"inLanguage\":\"es\"},{\"@type\":\"Organization\",\"@id\":\"https:\\\/\\\/mountainguides.pro\\\/#organization\",\"name\":\"Mountain Guide\",\"url\":\"https:\\\/\\\/mountainguides.pro\\\/\",\"logo\":{\"@type\":\"ImageObject\",\"inLanguage\":\"es\",\"@id\":\"https:\\\/\\\/mountainguides.pro\\\/#\\\/schema\\\/logo\\\/image\\\/\",\"url\":\"https:\\\/\\\/mountainguides.pro\\\/wp-content\\\/uploads\\\/2018\\\/01\\\/mglogo.jpg\",\"contentUrl\":\"https:\\\/\\\/mountainguides.pro\\\/wp-content\\\/uploads\\\/2018\\\/01\\\/mglogo.jpg\",\"width\":1200,\"height\":630,\"caption\":\"Mountain Guide\"},\"image\":{\"@id\":\"https:\\\/\\\/mountainguides.pro\\\/#\\\/schema\\\/logo\\\/image\\\/\"},\"sameAs\":[\"https:\\\/\\\/www.facebook.com\\\/Mountainguide-232956566756831\\\/\",\"https:\\\/\\\/x.com\\\/Wintercyclone\",\"http:\\\/\\\/instagram.com\\\/mountainguide\",\"http:\\\/\\\/www.youtube.com\\\/mountainguide\"]}]}<\/script>\n<!-- \/ Yoast SEO Premium plugin. -->","yoast_head_json":{"title":"Trekking Kailash","robots":{"index":"index","follow":"follow","max-snippet":"max-snippet:-1","max-image-preview":"max-image-preview:large","max-video-preview":"max-video-preview:-1"},"canonical":"https:\/\/mountainguides.pro\/es\/tours\/trekking\/kailash-trek\/","og_locale":"es_ES","og_type":"article","og_title":"[:en]Kailash trek[:de]Die Rinde um Kailas herum[:es]Corteza alrededor de kailas[:pt]Cora em torno de Kailash[:zh]\u5188\u4ec1\u6ce2\u9f50\u5468\u56f4\u7684\u79d1\u62c9[:ko]\uce74\uc77c\ub77c\uc0ac \uc8fc\ubcc0\uc758 \ub098\ubb34 \uaecd\uc9c8[:ja]\u30ab\u30a4\u30e9\u30b5\u306e\u5468\u308a\u306e\u6a39\u76ae[:hi]\u0915\u0948\u0932\u093e\u0938\u093e \u0915\u0947 \u0906\u0938\u092a\u093e\u0938 \u0915\u0940 \u091b\u093e\u0932[:ar]\u0627\u0644\u0644\u062d\u0627\u0621 \u062d\u0648\u0644 \u0643\u0627\u064a\u0644\u0627\u0633\u0627[:]","og_description":"T\u00edbet, llamado \u201cel techo del mundo\u201d, es un lugar \u00fanico y enigm\u00e1tico que ha atra\u00eddo durante siglos a viajeros, peregrinos y buscadores de aventuras. Muchas personas creen err\u00f3neamente que al cruzar la frontera del T\u00edbet alcanzar\u00e1n inmediatamente la iluminaci\u00f3n espiritual. Sin embargo, Shambhala es un concepto espiritual, inaccesible para la percepci\u00f3n f\u00edsica, y la iluminaci\u00f3n solo se puede alcanzar a trav\u00e9s de un largo proceso de crecimiento espiritual, acumulando m\u00e9ritos durante muchas vidas o mediante grandes proezas m\u00edsticas, como lo hizo Milarepa. No se deben esperar milagros en cada paso, pero el propio viaje puede convertirse en el primer paso hacia lo eterno y lo sublime. Le recordamos que nuestra empresa no se dedica a la compra, venta de boletos de avi\u00f3n ni a la tramitaci\u00f3n de visados, por lo que no se hace responsable de fuerza mayor relacionada con vuelos y el cruce de fronteras. Informaci\u00f3n importante: El horario de check-in y check-out est\u00e1 regulado por el hotel: check-in a partir de las 15:00, check-out hasta las 11-12:00. El equipaje se puede dejar en la recepci\u00f3n del hotel para pasear por la ciudad, o, si existe la posibilidad t\u00e9cnica, pagar un recargo por entrada temprana\/salida tard\u00eda. En Nepal existen ciertas dificultades para cambiar billetes de d\u00f3lar peque\u00f1os, desgastados o antiguos (emitidos antes de 2009), t\u00e9ngalo en cuenta. En algunos lugares habr\u00e1 comisiones adicionales, en otros, puede negarse el cambio.","og_url":"https:\/\/mountainguides.pro\/es\/tours\/trekking\/kailash-trek\/","og_site_name":"Mountain Guide","article_publisher":"https:\/\/www.facebook.com\/Mountainguide-232956566756831\/","article_modified_time":"2026-02-03T11:09:41+00:00","og_image":[{"width":1800,"height":1350,"url":"https:\/\/mountainguides.pro\/wp-content\/uploads\/2023\/07\/kora-vokrug-kajlasa-tibet-tur-trekking.jpeg","type":"image\/jpeg"}],"twitter_card":"summary_large_image","twitter_site":"@Wintercyclone","twitter_misc":{"Tiempo de lectura":"1 minuto"},"schema":{"@context":"https:\/\/schema.org","@graph":[{"@type":"WebPage","@id":"https:\/\/mountainguides.pro\/ar\/tours\/trekking\/kailash-trek\/","url":"https:\/\/mountainguides.pro\/ar\/tours\/trekking\/kailash-trek\/","name":"Trekking Kailash","isPartOf":{"@id":"https:\/\/mountainguides.pro\/#website"},"primaryImageOfPage":{"@id":"https:\/\/mountainguides.pro\/ar\/tours\/trekking\/kailash-trek\/#primaryimage"},"image":{"@id":"https:\/\/mountainguides.pro\/ar\/tours\/trekking\/kailash-trek\/#primaryimage"},"thumbnailUrl":"https:\/\/mountainguides.pro\/wp-content\/uploads\/2023\/07\/kora-vokrug-kajlasa-tibet-tur-trekking.jpeg","datePublished":"2023-07-28T19:21:07+00:00","dateModified":"2026-02-03T11:09:41+00:00","breadcrumb":{"@id":"https:\/\/mountainguides.pro\/ar\/tours\/trekking\/kailash-trek\/#breadcrumb"},"inLanguage":"es","potentialAction":[{"@type":"ReadAction","target":["https:\/\/mountainguides.pro\/ar\/tours\/trekking\/kailash-trek\/"]}]},{"@type":"ImageObject","inLanguage":"es","@id":"https:\/\/mountainguides.pro\/ar\/tours\/trekking\/kailash-trek\/#primaryimage","url":"https:\/\/mountainguides.pro\/wp-content\/uploads\/2023\/07\/kora-vokrug-kajlasa-tibet-tur-trekking.jpeg","contentUrl":"https:\/\/mountainguides.pro\/wp-content\/uploads\/2023\/07\/kora-vokrug-kajlasa-tibet-tur-trekking.jpeg","width":1800,"height":1350},{"@type":"BreadcrumbList","@id":"https:\/\/mountainguides.pro\/ar\/tours\/trekking\/kailash-trek\/#breadcrumb","itemListElement":[{"@type":"ListItem","position":1,"name":"Home","item":"https:\/\/mountainguides.pro\/de\/"},{"@type":"ListItem","position":2,"name":"\u0627\u0644\u0644\u062d\u0627\u0621 \u062d\u0648\u0644 \u0643\u0627\u064a\u0644\u0627\u0633\u0627"}]},{"@type":"WebSite","@id":"https:\/\/mountainguides.pro\/#website","url":"https:\/\/mountainguides.pro\/","name":"Mountain Guide","description":"We aspire to be the first in everything!","publisher":{"@id":"https:\/\/mountainguides.pro\/#organization"},"potentialAction":[{"@type":"SearchAction","target":{"@type":"EntryPoint","urlTemplate":"https:\/\/mountainguides.pro\/?s={search_term_string}"},"query-input":{"@type":"PropertyValueSpecification","valueRequired":true,"valueName":"search_term_string"}}],"inLanguage":"es"},{"@type":"Organization","@id":"https:\/\/mountainguides.pro\/#organization","name":"Mountain Guide","url":"https:\/\/mountainguides.pro\/","logo":{"@type":"ImageObject","inLanguage":"es","@id":"https:\/\/mountainguides.pro\/#\/schema\/logo\/image\/","url":"https:\/\/mountainguides.pro\/wp-content\/uploads\/2018\/01\/mglogo.jpg","contentUrl":"https:\/\/mountainguides.pro\/wp-content\/uploads\/2018\/01\/mglogo.jpg","width":1200,"height":630,"caption":"Mountain Guide"},"image":{"@id":"https:\/\/mountainguides.pro\/#\/schema\/logo\/image\/"},"sameAs":["https:\/\/www.facebook.com\/Mountainguide-232956566756831\/","https:\/\/x.com\/Wintercyclone","http:\/\/instagram.com\/mountainguide","http:\/\/www.youtube.com\/mountainguide"]}]}},"_links":{"self":[{"href":"https:\/\/mountainguides.pro\/es\/wp-json\/wp\/v2\/product\/19396","targetHints":{"allow":["GET"]}}],"collection":[{"href":"https:\/\/mountainguides.pro\/es\/wp-json\/wp\/v2\/product"}],"about":[{"href":"https:\/\/mountainguides.pro\/es\/wp-json\/wp\/v2\/types\/product"}],"replies":[{"embeddable":true,"href":"https:\/\/mountainguides.pro\/es\/wp-json\/wp\/v2\/comments?post=19396"}],"version-history":[{"count":11,"href":"https:\/\/mountainguides.pro\/es\/wp-json\/wp\/v2\/product\/19396\/revisions"}],"predecessor-version":[{"id":32708,"href":"https:\/\/mountainguides.pro\/es\/wp-json\/wp\/v2\/product\/19396\/revisions\/32708"}],"wp:featuredmedia":[{"embeddable":true,"href":"https:\/\/mountainguides.pro\/es\/wp-json\/wp\/v2\/media\/21451"}],"wp:attachment":[{"href":"https:\/\/mountainguides.pro\/es\/wp-json\/wp\/v2\/media?parent=19396"}],"wp:term":[{"taxonomy":"product_cat","embeddable":true,"href":"https:\/\/mountainguides.pro\/es\/wp-json\/wp\/v2\/product_cat?post=19396"},{"taxonomy":"product_tag","embeddable":true,"href":"https:\/\/mountainguides.pro\/es\/wp-json\/wp\/v2\/product_tag?post=19396"}],"curies":[{"name":"wp","href":"https:\/\/api.w.org\/{rel}","templated":true}]}}