{"id":19397,"date":"2023-07-28T22:19:50","date_gmt":"2023-07-28T19:19:50","guid":{"rendered":"https:\/\/mountainguides.pro\/?post_type=product&#038;p=19397"},"modified":"2026-02-03T16:14:30","modified_gmt":"2026-02-03T13:14:30","slug":"patagonia-the-edge-of-the-world","status":"publish","type":"product","link":"https:\/\/mountainguides.pro\/es\/tours\/trekking\/patagonia-the-edge-of-the-world\/","title":{"rendered":"Tour a la Patagonia: al fin de la Tierra"},"content":{"rendered":"","protected":false},"excerpt":{"rendered":"<ul>\n<li class=\"p1\">El parque nacional m\u00e1s famoso de Am\u00e9rica Latina, Torres del Paine<\/li>\n<li class=\"p1\">W-Trek \u2013 el trekking m\u00e1s conocido de la Patagonia y de toda Sudam\u00e9rica<\/li>\n<li class=\"p1\">O-Trek \u2013 trekking completo por la regi\u00f3n de Torres del Paine en la Patagonia, \u00a1O-Trek no lo ofrece nadie m\u00e1s en Rusia!<\/li>\n<li class=\"p1\">Crucero y paseo por la isla Martillo, donde viven las mayores colonias de ping\u00fcinos magall\u00e1nicos y de penacho amarillo<\/li>\n<li class=\"p1\">El verdadero fin del mundo \u2013 la ciudad de Ushuaia en una de las islas del archipi\u00e9lago Tierra del Fuego<\/li>\n<li class=\"p1\">Glaciar Perito Moreno, donde se concentra la tercera mayor reserva de agua dulce del mundo<\/li>\n<\/ul>\n<p class=\"p1\"><strong>Costo del tour:<\/strong><\/p>\n<ul>\n<li class=\"p1\">3569\u202f$ para 4 participantes<\/li>\n<li class=\"p1\">3314\u202f$ para 5 participantes<\/li>\n<li class=\"p1\">3144\u202f$ para 6 participantes<\/li>\n<li class=\"p1\">3023\u202f$ para 7 participantes<\/li>\n<li class=\"p1\">2932\u202f$ para 8 participantes<\/li>\n<\/ul>\n<p class=\"p1\">*Les recordamos que nuestra compa\u00f1\u00eda no se dedica a la compra, venta de billetes de avi\u00f3n ni a la gesti\u00f3n de visados, por lo que no se hace responsable de fuerza mayor relacionada con vuelos o pasos fronterizos. \u00a1Estaremos encantados de ayudarle a elegir sus vuelos!<\/p>\n","protected":false},"featured_media":21449,"comment_status":"closed","ping_status":"closed","template":"","meta":{"_acf_changed":false,"footnotes":""},"product_cat":[321],"product_tag":[],"class_list":{"0":"post-19397","1":"product","2":"type-product","3":"status-publish","4":"has-post-thumbnail","6":"product_cat-trekking","8":"first","9":"instock","10":"shipping-taxable","11":"purchasable","12":"product-type-simple"},"acf":[],"yoast_head":"<!-- This site is optimized with the Yoast SEO Premium plugin v26.5 (Yoast SEO v27.3) - https:\/\/yoast.com\/product\/yoast-seo-premium-wordpress\/ -->\n<title>Trekking Patagonia<\/title>\n<meta name=\"robots\" content=\"index, follow, max-snippet:-1, max-image-preview:large, max-video-preview:-1\" \/>\n<link rel=\"canonical\" href=\"https:\/\/mountainguides.pro\/es\/tours\/trekking\/patagonia-the-edge-of-the-world\/\" \/>\n<meta property=\"og:locale\" content=\"es_ES\" \/>\n<meta property=\"og:locale:alternate\" content=\"en_US\" \/>\n<meta property=\"og:locale:alternate\" content=\"ru_RU\" \/>\n<meta property=\"og:locale:alternate\" content=\"de\" \/>\n<meta property=\"og:locale:alternate\" content=\"pt\" \/>\n<meta property=\"og:locale:alternate\" content=\"zh\" \/>\n<meta property=\"og:locale:alternate\" content=\"ko\" \/>\n<meta property=\"og:locale:alternate\" content=\"ja\" \/>\n<meta property=\"og:locale:alternate\" content=\"hi\" \/>\n<meta property=\"og:locale:alternate\" content=\"ar\" \/>\n<meta property=\"og:type\" content=\"article\" \/>\n<meta property=\"og:title\" content=\"Tour a la Patagonia: al fin de la Tierra\" \/>\n<meta property=\"og:description\" content=\"El parque nacional m\u00e1s famoso de Am\u00e9rica Latina, Torres del Paine  W-Trek \u2013 el trekking m\u00e1s conocido de la Patagonia y de toda Sudam\u00e9rica  O-Trek \u2013 trekking completo por la regi\u00f3n de Torres del Paine en la Patagonia, \u00a1O-Trek no lo ofrece nadie m\u00e1s en Rusia!  Crucero y paseo por la isla Martillo, donde viven las mayores colonias de ping\u00fcinos magall\u00e1nicos y de penacho amarillo  El verdadero fin del mundo \u2013 la ciudad de Ushuaia en una de las islas del archipi\u00e9lago Tierra del Fuego  Glaciar Perito Moreno, donde se concentra la tercera mayor reserva de agua dulce del mundo  Costo del tour:    3569\u202f$ para 4 participantes  3314\u202f$ para 5 participantes  3144\u202f$ para 6 participantes  3023\u202f$ para 7 participantes  2932\u202f$ para 8 participantes  *Les recordamos que nuestra compa\u00f1\u00eda no se dedica a la compra, venta de billetes de avi\u00f3n ni a la gesti\u00f3n de visados, por lo que no se hace responsable de fuerza mayor relacionada con vuelos o pasos fronterizos. \u00a1Estaremos encantados de ayudarle a elegir sus vuelos!\" \/>\n<meta property=\"og:url\" content=\"https:\/\/mountainguides.pro\/es\/tours\/trekking\/patagonia-the-edge-of-the-world\/\" \/>\n<meta property=\"og:site_name\" content=\"Mountain Guide\" \/>\n<meta property=\"article:publisher\" content=\"https:\/\/www.facebook.com\/Mountainguide-232956566756831\/\" \/>\n<meta property=\"article:modified_time\" content=\"2026-02-03T13:14:30+00:00\" \/>\n<meta property=\"og:image\" content=\"https:\/\/mountainguides.pro\/wp-content\/uploads\/2023\/07\/patagoniya-tur-31.jpg\" \/>\n\t<meta property=\"og:image:width\" content=\"1600\" \/>\n\t<meta property=\"og:image:height\" content=\"1200\" \/>\n\t<meta property=\"og:image:type\" content=\"image\/jpeg\" \/>\n<meta name=\"twitter:card\" content=\"summary_large_image\" \/>\n<meta name=\"twitter:site\" content=\"@Wintercyclone\" \/>\n<meta name=\"twitter:label1\" content=\"Tiempo de lectura\" \/>\n\t<meta name=\"twitter:data1\" content=\"1 minuto\" \/>\n<script type=\"application\/ld+json\" class=\"yoast-schema-graph\">{\"@context\":\"https:\\\/\\\/schema.org\",\"@graph\":[{\"@type\":\"WebPage\",\"@id\":\"https:\\\/\\\/mountainguides.pro\\\/ar\\\/tours\\\/trekking\\\/patagonia-the-edge-of-the-world\\\/\",\"url\":\"https:\\\/\\\/mountainguides.pro\\\/ar\\\/tours\\\/trekking\\\/patagonia-the-edge-of-the-world\\\/\",\"name\":\"Trekking Patagonia\",\"isPartOf\":{\"@id\":\"https:\\\/\\\/mountainguides.pro\\\/#website\"},\"primaryImageOfPage\":{\"@id\":\"https:\\\/\\\/mountainguides.pro\\\/ar\\\/tours\\\/trekking\\\/patagonia-the-edge-of-the-world\\\/#primaryimage\"},\"image\":{\"@id\":\"https:\\\/\\\/mountainguides.pro\\\/ar\\\/tours\\\/trekking\\\/patagonia-the-edge-of-the-world\\\/#primaryimage\"},\"thumbnailUrl\":\"https:\\\/\\\/mountainguides.pro\\\/wp-content\\\/uploads\\\/2023\\\/07\\\/patagoniya-tur-31.jpg\",\"datePublished\":\"2023-07-28T19:19:50+00:00\",\"dateModified\":\"2026-02-03T13:14:30+00:00\",\"breadcrumb\":{\"@id\":\"https:\\\/\\\/mountainguides.pro\\\/ar\\\/tours\\\/trekking\\\/patagonia-the-edge-of-the-world\\\/#breadcrumb\"},\"inLanguage\":\"es\",\"potentialAction\":[{\"@type\":\"ReadAction\",\"target\":[\"https:\\\/\\\/mountainguides.pro\\\/ar\\\/tours\\\/trekking\\\/patagonia-the-edge-of-the-world\\\/\"]}]},{\"@type\":\"ImageObject\",\"inLanguage\":\"es\",\"@id\":\"https:\\\/\\\/mountainguides.pro\\\/ar\\\/tours\\\/trekking\\\/patagonia-the-edge-of-the-world\\\/#primaryimage\",\"url\":\"https:\\\/\\\/mountainguides.pro\\\/wp-content\\\/uploads\\\/2023\\\/07\\\/patagoniya-tur-31.jpg\",\"contentUrl\":\"https:\\\/\\\/mountainguides.pro\\\/wp-content\\\/uploads\\\/2023\\\/07\\\/patagoniya-tur-31.jpg\",\"width\":1600,\"height\":1200},{\"@type\":\"BreadcrumbList\",\"@id\":\"https:\\\/\\\/mountainguides.pro\\\/ar\\\/tours\\\/trekking\\\/patagonia-the-edge-of-the-world\\\/#breadcrumb\",\"itemListElement\":[{\"@type\":\"ListItem\",\"position\":1,\"name\":\"Home\",\"item\":\"https:\\\/\\\/mountainguides.pro\\\/de\\\/\"},{\"@type\":\"ListItem\",\"position\":2,\"name\":\"\u062c\u0648\u0644\u0629 \u0628\u0627\u062a\u0627\u063a\u0648\u0646\u064a\u0627: \u0639\u0644\u0649 \u062d\u0627\u0641\u0629 \u0627\u0644\u0623\u0631\u0636\"}]},{\"@type\":\"WebSite\",\"@id\":\"https:\\\/\\\/mountainguides.pro\\\/#website\",\"url\":\"https:\\\/\\\/mountainguides.pro\\\/\",\"name\":\"Mountain Guide\",\"description\":\"We aspire to be the first in everything!\",\"publisher\":{\"@id\":\"https:\\\/\\\/mountainguides.pro\\\/#organization\"},\"potentialAction\":[{\"@type\":\"SearchAction\",\"target\":{\"@type\":\"EntryPoint\",\"urlTemplate\":\"https:\\\/\\\/mountainguides.pro\\\/?s={search_term_string}\"},\"query-input\":{\"@type\":\"PropertyValueSpecification\",\"valueRequired\":true,\"valueName\":\"search_term_string\"}}],\"inLanguage\":\"es\"},{\"@type\":\"Organization\",\"@id\":\"https:\\\/\\\/mountainguides.pro\\\/#organization\",\"name\":\"Mountain Guide\",\"url\":\"https:\\\/\\\/mountainguides.pro\\\/\",\"logo\":{\"@type\":\"ImageObject\",\"inLanguage\":\"es\",\"@id\":\"https:\\\/\\\/mountainguides.pro\\\/#\\\/schema\\\/logo\\\/image\\\/\",\"url\":\"https:\\\/\\\/mountainguides.pro\\\/wp-content\\\/uploads\\\/2018\\\/01\\\/mglogo.jpg\",\"contentUrl\":\"https:\\\/\\\/mountainguides.pro\\\/wp-content\\\/uploads\\\/2018\\\/01\\\/mglogo.jpg\",\"width\":1200,\"height\":630,\"caption\":\"Mountain Guide\"},\"image\":{\"@id\":\"https:\\\/\\\/mountainguides.pro\\\/#\\\/schema\\\/logo\\\/image\\\/\"},\"sameAs\":[\"https:\\\/\\\/www.facebook.com\\\/Mountainguide-232956566756831\\\/\",\"https:\\\/\\\/x.com\\\/Wintercyclone\",\"http:\\\/\\\/instagram.com\\\/mountainguide\",\"http:\\\/\\\/www.youtube.com\\\/mountainguide\"]}]}<\/script>\n<!-- \/ Yoast SEO Premium plugin. -->","yoast_head_json":{"title":"Trekking Patagonia","robots":{"index":"index","follow":"follow","max-snippet":"max-snippet:-1","max-image-preview":"max-image-preview:large","max-video-preview":"max-video-preview:-1"},"canonical":"https:\/\/mountainguides.pro\/es\/tours\/trekking\/patagonia-the-edge-of-the-world\/","og_locale":"es_ES","og_type":"article","og_title":"[:en]Patagonia: the edge of the world[:de]Tour nach Patagonien: Am Rande der Erde[:es]Tour a la Patagonia: al fin de la Tierra[:pt]Excurs\u00e3o \u00e0 Patag\u00f4nia: no fim do mundo[:zh]\u5df4\u5854\u54e5\u5c3c\u4e9a\u4e4b\u65c5\uff1a\u5730\u7403\u7684\u5c3d\u5934[:ko]\ud30c\ud0c0\uace0\ub2c8\uc544 \ud22c\uc5b4:\uc9c0\uad6c \uac00\uc7a5\uc790\ub9ac[:ja]\u30d1\u30bf\u30b4\u30cb\u30a2\u30c4\u30a2\u30fc\uff1a\u5730\u7403\u306e\u7aef\u3067[:hi]\u092a\u0947\u091f\u093e\u0917\u094b\u0928\u093f\u092f\u093e \u091f\u0942\u0930: \u092a\u0943\u0925\u094d\u0935\u0940 \u0915\u0947 \u0915\u093f\u0928\u093e\u0930\u0947 \u092a\u0930[:ar]\u062c\u0648\u0644\u0629 \u0628\u0627\u062a\u0627\u063a\u0648\u0646\u064a\u0627: \u0639\u0644\u0649 \u062d\u0627\u0641\u0629 \u0627\u0644\u0623\u0631\u0636[:]","og_description":"El parque nacional m\u00e1s famoso de Am\u00e9rica Latina, Torres del Paine  W-Trek \u2013 el trekking m\u00e1s conocido de la Patagonia y de toda Sudam\u00e9rica  O-Trek \u2013 trekking completo por la regi\u00f3n de Torres del Paine en la Patagonia, \u00a1O-Trek no lo ofrece nadie m\u00e1s en Rusia!  Crucero y paseo por la isla Martillo, donde viven las mayores colonias de ping\u00fcinos magall\u00e1nicos y de penacho amarillo  El verdadero fin del mundo \u2013 la ciudad de Ushuaia en una de las islas del archipi\u00e9lago Tierra del Fuego  Glaciar Perito Moreno, donde se concentra la tercera mayor reserva de agua dulce del mundo  Costo del tour:    3569\u202f$ para 4 participantes  3314\u202f$ para 5 participantes  3144\u202f$ para 6 participantes  3023\u202f$ para 7 participantes  2932\u202f$ para 8 participantes  *Les recordamos que nuestra compa\u00f1\u00eda no se dedica a la compra, venta de billetes de avi\u00f3n ni a la gesti\u00f3n de visados, por lo que no se hace responsable de fuerza mayor relacionada con vuelos o pasos fronterizos. \u00a1Estaremos encantados de ayudarle a elegir sus vuelos!","og_url":"https:\/\/mountainguides.pro\/es\/tours\/trekking\/patagonia-the-edge-of-the-world\/","og_site_name":"Mountain Guide","article_publisher":"https:\/\/www.facebook.com\/Mountainguide-232956566756831\/","article_modified_time":"2026-02-03T13:14:30+00:00","og_image":[{"width":1600,"height":1200,"url":"https:\/\/mountainguides.pro\/wp-content\/uploads\/2023\/07\/patagoniya-tur-31.jpg","type":"image\/jpeg"}],"twitter_card":"summary_large_image","twitter_site":"@Wintercyclone","twitter_misc":{"Tiempo de lectura":"1 minuto"},"schema":{"@context":"https:\/\/schema.org","@graph":[{"@type":"WebPage","@id":"https:\/\/mountainguides.pro\/ar\/tours\/trekking\/patagonia-the-edge-of-the-world\/","url":"https:\/\/mountainguides.pro\/ar\/tours\/trekking\/patagonia-the-edge-of-the-world\/","name":"Trekking Patagonia","isPartOf":{"@id":"https:\/\/mountainguides.pro\/#website"},"primaryImageOfPage":{"@id":"https:\/\/mountainguides.pro\/ar\/tours\/trekking\/patagonia-the-edge-of-the-world\/#primaryimage"},"image":{"@id":"https:\/\/mountainguides.pro\/ar\/tours\/trekking\/patagonia-the-edge-of-the-world\/#primaryimage"},"thumbnailUrl":"https:\/\/mountainguides.pro\/wp-content\/uploads\/2023\/07\/patagoniya-tur-31.jpg","datePublished":"2023-07-28T19:19:50+00:00","dateModified":"2026-02-03T13:14:30+00:00","breadcrumb":{"@id":"https:\/\/mountainguides.pro\/ar\/tours\/trekking\/patagonia-the-edge-of-the-world\/#breadcrumb"},"inLanguage":"es","potentialAction":[{"@type":"ReadAction","target":["https:\/\/mountainguides.pro\/ar\/tours\/trekking\/patagonia-the-edge-of-the-world\/"]}]},{"@type":"ImageObject","inLanguage":"es","@id":"https:\/\/mountainguides.pro\/ar\/tours\/trekking\/patagonia-the-edge-of-the-world\/#primaryimage","url":"https:\/\/mountainguides.pro\/wp-content\/uploads\/2023\/07\/patagoniya-tur-31.jpg","contentUrl":"https:\/\/mountainguides.pro\/wp-content\/uploads\/2023\/07\/patagoniya-tur-31.jpg","width":1600,"height":1200},{"@type":"BreadcrumbList","@id":"https:\/\/mountainguides.pro\/ar\/tours\/trekking\/patagonia-the-edge-of-the-world\/#breadcrumb","itemListElement":[{"@type":"ListItem","position":1,"name":"Home","item":"https:\/\/mountainguides.pro\/de\/"},{"@type":"ListItem","position":2,"name":"\u062c\u0648\u0644\u0629 \u0628\u0627\u062a\u0627\u063a\u0648\u0646\u064a\u0627: \u0639\u0644\u0649 \u062d\u0627\u0641\u0629 \u0627\u0644\u0623\u0631\u0636"}]},{"@type":"WebSite","@id":"https:\/\/mountainguides.pro\/#website","url":"https:\/\/mountainguides.pro\/","name":"Mountain Guide","description":"We aspire to be the first in everything!","publisher":{"@id":"https:\/\/mountainguides.pro\/#organization"},"potentialAction":[{"@type":"SearchAction","target":{"@type":"EntryPoint","urlTemplate":"https:\/\/mountainguides.pro\/?s={search_term_string}"},"query-input":{"@type":"PropertyValueSpecification","valueRequired":true,"valueName":"search_term_string"}}],"inLanguage":"es"},{"@type":"Organization","@id":"https:\/\/mountainguides.pro\/#organization","name":"Mountain Guide","url":"https:\/\/mountainguides.pro\/","logo":{"@type":"ImageObject","inLanguage":"es","@id":"https:\/\/mountainguides.pro\/#\/schema\/logo\/image\/","url":"https:\/\/mountainguides.pro\/wp-content\/uploads\/2018\/01\/mglogo.jpg","contentUrl":"https:\/\/mountainguides.pro\/wp-content\/uploads\/2018\/01\/mglogo.jpg","width":1200,"height":630,"caption":"Mountain Guide"},"image":{"@id":"https:\/\/mountainguides.pro\/#\/schema\/logo\/image\/"},"sameAs":["https:\/\/www.facebook.com\/Mountainguide-232956566756831\/","https:\/\/x.com\/Wintercyclone","http:\/\/instagram.com\/mountainguide","http:\/\/www.youtube.com\/mountainguide"]}]}},"_links":{"self":[{"href":"https:\/\/mountainguides.pro\/es\/wp-json\/wp\/v2\/product\/19397","targetHints":{"allow":["GET"]}}],"collection":[{"href":"https:\/\/mountainguides.pro\/es\/wp-json\/wp\/v2\/product"}],"about":[{"href":"https:\/\/mountainguides.pro\/es\/wp-json\/wp\/v2\/types\/product"}],"replies":[{"embeddable":true,"href":"https:\/\/mountainguides.pro\/es\/wp-json\/wp\/v2\/comments?post=19397"}],"version-history":[{"count":12,"href":"https:\/\/mountainguides.pro\/es\/wp-json\/wp\/v2\/product\/19397\/revisions"}],"predecessor-version":[{"id":32709,"href":"https:\/\/mountainguides.pro\/es\/wp-json\/wp\/v2\/product\/19397\/revisions\/32709"}],"wp:featuredmedia":[{"embeddable":true,"href":"https:\/\/mountainguides.pro\/es\/wp-json\/wp\/v2\/media\/21449"}],"wp:attachment":[{"href":"https:\/\/mountainguides.pro\/es\/wp-json\/wp\/v2\/media?parent=19397"}],"wp:term":[{"taxonomy":"product_cat","embeddable":true,"href":"https:\/\/mountainguides.pro\/es\/wp-json\/wp\/v2\/product_cat?post=19397"},{"taxonomy":"product_tag","embeddable":true,"href":"https:\/\/mountainguides.pro\/es\/wp-json\/wp\/v2\/product_tag?post=19397"}],"curies":[{"name":"wp","href":"https:\/\/api.w.org\/{rel}","templated":true}]}}