{"id":19399,"date":"2023-07-28T22:21:27","date_gmt":"2023-07-28T19:21:27","guid":{"rendered":"https:\/\/mountainguides.pro\/?post_type=product&#038;p=19399"},"modified":"2026-02-03T13:35:04","modified_gmt":"2026-02-03T10:35:04","slug":"trekking-to-annapurna-bc","status":"publish","type":"product","link":"https:\/\/mountainguides.pro\/es\/tours\/trekking\/trekking-to-annapurna-bc\/","title":{"rendered":"Trekking al campamento base de Annapurna"},"content":{"rendered":"","protected":false},"excerpt":{"rendered":"<p class=\"p1\">\u2022 Ofrecemos vuelo a Pokhara, \u00a1sin agotadores traslados en autob\u00fas de 9 horas!<\/p>\n<p class=\"p1\">\u2022 Veremos Annapurna I (8\u202f091 metros), la monta\u00f1a con la tasa de mortalidad m\u00e1s alta<\/p>\n<p class=\"p1\">\u2022 Conoceremos la cultura de las casas de t\u00e9 de Nepal<\/p>\n<p class=\"p1\">\u2022 Admiraremos Machapuchare, conocida por su cima que recuerda a la cola de un pez<\/p>\n<p class=\"p1\">\u2022 Veremos el amanecer con vistas a todo el macizo de Annapurna desde el mirador Poon Hill<\/p>\n<p class=\"p1\">\u2022 Nos ba\u00f1aremos en las aguas termales de Jinu<\/p>\n<p class=\"p1\">\u2022 Observaremos c\u00f3mo los locales domesticaron abejas silvestres para recolectar miel alucin\u00f3gena<\/p>\n<p class=\"p1\">\u2022 Pasaremos una velada rom\u00e1ntica e inolvidable en Pokhara, en el lago Phewa<\/p>\n<p class=\"p3\"><b>A diferencia de otras compa\u00f1\u00edas, se incluye el vuelo interno<\/b><b><\/b><\/p>\n<p class=\"p3\"><b>Informaci\u00f3n importante:<\/b><b><\/b><\/p>\n<p class=\"p1\">\u2022 Los horarios de check-in y check-out est\u00e1n regulados por el hotel: check-in a partir de las 15\u202fh, check-out hasta las 11-12\u202fh. Se puede dejar el equipaje en la recepci\u00f3n y pasear por la ciudad o, si hay posibilidad t\u00e9cnica, pagar un early check-in\/check-out.<\/p>\n<p class=\"p1\">\u2022 En Nepal existen dificultades para cambiar billetes peque\u00f1os, deteriorados o antiguos (emitidos hasta 2009), tenlo en cuenta. En algunos casos se cobra comisi\u00f3n extra, en otros pueden negarse a cambiar el billete.<\/p>\n<p class=\"p1\">\u2022 Llamamos tu atenci\u00f3n sobre que nuestra compa\u00f1\u00eda <span class=\"s1\"><b>no ofrece servicios de compra o venta de billetes de avi\u00f3n ni de tramitaci\u00f3n de visados<\/b><\/span>, por lo que no se hace responsable de posibles contratiempos relacionados con vuelos o cruces fronterizos.<\/p>\n","protected":false},"featured_media":21448,"comment_status":"closed","ping_status":"closed","template":"","meta":{"_acf_changed":false,"footnotes":""},"product_cat":[321],"product_tag":[],"class_list":{"0":"post-19399","1":"product","2":"type-product","3":"status-publish","4":"has-post-thumbnail","6":"product_cat-trekking","8":"first","9":"instock","10":"shipping-taxable","11":"purchasable","12":"product-type-simple"},"acf":[],"yoast_head":"<!-- This site is optimized with the Yoast SEO Premium plugin v26.5 (Yoast SEO v27.3) - https:\/\/yoast.com\/product\/yoast-seo-premium-wordpress\/ -->\n<title>Trekking to Annapurna BC<\/title>\n<meta name=\"robots\" content=\"index, follow, max-snippet:-1, max-image-preview:large, max-video-preview:-1\" \/>\n<link rel=\"canonical\" href=\"https:\/\/mountainguides.pro\/es\/tours\/trekking\/trekking-to-annapurna-bc\/\" \/>\n<meta property=\"og:locale\" content=\"es_ES\" \/>\n<meta property=\"og:locale:alternate\" content=\"en_US\" \/>\n<meta property=\"og:locale:alternate\" content=\"ru_RU\" \/>\n<meta property=\"og:locale:alternate\" content=\"de\" \/>\n<meta property=\"og:locale:alternate\" content=\"pt\" \/>\n<meta property=\"og:locale:alternate\" content=\"zh\" \/>\n<meta property=\"og:locale:alternate\" content=\"ko\" \/>\n<meta property=\"og:locale:alternate\" content=\"ja\" \/>\n<meta property=\"og:locale:alternate\" content=\"hi\" \/>\n<meta property=\"og:locale:alternate\" content=\"ar\" \/>\n<meta property=\"og:type\" content=\"article\" \/>\n<meta property=\"og:title\" content=\"Trekking al campamento base de Annapurna\" \/>\n<meta property=\"og:description\" content=\"\u2022 Ofrecemos vuelo a Pokhara, \u00a1sin agotadores traslados en autob\u00fas de 9 horas! \u2022 Veremos Annapurna I (8\u202f091 metros), la monta\u00f1a con la tasa de mortalidad m\u00e1s alta \u2022 Conoceremos la cultura de las casas de t\u00e9 de Nepal \u2022 Admiraremos Machapuchare, conocida por su cima que recuerda a la cola de un pez \u2022 Veremos el amanecer con vistas a todo el macizo de Annapurna desde el mirador Poon Hill \u2022 Nos ba\u00f1aremos en las aguas termales de Jinu \u2022 Observaremos c\u00f3mo los locales domesticaron abejas silvestres para recolectar miel alucin\u00f3gena \u2022 Pasaremos una velada rom\u00e1ntica e inolvidable en Pokhara, en el lago Phewa A diferencia de otras compa\u00f1\u00edas, se incluye el vuelo interno Informaci\u00f3n importante: \u2022 Los horarios de check-in y check-out est\u00e1n regulados por el hotel: check-in a partir de las 15\u202fh, check-out hasta las 11-12\u202fh. Se puede dejar el equipaje en la recepci\u00f3n y pasear por la ciudad o, si hay posibilidad t\u00e9cnica, pagar un early check-in\/check-out. \u2022 En Nepal existen dificultades para cambiar billetes peque\u00f1os, deteriorados o antiguos (emitidos hasta 2009), tenlo en cuenta. En algunos casos se cobra comisi\u00f3n extra, en otros pueden negarse a cambiar el billete. \u2022 Llamamos tu atenci\u00f3n sobre que nuestra compa\u00f1\u00eda no ofrece servicios de compra o venta de billetes de avi\u00f3n ni de tramitaci\u00f3n de visados, por lo que no se hace responsable de posibles contratiempos relacionados con vuelos o cruces fronterizos.\" \/>\n<meta property=\"og:url\" content=\"https:\/\/mountainguides.pro\/es\/tours\/trekking\/trekking-to-annapurna-bc\/\" \/>\n<meta property=\"og:site_name\" content=\"Mountain Guide\" \/>\n<meta property=\"article:publisher\" content=\"https:\/\/www.facebook.com\/Mountainguide-232956566756831\/\" \/>\n<meta property=\"article:modified_time\" content=\"2026-02-03T10:35:04+00:00\" \/>\n<meta property=\"og:image\" content=\"https:\/\/mountainguides.pro\/wp-content\/uploads\/2023\/07\/trekking-k-bazovomu-lageryu-annapurny-31.jpeg\" \/>\n\t<meta property=\"og:image:width\" content=\"1800\" \/>\n\t<meta property=\"og:image:height\" content=\"1350\" \/>\n\t<meta property=\"og:image:type\" content=\"image\/jpeg\" \/>\n<meta name=\"twitter:card\" content=\"summary_large_image\" \/>\n<meta name=\"twitter:site\" content=\"@Wintercyclone\" \/>\n<meta name=\"twitter:label1\" content=\"Tiempo de lectura\" \/>\n\t<meta name=\"twitter:data1\" content=\"1 minuto\" \/>\n<script type=\"application\/ld+json\" class=\"yoast-schema-graph\">{\"@context\":\"https:\\\/\\\/schema.org\",\"@graph\":[{\"@type\":\"WebPage\",\"@id\":\"https:\\\/\\\/mountainguides.pro\\\/ar\\\/tours\\\/trekking\\\/trekking-to-annapurna-bc\\\/\",\"url\":\"https:\\\/\\\/mountainguides.pro\\\/ar\\\/tours\\\/trekking\\\/trekking-to-annapurna-bc\\\/\",\"name\":\"Trekking to Annapurna BC\",\"isPartOf\":{\"@id\":\"https:\\\/\\\/mountainguides.pro\\\/#website\"},\"primaryImageOfPage\":{\"@id\":\"https:\\\/\\\/mountainguides.pro\\\/ar\\\/tours\\\/trekking\\\/trekking-to-annapurna-bc\\\/#primaryimage\"},\"image\":{\"@id\":\"https:\\\/\\\/mountainguides.pro\\\/ar\\\/tours\\\/trekking\\\/trekking-to-annapurna-bc\\\/#primaryimage\"},\"thumbnailUrl\":\"https:\\\/\\\/mountainguides.pro\\\/wp-content\\\/uploads\\\/2023\\\/07\\\/trekking-k-bazovomu-lageryu-annapurny-31.jpeg\",\"datePublished\":\"2023-07-28T19:21:27+00:00\",\"dateModified\":\"2026-02-03T10:35:04+00:00\",\"breadcrumb\":{\"@id\":\"https:\\\/\\\/mountainguides.pro\\\/ar\\\/tours\\\/trekking\\\/trekking-to-annapurna-bc\\\/#breadcrumb\"},\"inLanguage\":\"es\",\"potentialAction\":[{\"@type\":\"ReadAction\",\"target\":[\"https:\\\/\\\/mountainguides.pro\\\/ar\\\/tours\\\/trekking\\\/trekking-to-annapurna-bc\\\/\"]}]},{\"@type\":\"ImageObject\",\"inLanguage\":\"es\",\"@id\":\"https:\\\/\\\/mountainguides.pro\\\/ar\\\/tours\\\/trekking\\\/trekking-to-annapurna-bc\\\/#primaryimage\",\"url\":\"https:\\\/\\\/mountainguides.pro\\\/wp-content\\\/uploads\\\/2023\\\/07\\\/trekking-k-bazovomu-lageryu-annapurny-31.jpeg\",\"contentUrl\":\"https:\\\/\\\/mountainguides.pro\\\/wp-content\\\/uploads\\\/2023\\\/07\\\/trekking-k-bazovomu-lageryu-annapurny-31.jpeg\",\"width\":1800,\"height\":1350},{\"@type\":\"BreadcrumbList\",\"@id\":\"https:\\\/\\\/mountainguides.pro\\\/ar\\\/tours\\\/trekking\\\/trekking-to-annapurna-bc\\\/#breadcrumb\",\"itemListElement\":[{\"@type\":\"ListItem\",\"position\":1,\"name\":\"Home\",\"item\":\"https:\\\/\\\/mountainguides.pro\\\/de\\\/\"},{\"@type\":\"ListItem\",\"position\":2,\"name\":\"\u0623\u0646\u0627\u0628\u0648\u0631\u0646\u0627 \u0642\u0627\u0639\u062f\u0629 \u0645\u062e\u064a\u0645 \u0627\u0644\u0631\u062d\u0644\u0627\u062a\"}]},{\"@type\":\"WebSite\",\"@id\":\"https:\\\/\\\/mountainguides.pro\\\/#website\",\"url\":\"https:\\\/\\\/mountainguides.pro\\\/\",\"name\":\"Mountain Guide\",\"description\":\"We aspire to be the first in everything!\",\"publisher\":{\"@id\":\"https:\\\/\\\/mountainguides.pro\\\/#organization\"},\"potentialAction\":[{\"@type\":\"SearchAction\",\"target\":{\"@type\":\"EntryPoint\",\"urlTemplate\":\"https:\\\/\\\/mountainguides.pro\\\/?s={search_term_string}\"},\"query-input\":{\"@type\":\"PropertyValueSpecification\",\"valueRequired\":true,\"valueName\":\"search_term_string\"}}],\"inLanguage\":\"es\"},{\"@type\":\"Organization\",\"@id\":\"https:\\\/\\\/mountainguides.pro\\\/#organization\",\"name\":\"Mountain Guide\",\"url\":\"https:\\\/\\\/mountainguides.pro\\\/\",\"logo\":{\"@type\":\"ImageObject\",\"inLanguage\":\"es\",\"@id\":\"https:\\\/\\\/mountainguides.pro\\\/#\\\/schema\\\/logo\\\/image\\\/\",\"url\":\"https:\\\/\\\/mountainguides.pro\\\/wp-content\\\/uploads\\\/2018\\\/01\\\/mglogo.jpg\",\"contentUrl\":\"https:\\\/\\\/mountainguides.pro\\\/wp-content\\\/uploads\\\/2018\\\/01\\\/mglogo.jpg\",\"width\":1200,\"height\":630,\"caption\":\"Mountain Guide\"},\"image\":{\"@id\":\"https:\\\/\\\/mountainguides.pro\\\/#\\\/schema\\\/logo\\\/image\\\/\"},\"sameAs\":[\"https:\\\/\\\/www.facebook.com\\\/Mountainguide-232956566756831\\\/\",\"https:\\\/\\\/x.com\\\/Wintercyclone\",\"http:\\\/\\\/instagram.com\\\/mountainguide\",\"http:\\\/\\\/www.youtube.com\\\/mountainguide\"]}]}<\/script>\n<!-- \/ Yoast SEO Premium plugin. -->","yoast_head_json":{"title":"Trekking to Annapurna BC","robots":{"index":"index","follow":"follow","max-snippet":"max-snippet:-1","max-image-preview":"max-image-preview:large","max-video-preview":"max-video-preview:-1"},"canonical":"https:\/\/mountainguides.pro\/es\/tours\/trekking\/trekking-to-annapurna-bc\/","og_locale":"es_ES","og_type":"article","og_title":"[:en]Trekking to Annapurna BC[:de]Trekking zum Basislager von Annapurna[:es]Trekking al campamento base de Annapurna[:pt]Trekking no acampamento base de Annapurna[:zh]\u5f92\u6b65\u524d\u5f80\u5b89\u7eb3\u5e03\u5c14\u7eb3\u5cf0\u5927\u672c\u8425[:ko]\uc548\ub098\ud478\ub974\ub098 \ubca0\uc774\uc2a4 \ucea0\ud504 \ud2b8\ub808\ud0b9[:ja]\u30a2\u30f3\u30ca\u30d7\u30eb\u30ca\u30d9\u30fc\u30b9\u30ad\u30e3\u30f3\u30d7\u30c8\u30ec\u30c3\u30ad\u30f3\u30b0[:hi]\u0905\u0928\u094d\u0928\u092a\u0942\u0930\u094d\u0923\u093e \u0906\u0927\u093e\u0930 \u0936\u093f\u0935\u093f\u0930 \u091f\u094d\u0930\u0947\u0915\u093f\u0902\u0917[:ar]\u0623\u0646\u0627\u0628\u0648\u0631\u0646\u0627 \u0642\u0627\u0639\u062f\u0629 \u0645\u062e\u064a\u0645 \u0627\u0644\u0631\u062d\u0644\u0627\u062a[:]","og_description":"\u2022 Ofrecemos vuelo a Pokhara, \u00a1sin agotadores traslados en autob\u00fas de 9 horas! \u2022 Veremos Annapurna I (8\u202f091 metros), la monta\u00f1a con la tasa de mortalidad m\u00e1s alta \u2022 Conoceremos la cultura de las casas de t\u00e9 de Nepal \u2022 Admiraremos Machapuchare, conocida por su cima que recuerda a la cola de un pez \u2022 Veremos el amanecer con vistas a todo el macizo de Annapurna desde el mirador Poon Hill \u2022 Nos ba\u00f1aremos en las aguas termales de Jinu \u2022 Observaremos c\u00f3mo los locales domesticaron abejas silvestres para recolectar miel alucin\u00f3gena \u2022 Pasaremos una velada rom\u00e1ntica e inolvidable en Pokhara, en el lago Phewa A diferencia de otras compa\u00f1\u00edas, se incluye el vuelo interno Informaci\u00f3n importante: \u2022 Los horarios de check-in y check-out est\u00e1n regulados por el hotel: check-in a partir de las 15\u202fh, check-out hasta las 11-12\u202fh. Se puede dejar el equipaje en la recepci\u00f3n y pasear por la ciudad o, si hay posibilidad t\u00e9cnica, pagar un early check-in\/check-out. \u2022 En Nepal existen dificultades para cambiar billetes peque\u00f1os, deteriorados o antiguos (emitidos hasta 2009), tenlo en cuenta. En algunos casos se cobra comisi\u00f3n extra, en otros pueden negarse a cambiar el billete. \u2022 Llamamos tu atenci\u00f3n sobre que nuestra compa\u00f1\u00eda no ofrece servicios de compra o venta de billetes de avi\u00f3n ni de tramitaci\u00f3n de visados, por lo que no se hace responsable de posibles contratiempos relacionados con vuelos o cruces fronterizos.","og_url":"https:\/\/mountainguides.pro\/es\/tours\/trekking\/trekking-to-annapurna-bc\/","og_site_name":"Mountain Guide","article_publisher":"https:\/\/www.facebook.com\/Mountainguide-232956566756831\/","article_modified_time":"2026-02-03T10:35:04+00:00","og_image":[{"width":1800,"height":1350,"url":"https:\/\/mountainguides.pro\/wp-content\/uploads\/2023\/07\/trekking-k-bazovomu-lageryu-annapurny-31.jpeg","type":"image\/jpeg"}],"twitter_card":"summary_large_image","twitter_site":"@Wintercyclone","twitter_misc":{"Tiempo de lectura":"1 minuto"},"schema":{"@context":"https:\/\/schema.org","@graph":[{"@type":"WebPage","@id":"https:\/\/mountainguides.pro\/ar\/tours\/trekking\/trekking-to-annapurna-bc\/","url":"https:\/\/mountainguides.pro\/ar\/tours\/trekking\/trekking-to-annapurna-bc\/","name":"Trekking to Annapurna BC","isPartOf":{"@id":"https:\/\/mountainguides.pro\/#website"},"primaryImageOfPage":{"@id":"https:\/\/mountainguides.pro\/ar\/tours\/trekking\/trekking-to-annapurna-bc\/#primaryimage"},"image":{"@id":"https:\/\/mountainguides.pro\/ar\/tours\/trekking\/trekking-to-annapurna-bc\/#primaryimage"},"thumbnailUrl":"https:\/\/mountainguides.pro\/wp-content\/uploads\/2023\/07\/trekking-k-bazovomu-lageryu-annapurny-31.jpeg","datePublished":"2023-07-28T19:21:27+00:00","dateModified":"2026-02-03T10:35:04+00:00","breadcrumb":{"@id":"https:\/\/mountainguides.pro\/ar\/tours\/trekking\/trekking-to-annapurna-bc\/#breadcrumb"},"inLanguage":"es","potentialAction":[{"@type":"ReadAction","target":["https:\/\/mountainguides.pro\/ar\/tours\/trekking\/trekking-to-annapurna-bc\/"]}]},{"@type":"ImageObject","inLanguage":"es","@id":"https:\/\/mountainguides.pro\/ar\/tours\/trekking\/trekking-to-annapurna-bc\/#primaryimage","url":"https:\/\/mountainguides.pro\/wp-content\/uploads\/2023\/07\/trekking-k-bazovomu-lageryu-annapurny-31.jpeg","contentUrl":"https:\/\/mountainguides.pro\/wp-content\/uploads\/2023\/07\/trekking-k-bazovomu-lageryu-annapurny-31.jpeg","width":1800,"height":1350},{"@type":"BreadcrumbList","@id":"https:\/\/mountainguides.pro\/ar\/tours\/trekking\/trekking-to-annapurna-bc\/#breadcrumb","itemListElement":[{"@type":"ListItem","position":1,"name":"Home","item":"https:\/\/mountainguides.pro\/de\/"},{"@type":"ListItem","position":2,"name":"\u0623\u0646\u0627\u0628\u0648\u0631\u0646\u0627 \u0642\u0627\u0639\u062f\u0629 \u0645\u062e\u064a\u0645 \u0627\u0644\u0631\u062d\u0644\u0627\u062a"}]},{"@type":"WebSite","@id":"https:\/\/mountainguides.pro\/#website","url":"https:\/\/mountainguides.pro\/","name":"Mountain Guide","description":"We aspire to be the first in everything!","publisher":{"@id":"https:\/\/mountainguides.pro\/#organization"},"potentialAction":[{"@type":"SearchAction","target":{"@type":"EntryPoint","urlTemplate":"https:\/\/mountainguides.pro\/?s={search_term_string}"},"query-input":{"@type":"PropertyValueSpecification","valueRequired":true,"valueName":"search_term_string"}}],"inLanguage":"es"},{"@type":"Organization","@id":"https:\/\/mountainguides.pro\/#organization","name":"Mountain Guide","url":"https:\/\/mountainguides.pro\/","logo":{"@type":"ImageObject","inLanguage":"es","@id":"https:\/\/mountainguides.pro\/#\/schema\/logo\/image\/","url":"https:\/\/mountainguides.pro\/wp-content\/uploads\/2018\/01\/mglogo.jpg","contentUrl":"https:\/\/mountainguides.pro\/wp-content\/uploads\/2018\/01\/mglogo.jpg","width":1200,"height":630,"caption":"Mountain Guide"},"image":{"@id":"https:\/\/mountainguides.pro\/#\/schema\/logo\/image\/"},"sameAs":["https:\/\/www.facebook.com\/Mountainguide-232956566756831\/","https:\/\/x.com\/Wintercyclone","http:\/\/instagram.com\/mountainguide","http:\/\/www.youtube.com\/mountainguide"]}]}},"_links":{"self":[{"href":"https:\/\/mountainguides.pro\/es\/wp-json\/wp\/v2\/product\/19399","targetHints":{"allow":["GET"]}}],"collection":[{"href":"https:\/\/mountainguides.pro\/es\/wp-json\/wp\/v2\/product"}],"about":[{"href":"https:\/\/mountainguides.pro\/es\/wp-json\/wp\/v2\/types\/product"}],"replies":[{"embeddable":true,"href":"https:\/\/mountainguides.pro\/es\/wp-json\/wp\/v2\/comments?post=19399"}],"version-history":[{"count":13,"href":"https:\/\/mountainguides.pro\/es\/wp-json\/wp\/v2\/product\/19399\/revisions"}],"predecessor-version":[{"id":32707,"href":"https:\/\/mountainguides.pro\/es\/wp-json\/wp\/v2\/product\/19399\/revisions\/32707"}],"wp:featuredmedia":[{"embeddable":true,"href":"https:\/\/mountainguides.pro\/es\/wp-json\/wp\/v2\/media\/21448"}],"wp:attachment":[{"href":"https:\/\/mountainguides.pro\/es\/wp-json\/wp\/v2\/media?parent=19399"}],"wp:term":[{"taxonomy":"product_cat","embeddable":true,"href":"https:\/\/mountainguides.pro\/es\/wp-json\/wp\/v2\/product_cat?post=19399"},{"taxonomy":"product_tag","embeddable":true,"href":"https:\/\/mountainguides.pro\/es\/wp-json\/wp\/v2\/product_tag?post=19399"}],"curies":[{"name":"wp","href":"https:\/\/api.w.org\/{rel}","templated":true}]}}