{"id":19533,"date":"2023-07-29T03:36:09","date_gmt":"2023-07-29T00:36:09","guid":{"rendered":"https:\/\/mountainguides.pro\/?post_type=product&#038;p=19533"},"modified":"2026-04-06T15:48:33","modified_gmt":"2026-04-06T12:48:33","slug":"climb-kluchevskaya-sopka-kamchatka","status":"publish","type":"product","link":"https:\/\/mountainguides.pro\/es\/tours\/climbing\/climb-kluchevskaya-sopka-kamchatka\/","title":{"rendered":"Ascenso a la Colina klyuchevskaya"},"content":{"rendered":"","protected":false},"excerpt":{"rendered":"<p class=\"p1\">La ascensi\u00f3n al volc\u00e1n Kliuchevskaya Sopka, de 4754 m de altura, es un viaje inolvidable que combina aventura, naturaleza y la atm\u00f3sfera \u00fanica de Kamchatka. Nuestro programa est\u00e1 dise\u00f1ado para que puedan disfrutar plenamente de la ascensi\u00f3n y experimentar todos los encantos de uno de los volcanes m\u00e1s sorprendentes del mundo.<\/p>\n<p class=\"p1\">La ruta de ascenso a Kliuchevskaya Sopka est\u00e1 trazada de manera que se asegure una aclimataci\u00f3n gradual, se minimicen los riesgos y se brinde la oportunidad de disfrutar de la majestuosidad de la pen\u00ednsula de Kamchatka. En el marco del programa, los participantes podr\u00e1n familiarizarse con la asombrosa naturaleza de la regi\u00f3n, desde valles pintorescos y fuentes termales hasta impresionantes vistas de los volcanes de Kamchatka.<\/p>\n<p class=\"p1\"><strong>Informaci\u00f3n importante:<\/strong><\/p>\n<p class=\"p1\">. El horario de check-in y check-out est\u00e1 regulado por el hotel: check-in a partir de las 15:00, check-out antes de las 11-12 horas. El equipaje se puede dejar en la recepci\u00f3n del hotel y pasear por los alrededores, o, si existe la posibilidad t\u00e9cnica, pagar un suplemento por entrada temprana\/salida tard\u00eda.<\/p>\n<p class=\"p1\">. Para ciudadanos extranjeros, si es necesario, realizamos invitaciones oficiales para participar en nuestros tours.<\/p>\n","protected":false},"featured_media":21434,"comment_status":"closed","ping_status":"closed","template":"","meta":{"_acf_changed":false,"footnotes":""},"product_cat":[320],"product_tag":[],"class_list":{"0":"post-19533","1":"product","2":"type-product","3":"status-publish","4":"has-post-thumbnail","6":"product_cat-climbing","8":"first","9":"instock","10":"shipping-taxable","11":"purchasable","12":"product-type-simple"},"acf":[],"yoast_head":"<!-- This site is optimized with the Yoast SEO Premium plugin v26.5 (Yoast SEO v27.3) - https:\/\/yoast.com\/product\/yoast-seo-premium-wordpress\/ -->\n<title>Climb Kluchevskaya Sopka Kamchatka<\/title>\n<meta name=\"robots\" content=\"index, follow, max-snippet:-1, max-image-preview:large, max-video-preview:-1\" \/>\n<link rel=\"canonical\" href=\"https:\/\/mountainguides.pro\/es\/tours\/climbing\/climb-kluchevskaya-sopka-kamchatka\/\" \/>\n<meta property=\"og:locale\" content=\"es_ES\" \/>\n<meta property=\"og:locale:alternate\" content=\"en_US\" \/>\n<meta property=\"og:locale:alternate\" content=\"ru_RU\" \/>\n<meta property=\"og:locale:alternate\" content=\"de\" \/>\n<meta property=\"og:locale:alternate\" content=\"pt\" \/>\n<meta property=\"og:locale:alternate\" content=\"zh\" \/>\n<meta property=\"og:locale:alternate\" content=\"ko\" \/>\n<meta property=\"og:locale:alternate\" content=\"ja\" \/>\n<meta property=\"og:locale:alternate\" content=\"hi\" \/>\n<meta property=\"og:locale:alternate\" content=\"ar\" \/>\n<meta property=\"og:type\" content=\"article\" \/>\n<meta property=\"og:title\" content=\"Ascenso a la Colina klyuchevskaya\" \/>\n<meta property=\"og:description\" content=\"La ascensi\u00f3n al volc\u00e1n Kliuchevskaya Sopka, de 4754 m de altura, es un viaje inolvidable que combina aventura, naturaleza y la atm\u00f3sfera \u00fanica de Kamchatka. Nuestro programa est\u00e1 dise\u00f1ado para que puedan disfrutar plenamente de la ascensi\u00f3n y experimentar todos los encantos de uno de los volcanes m\u00e1s sorprendentes del mundo. La ruta de ascenso a Kliuchevskaya Sopka est\u00e1 trazada de manera que se asegure una aclimataci\u00f3n gradual, se minimicen los riesgos y se brinde la oportunidad de disfrutar de la majestuosidad de la pen\u00ednsula de Kamchatka. En el marco del programa, los participantes podr\u00e1n familiarizarse con la asombrosa naturaleza de la regi\u00f3n, desde valles pintorescos y fuentes termales hasta impresionantes vistas de los volcanes de Kamchatka. Informaci\u00f3n importante: . El horario de check-in y check-out est\u00e1 regulado por el hotel: check-in a partir de las 15:00, check-out antes de las 11-12 horas. El equipaje se puede dejar en la recepci\u00f3n del hotel y pasear por los alrededores, o, si existe la posibilidad t\u00e9cnica, pagar un suplemento por entrada temprana\/salida tard\u00eda. . Para ciudadanos extranjeros, si es necesario, realizamos invitaciones oficiales para participar en nuestros tours.\" \/>\n<meta property=\"og:url\" content=\"https:\/\/mountainguides.pro\/es\/tours\/climbing\/climb-kluchevskaya-sopka-kamchatka\/\" \/>\n<meta property=\"og:site_name\" content=\"Mountain Guide\" \/>\n<meta property=\"article:publisher\" content=\"https:\/\/www.facebook.com\/Mountainguide-232956566756831\/\" \/>\n<meta property=\"article:modified_time\" content=\"2026-04-06T12:48:33+00:00\" \/>\n<meta property=\"og:image\" content=\"https:\/\/mountainguides.pro\/wp-content\/uploads\/2023\/07\/klyuchevskaya-sopka-2.jpeg\" \/>\n\t<meta property=\"og:image:width\" content=\"1800\" \/>\n\t<meta property=\"og:image:height\" content=\"1350\" \/>\n\t<meta property=\"og:image:type\" content=\"image\/jpeg\" \/>\n<meta name=\"twitter:card\" content=\"summary_large_image\" \/>\n<meta name=\"twitter:site\" content=\"@Wintercyclone\" \/>\n<meta name=\"twitter:label1\" content=\"Tiempo de lectura\" \/>\n\t<meta name=\"twitter:data1\" content=\"1 minuto\" \/>\n<script type=\"application\/ld+json\" class=\"yoast-schema-graph\">{\"@context\":\"https:\\\/\\\/schema.org\",\"@graph\":[{\"@type\":\"WebPage\",\"@id\":\"https:\\\/\\\/mountainguides.pro\\\/tours\\\/climbing\\\/climb-kluchevskaya-sopka-kamchatka\\\/\",\"url\":\"https:\\\/\\\/mountainguides.pro\\\/tours\\\/climbing\\\/climb-kluchevskaya-sopka-kamchatka\\\/\",\"name\":\"Climb Kluchevskaya Sopka Kamchatka\",\"isPartOf\":{\"@id\":\"https:\\\/\\\/mountainguides.pro\\\/#website\"},\"primaryImageOfPage\":{\"@id\":\"https:\\\/\\\/mountainguides.pro\\\/tours\\\/climbing\\\/climb-kluchevskaya-sopka-kamchatka\\\/#primaryimage\"},\"image\":{\"@id\":\"https:\\\/\\\/mountainguides.pro\\\/tours\\\/climbing\\\/climb-kluchevskaya-sopka-kamchatka\\\/#primaryimage\"},\"thumbnailUrl\":\"https:\\\/\\\/mountainguides.pro\\\/wp-content\\\/uploads\\\/2023\\\/07\\\/klyuchevskaya-sopka-2.jpeg\",\"datePublished\":\"2023-07-29T00:36:09+00:00\",\"dateModified\":\"2026-04-06T12:48:33+00:00\",\"breadcrumb\":{\"@id\":\"https:\\\/\\\/mountainguides.pro\\\/tours\\\/climbing\\\/climb-kluchevskaya-sopka-kamchatka\\\/#breadcrumb\"},\"inLanguage\":\"es\",\"potentialAction\":[{\"@type\":\"ReadAction\",\"target\":[\"https:\\\/\\\/mountainguides.pro\\\/tours\\\/climbing\\\/climb-kluchevskaya-sopka-kamchatka\\\/\"]}]},{\"@type\":\"ImageObject\",\"inLanguage\":\"es\",\"@id\":\"https:\\\/\\\/mountainguides.pro\\\/tours\\\/climbing\\\/climb-kluchevskaya-sopka-kamchatka\\\/#primaryimage\",\"url\":\"https:\\\/\\\/mountainguides.pro\\\/wp-content\\\/uploads\\\/2023\\\/07\\\/klyuchevskaya-sopka-2.jpeg\",\"contentUrl\":\"https:\\\/\\\/mountainguides.pro\\\/wp-content\\\/uploads\\\/2023\\\/07\\\/klyuchevskaya-sopka-2.jpeg\",\"width\":1800,\"height\":1350},{\"@type\":\"BreadcrumbList\",\"@id\":\"https:\\\/\\\/mountainguides.pro\\\/tours\\\/climbing\\\/climb-kluchevskaya-sopka-kamchatka\\\/#breadcrumb\",\"itemListElement\":[{\"@type\":\"ListItem\",\"position\":1,\"name\":\"Home\",\"item\":\"https:\\\/\\\/mountainguides.pro\\\/de\\\/\"},{\"@type\":\"ListItem\",\"position\":2,\"name\":\"Climb Kluchevskaya Sopka, Kamchatka\"}]},{\"@type\":\"WebSite\",\"@id\":\"https:\\\/\\\/mountainguides.pro\\\/#website\",\"url\":\"https:\\\/\\\/mountainguides.pro\\\/\",\"name\":\"Mountain Guide\",\"description\":\"We aspire to be the first in everything!\",\"publisher\":{\"@id\":\"https:\\\/\\\/mountainguides.pro\\\/#organization\"},\"potentialAction\":[{\"@type\":\"SearchAction\",\"target\":{\"@type\":\"EntryPoint\",\"urlTemplate\":\"https:\\\/\\\/mountainguides.pro\\\/?s={search_term_string}\"},\"query-input\":{\"@type\":\"PropertyValueSpecification\",\"valueRequired\":true,\"valueName\":\"search_term_string\"}}],\"inLanguage\":\"es\"},{\"@type\":\"Organization\",\"@id\":\"https:\\\/\\\/mountainguides.pro\\\/#organization\",\"name\":\"Mountain Guide\",\"url\":\"https:\\\/\\\/mountainguides.pro\\\/\",\"logo\":{\"@type\":\"ImageObject\",\"inLanguage\":\"es\",\"@id\":\"https:\\\/\\\/mountainguides.pro\\\/#\\\/schema\\\/logo\\\/image\\\/\",\"url\":\"https:\\\/\\\/mountainguides.pro\\\/wp-content\\\/uploads\\\/2018\\\/01\\\/mglogo.jpg\",\"contentUrl\":\"https:\\\/\\\/mountainguides.pro\\\/wp-content\\\/uploads\\\/2018\\\/01\\\/mglogo.jpg\",\"width\":1200,\"height\":630,\"caption\":\"Mountain Guide\"},\"image\":{\"@id\":\"https:\\\/\\\/mountainguides.pro\\\/#\\\/schema\\\/logo\\\/image\\\/\"},\"sameAs\":[\"https:\\\/\\\/www.facebook.com\\\/Mountainguide-232956566756831\\\/\",\"https:\\\/\\\/x.com\\\/Wintercyclone\",\"http:\\\/\\\/instagram.com\\\/mountainguide\",\"http:\\\/\\\/www.youtube.com\\\/mountainguide\"]}]}<\/script>\n<!-- \/ Yoast SEO Premium plugin. -->","yoast_head_json":{"title":"Climb Kluchevskaya Sopka Kamchatka","robots":{"index":"index","follow":"follow","max-snippet":"max-snippet:-1","max-image-preview":"max-image-preview:large","max-video-preview":"max-video-preview:-1"},"canonical":"https:\/\/mountainguides.pro\/es\/tours\/climbing\/climb-kluchevskaya-sopka-kamchatka\/","og_locale":"es_ES","og_type":"article","og_title":"[:en]Climb Kluchevskaya Sopka, Kamchatka[:de]Aufstieg zum Klyuchevskaya H\u00fcgel[:es]Ascenso a la Colina klyuchevskaya[:pt]Subir a colina Klyuchevskaya[:zh]\u6500\u767b\u514b\u67f3\u5207\u592b\u706b\u5c71[:ko]\ud074\ub77c\uc774\ube0c\uccb4\ud504\uc2a4\uce74\uc57c \uc18c\ud504\uce74 \ub4f1\ubc18[:ja]\u30af\u30e9\u30a4\u30c1\u30a7\u30d5\u30b9\u30ab\u30e4\u30bd\u30d7\u30ab\u3092\u767b\u308b[:hi]\u0915\u094d\u0932\u093e\u0908\u091a\u0947\u0935\u0938\u094d\u0915\u093e\u092f\u093e \u0938\u094b\u092a\u0915\u093e \u092a\u0930 \u091a\u0922\u093c\u0928\u093e[:ar]\u062a\u0633\u0644\u0642 \u0643\u0644\u064a\u0648\u062a\u0634\u064a\u0641\u0633\u0643\u0627\u064a\u0627 \u0633\u0648\u0628\u0643\u0627[:]","og_description":"La ascensi\u00f3n al volc\u00e1n Kliuchevskaya Sopka, de 4754 m de altura, es un viaje inolvidable que combina aventura, naturaleza y la atm\u00f3sfera \u00fanica de Kamchatka. Nuestro programa est\u00e1 dise\u00f1ado para que puedan disfrutar plenamente de la ascensi\u00f3n y experimentar todos los encantos de uno de los volcanes m\u00e1s sorprendentes del mundo. La ruta de ascenso a Kliuchevskaya Sopka est\u00e1 trazada de manera que se asegure una aclimataci\u00f3n gradual, se minimicen los riesgos y se brinde la oportunidad de disfrutar de la majestuosidad de la pen\u00ednsula de Kamchatka. En el marco del programa, los participantes podr\u00e1n familiarizarse con la asombrosa naturaleza de la regi\u00f3n, desde valles pintorescos y fuentes termales hasta impresionantes vistas de los volcanes de Kamchatka. Informaci\u00f3n importante: . El horario de check-in y check-out est\u00e1 regulado por el hotel: check-in a partir de las 15:00, check-out antes de las 11-12 horas. El equipaje se puede dejar en la recepci\u00f3n del hotel y pasear por los alrededores, o, si existe la posibilidad t\u00e9cnica, pagar un suplemento por entrada temprana\/salida tard\u00eda. . Para ciudadanos extranjeros, si es necesario, realizamos invitaciones oficiales para participar en nuestros tours.","og_url":"https:\/\/mountainguides.pro\/es\/tours\/climbing\/climb-kluchevskaya-sopka-kamchatka\/","og_site_name":"Mountain Guide","article_publisher":"https:\/\/www.facebook.com\/Mountainguide-232956566756831\/","article_modified_time":"2026-04-06T12:48:33+00:00","og_image":[{"width":1800,"height":1350,"url":"https:\/\/mountainguides.pro\/wp-content\/uploads\/2023\/07\/klyuchevskaya-sopka-2.jpeg","type":"image\/jpeg"}],"twitter_card":"summary_large_image","twitter_site":"@Wintercyclone","twitter_misc":{"Tiempo de lectura":"1 minuto"},"schema":{"@context":"https:\/\/schema.org","@graph":[{"@type":"WebPage","@id":"https:\/\/mountainguides.pro\/tours\/climbing\/climb-kluchevskaya-sopka-kamchatka\/","url":"https:\/\/mountainguides.pro\/tours\/climbing\/climb-kluchevskaya-sopka-kamchatka\/","name":"Climb Kluchevskaya Sopka Kamchatka","isPartOf":{"@id":"https:\/\/mountainguides.pro\/#website"},"primaryImageOfPage":{"@id":"https:\/\/mountainguides.pro\/tours\/climbing\/climb-kluchevskaya-sopka-kamchatka\/#primaryimage"},"image":{"@id":"https:\/\/mountainguides.pro\/tours\/climbing\/climb-kluchevskaya-sopka-kamchatka\/#primaryimage"},"thumbnailUrl":"https:\/\/mountainguides.pro\/wp-content\/uploads\/2023\/07\/klyuchevskaya-sopka-2.jpeg","datePublished":"2023-07-29T00:36:09+00:00","dateModified":"2026-04-06T12:48:33+00:00","breadcrumb":{"@id":"https:\/\/mountainguides.pro\/tours\/climbing\/climb-kluchevskaya-sopka-kamchatka\/#breadcrumb"},"inLanguage":"es","potentialAction":[{"@type":"ReadAction","target":["https:\/\/mountainguides.pro\/tours\/climbing\/climb-kluchevskaya-sopka-kamchatka\/"]}]},{"@type":"ImageObject","inLanguage":"es","@id":"https:\/\/mountainguides.pro\/tours\/climbing\/climb-kluchevskaya-sopka-kamchatka\/#primaryimage","url":"https:\/\/mountainguides.pro\/wp-content\/uploads\/2023\/07\/klyuchevskaya-sopka-2.jpeg","contentUrl":"https:\/\/mountainguides.pro\/wp-content\/uploads\/2023\/07\/klyuchevskaya-sopka-2.jpeg","width":1800,"height":1350},{"@type":"BreadcrumbList","@id":"https:\/\/mountainguides.pro\/tours\/climbing\/climb-kluchevskaya-sopka-kamchatka\/#breadcrumb","itemListElement":[{"@type":"ListItem","position":1,"name":"Home","item":"https:\/\/mountainguides.pro\/de\/"},{"@type":"ListItem","position":2,"name":"Climb Kluchevskaya Sopka, Kamchatka"}]},{"@type":"WebSite","@id":"https:\/\/mountainguides.pro\/#website","url":"https:\/\/mountainguides.pro\/","name":"Mountain Guide","description":"We aspire to be the first in everything!","publisher":{"@id":"https:\/\/mountainguides.pro\/#organization"},"potentialAction":[{"@type":"SearchAction","target":{"@type":"EntryPoint","urlTemplate":"https:\/\/mountainguides.pro\/?s={search_term_string}"},"query-input":{"@type":"PropertyValueSpecification","valueRequired":true,"valueName":"search_term_string"}}],"inLanguage":"es"},{"@type":"Organization","@id":"https:\/\/mountainguides.pro\/#organization","name":"Mountain Guide","url":"https:\/\/mountainguides.pro\/","logo":{"@type":"ImageObject","inLanguage":"es","@id":"https:\/\/mountainguides.pro\/#\/schema\/logo\/image\/","url":"https:\/\/mountainguides.pro\/wp-content\/uploads\/2018\/01\/mglogo.jpg","contentUrl":"https:\/\/mountainguides.pro\/wp-content\/uploads\/2018\/01\/mglogo.jpg","width":1200,"height":630,"caption":"Mountain Guide"},"image":{"@id":"https:\/\/mountainguides.pro\/#\/schema\/logo\/image\/"},"sameAs":["https:\/\/www.facebook.com\/Mountainguide-232956566756831\/","https:\/\/x.com\/Wintercyclone","http:\/\/instagram.com\/mountainguide","http:\/\/www.youtube.com\/mountainguide"]}]}},"_links":{"self":[{"href":"https:\/\/mountainguides.pro\/es\/wp-json\/wp\/v2\/product\/19533","targetHints":{"allow":["GET"]}}],"collection":[{"href":"https:\/\/mountainguides.pro\/es\/wp-json\/wp\/v2\/product"}],"about":[{"href":"https:\/\/mountainguides.pro\/es\/wp-json\/wp\/v2\/types\/product"}],"replies":[{"embeddable":true,"href":"https:\/\/mountainguides.pro\/es\/wp-json\/wp\/v2\/comments?post=19533"}],"version-history":[{"count":15,"href":"https:\/\/mountainguides.pro\/es\/wp-json\/wp\/v2\/product\/19533\/revisions"}],"predecessor-version":[{"id":33323,"href":"https:\/\/mountainguides.pro\/es\/wp-json\/wp\/v2\/product\/19533\/revisions\/33323"}],"wp:featuredmedia":[{"embeddable":true,"href":"https:\/\/mountainguides.pro\/es\/wp-json\/wp\/v2\/media\/21434"}],"wp:attachment":[{"href":"https:\/\/mountainguides.pro\/es\/wp-json\/wp\/v2\/media?parent=19533"}],"wp:term":[{"taxonomy":"product_cat","embeddable":true,"href":"https:\/\/mountainguides.pro\/es\/wp-json\/wp\/v2\/product_cat?post=19533"},{"taxonomy":"product_tag","embeddable":true,"href":"https:\/\/mountainguides.pro\/es\/wp-json\/wp\/v2\/product_tag?post=19533"}],"curies":[{"name":"wp","href":"https:\/\/api.w.org\/{rel}","templated":true}]}}